{"id":28728,"date":"2025-10-01T20:14:40","date_gmt":"2025-10-01T20:14:40","guid":{"rendered":"https:\/\/lovme.pt\/?post_type=product&#038;p=28728"},"modified":"2026-02-19T20:23:29","modified_gmt":"2026-02-19T20:23:29","slug":"rithual-shushu-2-o-orquidea-clitoriana-nova-gerao","status":"publish","type":"product","link":"https:\/\/lovme.pt\/index.php\/produto\/rithual-shushu-2-o-orquidea-clitoriana-nova-gerao\/","title":{"rendered":"RITHUAL &#8211; SHUSHU 2.O NEW GENERATION CLITORAL AZABACHE"},"content":{"rendered":"<div>\n<p>Aproveite o novo estimulador de suc\u00e7\u00e3o clitoriana Rithual\u2122: Shushu\u2122. Voc\u00ea pode atingir sua pot\u00eancia m\u00e1xima com um \u00fanico clique. Modelo confeccionado em silicone extra macio com design ergon\u00f4mico para f\u00e1cil uso.<\/p>\n<p> O lan\u00e7amento do Rithual\u2122 Shushu\u2122 \u00e9 uma inova\u00e7\u00e3o totalmente nova para as mulheres. Tecnologia espetacular que combina v\u00e1cuo e pulsa\u00e7\u00f5es energ\u00e9ticas que estimulam o clit\u00f3ris sem toc\u00e1-lo e atingem orgasmos inesperadamente. O estimulador clitoriano compacto e elegante \u00e9 muito f\u00e1cil de usar.<\/p>\n<p> Por que Rithual\u2122 Shushu\u2122? Damos-lhe 10 motivos exclusivos que o far\u00e3o procurar o Ritual Shushu.<\/p>\n<ul>\n<li> Poder incr\u00edvel<\/li>\n<li> Vibra\u00e7\u00e3o e suc\u00e7\u00e3o em um \u00fanico brinquedo<\/li>\n<li> Tamanho compacto \u00fanico no mercado, Perfeito para levar para qualquer lugar, seu tamanho compacto permite lev\u00e1-lo na bolsa para o escrit\u00f3rio ou em viagem.<\/li>\n<li> Silicone que cuida da sua pele<\/li>\n<li> Ergon\u00f4mico, perfeito para a mulher segurar na m\u00e3o enquanto chupa<\/li>\n<li> Orgasmo r\u00e1pido e garantido<\/li>\n<li> Testado em 20 profissionais do setor Er\u00f3tico que garantem 100% de efic\u00e1cia<\/li>\n<li> Cabe\u00e7a de silicone que estimula todos os seus sentidos<\/li>\n<li> Cor exclusiva que combina relaxamento e luxo<\/li>\n<li> Pre\u00e7o \u00fanico no mercado.<\/li>\n<\/ul>\n<p> Aproveite o show da vida!! , brinquedos sexuais e lux\u00faria, aten\u00e7\u00e3o!: ondas de press\u00e3o e vibra\u00e7\u00e3o no mesmo brinquedo sexual? Bem, sim! O novo Rithual\u2122 Shushu\u2122 com vibra\u00e7\u00e3o tornar\u00e1 realidade os seus sonhos mais h\u00famidos.<\/p>\n<p> A combina\u00e7\u00e3o perfeita de vibra\u00e7\u00e3o m\u00e1gica com suc\u00e7\u00e3o atrav\u00e9s de impulsos intensos que causar\u00e3o ondas emocionantes na borda da cabe\u00e7a. A ponta flex\u00edvel de silicone m\u00e9dico envolve seu bot\u00e3o de amor, acariciando seu interior sem contato atrav\u00e9s de 3 padr\u00f5es com 4 n\u00edveis de ondas de press\u00e3o de intensidade, enquanto a parte superior vibra ao redor dele com 3 padr\u00f5es e 4 n\u00edveis de intensidade com programas em um bot\u00e3o f\u00e1cil de usar. Pura lux\u00faria de prazer se transformou em orgasmos e gritos.<\/p>\n<p> Para alternar entre os modos de estimula\u00e7\u00e3o de ondas e vibra\u00e7\u00e3o, basta pressionar duas vezes rapidamente. Escolha o prazer do jeito que voc\u00ea preferir!<\/p>\n<p> O conhecimento guardado pelas antigas dinastias que praticavam a energia intang\u00edvel foi revelado. A vanguarda e a alta tecnologia unem-se ao m\u00edstico para criar o amplificador das frequ\u00eancias do prazer definitivo. Deixe a energia percorrer toda a sua coluna desde o clit\u00f3ris e alcance o nirvana com todos os seus sentidos.<\/p>\n<p> Segundo os fundamentos da kundalini, energia \u00e9 algo que deve fluir livremente e sem impedimentos pelo nosso corpo. Bloqueios energ\u00e9ticos s\u00e3o comuns em nossa vida di\u00e1ria. A n\u00edvel sexual, para as mulheres, isto traduz-se em dificuldades em atingir o orgasmo.<\/p>\n<p> \u00c9 por isso que criamos o Rithual\u2122 Shushu\u2122, o melhor amplificador de frequ\u00eancia de prazer. A estimula\u00e7\u00e3o a v\u00e1cuo sem contato foi especialmente projetada para liberar o chakra da emo\u00e7\u00e3o e da sexualidade. Com isso voc\u00ea alcan\u00e7ar\u00e1 orgasmos muito mais intensos e vibrantes, liberando todo o potencial do seu canal energ\u00e9tico.<\/p>\n<p> O logotipo \u00e9 inspirado no segundo chakra. Est\u00e1 localizado na regi\u00e3o genital e \u00e9 respons\u00e1vel, entre outras coisas, pelo prazer. \u00c9 representada pela cor laranja e com formato de flor de 6 pontas.<\/p>\n<p> Rithual\u2122 Shushu\u2122 est\u00e1 equipado com baterias integradas, para que possa ser recarregado sem prejudicar o meio ambiente.<\/p>\n<p> Se necess\u00e1rio, um plugue de 5 V pode ser adicionado ao carregador USB magn\u00e9tico inclu\u00eddo, mas voc\u00ea pode carregar seu Rithual\u2122 Shushu\u2122 em qualquer computador ou laptop.<\/p>\n<p> LIMPEZA<\/p>\n<p> Limpe bem o brinquedo antes e depois de cada uso com \u00e1gua morna e sab\u00e3o neutro.<\/p>\n<p> ARMAZENAR<\/p>\n<p> Guarde o seu brinquedo Rithual\u2122 num local sem p\u00f3 e mantenha-o afastado de brinquedos feitos de outros materiais. Evite deix\u00e1-lo exposto \u00e0 luz solar direta e NUNCA exponha-o a calor extremo.<\/p>\n<p> DICAS DE USO<\/p>\n<p> Rithual\u2122 recomenda o uso de lubrificantes \u00e0 base de \u00e1gua, como Waterfeel\u2122, Aqua\u2122, Bioaqua\u2122, Aquatravel\u2122 ou Coquette\u2122 para inser\u00e7\u00e3o f\u00e1cil e suave de todos os produtos de silicone. N\u00e3o utilize lubrificantes, \u00f3leos ou cremes de silicone com qualquer produto de silicone, pois podem degradar o material do produto e limitar o seu desempenho e vida \u00fatil.<\/p>\n<p> 3 ANOS DE GARANTIA<\/p>\n<p> Esta garantia se aplica a todos os produtos Rithual\u2122 adquiridos, a partir da data da compra original de tal produto. Esta garantia n\u00e3o cobre danos causados por uso indevido ou diferente do pretendido e descrito no manual de instru\u00e7\u00f5es do produto, desgaste normal, altera\u00e7\u00e3o, uso n\u00e3o razo\u00e1vel, servi\u00e7o por ag\u00eancias de servi\u00e7o n\u00e3o autorizadas ou perda ou dano a baterias ou baterias. remov\u00edvel.<\/p>\n<\/div>\n<div style=\"text-align: center;\"><\/div>\n","protected":false},"excerpt":{"rendered":"<p>RITHUAL &#8211; SHUSHU 2.O ORQU\u00cdDEA CLITORIANA NOVA GERAO<\/p>\n","protected":false},"featured_media":103236,"template":"","meta":{"_acf_changed":false},"product_brand":[],"product_cat":[17,61,64,76],"product_tag":[],"class_list":{"0":"post-28728","1":"product","2":"type-product","3":"status-publish","4":"has-post-thumbnail","6":"product_cat-brinquedos-de-bem-estar-sexual","7":"product_cat-para-elas","8":"product_cat-sugadores","9":"product_cat-vibradores","10":"yith_product_brand-rithual","12":"first","13":"instock","14":"taxable","15":"shipping-taxable","16":"purchasable","17":"product-type-variable","18":"has-default-attributes"},"acf":[],"yoast_head":"<!-- This site is optimized with the Yoast SEO plugin v27.4 - https:\/\/yoast.com\/product\/yoast-seo-wordpress\/ -->\n<title>RITHUAL - SHUSHU 2.O NEW GENERATION CLITORAL AZABACHE - Lovme<\/title>\n<meta name=\"robots\" content=\"index, follow, max-snippet:-1, max-image-preview:large, max-video-preview:-1\" \/>\n<link rel=\"canonical\" href=\"https:\/\/lovme.pt\/index.php\/produto\/rithual-shushu-2-o-orquidea-clitoriana-nova-gerao\/\" \/>\n<meta property=\"og:locale\" content=\"pt_PT\" \/>\n<meta property=\"og:type\" content=\"article\" \/>\n<meta property=\"og:title\" content=\"RITHUAL - SHUSHU 2.O NEW GENERATION CLITORAL AZABACHE - Lovme\" \/>\n<meta property=\"og:description\" content=\"RITHUAL - SHUSHU 2.O ORQU\u00cdDEA CLITORIANA NOVA GERAO\" \/>\n<meta property=\"og:url\" content=\"https:\/\/lovme.pt\/index.php\/produto\/rithual-shushu-2-o-orquidea-clitoriana-nova-gerao\/\" \/>\n<meta property=\"og:site_name\" content=\"Lovme\" \/>\n<meta property=\"article:modified_time\" content=\"2026-02-19T20:23:29+00:00\" \/>\n<meta property=\"og:image\" content=\"https:\/\/erki24nd3ub.exactdn.com\/wp-content\/uploads\/dream\/img\/img_144687_95f16e73f820fb1c7c69006930291a56_1.png?strip=all\" \/>\n\t<meta property=\"og:image:width\" content=\"800\" \/>\n\t<meta property=\"og:image:height\" content=\"800\" \/>\n\t<meta property=\"og:image:type\" content=\"image\/png\" \/>\n<meta name=\"twitter:card\" content=\"summary_large_image\" \/>\n<meta name=\"twitter:label1\" content=\"Tempo estimado de leitura\" \/>\n\t<meta name=\"twitter:data1\" content=\"4 minutos\" \/>\n<script type=\"application\/ld+json\" class=\"yoast-schema-graph\">{\"@context\":\"https:\\\/\\\/schema.org\",\"@graph\":[{\"@type\":\"WebPage\",\"@id\":\"https:\\\/\\\/lovme.pt\\\/index.php\\\/produto\\\/rithual-shushu-2-o-orquidea-clitoriana-nova-gerao\\\/\",\"url\":\"https:\\\/\\\/lovme.pt\\\/index.php\\\/produto\\\/rithual-shushu-2-o-orquidea-clitoriana-nova-gerao\\\/\",\"name\":\"RITHUAL - SHUSHU 2.O NEW GENERATION CLITORAL AZABACHE - Lovme\",\"isPartOf\":{\"@id\":\"https:\\\/\\\/lovme.pt\\\/#website\"},\"primaryImageOfPage\":{\"@id\":\"https:\\\/\\\/lovme.pt\\\/index.php\\\/produto\\\/rithual-shushu-2-o-orquidea-clitoriana-nova-gerao\\\/#primaryimage\"},\"image\":{\"@id\":\"https:\\\/\\\/lovme.pt\\\/index.php\\\/produto\\\/rithual-shushu-2-o-orquidea-clitoriana-nova-gerao\\\/#primaryimage\"},\"thumbnailUrl\":\"https:\\\/\\\/erki24nd3ub.exactdn.com\\\/wp-content\\\/uploads\\\/dream\\\/img\\\/img_144687_95f16e73f820fb1c7c69006930291a56_1.png?strip=all\",\"datePublished\":\"2025-10-01T20:14:40+00:00\",\"dateModified\":\"2026-02-19T20:23:29+00:00\",\"breadcrumb\":{\"@id\":\"https:\\\/\\\/lovme.pt\\\/index.php\\\/produto\\\/rithual-shushu-2-o-orquidea-clitoriana-nova-gerao\\\/#breadcrumb\"},\"inLanguage\":\"pt-PT\",\"potentialAction\":[{\"@type\":\"ReadAction\",\"target\":[\"https:\\\/\\\/lovme.pt\\\/index.php\\\/produto\\\/rithual-shushu-2-o-orquidea-clitoriana-nova-gerao\\\/\"]}]},{\"@type\":\"ImageObject\",\"inLanguage\":\"pt-PT\",\"@id\":\"https:\\\/\\\/lovme.pt\\\/index.php\\\/produto\\\/rithual-shushu-2-o-orquidea-clitoriana-nova-gerao\\\/#primaryimage\",\"url\":\"https:\\\/\\\/erki24nd3ub.exactdn.com\\\/wp-content\\\/uploads\\\/dream\\\/img\\\/img_144687_95f16e73f820fb1c7c69006930291a56_1.png?strip=all\",\"contentUrl\":\"https:\\\/\\\/erki24nd3ub.exactdn.com\\\/wp-content\\\/uploads\\\/dream\\\/img\\\/img_144687_95f16e73f820fb1c7c69006930291a56_1.png?strip=all\",\"width\":800,\"height\":800},{\"@type\":\"BreadcrumbList\",\"@id\":\"https:\\\/\\\/lovme.pt\\\/index.php\\\/produto\\\/rithual-shushu-2-o-orquidea-clitoriana-nova-gerao\\\/#breadcrumb\",\"itemListElement\":[{\"@type\":\"ListItem\",\"position\":1,\"name\":\"In\u00edcio\",\"item\":\"https:\\\/\\\/lovme.pt\\\/\"},{\"@type\":\"ListItem\",\"position\":2,\"name\":\"Loja\",\"item\":\"https:\\\/\\\/lovme.pt\\\/index.php\\\/loja\\\/\"},{\"@type\":\"ListItem\",\"position\":3,\"name\":\"RITHUAL &#8211; SHUSHU 2.O NEW GENERATION CLITORAL AZABACHE\"}]},{\"@type\":\"WebSite\",\"@id\":\"https:\\\/\\\/lovme.pt\\\/#website\",\"url\":\"https:\\\/\\\/lovme.pt\\\/\",\"name\":\"Lovme Loja Er\u00f3tica N\u00ba1 em Portugal\",\"description\":\"A melhor loja er\u00f3tica de Portugal.\",\"alternateName\":\"Loja Er\u00f3tica Lovme\",\"potentialAction\":[{\"@type\":\"SearchAction\",\"target\":{\"@type\":\"EntryPoint\",\"urlTemplate\":\"https:\\\/\\\/lovme.pt\\\/?s={search_term_string}\"},\"query-input\":{\"@type\":\"PropertyValueSpecification\",\"valueRequired\":true,\"valueName\":\"search_term_string\"}}],\"inLanguage\":\"pt-PT\"}]}<\/script>\n<!-- \/ Yoast SEO plugin. -->","yoast_head_json":{"title":"RITHUAL - SHUSHU 2.O NEW GENERATION CLITORAL AZABACHE - Lovme","robots":{"index":"index","follow":"follow","max-snippet":"max-snippet:-1","max-image-preview":"max-image-preview:large","max-video-preview":"max-video-preview:-1"},"canonical":"https:\/\/lovme.pt\/index.php\/produto\/rithual-shushu-2-o-orquidea-clitoriana-nova-gerao\/","og_locale":"pt_PT","og_type":"article","og_title":"RITHUAL - SHUSHU 2.O NEW GENERATION CLITORAL AZABACHE - Lovme","og_description":"RITHUAL - SHUSHU 2.O ORQU\u00cdDEA CLITORIANA NOVA GERAO","og_url":"https:\/\/lovme.pt\/index.php\/produto\/rithual-shushu-2-o-orquidea-clitoriana-nova-gerao\/","og_site_name":"Lovme","article_modified_time":"2026-02-19T20:23:29+00:00","og_image":[{"width":800,"height":800,"url":"https:\/\/erki24nd3ub.exactdn.com\/wp-content\/uploads\/dream\/img\/img_144687_95f16e73f820fb1c7c69006930291a56_1.png?strip=all","type":"image\/png"}],"twitter_card":"summary_large_image","twitter_misc":{"Tempo estimado de leitura":"4 minutos"},"schema":{"@context":"https:\/\/schema.org","@graph":[{"@type":"WebPage","@id":"https:\/\/lovme.pt\/index.php\/produto\/rithual-shushu-2-o-orquidea-clitoriana-nova-gerao\/","url":"https:\/\/lovme.pt\/index.php\/produto\/rithual-shushu-2-o-orquidea-clitoriana-nova-gerao\/","name":"RITHUAL - SHUSHU 2.O NEW GENERATION CLITORAL AZABACHE - Lovme","isPartOf":{"@id":"https:\/\/lovme.pt\/#website"},"primaryImageOfPage":{"@id":"https:\/\/lovme.pt\/index.php\/produto\/rithual-shushu-2-o-orquidea-clitoriana-nova-gerao\/#primaryimage"},"image":{"@id":"https:\/\/lovme.pt\/index.php\/produto\/rithual-shushu-2-o-orquidea-clitoriana-nova-gerao\/#primaryimage"},"thumbnailUrl":"https:\/\/erki24nd3ub.exactdn.com\/wp-content\/uploads\/dream\/img\/img_144687_95f16e73f820fb1c7c69006930291a56_1.png?strip=all","datePublished":"2025-10-01T20:14:40+00:00","dateModified":"2026-02-19T20:23:29+00:00","breadcrumb":{"@id":"https:\/\/lovme.pt\/index.php\/produto\/rithual-shushu-2-o-orquidea-clitoriana-nova-gerao\/#breadcrumb"},"inLanguage":"pt-PT","potentialAction":[{"@type":"ReadAction","target":["https:\/\/lovme.pt\/index.php\/produto\/rithual-shushu-2-o-orquidea-clitoriana-nova-gerao\/"]}]},{"@type":"ImageObject","inLanguage":"pt-PT","@id":"https:\/\/lovme.pt\/index.php\/produto\/rithual-shushu-2-o-orquidea-clitoriana-nova-gerao\/#primaryimage","url":"https:\/\/erki24nd3ub.exactdn.com\/wp-content\/uploads\/dream\/img\/img_144687_95f16e73f820fb1c7c69006930291a56_1.png?strip=all","contentUrl":"https:\/\/erki24nd3ub.exactdn.com\/wp-content\/uploads\/dream\/img\/img_144687_95f16e73f820fb1c7c69006930291a56_1.png?strip=all","width":800,"height":800},{"@type":"BreadcrumbList","@id":"https:\/\/lovme.pt\/index.php\/produto\/rithual-shushu-2-o-orquidea-clitoriana-nova-gerao\/#breadcrumb","itemListElement":[{"@type":"ListItem","position":1,"name":"In\u00edcio","item":"https:\/\/lovme.pt\/"},{"@type":"ListItem","position":2,"name":"Loja","item":"https:\/\/lovme.pt\/index.php\/loja\/"},{"@type":"ListItem","position":3,"name":"RITHUAL &#8211; SHUSHU 2.O NEW GENERATION CLITORAL AZABACHE"}]},{"@type":"WebSite","@id":"https:\/\/lovme.pt\/#website","url":"https:\/\/lovme.pt\/","name":"Lovme Loja Er\u00f3tica N\u00ba1 em Portugal","description":"A melhor loja er\u00f3tica de Portugal.","alternateName":"Loja Er\u00f3tica Lovme","potentialAction":[{"@type":"SearchAction","target":{"@type":"EntryPoint","urlTemplate":"https:\/\/lovme.pt\/?s={search_term_string}"},"query-input":{"@type":"PropertyValueSpecification","valueRequired":true,"valueName":"search_term_string"}}],"inLanguage":"pt-PT"}]}},"_links":{"self":[{"href":"https:\/\/lovme.pt\/index.php\/wp-json\/wp\/v2\/product\/28728","targetHints":{"allow":["GET"]}}],"collection":[{"href":"https:\/\/lovme.pt\/index.php\/wp-json\/wp\/v2\/product"}],"about":[{"href":"https:\/\/lovme.pt\/index.php\/wp-json\/wp\/v2\/types\/product"}],"wp:featuredmedia":[{"embeddable":true,"href":"https:\/\/lovme.pt\/index.php\/wp-json\/wp\/v2\/media\/103236"}],"wp:attachment":[{"href":"https:\/\/lovme.pt\/index.php\/wp-json\/wp\/v2\/media?parent=28728"}],"wp:term":[{"taxonomy":"product_brand","embeddable":true,"href":"https:\/\/lovme.pt\/index.php\/wp-json\/wp\/v2\/product_brand?post=28728"},{"taxonomy":"product_cat","embeddable":true,"href":"https:\/\/lovme.pt\/index.php\/wp-json\/wp\/v2\/product_cat?post=28728"},{"taxonomy":"product_tag","embeddable":true,"href":"https:\/\/lovme.pt\/index.php\/wp-json\/wp\/v2\/product_tag?post=28728"}],"curies":[{"name":"wp","href":"https:\/\/api.w.org\/{rel}","templated":true}]}}