{"id":28695,"date":"2025-09-30T09:31:32","date_gmt":"2025-09-30T09:31:32","guid":{"rendered":"https:\/\/lovme.pt\/?post_type=product&#038;p=28695"},"modified":"2026-04-14T16:34:53","modified_gmt":"2026-04-14T16:34:53","slug":"seven-creations-vibrador-de-penis-realistico","status":"publish","type":"product","link":"https:\/\/lovme.pt\/index.php\/produto\/seven-creations-vibrador-de-penis-realistico\/","title":{"rendered":"SEVEN CREATIONS &#8211; VIBRADOR DE P\u00caNIS REAL\u00cdSTICO"},"content":{"rendered":"<p>P\u00eanis vibrat\u00f3rio feito de PVC, realista e com um toque totalmente humano.<\/p>\n<ul>\n<li> Medidas inser\u00edveis: 19 cm x 4,5 cm.<\/li>\n<\/ul>\n<p> Funciona com 2 pilhas R6\/AA que voc\u00ea encontra na se\u00e7\u00e3o Pilhas.<\/p>\n<p> A Sevencreations nasceu em 2002 para satisfazer milh\u00f5es de pessoas no mundo, a marca se consolidou como uma empresa s\u00f3lida fabrica quase 1 milh\u00e3o de brinquedos por dia com um pre\u00e7o adaptado a p\u00fablicos de todos os poderes aquisitivos e pessoas que est\u00e3o come\u00e7ando no mundo dos brinquedos sexuais.<\/p>\n","protected":false},"excerpt":{"rendered":"<p>SEVEN CREATIONS &#8211; VIBRADOR DE P\u00caNIS REAL\u00cdSTICO<\/p>\n","protected":false},"featured_media":28696,"template":"","meta":{"_acf_changed":false},"product_brand":[],"product_cat":[17],"product_tag":[],"class_list":{"0":"post-28695","1":"product","2":"type-product","3":"status-publish","4":"has-post-thumbnail","6":"product_cat-brinquedos-de-bem-estar-sexual","7":"yith_product_brand-seven-creations","9":"first","10":"instock","11":"taxable","12":"shipping-taxable","13":"purchasable","14":"product-type-simple"},"acf":[],"yoast_head":"<!-- This site is optimized with the Yoast SEO plugin v27.4 - https:\/\/yoast.com\/product\/yoast-seo-wordpress\/ -->\n<title>SEVEN CREATIONS - VIBRADOR DE P\u00caNIS REAL\u00cdSTICO - Lovme<\/title>\n<meta name=\"robots\" content=\"index, follow, max-snippet:-1, max-image-preview:large, max-video-preview:-1\" \/>\n<link rel=\"canonical\" href=\"https:\/\/lovme.pt\/index.php\/produto\/seven-creations-vibrador-de-penis-realistico\/\" \/>\n<meta property=\"og:locale\" content=\"pt_PT\" \/>\n<meta property=\"og:type\" content=\"article\" \/>\n<meta property=\"og:title\" content=\"SEVEN CREATIONS - VIBRADOR DE P\u00caNIS REAL\u00cdSTICO - Lovme\" \/>\n<meta property=\"og:description\" content=\"SEVEN CREATIONS - VIBRADOR DE P\u00caNIS REAL\u00cdSTICO\" \/>\n<meta property=\"og:url\" content=\"https:\/\/lovme.pt\/index.php\/produto\/seven-creations-vibrador-de-penis-realistico\/\" \/>\n<meta property=\"og:site_name\" content=\"Lovme\" \/>\n<meta property=\"article:modified_time\" content=\"2026-04-14T16:34:53+00:00\" \/>\n<meta property=\"og:image\" content=\"https:\/\/erki24nd3ub.exactdn.com\/wp-content\/uploads\/dream\/img\/img_81861_affb8fc87a405abb1f2541ebb8cfd7d7_1.jpg?strip=all\" \/>\n\t<meta property=\"og:image:width\" content=\"550\" \/>\n\t<meta property=\"og:image:height\" content=\"550\" \/>\n\t<meta property=\"og:image:type\" content=\"image\/jpeg\" \/>\n<meta name=\"twitter:card\" content=\"summary_large_image\" \/>\n<script type=\"application\/ld+json\" class=\"yoast-schema-graph\">{\"@context\":\"https:\\\/\\\/schema.org\",\"@graph\":[{\"@type\":\"WebPage\",\"@id\":\"https:\\\/\\\/lovme.pt\\\/index.php\\\/produto\\\/seven-creations-vibrador-de-penis-realistico\\\/\",\"url\":\"https:\\\/\\\/lovme.pt\\\/index.php\\\/produto\\\/seven-creations-vibrador-de-penis-realistico\\\/\",\"name\":\"SEVEN CREATIONS - VIBRADOR DE P\u00caNIS REAL\u00cdSTICO - Lovme\",\"isPartOf\":{\"@id\":\"https:\\\/\\\/lovme.pt\\\/#website\"},\"primaryImageOfPage\":{\"@id\":\"https:\\\/\\\/lovme.pt\\\/index.php\\\/produto\\\/seven-creations-vibrador-de-penis-realistico\\\/#primaryimage\"},\"image\":{\"@id\":\"https:\\\/\\\/lovme.pt\\\/index.php\\\/produto\\\/seven-creations-vibrador-de-penis-realistico\\\/#primaryimage\"},\"thumbnailUrl\":\"https:\\\/\\\/erki24nd3ub.exactdn.com\\\/wp-content\\\/uploads\\\/dream\\\/img\\\/img_81861_affb8fc87a405abb1f2541ebb8cfd7d7_1.jpg?strip=all\",\"datePublished\":\"2025-09-30T09:31:32+00:00\",\"dateModified\":\"2026-04-14T16:34:53+00:00\",\"breadcrumb\":{\"@id\":\"https:\\\/\\\/lovme.pt\\\/index.php\\\/produto\\\/seven-creations-vibrador-de-penis-realistico\\\/#breadcrumb\"},\"inLanguage\":\"pt-PT\",\"potentialAction\":[{\"@type\":\"ReadAction\",\"target\":[\"https:\\\/\\\/lovme.pt\\\/index.php\\\/produto\\\/seven-creations-vibrador-de-penis-realistico\\\/\"]}]},{\"@type\":\"ImageObject\",\"inLanguage\":\"pt-PT\",\"@id\":\"https:\\\/\\\/lovme.pt\\\/index.php\\\/produto\\\/seven-creations-vibrador-de-penis-realistico\\\/#primaryimage\",\"url\":\"https:\\\/\\\/erki24nd3ub.exactdn.com\\\/wp-content\\\/uploads\\\/dream\\\/img\\\/img_81861_affb8fc87a405abb1f2541ebb8cfd7d7_1.jpg?strip=all\",\"contentUrl\":\"https:\\\/\\\/erki24nd3ub.exactdn.com\\\/wp-content\\\/uploads\\\/dream\\\/img\\\/img_81861_affb8fc87a405abb1f2541ebb8cfd7d7_1.jpg?strip=all\",\"width\":550,\"height\":550},{\"@type\":\"BreadcrumbList\",\"@id\":\"https:\\\/\\\/lovme.pt\\\/index.php\\\/produto\\\/seven-creations-vibrador-de-penis-realistico\\\/#breadcrumb\",\"itemListElement\":[{\"@type\":\"ListItem\",\"position\":1,\"name\":\"In\u00edcio\",\"item\":\"https:\\\/\\\/lovme.pt\\\/\"},{\"@type\":\"ListItem\",\"position\":2,\"name\":\"Loja\",\"item\":\"https:\\\/\\\/lovme.pt\\\/index.php\\\/loja\\\/\"},{\"@type\":\"ListItem\",\"position\":3,\"name\":\"SEVEN CREATIONS &#8211; VIBRADOR DE P\u00caNIS REAL\u00cdSTICO\"}]},{\"@type\":\"WebSite\",\"@id\":\"https:\\\/\\\/lovme.pt\\\/#website\",\"url\":\"https:\\\/\\\/lovme.pt\\\/\",\"name\":\"Lovme Loja Er\u00f3tica N\u00ba1 em Portugal\",\"description\":\"A melhor loja er\u00f3tica de Portugal.\",\"alternateName\":\"Loja Er\u00f3tica Lovme\",\"potentialAction\":[{\"@type\":\"SearchAction\",\"target\":{\"@type\":\"EntryPoint\",\"urlTemplate\":\"https:\\\/\\\/lovme.pt\\\/?s={search_term_string}\"},\"query-input\":{\"@type\":\"PropertyValueSpecification\",\"valueRequired\":true,\"valueName\":\"search_term_string\"}}],\"inLanguage\":\"pt-PT\"}]}<\/script>\n<!-- \/ Yoast SEO plugin. -->","yoast_head_json":{"title":"SEVEN CREATIONS - VIBRADOR DE P\u00caNIS REAL\u00cdSTICO - Lovme","robots":{"index":"index","follow":"follow","max-snippet":"max-snippet:-1","max-image-preview":"max-image-preview:large","max-video-preview":"max-video-preview:-1"},"canonical":"https:\/\/lovme.pt\/index.php\/produto\/seven-creations-vibrador-de-penis-realistico\/","og_locale":"pt_PT","og_type":"article","og_title":"SEVEN CREATIONS - VIBRADOR DE P\u00caNIS REAL\u00cdSTICO - Lovme","og_description":"SEVEN CREATIONS - VIBRADOR DE P\u00caNIS REAL\u00cdSTICO","og_url":"https:\/\/lovme.pt\/index.php\/produto\/seven-creations-vibrador-de-penis-realistico\/","og_site_name":"Lovme","article_modified_time":"2026-04-14T16:34:53+00:00","og_image":[{"width":550,"height":550,"url":"https:\/\/erki24nd3ub.exactdn.com\/wp-content\/uploads\/dream\/img\/img_81861_affb8fc87a405abb1f2541ebb8cfd7d7_1.jpg?strip=all","type":"image\/jpeg"}],"twitter_card":"summary_large_image","schema":{"@context":"https:\/\/schema.org","@graph":[{"@type":"WebPage","@id":"https:\/\/lovme.pt\/index.php\/produto\/seven-creations-vibrador-de-penis-realistico\/","url":"https:\/\/lovme.pt\/index.php\/produto\/seven-creations-vibrador-de-penis-realistico\/","name":"SEVEN CREATIONS - VIBRADOR DE P\u00caNIS REAL\u00cdSTICO - Lovme","isPartOf":{"@id":"https:\/\/lovme.pt\/#website"},"primaryImageOfPage":{"@id":"https:\/\/lovme.pt\/index.php\/produto\/seven-creations-vibrador-de-penis-realistico\/#primaryimage"},"image":{"@id":"https:\/\/lovme.pt\/index.php\/produto\/seven-creations-vibrador-de-penis-realistico\/#primaryimage"},"thumbnailUrl":"https:\/\/erki24nd3ub.exactdn.com\/wp-content\/uploads\/dream\/img\/img_81861_affb8fc87a405abb1f2541ebb8cfd7d7_1.jpg?strip=all","datePublished":"2025-09-30T09:31:32+00:00","dateModified":"2026-04-14T16:34:53+00:00","breadcrumb":{"@id":"https:\/\/lovme.pt\/index.php\/produto\/seven-creations-vibrador-de-penis-realistico\/#breadcrumb"},"inLanguage":"pt-PT","potentialAction":[{"@type":"ReadAction","target":["https:\/\/lovme.pt\/index.php\/produto\/seven-creations-vibrador-de-penis-realistico\/"]}]},{"@type":"ImageObject","inLanguage":"pt-PT","@id":"https:\/\/lovme.pt\/index.php\/produto\/seven-creations-vibrador-de-penis-realistico\/#primaryimage","url":"https:\/\/erki24nd3ub.exactdn.com\/wp-content\/uploads\/dream\/img\/img_81861_affb8fc87a405abb1f2541ebb8cfd7d7_1.jpg?strip=all","contentUrl":"https:\/\/erki24nd3ub.exactdn.com\/wp-content\/uploads\/dream\/img\/img_81861_affb8fc87a405abb1f2541ebb8cfd7d7_1.jpg?strip=all","width":550,"height":550},{"@type":"BreadcrumbList","@id":"https:\/\/lovme.pt\/index.php\/produto\/seven-creations-vibrador-de-penis-realistico\/#breadcrumb","itemListElement":[{"@type":"ListItem","position":1,"name":"In\u00edcio","item":"https:\/\/lovme.pt\/"},{"@type":"ListItem","position":2,"name":"Loja","item":"https:\/\/lovme.pt\/index.php\/loja\/"},{"@type":"ListItem","position":3,"name":"SEVEN CREATIONS &#8211; VIBRADOR DE P\u00caNIS REAL\u00cdSTICO"}]},{"@type":"WebSite","@id":"https:\/\/lovme.pt\/#website","url":"https:\/\/lovme.pt\/","name":"Lovme Loja Er\u00f3tica N\u00ba1 em Portugal","description":"A melhor loja er\u00f3tica de Portugal.","alternateName":"Loja Er\u00f3tica Lovme","potentialAction":[{"@type":"SearchAction","target":{"@type":"EntryPoint","urlTemplate":"https:\/\/lovme.pt\/?s={search_term_string}"},"query-input":{"@type":"PropertyValueSpecification","valueRequired":true,"valueName":"search_term_string"}}],"inLanguage":"pt-PT"}]}},"_links":{"self":[{"href":"https:\/\/lovme.pt\/index.php\/wp-json\/wp\/v2\/product\/28695","targetHints":{"allow":["GET"]}}],"collection":[{"href":"https:\/\/lovme.pt\/index.php\/wp-json\/wp\/v2\/product"}],"about":[{"href":"https:\/\/lovme.pt\/index.php\/wp-json\/wp\/v2\/types\/product"}],"wp:featuredmedia":[{"embeddable":true,"href":"https:\/\/lovme.pt\/index.php\/wp-json\/wp\/v2\/media\/28696"}],"wp:attachment":[{"href":"https:\/\/lovme.pt\/index.php\/wp-json\/wp\/v2\/media?parent=28695"}],"wp:term":[{"taxonomy":"product_brand","embeddable":true,"href":"https:\/\/lovme.pt\/index.php\/wp-json\/wp\/v2\/product_brand?post=28695"},{"taxonomy":"product_cat","embeddable":true,"href":"https:\/\/lovme.pt\/index.php\/wp-json\/wp\/v2\/product_cat?post=28695"},{"taxonomy":"product_tag","embeddable":true,"href":"https:\/\/lovme.pt\/index.php\/wp-json\/wp\/v2\/product_tag?post=28695"}],"curies":[{"name":"wp","href":"https:\/\/api.w.org\/{rel}","templated":true}]}}