{"id":28572,"date":"2025-09-30T09:54:19","date_gmt":"2025-09-30T09:54:19","guid":{"rendered":"https:\/\/lovme.pt\/?post_type=product&#038;p=28572"},"modified":"2026-04-14T10:34:10","modified_gmt":"2026-04-14T10:34:10","slug":"secretplay-scratch-sex-game-para-casais-posicoes-lesbicas-es-en-fr-pt-de","status":"publish","type":"product","link":"https:\/\/lovme.pt\/index.php\/produto\/secretplay-scratch-sex-game-para-casais-posicoes-lesbicas-es-en-fr-pt-de\/","title":{"rendered":"SECRETPLAY &#8211; SCRATCH &#038; SEX GAME PARA CASAIS POSI\u00c7\u00d5ES L\u00c9SBICAS (ES\/EN\/FR\/PT\/DE)"},"content":{"rendered":"<p>O jogo &quot;Scratch &amp; Sex&quot; da Secret Play &eacute; o cl&aacute;ssico jogo de raspar, mas com os pr&ecirc;mios mais apimentados.<\/p>\n<p>Raspe uma op&ccedil;&atilde;o todos os dias e, se tiver sorte, descobrir&aacute; uma nova posi&ccedil;&atilde;o para desfrutar a dois. S&atilde;o quatro op&ccedil;&otilde;es diferentes de raspar para cada dia, totalizando 7 dias. Voc&ecirc; pode terminar o lote de uma semana e depois raspar novamente desde o in&iacute;cio, descobrindo as posi&ccedil;&otilde;es restantes, permitindo-lhe desfrutar de 4 semanas de jogo.<\/p>\n<p>Scratch &amp; Sex existe em tr&ecirc;s vers&otilde;es diferentes, uma para cada tipo de orienta&ccedil;&atilde;o sexual. Neste caso o arranh&atilde;o &eacute; L&Eacute;SBICO<\/p>\n<ul>\n<li>Modalidade: Posi&ccedil;&otilde;es l&eacute;sbicas<\/li>\n<li>Idiomas: (ES\/EN\/FR\/PT\/DE)<\/li>\n<\/ul>\n","protected":false},"excerpt":{"rendered":"<p>SECRETPLAY &#8211; SCRATCH &amp; SEX GAME PARA CASAIS POSI\u00c7\u00d5ES L\u00c9SBICAS (ES\/EN\/FR\/PT\/DE)<\/p>\n","protected":false},"featured_media":59143,"template":"","meta":{"_acf_changed":false},"product_brand":[],"product_cat":[69],"product_tag":[],"class_list":{"0":"post-28572","1":"product","2":"type-product","3":"status-publish","4":"has-post-thumbnail","6":"product_cat-jogos-eroticos","7":"yith_product_brand-secretplaysecretplay-100-games","9":"first","10":"instock","11":"taxable","12":"shipping-taxable","13":"purchasable","14":"product-type-simple"},"acf":[],"yoast_head":"<!-- This site is optimized with the Yoast SEO plugin v27.4 - https:\/\/yoast.com\/product\/yoast-seo-wordpress\/ -->\n<title>SECRETPLAY - SCRATCH &amp; SEX GAME PARA CASAIS POSI\u00c7\u00d5ES L\u00c9SBICAS (ES\/EN\/FR\/PT\/DE) - Lovme<\/title>\n<meta name=\"robots\" content=\"index, follow, max-snippet:-1, max-image-preview:large, max-video-preview:-1\" \/>\n<link rel=\"canonical\" href=\"https:\/\/lovme.pt\/index.php\/produto\/secretplay-scratch-sex-game-para-casais-posicoes-lesbicas-es-en-fr-pt-de\/\" \/>\n<meta property=\"og:locale\" content=\"pt_PT\" \/>\n<meta property=\"og:type\" content=\"article\" \/>\n<meta property=\"og:title\" content=\"SECRETPLAY - SCRATCH &amp; SEX GAME PARA CASAIS POSI\u00c7\u00d5ES L\u00c9SBICAS (ES\/EN\/FR\/PT\/DE) - Lovme\" \/>\n<meta property=\"og:description\" content=\"SECRETPLAY - SCRATCH &amp; SEX GAME PARA CASAIS POSI\u00c7\u00d5ES L\u00c9SBICAS (ES\/EN\/FR\/PT\/DE)\" \/>\n<meta property=\"og:url\" content=\"https:\/\/lovme.pt\/index.php\/produto\/secretplay-scratch-sex-game-para-casais-posicoes-lesbicas-es-en-fr-pt-de\/\" \/>\n<meta property=\"og:site_name\" content=\"Lovme\" \/>\n<meta property=\"article:modified_time\" content=\"2026-04-14T10:34:10+00:00\" \/>\n<meta property=\"og:image\" content=\"https:\/\/erki24nd3ub.exactdn.com\/wp-content\/uploads\/dream\/img\/img_81183_13f6d94c2133d62ff65689ce2c577082_1.jpg?strip=all\" \/>\n\t<meta property=\"og:image:width\" content=\"800\" \/>\n\t<meta property=\"og:image:height\" content=\"800\" \/>\n\t<meta property=\"og:image:type\" content=\"image\/jpeg\" \/>\n<meta name=\"twitter:card\" content=\"summary_large_image\" \/>\n<meta name=\"twitter:label1\" content=\"Tempo estimado de leitura\" \/>\n\t<meta name=\"twitter:data1\" content=\"1 minuto\" \/>\n<script type=\"application\/ld+json\" class=\"yoast-schema-graph\">{\"@context\":\"https:\\\/\\\/schema.org\",\"@graph\":[{\"@type\":\"WebPage\",\"@id\":\"https:\\\/\\\/lovme.pt\\\/index.php\\\/produto\\\/secretplay-scratch-sex-game-para-casais-posicoes-lesbicas-es-en-fr-pt-de\\\/\",\"url\":\"https:\\\/\\\/lovme.pt\\\/index.php\\\/produto\\\/secretplay-scratch-sex-game-para-casais-posicoes-lesbicas-es-en-fr-pt-de\\\/\",\"name\":\"SECRETPLAY - SCRATCH & SEX GAME PARA CASAIS POSI\u00c7\u00d5ES L\u00c9SBICAS (ES\\\/EN\\\/FR\\\/PT\\\/DE) - Lovme\",\"isPartOf\":{\"@id\":\"https:\\\/\\\/lovme.pt\\\/#website\"},\"primaryImageOfPage\":{\"@id\":\"https:\\\/\\\/lovme.pt\\\/index.php\\\/produto\\\/secretplay-scratch-sex-game-para-casais-posicoes-lesbicas-es-en-fr-pt-de\\\/#primaryimage\"},\"image\":{\"@id\":\"https:\\\/\\\/lovme.pt\\\/index.php\\\/produto\\\/secretplay-scratch-sex-game-para-casais-posicoes-lesbicas-es-en-fr-pt-de\\\/#primaryimage\"},\"thumbnailUrl\":\"https:\\\/\\\/erki24nd3ub.exactdn.com\\\/wp-content\\\/uploads\\\/dream\\\/img\\\/img_81183_13f6d94c2133d62ff65689ce2c577082_1.jpg?strip=all\",\"datePublished\":\"2025-09-30T09:54:19+00:00\",\"dateModified\":\"2026-04-14T10:34:10+00:00\",\"breadcrumb\":{\"@id\":\"https:\\\/\\\/lovme.pt\\\/index.php\\\/produto\\\/secretplay-scratch-sex-game-para-casais-posicoes-lesbicas-es-en-fr-pt-de\\\/#breadcrumb\"},\"inLanguage\":\"pt-PT\",\"potentialAction\":[{\"@type\":\"ReadAction\",\"target\":[\"https:\\\/\\\/lovme.pt\\\/index.php\\\/produto\\\/secretplay-scratch-sex-game-para-casais-posicoes-lesbicas-es-en-fr-pt-de\\\/\"]}]},{\"@type\":\"ImageObject\",\"inLanguage\":\"pt-PT\",\"@id\":\"https:\\\/\\\/lovme.pt\\\/index.php\\\/produto\\\/secretplay-scratch-sex-game-para-casais-posicoes-lesbicas-es-en-fr-pt-de\\\/#primaryimage\",\"url\":\"https:\\\/\\\/erki24nd3ub.exactdn.com\\\/wp-content\\\/uploads\\\/dream\\\/img\\\/img_81183_13f6d94c2133d62ff65689ce2c577082_1.jpg?strip=all\",\"contentUrl\":\"https:\\\/\\\/erki24nd3ub.exactdn.com\\\/wp-content\\\/uploads\\\/dream\\\/img\\\/img_81183_13f6d94c2133d62ff65689ce2c577082_1.jpg?strip=all\",\"width\":800,\"height\":800},{\"@type\":\"BreadcrumbList\",\"@id\":\"https:\\\/\\\/lovme.pt\\\/index.php\\\/produto\\\/secretplay-scratch-sex-game-para-casais-posicoes-lesbicas-es-en-fr-pt-de\\\/#breadcrumb\",\"itemListElement\":[{\"@type\":\"ListItem\",\"position\":1,\"name\":\"In\u00edcio\",\"item\":\"https:\\\/\\\/lovme.pt\\\/\"},{\"@type\":\"ListItem\",\"position\":2,\"name\":\"Loja\",\"item\":\"https:\\\/\\\/lovme.pt\\\/index.php\\\/loja\\\/\"},{\"@type\":\"ListItem\",\"position\":3,\"name\":\"SECRETPLAY &#8211; SCRATCH &#038; SEX GAME PARA CASAIS POSI\u00c7\u00d5ES L\u00c9SBICAS (ES\\\/EN\\\/FR\\\/PT\\\/DE)\"}]},{\"@type\":\"WebSite\",\"@id\":\"https:\\\/\\\/lovme.pt\\\/#website\",\"url\":\"https:\\\/\\\/lovme.pt\\\/\",\"name\":\"Lovme Loja Er\u00f3tica N\u00ba1 em Portugal\",\"description\":\"A melhor loja er\u00f3tica de Portugal.\",\"alternateName\":\"Loja Er\u00f3tica Lovme\",\"potentialAction\":[{\"@type\":\"SearchAction\",\"target\":{\"@type\":\"EntryPoint\",\"urlTemplate\":\"https:\\\/\\\/lovme.pt\\\/?s={search_term_string}\"},\"query-input\":{\"@type\":\"PropertyValueSpecification\",\"valueRequired\":true,\"valueName\":\"search_term_string\"}}],\"inLanguage\":\"pt-PT\"}]}<\/script>\n<!-- \/ Yoast SEO plugin. -->","yoast_head_json":{"title":"SECRETPLAY - SCRATCH & SEX GAME PARA CASAIS POSI\u00c7\u00d5ES L\u00c9SBICAS (ES\/EN\/FR\/PT\/DE) - Lovme","robots":{"index":"index","follow":"follow","max-snippet":"max-snippet:-1","max-image-preview":"max-image-preview:large","max-video-preview":"max-video-preview:-1"},"canonical":"https:\/\/lovme.pt\/index.php\/produto\/secretplay-scratch-sex-game-para-casais-posicoes-lesbicas-es-en-fr-pt-de\/","og_locale":"pt_PT","og_type":"article","og_title":"SECRETPLAY - SCRATCH & SEX GAME PARA CASAIS POSI\u00c7\u00d5ES L\u00c9SBICAS (ES\/EN\/FR\/PT\/DE) - Lovme","og_description":"SECRETPLAY - SCRATCH &amp; SEX GAME PARA CASAIS POSI\u00c7\u00d5ES L\u00c9SBICAS (ES\/EN\/FR\/PT\/DE)","og_url":"https:\/\/lovme.pt\/index.php\/produto\/secretplay-scratch-sex-game-para-casais-posicoes-lesbicas-es-en-fr-pt-de\/","og_site_name":"Lovme","article_modified_time":"2026-04-14T10:34:10+00:00","og_image":[{"width":800,"height":800,"url":"https:\/\/erki24nd3ub.exactdn.com\/wp-content\/uploads\/dream\/img\/img_81183_13f6d94c2133d62ff65689ce2c577082_1.jpg?strip=all","type":"image\/jpeg"}],"twitter_card":"summary_large_image","twitter_misc":{"Tempo estimado de leitura":"1 minuto"},"schema":{"@context":"https:\/\/schema.org","@graph":[{"@type":"WebPage","@id":"https:\/\/lovme.pt\/index.php\/produto\/secretplay-scratch-sex-game-para-casais-posicoes-lesbicas-es-en-fr-pt-de\/","url":"https:\/\/lovme.pt\/index.php\/produto\/secretplay-scratch-sex-game-para-casais-posicoes-lesbicas-es-en-fr-pt-de\/","name":"SECRETPLAY - SCRATCH & SEX GAME PARA CASAIS POSI\u00c7\u00d5ES L\u00c9SBICAS (ES\/EN\/FR\/PT\/DE) - Lovme","isPartOf":{"@id":"https:\/\/lovme.pt\/#website"},"primaryImageOfPage":{"@id":"https:\/\/lovme.pt\/index.php\/produto\/secretplay-scratch-sex-game-para-casais-posicoes-lesbicas-es-en-fr-pt-de\/#primaryimage"},"image":{"@id":"https:\/\/lovme.pt\/index.php\/produto\/secretplay-scratch-sex-game-para-casais-posicoes-lesbicas-es-en-fr-pt-de\/#primaryimage"},"thumbnailUrl":"https:\/\/erki24nd3ub.exactdn.com\/wp-content\/uploads\/dream\/img\/img_81183_13f6d94c2133d62ff65689ce2c577082_1.jpg?strip=all","datePublished":"2025-09-30T09:54:19+00:00","dateModified":"2026-04-14T10:34:10+00:00","breadcrumb":{"@id":"https:\/\/lovme.pt\/index.php\/produto\/secretplay-scratch-sex-game-para-casais-posicoes-lesbicas-es-en-fr-pt-de\/#breadcrumb"},"inLanguage":"pt-PT","potentialAction":[{"@type":"ReadAction","target":["https:\/\/lovme.pt\/index.php\/produto\/secretplay-scratch-sex-game-para-casais-posicoes-lesbicas-es-en-fr-pt-de\/"]}]},{"@type":"ImageObject","inLanguage":"pt-PT","@id":"https:\/\/lovme.pt\/index.php\/produto\/secretplay-scratch-sex-game-para-casais-posicoes-lesbicas-es-en-fr-pt-de\/#primaryimage","url":"https:\/\/erki24nd3ub.exactdn.com\/wp-content\/uploads\/dream\/img\/img_81183_13f6d94c2133d62ff65689ce2c577082_1.jpg?strip=all","contentUrl":"https:\/\/erki24nd3ub.exactdn.com\/wp-content\/uploads\/dream\/img\/img_81183_13f6d94c2133d62ff65689ce2c577082_1.jpg?strip=all","width":800,"height":800},{"@type":"BreadcrumbList","@id":"https:\/\/lovme.pt\/index.php\/produto\/secretplay-scratch-sex-game-para-casais-posicoes-lesbicas-es-en-fr-pt-de\/#breadcrumb","itemListElement":[{"@type":"ListItem","position":1,"name":"In\u00edcio","item":"https:\/\/lovme.pt\/"},{"@type":"ListItem","position":2,"name":"Loja","item":"https:\/\/lovme.pt\/index.php\/loja\/"},{"@type":"ListItem","position":3,"name":"SECRETPLAY &#8211; SCRATCH &#038; SEX GAME PARA CASAIS POSI\u00c7\u00d5ES L\u00c9SBICAS (ES\/EN\/FR\/PT\/DE)"}]},{"@type":"WebSite","@id":"https:\/\/lovme.pt\/#website","url":"https:\/\/lovme.pt\/","name":"Lovme Loja Er\u00f3tica N\u00ba1 em Portugal","description":"A melhor loja er\u00f3tica de Portugal.","alternateName":"Loja Er\u00f3tica Lovme","potentialAction":[{"@type":"SearchAction","target":{"@type":"EntryPoint","urlTemplate":"https:\/\/lovme.pt\/?s={search_term_string}"},"query-input":{"@type":"PropertyValueSpecification","valueRequired":true,"valueName":"search_term_string"}}],"inLanguage":"pt-PT"}]}},"_links":{"self":[{"href":"https:\/\/lovme.pt\/index.php\/wp-json\/wp\/v2\/product\/28572","targetHints":{"allow":["GET"]}}],"collection":[{"href":"https:\/\/lovme.pt\/index.php\/wp-json\/wp\/v2\/product"}],"about":[{"href":"https:\/\/lovme.pt\/index.php\/wp-json\/wp\/v2\/types\/product"}],"wp:featuredmedia":[{"embeddable":true,"href":"https:\/\/lovme.pt\/index.php\/wp-json\/wp\/v2\/media\/59143"}],"wp:attachment":[{"href":"https:\/\/lovme.pt\/index.php\/wp-json\/wp\/v2\/media?parent=28572"}],"wp:term":[{"taxonomy":"product_brand","embeddable":true,"href":"https:\/\/lovme.pt\/index.php\/wp-json\/wp\/v2\/product_brand?post=28572"},{"taxonomy":"product_cat","embeddable":true,"href":"https:\/\/lovme.pt\/index.php\/wp-json\/wp\/v2\/product_cat?post=28572"},{"taxonomy":"product_tag","embeddable":true,"href":"https:\/\/lovme.pt\/index.php\/wp-json\/wp\/v2\/product_tag?post=28572"}],"curies":[{"name":"wp","href":"https:\/\/api.w.org\/{rel}","templated":true}]}}