{"id":28268,"date":"2025-09-30T09:46:54","date_gmt":"2025-09-30T09:46:54","guid":{"rendered":"https:\/\/lovme.pt\/?post_type=product&#038;p=28268"},"modified":"2026-04-14T16:33:19","modified_gmt":"2026-04-14T16:33:19","slug":"bijoux-slow-sex-blsamo-estimulante-de-clitoris-10-ml","status":"publish","type":"product","link":"https:\/\/lovme.pt\/index.php\/produto\/bijoux-slow-sex-blsamo-estimulante-de-clitoris-10-ml\/","title":{"rendered":"BIJOUX &#8211; B\u00c1LSAMO PARA CLIT\u00d3RIS ESTIMULANTE SLOW SEX 10 ML"},"content":{"rendered":"<p>A Bijoux apresenta SLOW SEX, uma linha de cosm&eacute;ticos er&oacute;ticos que promove o verdadeiro prazer, do primeiro toque ao &uacute;ltimo gemido. Num mundo onde o que mais tocamos s&atilde;o as telas dos nossos celulares e a vida se resume a correria e estresse, SLOW SEX &eacute; um convite para desfrutar de um bom sexo, concentrando-se no que realmente importa: o prazer.<\/p>\n<p>O SLOW SEX deixa de lado os preconceitos para descobrir novos prazeres: brincar e saborear aqueles momentos preciosos sem ideias preconcebidas.<\/p>\n<p>Ele combina ingredientes naturais com f&oacute;rmulas patenteadas e ainda ajuda a salvar o planeta fazendo sexo! Isso porque as embalagens do SLOW SEX s&atilde;o feitas de alum&iacute;nio, vidro, papel e uma pequena quantidade de pl&aacute;stico recicl&aacute;vel.<\/p>\n<p>Elas tamb&eacute;m t&ecirc;m um delicioso aroma de coco e um tamanho perfeito para que voc&ecirc; possa viajar sem precisar fazer check-in.<\/p>\n<p>B&aacute;lsamo Clitoriano:<\/p>\n<ul>\n<li>Efeito de calor<\/li>\n<li>Estimulante<\/li>\n<li>Absor&ccedil;&atilde;o r&aacute;pida<\/li>\n<li>Intensificador de orgasmo<\/li>\n<li>Aroma de coco<\/li>\n<li>10ml<\/li>\n<li><strong>Ingredientes<\/strong> : &Aacute;gua, Cocoato de Etilhexila, Glicerina, Triglicer&iacute;deo Capr&iacute;lico\/C&aacute;prico, Ceteareth-20, &Aacute;lcool Cetoestear&iacute;lico, Estearato de Glicerila, Benzoato de Alquila C12-15, Sorbitol, Aroma (Sabor), Suco da Raiz de Pfafa Glomerata, &Oacute;leo de R&iacute;cino Hidrogenado PEG-40, Arginina PCA, Fenoxietanol, &Aacute;lcool Benz&iacute;lico, Carb&ocirc;mero, Hidroxietilcelulose, Trietanolamina, Sorbato de Pot&aacute;ssio, Etilhexilglicerina, EDTA Diss&oacute;dico, Sacarina S&oacute;dica, 1,2-Hexanodiol, Caprilil Glicol, Lactato de Mentila, &Eacute;ter But&iacute;lico de Vanilil, Extrato da Raiz de Panax Ginseng, Benzoato de S&oacute;dio, Tocoferol, Palmitato de Ascorbila.<\/li>\n<\/ul>\n<p>Concentre-se no que &eacute; mais importante: o seu prazer! Aplique uma pequena quantidade diretamente no clit&oacute;ris e massageie suavemente. Voc&ecirc; come&ccedil;ar&aacute; a sentir o efeito de aquecimento ap&oacute;s alguns segundos. Que comece a brincadeira!<\/p>\n","protected":false},"excerpt":{"rendered":"<p>BIJOUX &#8211; B\u00c1LSAMO PARA CLIT\u00d3RIS ESTIMULANTE SLOW SEX 10 ML<\/p>\n","protected":false},"featured_media":56939,"template":"","meta":{"_acf_changed":false},"product_brand":[],"product_cat":[49,52],"product_tag":[],"class_list":{"0":"post-28268","1":"product","2":"type-product","3":"status-publish","4":"has-post-thumbnail","6":"product_cat-cosmeticos","7":"product_cat-estimulantes","8":"yith_product_brand-bijoux-indiscretsbijoux-slow-sex","10":"first","11":"instock","12":"taxable","13":"shipping-taxable","14":"purchasable","15":"product-type-simple"},"acf":[],"yoast_head":"<!-- This site is optimized with the Yoast SEO plugin v27.3 - https:\/\/yoast.com\/product\/yoast-seo-wordpress\/ -->\n<title>BIJOUX - B\u00c1LSAMO PARA CLIT\u00d3RIS ESTIMULANTE SLOW SEX 10 ML - Lovme<\/title>\n<meta name=\"robots\" content=\"index, follow, max-snippet:-1, max-image-preview:large, max-video-preview:-1\" \/>\n<link rel=\"canonical\" href=\"https:\/\/lovme.pt\/index.php\/produto\/bijoux-slow-sex-blsamo-estimulante-de-clitoris-10-ml\/\" \/>\n<meta property=\"og:locale\" content=\"pt_PT\" \/>\n<meta property=\"og:type\" content=\"article\" \/>\n<meta property=\"og:title\" content=\"BIJOUX - B\u00c1LSAMO PARA CLIT\u00d3RIS ESTIMULANTE SLOW SEX 10 ML - Lovme\" \/>\n<meta property=\"og:description\" content=\"BIJOUX - B\u00c1LSAMO PARA CLIT\u00d3RIS ESTIMULANTE SLOW SEX 10 ML\" \/>\n<meta property=\"og:url\" content=\"https:\/\/lovme.pt\/index.php\/produto\/bijoux-slow-sex-blsamo-estimulante-de-clitoris-10-ml\/\" \/>\n<meta property=\"og:site_name\" content=\"Lovme\" \/>\n<meta property=\"article:modified_time\" content=\"2026-04-14T16:33:19+00:00\" \/>\n<meta property=\"og:image\" content=\"https:\/\/erki24nd3ub.exactdn.com\/wp-content\/uploads\/dream\/img\/img_80275_3712cb13c4e456ff12a6f3b9ce63f728_1.jpg?strip=all\" \/>\n\t<meta property=\"og:image:width\" content=\"900\" \/>\n\t<meta property=\"og:image:height\" content=\"900\" \/>\n\t<meta property=\"og:image:type\" content=\"image\/jpeg\" \/>\n<meta name=\"twitter:card\" content=\"summary_large_image\" \/>\n<meta name=\"twitter:label1\" content=\"Tempo estimado de leitura\" \/>\n\t<meta name=\"twitter:data1\" content=\"2 minutos\" \/>\n<script type=\"application\/ld+json\" class=\"yoast-schema-graph\">{\"@context\":\"https:\\\/\\\/schema.org\",\"@graph\":[{\"@type\":\"WebPage\",\"@id\":\"https:\\\/\\\/lovme.pt\\\/index.php\\\/produto\\\/bijoux-slow-sex-blsamo-estimulante-de-clitoris-10-ml\\\/\",\"url\":\"https:\\\/\\\/lovme.pt\\\/index.php\\\/produto\\\/bijoux-slow-sex-blsamo-estimulante-de-clitoris-10-ml\\\/\",\"name\":\"BIJOUX - B\u00c1LSAMO PARA CLIT\u00d3RIS ESTIMULANTE SLOW SEX 10 ML - Lovme\",\"isPartOf\":{\"@id\":\"https:\\\/\\\/lovme.pt\\\/#website\"},\"primaryImageOfPage\":{\"@id\":\"https:\\\/\\\/lovme.pt\\\/index.php\\\/produto\\\/bijoux-slow-sex-blsamo-estimulante-de-clitoris-10-ml\\\/#primaryimage\"},\"image\":{\"@id\":\"https:\\\/\\\/lovme.pt\\\/index.php\\\/produto\\\/bijoux-slow-sex-blsamo-estimulante-de-clitoris-10-ml\\\/#primaryimage\"},\"thumbnailUrl\":\"https:\\\/\\\/erki24nd3ub.exactdn.com\\\/wp-content\\\/uploads\\\/dream\\\/img\\\/img_80275_3712cb13c4e456ff12a6f3b9ce63f728_1.jpg?strip=all\",\"datePublished\":\"2025-09-30T09:46:54+00:00\",\"dateModified\":\"2026-04-14T16:33:19+00:00\",\"breadcrumb\":{\"@id\":\"https:\\\/\\\/lovme.pt\\\/index.php\\\/produto\\\/bijoux-slow-sex-blsamo-estimulante-de-clitoris-10-ml\\\/#breadcrumb\"},\"inLanguage\":\"pt-PT\",\"potentialAction\":[{\"@type\":\"ReadAction\",\"target\":[\"https:\\\/\\\/lovme.pt\\\/index.php\\\/produto\\\/bijoux-slow-sex-blsamo-estimulante-de-clitoris-10-ml\\\/\"]}]},{\"@type\":\"ImageObject\",\"inLanguage\":\"pt-PT\",\"@id\":\"https:\\\/\\\/lovme.pt\\\/index.php\\\/produto\\\/bijoux-slow-sex-blsamo-estimulante-de-clitoris-10-ml\\\/#primaryimage\",\"url\":\"https:\\\/\\\/erki24nd3ub.exactdn.com\\\/wp-content\\\/uploads\\\/dream\\\/img\\\/img_80275_3712cb13c4e456ff12a6f3b9ce63f728_1.jpg?strip=all\",\"contentUrl\":\"https:\\\/\\\/erki24nd3ub.exactdn.com\\\/wp-content\\\/uploads\\\/dream\\\/img\\\/img_80275_3712cb13c4e456ff12a6f3b9ce63f728_1.jpg?strip=all\",\"width\":900,\"height\":900},{\"@type\":\"BreadcrumbList\",\"@id\":\"https:\\\/\\\/lovme.pt\\\/index.php\\\/produto\\\/bijoux-slow-sex-blsamo-estimulante-de-clitoris-10-ml\\\/#breadcrumb\",\"itemListElement\":[{\"@type\":\"ListItem\",\"position\":1,\"name\":\"In\u00edcio\",\"item\":\"https:\\\/\\\/lovme.pt\\\/\"},{\"@type\":\"ListItem\",\"position\":2,\"name\":\"Loja\",\"item\":\"https:\\\/\\\/lovme.pt\\\/index.php\\\/loja\\\/\"},{\"@type\":\"ListItem\",\"position\":3,\"name\":\"BIJOUX &#8211; B\u00c1LSAMO PARA CLIT\u00d3RIS ESTIMULANTE SLOW SEX 10 ML\"}]},{\"@type\":\"WebSite\",\"@id\":\"https:\\\/\\\/lovme.pt\\\/#website\",\"url\":\"https:\\\/\\\/lovme.pt\\\/\",\"name\":\"Lovme Loja Er\u00f3tica N\u00ba1 em Portugal\",\"description\":\"A melhor loja er\u00f3tica de Portugal.\",\"alternateName\":\"Loja Er\u00f3tica Lovme\",\"potentialAction\":[{\"@type\":\"SearchAction\",\"target\":{\"@type\":\"EntryPoint\",\"urlTemplate\":\"https:\\\/\\\/lovme.pt\\\/?s={search_term_string}\"},\"query-input\":{\"@type\":\"PropertyValueSpecification\",\"valueRequired\":true,\"valueName\":\"search_term_string\"}}],\"inLanguage\":\"pt-PT\"}]}<\/script>\n<!-- \/ Yoast SEO plugin. -->","yoast_head_json":{"title":"BIJOUX - B\u00c1LSAMO PARA CLIT\u00d3RIS ESTIMULANTE SLOW SEX 10 ML - Lovme","robots":{"index":"index","follow":"follow","max-snippet":"max-snippet:-1","max-image-preview":"max-image-preview:large","max-video-preview":"max-video-preview:-1"},"canonical":"https:\/\/lovme.pt\/index.php\/produto\/bijoux-slow-sex-blsamo-estimulante-de-clitoris-10-ml\/","og_locale":"pt_PT","og_type":"article","og_title":"BIJOUX - B\u00c1LSAMO PARA CLIT\u00d3RIS ESTIMULANTE SLOW SEX 10 ML - Lovme","og_description":"BIJOUX - B\u00c1LSAMO PARA CLIT\u00d3RIS ESTIMULANTE SLOW SEX 10 ML","og_url":"https:\/\/lovme.pt\/index.php\/produto\/bijoux-slow-sex-blsamo-estimulante-de-clitoris-10-ml\/","og_site_name":"Lovme","article_modified_time":"2026-04-14T16:33:19+00:00","og_image":[{"width":900,"height":900,"url":"https:\/\/erki24nd3ub.exactdn.com\/wp-content\/uploads\/dream\/img\/img_80275_3712cb13c4e456ff12a6f3b9ce63f728_1.jpg?strip=all","type":"image\/jpeg"}],"twitter_card":"summary_large_image","twitter_misc":{"Tempo estimado de leitura":"2 minutos"},"schema":{"@context":"https:\/\/schema.org","@graph":[{"@type":"WebPage","@id":"https:\/\/lovme.pt\/index.php\/produto\/bijoux-slow-sex-blsamo-estimulante-de-clitoris-10-ml\/","url":"https:\/\/lovme.pt\/index.php\/produto\/bijoux-slow-sex-blsamo-estimulante-de-clitoris-10-ml\/","name":"BIJOUX - B\u00c1LSAMO PARA CLIT\u00d3RIS ESTIMULANTE SLOW SEX 10 ML - Lovme","isPartOf":{"@id":"https:\/\/lovme.pt\/#website"},"primaryImageOfPage":{"@id":"https:\/\/lovme.pt\/index.php\/produto\/bijoux-slow-sex-blsamo-estimulante-de-clitoris-10-ml\/#primaryimage"},"image":{"@id":"https:\/\/lovme.pt\/index.php\/produto\/bijoux-slow-sex-blsamo-estimulante-de-clitoris-10-ml\/#primaryimage"},"thumbnailUrl":"https:\/\/erki24nd3ub.exactdn.com\/wp-content\/uploads\/dream\/img\/img_80275_3712cb13c4e456ff12a6f3b9ce63f728_1.jpg?strip=all","datePublished":"2025-09-30T09:46:54+00:00","dateModified":"2026-04-14T16:33:19+00:00","breadcrumb":{"@id":"https:\/\/lovme.pt\/index.php\/produto\/bijoux-slow-sex-blsamo-estimulante-de-clitoris-10-ml\/#breadcrumb"},"inLanguage":"pt-PT","potentialAction":[{"@type":"ReadAction","target":["https:\/\/lovme.pt\/index.php\/produto\/bijoux-slow-sex-blsamo-estimulante-de-clitoris-10-ml\/"]}]},{"@type":"ImageObject","inLanguage":"pt-PT","@id":"https:\/\/lovme.pt\/index.php\/produto\/bijoux-slow-sex-blsamo-estimulante-de-clitoris-10-ml\/#primaryimage","url":"https:\/\/erki24nd3ub.exactdn.com\/wp-content\/uploads\/dream\/img\/img_80275_3712cb13c4e456ff12a6f3b9ce63f728_1.jpg?strip=all","contentUrl":"https:\/\/erki24nd3ub.exactdn.com\/wp-content\/uploads\/dream\/img\/img_80275_3712cb13c4e456ff12a6f3b9ce63f728_1.jpg?strip=all","width":900,"height":900},{"@type":"BreadcrumbList","@id":"https:\/\/lovme.pt\/index.php\/produto\/bijoux-slow-sex-blsamo-estimulante-de-clitoris-10-ml\/#breadcrumb","itemListElement":[{"@type":"ListItem","position":1,"name":"In\u00edcio","item":"https:\/\/lovme.pt\/"},{"@type":"ListItem","position":2,"name":"Loja","item":"https:\/\/lovme.pt\/index.php\/loja\/"},{"@type":"ListItem","position":3,"name":"BIJOUX &#8211; B\u00c1LSAMO PARA CLIT\u00d3RIS ESTIMULANTE SLOW SEX 10 ML"}]},{"@type":"WebSite","@id":"https:\/\/lovme.pt\/#website","url":"https:\/\/lovme.pt\/","name":"Lovme Loja Er\u00f3tica N\u00ba1 em Portugal","description":"A melhor loja er\u00f3tica de Portugal.","alternateName":"Loja Er\u00f3tica Lovme","potentialAction":[{"@type":"SearchAction","target":{"@type":"EntryPoint","urlTemplate":"https:\/\/lovme.pt\/?s={search_term_string}"},"query-input":{"@type":"PropertyValueSpecification","valueRequired":true,"valueName":"search_term_string"}}],"inLanguage":"pt-PT"}]}},"_links":{"self":[{"href":"https:\/\/lovme.pt\/index.php\/wp-json\/wp\/v2\/product\/28268","targetHints":{"allow":["GET"]}}],"collection":[{"href":"https:\/\/lovme.pt\/index.php\/wp-json\/wp\/v2\/product"}],"about":[{"href":"https:\/\/lovme.pt\/index.php\/wp-json\/wp\/v2\/types\/product"}],"wp:featuredmedia":[{"embeddable":true,"href":"https:\/\/lovme.pt\/index.php\/wp-json\/wp\/v2\/media\/56939"}],"wp:attachment":[{"href":"https:\/\/lovme.pt\/index.php\/wp-json\/wp\/v2\/media?parent=28268"}],"wp:term":[{"taxonomy":"product_brand","embeddable":true,"href":"https:\/\/lovme.pt\/index.php\/wp-json\/wp\/v2\/product_brand?post=28268"},{"taxonomy":"product_cat","embeddable":true,"href":"https:\/\/lovme.pt\/index.php\/wp-json\/wp\/v2\/product_cat?post=28268"},{"taxonomy":"product_tag","embeddable":true,"href":"https:\/\/lovme.pt\/index.php\/wp-json\/wp\/v2\/product_tag?post=28268"}],"curies":[{"name":"wp","href":"https:\/\/api.w.org\/{rel}","templated":true}]}}