{"id":28262,"date":"2025-09-30T09:44:36","date_gmt":"2025-09-30T09:44:36","guid":{"rendered":"https:\/\/lovme.pt\/?post_type=product&#038;p=28262"},"modified":"2026-04-14T10:33:00","modified_gmt":"2026-04-14T10:33:00","slug":"bijoux-slow-sex-gel-de-massagem-de-corpo-inteiro-50-ml","status":"publish","type":"product","link":"https:\/\/lovme.pt\/index.php\/produto\/bijoux-slow-sex-gel-de-massagem-de-corpo-inteiro-50-ml\/","title":{"rendered":"BIJOUX &#8211; GEL DE MASSAGEM CORPORAL INTEIRO SLOW SEX 50 ML"},"content":{"rendered":"<p>A Bijoux apresenta SLOW SEX, uma linha de cosm\u00e9ticos er\u00f3ticos que promove o verdadeiro prazer, do primeiro toque ao \u00faltimo gemido. Num mundo onde o que mais tocamos s\u00e3o as telas dos nossos celulares e a vida se resume a correria e estresse, SLOW SEX \u00e9 um convite para desfrutar de um bom sexo, concentrando-se no que realmente importa: o prazer.<\/p>\n<p> O SLOW SEX deixa de lado os preconceitos para descobrir novos prazeres: brincar e saborear aqueles momentos preciosos sem ideias preconcebidas.<\/p>\n<p> Ele combina ingredientes naturais com f\u00f3rmulas patenteadas e ainda ajuda a salvar o planeta fazendo sexo! Isso porque as embalagens do SLOW SEX s\u00e3o feitas de alum\u00ednio, vidro, papel e uma pequena quantidade de pl\u00e1stico recicl\u00e1vel.<\/p>\n<p> Elas tamb\u00e9m t\u00eam um delicioso aroma de coco e um tamanho perfeito para que voc\u00ea possa viajar sem precisar fazer check-in.<\/p>\n<p> Gel de massagem para o corpo todo:<\/p>\n<ul>\n<li> Gel para massagem corporal<\/li>\n<li> Compat\u00edvel com \u00e1reas \u00edntimas<\/li>\n<li> textura macia<\/li>\n<li> Efeito duradouro<\/li>\n<li> Aroma de coco<\/li>\n<li> Quantidade: 50ml<\/li>\n<li> <strong>Ingredientes<\/strong> : Propanodiol, \u00e1gua, aroma, hidroxietilcelulose, benzoato de s\u00f3dio, sorbato de pot\u00e1ssio, cloreto de guar hidroxipropiltrim\u00f4nio, EDTA diss\u00f3dico, sacarina s\u00f3dica.<\/li>\n<\/ul>\n<p> Massageie todas as partes do seu corpo com este gel \u00e0 base de silicone. Afinal, seu corpo \u00e9 sua melhor ferramenta: use seus seios ou suas n\u00e1degas para deslizar sobre o corpo do seu parceiro, aplique e massageie o quanto quiser, at\u00e9 mesmo debaixo d&#039;\u00e1gua!<\/p>\n","protected":false},"excerpt":{"rendered":"<p>BIJOUX &#8211; GEL DE MASSAGEM CORPORAL INTEIRO SLOW SEX 50 ML<\/p>\n","protected":false},"featured_media":56441,"template":"","meta":{"_acf_changed":false},"product_brand":[],"product_cat":[49,51],"product_tag":[],"class_list":{"0":"post-28262","1":"product","2":"type-product","3":"status-publish","4":"has-post-thumbnail","6":"product_cat-cosmeticos","7":"product_cat-oleos-de-massagem","8":"yith_product_brand-bijoux-indiscretsbijoux-slow-sex","10":"first","11":"instock","12":"taxable","13":"shipping-taxable","14":"purchasable","15":"product-type-simple"},"acf":[],"yoast_head":"<!-- This site is optimized with the Yoast SEO plugin v27.3 - https:\/\/yoast.com\/product\/yoast-seo-wordpress\/ -->\n<title>BIJOUX - GEL DE MASSAGEM CORPORAL INTEIRO SLOW SEX 50 ML - Lovme<\/title>\n<meta name=\"robots\" content=\"index, follow, max-snippet:-1, max-image-preview:large, max-video-preview:-1\" \/>\n<link rel=\"canonical\" href=\"https:\/\/lovme.pt\/index.php\/produto\/bijoux-slow-sex-gel-de-massagem-de-corpo-inteiro-50-ml\/\" \/>\n<meta property=\"og:locale\" content=\"pt_PT\" \/>\n<meta property=\"og:type\" content=\"article\" \/>\n<meta property=\"og:title\" content=\"BIJOUX - GEL DE MASSAGEM CORPORAL INTEIRO SLOW SEX 50 ML - Lovme\" \/>\n<meta property=\"og:description\" content=\"BIJOUX - GEL DE MASSAGEM CORPORAL INTEIRO SLOW SEX 50 ML\" \/>\n<meta property=\"og:url\" content=\"https:\/\/lovme.pt\/index.php\/produto\/bijoux-slow-sex-gel-de-massagem-de-corpo-inteiro-50-ml\/\" \/>\n<meta property=\"og:site_name\" content=\"Lovme\" \/>\n<meta property=\"article:modified_time\" content=\"2026-04-14T10:33:00+00:00\" \/>\n<meta property=\"og:image\" content=\"https:\/\/erki24nd3ub.exactdn.com\/wp-content\/uploads\/dream\/img\/img_80263_97518d4934dd7aafaec7afc7bf2df9d7_1.jpg?strip=all\" \/>\n\t<meta property=\"og:image:width\" content=\"800\" \/>\n\t<meta property=\"og:image:height\" content=\"800\" \/>\n\t<meta property=\"og:image:type\" content=\"image\/jpeg\" \/>\n<meta name=\"twitter:card\" content=\"summary_large_image\" \/>\n<meta name=\"twitter:label1\" content=\"Tempo estimado de leitura\" \/>\n\t<meta name=\"twitter:data1\" content=\"1 minuto\" \/>\n<script type=\"application\/ld+json\" class=\"yoast-schema-graph\">{\"@context\":\"https:\\\/\\\/schema.org\",\"@graph\":[{\"@type\":\"WebPage\",\"@id\":\"https:\\\/\\\/lovme.pt\\\/index.php\\\/produto\\\/bijoux-slow-sex-gel-de-massagem-de-corpo-inteiro-50-ml\\\/\",\"url\":\"https:\\\/\\\/lovme.pt\\\/index.php\\\/produto\\\/bijoux-slow-sex-gel-de-massagem-de-corpo-inteiro-50-ml\\\/\",\"name\":\"BIJOUX - GEL DE MASSAGEM CORPORAL INTEIRO SLOW SEX 50 ML - Lovme\",\"isPartOf\":{\"@id\":\"https:\\\/\\\/lovme.pt\\\/#website\"},\"primaryImageOfPage\":{\"@id\":\"https:\\\/\\\/lovme.pt\\\/index.php\\\/produto\\\/bijoux-slow-sex-gel-de-massagem-de-corpo-inteiro-50-ml\\\/#primaryimage\"},\"image\":{\"@id\":\"https:\\\/\\\/lovme.pt\\\/index.php\\\/produto\\\/bijoux-slow-sex-gel-de-massagem-de-corpo-inteiro-50-ml\\\/#primaryimage\"},\"thumbnailUrl\":\"https:\\\/\\\/erki24nd3ub.exactdn.com\\\/wp-content\\\/uploads\\\/dream\\\/img\\\/img_80263_97518d4934dd7aafaec7afc7bf2df9d7_1.jpg?strip=all\",\"datePublished\":\"2025-09-30T09:44:36+00:00\",\"dateModified\":\"2026-04-14T10:33:00+00:00\",\"breadcrumb\":{\"@id\":\"https:\\\/\\\/lovme.pt\\\/index.php\\\/produto\\\/bijoux-slow-sex-gel-de-massagem-de-corpo-inteiro-50-ml\\\/#breadcrumb\"},\"inLanguage\":\"pt-PT\",\"potentialAction\":[{\"@type\":\"ReadAction\",\"target\":[\"https:\\\/\\\/lovme.pt\\\/index.php\\\/produto\\\/bijoux-slow-sex-gel-de-massagem-de-corpo-inteiro-50-ml\\\/\"]}]},{\"@type\":\"ImageObject\",\"inLanguage\":\"pt-PT\",\"@id\":\"https:\\\/\\\/lovme.pt\\\/index.php\\\/produto\\\/bijoux-slow-sex-gel-de-massagem-de-corpo-inteiro-50-ml\\\/#primaryimage\",\"url\":\"https:\\\/\\\/erki24nd3ub.exactdn.com\\\/wp-content\\\/uploads\\\/dream\\\/img\\\/img_80263_97518d4934dd7aafaec7afc7bf2df9d7_1.jpg?strip=all\",\"contentUrl\":\"https:\\\/\\\/erki24nd3ub.exactdn.com\\\/wp-content\\\/uploads\\\/dream\\\/img\\\/img_80263_97518d4934dd7aafaec7afc7bf2df9d7_1.jpg?strip=all\",\"width\":800,\"height\":800},{\"@type\":\"BreadcrumbList\",\"@id\":\"https:\\\/\\\/lovme.pt\\\/index.php\\\/produto\\\/bijoux-slow-sex-gel-de-massagem-de-corpo-inteiro-50-ml\\\/#breadcrumb\",\"itemListElement\":[{\"@type\":\"ListItem\",\"position\":1,\"name\":\"In\u00edcio\",\"item\":\"https:\\\/\\\/lovme.pt\\\/\"},{\"@type\":\"ListItem\",\"position\":2,\"name\":\"Loja\",\"item\":\"https:\\\/\\\/lovme.pt\\\/index.php\\\/loja\\\/\"},{\"@type\":\"ListItem\",\"position\":3,\"name\":\"BIJOUX &#8211; GEL DE MASSAGEM CORPORAL INTEIRO SLOW SEX 50 ML\"}]},{\"@type\":\"WebSite\",\"@id\":\"https:\\\/\\\/lovme.pt\\\/#website\",\"url\":\"https:\\\/\\\/lovme.pt\\\/\",\"name\":\"Lovme Loja Er\u00f3tica N\u00ba1 em Portugal\",\"description\":\"A melhor loja er\u00f3tica de Portugal.\",\"alternateName\":\"Loja Er\u00f3tica Lovme\",\"potentialAction\":[{\"@type\":\"SearchAction\",\"target\":{\"@type\":\"EntryPoint\",\"urlTemplate\":\"https:\\\/\\\/lovme.pt\\\/?s={search_term_string}\"},\"query-input\":{\"@type\":\"PropertyValueSpecification\",\"valueRequired\":true,\"valueName\":\"search_term_string\"}}],\"inLanguage\":\"pt-PT\"}]}<\/script>\n<!-- \/ Yoast SEO plugin. -->","yoast_head_json":{"title":"BIJOUX - GEL DE MASSAGEM CORPORAL INTEIRO SLOW SEX 50 ML - Lovme","robots":{"index":"index","follow":"follow","max-snippet":"max-snippet:-1","max-image-preview":"max-image-preview:large","max-video-preview":"max-video-preview:-1"},"canonical":"https:\/\/lovme.pt\/index.php\/produto\/bijoux-slow-sex-gel-de-massagem-de-corpo-inteiro-50-ml\/","og_locale":"pt_PT","og_type":"article","og_title":"BIJOUX - GEL DE MASSAGEM CORPORAL INTEIRO SLOW SEX 50 ML - Lovme","og_description":"BIJOUX - GEL DE MASSAGEM CORPORAL INTEIRO SLOW SEX 50 ML","og_url":"https:\/\/lovme.pt\/index.php\/produto\/bijoux-slow-sex-gel-de-massagem-de-corpo-inteiro-50-ml\/","og_site_name":"Lovme","article_modified_time":"2026-04-14T10:33:00+00:00","og_image":[{"width":800,"height":800,"url":"https:\/\/erki24nd3ub.exactdn.com\/wp-content\/uploads\/dream\/img\/img_80263_97518d4934dd7aafaec7afc7bf2df9d7_1.jpg?strip=all","type":"image\/jpeg"}],"twitter_card":"summary_large_image","twitter_misc":{"Tempo estimado de leitura":"1 minuto"},"schema":{"@context":"https:\/\/schema.org","@graph":[{"@type":"WebPage","@id":"https:\/\/lovme.pt\/index.php\/produto\/bijoux-slow-sex-gel-de-massagem-de-corpo-inteiro-50-ml\/","url":"https:\/\/lovme.pt\/index.php\/produto\/bijoux-slow-sex-gel-de-massagem-de-corpo-inteiro-50-ml\/","name":"BIJOUX - GEL DE MASSAGEM CORPORAL INTEIRO SLOW SEX 50 ML - Lovme","isPartOf":{"@id":"https:\/\/lovme.pt\/#website"},"primaryImageOfPage":{"@id":"https:\/\/lovme.pt\/index.php\/produto\/bijoux-slow-sex-gel-de-massagem-de-corpo-inteiro-50-ml\/#primaryimage"},"image":{"@id":"https:\/\/lovme.pt\/index.php\/produto\/bijoux-slow-sex-gel-de-massagem-de-corpo-inteiro-50-ml\/#primaryimage"},"thumbnailUrl":"https:\/\/erki24nd3ub.exactdn.com\/wp-content\/uploads\/dream\/img\/img_80263_97518d4934dd7aafaec7afc7bf2df9d7_1.jpg?strip=all","datePublished":"2025-09-30T09:44:36+00:00","dateModified":"2026-04-14T10:33:00+00:00","breadcrumb":{"@id":"https:\/\/lovme.pt\/index.php\/produto\/bijoux-slow-sex-gel-de-massagem-de-corpo-inteiro-50-ml\/#breadcrumb"},"inLanguage":"pt-PT","potentialAction":[{"@type":"ReadAction","target":["https:\/\/lovme.pt\/index.php\/produto\/bijoux-slow-sex-gel-de-massagem-de-corpo-inteiro-50-ml\/"]}]},{"@type":"ImageObject","inLanguage":"pt-PT","@id":"https:\/\/lovme.pt\/index.php\/produto\/bijoux-slow-sex-gel-de-massagem-de-corpo-inteiro-50-ml\/#primaryimage","url":"https:\/\/erki24nd3ub.exactdn.com\/wp-content\/uploads\/dream\/img\/img_80263_97518d4934dd7aafaec7afc7bf2df9d7_1.jpg?strip=all","contentUrl":"https:\/\/erki24nd3ub.exactdn.com\/wp-content\/uploads\/dream\/img\/img_80263_97518d4934dd7aafaec7afc7bf2df9d7_1.jpg?strip=all","width":800,"height":800},{"@type":"BreadcrumbList","@id":"https:\/\/lovme.pt\/index.php\/produto\/bijoux-slow-sex-gel-de-massagem-de-corpo-inteiro-50-ml\/#breadcrumb","itemListElement":[{"@type":"ListItem","position":1,"name":"In\u00edcio","item":"https:\/\/lovme.pt\/"},{"@type":"ListItem","position":2,"name":"Loja","item":"https:\/\/lovme.pt\/index.php\/loja\/"},{"@type":"ListItem","position":3,"name":"BIJOUX &#8211; GEL DE MASSAGEM CORPORAL INTEIRO SLOW SEX 50 ML"}]},{"@type":"WebSite","@id":"https:\/\/lovme.pt\/#website","url":"https:\/\/lovme.pt\/","name":"Lovme Loja Er\u00f3tica N\u00ba1 em Portugal","description":"A melhor loja er\u00f3tica de Portugal.","alternateName":"Loja Er\u00f3tica Lovme","potentialAction":[{"@type":"SearchAction","target":{"@type":"EntryPoint","urlTemplate":"https:\/\/lovme.pt\/?s={search_term_string}"},"query-input":{"@type":"PropertyValueSpecification","valueRequired":true,"valueName":"search_term_string"}}],"inLanguage":"pt-PT"}]}},"_links":{"self":[{"href":"https:\/\/lovme.pt\/index.php\/wp-json\/wp\/v2\/product\/28262","targetHints":{"allow":["GET"]}}],"collection":[{"href":"https:\/\/lovme.pt\/index.php\/wp-json\/wp\/v2\/product"}],"about":[{"href":"https:\/\/lovme.pt\/index.php\/wp-json\/wp\/v2\/types\/product"}],"wp:featuredmedia":[{"embeddable":true,"href":"https:\/\/lovme.pt\/index.php\/wp-json\/wp\/v2\/media\/56441"}],"wp:attachment":[{"href":"https:\/\/lovme.pt\/index.php\/wp-json\/wp\/v2\/media?parent=28262"}],"wp:term":[{"taxonomy":"product_brand","embeddable":true,"href":"https:\/\/lovme.pt\/index.php\/wp-json\/wp\/v2\/product_brand?post=28262"},{"taxonomy":"product_cat","embeddable":true,"href":"https:\/\/lovme.pt\/index.php\/wp-json\/wp\/v2\/product_cat?post=28262"},{"taxonomy":"product_tag","embeddable":true,"href":"https:\/\/lovme.pt\/index.php\/wp-json\/wp\/v2\/product_tag?post=28262"}],"curies":[{"name":"wp","href":"https:\/\/api.w.org\/{rel}","templated":true}]}}