{"id":28205,"date":"2025-09-30T20:34:11","date_gmt":"2025-09-30T20:34:11","guid":{"rendered":"https:\/\/lovme.pt\/?post_type=product&p=28205"},"modified":"2026-02-19T20:23:17","modified_gmt":"2026-02-19T20:23:17","slug":"basecock-vibrador-realistico-2-1-natural-18-5-cm-o-4-cm","status":"publish","type":"product","link":"https:\/\/lovme.pt\/index.php\/produto\/basecock-vibrador-realistico-2-1-natural-18-5-cm-o-4-cm\/","title":{"rendered":"BASECOCK &#8211; VIBRADOR REAL\u00cdSTICO 2-1 NATURAL 18.5 CM -O- 4 CM"},"content":{"rendered":"<p>Os novos vibradores BASECOCK s\u00e3o os p\u00eanis vibrat\u00f3rios de fabrica\u00e7\u00e3o americana mais realistas do mundo!<\/p>\n<p>Cada veia, cada haste e cada cabe\u00e7a s\u00e3o feitas \u00e0 m\u00e3o com extrema aten\u00e7\u00e3o aos detalhes para proporcionar a experi\u00eancia mais realista imaginada. As hastes flex\u00edveis permitem dobrar o p\u00eanis para se ajustar aos contornos do seu corpo, enquanto o motor potente o afasta ainda mais.<\/p>\n<p>As bases remov\u00edveis das ventosas aderem a quase qualquer superf\u00edcie plana e significam que voc\u00ea pode usar o vibrador realista em qualquer base de parede lisa.<\/p>\n<p>Al\u00e9m disso, voc\u00ea pode remover a manga realista e us\u00e1-la como extensor de p\u00eanis.<\/p>\n<p>BASECOCK proporciona uma experi\u00eancia realista com uma infinidade de fun\u00e7\u00f5es, basta deixar-se levar, sonhar, imaginar e desfrutar!!<\/p>\n<ul>\n<li>Toque realista<\/li>\n<li>Velocidade ajust\u00e1vel<\/li>\n<li>V\u00e1lido como extensor de p\u00eanis<\/li>\n<li>Falatos gr\u00e1tis<\/li>\n<li>Base de fixa\u00e7\u00e3o<\/li>\n<li>Material seguro para o corpo<\/li>\n<li>Material TPE sedoso e dur\u00e1vel.<\/li>\n<li>Medidas; 18.5x4cm<\/li>\n<\/ul>\n<p>Ele usa duas baterias AA que voc\u00ea pode encontrar na se\u00e7\u00e3o Baterias.<\/p>\n<p>O material TPE destaca-se pela sua superf\u00edcie mate e sedosa com uma extraordin\u00e1ria adapta\u00e7\u00e3o ao corpo. Os brinquedos sexuais s\u00e3o f\u00e1ceis de limpar e permanecem higi\u00eanicos por muito tempo. O material flex\u00edvel desliza maravilhosamente e se adapta rapidamente \u00e0 temperatura corporal. O vibrador limpa r\u00e1pida e facilmente com um pouco de sab\u00e3o e \u00e1gua morna. Para uma higiene completa, pulverize a seguir com o limpador desinfetante Waterfeel ToyCleaner para brinquedos sexuais especificamente desenvolvido para este fim.<\/p>\n","protected":false},"excerpt":{"rendered":"<p>BASECOCK &#8211; VIBRADOR REAL\u00cdSTICO 2-1 NATURAL 18.5 CM -O- 4 CM<\/p>\n","protected":false},"featured_media":70181,"template":"","meta":{"_acf_changed":false},"product_brand":[],"product_cat":[17,61,76],"product_tag":[],"class_list":{"0":"post-28205","1":"product","2":"type-product","3":"status-publish","4":"has-post-thumbnail","6":"product_cat-brinquedos-de-bem-estar-sexual","7":"product_cat-para-elas","8":"product_cat-vibradores","9":"yith_product_brand-basecock","11":"first","12":"instock","13":"taxable","14":"shipping-taxable","15":"purchasable","16":"product-type-variable","17":"has-default-attributes"},"acf":[],"yoast_head":"<!-- This site is optimized with the Yoast SEO plugin v27.4 - https:\/\/yoast.com\/product\/yoast-seo-wordpress\/ -->\n<title>BASECOCK - VIBRADOR REAL\u00cdSTICO 2-1 NATURAL 18.5 CM -O- 4 CM - Lovme<\/title>\n<meta name=\"robots\" content=\"index, follow, max-snippet:-1, max-image-preview:large, max-video-preview:-1\" \/>\n<link rel=\"canonical\" href=\"https:\/\/lovme.pt\/index.php\/produto\/basecock-vibrador-realistico-2-1-natural-18-5-cm-o-4-cm\/\" \/>\n<meta property=\"og:locale\" content=\"pt_PT\" \/>\n<meta property=\"og:type\" content=\"article\" \/>\n<meta property=\"og:title\" content=\"BASECOCK - VIBRADOR REAL\u00cdSTICO 2-1 NATURAL 18.5 CM -O- 4 CM - Lovme\" \/>\n<meta property=\"og:description\" content=\"BASECOCK - VIBRADOR REAL\u00cdSTICO 2-1 NATURAL 18.5 CM -O- 4 CM\" \/>\n<meta property=\"og:url\" content=\"https:\/\/lovme.pt\/index.php\/produto\/basecock-vibrador-realistico-2-1-natural-18-5-cm-o-4-cm\/\" \/>\n<meta property=\"og:site_name\" content=\"Lovme\" \/>\n<meta property=\"article:modified_time\" content=\"2026-02-19T20:23:17+00:00\" \/>\n<meta property=\"og:image\" content=\"https:\/\/erki24nd3ub.exactdn.com\/wp-content\/uploads\/dream\/img\/img_143445_fc880d9913efa5408abd42708ba68837_1.png?strip=all\" \/>\n\t<meta property=\"og:image:width\" content=\"800\" \/>\n\t<meta property=\"og:image:height\" content=\"800\" \/>\n\t<meta property=\"og:image:type\" content=\"image\/png\" \/>\n<meta name=\"twitter:card\" content=\"summary_large_image\" \/>\n<meta name=\"twitter:label1\" content=\"Tempo estimado de leitura\" \/>\n\t<meta name=\"twitter:data1\" content=\"1 minuto\" \/>\n<script type=\"application\/ld+json\" class=\"yoast-schema-graph\">{\"@context\":\"https:\\\/\\\/schema.org\",\"@graph\":[{\"@type\":\"WebPage\",\"@id\":\"https:\\\/\\\/lovme.pt\\\/index.php\\\/produto\\\/basecock-vibrador-realistico-2-1-natural-18-5-cm-o-4-cm\\\/\",\"url\":\"https:\\\/\\\/lovme.pt\\\/index.php\\\/produto\\\/basecock-vibrador-realistico-2-1-natural-18-5-cm-o-4-cm\\\/\",\"name\":\"BASECOCK - VIBRADOR REAL\u00cdSTICO 2-1 NATURAL 18.5 CM -O- 4 CM - Lovme\",\"isPartOf\":{\"@id\":\"https:\\\/\\\/lovme.pt\\\/#website\"},\"primaryImageOfPage\":{\"@id\":\"https:\\\/\\\/lovme.pt\\\/index.php\\\/produto\\\/basecock-vibrador-realistico-2-1-natural-18-5-cm-o-4-cm\\\/#primaryimage\"},\"image\":{\"@id\":\"https:\\\/\\\/lovme.pt\\\/index.php\\\/produto\\\/basecock-vibrador-realistico-2-1-natural-18-5-cm-o-4-cm\\\/#primaryimage\"},\"thumbnailUrl\":\"https:\\\/\\\/erki24nd3ub.exactdn.com\\\/wp-content\\\/uploads\\\/dream\\\/img\\\/img_143445_fc880d9913efa5408abd42708ba68837_1.png?strip=all\",\"datePublished\":\"2025-09-30T20:34:11+00:00\",\"dateModified\":\"2026-02-19T20:23:17+00:00\",\"breadcrumb\":{\"@id\":\"https:\\\/\\\/lovme.pt\\\/index.php\\\/produto\\\/basecock-vibrador-realistico-2-1-natural-18-5-cm-o-4-cm\\\/#breadcrumb\"},\"inLanguage\":\"pt-PT\",\"potentialAction\":[{\"@type\":\"ReadAction\",\"target\":[\"https:\\\/\\\/lovme.pt\\\/index.php\\\/produto\\\/basecock-vibrador-realistico-2-1-natural-18-5-cm-o-4-cm\\\/\"]}]},{\"@type\":\"ImageObject\",\"inLanguage\":\"pt-PT\",\"@id\":\"https:\\\/\\\/lovme.pt\\\/index.php\\\/produto\\\/basecock-vibrador-realistico-2-1-natural-18-5-cm-o-4-cm\\\/#primaryimage\",\"url\":\"https:\\\/\\\/erki24nd3ub.exactdn.com\\\/wp-content\\\/uploads\\\/dream\\\/img\\\/img_143445_fc880d9913efa5408abd42708ba68837_1.png?strip=all\",\"contentUrl\":\"https:\\\/\\\/erki24nd3ub.exactdn.com\\\/wp-content\\\/uploads\\\/dream\\\/img\\\/img_143445_fc880d9913efa5408abd42708ba68837_1.png?strip=all\",\"width\":800,\"height\":800},{\"@type\":\"BreadcrumbList\",\"@id\":\"https:\\\/\\\/lovme.pt\\\/index.php\\\/produto\\\/basecock-vibrador-realistico-2-1-natural-18-5-cm-o-4-cm\\\/#breadcrumb\",\"itemListElement\":[{\"@type\":\"ListItem\",\"position\":1,\"name\":\"In\u00edcio\",\"item\":\"https:\\\/\\\/lovme.pt\\\/\"},{\"@type\":\"ListItem\",\"position\":2,\"name\":\"Loja\",\"item\":\"https:\\\/\\\/lovme.pt\\\/index.php\\\/loja\\\/\"},{\"@type\":\"ListItem\",\"position\":3,\"name\":\"BASECOCK &#8211; VIBRADOR REAL\u00cdSTICO 2-1 NATURAL 18.5 CM -O- 4 CM\"}]},{\"@type\":\"WebSite\",\"@id\":\"https:\\\/\\\/lovme.pt\\\/#website\",\"url\":\"https:\\\/\\\/lovme.pt\\\/\",\"name\":\"Lovme Loja Er\u00f3tica N\u00ba1 em Portugal\",\"description\":\"A melhor loja er\u00f3tica de Portugal.\",\"alternateName\":\"Loja Er\u00f3tica Lovme\",\"potentialAction\":[{\"@type\":\"SearchAction\",\"target\":{\"@type\":\"EntryPoint\",\"urlTemplate\":\"https:\\\/\\\/lovme.pt\\\/?s={search_term_string}\"},\"query-input\":{\"@type\":\"PropertyValueSpecification\",\"valueRequired\":true,\"valueName\":\"search_term_string\"}}],\"inLanguage\":\"pt-PT\"}]}<\/script>\n<!-- \/ Yoast SEO plugin. -->","yoast_head_json":{"title":"BASECOCK - VIBRADOR REAL\u00cdSTICO 2-1 NATURAL 18.5 CM -O- 4 CM - Lovme","robots":{"index":"index","follow":"follow","max-snippet":"max-snippet:-1","max-image-preview":"max-image-preview:large","max-video-preview":"max-video-preview:-1"},"canonical":"https:\/\/lovme.pt\/index.php\/produto\/basecock-vibrador-realistico-2-1-natural-18-5-cm-o-4-cm\/","og_locale":"pt_PT","og_type":"article","og_title":"BASECOCK - VIBRADOR REAL\u00cdSTICO 2-1 NATURAL 18.5 CM -O- 4 CM - Lovme","og_description":"BASECOCK - VIBRADOR REAL\u00cdSTICO 2-1 NATURAL 18.5 CM -O- 4 CM","og_url":"https:\/\/lovme.pt\/index.php\/produto\/basecock-vibrador-realistico-2-1-natural-18-5-cm-o-4-cm\/","og_site_name":"Lovme","article_modified_time":"2026-02-19T20:23:17+00:00","og_image":[{"width":800,"height":800,"url":"https:\/\/erki24nd3ub.exactdn.com\/wp-content\/uploads\/dream\/img\/img_143445_fc880d9913efa5408abd42708ba68837_1.png?strip=all","type":"image\/png"}],"twitter_card":"summary_large_image","twitter_misc":{"Tempo estimado de leitura":"1 minuto"},"schema":{"@context":"https:\/\/schema.org","@graph":[{"@type":"WebPage","@id":"https:\/\/lovme.pt\/index.php\/produto\/basecock-vibrador-realistico-2-1-natural-18-5-cm-o-4-cm\/","url":"https:\/\/lovme.pt\/index.php\/produto\/basecock-vibrador-realistico-2-1-natural-18-5-cm-o-4-cm\/","name":"BASECOCK - VIBRADOR REAL\u00cdSTICO 2-1 NATURAL 18.5 CM -O- 4 CM - Lovme","isPartOf":{"@id":"https:\/\/lovme.pt\/#website"},"primaryImageOfPage":{"@id":"https:\/\/lovme.pt\/index.php\/produto\/basecock-vibrador-realistico-2-1-natural-18-5-cm-o-4-cm\/#primaryimage"},"image":{"@id":"https:\/\/lovme.pt\/index.php\/produto\/basecock-vibrador-realistico-2-1-natural-18-5-cm-o-4-cm\/#primaryimage"},"thumbnailUrl":"https:\/\/erki24nd3ub.exactdn.com\/wp-content\/uploads\/dream\/img\/img_143445_fc880d9913efa5408abd42708ba68837_1.png?strip=all","datePublished":"2025-09-30T20:34:11+00:00","dateModified":"2026-02-19T20:23:17+00:00","breadcrumb":{"@id":"https:\/\/lovme.pt\/index.php\/produto\/basecock-vibrador-realistico-2-1-natural-18-5-cm-o-4-cm\/#breadcrumb"},"inLanguage":"pt-PT","potentialAction":[{"@type":"ReadAction","target":["https:\/\/lovme.pt\/index.php\/produto\/basecock-vibrador-realistico-2-1-natural-18-5-cm-o-4-cm\/"]}]},{"@type":"ImageObject","inLanguage":"pt-PT","@id":"https:\/\/lovme.pt\/index.php\/produto\/basecock-vibrador-realistico-2-1-natural-18-5-cm-o-4-cm\/#primaryimage","url":"https:\/\/erki24nd3ub.exactdn.com\/wp-content\/uploads\/dream\/img\/img_143445_fc880d9913efa5408abd42708ba68837_1.png?strip=all","contentUrl":"https:\/\/erki24nd3ub.exactdn.com\/wp-content\/uploads\/dream\/img\/img_143445_fc880d9913efa5408abd42708ba68837_1.png?strip=all","width":800,"height":800},{"@type":"BreadcrumbList","@id":"https:\/\/lovme.pt\/index.php\/produto\/basecock-vibrador-realistico-2-1-natural-18-5-cm-o-4-cm\/#breadcrumb","itemListElement":[{"@type":"ListItem","position":1,"name":"In\u00edcio","item":"https:\/\/lovme.pt\/"},{"@type":"ListItem","position":2,"name":"Loja","item":"https:\/\/lovme.pt\/index.php\/loja\/"},{"@type":"ListItem","position":3,"name":"BASECOCK &#8211; VIBRADOR REAL\u00cdSTICO 2-1 NATURAL 18.5 CM -O- 4 CM"}]},{"@type":"WebSite","@id":"https:\/\/lovme.pt\/#website","url":"https:\/\/lovme.pt\/","name":"Lovme Loja Er\u00f3tica N\u00ba1 em Portugal","description":"A melhor loja er\u00f3tica de Portugal.","alternateName":"Loja Er\u00f3tica Lovme","potentialAction":[{"@type":"SearchAction","target":{"@type":"EntryPoint","urlTemplate":"https:\/\/lovme.pt\/?s={search_term_string}"},"query-input":{"@type":"PropertyValueSpecification","valueRequired":true,"valueName":"search_term_string"}}],"inLanguage":"pt-PT"}]}},"_links":{"self":[{"href":"https:\/\/lovme.pt\/index.php\/wp-json\/wp\/v2\/product\/28205","targetHints":{"allow":["GET"]}}],"collection":[{"href":"https:\/\/lovme.pt\/index.php\/wp-json\/wp\/v2\/product"}],"about":[{"href":"https:\/\/lovme.pt\/index.php\/wp-json\/wp\/v2\/types\/product"}],"wp:featuredmedia":[{"embeddable":true,"href":"https:\/\/lovme.pt\/index.php\/wp-json\/wp\/v2\/media\/70181"}],"wp:attachment":[{"href":"https:\/\/lovme.pt\/index.php\/wp-json\/wp\/v2\/media?parent=28205"}],"wp:term":[{"taxonomy":"product_brand","embeddable":true,"href":"https:\/\/lovme.pt\/index.php\/wp-json\/wp\/v2\/product_brand?post=28205"},{"taxonomy":"product_cat","embeddable":true,"href":"https:\/\/lovme.pt\/index.php\/wp-json\/wp\/v2\/product_cat?post=28205"},{"taxonomy":"product_tag","embeddable":true,"href":"https:\/\/lovme.pt\/index.php\/wp-json\/wp\/v2\/product_tag?post=28205"}],"curies":[{"name":"wp","href":"https:\/\/api.w.org\/{rel}","templated":true}]}}