{"id":27816,"date":"2025-09-30T09:56:49","date_gmt":"2025-09-30T09:56:49","guid":{"rendered":"https:\/\/lovme.pt\/?post_type=product&#038;p=27816"},"modified":"2026-04-15T13:30:43","modified_gmt":"2026-04-15T13:30:43","slug":"fetish-submissive-harness-dupla-penetrao-preto","status":"publish","type":"product","link":"https:\/\/lovme.pt\/index.php\/produto\/fetish-submissive-harness-dupla-penetrao-preto\/","title":{"rendered":"FETISH SUBMISSIVE HARNESS &#8211; DUPLA PENETRAO PRETO"},"content":{"rendered":"<p>Arn\u00eas de dupla penetra\u00e7\u00e3o ajust\u00e1vel a qualquer tamanho de quadril, mesmo o maior. O dildo \u00e9 feito de silicone premium.<\/p>\n<p> O silicone de grau m\u00e9dico certificado hipoalerg\u00eanico se destaca por sua sensa\u00e7\u00e3o sedosa e excelente capacidade de deslizamento. Para que voc\u00ea possa aproveitar seu novo amigo por muito tempo, \u00e9 recomend\u00e1vel que voc\u00ea use um lubrificante \u00e0 base de \u00e1gua em seus jogos mais molhados. Isso protege o material e a superf\u00edcie permanece sedosa. Voc\u00ea pode lavar seu brinquedo facilmente com \u00e1gua e sab\u00e3o neutro. Para uma higiene mais completa, use tamb\u00e9m um limpador desinfetante especial para brinquedos sexuais, como Waterfeel ou Nina kik\u00ed toy cleaner.<\/p>\n<p> O restante dos materiais que comp\u00f5em o arn\u00eas \u00e9 Abs com detalhes em metal.<\/p>\n<ul>\n<li> Ambos os vibradores t\u00eam 15 cm de comprimento, o maior, e 8 cm, o menor.<\/li>\n<li> Tamanho \u00fanico.<\/li>\n<\/ul>\n<p> Projetado especificamente para mulheres que desejam penetrar homens ou mulheres indistintamente.<\/p>\n","protected":false},"excerpt":{"rendered":"<p>FETISH SUBMISSIVE HARNESS &#8211; PRETO DUPLA PENETRAO<\/p>\n","protected":false},"featured_media":59734,"template":"","meta":{"_acf_changed":false},"product_brand":[],"product_cat":[17,56],"product_tag":[],"class_list":{"0":"post-27816","1":"product","2":"type-product","3":"status-publish","4":"has-post-thumbnail","6":"product_cat-brinquedos-de-bem-estar-sexual","7":"product_cat-dildos-e-arneses","8":"yith_product_brand-fetish-submissivefetish-submissive-harness","10":"first","11":"instock","12":"taxable","13":"shipping-taxable","14":"purchasable","15":"product-type-simple"},"acf":[],"yoast_head":"<!-- This site is optimized with the Yoast SEO plugin v27.3 - https:\/\/yoast.com\/product\/yoast-seo-wordpress\/ -->\n<title>FETISH SUBMISSIVE HARNESS - DUPLA PENETRAO PRETO - Lovme<\/title>\n<meta name=\"robots\" content=\"index, follow, max-snippet:-1, max-image-preview:large, max-video-preview:-1\" \/>\n<link rel=\"canonical\" href=\"https:\/\/lovme.pt\/index.php\/produto\/fetish-submissive-harness-dupla-penetrao-preto\/\" \/>\n<meta property=\"og:locale\" content=\"pt_PT\" \/>\n<meta property=\"og:type\" content=\"article\" \/>\n<meta property=\"og:title\" content=\"FETISH SUBMISSIVE HARNESS - DUPLA PENETRAO PRETO - Lovme\" \/>\n<meta property=\"og:description\" content=\"FETISH SUBMISSIVE HARNESS - PRETO DUPLA PENETRAO\" \/>\n<meta property=\"og:url\" content=\"https:\/\/lovme.pt\/index.php\/produto\/fetish-submissive-harness-dupla-penetrao-preto\/\" \/>\n<meta property=\"og:site_name\" content=\"Lovme\" \/>\n<meta property=\"article:modified_time\" content=\"2026-04-15T13:30:43+00:00\" \/>\n<meta property=\"og:image\" content=\"https:\/\/erki24nd3ub.exactdn.com\/wp-content\/uploads\/dream\/img\/img_79232_a29508d5142b3b6f4ec1e72e571f8350_1.png?strip=all\" \/>\n\t<meta property=\"og:image:width\" content=\"900\" \/>\n\t<meta property=\"og:image:height\" content=\"900\" \/>\n\t<meta property=\"og:image:type\" content=\"image\/png\" \/>\n<meta name=\"twitter:card\" content=\"summary_large_image\" \/>\n<meta name=\"twitter:label1\" content=\"Tempo estimado de leitura\" \/>\n\t<meta name=\"twitter:data1\" content=\"1 minuto\" \/>\n<script type=\"application\/ld+json\" class=\"yoast-schema-graph\">{\"@context\":\"https:\\\/\\\/schema.org\",\"@graph\":[{\"@type\":\"WebPage\",\"@id\":\"https:\\\/\\\/lovme.pt\\\/index.php\\\/produto\\\/fetish-submissive-harness-dupla-penetrao-preto\\\/\",\"url\":\"https:\\\/\\\/lovme.pt\\\/index.php\\\/produto\\\/fetish-submissive-harness-dupla-penetrao-preto\\\/\",\"name\":\"FETISH SUBMISSIVE HARNESS - DUPLA PENETRAO PRETO - Lovme\",\"isPartOf\":{\"@id\":\"https:\\\/\\\/lovme.pt\\\/#website\"},\"primaryImageOfPage\":{\"@id\":\"https:\\\/\\\/lovme.pt\\\/index.php\\\/produto\\\/fetish-submissive-harness-dupla-penetrao-preto\\\/#primaryimage\"},\"image\":{\"@id\":\"https:\\\/\\\/lovme.pt\\\/index.php\\\/produto\\\/fetish-submissive-harness-dupla-penetrao-preto\\\/#primaryimage\"},\"thumbnailUrl\":\"https:\\\/\\\/erki24nd3ub.exactdn.com\\\/wp-content\\\/uploads\\\/dream\\\/img\\\/img_79232_a29508d5142b3b6f4ec1e72e571f8350_1.png?strip=all\",\"datePublished\":\"2025-09-30T09:56:49+00:00\",\"dateModified\":\"2026-04-15T13:30:43+00:00\",\"breadcrumb\":{\"@id\":\"https:\\\/\\\/lovme.pt\\\/index.php\\\/produto\\\/fetish-submissive-harness-dupla-penetrao-preto\\\/#breadcrumb\"},\"inLanguage\":\"pt-PT\",\"potentialAction\":[{\"@type\":\"ReadAction\",\"target\":[\"https:\\\/\\\/lovme.pt\\\/index.php\\\/produto\\\/fetish-submissive-harness-dupla-penetrao-preto\\\/\"]}]},{\"@type\":\"ImageObject\",\"inLanguage\":\"pt-PT\",\"@id\":\"https:\\\/\\\/lovme.pt\\\/index.php\\\/produto\\\/fetish-submissive-harness-dupla-penetrao-preto\\\/#primaryimage\",\"url\":\"https:\\\/\\\/erki24nd3ub.exactdn.com\\\/wp-content\\\/uploads\\\/dream\\\/img\\\/img_79232_a29508d5142b3b6f4ec1e72e571f8350_1.png?strip=all\",\"contentUrl\":\"https:\\\/\\\/erki24nd3ub.exactdn.com\\\/wp-content\\\/uploads\\\/dream\\\/img\\\/img_79232_a29508d5142b3b6f4ec1e72e571f8350_1.png?strip=all\",\"width\":900,\"height\":900},{\"@type\":\"BreadcrumbList\",\"@id\":\"https:\\\/\\\/lovme.pt\\\/index.php\\\/produto\\\/fetish-submissive-harness-dupla-penetrao-preto\\\/#breadcrumb\",\"itemListElement\":[{\"@type\":\"ListItem\",\"position\":1,\"name\":\"In\u00edcio\",\"item\":\"https:\\\/\\\/lovme.pt\\\/\"},{\"@type\":\"ListItem\",\"position\":2,\"name\":\"Loja\",\"item\":\"https:\\\/\\\/lovme.pt\\\/index.php\\\/loja\\\/\"},{\"@type\":\"ListItem\",\"position\":3,\"name\":\"FETISH SUBMISSIVE HARNESS &#8211; DUPLA PENETRAO PRETO\"}]},{\"@type\":\"WebSite\",\"@id\":\"https:\\\/\\\/lovme.pt\\\/#website\",\"url\":\"https:\\\/\\\/lovme.pt\\\/\",\"name\":\"Lovme Loja Er\u00f3tica N\u00ba1 em Portugal\",\"description\":\"A melhor loja er\u00f3tica de Portugal.\",\"alternateName\":\"Loja Er\u00f3tica Lovme\",\"potentialAction\":[{\"@type\":\"SearchAction\",\"target\":{\"@type\":\"EntryPoint\",\"urlTemplate\":\"https:\\\/\\\/lovme.pt\\\/?s={search_term_string}\"},\"query-input\":{\"@type\":\"PropertyValueSpecification\",\"valueRequired\":true,\"valueName\":\"search_term_string\"}}],\"inLanguage\":\"pt-PT\"}]}<\/script>\n<!-- \/ Yoast SEO plugin. -->","yoast_head_json":{"title":"FETISH SUBMISSIVE HARNESS - DUPLA PENETRAO PRETO - Lovme","robots":{"index":"index","follow":"follow","max-snippet":"max-snippet:-1","max-image-preview":"max-image-preview:large","max-video-preview":"max-video-preview:-1"},"canonical":"https:\/\/lovme.pt\/index.php\/produto\/fetish-submissive-harness-dupla-penetrao-preto\/","og_locale":"pt_PT","og_type":"article","og_title":"FETISH SUBMISSIVE HARNESS - DUPLA PENETRAO PRETO - Lovme","og_description":"FETISH SUBMISSIVE HARNESS - PRETO DUPLA PENETRAO","og_url":"https:\/\/lovme.pt\/index.php\/produto\/fetish-submissive-harness-dupla-penetrao-preto\/","og_site_name":"Lovme","article_modified_time":"2026-04-15T13:30:43+00:00","og_image":[{"width":900,"height":900,"url":"https:\/\/erki24nd3ub.exactdn.com\/wp-content\/uploads\/dream\/img\/img_79232_a29508d5142b3b6f4ec1e72e571f8350_1.png?strip=all","type":"image\/png"}],"twitter_card":"summary_large_image","twitter_misc":{"Tempo estimado de leitura":"1 minuto"},"schema":{"@context":"https:\/\/schema.org","@graph":[{"@type":"WebPage","@id":"https:\/\/lovme.pt\/index.php\/produto\/fetish-submissive-harness-dupla-penetrao-preto\/","url":"https:\/\/lovme.pt\/index.php\/produto\/fetish-submissive-harness-dupla-penetrao-preto\/","name":"FETISH SUBMISSIVE HARNESS - DUPLA PENETRAO PRETO - Lovme","isPartOf":{"@id":"https:\/\/lovme.pt\/#website"},"primaryImageOfPage":{"@id":"https:\/\/lovme.pt\/index.php\/produto\/fetish-submissive-harness-dupla-penetrao-preto\/#primaryimage"},"image":{"@id":"https:\/\/lovme.pt\/index.php\/produto\/fetish-submissive-harness-dupla-penetrao-preto\/#primaryimage"},"thumbnailUrl":"https:\/\/erki24nd3ub.exactdn.com\/wp-content\/uploads\/dream\/img\/img_79232_a29508d5142b3b6f4ec1e72e571f8350_1.png?strip=all","datePublished":"2025-09-30T09:56:49+00:00","dateModified":"2026-04-15T13:30:43+00:00","breadcrumb":{"@id":"https:\/\/lovme.pt\/index.php\/produto\/fetish-submissive-harness-dupla-penetrao-preto\/#breadcrumb"},"inLanguage":"pt-PT","potentialAction":[{"@type":"ReadAction","target":["https:\/\/lovme.pt\/index.php\/produto\/fetish-submissive-harness-dupla-penetrao-preto\/"]}]},{"@type":"ImageObject","inLanguage":"pt-PT","@id":"https:\/\/lovme.pt\/index.php\/produto\/fetish-submissive-harness-dupla-penetrao-preto\/#primaryimage","url":"https:\/\/erki24nd3ub.exactdn.com\/wp-content\/uploads\/dream\/img\/img_79232_a29508d5142b3b6f4ec1e72e571f8350_1.png?strip=all","contentUrl":"https:\/\/erki24nd3ub.exactdn.com\/wp-content\/uploads\/dream\/img\/img_79232_a29508d5142b3b6f4ec1e72e571f8350_1.png?strip=all","width":900,"height":900},{"@type":"BreadcrumbList","@id":"https:\/\/lovme.pt\/index.php\/produto\/fetish-submissive-harness-dupla-penetrao-preto\/#breadcrumb","itemListElement":[{"@type":"ListItem","position":1,"name":"In\u00edcio","item":"https:\/\/lovme.pt\/"},{"@type":"ListItem","position":2,"name":"Loja","item":"https:\/\/lovme.pt\/index.php\/loja\/"},{"@type":"ListItem","position":3,"name":"FETISH SUBMISSIVE HARNESS &#8211; DUPLA PENETRAO PRETO"}]},{"@type":"WebSite","@id":"https:\/\/lovme.pt\/#website","url":"https:\/\/lovme.pt\/","name":"Lovme Loja Er\u00f3tica N\u00ba1 em Portugal","description":"A melhor loja er\u00f3tica de Portugal.","alternateName":"Loja Er\u00f3tica Lovme","potentialAction":[{"@type":"SearchAction","target":{"@type":"EntryPoint","urlTemplate":"https:\/\/lovme.pt\/?s={search_term_string}"},"query-input":{"@type":"PropertyValueSpecification","valueRequired":true,"valueName":"search_term_string"}}],"inLanguage":"pt-PT"}]}},"_links":{"self":[{"href":"https:\/\/lovme.pt\/index.php\/wp-json\/wp\/v2\/product\/27816","targetHints":{"allow":["GET"]}}],"collection":[{"href":"https:\/\/lovme.pt\/index.php\/wp-json\/wp\/v2\/product"}],"about":[{"href":"https:\/\/lovme.pt\/index.php\/wp-json\/wp\/v2\/types\/product"}],"wp:featuredmedia":[{"embeddable":true,"href":"https:\/\/lovme.pt\/index.php\/wp-json\/wp\/v2\/media\/59734"}],"wp:attachment":[{"href":"https:\/\/lovme.pt\/index.php\/wp-json\/wp\/v2\/media?parent=27816"}],"wp:term":[{"taxonomy":"product_brand","embeddable":true,"href":"https:\/\/lovme.pt\/index.php\/wp-json\/wp\/v2\/product_brand?post=27816"},{"taxonomy":"product_cat","embeddable":true,"href":"https:\/\/lovme.pt\/index.php\/wp-json\/wp\/v2\/product_cat?post=27816"},{"taxonomy":"product_tag","embeddable":true,"href":"https:\/\/lovme.pt\/index.php\/wp-json\/wp\/v2\/product_tag?post=27816"}],"curies":[{"name":"wp","href":"https:\/\/api.w.org\/{rel}","templated":true}]}}