{"id":27488,"date":"2025-09-30T20:21:40","date_gmt":"2025-09-30T20:21:40","guid":{"rendered":"https:\/\/lovme.pt\/?post_type=product&#038;p=27488"},"modified":"2026-04-18T19:22:52","modified_gmt":"2026-04-18T19:22:52","slug":"pump-addicted-rx7-transparente-com-masturbador","status":"publish","type":"product","link":"https:\/\/lovme.pt\/index.php\/produto\/pump-addicted-rx7-transparente-com-masturbador\/","title":{"rendered":"BOMBA VICIADA &#8211; RX7 TRANSPARENTE COM MASTURBADOR"},"content":{"rendered":"<p>Todas as bombas da Pump Addicted foram projetadas para impressionar com uma fant\u00e1stica variedade de dispositivos para aumento peniano!<br \/> Pump Addicted \u00e9 a melhor maneira de melhorar seu desempenho sexual, tamanho e resist\u00eancia. Enviamos amostras do produto para homens de 25 a 55 anos que tinham dificuldades de ere\u00e7\u00e3o ou simplesmente queriam melhorar seu desempenho e tamanho do p\u00eanis. O feedback foi 100% positivo \u2014 todos confirmaram que \u00e9 o melhor produto do mercado.<\/p>\n<p> O Pump Addicted facilita a ere\u00e7\u00e3o atrav\u00e9s de um sistema de v\u00e1cuo que atrai o sangue para o p\u00eanis enquanto ele ainda est\u00e1 fl\u00e1cido. A ere\u00e7\u00e3o \u00e9 alcan\u00e7ada e mantida por meio de uma veda\u00e7\u00e3o confort\u00e1vel e herm\u00e9tica na base do corpo, exatamente na jun\u00e7\u00e3o entre o p\u00eanis e a regi\u00e3o p\u00fabica, que mant\u00e9m o sangue dentro da haste. Gra\u00e7as \u00e0 manga, a veda\u00e7\u00e3o \u00e9 firme, confort\u00e1vel e justa, sem apertar.<\/p>\n<p> Al\u00e9m disso, todos os produtos Pump podem ser combinados com o vibrador Pump Bullet para aumentar o prazer. E se isso n\u00e3o for suficiente, alguns modelos Pump tamb\u00e9m podem ser usados com o masturbador Pleasure Sleeve, dispon\u00edvel em dois tamanhos. Este acess\u00f3rio incr\u00edvel transforma seu Pump Addicted favorito em um masturbador \u2014 e, gra\u00e7as ao efeito de v\u00e1cuo, o p\u00eanis parece visualmente at\u00e9 5 vezes maior, criando um efeito \u00f3tico verdadeiramente impressionante ao usar o Pump.<\/p>\n<p> Os m\u00e9dicos consideram as bombas penianas um tratamento eficaz e acess\u00edvel para a disfun\u00e7\u00e3o er\u00e9til e afirmam que o uso prolongado desses dispositivos aumenta o tamanho do p\u00eanis permanentemente. Outras vantagens da linha PUMP ADDICTED incluem ejacula\u00e7\u00e3o retardada, melhora da libido, aumento da testosterona, ere\u00e7\u00f5es mais firmes e duradouras e suporte aos tecidos ap\u00f3s cirurgia de pr\u00f3stata.<\/p>\n<p> PUMP ADDICTED proporciona resultados instant\u00e2neos!<\/p>\n<p> <strong>Especifica\u00e7\u00f5es t\u00e9cnicas do Pump Addicted:<\/strong><\/p>\n<ul>\n<li> Comprimento inser\u00edvel: 24 cm<\/li>\n<li> Di\u00e2metro interno total: 6 cm<\/li>\n<li> Peso: 215 g<\/li>\n<li> Material: ABS + Silicone<\/li>\n<li> Resistente \u00e0 \u00e1gua<\/li>\n<li> Livre de ftalatos<\/li>\n<li> Inclui masturbador \u2013 Tamanho M<\/li>\n<\/ul>\n","protected":false},"excerpt":{"rendered":"<p>BOMBA VICIADA &#8211; RX7 TRANSPARENTE COM MASTURBADOR<\/p>\n","protected":false},"featured_media":67800,"template":"","meta":{"_acf_changed":false},"product_brand":[],"product_cat":[17,60],"product_tag":[],"class_list":{"0":"post-27488","1":"product","2":"type-product","3":"status-publish","4":"has-post-thumbnail","6":"product_cat-brinquedos-de-bem-estar-sexual","7":"product_cat-para-eles","8":"yith_product_brand-pump-addicted","10":"first","11":"instock","12":"taxable","13":"shipping-taxable","14":"purchasable","15":"product-type-simple"},"acf":[],"yoast_head":"<!-- This site is optimized with the Yoast SEO plugin v27.4 - https:\/\/yoast.com\/product\/yoast-seo-wordpress\/ -->\n<title>BOMBA VICIADA - RX7 TRANSPARENTE COM MASTURBADOR - Lovme<\/title>\n<meta name=\"robots\" content=\"index, follow, max-snippet:-1, max-image-preview:large, max-video-preview:-1\" \/>\n<link rel=\"canonical\" href=\"https:\/\/lovme.pt\/index.php\/produto\/pump-addicted-rx7-transparente-com-masturbador\/\" \/>\n<meta property=\"og:locale\" content=\"pt_PT\" \/>\n<meta property=\"og:type\" content=\"article\" \/>\n<meta property=\"og:title\" content=\"BOMBA VICIADA - RX7 TRANSPARENTE COM MASTURBADOR - Lovme\" \/>\n<meta property=\"og:description\" content=\"BOMBA VICIADA - RX7 TRANSPARENTE COM MASTURBADOR\" \/>\n<meta property=\"og:url\" content=\"https:\/\/lovme.pt\/index.php\/produto\/pump-addicted-rx7-transparente-com-masturbador\/\" \/>\n<meta property=\"og:site_name\" content=\"Lovme\" \/>\n<meta property=\"article:modified_time\" content=\"2026-04-18T19:22:52+00:00\" \/>\n<meta property=\"og:image\" content=\"https:\/\/erki24nd3ub.exactdn.com\/wp-content\/uploads\/dream\/img\/img_77512_e09151f6adddf249d493c065f4f97de4_1.png?strip=all\" \/>\n\t<meta property=\"og:image:width\" content=\"900\" \/>\n\t<meta property=\"og:image:height\" content=\"900\" \/>\n\t<meta property=\"og:image:type\" content=\"image\/png\" \/>\n<meta name=\"twitter:card\" content=\"summary_large_image\" \/>\n<meta name=\"twitter:label1\" content=\"Tempo estimado de leitura\" \/>\n\t<meta name=\"twitter:data1\" content=\"2 minutos\" \/>\n<script type=\"application\/ld+json\" class=\"yoast-schema-graph\">{\"@context\":\"https:\\\/\\\/schema.org\",\"@graph\":[{\"@type\":\"WebPage\",\"@id\":\"https:\\\/\\\/lovme.pt\\\/index.php\\\/produto\\\/pump-addicted-rx7-transparente-com-masturbador\\\/\",\"url\":\"https:\\\/\\\/lovme.pt\\\/index.php\\\/produto\\\/pump-addicted-rx7-transparente-com-masturbador\\\/\",\"name\":\"BOMBA VICIADA - RX7 TRANSPARENTE COM MASTURBADOR - Lovme\",\"isPartOf\":{\"@id\":\"https:\\\/\\\/lovme.pt\\\/#website\"},\"primaryImageOfPage\":{\"@id\":\"https:\\\/\\\/lovme.pt\\\/index.php\\\/produto\\\/pump-addicted-rx7-transparente-com-masturbador\\\/#primaryimage\"},\"image\":{\"@id\":\"https:\\\/\\\/lovme.pt\\\/index.php\\\/produto\\\/pump-addicted-rx7-transparente-com-masturbador\\\/#primaryimage\"},\"thumbnailUrl\":\"https:\\\/\\\/erki24nd3ub.exactdn.com\\\/wp-content\\\/uploads\\\/dream\\\/img\\\/img_77512_e09151f6adddf249d493c065f4f97de4_1.png?strip=all\",\"datePublished\":\"2025-09-30T20:21:40+00:00\",\"dateModified\":\"2026-04-18T19:22:52+00:00\",\"breadcrumb\":{\"@id\":\"https:\\\/\\\/lovme.pt\\\/index.php\\\/produto\\\/pump-addicted-rx7-transparente-com-masturbador\\\/#breadcrumb\"},\"inLanguage\":\"pt-PT\",\"potentialAction\":[{\"@type\":\"ReadAction\",\"target\":[\"https:\\\/\\\/lovme.pt\\\/index.php\\\/produto\\\/pump-addicted-rx7-transparente-com-masturbador\\\/\"]}]},{\"@type\":\"ImageObject\",\"inLanguage\":\"pt-PT\",\"@id\":\"https:\\\/\\\/lovme.pt\\\/index.php\\\/produto\\\/pump-addicted-rx7-transparente-com-masturbador\\\/#primaryimage\",\"url\":\"https:\\\/\\\/erki24nd3ub.exactdn.com\\\/wp-content\\\/uploads\\\/dream\\\/img\\\/img_77512_e09151f6adddf249d493c065f4f97de4_1.png?strip=all\",\"contentUrl\":\"https:\\\/\\\/erki24nd3ub.exactdn.com\\\/wp-content\\\/uploads\\\/dream\\\/img\\\/img_77512_e09151f6adddf249d493c065f4f97de4_1.png?strip=all\",\"width\":900,\"height\":900},{\"@type\":\"BreadcrumbList\",\"@id\":\"https:\\\/\\\/lovme.pt\\\/index.php\\\/produto\\\/pump-addicted-rx7-transparente-com-masturbador\\\/#breadcrumb\",\"itemListElement\":[{\"@type\":\"ListItem\",\"position\":1,\"name\":\"In\u00edcio\",\"item\":\"https:\\\/\\\/lovme.pt\\\/\"},{\"@type\":\"ListItem\",\"position\":2,\"name\":\"Loja\",\"item\":\"https:\\\/\\\/lovme.pt\\\/index.php\\\/loja\\\/\"},{\"@type\":\"ListItem\",\"position\":3,\"name\":\"BOMBA VICIADA &#8211; RX7 TRANSPARENTE COM MASTURBADOR\"}]},{\"@type\":\"WebSite\",\"@id\":\"https:\\\/\\\/lovme.pt\\\/#website\",\"url\":\"https:\\\/\\\/lovme.pt\\\/\",\"name\":\"Lovme Loja Er\u00f3tica N\u00ba1 em Portugal\",\"description\":\"A melhor loja er\u00f3tica de Portugal.\",\"alternateName\":\"Loja Er\u00f3tica Lovme\",\"potentialAction\":[{\"@type\":\"SearchAction\",\"target\":{\"@type\":\"EntryPoint\",\"urlTemplate\":\"https:\\\/\\\/lovme.pt\\\/?s={search_term_string}\"},\"query-input\":{\"@type\":\"PropertyValueSpecification\",\"valueRequired\":true,\"valueName\":\"search_term_string\"}}],\"inLanguage\":\"pt-PT\"}]}<\/script>\n<!-- \/ Yoast SEO plugin. -->","yoast_head_json":{"title":"BOMBA VICIADA - RX7 TRANSPARENTE COM MASTURBADOR - Lovme","robots":{"index":"index","follow":"follow","max-snippet":"max-snippet:-1","max-image-preview":"max-image-preview:large","max-video-preview":"max-video-preview:-1"},"canonical":"https:\/\/lovme.pt\/index.php\/produto\/pump-addicted-rx7-transparente-com-masturbador\/","og_locale":"pt_PT","og_type":"article","og_title":"BOMBA VICIADA - RX7 TRANSPARENTE COM MASTURBADOR - Lovme","og_description":"BOMBA VICIADA - RX7 TRANSPARENTE COM MASTURBADOR","og_url":"https:\/\/lovme.pt\/index.php\/produto\/pump-addicted-rx7-transparente-com-masturbador\/","og_site_name":"Lovme","article_modified_time":"2026-04-18T19:22:52+00:00","og_image":[{"width":900,"height":900,"url":"https:\/\/erki24nd3ub.exactdn.com\/wp-content\/uploads\/dream\/img\/img_77512_e09151f6adddf249d493c065f4f97de4_1.png?strip=all","type":"image\/png"}],"twitter_card":"summary_large_image","twitter_misc":{"Tempo estimado de leitura":"2 minutos"},"schema":{"@context":"https:\/\/schema.org","@graph":[{"@type":"WebPage","@id":"https:\/\/lovme.pt\/index.php\/produto\/pump-addicted-rx7-transparente-com-masturbador\/","url":"https:\/\/lovme.pt\/index.php\/produto\/pump-addicted-rx7-transparente-com-masturbador\/","name":"BOMBA VICIADA - RX7 TRANSPARENTE COM MASTURBADOR - Lovme","isPartOf":{"@id":"https:\/\/lovme.pt\/#website"},"primaryImageOfPage":{"@id":"https:\/\/lovme.pt\/index.php\/produto\/pump-addicted-rx7-transparente-com-masturbador\/#primaryimage"},"image":{"@id":"https:\/\/lovme.pt\/index.php\/produto\/pump-addicted-rx7-transparente-com-masturbador\/#primaryimage"},"thumbnailUrl":"https:\/\/erki24nd3ub.exactdn.com\/wp-content\/uploads\/dream\/img\/img_77512_e09151f6adddf249d493c065f4f97de4_1.png?strip=all","datePublished":"2025-09-30T20:21:40+00:00","dateModified":"2026-04-18T19:22:52+00:00","breadcrumb":{"@id":"https:\/\/lovme.pt\/index.php\/produto\/pump-addicted-rx7-transparente-com-masturbador\/#breadcrumb"},"inLanguage":"pt-PT","potentialAction":[{"@type":"ReadAction","target":["https:\/\/lovme.pt\/index.php\/produto\/pump-addicted-rx7-transparente-com-masturbador\/"]}]},{"@type":"ImageObject","inLanguage":"pt-PT","@id":"https:\/\/lovme.pt\/index.php\/produto\/pump-addicted-rx7-transparente-com-masturbador\/#primaryimage","url":"https:\/\/erki24nd3ub.exactdn.com\/wp-content\/uploads\/dream\/img\/img_77512_e09151f6adddf249d493c065f4f97de4_1.png?strip=all","contentUrl":"https:\/\/erki24nd3ub.exactdn.com\/wp-content\/uploads\/dream\/img\/img_77512_e09151f6adddf249d493c065f4f97de4_1.png?strip=all","width":900,"height":900},{"@type":"BreadcrumbList","@id":"https:\/\/lovme.pt\/index.php\/produto\/pump-addicted-rx7-transparente-com-masturbador\/#breadcrumb","itemListElement":[{"@type":"ListItem","position":1,"name":"In\u00edcio","item":"https:\/\/lovme.pt\/"},{"@type":"ListItem","position":2,"name":"Loja","item":"https:\/\/lovme.pt\/index.php\/loja\/"},{"@type":"ListItem","position":3,"name":"BOMBA VICIADA &#8211; RX7 TRANSPARENTE COM MASTURBADOR"}]},{"@type":"WebSite","@id":"https:\/\/lovme.pt\/#website","url":"https:\/\/lovme.pt\/","name":"Lovme Loja Er\u00f3tica N\u00ba1 em Portugal","description":"A melhor loja er\u00f3tica de Portugal.","alternateName":"Loja Er\u00f3tica Lovme","potentialAction":[{"@type":"SearchAction","target":{"@type":"EntryPoint","urlTemplate":"https:\/\/lovme.pt\/?s={search_term_string}"},"query-input":{"@type":"PropertyValueSpecification","valueRequired":true,"valueName":"search_term_string"}}],"inLanguage":"pt-PT"}]}},"_links":{"self":[{"href":"https:\/\/lovme.pt\/index.php\/wp-json\/wp\/v2\/product\/27488","targetHints":{"allow":["GET"]}}],"collection":[{"href":"https:\/\/lovme.pt\/index.php\/wp-json\/wp\/v2\/product"}],"about":[{"href":"https:\/\/lovme.pt\/index.php\/wp-json\/wp\/v2\/types\/product"}],"wp:featuredmedia":[{"embeddable":true,"href":"https:\/\/lovme.pt\/index.php\/wp-json\/wp\/v2\/media\/67800"}],"wp:attachment":[{"href":"https:\/\/lovme.pt\/index.php\/wp-json\/wp\/v2\/media?parent=27488"}],"wp:term":[{"taxonomy":"product_brand","embeddable":true,"href":"https:\/\/lovme.pt\/index.php\/wp-json\/wp\/v2\/product_brand?post=27488"},{"taxonomy":"product_cat","embeddable":true,"href":"https:\/\/lovme.pt\/index.php\/wp-json\/wp\/v2\/product_cat?post=27488"},{"taxonomy":"product_tag","embeddable":true,"href":"https:\/\/lovme.pt\/index.php\/wp-json\/wp\/v2\/product_tag?post=27488"}],"curies":[{"name":"wp","href":"https:\/\/api.w.org\/{rel}","templated":true}]}}