{"id":27462,"date":"2025-09-30T20:21:16","date_gmt":"2025-09-30T20:21:16","guid":{"rendered":"https:\/\/lovme.pt\/?post_type=product&#038;p=27462"},"modified":"2026-02-20T04:02:07","modified_gmt":"2026-02-20T04:02:07","slug":"pump-addicted-rx9-preto","status":"publish","type":"product","link":"https:\/\/lovme.pt\/index.php\/produto\/pump-addicted-rx9-preto\/","title":{"rendered":"PUMP ADDICTED &#8211; BOMBA ERECCI\u00d3N RX9 TRANSPARENTE"},"content":{"rendered":"<p>Todas as bombas Pump Addicted est\u00e3o aqui para impressionar com uma fant\u00e1stica variedade de dispositivos para aumento do p\u00eanis!<br \/> Pump addicted \u00e9 a melhor maneira de melhorar seu desempenho sexual, tamanho e for\u00e7a. Enviamos amostras de produtos para homens entre 25 e 55 anos com problemas de ere\u00e7\u00e3o ou simplesmente para melhorar o desempenho e o tamanho do p\u00eanis. O feedback foi 100% positivo, todos provaram ser o melhor produto do mercado.<\/p>\n<p> Pump Addicted ajuda a atingir a ere\u00e7\u00e3o de uma forma mais simples usando um sistema de v\u00e1cuo que faz com que o sangue se concentre no p\u00eanis quando ele ainda est\u00e1 fl\u00e1cido. A ere\u00e7\u00e3o \u00e9 alcan\u00e7ada e mantida por uma veda\u00e7\u00e3o confort\u00e1vel e herm\u00e9tica na base do corpo, exatamente na jun\u00e7\u00e3o do p\u00eanis com o p\u00fabis, gra\u00e7as \u00e0 qual o sangue \u00e9 mantido no tronco. Gra\u00e7as \u00e0 manga, a veda\u00e7\u00e3o \u00e9 firme, confort\u00e1vel e estreita sem apertar.<\/p>\n<p> Al\u00e9m disso, todos os produtos Pump podem ser combinados com o lan\u00e7amento da bala vibrat\u00f3ria Pump para aumentar a sensa\u00e7\u00e3o de prazer.<\/p>\n<p> Como se isso n\u00e3o bastasse, tamb\u00e9m pode ser combinado com alguns modelos da s\u00e9rie Pump a manga manga masturbadora prazer manga, dispon\u00edvel em dois tamanhos, este fabuloso acess\u00f3rio transforma seu Pump Addicted favorito em um masturbador, mas se isso n\u00e3o bastasse para fazer o v\u00e1cuo o tamanho do p\u00eanis \u00e9 multiplicado por 5 visualmente um efeito \u00f3ptico realmente atraente quando voc\u00ea usa o Pump<br \/> Os m\u00e9dicos veem a bomba peniana como um tratamento eficaz e econ\u00f4mico para a disfun\u00e7\u00e3o er\u00e9til e declaram que o uso prolongado dos dispositivos aumentar\u00e1 permanentemente o tamanho do p\u00eanis.<br \/> A bomba RX9 melhora seu desempenho gra\u00e7as ao calibrador integrado. Em um n\u00edvel mais avan\u00e7ado, o sistema de calibra\u00e7\u00e3o \u00e9 necess\u00e1rio para otimizar o desempenho e ter a garantia de press\u00e3o real.<\/p>\n<p> Outras vantagens da variedade PUMP ADDICTED s\u00e3o, entre outras, retardo da ejacula\u00e7\u00e3o, melhora do apetite sexual, libera\u00e7\u00e3o de testosterona, manuten\u00e7\u00e3o de ere\u00e7\u00f5es mais duras e duradouras e suporte do tecido peniano ap\u00f3s cirurgia de pr\u00f3stata.<\/p>\n<p> PUMP ADDICTED, d\u00e1 resultados instant\u00e2neos!<\/p>\n<p> Especifica\u00e7\u00f5es t\u00e9cnicas do Pump Addicted RX3;<\/p>\n<ul>\n<li> Comprimento inser\u00edvel; 20cm<\/li>\n<li> Di\u00e2metro interno total; 6cm<\/li>\n<li> Material; Abs + Silicone<\/li>\n<li> Imperme\u00e1vel<\/li>\n<li> Livre de Phalatos<\/li>\n<\/ul>\n<p style=\"text-align: center;\">\n","protected":false},"excerpt":{"rendered":"<p>PUMP ADDICTED &#8211; RX9 PRETO<\/p>\n","protected":false},"featured_media":67754,"template":"","meta":{"_acf_changed":false},"product_brand":[],"product_cat":[17,60],"product_tag":[],"class_list":{"0":"post-27462","1":"product","2":"type-product","3":"status-publish","4":"has-post-thumbnail","6":"product_cat-brinquedos-de-bem-estar-sexual","7":"product_cat-para-eles","8":"yith_product_brand-pump-addicted","10":"first","11":"instock","12":"taxable","13":"shipping-taxable","14":"purchasable","15":"product-type-variable","16":"has-default-attributes"},"acf":[],"yoast_head":"<!-- This site is optimized with the Yoast SEO plugin v27.4 - https:\/\/yoast.com\/product\/yoast-seo-wordpress\/ -->\n<title>PUMP ADDICTED - BOMBA ERECCI\u00d3N RX9 TRANSPARENTE - Lovme<\/title>\n<meta name=\"robots\" content=\"index, follow, max-snippet:-1, max-image-preview:large, max-video-preview:-1\" \/>\n<link rel=\"canonical\" href=\"https:\/\/lovme.pt\/index.php\/produto\/pump-addicted-rx9-preto\/\" \/>\n<meta property=\"og:locale\" content=\"pt_PT\" \/>\n<meta property=\"og:type\" content=\"article\" \/>\n<meta property=\"og:title\" content=\"PUMP ADDICTED - BOMBA ERECCI\u00d3N RX9 TRANSPARENTE - Lovme\" \/>\n<meta property=\"og:description\" content=\"PUMP ADDICTED - RX9 PRETO\" \/>\n<meta property=\"og:url\" content=\"https:\/\/lovme.pt\/index.php\/produto\/pump-addicted-rx9-preto\/\" \/>\n<meta property=\"og:site_name\" content=\"Lovme\" \/>\n<meta property=\"article:modified_time\" content=\"2026-02-20T04:02:07+00:00\" \/>\n<meta property=\"og:image\" content=\"https:\/\/erki24nd3ub.exactdn.com\/wp-content\/uploads\/dream\/img\/img_143358_37202db4c79a27cc5254d57683239e45_1.png?strip=all\" \/>\n\t<meta property=\"og:image:width\" content=\"800\" \/>\n\t<meta property=\"og:image:height\" content=\"800\" \/>\n\t<meta property=\"og:image:type\" content=\"image\/png\" \/>\n<meta name=\"twitter:card\" content=\"summary_large_image\" \/>\n<meta name=\"twitter:label1\" content=\"Tempo estimado de leitura\" \/>\n\t<meta name=\"twitter:data1\" content=\"2 minutos\" \/>\n<script type=\"application\/ld+json\" class=\"yoast-schema-graph\">{\"@context\":\"https:\\\/\\\/schema.org\",\"@graph\":[{\"@type\":\"WebPage\",\"@id\":\"https:\\\/\\\/lovme.pt\\\/index.php\\\/produto\\\/pump-addicted-rx9-preto\\\/\",\"url\":\"https:\\\/\\\/lovme.pt\\\/index.php\\\/produto\\\/pump-addicted-rx9-preto\\\/\",\"name\":\"PUMP ADDICTED - BOMBA ERECCI\u00d3N RX9 TRANSPARENTE - Lovme\",\"isPartOf\":{\"@id\":\"https:\\\/\\\/lovme.pt\\\/#website\"},\"primaryImageOfPage\":{\"@id\":\"https:\\\/\\\/lovme.pt\\\/index.php\\\/produto\\\/pump-addicted-rx9-preto\\\/#primaryimage\"},\"image\":{\"@id\":\"https:\\\/\\\/lovme.pt\\\/index.php\\\/produto\\\/pump-addicted-rx9-preto\\\/#primaryimage\"},\"thumbnailUrl\":\"https:\\\/\\\/erki24nd3ub.exactdn.com\\\/wp-content\\\/uploads\\\/dream\\\/img\\\/img_143358_37202db4c79a27cc5254d57683239e45_1.png?strip=all\",\"datePublished\":\"2025-09-30T20:21:16+00:00\",\"dateModified\":\"2026-02-20T04:02:07+00:00\",\"breadcrumb\":{\"@id\":\"https:\\\/\\\/lovme.pt\\\/index.php\\\/produto\\\/pump-addicted-rx9-preto\\\/#breadcrumb\"},\"inLanguage\":\"pt-PT\",\"potentialAction\":[{\"@type\":\"ReadAction\",\"target\":[\"https:\\\/\\\/lovme.pt\\\/index.php\\\/produto\\\/pump-addicted-rx9-preto\\\/\"]}]},{\"@type\":\"ImageObject\",\"inLanguage\":\"pt-PT\",\"@id\":\"https:\\\/\\\/lovme.pt\\\/index.php\\\/produto\\\/pump-addicted-rx9-preto\\\/#primaryimage\",\"url\":\"https:\\\/\\\/erki24nd3ub.exactdn.com\\\/wp-content\\\/uploads\\\/dream\\\/img\\\/img_143358_37202db4c79a27cc5254d57683239e45_1.png?strip=all\",\"contentUrl\":\"https:\\\/\\\/erki24nd3ub.exactdn.com\\\/wp-content\\\/uploads\\\/dream\\\/img\\\/img_143358_37202db4c79a27cc5254d57683239e45_1.png?strip=all\",\"width\":800,\"height\":800},{\"@type\":\"BreadcrumbList\",\"@id\":\"https:\\\/\\\/lovme.pt\\\/index.php\\\/produto\\\/pump-addicted-rx9-preto\\\/#breadcrumb\",\"itemListElement\":[{\"@type\":\"ListItem\",\"position\":1,\"name\":\"In\u00edcio\",\"item\":\"https:\\\/\\\/lovme.pt\\\/\"},{\"@type\":\"ListItem\",\"position\":2,\"name\":\"Loja\",\"item\":\"https:\\\/\\\/lovme.pt\\\/index.php\\\/loja\\\/\"},{\"@type\":\"ListItem\",\"position\":3,\"name\":\"PUMP ADDICTED &#8211; BOMBA ERECCI\u00d3N RX9 TRANSPARENTE\"}]},{\"@type\":\"WebSite\",\"@id\":\"https:\\\/\\\/lovme.pt\\\/#website\",\"url\":\"https:\\\/\\\/lovme.pt\\\/\",\"name\":\"Lovme Loja Er\u00f3tica N\u00ba1 em Portugal\",\"description\":\"A melhor loja er\u00f3tica de Portugal.\",\"alternateName\":\"Loja Er\u00f3tica Lovme\",\"potentialAction\":[{\"@type\":\"SearchAction\",\"target\":{\"@type\":\"EntryPoint\",\"urlTemplate\":\"https:\\\/\\\/lovme.pt\\\/?s={search_term_string}\"},\"query-input\":{\"@type\":\"PropertyValueSpecification\",\"valueRequired\":true,\"valueName\":\"search_term_string\"}}],\"inLanguage\":\"pt-PT\"}]}<\/script>\n<!-- \/ Yoast SEO plugin. -->","yoast_head_json":{"title":"PUMP ADDICTED - BOMBA ERECCI\u00d3N RX9 TRANSPARENTE - Lovme","robots":{"index":"index","follow":"follow","max-snippet":"max-snippet:-1","max-image-preview":"max-image-preview:large","max-video-preview":"max-video-preview:-1"},"canonical":"https:\/\/lovme.pt\/index.php\/produto\/pump-addicted-rx9-preto\/","og_locale":"pt_PT","og_type":"article","og_title":"PUMP ADDICTED - BOMBA ERECCI\u00d3N RX9 TRANSPARENTE - Lovme","og_description":"PUMP ADDICTED - RX9 PRETO","og_url":"https:\/\/lovme.pt\/index.php\/produto\/pump-addicted-rx9-preto\/","og_site_name":"Lovme","article_modified_time":"2026-02-20T04:02:07+00:00","og_image":[{"width":800,"height":800,"url":"https:\/\/erki24nd3ub.exactdn.com\/wp-content\/uploads\/dream\/img\/img_143358_37202db4c79a27cc5254d57683239e45_1.png?strip=all","type":"image\/png"}],"twitter_card":"summary_large_image","twitter_misc":{"Tempo estimado de leitura":"2 minutos"},"schema":{"@context":"https:\/\/schema.org","@graph":[{"@type":"WebPage","@id":"https:\/\/lovme.pt\/index.php\/produto\/pump-addicted-rx9-preto\/","url":"https:\/\/lovme.pt\/index.php\/produto\/pump-addicted-rx9-preto\/","name":"PUMP ADDICTED - BOMBA ERECCI\u00d3N RX9 TRANSPARENTE - Lovme","isPartOf":{"@id":"https:\/\/lovme.pt\/#website"},"primaryImageOfPage":{"@id":"https:\/\/lovme.pt\/index.php\/produto\/pump-addicted-rx9-preto\/#primaryimage"},"image":{"@id":"https:\/\/lovme.pt\/index.php\/produto\/pump-addicted-rx9-preto\/#primaryimage"},"thumbnailUrl":"https:\/\/erki24nd3ub.exactdn.com\/wp-content\/uploads\/dream\/img\/img_143358_37202db4c79a27cc5254d57683239e45_1.png?strip=all","datePublished":"2025-09-30T20:21:16+00:00","dateModified":"2026-02-20T04:02:07+00:00","breadcrumb":{"@id":"https:\/\/lovme.pt\/index.php\/produto\/pump-addicted-rx9-preto\/#breadcrumb"},"inLanguage":"pt-PT","potentialAction":[{"@type":"ReadAction","target":["https:\/\/lovme.pt\/index.php\/produto\/pump-addicted-rx9-preto\/"]}]},{"@type":"ImageObject","inLanguage":"pt-PT","@id":"https:\/\/lovme.pt\/index.php\/produto\/pump-addicted-rx9-preto\/#primaryimage","url":"https:\/\/erki24nd3ub.exactdn.com\/wp-content\/uploads\/dream\/img\/img_143358_37202db4c79a27cc5254d57683239e45_1.png?strip=all","contentUrl":"https:\/\/erki24nd3ub.exactdn.com\/wp-content\/uploads\/dream\/img\/img_143358_37202db4c79a27cc5254d57683239e45_1.png?strip=all","width":800,"height":800},{"@type":"BreadcrumbList","@id":"https:\/\/lovme.pt\/index.php\/produto\/pump-addicted-rx9-preto\/#breadcrumb","itemListElement":[{"@type":"ListItem","position":1,"name":"In\u00edcio","item":"https:\/\/lovme.pt\/"},{"@type":"ListItem","position":2,"name":"Loja","item":"https:\/\/lovme.pt\/index.php\/loja\/"},{"@type":"ListItem","position":3,"name":"PUMP ADDICTED &#8211; BOMBA ERECCI\u00d3N RX9 TRANSPARENTE"}]},{"@type":"WebSite","@id":"https:\/\/lovme.pt\/#website","url":"https:\/\/lovme.pt\/","name":"Lovme Loja Er\u00f3tica N\u00ba1 em Portugal","description":"A melhor loja er\u00f3tica de Portugal.","alternateName":"Loja Er\u00f3tica Lovme","potentialAction":[{"@type":"SearchAction","target":{"@type":"EntryPoint","urlTemplate":"https:\/\/lovme.pt\/?s={search_term_string}"},"query-input":{"@type":"PropertyValueSpecification","valueRequired":true,"valueName":"search_term_string"}}],"inLanguage":"pt-PT"}]}},"_links":{"self":[{"href":"https:\/\/lovme.pt\/index.php\/wp-json\/wp\/v2\/product\/27462","targetHints":{"allow":["GET"]}}],"collection":[{"href":"https:\/\/lovme.pt\/index.php\/wp-json\/wp\/v2\/product"}],"about":[{"href":"https:\/\/lovme.pt\/index.php\/wp-json\/wp\/v2\/types\/product"}],"wp:featuredmedia":[{"embeddable":true,"href":"https:\/\/lovme.pt\/index.php\/wp-json\/wp\/v2\/media\/67754"}],"wp:attachment":[{"href":"https:\/\/lovme.pt\/index.php\/wp-json\/wp\/v2\/media?parent=27462"}],"wp:term":[{"taxonomy":"product_brand","embeddable":true,"href":"https:\/\/lovme.pt\/index.php\/wp-json\/wp\/v2\/product_brand?post=27462"},{"taxonomy":"product_cat","embeddable":true,"href":"https:\/\/lovme.pt\/index.php\/wp-json\/wp\/v2\/product_cat?post=27462"},{"taxonomy":"product_tag","embeddable":true,"href":"https:\/\/lovme.pt\/index.php\/wp-json\/wp\/v2\/product_tag?post=27462"}],"curies":[{"name":"wp","href":"https:\/\/api.w.org\/{rel}","templated":true}]}}