{"id":27448,"date":"2025-10-01T03:11:11","date_gmt":"2025-10-01T03:11:11","guid":{"rendered":"https:\/\/lovme.pt\/?post_type=product&p=27448"},"modified":"2026-02-19T20:22:34","modified_gmt":"2026-02-19T20:22:34","slug":"stertoy-esterilizador-de-esterilizador-cleaner-de-brinquedos-gratuito","status":"publish","type":"product","link":"https:\/\/lovme.pt\/index.php\/produto\/stertoy-esterilizador-de-esterilizador-cleaner-de-brinquedos-gratuito\/","title":{"rendered":"STERTOY &#8211; ESTERILIZADOR DE ESTERILIZADOR + CLEANER DE BRINQUEDOS GRATUITO"},"content":{"rendered":"<p>Stertoy \u00e9 um acess\u00f3rio completo para a esteriliza\u00e7\u00e3o de vibradores, brinquedos sexuais, acess\u00f3rios m\u00f3veis, itens pessoais, chupetas de beb\u00ea e qualquer acess\u00f3rio que voc\u00ea precise esterilizar.<\/p>\n<p>A esteriliza\u00e7\u00e3o \u00e9 realizada por meio de uma l\u00e2mpada ultravioleta de \u00faltima gera\u00e7\u00e3o, que destr\u00f3i imediatamente a estrutura do DNA da bact\u00e9ria.<\/p>\n<p>A principal aplica\u00e7\u00e3o do esterilizador ultravioleta \u00e9 a desinfec\u00e7\u00e3o.<\/p>\n<p>A radia\u00e7\u00e3o ultravioleta constitui uma das franjas do espectro eletromagn\u00e9tico e possui energia superior \u00e0 da luz vis\u00edvel. A irradia\u00e7\u00e3o com raios ultravioleta dos germes presentes causa uma s\u00e9rie de danos em sua mol\u00e9cula de DNA, o que impede a divis\u00e3o celular e provoca seu desaparecimento imediato.<\/p>\n<p>O esterilizador ultravioleta stertoy \u00e9 um equipamento de desinfec\u00e7\u00e3o avan\u00e7ado. Os raios ultravioleta ultravioleta alteram o DNA dos microrganismos (v\u00edrus, bact\u00e9rias, protozo\u00e1rios, etc.) presentes, eliminando-os ou inativando-os geneticamente, para evitar a sua reprodu\u00e7\u00e3o. A efici\u00eancia do UV na elimina\u00e7\u00e3o de v\u00edrus e bact\u00e9rias \u00e9 de 99,9%; Al\u00e9m disso, o UV \u00e9 mais eficaz do que o cloro contra v\u00edrus e protozo\u00e1rios.<\/p>\n<p>O equipamento esterilizador ultravioleta consiste em uma caixa sanit\u00e1ria com interior totalmente polido em espelho. Dentro da caixa est\u00e1 outro tubo de quartzo e dentro deste \u00faltimo a l\u00e2mpada de radia\u00e7\u00e3o ultravioleta.<\/p>\n<p>Estes s\u00e3o alguns de seus muitos benef\u00edcios:<\/p>\n<ul>\n<li>Desinfec\u00e7\u00e3o sem o uso de produtos qu\u00edmicos.<\/li>\n<li>Reduz bact\u00e9rias, v\u00edrus e protozo\u00e1rios em 99,99%. e \u00e9 perfeito para brinquedos sexuais, pois estar com nosso corpo requer uma desinfec\u00e7\u00e3o adicional.<\/li>\n<li>F\u00e1cil de operar e manter.<\/li>\n<li>Os raios ultravioleta n\u00e3o alteram o sabor, cheiro, cor e pH da \u00e1gua.<\/li>\n<li>UV n\u00e3o requer a adi\u00e7\u00e3o de produtos qu\u00edmicos. O UV \u00e9 compacto, f\u00e1cil de instalar e n\u00e3o requer manuten\u00e7\u00e3o.<\/li>\n<\/ul>\n<p>Comprando esta refer\u00eancia, voc\u00ea ganha 1 Toy Cleaner Waterfeel<\/p>\n<p>\u00c9 um spray higi\u00eanico desinfetante, para produzir um efeito de limpeza profunda em brinquedos er\u00f3ticos de todas as formas e superf\u00edcies.<\/p>\n<p>Comparado com outros desinfetantes no mercado, Waterfeel Toy Cleaner foi especialmente desenvolvido com ingredientes espec\u00edficos para a limpeza de material er\u00f3tico.<\/p>\n<p>Seu composto aplicado nos brinquedos n\u00e3o permite a gera\u00e7\u00e3o de fungos, bact\u00e9rias ou v\u00edrus, garantindo a desinfec\u00e7\u00e3o e limpeza do aparelho.<\/p>\n<p>Tem um aroma fresco e limpo e gra\u00e7as ao seu poderoso spray permite limpar os espa\u00e7os mais rec\u00f4nditos dos brinquedos.<\/p>\n<p>Instru\u00e7\u00f5es de uso;<\/p>\n<p>Dependendo do tamanho do brinquedo, 5 ou 6 borrifadas s\u00e3o suficientes em toda a superf\u00edcie, deixe agir por alguns minutos e depois enx\u00e1gue com \u00e1gua e seque bem.<\/p>\n<p>caracter\u00edsticas<\/p>\n<ul>\n<li>Medidas: 25,9 x 14,9 x 9,1 cm<\/li>\n<li>\u00c9 compat\u00edvel com l\u00e1tex, silicone e gelatina.<\/li>\n<li>Antibact\u00e9rias, fungos e germes.<\/li>\n<li>\u00c9 incolor.<\/li>\n<li>Aroma fresco.<\/li>\n<li>Indispens\u00e1vel para todos os seus brinquedos.<\/li>\n<li>Spray de 150 ml<\/li>\n<\/ul>\n<p>Cont\u00e9m: <5% - Tensoativos n\u00e3o i\u00f4nicos - Tensoativos ani\u00f4nicos, Parfum, Limoneno, Metilcloroisotiazolinona, Metilisotiazolinona<\/p>\n<p style=\"text-align: center;\"><iframe loading=\"lazy\" allow=\"autoplay; encrypted-media\" allowfullscreen=\"\" frameborder=\"0\" height=\"315\" scrolling=\"no\" src=\"https:\/\/www.youtube.com\/embed\/kf_nm8-U3hw?rel=0controls=0showinfo=0\" width=\"800\"><\/iframe><\/p>\n","protected":false},"excerpt":{"rendered":"<p>STERTOY &#8211; ESTERILIZADOR DE ESTERILIZADOR GERMICIDA BACTERICIDA ULTRAVIOLETA + TOY CLEANER WATERFEEL GR\u00c1TIS<\/p>\n","protected":false},"featured_media":101985,"template":"","meta":{"_acf_changed":false},"product_brand":[],"product_cat":[49,55],"product_tag":[],"class_list":{"0":"post-27448","1":"product","2":"type-product","3":"status-publish","4":"has-post-thumbnail","6":"product_cat-cosmeticos","7":"product_cat-cuidado-de-brinquedos","8":"yith_product_brand-stertoy","10":"first","11":"instock","12":"taxable","13":"shipping-taxable","14":"purchasable","15":"product-type-simple"},"acf":[],"yoast_head":"<!-- This site is optimized with the Yoast SEO plugin v27.4 - https:\/\/yoast.com\/product\/yoast-seo-wordpress\/ -->\n<title>STERTOY - ESTERILIZADOR DE ESTERILIZADOR + CLEANER DE BRINQUEDOS GRATUITO - Lovme<\/title>\n<meta name=\"robots\" content=\"index, follow, max-snippet:-1, max-image-preview:large, max-video-preview:-1\" \/>\n<link rel=\"canonical\" href=\"https:\/\/lovme.pt\/index.php\/produto\/stertoy-esterilizador-de-esterilizador-cleaner-de-brinquedos-gratuito\/\" \/>\n<meta property=\"og:locale\" content=\"pt_PT\" \/>\n<meta property=\"og:type\" content=\"article\" \/>\n<meta property=\"og:title\" content=\"STERTOY - ESTERILIZADOR DE ESTERILIZADOR + CLEANER DE BRINQUEDOS GRATUITO - Lovme\" \/>\n<meta property=\"og:description\" content=\"STERTOY - ESTERILIZADOR DE ESTERILIZADOR GERMICIDA BACTERICIDA ULTRAVIOLETA + TOY CLEANER WATERFEEL GR\u00c1TIS\" \/>\n<meta property=\"og:url\" content=\"https:\/\/lovme.pt\/index.php\/produto\/stertoy-esterilizador-de-esterilizador-cleaner-de-brinquedos-gratuito\/\" \/>\n<meta property=\"og:site_name\" content=\"Lovme\" \/>\n<meta property=\"article:modified_time\" content=\"2026-02-19T20:22:34+00:00\" \/>\n<meta property=\"og:image\" content=\"https:\/\/erki24nd3ub.exactdn.com\/wp-content\/uploads\/dream\/img\/img_77361_72328a5d433d9538e741e60fbed3382c_1.jpg?strip=all\" \/>\n\t<meta property=\"og:image:width\" content=\"900\" \/>\n\t<meta property=\"og:image:height\" content=\"900\" \/>\n\t<meta property=\"og:image:type\" content=\"image\/jpeg\" \/>\n<meta name=\"twitter:card\" content=\"summary_large_image\" \/>\n<meta name=\"twitter:label1\" content=\"Tempo estimado de leitura\" \/>\n\t<meta name=\"twitter:data1\" content=\"2 minutos\" \/>\n<script type=\"application\/ld+json\" class=\"yoast-schema-graph\">{\"@context\":\"https:\\\/\\\/schema.org\",\"@graph\":[{\"@type\":\"WebPage\",\"@id\":\"https:\\\/\\\/lovme.pt\\\/index.php\\\/produto\\\/stertoy-esterilizador-de-esterilizador-cleaner-de-brinquedos-gratuito\\\/\",\"url\":\"https:\\\/\\\/lovme.pt\\\/index.php\\\/produto\\\/stertoy-esterilizador-de-esterilizador-cleaner-de-brinquedos-gratuito\\\/\",\"name\":\"STERTOY - ESTERILIZADOR DE ESTERILIZADOR + CLEANER DE BRINQUEDOS GRATUITO - Lovme\",\"isPartOf\":{\"@id\":\"https:\\\/\\\/lovme.pt\\\/#website\"},\"primaryImageOfPage\":{\"@id\":\"https:\\\/\\\/lovme.pt\\\/index.php\\\/produto\\\/stertoy-esterilizador-de-esterilizador-cleaner-de-brinquedos-gratuito\\\/#primaryimage\"},\"image\":{\"@id\":\"https:\\\/\\\/lovme.pt\\\/index.php\\\/produto\\\/stertoy-esterilizador-de-esterilizador-cleaner-de-brinquedos-gratuito\\\/#primaryimage\"},\"thumbnailUrl\":\"https:\\\/\\\/erki24nd3ub.exactdn.com\\\/wp-content\\\/uploads\\\/dream\\\/img\\\/img_77361_72328a5d433d9538e741e60fbed3382c_1.jpg?strip=all\",\"datePublished\":\"2025-10-01T03:11:11+00:00\",\"dateModified\":\"2026-02-19T20:22:34+00:00\",\"breadcrumb\":{\"@id\":\"https:\\\/\\\/lovme.pt\\\/index.php\\\/produto\\\/stertoy-esterilizador-de-esterilizador-cleaner-de-brinquedos-gratuito\\\/#breadcrumb\"},\"inLanguage\":\"pt-PT\",\"potentialAction\":[{\"@type\":\"ReadAction\",\"target\":[\"https:\\\/\\\/lovme.pt\\\/index.php\\\/produto\\\/stertoy-esterilizador-de-esterilizador-cleaner-de-brinquedos-gratuito\\\/\"]}]},{\"@type\":\"ImageObject\",\"inLanguage\":\"pt-PT\",\"@id\":\"https:\\\/\\\/lovme.pt\\\/index.php\\\/produto\\\/stertoy-esterilizador-de-esterilizador-cleaner-de-brinquedos-gratuito\\\/#primaryimage\",\"url\":\"https:\\\/\\\/erki24nd3ub.exactdn.com\\\/wp-content\\\/uploads\\\/dream\\\/img\\\/img_77361_72328a5d433d9538e741e60fbed3382c_1.jpg?strip=all\",\"contentUrl\":\"https:\\\/\\\/erki24nd3ub.exactdn.com\\\/wp-content\\\/uploads\\\/dream\\\/img\\\/img_77361_72328a5d433d9538e741e60fbed3382c_1.jpg?strip=all\",\"width\":900,\"height\":900},{\"@type\":\"BreadcrumbList\",\"@id\":\"https:\\\/\\\/lovme.pt\\\/index.php\\\/produto\\\/stertoy-esterilizador-de-esterilizador-cleaner-de-brinquedos-gratuito\\\/#breadcrumb\",\"itemListElement\":[{\"@type\":\"ListItem\",\"position\":1,\"name\":\"In\u00edcio\",\"item\":\"https:\\\/\\\/lovme.pt\\\/\"},{\"@type\":\"ListItem\",\"position\":2,\"name\":\"Loja\",\"item\":\"https:\\\/\\\/lovme.pt\\\/index.php\\\/loja\\\/\"},{\"@type\":\"ListItem\",\"position\":3,\"name\":\"STERTOY &#8211; ESTERILIZADOR DE ESTERILIZADOR + CLEANER DE BRINQUEDOS GRATUITO\"}]},{\"@type\":\"WebSite\",\"@id\":\"https:\\\/\\\/lovme.pt\\\/#website\",\"url\":\"https:\\\/\\\/lovme.pt\\\/\",\"name\":\"Lovme Loja Er\u00f3tica N\u00ba1 em Portugal\",\"description\":\"A melhor loja er\u00f3tica de Portugal.\",\"alternateName\":\"Loja Er\u00f3tica Lovme\",\"potentialAction\":[{\"@type\":\"SearchAction\",\"target\":{\"@type\":\"EntryPoint\",\"urlTemplate\":\"https:\\\/\\\/lovme.pt\\\/?s={search_term_string}\"},\"query-input\":{\"@type\":\"PropertyValueSpecification\",\"valueRequired\":true,\"valueName\":\"search_term_string\"}}],\"inLanguage\":\"pt-PT\"}]}<\/script>\n<!-- \/ Yoast SEO plugin. -->","yoast_head_json":{"title":"STERTOY - ESTERILIZADOR DE ESTERILIZADOR + CLEANER DE BRINQUEDOS GRATUITO - Lovme","robots":{"index":"index","follow":"follow","max-snippet":"max-snippet:-1","max-image-preview":"max-image-preview:large","max-video-preview":"max-video-preview:-1"},"canonical":"https:\/\/lovme.pt\/index.php\/produto\/stertoy-esterilizador-de-esterilizador-cleaner-de-brinquedos-gratuito\/","og_locale":"pt_PT","og_type":"article","og_title":"STERTOY - ESTERILIZADOR DE ESTERILIZADOR + CLEANER DE BRINQUEDOS GRATUITO - Lovme","og_description":"STERTOY - ESTERILIZADOR DE ESTERILIZADOR GERMICIDA BACTERICIDA ULTRAVIOLETA + TOY CLEANER WATERFEEL GR\u00c1TIS","og_url":"https:\/\/lovme.pt\/index.php\/produto\/stertoy-esterilizador-de-esterilizador-cleaner-de-brinquedos-gratuito\/","og_site_name":"Lovme","article_modified_time":"2026-02-19T20:22:34+00:00","og_image":[{"width":900,"height":900,"url":"https:\/\/erki24nd3ub.exactdn.com\/wp-content\/uploads\/dream\/img\/img_77361_72328a5d433d9538e741e60fbed3382c_1.jpg?strip=all","type":"image\/jpeg"}],"twitter_card":"summary_large_image","twitter_misc":{"Tempo estimado de leitura":"2 minutos"},"schema":{"@context":"https:\/\/schema.org","@graph":[{"@type":"WebPage","@id":"https:\/\/lovme.pt\/index.php\/produto\/stertoy-esterilizador-de-esterilizador-cleaner-de-brinquedos-gratuito\/","url":"https:\/\/lovme.pt\/index.php\/produto\/stertoy-esterilizador-de-esterilizador-cleaner-de-brinquedos-gratuito\/","name":"STERTOY - ESTERILIZADOR DE ESTERILIZADOR + CLEANER DE BRINQUEDOS GRATUITO - Lovme","isPartOf":{"@id":"https:\/\/lovme.pt\/#website"},"primaryImageOfPage":{"@id":"https:\/\/lovme.pt\/index.php\/produto\/stertoy-esterilizador-de-esterilizador-cleaner-de-brinquedos-gratuito\/#primaryimage"},"image":{"@id":"https:\/\/lovme.pt\/index.php\/produto\/stertoy-esterilizador-de-esterilizador-cleaner-de-brinquedos-gratuito\/#primaryimage"},"thumbnailUrl":"https:\/\/erki24nd3ub.exactdn.com\/wp-content\/uploads\/dream\/img\/img_77361_72328a5d433d9538e741e60fbed3382c_1.jpg?strip=all","datePublished":"2025-10-01T03:11:11+00:00","dateModified":"2026-02-19T20:22:34+00:00","breadcrumb":{"@id":"https:\/\/lovme.pt\/index.php\/produto\/stertoy-esterilizador-de-esterilizador-cleaner-de-brinquedos-gratuito\/#breadcrumb"},"inLanguage":"pt-PT","potentialAction":[{"@type":"ReadAction","target":["https:\/\/lovme.pt\/index.php\/produto\/stertoy-esterilizador-de-esterilizador-cleaner-de-brinquedos-gratuito\/"]}]},{"@type":"ImageObject","inLanguage":"pt-PT","@id":"https:\/\/lovme.pt\/index.php\/produto\/stertoy-esterilizador-de-esterilizador-cleaner-de-brinquedos-gratuito\/#primaryimage","url":"https:\/\/erki24nd3ub.exactdn.com\/wp-content\/uploads\/dream\/img\/img_77361_72328a5d433d9538e741e60fbed3382c_1.jpg?strip=all","contentUrl":"https:\/\/erki24nd3ub.exactdn.com\/wp-content\/uploads\/dream\/img\/img_77361_72328a5d433d9538e741e60fbed3382c_1.jpg?strip=all","width":900,"height":900},{"@type":"BreadcrumbList","@id":"https:\/\/lovme.pt\/index.php\/produto\/stertoy-esterilizador-de-esterilizador-cleaner-de-brinquedos-gratuito\/#breadcrumb","itemListElement":[{"@type":"ListItem","position":1,"name":"In\u00edcio","item":"https:\/\/lovme.pt\/"},{"@type":"ListItem","position":2,"name":"Loja","item":"https:\/\/lovme.pt\/index.php\/loja\/"},{"@type":"ListItem","position":3,"name":"STERTOY &#8211; ESTERILIZADOR DE ESTERILIZADOR + CLEANER DE BRINQUEDOS GRATUITO"}]},{"@type":"WebSite","@id":"https:\/\/lovme.pt\/#website","url":"https:\/\/lovme.pt\/","name":"Lovme Loja Er\u00f3tica N\u00ba1 em Portugal","description":"A melhor loja er\u00f3tica de Portugal.","alternateName":"Loja Er\u00f3tica Lovme","potentialAction":[{"@type":"SearchAction","target":{"@type":"EntryPoint","urlTemplate":"https:\/\/lovme.pt\/?s={search_term_string}"},"query-input":{"@type":"PropertyValueSpecification","valueRequired":true,"valueName":"search_term_string"}}],"inLanguage":"pt-PT"}]}},"_links":{"self":[{"href":"https:\/\/lovme.pt\/index.php\/wp-json\/wp\/v2\/product\/27448","targetHints":{"allow":["GET"]}}],"collection":[{"href":"https:\/\/lovme.pt\/index.php\/wp-json\/wp\/v2\/product"}],"about":[{"href":"https:\/\/lovme.pt\/index.php\/wp-json\/wp\/v2\/types\/product"}],"wp:featuredmedia":[{"embeddable":true,"href":"https:\/\/lovme.pt\/index.php\/wp-json\/wp\/v2\/media\/101985"}],"wp:attachment":[{"href":"https:\/\/lovme.pt\/index.php\/wp-json\/wp\/v2\/media?parent=27448"}],"wp:term":[{"taxonomy":"product_brand","embeddable":true,"href":"https:\/\/lovme.pt\/index.php\/wp-json\/wp\/v2\/product_brand?post=27448"},{"taxonomy":"product_cat","embeddable":true,"href":"https:\/\/lovme.pt\/index.php\/wp-json\/wp\/v2\/product_cat?post=27448"},{"taxonomy":"product_tag","embeddable":true,"href":"https:\/\/lovme.pt\/index.php\/wp-json\/wp\/v2\/product_tag?post=27448"}],"curies":[{"name":"wp","href":"https:\/\/api.w.org\/{rel}","templated":true}]}}