{"id":27219,"date":"2025-10-01T00:40:45","date_gmt":"2025-10-01T00:40:45","guid":{"rendered":"https:\/\/lovme.pt\/?post_type=product&#038;p=27219"},"modified":"2026-02-19T20:23:25","modified_gmt":"2026-02-19T20:23:25","slug":"subblime-fetish-peluche-de-fetiche-com-pescoo-halter-s-m","status":"publish","type":"product","link":"https:\/\/lovme.pt\/index.php\/produto\/subblime-fetish-peluche-de-fetiche-com-pescoo-halter-s-m\/","title":{"rendered":"SUBBLIME &#8211; FETISH TEDDY CON CUELLO HALTER S\/M"},"content":{"rendered":"<p>O termo Sublime \u00e9 usado para se referir a uma beleza extrema, a algo que vai al\u00e9m da racionalidade do espectador. \u00c9 por isso que \u00e9 usado em sentido figurado em pessoas e coisas que se destacam do conjunto em termos de excel\u00eancia, superioridade, beleza e perfei\u00e7\u00e3o.<\/p>\n<p>Subblime \u00e9 uma marca de lingerie criada nos EUA e criada para mulheres que querem se sentir extremamente sexy e irresist\u00edveis com materiais de alta qualidade e conforto<\/p>\n<ul>\n<li>Ursinho muito sensual<\/li>\n<li>Estilo fetiche<\/li>\n<li>Al\u00e7as ajust\u00e1veis<\/li>\n<li>Halter pesco\u00e7o<\/li>\n<li>Cor preta<\/li>\n<li>Design exclusivo<\/li>\n<li>Apresenta\u00e7\u00e3o em bela caixa<\/li>\n<li>Tamanho: S \/ M<\/li>\n<\/ul>\n<p>Eleg\u00e2ncia e sedu\u00e7\u00e3o elevadas ao seu m\u00e1ximo expoente, simplesmente &#8230; Sublime!<\/p>\n<p>\u00a0<\/p>\n<table border=\"1\" cellpadding=\"0\" cellspacing=\"0\" height=\"167\" width=\"930\">\n<tbody>\n<tr height=\"23\" style=\"border: 1px solid black;\">\n<td class=\"xl72\" colspan=\"8\" height=\"23\" style=\"text-align: center; border: 1px solid black;\" width=\"832\"><b>TABELA DE TAMANHOS &#8211;\u00a0<\/b><b style=\"text-align: center;\">SUBBLIME<\/b><\/td>\n<\/tr>\n<tr height=\"23\" style=\"border: 1px solid black;\">\n<td class=\"xl73\" colspan=\"2\" height=\"23\" style=\"text-align: center; border: 1px solid black;\"><b>TAMANHOS<\/b><\/td>\n<td class=\"xl71\" style=\"text-align: center; border: 1px solid black;\" width=\"104\"><strong>EU<\/strong><\/td>\n<td class=\"xl71\" style=\"text-align: center; border: 1px solid black;\" width=\"104\"><strong>USA<\/strong><\/td>\n<td class=\"xl71\" style=\"text-align: center; border: 1px solid black;\" width=\"104\"><strong>UK\/AU\/NZ<\/strong><\/td>\n<td class=\"xl71\" style=\"text-align: center; border: 1px solid black;\" width=\"104\"><strong>ITALY<\/strong><\/td>\n<td class=\"xl71\" style=\"text-align: center; border: 1px solid black;\" width=\"104\"><strong>FRANCE<\/strong><\/td>\n<td class=\"xl71\" style=\"text-align: center; border: 1px solid black;\" width=\"104\"><strong>RUSSIA<\/strong><\/td>\n<\/tr>\n<tr>\n<td class=\"xl74\" colspan=\"2\" height=\"23\" style=\"text-align: center; border: 1px solid black;\" width=\"208\"><strong>S\/M<\/strong><\/td>\n<td class=\"xl72\" style=\"text-align: center; border: 1px solid black;\" width=\"104\">34-38<\/td>\n<td class=\"xl72\" style=\"text-align: center; border: 1px solid black;\" width=\"104\">2-8<\/td>\n<td class=\"xl71\" style=\"text-align: center; border: 1px solid black;\" width=\"104\">6-10<\/td>\n<td class=\"xl71\" style=\"text-align: center; border: 1px solid black;\" width=\"104\">38-44<\/td>\n<td class=\"xl71\" style=\"text-align: center; border: 1px solid black;\" width=\"104\">36-38<\/td>\n<td class=\"xl71\" style=\"text-align: center; border: 1px solid black;\" width=\"104\">40-46<\/td>\n<\/tr>\n<tr>\n<td class=\"xl74\" colspan=\"2\" height=\"23\" style=\"text-align: center; border: 1px solid black;\" width=\"208\"><strong>L\/XL<\/strong><\/td>\n<td class=\"xl72\" style=\"text-align: center; border: 1px solid black;\" width=\"104\">40-42<\/td>\n<td class=\"xl72\" style=\"text-align: center; border: 1px solid black;\" width=\"104\">10-12<\/td>\n<td class=\"xl71\" style=\"text-align: center; border: 1px solid black;\" width=\"104\">12-14<\/td>\n<td class=\"xl71\" style=\"text-align: center; border: 1px solid black;\" width=\"104\">46-48<\/td>\n<td class=\"xl71\" style=\"text-align: center; border: 1px solid black;\" width=\"104\">40-42<\/td>\n<td class=\"xl71\" style=\"text-align: center; border: 1px solid black;\" width=\"104\">48-50<\/td>\n<\/tr>\n<tr>\n<td class=\"xl74\" colspan=\"2\" height=\"23\" style=\"text-align: center; border: 1px solid black;\" width=\"208\"><b>TAMANHO GRANDE<\/b><\/td>\n<td class=\"xl72\" style=\"text-align: center; border: 1px solid black;\" width=\"104\">44<\/td>\n<td class=\"xl72\" style=\"text-align: center; border: 1px solid black;\" width=\"104\">14<\/td>\n<td class=\"xl71\" style=\"text-align: center; border: 1px solid black;\" width=\"104\">16<\/td>\n<td class=\"xl71\" style=\"text-align: center; border: 1px solid black;\" width=\"104\">50<\/td>\n<td class=\"xl71\" style=\"text-align: center; border: 1px solid black;\" width=\"104\">44<\/td>\n<td class=\"xl71\" style=\"text-align: center; border: 1px solid black;\" width=\"104\">52<\/td>\n<\/tr>\n<\/tbody>\n<\/table>\n<p>\u00a0<\/p>\n<p>\u00a0<\/p>\n<p>\u00a0<\/p>\n","protected":false},"excerpt":{"rendered":"<p>SUBBLIME &#8211; FETISH PELUCHE DE FETICHE COM PESCOO HALTER S \/ M<\/p>\n","protected":false},"featured_media":89908,"template":"","meta":{"_acf_changed":false},"product_brand":[],"product_cat":[48,47,66],"product_tag":[],"class_list":{"0":"post-27219","1":"product","2":"type-product","3":"status-publish","4":"has-post-thumbnail","6":"product_cat-bdsm","7":"product_cat-lingerie","8":"product_cat-lingerie-feminina","9":"yith_product_brand-subblime","10":"yith_product_brand-subblime-subblime-bodies","12":"first","13":"instock","14":"taxable","15":"shipping-taxable","16":"purchasable","17":"product-type-variable","18":"has-default-attributes"},"acf":[],"yoast_head":"<!-- This site is optimized with the Yoast SEO plugin v27.4 - https:\/\/yoast.com\/product\/yoast-seo-wordpress\/ -->\n<title>SUBBLIME - FETISH TEDDY CON CUELLO HALTER S\/M - Lovme<\/title>\n<meta name=\"robots\" content=\"index, follow, max-snippet:-1, max-image-preview:large, max-video-preview:-1\" \/>\n<link rel=\"canonical\" href=\"https:\/\/lovme.pt\/index.php\/produto\/subblime-fetish-peluche-de-fetiche-com-pescoo-halter-s-m\/\" \/>\n<meta property=\"og:locale\" content=\"pt_PT\" \/>\n<meta property=\"og:type\" content=\"article\" \/>\n<meta property=\"og:title\" content=\"SUBBLIME - FETISH TEDDY CON CUELLO HALTER S\/M - Lovme\" \/>\n<meta property=\"og:description\" content=\"SUBBLIME - FETISH PELUCHE DE FETICHE COM PESCOO HALTER S \/ M\" \/>\n<meta property=\"og:url\" content=\"https:\/\/lovme.pt\/index.php\/produto\/subblime-fetish-peluche-de-fetiche-com-pescoo-halter-s-m\/\" \/>\n<meta property=\"og:site_name\" content=\"Lovme\" \/>\n<meta property=\"article:modified_time\" content=\"2026-02-19T20:23:25+00:00\" \/>\n<meta property=\"og:image\" content=\"https:\/\/erki24nd3ub.exactdn.com\/wp-content\/uploads\/dream\/img\/img_76765_36a65f064eb94a095e20d1d4457f7c19_1.jpg?strip=all\" \/>\n\t<meta property=\"og:image:width\" content=\"800\" \/>\n\t<meta property=\"og:image:height\" content=\"800\" \/>\n\t<meta property=\"og:image:type\" content=\"image\/jpeg\" \/>\n<meta name=\"twitter:card\" content=\"summary_large_image\" \/>\n<meta name=\"twitter:label1\" content=\"Tempo estimado de leitura\" \/>\n\t<meta name=\"twitter:data1\" content=\"1 minuto\" \/>\n<script type=\"application\/ld+json\" class=\"yoast-schema-graph\">{\"@context\":\"https:\\\/\\\/schema.org\",\"@graph\":[{\"@type\":\"WebPage\",\"@id\":\"https:\\\/\\\/lovme.pt\\\/index.php\\\/produto\\\/subblime-fetish-peluche-de-fetiche-com-pescoo-halter-s-m\\\/\",\"url\":\"https:\\\/\\\/lovme.pt\\\/index.php\\\/produto\\\/subblime-fetish-peluche-de-fetiche-com-pescoo-halter-s-m\\\/\",\"name\":\"SUBBLIME - FETISH TEDDY CON CUELLO HALTER S\\\/M - Lovme\",\"isPartOf\":{\"@id\":\"https:\\\/\\\/lovme.pt\\\/#website\"},\"primaryImageOfPage\":{\"@id\":\"https:\\\/\\\/lovme.pt\\\/index.php\\\/produto\\\/subblime-fetish-peluche-de-fetiche-com-pescoo-halter-s-m\\\/#primaryimage\"},\"image\":{\"@id\":\"https:\\\/\\\/lovme.pt\\\/index.php\\\/produto\\\/subblime-fetish-peluche-de-fetiche-com-pescoo-halter-s-m\\\/#primaryimage\"},\"thumbnailUrl\":\"https:\\\/\\\/erki24nd3ub.exactdn.com\\\/wp-content\\\/uploads\\\/dream\\\/img\\\/img_76765_36a65f064eb94a095e20d1d4457f7c19_1.jpg?strip=all\",\"datePublished\":\"2025-10-01T00:40:45+00:00\",\"dateModified\":\"2026-02-19T20:23:25+00:00\",\"breadcrumb\":{\"@id\":\"https:\\\/\\\/lovme.pt\\\/index.php\\\/produto\\\/subblime-fetish-peluche-de-fetiche-com-pescoo-halter-s-m\\\/#breadcrumb\"},\"inLanguage\":\"pt-PT\",\"potentialAction\":[{\"@type\":\"ReadAction\",\"target\":[\"https:\\\/\\\/lovme.pt\\\/index.php\\\/produto\\\/subblime-fetish-peluche-de-fetiche-com-pescoo-halter-s-m\\\/\"]}]},{\"@type\":\"ImageObject\",\"inLanguage\":\"pt-PT\",\"@id\":\"https:\\\/\\\/lovme.pt\\\/index.php\\\/produto\\\/subblime-fetish-peluche-de-fetiche-com-pescoo-halter-s-m\\\/#primaryimage\",\"url\":\"https:\\\/\\\/erki24nd3ub.exactdn.com\\\/wp-content\\\/uploads\\\/dream\\\/img\\\/img_76765_36a65f064eb94a095e20d1d4457f7c19_1.jpg?strip=all\",\"contentUrl\":\"https:\\\/\\\/erki24nd3ub.exactdn.com\\\/wp-content\\\/uploads\\\/dream\\\/img\\\/img_76765_36a65f064eb94a095e20d1d4457f7c19_1.jpg?strip=all\",\"width\":800,\"height\":800},{\"@type\":\"BreadcrumbList\",\"@id\":\"https:\\\/\\\/lovme.pt\\\/index.php\\\/produto\\\/subblime-fetish-peluche-de-fetiche-com-pescoo-halter-s-m\\\/#breadcrumb\",\"itemListElement\":[{\"@type\":\"ListItem\",\"position\":1,\"name\":\"In\u00edcio\",\"item\":\"https:\\\/\\\/lovme.pt\\\/\"},{\"@type\":\"ListItem\",\"position\":2,\"name\":\"Loja\",\"item\":\"https:\\\/\\\/lovme.pt\\\/index.php\\\/loja\\\/\"},{\"@type\":\"ListItem\",\"position\":3,\"name\":\"SUBBLIME &#8211; FETISH TEDDY CON CUELLO HALTER S\\\/M\"}]},{\"@type\":\"WebSite\",\"@id\":\"https:\\\/\\\/lovme.pt\\\/#website\",\"url\":\"https:\\\/\\\/lovme.pt\\\/\",\"name\":\"Lovme Loja Er\u00f3tica N\u00ba1 em Portugal\",\"description\":\"A melhor loja er\u00f3tica de Portugal.\",\"alternateName\":\"Loja Er\u00f3tica Lovme\",\"potentialAction\":[{\"@type\":\"SearchAction\",\"target\":{\"@type\":\"EntryPoint\",\"urlTemplate\":\"https:\\\/\\\/lovme.pt\\\/?s={search_term_string}\"},\"query-input\":{\"@type\":\"PropertyValueSpecification\",\"valueRequired\":true,\"valueName\":\"search_term_string\"}}],\"inLanguage\":\"pt-PT\"}]}<\/script>\n<!-- \/ Yoast SEO plugin. -->","yoast_head_json":{"title":"SUBBLIME - FETISH TEDDY CON CUELLO HALTER S\/M - Lovme","robots":{"index":"index","follow":"follow","max-snippet":"max-snippet:-1","max-image-preview":"max-image-preview:large","max-video-preview":"max-video-preview:-1"},"canonical":"https:\/\/lovme.pt\/index.php\/produto\/subblime-fetish-peluche-de-fetiche-com-pescoo-halter-s-m\/","og_locale":"pt_PT","og_type":"article","og_title":"SUBBLIME - FETISH TEDDY CON CUELLO HALTER S\/M - Lovme","og_description":"SUBBLIME - FETISH PELUCHE DE FETICHE COM PESCOO HALTER S \/ M","og_url":"https:\/\/lovme.pt\/index.php\/produto\/subblime-fetish-peluche-de-fetiche-com-pescoo-halter-s-m\/","og_site_name":"Lovme","article_modified_time":"2026-02-19T20:23:25+00:00","og_image":[{"width":800,"height":800,"url":"https:\/\/erki24nd3ub.exactdn.com\/wp-content\/uploads\/dream\/img\/img_76765_36a65f064eb94a095e20d1d4457f7c19_1.jpg?strip=all","type":"image\/jpeg"}],"twitter_card":"summary_large_image","twitter_misc":{"Tempo estimado de leitura":"1 minuto"},"schema":{"@context":"https:\/\/schema.org","@graph":[{"@type":"WebPage","@id":"https:\/\/lovme.pt\/index.php\/produto\/subblime-fetish-peluche-de-fetiche-com-pescoo-halter-s-m\/","url":"https:\/\/lovme.pt\/index.php\/produto\/subblime-fetish-peluche-de-fetiche-com-pescoo-halter-s-m\/","name":"SUBBLIME - FETISH TEDDY CON CUELLO HALTER S\/M - Lovme","isPartOf":{"@id":"https:\/\/lovme.pt\/#website"},"primaryImageOfPage":{"@id":"https:\/\/lovme.pt\/index.php\/produto\/subblime-fetish-peluche-de-fetiche-com-pescoo-halter-s-m\/#primaryimage"},"image":{"@id":"https:\/\/lovme.pt\/index.php\/produto\/subblime-fetish-peluche-de-fetiche-com-pescoo-halter-s-m\/#primaryimage"},"thumbnailUrl":"https:\/\/erki24nd3ub.exactdn.com\/wp-content\/uploads\/dream\/img\/img_76765_36a65f064eb94a095e20d1d4457f7c19_1.jpg?strip=all","datePublished":"2025-10-01T00:40:45+00:00","dateModified":"2026-02-19T20:23:25+00:00","breadcrumb":{"@id":"https:\/\/lovme.pt\/index.php\/produto\/subblime-fetish-peluche-de-fetiche-com-pescoo-halter-s-m\/#breadcrumb"},"inLanguage":"pt-PT","potentialAction":[{"@type":"ReadAction","target":["https:\/\/lovme.pt\/index.php\/produto\/subblime-fetish-peluche-de-fetiche-com-pescoo-halter-s-m\/"]}]},{"@type":"ImageObject","inLanguage":"pt-PT","@id":"https:\/\/lovme.pt\/index.php\/produto\/subblime-fetish-peluche-de-fetiche-com-pescoo-halter-s-m\/#primaryimage","url":"https:\/\/erki24nd3ub.exactdn.com\/wp-content\/uploads\/dream\/img\/img_76765_36a65f064eb94a095e20d1d4457f7c19_1.jpg?strip=all","contentUrl":"https:\/\/erki24nd3ub.exactdn.com\/wp-content\/uploads\/dream\/img\/img_76765_36a65f064eb94a095e20d1d4457f7c19_1.jpg?strip=all","width":800,"height":800},{"@type":"BreadcrumbList","@id":"https:\/\/lovme.pt\/index.php\/produto\/subblime-fetish-peluche-de-fetiche-com-pescoo-halter-s-m\/#breadcrumb","itemListElement":[{"@type":"ListItem","position":1,"name":"In\u00edcio","item":"https:\/\/lovme.pt\/"},{"@type":"ListItem","position":2,"name":"Loja","item":"https:\/\/lovme.pt\/index.php\/loja\/"},{"@type":"ListItem","position":3,"name":"SUBBLIME &#8211; FETISH TEDDY CON CUELLO HALTER S\/M"}]},{"@type":"WebSite","@id":"https:\/\/lovme.pt\/#website","url":"https:\/\/lovme.pt\/","name":"Lovme Loja Er\u00f3tica N\u00ba1 em Portugal","description":"A melhor loja er\u00f3tica de Portugal.","alternateName":"Loja Er\u00f3tica Lovme","potentialAction":[{"@type":"SearchAction","target":{"@type":"EntryPoint","urlTemplate":"https:\/\/lovme.pt\/?s={search_term_string}"},"query-input":{"@type":"PropertyValueSpecification","valueRequired":true,"valueName":"search_term_string"}}],"inLanguage":"pt-PT"}]}},"_links":{"self":[{"href":"https:\/\/lovme.pt\/index.php\/wp-json\/wp\/v2\/product\/27219","targetHints":{"allow":["GET"]}}],"collection":[{"href":"https:\/\/lovme.pt\/index.php\/wp-json\/wp\/v2\/product"}],"about":[{"href":"https:\/\/lovme.pt\/index.php\/wp-json\/wp\/v2\/types\/product"}],"wp:featuredmedia":[{"embeddable":true,"href":"https:\/\/lovme.pt\/index.php\/wp-json\/wp\/v2\/media\/89908"}],"wp:attachment":[{"href":"https:\/\/lovme.pt\/index.php\/wp-json\/wp\/v2\/media?parent=27219"}],"wp:term":[{"taxonomy":"product_brand","embeddable":true,"href":"https:\/\/lovme.pt\/index.php\/wp-json\/wp\/v2\/product_brand?post=27219"},{"taxonomy":"product_cat","embeddable":true,"href":"https:\/\/lovme.pt\/index.php\/wp-json\/wp\/v2\/product_cat?post=27219"},{"taxonomy":"product_tag","embeddable":true,"href":"https:\/\/lovme.pt\/index.php\/wp-json\/wp\/v2\/product_tag?post=27219"}],"curies":[{"name":"wp","href":"https:\/\/api.w.org\/{rel}","templated":true}]}}