{"id":26326,"date":"2025-09-30T10:06:47","date_gmt":"2025-09-30T10:06:47","guid":{"rendered":"https:\/\/lovme.pt\/?post_type=product&#038;p=26326"},"modified":"2026-04-17T01:19:06","modified_gmt":"2026-04-17T01:19:06","slug":"addicted-toys-aneis-ajustveis-para-penis","status":"publish","type":"product","link":"https:\/\/lovme.pt\/index.php\/produto\/addicted-toys-aneis-ajustveis-para-penis\/","title":{"rendered":"ADDICTED TOYS &#8211; AN\u00c9IS AJUSTVEIS PARA P\u00c9NIS"},"content":{"rendered":"<p>Os brinquedos viciados s&atilde;o brinquedos de qualidade. Seu design foi revisado para estimular perfeitamente o p&ecirc;nis e todos os seus sentidos, cada um foi desenhado por uma equipe de engenheiros da Adicted Toys.<\/p>\n<p> Ao limitar o fluxo sangu&iacute;neo, os nossos an&eacute;is melhoram o tamanho e a resist&ecirc;ncia do p&eacute;nis, ao mesmo tempo que estimulam o cl&iacute;toris e ajudam a atingir um orgasmo mais r&aacute;pido. Com o incr&iacute;vel Ring voc&ecirc; agir&aacute; como um profissional e desfrutar&aacute; do tipo de sexo que sempre sonhou.<\/p>\n<p> Fabricado em silicone de alta qualidade pode ser apreciado com qualquer lubrificante &agrave; base de &aacute;gua. O anel de silicone semelhante a seda se ajusta confortavelmente e facilmente &agrave; maioria dos tamanhos. O anel superior se ajusta ao p&ecirc;nis, enquanto a parte inferior do anel envolve os test&iacute;culos, o que o torna maior, mais grosso e proporciona ere&ccedil;&otilde;es mais duradouras. Leve-o para qualquer lugar e voc&ecirc; estar&aacute; pronto para a a&ccedil;&atilde;o o tempo todo!<\/p>\n<ul>\n<li> Anel superior de di&acirc;metro: 3,8 m<\/li>\n<li> Di&acirc;metro do anel inferior: 5,8 cm<\/li>\n<li> Flex&iacute;vel cabe em quase todos os tamanhos de p&ecirc;nis.<\/li>\n<\/ul>\n<p style=\"text-align: center\">\n","protected":false},"excerpt":{"rendered":"<p>ADDICTED TOYS &#8211; AN\u00c9IS AJUSTVEIS PARA P\u00c9NIS<\/p>\n","protected":false},"featured_media":62655,"template":"","meta":{"_acf_changed":false},"product_brand":[],"product_cat":[17,59,60],"product_tag":[],"class_list":{"0":"post-26326","1":"product","2":"type-product","3":"status-publish","4":"has-post-thumbnail","6":"product_cat-brinquedos-de-bem-estar-sexual","7":"product_cat-para-casais","8":"product_cat-para-eles","9":"yith_product_brand-addicted-toys","11":"first","12":"instock","13":"taxable","14":"shipping-taxable","15":"purchasable","16":"product-type-simple"},"acf":[],"yoast_head":"<!-- This site is optimized with the Yoast SEO plugin v27.4 - https:\/\/yoast.com\/product\/yoast-seo-wordpress\/ -->\n<title>ADDICTED TOYS - AN\u00c9IS AJUSTVEIS PARA P\u00c9NIS - Lovme<\/title>\n<meta name=\"robots\" content=\"index, follow, max-snippet:-1, max-image-preview:large, max-video-preview:-1\" \/>\n<link rel=\"canonical\" href=\"https:\/\/lovme.pt\/index.php\/produto\/addicted-toys-aneis-ajustveis-para-penis\/\" \/>\n<meta property=\"og:locale\" content=\"pt_PT\" \/>\n<meta property=\"og:type\" content=\"article\" \/>\n<meta property=\"og:title\" content=\"ADDICTED TOYS - AN\u00c9IS AJUSTVEIS PARA P\u00c9NIS - Lovme\" \/>\n<meta property=\"og:description\" content=\"ADDICTED TOYS - AN\u00c9IS AJUSTVEIS PARA P\u00c9NIS\" \/>\n<meta property=\"og:url\" content=\"https:\/\/lovme.pt\/index.php\/produto\/addicted-toys-aneis-ajustveis-para-penis\/\" \/>\n<meta property=\"og:site_name\" content=\"Lovme\" \/>\n<meta property=\"article:modified_time\" content=\"2026-04-17T01:19:06+00:00\" \/>\n<meta property=\"og:image\" content=\"https:\/\/erki24nd3ub.exactdn.com\/wp-content\/uploads\/dream\/img\/img_73673_4482f94670c4c06b58eb3a7f7563403c_1.png?strip=all\" \/>\n\t<meta property=\"og:image:width\" content=\"900\" \/>\n\t<meta property=\"og:image:height\" content=\"900\" \/>\n\t<meta property=\"og:image:type\" content=\"image\/png\" \/>\n<meta name=\"twitter:card\" content=\"summary_large_image\" \/>\n<meta name=\"twitter:label1\" content=\"Tempo estimado de leitura\" \/>\n\t<meta name=\"twitter:data1\" content=\"1 minuto\" \/>\n<script type=\"application\/ld+json\" class=\"yoast-schema-graph\">{\"@context\":\"https:\\\/\\\/schema.org\",\"@graph\":[{\"@type\":\"WebPage\",\"@id\":\"https:\\\/\\\/lovme.pt\\\/index.php\\\/produto\\\/addicted-toys-aneis-ajustveis-para-penis\\\/\",\"url\":\"https:\\\/\\\/lovme.pt\\\/index.php\\\/produto\\\/addicted-toys-aneis-ajustveis-para-penis\\\/\",\"name\":\"ADDICTED TOYS - AN\u00c9IS AJUSTVEIS PARA P\u00c9NIS - Lovme\",\"isPartOf\":{\"@id\":\"https:\\\/\\\/lovme.pt\\\/#website\"},\"primaryImageOfPage\":{\"@id\":\"https:\\\/\\\/lovme.pt\\\/index.php\\\/produto\\\/addicted-toys-aneis-ajustveis-para-penis\\\/#primaryimage\"},\"image\":{\"@id\":\"https:\\\/\\\/lovme.pt\\\/index.php\\\/produto\\\/addicted-toys-aneis-ajustveis-para-penis\\\/#primaryimage\"},\"thumbnailUrl\":\"https:\\\/\\\/erki24nd3ub.exactdn.com\\\/wp-content\\\/uploads\\\/dream\\\/img\\\/img_73673_4482f94670c4c06b58eb3a7f7563403c_1.png?strip=all\",\"datePublished\":\"2025-09-30T10:06:47+00:00\",\"dateModified\":\"2026-04-17T01:19:06+00:00\",\"breadcrumb\":{\"@id\":\"https:\\\/\\\/lovme.pt\\\/index.php\\\/produto\\\/addicted-toys-aneis-ajustveis-para-penis\\\/#breadcrumb\"},\"inLanguage\":\"pt-PT\",\"potentialAction\":[{\"@type\":\"ReadAction\",\"target\":[\"https:\\\/\\\/lovme.pt\\\/index.php\\\/produto\\\/addicted-toys-aneis-ajustveis-para-penis\\\/\"]}]},{\"@type\":\"ImageObject\",\"inLanguage\":\"pt-PT\",\"@id\":\"https:\\\/\\\/lovme.pt\\\/index.php\\\/produto\\\/addicted-toys-aneis-ajustveis-para-penis\\\/#primaryimage\",\"url\":\"https:\\\/\\\/erki24nd3ub.exactdn.com\\\/wp-content\\\/uploads\\\/dream\\\/img\\\/img_73673_4482f94670c4c06b58eb3a7f7563403c_1.png?strip=all\",\"contentUrl\":\"https:\\\/\\\/erki24nd3ub.exactdn.com\\\/wp-content\\\/uploads\\\/dream\\\/img\\\/img_73673_4482f94670c4c06b58eb3a7f7563403c_1.png?strip=all\",\"width\":900,\"height\":900},{\"@type\":\"BreadcrumbList\",\"@id\":\"https:\\\/\\\/lovme.pt\\\/index.php\\\/produto\\\/addicted-toys-aneis-ajustveis-para-penis\\\/#breadcrumb\",\"itemListElement\":[{\"@type\":\"ListItem\",\"position\":1,\"name\":\"In\u00edcio\",\"item\":\"https:\\\/\\\/lovme.pt\\\/\"},{\"@type\":\"ListItem\",\"position\":2,\"name\":\"Loja\",\"item\":\"https:\\\/\\\/lovme.pt\\\/index.php\\\/loja\\\/\"},{\"@type\":\"ListItem\",\"position\":3,\"name\":\"ADDICTED TOYS &#8211; AN\u00c9IS AJUSTVEIS PARA P\u00c9NIS\"}]},{\"@type\":\"WebSite\",\"@id\":\"https:\\\/\\\/lovme.pt\\\/#website\",\"url\":\"https:\\\/\\\/lovme.pt\\\/\",\"name\":\"Lovme Loja Er\u00f3tica N\u00ba1 em Portugal\",\"description\":\"A melhor loja er\u00f3tica de Portugal.\",\"alternateName\":\"Loja Er\u00f3tica Lovme\",\"potentialAction\":[{\"@type\":\"SearchAction\",\"target\":{\"@type\":\"EntryPoint\",\"urlTemplate\":\"https:\\\/\\\/lovme.pt\\\/?s={search_term_string}\"},\"query-input\":{\"@type\":\"PropertyValueSpecification\",\"valueRequired\":true,\"valueName\":\"search_term_string\"}}],\"inLanguage\":\"pt-PT\"}]}<\/script>\n<!-- \/ Yoast SEO plugin. -->","yoast_head_json":{"title":"ADDICTED TOYS - AN\u00c9IS AJUSTVEIS PARA P\u00c9NIS - Lovme","robots":{"index":"index","follow":"follow","max-snippet":"max-snippet:-1","max-image-preview":"max-image-preview:large","max-video-preview":"max-video-preview:-1"},"canonical":"https:\/\/lovme.pt\/index.php\/produto\/addicted-toys-aneis-ajustveis-para-penis\/","og_locale":"pt_PT","og_type":"article","og_title":"ADDICTED TOYS - AN\u00c9IS AJUSTVEIS PARA P\u00c9NIS - Lovme","og_description":"ADDICTED TOYS - AN\u00c9IS AJUSTVEIS PARA P\u00c9NIS","og_url":"https:\/\/lovme.pt\/index.php\/produto\/addicted-toys-aneis-ajustveis-para-penis\/","og_site_name":"Lovme","article_modified_time":"2026-04-17T01:19:06+00:00","og_image":[{"width":900,"height":900,"url":"https:\/\/erki24nd3ub.exactdn.com\/wp-content\/uploads\/dream\/img\/img_73673_4482f94670c4c06b58eb3a7f7563403c_1.png?strip=all","type":"image\/png"}],"twitter_card":"summary_large_image","twitter_misc":{"Tempo estimado de leitura":"1 minuto"},"schema":{"@context":"https:\/\/schema.org","@graph":[{"@type":"WebPage","@id":"https:\/\/lovme.pt\/index.php\/produto\/addicted-toys-aneis-ajustveis-para-penis\/","url":"https:\/\/lovme.pt\/index.php\/produto\/addicted-toys-aneis-ajustveis-para-penis\/","name":"ADDICTED TOYS - AN\u00c9IS AJUSTVEIS PARA P\u00c9NIS - Lovme","isPartOf":{"@id":"https:\/\/lovme.pt\/#website"},"primaryImageOfPage":{"@id":"https:\/\/lovme.pt\/index.php\/produto\/addicted-toys-aneis-ajustveis-para-penis\/#primaryimage"},"image":{"@id":"https:\/\/lovme.pt\/index.php\/produto\/addicted-toys-aneis-ajustveis-para-penis\/#primaryimage"},"thumbnailUrl":"https:\/\/erki24nd3ub.exactdn.com\/wp-content\/uploads\/dream\/img\/img_73673_4482f94670c4c06b58eb3a7f7563403c_1.png?strip=all","datePublished":"2025-09-30T10:06:47+00:00","dateModified":"2026-04-17T01:19:06+00:00","breadcrumb":{"@id":"https:\/\/lovme.pt\/index.php\/produto\/addicted-toys-aneis-ajustveis-para-penis\/#breadcrumb"},"inLanguage":"pt-PT","potentialAction":[{"@type":"ReadAction","target":["https:\/\/lovme.pt\/index.php\/produto\/addicted-toys-aneis-ajustveis-para-penis\/"]}]},{"@type":"ImageObject","inLanguage":"pt-PT","@id":"https:\/\/lovme.pt\/index.php\/produto\/addicted-toys-aneis-ajustveis-para-penis\/#primaryimage","url":"https:\/\/erki24nd3ub.exactdn.com\/wp-content\/uploads\/dream\/img\/img_73673_4482f94670c4c06b58eb3a7f7563403c_1.png?strip=all","contentUrl":"https:\/\/erki24nd3ub.exactdn.com\/wp-content\/uploads\/dream\/img\/img_73673_4482f94670c4c06b58eb3a7f7563403c_1.png?strip=all","width":900,"height":900},{"@type":"BreadcrumbList","@id":"https:\/\/lovme.pt\/index.php\/produto\/addicted-toys-aneis-ajustveis-para-penis\/#breadcrumb","itemListElement":[{"@type":"ListItem","position":1,"name":"In\u00edcio","item":"https:\/\/lovme.pt\/"},{"@type":"ListItem","position":2,"name":"Loja","item":"https:\/\/lovme.pt\/index.php\/loja\/"},{"@type":"ListItem","position":3,"name":"ADDICTED TOYS &#8211; AN\u00c9IS AJUSTVEIS PARA P\u00c9NIS"}]},{"@type":"WebSite","@id":"https:\/\/lovme.pt\/#website","url":"https:\/\/lovme.pt\/","name":"Lovme Loja Er\u00f3tica N\u00ba1 em Portugal","description":"A melhor loja er\u00f3tica de Portugal.","alternateName":"Loja Er\u00f3tica Lovme","potentialAction":[{"@type":"SearchAction","target":{"@type":"EntryPoint","urlTemplate":"https:\/\/lovme.pt\/?s={search_term_string}"},"query-input":{"@type":"PropertyValueSpecification","valueRequired":true,"valueName":"search_term_string"}}],"inLanguage":"pt-PT"}]}},"_links":{"self":[{"href":"https:\/\/lovme.pt\/index.php\/wp-json\/wp\/v2\/product\/26326","targetHints":{"allow":["GET"]}}],"collection":[{"href":"https:\/\/lovme.pt\/index.php\/wp-json\/wp\/v2\/product"}],"about":[{"href":"https:\/\/lovme.pt\/index.php\/wp-json\/wp\/v2\/types\/product"}],"wp:featuredmedia":[{"embeddable":true,"href":"https:\/\/lovme.pt\/index.php\/wp-json\/wp\/v2\/media\/62655"}],"wp:attachment":[{"href":"https:\/\/lovme.pt\/index.php\/wp-json\/wp\/v2\/media?parent=26326"}],"wp:term":[{"taxonomy":"product_brand","embeddable":true,"href":"https:\/\/lovme.pt\/index.php\/wp-json\/wp\/v2\/product_brand?post=26326"},{"taxonomy":"product_cat","embeddable":true,"href":"https:\/\/lovme.pt\/index.php\/wp-json\/wp\/v2\/product_cat?post=26326"},{"taxonomy":"product_tag","embeddable":true,"href":"https:\/\/lovme.pt\/index.php\/wp-json\/wp\/v2\/product_tag?post=26326"}],"curies":[{"name":"wp","href":"https:\/\/api.w.org\/{rel}","templated":true}]}}