{"id":2627,"date":"2025-09-30T09:46:43","date_gmt":"2025-09-30T09:46:43","guid":{"rendered":"https:\/\/lovme.pt\/?post_type=product&#038;p=2627"},"modified":"2026-04-15T18:26:01","modified_gmt":"2026-04-15T18:26:01","slug":"id-pleasure-lubrificante-a-base-de-agua-130-ml","status":"publish","type":"product","link":"https:\/\/lovme.pt\/index.php\/produto\/id-pleasure-lubrificante-a-base-de-agua-130-ml\/","title":{"rendered":"ID PLEASURE &#8211; LUBRIFICANTE \u00c0 BASE DE \u00c1GUA 130 ML"},"content":{"rendered":"<p>Estimula&ccedil;&atilde;o emocionante! ID Pleasure &reg; est&aacute; aqui para aqueles que amam a qualidade do ID Glide &reg; com estimula&ccedil;&atilde;o adicional!<\/p>\n<p>Um lubrificante &agrave; base de &aacute;gua com uma sensa&ccedil;&atilde;o de formigamento que adicionar&aacute; uma nova camada de emo&ccedil;&atilde;o &agrave;s suas aventuras no quarto. Preencha seus momentos &iacute;ntimos com uma onda de prazer ao experimentar um de nossos lubrificantes pessoais mais exclusivos. A sensa&ccedil;&atilde;o de formigamento deste lubrificante invariavelmente far&aacute; voc&ecirc; girar de alegria enquanto mergulha de cabe&ccedil;a na emo&ccedil;&atilde;o. Fa&ccedil;a da sua pr&oacute;xima noite de paix&atilde;o uma noite cheia de emo&ccedil;&atilde;o e aventura com ID Pleasure &reg;.<\/p>\n<p>ID Pleasure &reg; usa a mesma f&oacute;rmula &agrave; base de &aacute;gua que ID Glide &reg;, mas com a adi&ccedil;&atilde;o de extratos bot&acirc;nicos naturais de gingko biloba e trevo vermelho para aumentar a estimula&ccedil;&atilde;o da &aacute;rea aplicada. Por sua vez, a sensa&ccedil;&atilde;o durante a rela&ccedil;&atilde;o sexual ou a masturba&ccedil;&atilde;o &eacute; aumentada. Devido &agrave; sensa&ccedil;&atilde;o &uacute;nica presente em nosso lubrificante, ele tamb&eacute;m melhora muito a estimula&ccedil;&atilde;o de suas regi&otilde;es inferiores. Uma maneira infal&iacute;vel de fazer as coisas no quarto come&ccedil;arem estrondosamente, nosso lubrificante est&aacute; aqui para mostrar o significado da palavra prazer. Al&eacute;m de ser um lubrificante pessoal fant&aacute;stico para usar com seu parceiro ou sozinho, Pleasure tamb&eacute;m &eacute; &oacute;timo para usar com seus brinquedos.<\/p>\n<p>Use-o com brinquedos de l&aacute;tex ou silicone e aproveite seu tempo se divertindo com eles como nunca antes.<\/p>\n<p>N&atilde;o se preocupe com derramamentos, pois este lubrificante n&atilde;o deixa manchas e limpa a maioria dos tecidos com uma simples lavagem. Com tantos benef&iacute;cios, &eacute; f&aacute;cil entender por que esse lubrificante se tornou t&atilde;o popular entre nossos clientes.<\/p>\n<p>Adicione isso &agrave; sua lista de itens obrigat&oacute;rios e aproveite a felicidade sexual que certamente se seguir&aacute;. Mantenha o ID Pleasure &reg; por perto para aqueles momentos extra brincalh&otilde;es!<\/p>\n<p>&nbsp;<\/p>\n<p>&nbsp;<\/p>\n<p style=\"text-align: center\"><img decoding=\"async\" alt=\"https:\/\/store.dreamlove.es\/UserFiles\/image\/id2.png\" src=\"https:\/\/store.dreamlove.es\/UserFiles\/image\/id2.png\" style=\"line-height: 20.8px;text-align: center\" \/><\/p>\n","protected":false},"excerpt":{"rendered":"<p>EMBALAGEM DISPON\u00cdVEL EM: \/es\/en\/fr\/il\/<\/p>\n","protected":false},"featured_media":56885,"template":"","meta":{"_acf_changed":false},"product_brand":[],"product_cat":[49,52,53],"product_tag":[],"class_list":{"0":"post-2627","1":"product","2":"type-product","3":"status-publish","4":"has-post-thumbnail","6":"product_cat-cosmeticos","7":"product_cat-estimulantes","8":"product_cat-lubrificantes-intimos","9":"yith_product_brand-id-lubricantesid-pleasure","11":"first","12":"instock","13":"taxable","14":"shipping-taxable","15":"purchasable","16":"product-type-simple"},"acf":[],"yoast_head":"<!-- This site is optimized with the Yoast SEO plugin v27.4 - https:\/\/yoast.com\/product\/yoast-seo-wordpress\/ -->\n<title>ID PLEASURE - LUBRIFICANTE \u00c0 BASE DE \u00c1GUA 130 ML - Lovme<\/title>\n<meta name=\"robots\" content=\"index, follow, max-snippet:-1, max-image-preview:large, max-video-preview:-1\" \/>\n<link rel=\"canonical\" href=\"https:\/\/lovme.pt\/index.php\/produto\/id-pleasure-lubrificante-a-base-de-agua-130-ml\/\" \/>\n<meta property=\"og:locale\" content=\"pt_PT\" \/>\n<meta property=\"og:type\" content=\"article\" \/>\n<meta property=\"og:title\" content=\"ID PLEASURE - LUBRIFICANTE \u00c0 BASE DE \u00c1GUA 130 ML - Lovme\" \/>\n<meta property=\"og:description\" content=\"EMBALAGEM DISPON\u00cdVEL EM: \/es\/en\/fr\/il\/\" \/>\n<meta property=\"og:url\" content=\"https:\/\/lovme.pt\/index.php\/produto\/id-pleasure-lubrificante-a-base-de-agua-130-ml\/\" \/>\n<meta property=\"og:site_name\" content=\"Lovme\" \/>\n<meta property=\"article:modified_time\" content=\"2026-04-15T18:26:01+00:00\" \/>\n<meta property=\"og:image\" content=\"https:\/\/erki24nd3ub.exactdn.com\/wp-content\/uploads\/dream\/img\/img_116875_3730d557a3b97ec6738ff8beee374f65_1.jpg?strip=all\" \/>\n\t<meta property=\"og:image:width\" content=\"800\" \/>\n\t<meta property=\"og:image:height\" content=\"800\" \/>\n\t<meta property=\"og:image:type\" content=\"image\/jpeg\" \/>\n<meta name=\"twitter:card\" content=\"summary_large_image\" \/>\n<meta name=\"twitter:label1\" content=\"Tempo estimado de leitura\" \/>\n\t<meta name=\"twitter:data1\" content=\"2 minutos\" \/>\n<script type=\"application\/ld+json\" class=\"yoast-schema-graph\">{\"@context\":\"https:\\\/\\\/schema.org\",\"@graph\":[{\"@type\":\"WebPage\",\"@id\":\"https:\\\/\\\/lovme.pt\\\/index.php\\\/produto\\\/id-pleasure-lubrificante-a-base-de-agua-130-ml\\\/\",\"url\":\"https:\\\/\\\/lovme.pt\\\/index.php\\\/produto\\\/id-pleasure-lubrificante-a-base-de-agua-130-ml\\\/\",\"name\":\"ID PLEASURE - LUBRIFICANTE \u00c0 BASE DE \u00c1GUA 130 ML - Lovme\",\"isPartOf\":{\"@id\":\"https:\\\/\\\/lovme.pt\\\/#website\"},\"primaryImageOfPage\":{\"@id\":\"https:\\\/\\\/lovme.pt\\\/index.php\\\/produto\\\/id-pleasure-lubrificante-a-base-de-agua-130-ml\\\/#primaryimage\"},\"image\":{\"@id\":\"https:\\\/\\\/lovme.pt\\\/index.php\\\/produto\\\/id-pleasure-lubrificante-a-base-de-agua-130-ml\\\/#primaryimage\"},\"thumbnailUrl\":\"https:\\\/\\\/erki24nd3ub.exactdn.com\\\/wp-content\\\/uploads\\\/dream\\\/img\\\/img_116875_3730d557a3b97ec6738ff8beee374f65_1.jpg?strip=all\",\"datePublished\":\"2025-09-30T09:46:43+00:00\",\"dateModified\":\"2026-04-15T18:26:01+00:00\",\"breadcrumb\":{\"@id\":\"https:\\\/\\\/lovme.pt\\\/index.php\\\/produto\\\/id-pleasure-lubrificante-a-base-de-agua-130-ml\\\/#breadcrumb\"},\"inLanguage\":\"pt-PT\",\"potentialAction\":[{\"@type\":\"ReadAction\",\"target\":[\"https:\\\/\\\/lovme.pt\\\/index.php\\\/produto\\\/id-pleasure-lubrificante-a-base-de-agua-130-ml\\\/\"]}]},{\"@type\":\"ImageObject\",\"inLanguage\":\"pt-PT\",\"@id\":\"https:\\\/\\\/lovme.pt\\\/index.php\\\/produto\\\/id-pleasure-lubrificante-a-base-de-agua-130-ml\\\/#primaryimage\",\"url\":\"https:\\\/\\\/erki24nd3ub.exactdn.com\\\/wp-content\\\/uploads\\\/dream\\\/img\\\/img_116875_3730d557a3b97ec6738ff8beee374f65_1.jpg?strip=all\",\"contentUrl\":\"https:\\\/\\\/erki24nd3ub.exactdn.com\\\/wp-content\\\/uploads\\\/dream\\\/img\\\/img_116875_3730d557a3b97ec6738ff8beee374f65_1.jpg?strip=all\",\"width\":800,\"height\":800},{\"@type\":\"BreadcrumbList\",\"@id\":\"https:\\\/\\\/lovme.pt\\\/index.php\\\/produto\\\/id-pleasure-lubrificante-a-base-de-agua-130-ml\\\/#breadcrumb\",\"itemListElement\":[{\"@type\":\"ListItem\",\"position\":1,\"name\":\"In\u00edcio\",\"item\":\"https:\\\/\\\/lovme.pt\\\/\"},{\"@type\":\"ListItem\",\"position\":2,\"name\":\"Loja\",\"item\":\"https:\\\/\\\/lovme.pt\\\/index.php\\\/loja\\\/\"},{\"@type\":\"ListItem\",\"position\":3,\"name\":\"ID PLEASURE &#8211; LUBRIFICANTE \u00c0 BASE DE \u00c1GUA 130 ML\"}]},{\"@type\":\"WebSite\",\"@id\":\"https:\\\/\\\/lovme.pt\\\/#website\",\"url\":\"https:\\\/\\\/lovme.pt\\\/\",\"name\":\"Lovme Loja Er\u00f3tica N\u00ba1 em Portugal\",\"description\":\"A melhor loja er\u00f3tica de Portugal.\",\"alternateName\":\"Loja Er\u00f3tica Lovme\",\"potentialAction\":[{\"@type\":\"SearchAction\",\"target\":{\"@type\":\"EntryPoint\",\"urlTemplate\":\"https:\\\/\\\/lovme.pt\\\/?s={search_term_string}\"},\"query-input\":{\"@type\":\"PropertyValueSpecification\",\"valueRequired\":true,\"valueName\":\"search_term_string\"}}],\"inLanguage\":\"pt-PT\"}]}<\/script>\n<!-- \/ Yoast SEO plugin. -->","yoast_head_json":{"title":"ID PLEASURE - LUBRIFICANTE \u00c0 BASE DE \u00c1GUA 130 ML - Lovme","robots":{"index":"index","follow":"follow","max-snippet":"max-snippet:-1","max-image-preview":"max-image-preview:large","max-video-preview":"max-video-preview:-1"},"canonical":"https:\/\/lovme.pt\/index.php\/produto\/id-pleasure-lubrificante-a-base-de-agua-130-ml\/","og_locale":"pt_PT","og_type":"article","og_title":"ID PLEASURE - LUBRIFICANTE \u00c0 BASE DE \u00c1GUA 130 ML - Lovme","og_description":"EMBALAGEM DISPON\u00cdVEL EM: \/es\/en\/fr\/il\/","og_url":"https:\/\/lovme.pt\/index.php\/produto\/id-pleasure-lubrificante-a-base-de-agua-130-ml\/","og_site_name":"Lovme","article_modified_time":"2026-04-15T18:26:01+00:00","og_image":[{"width":800,"height":800,"url":"https:\/\/erki24nd3ub.exactdn.com\/wp-content\/uploads\/dream\/img\/img_116875_3730d557a3b97ec6738ff8beee374f65_1.jpg?strip=all","type":"image\/jpeg"}],"twitter_card":"summary_large_image","twitter_misc":{"Tempo estimado de leitura":"2 minutos"},"schema":{"@context":"https:\/\/schema.org","@graph":[{"@type":"WebPage","@id":"https:\/\/lovme.pt\/index.php\/produto\/id-pleasure-lubrificante-a-base-de-agua-130-ml\/","url":"https:\/\/lovme.pt\/index.php\/produto\/id-pleasure-lubrificante-a-base-de-agua-130-ml\/","name":"ID PLEASURE - LUBRIFICANTE \u00c0 BASE DE \u00c1GUA 130 ML - Lovme","isPartOf":{"@id":"https:\/\/lovme.pt\/#website"},"primaryImageOfPage":{"@id":"https:\/\/lovme.pt\/index.php\/produto\/id-pleasure-lubrificante-a-base-de-agua-130-ml\/#primaryimage"},"image":{"@id":"https:\/\/lovme.pt\/index.php\/produto\/id-pleasure-lubrificante-a-base-de-agua-130-ml\/#primaryimage"},"thumbnailUrl":"https:\/\/erki24nd3ub.exactdn.com\/wp-content\/uploads\/dream\/img\/img_116875_3730d557a3b97ec6738ff8beee374f65_1.jpg?strip=all","datePublished":"2025-09-30T09:46:43+00:00","dateModified":"2026-04-15T18:26:01+00:00","breadcrumb":{"@id":"https:\/\/lovme.pt\/index.php\/produto\/id-pleasure-lubrificante-a-base-de-agua-130-ml\/#breadcrumb"},"inLanguage":"pt-PT","potentialAction":[{"@type":"ReadAction","target":["https:\/\/lovme.pt\/index.php\/produto\/id-pleasure-lubrificante-a-base-de-agua-130-ml\/"]}]},{"@type":"ImageObject","inLanguage":"pt-PT","@id":"https:\/\/lovme.pt\/index.php\/produto\/id-pleasure-lubrificante-a-base-de-agua-130-ml\/#primaryimage","url":"https:\/\/erki24nd3ub.exactdn.com\/wp-content\/uploads\/dream\/img\/img_116875_3730d557a3b97ec6738ff8beee374f65_1.jpg?strip=all","contentUrl":"https:\/\/erki24nd3ub.exactdn.com\/wp-content\/uploads\/dream\/img\/img_116875_3730d557a3b97ec6738ff8beee374f65_1.jpg?strip=all","width":800,"height":800},{"@type":"BreadcrumbList","@id":"https:\/\/lovme.pt\/index.php\/produto\/id-pleasure-lubrificante-a-base-de-agua-130-ml\/#breadcrumb","itemListElement":[{"@type":"ListItem","position":1,"name":"In\u00edcio","item":"https:\/\/lovme.pt\/"},{"@type":"ListItem","position":2,"name":"Loja","item":"https:\/\/lovme.pt\/index.php\/loja\/"},{"@type":"ListItem","position":3,"name":"ID PLEASURE &#8211; LUBRIFICANTE \u00c0 BASE DE \u00c1GUA 130 ML"}]},{"@type":"WebSite","@id":"https:\/\/lovme.pt\/#website","url":"https:\/\/lovme.pt\/","name":"Lovme Loja Er\u00f3tica N\u00ba1 em Portugal","description":"A melhor loja er\u00f3tica de Portugal.","alternateName":"Loja Er\u00f3tica Lovme","potentialAction":[{"@type":"SearchAction","target":{"@type":"EntryPoint","urlTemplate":"https:\/\/lovme.pt\/?s={search_term_string}"},"query-input":{"@type":"PropertyValueSpecification","valueRequired":true,"valueName":"search_term_string"}}],"inLanguage":"pt-PT"}]}},"_links":{"self":[{"href":"https:\/\/lovme.pt\/index.php\/wp-json\/wp\/v2\/product\/2627","targetHints":{"allow":["GET"]}}],"collection":[{"href":"https:\/\/lovme.pt\/index.php\/wp-json\/wp\/v2\/product"}],"about":[{"href":"https:\/\/lovme.pt\/index.php\/wp-json\/wp\/v2\/types\/product"}],"wp:featuredmedia":[{"embeddable":true,"href":"https:\/\/lovme.pt\/index.php\/wp-json\/wp\/v2\/media\/56885"}],"wp:attachment":[{"href":"https:\/\/lovme.pt\/index.php\/wp-json\/wp\/v2\/media?parent=2627"}],"wp:term":[{"taxonomy":"product_brand","embeddable":true,"href":"https:\/\/lovme.pt\/index.php\/wp-json\/wp\/v2\/product_brand?post=2627"},{"taxonomy":"product_cat","embeddable":true,"href":"https:\/\/lovme.pt\/index.php\/wp-json\/wp\/v2\/product_cat?post=2627"},{"taxonomy":"product_tag","embeddable":true,"href":"https:\/\/lovme.pt\/index.php\/wp-json\/wp\/v2\/product_tag?post=2627"}],"curies":[{"name":"wp","href":"https:\/\/api.w.org\/{rel}","templated":true}]}}