{"id":26178,"date":"2025-10-01T02:50:19","date_gmt":"2025-10-01T02:50:19","guid":{"rendered":"https:\/\/lovme.pt\/?post_type=product&#038;p=26178"},"modified":"2026-02-19T20:21:48","modified_gmt":"2026-02-19T20:21:48","slug":"cyber-silicock-controle-remoto-realistic-master-ben-5-1-grtis-23-88-cm-o-4-3-cm","status":"publish","type":"product","link":"https:\/\/lovme.pt\/index.php\/produto\/cyber-silicock-controle-remoto-realistic-master-ben-5-1-grtis-23-88-cm-o-4-3-cm\/","title":{"rendered":"CYBER SILICOCK &#8211; CONTROLE REMOTO REALISTA MASTER BEN 23,88 CM -O- 4,3 CM \/ 5 + 1 GR\u00c1TIS"},"content":{"rendered":"<p>Nunca um acabamento em silicone foi t\u00e3o realista, flex\u00edvel, t\u00e9rmico e com as funcionalidades incans\u00e1veis que voc\u00ea sempre sonhou.<\/p>\n<p> Mestre dos melhores brinquedos ultrarrealistas j\u00e1 fabricados, e voc\u00ea pensa pouco, gra\u00e7as ao seu controle remoto e aos potentes motores de multifrequ\u00eancia.<\/p>\n<p> Possui 7 padr\u00f5es diferentes de vibra\u00e7\u00e3o enquanto, ao mesmo tempo, seu sistema se move para cima e para baixo sem parar, e sua ventosa d\u00e1 r\u00e9dea solta a in\u00fameras posi\u00e7\u00f5es.<\/p>\n<p> Seus detalhes, como veias, cabe\u00e7a e test\u00edculos em PELE DE SILICONE CIBERN\u00c9TICA, far\u00e3o com que seus orgasmos sejam como voc\u00ea sempre sonhou, REAIS&#8230;<\/p>\n<ul>\n<li> Silicone Touch Skin livre de ftalatos<\/li>\n<li> Controle remoto<\/li>\n<li> Recarreg\u00e1vel com USB inclu\u00eddo.<\/li>\n<li> Forma real para experi\u00eancia real<\/li>\n<li> Base com suc\u00e7\u00e3o forte e segura, coloque sobre uma superf\u00edcie lisa e desfrute de toda a a\u00e7\u00e3o.<\/li>\n<li> Todos os Cybersilicocks s\u00e3o controlados por controle remoto.<\/li>\n<li> Medidas:\n<ul>\n<li> Comprimento total: 23,88 cm<\/li>\n<li> Comprimento inser\u00edvel: 16,5 cm<\/li>\n<li> Di\u00e2metro inser\u00edvel: 4,3 cm<\/li>\n<\/ul>\n<\/li>\n<\/ul>\n<p> Se voc\u00ea quer ter algo real \u00e0 sua disposi\u00e7\u00e3o 24 horas por dia, precisa experimentar o CyberSilicock!<\/p>\n<p> Garantia de 1 ano.<\/p>\n<p style=\"text-align: center;\">\n","protected":false},"excerpt":{"rendered":"<p>CYBER SILICOCK &#8211; CONTROLE REMOTO REALISTA MASTER BEN 23,88 CM -O- 4,3 CM \/ 5 + 1 GR\u00c1TIS<\/p>\n","protected":false},"featured_media":99380,"template":"","meta":{"_acf_changed":false},"product_brand":[],"product_cat":[17,76],"product_tag":[],"class_list":{"0":"post-26178","1":"product","2":"type-product","3":"status-publish","4":"has-post-thumbnail","6":"product_cat-brinquedos-de-bem-estar-sexual","7":"product_cat-vibradores","8":"yith_product_brand-cyber-silicock","10":"first","11":"instock","12":"taxable","13":"shipping-taxable","14":"purchasable","15":"product-type-simple"},"acf":[],"yoast_head":"<!-- This site is optimized with the Yoast SEO plugin v27.4 - https:\/\/yoast.com\/product\/yoast-seo-wordpress\/ -->\n<title>CYBER SILICOCK - CONTROLE REMOTO REALISTA MASTER BEN 23,88 CM -O- 4,3 CM \/ 5 + 1 GR\u00c1TIS - Lovme<\/title>\n<meta name=\"robots\" content=\"index, follow, max-snippet:-1, max-image-preview:large, max-video-preview:-1\" \/>\n<link rel=\"canonical\" href=\"https:\/\/lovme.pt\/index.php\/produto\/cyber-silicock-controle-remoto-realistic-master-ben-5-1-grtis-23-88-cm-o-4-3-cm\/\" \/>\n<meta property=\"og:locale\" content=\"pt_PT\" \/>\n<meta property=\"og:type\" content=\"article\" \/>\n<meta property=\"og:title\" content=\"CYBER SILICOCK - CONTROLE REMOTO REALISTA MASTER BEN 23,88 CM -O- 4,3 CM \/ 5 + 1 GR\u00c1TIS - Lovme\" \/>\n<meta property=\"og:description\" content=\"CYBER SILICOCK - CONTROLE REMOTO REALISTA MASTER BEN 23,88 CM -O- 4,3 CM \/ 5 + 1 GR\u00c1TIS\" \/>\n<meta property=\"og:url\" content=\"https:\/\/lovme.pt\/index.php\/produto\/cyber-silicock-controle-remoto-realistic-master-ben-5-1-grtis-23-88-cm-o-4-3-cm\/\" \/>\n<meta property=\"og:site_name\" content=\"Lovme\" \/>\n<meta property=\"article:modified_time\" content=\"2026-02-19T20:21:48+00:00\" \/>\n<meta property=\"og:image\" content=\"https:\/\/erki24nd3ub.exactdn.com\/wp-content\/uploads\/dream\/img\/img_73191_e55c257af2f47c990e9e10d245e32ef9_1.png?strip=all\" \/>\n\t<meta property=\"og:image:width\" content=\"900\" \/>\n\t<meta property=\"og:image:height\" content=\"900\" \/>\n\t<meta property=\"og:image:type\" content=\"image\/png\" \/>\n<meta name=\"twitter:card\" content=\"summary_large_image\" \/>\n<meta name=\"twitter:label1\" content=\"Tempo estimado de leitura\" \/>\n\t<meta name=\"twitter:data1\" content=\"1 minuto\" \/>\n<script type=\"application\/ld+json\" class=\"yoast-schema-graph\">{\"@context\":\"https:\\\/\\\/schema.org\",\"@graph\":[{\"@type\":\"WebPage\",\"@id\":\"https:\\\/\\\/lovme.pt\\\/index.php\\\/produto\\\/cyber-silicock-controle-remoto-realistic-master-ben-5-1-grtis-23-88-cm-o-4-3-cm\\\/\",\"url\":\"https:\\\/\\\/lovme.pt\\\/index.php\\\/produto\\\/cyber-silicock-controle-remoto-realistic-master-ben-5-1-grtis-23-88-cm-o-4-3-cm\\\/\",\"name\":\"CYBER SILICOCK - CONTROLE REMOTO REALISTA MASTER BEN 23,88 CM -O- 4,3 CM \\\/ 5 + 1 GR\u00c1TIS - Lovme\",\"isPartOf\":{\"@id\":\"https:\\\/\\\/lovme.pt\\\/#website\"},\"primaryImageOfPage\":{\"@id\":\"https:\\\/\\\/lovme.pt\\\/index.php\\\/produto\\\/cyber-silicock-controle-remoto-realistic-master-ben-5-1-grtis-23-88-cm-o-4-3-cm\\\/#primaryimage\"},\"image\":{\"@id\":\"https:\\\/\\\/lovme.pt\\\/index.php\\\/produto\\\/cyber-silicock-controle-remoto-realistic-master-ben-5-1-grtis-23-88-cm-o-4-3-cm\\\/#primaryimage\"},\"thumbnailUrl\":\"https:\\\/\\\/erki24nd3ub.exactdn.com\\\/wp-content\\\/uploads\\\/dream\\\/img\\\/img_73191_e55c257af2f47c990e9e10d245e32ef9_1.png?strip=all\",\"datePublished\":\"2025-10-01T02:50:19+00:00\",\"dateModified\":\"2026-02-19T20:21:48+00:00\",\"breadcrumb\":{\"@id\":\"https:\\\/\\\/lovme.pt\\\/index.php\\\/produto\\\/cyber-silicock-controle-remoto-realistic-master-ben-5-1-grtis-23-88-cm-o-4-3-cm\\\/#breadcrumb\"},\"inLanguage\":\"pt-PT\",\"potentialAction\":[{\"@type\":\"ReadAction\",\"target\":[\"https:\\\/\\\/lovme.pt\\\/index.php\\\/produto\\\/cyber-silicock-controle-remoto-realistic-master-ben-5-1-grtis-23-88-cm-o-4-3-cm\\\/\"]}]},{\"@type\":\"ImageObject\",\"inLanguage\":\"pt-PT\",\"@id\":\"https:\\\/\\\/lovme.pt\\\/index.php\\\/produto\\\/cyber-silicock-controle-remoto-realistic-master-ben-5-1-grtis-23-88-cm-o-4-3-cm\\\/#primaryimage\",\"url\":\"https:\\\/\\\/erki24nd3ub.exactdn.com\\\/wp-content\\\/uploads\\\/dream\\\/img\\\/img_73191_e55c257af2f47c990e9e10d245e32ef9_1.png?strip=all\",\"contentUrl\":\"https:\\\/\\\/erki24nd3ub.exactdn.com\\\/wp-content\\\/uploads\\\/dream\\\/img\\\/img_73191_e55c257af2f47c990e9e10d245e32ef9_1.png?strip=all\",\"width\":900,\"height\":900},{\"@type\":\"BreadcrumbList\",\"@id\":\"https:\\\/\\\/lovme.pt\\\/index.php\\\/produto\\\/cyber-silicock-controle-remoto-realistic-master-ben-5-1-grtis-23-88-cm-o-4-3-cm\\\/#breadcrumb\",\"itemListElement\":[{\"@type\":\"ListItem\",\"position\":1,\"name\":\"In\u00edcio\",\"item\":\"https:\\\/\\\/lovme.pt\\\/\"},{\"@type\":\"ListItem\",\"position\":2,\"name\":\"Loja\",\"item\":\"https:\\\/\\\/lovme.pt\\\/index.php\\\/loja\\\/\"},{\"@type\":\"ListItem\",\"position\":3,\"name\":\"CYBER SILICOCK &#8211; CONTROLE REMOTO REALISTA MASTER BEN 23,88 CM -O- 4,3 CM \\\/ 5 + 1 GR\u00c1TIS\"}]},{\"@type\":\"WebSite\",\"@id\":\"https:\\\/\\\/lovme.pt\\\/#website\",\"url\":\"https:\\\/\\\/lovme.pt\\\/\",\"name\":\"Lovme Loja Er\u00f3tica N\u00ba1 em Portugal\",\"description\":\"A melhor loja er\u00f3tica de Portugal.\",\"alternateName\":\"Loja Er\u00f3tica Lovme\",\"potentialAction\":[{\"@type\":\"SearchAction\",\"target\":{\"@type\":\"EntryPoint\",\"urlTemplate\":\"https:\\\/\\\/lovme.pt\\\/?s={search_term_string}\"},\"query-input\":{\"@type\":\"PropertyValueSpecification\",\"valueRequired\":true,\"valueName\":\"search_term_string\"}}],\"inLanguage\":\"pt-PT\"}]}<\/script>\n<!-- \/ Yoast SEO plugin. -->","yoast_head_json":{"title":"CYBER SILICOCK - CONTROLE REMOTO REALISTA MASTER BEN 23,88 CM -O- 4,3 CM \/ 5 + 1 GR\u00c1TIS - Lovme","robots":{"index":"index","follow":"follow","max-snippet":"max-snippet:-1","max-image-preview":"max-image-preview:large","max-video-preview":"max-video-preview:-1"},"canonical":"https:\/\/lovme.pt\/index.php\/produto\/cyber-silicock-controle-remoto-realistic-master-ben-5-1-grtis-23-88-cm-o-4-3-cm\/","og_locale":"pt_PT","og_type":"article","og_title":"CYBER SILICOCK - CONTROLE REMOTO REALISTA MASTER BEN 23,88 CM -O- 4,3 CM \/ 5 + 1 GR\u00c1TIS - Lovme","og_description":"CYBER SILICOCK - CONTROLE REMOTO REALISTA MASTER BEN 23,88 CM -O- 4,3 CM \/ 5 + 1 GR\u00c1TIS","og_url":"https:\/\/lovme.pt\/index.php\/produto\/cyber-silicock-controle-remoto-realistic-master-ben-5-1-grtis-23-88-cm-o-4-3-cm\/","og_site_name":"Lovme","article_modified_time":"2026-02-19T20:21:48+00:00","og_image":[{"width":900,"height":900,"url":"https:\/\/erki24nd3ub.exactdn.com\/wp-content\/uploads\/dream\/img\/img_73191_e55c257af2f47c990e9e10d245e32ef9_1.png?strip=all","type":"image\/png"}],"twitter_card":"summary_large_image","twitter_misc":{"Tempo estimado de leitura":"1 minuto"},"schema":{"@context":"https:\/\/schema.org","@graph":[{"@type":"WebPage","@id":"https:\/\/lovme.pt\/index.php\/produto\/cyber-silicock-controle-remoto-realistic-master-ben-5-1-grtis-23-88-cm-o-4-3-cm\/","url":"https:\/\/lovme.pt\/index.php\/produto\/cyber-silicock-controle-remoto-realistic-master-ben-5-1-grtis-23-88-cm-o-4-3-cm\/","name":"CYBER SILICOCK - CONTROLE REMOTO REALISTA MASTER BEN 23,88 CM -O- 4,3 CM \/ 5 + 1 GR\u00c1TIS - Lovme","isPartOf":{"@id":"https:\/\/lovme.pt\/#website"},"primaryImageOfPage":{"@id":"https:\/\/lovme.pt\/index.php\/produto\/cyber-silicock-controle-remoto-realistic-master-ben-5-1-grtis-23-88-cm-o-4-3-cm\/#primaryimage"},"image":{"@id":"https:\/\/lovme.pt\/index.php\/produto\/cyber-silicock-controle-remoto-realistic-master-ben-5-1-grtis-23-88-cm-o-4-3-cm\/#primaryimage"},"thumbnailUrl":"https:\/\/erki24nd3ub.exactdn.com\/wp-content\/uploads\/dream\/img\/img_73191_e55c257af2f47c990e9e10d245e32ef9_1.png?strip=all","datePublished":"2025-10-01T02:50:19+00:00","dateModified":"2026-02-19T20:21:48+00:00","breadcrumb":{"@id":"https:\/\/lovme.pt\/index.php\/produto\/cyber-silicock-controle-remoto-realistic-master-ben-5-1-grtis-23-88-cm-o-4-3-cm\/#breadcrumb"},"inLanguage":"pt-PT","potentialAction":[{"@type":"ReadAction","target":["https:\/\/lovme.pt\/index.php\/produto\/cyber-silicock-controle-remoto-realistic-master-ben-5-1-grtis-23-88-cm-o-4-3-cm\/"]}]},{"@type":"ImageObject","inLanguage":"pt-PT","@id":"https:\/\/lovme.pt\/index.php\/produto\/cyber-silicock-controle-remoto-realistic-master-ben-5-1-grtis-23-88-cm-o-4-3-cm\/#primaryimage","url":"https:\/\/erki24nd3ub.exactdn.com\/wp-content\/uploads\/dream\/img\/img_73191_e55c257af2f47c990e9e10d245e32ef9_1.png?strip=all","contentUrl":"https:\/\/erki24nd3ub.exactdn.com\/wp-content\/uploads\/dream\/img\/img_73191_e55c257af2f47c990e9e10d245e32ef9_1.png?strip=all","width":900,"height":900},{"@type":"BreadcrumbList","@id":"https:\/\/lovme.pt\/index.php\/produto\/cyber-silicock-controle-remoto-realistic-master-ben-5-1-grtis-23-88-cm-o-4-3-cm\/#breadcrumb","itemListElement":[{"@type":"ListItem","position":1,"name":"In\u00edcio","item":"https:\/\/lovme.pt\/"},{"@type":"ListItem","position":2,"name":"Loja","item":"https:\/\/lovme.pt\/index.php\/loja\/"},{"@type":"ListItem","position":3,"name":"CYBER SILICOCK &#8211; CONTROLE REMOTO REALISTA MASTER BEN 23,88 CM -O- 4,3 CM \/ 5 + 1 GR\u00c1TIS"}]},{"@type":"WebSite","@id":"https:\/\/lovme.pt\/#website","url":"https:\/\/lovme.pt\/","name":"Lovme Loja Er\u00f3tica N\u00ba1 em Portugal","description":"A melhor loja er\u00f3tica de Portugal.","alternateName":"Loja Er\u00f3tica Lovme","potentialAction":[{"@type":"SearchAction","target":{"@type":"EntryPoint","urlTemplate":"https:\/\/lovme.pt\/?s={search_term_string}"},"query-input":{"@type":"PropertyValueSpecification","valueRequired":true,"valueName":"search_term_string"}}],"inLanguage":"pt-PT"}]}},"_links":{"self":[{"href":"https:\/\/lovme.pt\/index.php\/wp-json\/wp\/v2\/product\/26178","targetHints":{"allow":["GET"]}}],"collection":[{"href":"https:\/\/lovme.pt\/index.php\/wp-json\/wp\/v2\/product"}],"about":[{"href":"https:\/\/lovme.pt\/index.php\/wp-json\/wp\/v2\/types\/product"}],"wp:featuredmedia":[{"embeddable":true,"href":"https:\/\/lovme.pt\/index.php\/wp-json\/wp\/v2\/media\/99380"}],"wp:attachment":[{"href":"https:\/\/lovme.pt\/index.php\/wp-json\/wp\/v2\/media?parent=26178"}],"wp:term":[{"taxonomy":"product_brand","embeddable":true,"href":"https:\/\/lovme.pt\/index.php\/wp-json\/wp\/v2\/product_brand?post=26178"},{"taxonomy":"product_cat","embeddable":true,"href":"https:\/\/lovme.pt\/index.php\/wp-json\/wp\/v2\/product_cat?post=26178"},{"taxonomy":"product_tag","embeddable":true,"href":"https:\/\/lovme.pt\/index.php\/wp-json\/wp\/v2\/product_tag?post=26178"}],"curies":[{"name":"wp","href":"https:\/\/api.w.org\/{rel}","templated":true}]}}