{"id":25805,"date":"2025-09-30T10:06:41","date_gmt":"2025-09-30T10:06:41","guid":{"rendered":"https:\/\/lovme.pt\/?post_type=product&#038;p=25805"},"modified":"2026-04-14T10:19:56","modified_gmt":"2026-04-14T10:19:56","slug":"pretty-love-anel-vibratorio-curitis","status":"publish","type":"product","link":"https:\/\/lovme.pt\/index.php\/produto\/pretty-love-anel-vibratorio-curitis\/","title":{"rendered":"PRETTY LOVE &#8211; ANEL VIBRAT\u00d3RIO CURITIS"},"content":{"rendered":"<p>Este fabuloso brinquedo sexual masculino tem dois tent\u00e1culos que formam um anel ajust\u00e1vel para mant\u00ea-lo seguro e confort\u00e1vel em todos os momentos; perfeitamente adaptado ao seu corpo para o uso mais eficaz. Ao abra\u00e7ar a base do seu membro, este anel manter\u00e1 mais sangue em seu corpo por mais tempo, resultando em ere\u00e7\u00f5es maiores, mais duras e mais duradouras. Este anel tem uma bala vibrat\u00f3ria potente e compacta na parte superior e uma extremidade nodulada na frente para estimula\u00e7\u00e3o do casal. Feito de um silicone macio aveludado.<\/p>\n<p> Caracter\u00edsticas:<\/p>\n<ul>\n<li> Anel vibrat\u00f3rio Curitis<\/li>\n<li> Pilhas: 3 x LR41<\/li>\n<li> Material: Silicone e ABS<\/li>\n<li> Vibra\u00e7\u00f5es poderosas<\/li>\n<li> Ere\u00e7\u00f5es mais longas e duras<\/li>\n<li> Medidas: Veja foto.<\/li>\n<\/ul>\n<p> A Pretty Love fabrica produtos de alta qualidade. Garantia de 1 ano contra defeitos de f\u00e1brica.<\/p><\/p>\n","protected":false},"excerpt":{"rendered":"<p>PRETTY LOVE &#8211; ANEL VIBRADOR CURITIS<\/p>\n","protected":false},"featured_media":62626,"template":"","meta":{"_acf_changed":false},"product_brand":[],"product_cat":[17,59,60],"product_tag":[],"class_list":{"0":"post-25805","1":"product","2":"type-product","3":"status-publish","4":"has-post-thumbnail","6":"product_cat-brinquedos-de-bem-estar-sexual","7":"product_cat-para-casais","8":"product_cat-para-eles","9":"yith_product_brand-pretty-love","11":"first","12":"instock","13":"taxable","14":"shipping-taxable","15":"purchasable","16":"product-type-simple"},"acf":[],"yoast_head":"<!-- This site is optimized with the Yoast SEO plugin v27.4 - https:\/\/yoast.com\/product\/yoast-seo-wordpress\/ -->\n<title>PRETTY LOVE - ANEL VIBRAT\u00d3RIO CURITIS - Lovme<\/title>\n<meta name=\"robots\" content=\"index, follow, max-snippet:-1, max-image-preview:large, max-video-preview:-1\" \/>\n<link rel=\"canonical\" href=\"https:\/\/lovme.pt\/index.php\/produto\/pretty-love-anel-vibratorio-curitis\/\" \/>\n<meta property=\"og:locale\" content=\"pt_PT\" \/>\n<meta property=\"og:type\" content=\"article\" \/>\n<meta property=\"og:title\" content=\"PRETTY LOVE - ANEL VIBRAT\u00d3RIO CURITIS - Lovme\" \/>\n<meta property=\"og:description\" content=\"PRETTY LOVE - ANEL VIBRADOR CURITIS\" \/>\n<meta property=\"og:url\" content=\"https:\/\/lovme.pt\/index.php\/produto\/pretty-love-anel-vibratorio-curitis\/\" \/>\n<meta property=\"og:site_name\" content=\"Lovme\" \/>\n<meta property=\"article:modified_time\" content=\"2026-04-14T10:19:56+00:00\" \/>\n<meta property=\"og:image\" content=\"https:\/\/erki24nd3ub.exactdn.com\/wp-content\/uploads\/dream\/img\/img_71895_a727832484d9f3bc7d2b98dc3dba489a_1.jpg?strip=all\" \/>\n\t<meta property=\"og:image:width\" content=\"800\" \/>\n\t<meta property=\"og:image:height\" content=\"800\" \/>\n\t<meta property=\"og:image:type\" content=\"image\/jpeg\" \/>\n<meta name=\"twitter:card\" content=\"summary_large_image\" \/>\n<meta name=\"twitter:label1\" content=\"Tempo estimado de leitura\" \/>\n\t<meta name=\"twitter:data1\" content=\"1 minuto\" \/>\n<script type=\"application\/ld+json\" class=\"yoast-schema-graph\">{\"@context\":\"https:\\\/\\\/schema.org\",\"@graph\":[{\"@type\":\"WebPage\",\"@id\":\"https:\\\/\\\/lovme.pt\\\/index.php\\\/produto\\\/pretty-love-anel-vibratorio-curitis\\\/\",\"url\":\"https:\\\/\\\/lovme.pt\\\/index.php\\\/produto\\\/pretty-love-anel-vibratorio-curitis\\\/\",\"name\":\"PRETTY LOVE - ANEL VIBRAT\u00d3RIO CURITIS - Lovme\",\"isPartOf\":{\"@id\":\"https:\\\/\\\/lovme.pt\\\/#website\"},\"primaryImageOfPage\":{\"@id\":\"https:\\\/\\\/lovme.pt\\\/index.php\\\/produto\\\/pretty-love-anel-vibratorio-curitis\\\/#primaryimage\"},\"image\":{\"@id\":\"https:\\\/\\\/lovme.pt\\\/index.php\\\/produto\\\/pretty-love-anel-vibratorio-curitis\\\/#primaryimage\"},\"thumbnailUrl\":\"https:\\\/\\\/erki24nd3ub.exactdn.com\\\/wp-content\\\/uploads\\\/dream\\\/img\\\/img_71895_a727832484d9f3bc7d2b98dc3dba489a_1.jpg?strip=all\",\"datePublished\":\"2025-09-30T10:06:41+00:00\",\"dateModified\":\"2026-04-14T10:19:56+00:00\",\"breadcrumb\":{\"@id\":\"https:\\\/\\\/lovme.pt\\\/index.php\\\/produto\\\/pretty-love-anel-vibratorio-curitis\\\/#breadcrumb\"},\"inLanguage\":\"pt-PT\",\"potentialAction\":[{\"@type\":\"ReadAction\",\"target\":[\"https:\\\/\\\/lovme.pt\\\/index.php\\\/produto\\\/pretty-love-anel-vibratorio-curitis\\\/\"]}]},{\"@type\":\"ImageObject\",\"inLanguage\":\"pt-PT\",\"@id\":\"https:\\\/\\\/lovme.pt\\\/index.php\\\/produto\\\/pretty-love-anel-vibratorio-curitis\\\/#primaryimage\",\"url\":\"https:\\\/\\\/erki24nd3ub.exactdn.com\\\/wp-content\\\/uploads\\\/dream\\\/img\\\/img_71895_a727832484d9f3bc7d2b98dc3dba489a_1.jpg?strip=all\",\"contentUrl\":\"https:\\\/\\\/erki24nd3ub.exactdn.com\\\/wp-content\\\/uploads\\\/dream\\\/img\\\/img_71895_a727832484d9f3bc7d2b98dc3dba489a_1.jpg?strip=all\",\"width\":800,\"height\":800},{\"@type\":\"BreadcrumbList\",\"@id\":\"https:\\\/\\\/lovme.pt\\\/index.php\\\/produto\\\/pretty-love-anel-vibratorio-curitis\\\/#breadcrumb\",\"itemListElement\":[{\"@type\":\"ListItem\",\"position\":1,\"name\":\"In\u00edcio\",\"item\":\"https:\\\/\\\/lovme.pt\\\/\"},{\"@type\":\"ListItem\",\"position\":2,\"name\":\"Loja\",\"item\":\"https:\\\/\\\/lovme.pt\\\/index.php\\\/loja\\\/\"},{\"@type\":\"ListItem\",\"position\":3,\"name\":\"PRETTY LOVE &#8211; ANEL VIBRAT\u00d3RIO CURITIS\"}]},{\"@type\":\"WebSite\",\"@id\":\"https:\\\/\\\/lovme.pt\\\/#website\",\"url\":\"https:\\\/\\\/lovme.pt\\\/\",\"name\":\"Lovme Loja Er\u00f3tica N\u00ba1 em Portugal\",\"description\":\"A melhor loja er\u00f3tica de Portugal.\",\"alternateName\":\"Loja Er\u00f3tica Lovme\",\"potentialAction\":[{\"@type\":\"SearchAction\",\"target\":{\"@type\":\"EntryPoint\",\"urlTemplate\":\"https:\\\/\\\/lovme.pt\\\/?s={search_term_string}\"},\"query-input\":{\"@type\":\"PropertyValueSpecification\",\"valueRequired\":true,\"valueName\":\"search_term_string\"}}],\"inLanguage\":\"pt-PT\"}]}<\/script>\n<!-- \/ Yoast SEO plugin. -->","yoast_head_json":{"title":"PRETTY LOVE - ANEL VIBRAT\u00d3RIO CURITIS - Lovme","robots":{"index":"index","follow":"follow","max-snippet":"max-snippet:-1","max-image-preview":"max-image-preview:large","max-video-preview":"max-video-preview:-1"},"canonical":"https:\/\/lovme.pt\/index.php\/produto\/pretty-love-anel-vibratorio-curitis\/","og_locale":"pt_PT","og_type":"article","og_title":"PRETTY LOVE - ANEL VIBRAT\u00d3RIO CURITIS - Lovme","og_description":"PRETTY LOVE - ANEL VIBRADOR CURITIS","og_url":"https:\/\/lovme.pt\/index.php\/produto\/pretty-love-anel-vibratorio-curitis\/","og_site_name":"Lovme","article_modified_time":"2026-04-14T10:19:56+00:00","og_image":[{"width":800,"height":800,"url":"https:\/\/erki24nd3ub.exactdn.com\/wp-content\/uploads\/dream\/img\/img_71895_a727832484d9f3bc7d2b98dc3dba489a_1.jpg?strip=all","type":"image\/jpeg"}],"twitter_card":"summary_large_image","twitter_misc":{"Tempo estimado de leitura":"1 minuto"},"schema":{"@context":"https:\/\/schema.org","@graph":[{"@type":"WebPage","@id":"https:\/\/lovme.pt\/index.php\/produto\/pretty-love-anel-vibratorio-curitis\/","url":"https:\/\/lovme.pt\/index.php\/produto\/pretty-love-anel-vibratorio-curitis\/","name":"PRETTY LOVE - ANEL VIBRAT\u00d3RIO CURITIS - Lovme","isPartOf":{"@id":"https:\/\/lovme.pt\/#website"},"primaryImageOfPage":{"@id":"https:\/\/lovme.pt\/index.php\/produto\/pretty-love-anel-vibratorio-curitis\/#primaryimage"},"image":{"@id":"https:\/\/lovme.pt\/index.php\/produto\/pretty-love-anel-vibratorio-curitis\/#primaryimage"},"thumbnailUrl":"https:\/\/erki24nd3ub.exactdn.com\/wp-content\/uploads\/dream\/img\/img_71895_a727832484d9f3bc7d2b98dc3dba489a_1.jpg?strip=all","datePublished":"2025-09-30T10:06:41+00:00","dateModified":"2026-04-14T10:19:56+00:00","breadcrumb":{"@id":"https:\/\/lovme.pt\/index.php\/produto\/pretty-love-anel-vibratorio-curitis\/#breadcrumb"},"inLanguage":"pt-PT","potentialAction":[{"@type":"ReadAction","target":["https:\/\/lovme.pt\/index.php\/produto\/pretty-love-anel-vibratorio-curitis\/"]}]},{"@type":"ImageObject","inLanguage":"pt-PT","@id":"https:\/\/lovme.pt\/index.php\/produto\/pretty-love-anel-vibratorio-curitis\/#primaryimage","url":"https:\/\/erki24nd3ub.exactdn.com\/wp-content\/uploads\/dream\/img\/img_71895_a727832484d9f3bc7d2b98dc3dba489a_1.jpg?strip=all","contentUrl":"https:\/\/erki24nd3ub.exactdn.com\/wp-content\/uploads\/dream\/img\/img_71895_a727832484d9f3bc7d2b98dc3dba489a_1.jpg?strip=all","width":800,"height":800},{"@type":"BreadcrumbList","@id":"https:\/\/lovme.pt\/index.php\/produto\/pretty-love-anel-vibratorio-curitis\/#breadcrumb","itemListElement":[{"@type":"ListItem","position":1,"name":"In\u00edcio","item":"https:\/\/lovme.pt\/"},{"@type":"ListItem","position":2,"name":"Loja","item":"https:\/\/lovme.pt\/index.php\/loja\/"},{"@type":"ListItem","position":3,"name":"PRETTY LOVE &#8211; ANEL VIBRAT\u00d3RIO CURITIS"}]},{"@type":"WebSite","@id":"https:\/\/lovme.pt\/#website","url":"https:\/\/lovme.pt\/","name":"Lovme Loja Er\u00f3tica N\u00ba1 em Portugal","description":"A melhor loja er\u00f3tica de Portugal.","alternateName":"Loja Er\u00f3tica Lovme","potentialAction":[{"@type":"SearchAction","target":{"@type":"EntryPoint","urlTemplate":"https:\/\/lovme.pt\/?s={search_term_string}"},"query-input":{"@type":"PropertyValueSpecification","valueRequired":true,"valueName":"search_term_string"}}],"inLanguage":"pt-PT"}]}},"_links":{"self":[{"href":"https:\/\/lovme.pt\/index.php\/wp-json\/wp\/v2\/product\/25805","targetHints":{"allow":["GET"]}}],"collection":[{"href":"https:\/\/lovme.pt\/index.php\/wp-json\/wp\/v2\/product"}],"about":[{"href":"https:\/\/lovme.pt\/index.php\/wp-json\/wp\/v2\/types\/product"}],"wp:featuredmedia":[{"embeddable":true,"href":"https:\/\/lovme.pt\/index.php\/wp-json\/wp\/v2\/media\/62626"}],"wp:attachment":[{"href":"https:\/\/lovme.pt\/index.php\/wp-json\/wp\/v2\/media?parent=25805"}],"wp:term":[{"taxonomy":"product_brand","embeddable":true,"href":"https:\/\/lovme.pt\/index.php\/wp-json\/wp\/v2\/product_brand?post=25805"},{"taxonomy":"product_cat","embeddable":true,"href":"https:\/\/lovme.pt\/index.php\/wp-json\/wp\/v2\/product_cat?post=25805"},{"taxonomy":"product_tag","embeddable":true,"href":"https:\/\/lovme.pt\/index.php\/wp-json\/wp\/v2\/product_tag?post=25805"}],"curies":[{"name":"wp","href":"https:\/\/api.w.org\/{rel}","templated":true}]}}