{"id":24950,"date":"2025-09-30T09:44:54","date_gmt":"2025-09-30T09:44:54","guid":{"rendered":"https:\/\/lovme.pt\/?post_type=product&#038;p=24950"},"modified":"2026-04-17T07:11:27","modified_gmt":"2026-04-17T07:11:27","slug":"bijoux-bubble-gum-gel-2-em-1-silicone-goma-de-morango-100-ml","status":"publish","type":"product","link":"https:\/\/lovme.pt\/index.php\/produto\/bijoux-bubble-gum-gel-2-em-1-silicone-goma-de-morango-100-ml\/","title":{"rendered":"BIJOUX &#8211; GEL DE MASSAGEM E \u00cdNTIMO 2 EM 1 COM PERFUME DE CHICLETE 100 ML"},"content":{"rendered":"<p>Com um aroma irresist\u00edvel de chiclete de morango, este gel de silicone 2 em 1 \u00e9 perfeito para massagens, ideal para momentos de prazer. Perfumado com a ess\u00eancia exclusiva e afrodis\u00edaca de Bijoux Indiscrets e formulado para intensificar o prazer \u00edntimo, sozinho ou a dois.<\/p>\n<ul>\n<li> Presente perfeito para usar a dois durante os preparativos ou depois do casamento.<\/li>\n<li> Delicioso aroma de chiclete de morango<\/li>\n<li> Quantidade: 100 ml<\/li>\n<li> 2 em 1: Para massagem ou lubrificante<\/li>\n<li> Como usar:\n<ul>\n<li> Aplique o gel na pele e ofere\u00e7a uma massagem sensual, o melhor prel\u00fadio para algo mais excitante. Para prolongar seus encontros e maximizar o prazer, mesmo debaixo d&#039;\u00e1gua, aplique o gel na \u00e1rea \u00edntima. Compat\u00edvel com l\u00e1tex.<\/li>\n<\/ul>\n<\/li>\n<\/ul>\n<p> Bijoux \u00e9 um s\u00edmbolo de prazer, erotismo e sensualidade; a marca fabrica produtos essenciais para o melhor cl\u00edmax nos seus momentos \u00edntimos.<\/p>\n","protected":false},"excerpt":{"rendered":"<p>BIJOUX &#8211; GEL DE MASSAGEM E \u00cdNTIMO 2 EM 1 COM PERFUME DE CHICLETE 100 ML<\/p>\n","protected":false},"featured_media":110153,"template":"","meta":{"_acf_changed":false},"product_brand":[],"product_cat":[49,53,51],"product_tag":[],"class_list":{"0":"post-24950","1":"product","2":"type-product","3":"status-publish","4":"has-post-thumbnail","6":"product_cat-cosmeticos","7":"product_cat-lubrificantes-intimos","8":"product_cat-oleos-de-massagem","9":"yith_product_brand-bijoux-indiscretsbijoux-love-cosmetiques","11":"first","12":"instock","13":"taxable","14":"shipping-taxable","15":"purchasable","16":"product-type-simple"},"acf":[],"yoast_head":"<!-- This site is optimized with the Yoast SEO plugin v27.4 - https:\/\/yoast.com\/product\/yoast-seo-wordpress\/ -->\n<title>BIJOUX - GEL DE MASSAGEM E \u00cdNTIMO 2 EM 1 COM PERFUME DE CHICLETE 100 ML - Lovme<\/title>\n<meta name=\"robots\" content=\"index, follow, max-snippet:-1, max-image-preview:large, max-video-preview:-1\" \/>\n<link rel=\"canonical\" href=\"https:\/\/lovme.pt\/index.php\/produto\/bijoux-bubble-gum-gel-2-em-1-silicone-goma-de-morango-100-ml\/\" \/>\n<meta property=\"og:locale\" content=\"pt_PT\" \/>\n<meta property=\"og:type\" content=\"article\" \/>\n<meta property=\"og:title\" content=\"BIJOUX - GEL DE MASSAGEM E \u00cdNTIMO 2 EM 1 COM PERFUME DE CHICLETE 100 ML - Lovme\" \/>\n<meta property=\"og:description\" content=\"BIJOUX - GEL DE MASSAGEM E \u00cdNTIMO 2 EM 1 COM PERFUME DE CHICLETE 100 ML\" \/>\n<meta property=\"og:url\" content=\"https:\/\/lovme.pt\/index.php\/produto\/bijoux-bubble-gum-gel-2-em-1-silicone-goma-de-morango-100-ml\/\" \/>\n<meta property=\"og:site_name\" content=\"Lovme\" \/>\n<meta property=\"article:modified_time\" content=\"2026-04-17T07:11:27+00:00\" \/>\n<meta property=\"og:image\" content=\"https:\/\/erki24nd3ub.exactdn.com\/wp-content\/uploads\/2026\/02\/img_217921_de465004f71a448197d71d1a11a26d4d_1.jpg?strip=all\" \/>\n\t<meta property=\"og:image:width\" content=\"900\" \/>\n\t<meta property=\"og:image:height\" content=\"900\" \/>\n\t<meta property=\"og:image:type\" content=\"image\/jpeg\" \/>\n<meta name=\"twitter:card\" content=\"summary_large_image\" \/>\n<meta name=\"twitter:label1\" content=\"Tempo estimado de leitura\" \/>\n\t<meta name=\"twitter:data1\" content=\"1 minuto\" \/>\n<script type=\"application\/ld+json\" class=\"yoast-schema-graph\">{\"@context\":\"https:\\\/\\\/schema.org\",\"@graph\":[{\"@type\":\"WebPage\",\"@id\":\"https:\\\/\\\/lovme.pt\\\/index.php\\\/produto\\\/bijoux-bubble-gum-gel-2-em-1-silicone-goma-de-morango-100-ml\\\/\",\"url\":\"https:\\\/\\\/lovme.pt\\\/index.php\\\/produto\\\/bijoux-bubble-gum-gel-2-em-1-silicone-goma-de-morango-100-ml\\\/\",\"name\":\"BIJOUX - GEL DE MASSAGEM E \u00cdNTIMO 2 EM 1 COM PERFUME DE CHICLETE 100 ML - Lovme\",\"isPartOf\":{\"@id\":\"https:\\\/\\\/lovme.pt\\\/#website\"},\"primaryImageOfPage\":{\"@id\":\"https:\\\/\\\/lovme.pt\\\/index.php\\\/produto\\\/bijoux-bubble-gum-gel-2-em-1-silicone-goma-de-morango-100-ml\\\/#primaryimage\"},\"image\":{\"@id\":\"https:\\\/\\\/lovme.pt\\\/index.php\\\/produto\\\/bijoux-bubble-gum-gel-2-em-1-silicone-goma-de-morango-100-ml\\\/#primaryimage\"},\"thumbnailUrl\":\"https:\\\/\\\/erki24nd3ub.exactdn.com\\\/wp-content\\\/uploads\\\/2026\\\/02\\\/img_217921_de465004f71a448197d71d1a11a26d4d_1.jpg?strip=all\",\"datePublished\":\"2025-09-30T09:44:54+00:00\",\"dateModified\":\"2026-04-17T07:11:27+00:00\",\"breadcrumb\":{\"@id\":\"https:\\\/\\\/lovme.pt\\\/index.php\\\/produto\\\/bijoux-bubble-gum-gel-2-em-1-silicone-goma-de-morango-100-ml\\\/#breadcrumb\"},\"inLanguage\":\"pt-PT\",\"potentialAction\":[{\"@type\":\"ReadAction\",\"target\":[\"https:\\\/\\\/lovme.pt\\\/index.php\\\/produto\\\/bijoux-bubble-gum-gel-2-em-1-silicone-goma-de-morango-100-ml\\\/\"]}]},{\"@type\":\"ImageObject\",\"inLanguage\":\"pt-PT\",\"@id\":\"https:\\\/\\\/lovme.pt\\\/index.php\\\/produto\\\/bijoux-bubble-gum-gel-2-em-1-silicone-goma-de-morango-100-ml\\\/#primaryimage\",\"url\":\"https:\\\/\\\/erki24nd3ub.exactdn.com\\\/wp-content\\\/uploads\\\/2026\\\/02\\\/img_217921_de465004f71a448197d71d1a11a26d4d_1.jpg?strip=all\",\"contentUrl\":\"https:\\\/\\\/erki24nd3ub.exactdn.com\\\/wp-content\\\/uploads\\\/2026\\\/02\\\/img_217921_de465004f71a448197d71d1a11a26d4d_1.jpg?strip=all\",\"width\":900,\"height\":900},{\"@type\":\"BreadcrumbList\",\"@id\":\"https:\\\/\\\/lovme.pt\\\/index.php\\\/produto\\\/bijoux-bubble-gum-gel-2-em-1-silicone-goma-de-morango-100-ml\\\/#breadcrumb\",\"itemListElement\":[{\"@type\":\"ListItem\",\"position\":1,\"name\":\"In\u00edcio\",\"item\":\"https:\\\/\\\/lovme.pt\\\/\"},{\"@type\":\"ListItem\",\"position\":2,\"name\":\"Loja\",\"item\":\"https:\\\/\\\/lovme.pt\\\/index.php\\\/loja\\\/\"},{\"@type\":\"ListItem\",\"position\":3,\"name\":\"BIJOUX &#8211; GEL DE MASSAGEM E \u00cdNTIMO 2 EM 1 COM PERFUME DE CHICLETE 100 ML\"}]},{\"@type\":\"WebSite\",\"@id\":\"https:\\\/\\\/lovme.pt\\\/#website\",\"url\":\"https:\\\/\\\/lovme.pt\\\/\",\"name\":\"Lovme Loja Er\u00f3tica N\u00ba1 em Portugal\",\"description\":\"A melhor loja er\u00f3tica de Portugal.\",\"alternateName\":\"Loja Er\u00f3tica Lovme\",\"potentialAction\":[{\"@type\":\"SearchAction\",\"target\":{\"@type\":\"EntryPoint\",\"urlTemplate\":\"https:\\\/\\\/lovme.pt\\\/?s={search_term_string}\"},\"query-input\":{\"@type\":\"PropertyValueSpecification\",\"valueRequired\":true,\"valueName\":\"search_term_string\"}}],\"inLanguage\":\"pt-PT\"}]}<\/script>\n<!-- \/ Yoast SEO plugin. -->","yoast_head_json":{"title":"BIJOUX - GEL DE MASSAGEM E \u00cdNTIMO 2 EM 1 COM PERFUME DE CHICLETE 100 ML - Lovme","robots":{"index":"index","follow":"follow","max-snippet":"max-snippet:-1","max-image-preview":"max-image-preview:large","max-video-preview":"max-video-preview:-1"},"canonical":"https:\/\/lovme.pt\/index.php\/produto\/bijoux-bubble-gum-gel-2-em-1-silicone-goma-de-morango-100-ml\/","og_locale":"pt_PT","og_type":"article","og_title":"BIJOUX - GEL DE MASSAGEM E \u00cdNTIMO 2 EM 1 COM PERFUME DE CHICLETE 100 ML - Lovme","og_description":"BIJOUX - GEL DE MASSAGEM E \u00cdNTIMO 2 EM 1 COM PERFUME DE CHICLETE 100 ML","og_url":"https:\/\/lovme.pt\/index.php\/produto\/bijoux-bubble-gum-gel-2-em-1-silicone-goma-de-morango-100-ml\/","og_site_name":"Lovme","article_modified_time":"2026-04-17T07:11:27+00:00","og_image":[{"width":900,"height":900,"url":"https:\/\/erki24nd3ub.exactdn.com\/wp-content\/uploads\/2026\/02\/img_217921_de465004f71a448197d71d1a11a26d4d_1.jpg?strip=all","type":"image\/jpeg"}],"twitter_card":"summary_large_image","twitter_misc":{"Tempo estimado de leitura":"1 minuto"},"schema":{"@context":"https:\/\/schema.org","@graph":[{"@type":"WebPage","@id":"https:\/\/lovme.pt\/index.php\/produto\/bijoux-bubble-gum-gel-2-em-1-silicone-goma-de-morango-100-ml\/","url":"https:\/\/lovme.pt\/index.php\/produto\/bijoux-bubble-gum-gel-2-em-1-silicone-goma-de-morango-100-ml\/","name":"BIJOUX - GEL DE MASSAGEM E \u00cdNTIMO 2 EM 1 COM PERFUME DE CHICLETE 100 ML - Lovme","isPartOf":{"@id":"https:\/\/lovme.pt\/#website"},"primaryImageOfPage":{"@id":"https:\/\/lovme.pt\/index.php\/produto\/bijoux-bubble-gum-gel-2-em-1-silicone-goma-de-morango-100-ml\/#primaryimage"},"image":{"@id":"https:\/\/lovme.pt\/index.php\/produto\/bijoux-bubble-gum-gel-2-em-1-silicone-goma-de-morango-100-ml\/#primaryimage"},"thumbnailUrl":"https:\/\/erki24nd3ub.exactdn.com\/wp-content\/uploads\/2026\/02\/img_217921_de465004f71a448197d71d1a11a26d4d_1.jpg?strip=all","datePublished":"2025-09-30T09:44:54+00:00","dateModified":"2026-04-17T07:11:27+00:00","breadcrumb":{"@id":"https:\/\/lovme.pt\/index.php\/produto\/bijoux-bubble-gum-gel-2-em-1-silicone-goma-de-morango-100-ml\/#breadcrumb"},"inLanguage":"pt-PT","potentialAction":[{"@type":"ReadAction","target":["https:\/\/lovme.pt\/index.php\/produto\/bijoux-bubble-gum-gel-2-em-1-silicone-goma-de-morango-100-ml\/"]}]},{"@type":"ImageObject","inLanguage":"pt-PT","@id":"https:\/\/lovme.pt\/index.php\/produto\/bijoux-bubble-gum-gel-2-em-1-silicone-goma-de-morango-100-ml\/#primaryimage","url":"https:\/\/erki24nd3ub.exactdn.com\/wp-content\/uploads\/2026\/02\/img_217921_de465004f71a448197d71d1a11a26d4d_1.jpg?strip=all","contentUrl":"https:\/\/erki24nd3ub.exactdn.com\/wp-content\/uploads\/2026\/02\/img_217921_de465004f71a448197d71d1a11a26d4d_1.jpg?strip=all","width":900,"height":900},{"@type":"BreadcrumbList","@id":"https:\/\/lovme.pt\/index.php\/produto\/bijoux-bubble-gum-gel-2-em-1-silicone-goma-de-morango-100-ml\/#breadcrumb","itemListElement":[{"@type":"ListItem","position":1,"name":"In\u00edcio","item":"https:\/\/lovme.pt\/"},{"@type":"ListItem","position":2,"name":"Loja","item":"https:\/\/lovme.pt\/index.php\/loja\/"},{"@type":"ListItem","position":3,"name":"BIJOUX &#8211; GEL DE MASSAGEM E \u00cdNTIMO 2 EM 1 COM PERFUME DE CHICLETE 100 ML"}]},{"@type":"WebSite","@id":"https:\/\/lovme.pt\/#website","url":"https:\/\/lovme.pt\/","name":"Lovme Loja Er\u00f3tica N\u00ba1 em Portugal","description":"A melhor loja er\u00f3tica de Portugal.","alternateName":"Loja Er\u00f3tica Lovme","potentialAction":[{"@type":"SearchAction","target":{"@type":"EntryPoint","urlTemplate":"https:\/\/lovme.pt\/?s={search_term_string}"},"query-input":{"@type":"PropertyValueSpecification","valueRequired":true,"valueName":"search_term_string"}}],"inLanguage":"pt-PT"}]}},"_links":{"self":[{"href":"https:\/\/lovme.pt\/index.php\/wp-json\/wp\/v2\/product\/24950","targetHints":{"allow":["GET"]}}],"collection":[{"href":"https:\/\/lovme.pt\/index.php\/wp-json\/wp\/v2\/product"}],"about":[{"href":"https:\/\/lovme.pt\/index.php\/wp-json\/wp\/v2\/types\/product"}],"wp:featuredmedia":[{"embeddable":true,"href":"https:\/\/lovme.pt\/index.php\/wp-json\/wp\/v2\/media\/110153"}],"wp:attachment":[{"href":"https:\/\/lovme.pt\/index.php\/wp-json\/wp\/v2\/media?parent=24950"}],"wp:term":[{"taxonomy":"product_brand","embeddable":true,"href":"https:\/\/lovme.pt\/index.php\/wp-json\/wp\/v2\/product_brand?post=24950"},{"taxonomy":"product_cat","embeddable":true,"href":"https:\/\/lovme.pt\/index.php\/wp-json\/wp\/v2\/product_cat?post=24950"},{"taxonomy":"product_tag","embeddable":true,"href":"https:\/\/lovme.pt\/index.php\/wp-json\/wp\/v2\/product_tag?post=24950"}],"curies":[{"name":"wp","href":"https:\/\/api.w.org\/{rel}","templated":true}]}}