{"id":24609,"date":"2025-09-30T22:25:32","date_gmt":"2025-09-30T22:25:32","guid":{"rendered":"https:\/\/lovme.pt\/?post_type=product&#038;p=24609"},"modified":"2026-04-14T10:12:06","modified_gmt":"2026-04-14T10:12:06","slug":"irisana-saco-esterilizador-copo-vaginal-1-unidade","status":"publish","type":"product","link":"https:\/\/lovme.pt\/index.php\/produto\/irisana-saco-esterilizador-copo-vaginal-1-unidade\/","title":{"rendered":"IRISANA &#8211; SACO ESTERILIZADOR COPO VAGINAL 1 UNIDADE"},"content":{"rendered":"<p>Saco esterilizante de 20 utiliza\u00e7\u00f5es que elimina 99% das bact\u00e9rias e germes mais comuns<\/p>\n<ul>\n<li> Uso exclusivo para microondas<\/li>\n<li> 1 unidade<\/li>\n<li> 20 usos<\/li>\n<\/ul>\n<p> Pode ser usado com<\/p>\n<ul>\n<li> Escovas de dente<\/li>\n<li> mamadeiras<\/li>\n<li> Tetas<\/li>\n<li> copos menstruais<\/li>\n<li> Chupetas<\/li>\n<\/ul>\n<p> Instru\u00e7\u00f5es:<\/p>\n<ul>\n<li> 160 ml de \u00e1gua pot\u00e1vel<\/li>\n<li> Coloque \u00e1gua dentro do saco<\/li>\n<li> Coloque os itens na sacola<\/li>\n<li> Feche bem o saco<\/li>\n<li> Siga as instru\u00e7\u00f5es e hor\u00e1rios especificados para micro-ondas<\/li>\n<li> Espere dois minutos<\/li>\n<li> deixe sair o vapor<\/li>\n<li> Esvazie a \u00e1gua pelo orif\u00edcio de sa\u00edda do vapor<\/li>\n<\/ul>\n","protected":false},"excerpt":{"rendered":"<p>IRISANA &#8211; SACO ESTERILIZANTE 20 USOS 1 UNIDADE<\/p>\n","protected":false},"featured_media":77656,"template":"","meta":{"_acf_changed":false},"product_brand":[],"product_cat":[55],"product_tag":[],"class_list":{"0":"post-24609","1":"product","2":"type-product","3":"status-publish","4":"has-post-thumbnail","6":"product_cat-cuidado-de-brinquedos","7":"yith_product_brand-iriscup","9":"first","10":"instock","11":"taxable","12":"shipping-taxable","13":"purchasable","14":"product-type-simple"},"acf":[],"yoast_head":"<!-- This site is optimized with the Yoast SEO plugin v27.4 - https:\/\/yoast.com\/product\/yoast-seo-wordpress\/ -->\n<title>IRISANA - SACO ESTERILIZADOR COPO VAGINAL 1 UNIDADE - Lovme<\/title>\n<meta name=\"robots\" content=\"index, follow, max-snippet:-1, max-image-preview:large, max-video-preview:-1\" \/>\n<link rel=\"canonical\" href=\"https:\/\/lovme.pt\/index.php\/produto\/irisana-saco-esterilizador-copo-vaginal-1-unidade\/\" \/>\n<meta property=\"og:locale\" content=\"pt_PT\" \/>\n<meta property=\"og:type\" content=\"article\" \/>\n<meta property=\"og:title\" content=\"IRISANA - SACO ESTERILIZADOR COPO VAGINAL 1 UNIDADE - Lovme\" \/>\n<meta property=\"og:description\" content=\"IRISANA - SACO ESTERILIZANTE 20 USOS 1 UNIDADE\" \/>\n<meta property=\"og:url\" content=\"https:\/\/lovme.pt\/index.php\/produto\/irisana-saco-esterilizador-copo-vaginal-1-unidade\/\" \/>\n<meta property=\"og:site_name\" content=\"Lovme\" \/>\n<meta property=\"article:modified_time\" content=\"2026-04-14T10:12:06+00:00\" \/>\n<meta property=\"og:image\" content=\"https:\/\/erki24nd3ub.exactdn.com\/wp-content\/uploads\/dream\/img\/img_67457_36aff90d9dea39b99f9db4e611dbdb43_1.jpg?strip=all\" \/>\n\t<meta property=\"og:image:width\" content=\"800\" \/>\n\t<meta property=\"og:image:height\" content=\"800\" \/>\n\t<meta property=\"og:image:type\" content=\"image\/jpeg\" \/>\n<meta name=\"twitter:card\" content=\"summary_large_image\" \/>\n<script type=\"application\/ld+json\" class=\"yoast-schema-graph\">{\"@context\":\"https:\\\/\\\/schema.org\",\"@graph\":[{\"@type\":\"WebPage\",\"@id\":\"https:\\\/\\\/lovme.pt\\\/index.php\\\/produto\\\/irisana-saco-esterilizador-copo-vaginal-1-unidade\\\/\",\"url\":\"https:\\\/\\\/lovme.pt\\\/index.php\\\/produto\\\/irisana-saco-esterilizador-copo-vaginal-1-unidade\\\/\",\"name\":\"IRISANA - SACO ESTERILIZADOR COPO VAGINAL 1 UNIDADE - Lovme\",\"isPartOf\":{\"@id\":\"https:\\\/\\\/lovme.pt\\\/#website\"},\"primaryImageOfPage\":{\"@id\":\"https:\\\/\\\/lovme.pt\\\/index.php\\\/produto\\\/irisana-saco-esterilizador-copo-vaginal-1-unidade\\\/#primaryimage\"},\"image\":{\"@id\":\"https:\\\/\\\/lovme.pt\\\/index.php\\\/produto\\\/irisana-saco-esterilizador-copo-vaginal-1-unidade\\\/#primaryimage\"},\"thumbnailUrl\":\"https:\\\/\\\/erki24nd3ub.exactdn.com\\\/wp-content\\\/uploads\\\/dream\\\/img\\\/img_67457_36aff90d9dea39b99f9db4e611dbdb43_1.jpg?strip=all\",\"datePublished\":\"2025-09-30T22:25:32+00:00\",\"dateModified\":\"2026-04-14T10:12:06+00:00\",\"breadcrumb\":{\"@id\":\"https:\\\/\\\/lovme.pt\\\/index.php\\\/produto\\\/irisana-saco-esterilizador-copo-vaginal-1-unidade\\\/#breadcrumb\"},\"inLanguage\":\"pt-PT\",\"potentialAction\":[{\"@type\":\"ReadAction\",\"target\":[\"https:\\\/\\\/lovme.pt\\\/index.php\\\/produto\\\/irisana-saco-esterilizador-copo-vaginal-1-unidade\\\/\"]}]},{\"@type\":\"ImageObject\",\"inLanguage\":\"pt-PT\",\"@id\":\"https:\\\/\\\/lovme.pt\\\/index.php\\\/produto\\\/irisana-saco-esterilizador-copo-vaginal-1-unidade\\\/#primaryimage\",\"url\":\"https:\\\/\\\/erki24nd3ub.exactdn.com\\\/wp-content\\\/uploads\\\/dream\\\/img\\\/img_67457_36aff90d9dea39b99f9db4e611dbdb43_1.jpg?strip=all\",\"contentUrl\":\"https:\\\/\\\/erki24nd3ub.exactdn.com\\\/wp-content\\\/uploads\\\/dream\\\/img\\\/img_67457_36aff90d9dea39b99f9db4e611dbdb43_1.jpg?strip=all\",\"width\":800,\"height\":800},{\"@type\":\"BreadcrumbList\",\"@id\":\"https:\\\/\\\/lovme.pt\\\/index.php\\\/produto\\\/irisana-saco-esterilizador-copo-vaginal-1-unidade\\\/#breadcrumb\",\"itemListElement\":[{\"@type\":\"ListItem\",\"position\":1,\"name\":\"In\u00edcio\",\"item\":\"https:\\\/\\\/lovme.pt\\\/\"},{\"@type\":\"ListItem\",\"position\":2,\"name\":\"Loja\",\"item\":\"https:\\\/\\\/lovme.pt\\\/index.php\\\/loja\\\/\"},{\"@type\":\"ListItem\",\"position\":3,\"name\":\"IRISANA &#8211; SACO ESTERILIZADOR COPO VAGINAL 1 UNIDADE\"}]},{\"@type\":\"WebSite\",\"@id\":\"https:\\\/\\\/lovme.pt\\\/#website\",\"url\":\"https:\\\/\\\/lovme.pt\\\/\",\"name\":\"Lovme Loja Er\u00f3tica N\u00ba1 em Portugal\",\"description\":\"A melhor loja er\u00f3tica de Portugal.\",\"alternateName\":\"Loja Er\u00f3tica Lovme\",\"potentialAction\":[{\"@type\":\"SearchAction\",\"target\":{\"@type\":\"EntryPoint\",\"urlTemplate\":\"https:\\\/\\\/lovme.pt\\\/?s={search_term_string}\"},\"query-input\":{\"@type\":\"PropertyValueSpecification\",\"valueRequired\":true,\"valueName\":\"search_term_string\"}}],\"inLanguage\":\"pt-PT\"}]}<\/script>\n<!-- \/ Yoast SEO plugin. -->","yoast_head_json":{"title":"IRISANA - SACO ESTERILIZADOR COPO VAGINAL 1 UNIDADE - Lovme","robots":{"index":"index","follow":"follow","max-snippet":"max-snippet:-1","max-image-preview":"max-image-preview:large","max-video-preview":"max-video-preview:-1"},"canonical":"https:\/\/lovme.pt\/index.php\/produto\/irisana-saco-esterilizador-copo-vaginal-1-unidade\/","og_locale":"pt_PT","og_type":"article","og_title":"IRISANA - SACO ESTERILIZADOR COPO VAGINAL 1 UNIDADE - Lovme","og_description":"IRISANA - SACO ESTERILIZANTE 20 USOS 1 UNIDADE","og_url":"https:\/\/lovme.pt\/index.php\/produto\/irisana-saco-esterilizador-copo-vaginal-1-unidade\/","og_site_name":"Lovme","article_modified_time":"2026-04-14T10:12:06+00:00","og_image":[{"width":800,"height":800,"url":"https:\/\/erki24nd3ub.exactdn.com\/wp-content\/uploads\/dream\/img\/img_67457_36aff90d9dea39b99f9db4e611dbdb43_1.jpg?strip=all","type":"image\/jpeg"}],"twitter_card":"summary_large_image","schema":{"@context":"https:\/\/schema.org","@graph":[{"@type":"WebPage","@id":"https:\/\/lovme.pt\/index.php\/produto\/irisana-saco-esterilizador-copo-vaginal-1-unidade\/","url":"https:\/\/lovme.pt\/index.php\/produto\/irisana-saco-esterilizador-copo-vaginal-1-unidade\/","name":"IRISANA - SACO ESTERILIZADOR COPO VAGINAL 1 UNIDADE - Lovme","isPartOf":{"@id":"https:\/\/lovme.pt\/#website"},"primaryImageOfPage":{"@id":"https:\/\/lovme.pt\/index.php\/produto\/irisana-saco-esterilizador-copo-vaginal-1-unidade\/#primaryimage"},"image":{"@id":"https:\/\/lovme.pt\/index.php\/produto\/irisana-saco-esterilizador-copo-vaginal-1-unidade\/#primaryimage"},"thumbnailUrl":"https:\/\/erki24nd3ub.exactdn.com\/wp-content\/uploads\/dream\/img\/img_67457_36aff90d9dea39b99f9db4e611dbdb43_1.jpg?strip=all","datePublished":"2025-09-30T22:25:32+00:00","dateModified":"2026-04-14T10:12:06+00:00","breadcrumb":{"@id":"https:\/\/lovme.pt\/index.php\/produto\/irisana-saco-esterilizador-copo-vaginal-1-unidade\/#breadcrumb"},"inLanguage":"pt-PT","potentialAction":[{"@type":"ReadAction","target":["https:\/\/lovme.pt\/index.php\/produto\/irisana-saco-esterilizador-copo-vaginal-1-unidade\/"]}]},{"@type":"ImageObject","inLanguage":"pt-PT","@id":"https:\/\/lovme.pt\/index.php\/produto\/irisana-saco-esterilizador-copo-vaginal-1-unidade\/#primaryimage","url":"https:\/\/erki24nd3ub.exactdn.com\/wp-content\/uploads\/dream\/img\/img_67457_36aff90d9dea39b99f9db4e611dbdb43_1.jpg?strip=all","contentUrl":"https:\/\/erki24nd3ub.exactdn.com\/wp-content\/uploads\/dream\/img\/img_67457_36aff90d9dea39b99f9db4e611dbdb43_1.jpg?strip=all","width":800,"height":800},{"@type":"BreadcrumbList","@id":"https:\/\/lovme.pt\/index.php\/produto\/irisana-saco-esterilizador-copo-vaginal-1-unidade\/#breadcrumb","itemListElement":[{"@type":"ListItem","position":1,"name":"In\u00edcio","item":"https:\/\/lovme.pt\/"},{"@type":"ListItem","position":2,"name":"Loja","item":"https:\/\/lovme.pt\/index.php\/loja\/"},{"@type":"ListItem","position":3,"name":"IRISANA &#8211; SACO ESTERILIZADOR COPO VAGINAL 1 UNIDADE"}]},{"@type":"WebSite","@id":"https:\/\/lovme.pt\/#website","url":"https:\/\/lovme.pt\/","name":"Lovme Loja Er\u00f3tica N\u00ba1 em Portugal","description":"A melhor loja er\u00f3tica de Portugal.","alternateName":"Loja Er\u00f3tica Lovme","potentialAction":[{"@type":"SearchAction","target":{"@type":"EntryPoint","urlTemplate":"https:\/\/lovme.pt\/?s={search_term_string}"},"query-input":{"@type":"PropertyValueSpecification","valueRequired":true,"valueName":"search_term_string"}}],"inLanguage":"pt-PT"}]}},"_links":{"self":[{"href":"https:\/\/lovme.pt\/index.php\/wp-json\/wp\/v2\/product\/24609","targetHints":{"allow":["GET"]}}],"collection":[{"href":"https:\/\/lovme.pt\/index.php\/wp-json\/wp\/v2\/product"}],"about":[{"href":"https:\/\/lovme.pt\/index.php\/wp-json\/wp\/v2\/types\/product"}],"wp:featuredmedia":[{"embeddable":true,"href":"https:\/\/lovme.pt\/index.php\/wp-json\/wp\/v2\/media\/77656"}],"wp:attachment":[{"href":"https:\/\/lovme.pt\/index.php\/wp-json\/wp\/v2\/media?parent=24609"}],"wp:term":[{"taxonomy":"product_brand","embeddable":true,"href":"https:\/\/lovme.pt\/index.php\/wp-json\/wp\/v2\/product_brand?post=24609"},{"taxonomy":"product_cat","embeddable":true,"href":"https:\/\/lovme.pt\/index.php\/wp-json\/wp\/v2\/product_cat?post=24609"},{"taxonomy":"product_tag","embeddable":true,"href":"https:\/\/lovme.pt\/index.php\/wp-json\/wp\/v2\/product_tag?post=24609"}],"curies":[{"name":"wp","href":"https:\/\/api.w.org\/{rel}","templated":true}]}}