{"id":23640,"date":"2025-10-01T02:15:09","date_gmt":"2025-10-01T02:15:09","guid":{"rendered":"https:\/\/lovme.pt\/?post_type=product&#038;p=23640"},"modified":"2026-04-17T16:07:22","modified_gmt":"2026-04-17T16:07:22","slug":"cloneboy-kit-cloner-de-penis-com-vibracao-preto","status":"publish","type":"product","link":"https:\/\/lovme.pt\/index.php\/produto\/cloneboy-kit-cloner-de-penis-com-vibracao-preto\/","title":{"rendered":"CLONEBOY &#8211; KIT CLONER DE P\u00c9NIS COM VIBRA\u00c7\u00c3O PRETO"},"content":{"rendered":"<p>Vibrador Cloneboy Preto | Divers&atilde;o para todos<\/p>\n<p>Ap&oacute;s o sucesso da primeira s&eacute;rie, a equipe Cloneboy desenvolveu uma nova s&eacute;rie Cloneboy completa. A simplicidade do kit permite que voc&ecirc; crie seu pr&oacute;prio clone em algumas etapas f&aacute;ceis, sempre com resultados perfeitos. Ao contr&aacute;rio de outros kits de clones, o Cloneboy sempre d&aacute; uma segunda chance de fazer um segundo molde se o primeiro molde falhar, um anel peniano la&ccedil;o garantindo que voc&ecirc; mantenha uma ere&ccedil;&atilde;o durante o processo de moldagem, &eacute; muito mais f&aacute;cil de usar com um tempo de configura&ccedil;&atilde;o do molde mais longo de 3 minutos e tem uma manga de estimula&ccedil;&atilde;o adicional que pode ser usada na cria&ccedil;&atilde;o do seu pr&oacute;prio p&ecirc;nis! O kit &eacute; adequado para p&ecirc;nis de todos os tamanhos. At&eacute; mesmo os dobr&aacute;veis.<\/p>\n<p>O kit Cloneboy Cast Your Own Vibrator cont&eacute;m todos os itens necess&aacute;rios para fazer uma c&oacute;pia vibrat&oacute;ria de borracha de silicone do seu p&ecirc;nis, sozinho ou junto com seu parceiro. O Cloneboy n&atilde;o cont&eacute;m gesso que possa irritar a pele e utiliza um material de moldagem clinicamente testado feito de algas naturais.<\/p>\n","protected":false},"excerpt":{"rendered":"<p>CLONEBOY &#8211; KIT CLONER DE P\u00caNIS COM VIBRA\u00c7\u00c3O PRETO<\/p>\n","protected":false},"featured_media":95727,"template":"","meta":{"_acf_changed":false},"product_brand":[],"product_cat":[17,56,60],"product_tag":[],"class_list":{"0":"post-23640","1":"product","2":"type-product","3":"status-publish","4":"has-post-thumbnail","6":"product_cat-brinquedos-de-bem-estar-sexual","7":"product_cat-dildos-e-arneses","8":"product_cat-para-eles","9":"yith_product_brand-cloneboy","11":"first","12":"instock","13":"taxable","14":"shipping-taxable","15":"purchasable","16":"product-type-simple"},"acf":[],"yoast_head":"<!-- This site is optimized with the Yoast SEO plugin v27.4 - https:\/\/yoast.com\/product\/yoast-seo-wordpress\/ -->\n<title>CLONEBOY - KIT CLONER DE P\u00c9NIS COM VIBRA\u00c7\u00c3O PRETO - Lovme<\/title>\n<meta name=\"robots\" content=\"index, follow, max-snippet:-1, max-image-preview:large, max-video-preview:-1\" \/>\n<link rel=\"canonical\" href=\"https:\/\/lovme.pt\/index.php\/produto\/cloneboy-kit-cloner-de-penis-com-vibracao-preto\/\" \/>\n<meta property=\"og:locale\" content=\"pt_PT\" \/>\n<meta property=\"og:type\" content=\"article\" \/>\n<meta property=\"og:title\" content=\"CLONEBOY - KIT CLONER DE P\u00c9NIS COM VIBRA\u00c7\u00c3O PRETO - Lovme\" \/>\n<meta property=\"og:description\" content=\"CLONEBOY - KIT CLONER DE P\u00caNIS COM VIBRA\u00c7\u00c3O PRETO\" \/>\n<meta property=\"og:url\" content=\"https:\/\/lovme.pt\/index.php\/produto\/cloneboy-kit-cloner-de-penis-com-vibracao-preto\/\" \/>\n<meta property=\"og:site_name\" content=\"Lovme\" \/>\n<meta property=\"article:modified_time\" content=\"2026-04-17T16:07:22+00:00\" \/>\n<meta property=\"og:image\" content=\"https:\/\/erki24nd3ub.exactdn.com\/wp-content\/uploads\/dream\/img\/img_134919_f5b36168de0a8268f1cbf0eef0c85e04_1.jpg?strip=all\" \/>\n\t<meta property=\"og:image:width\" content=\"800\" \/>\n\t<meta property=\"og:image:height\" content=\"800\" \/>\n\t<meta property=\"og:image:type\" content=\"image\/jpeg\" \/>\n<meta name=\"twitter:card\" content=\"summary_large_image\" \/>\n<meta name=\"twitter:label1\" content=\"Tempo estimado de leitura\" \/>\n\t<meta name=\"twitter:data1\" content=\"1 minuto\" \/>\n<script type=\"application\/ld+json\" class=\"yoast-schema-graph\">{\"@context\":\"https:\\\/\\\/schema.org\",\"@graph\":[{\"@type\":\"WebPage\",\"@id\":\"https:\\\/\\\/lovme.pt\\\/index.php\\\/produto\\\/cloneboy-kit-cloner-de-penis-com-vibracao-preto\\\/\",\"url\":\"https:\\\/\\\/lovme.pt\\\/index.php\\\/produto\\\/cloneboy-kit-cloner-de-penis-com-vibracao-preto\\\/\",\"name\":\"CLONEBOY - KIT CLONER DE P\u00c9NIS COM VIBRA\u00c7\u00c3O PRETO - Lovme\",\"isPartOf\":{\"@id\":\"https:\\\/\\\/lovme.pt\\\/#website\"},\"primaryImageOfPage\":{\"@id\":\"https:\\\/\\\/lovme.pt\\\/index.php\\\/produto\\\/cloneboy-kit-cloner-de-penis-com-vibracao-preto\\\/#primaryimage\"},\"image\":{\"@id\":\"https:\\\/\\\/lovme.pt\\\/index.php\\\/produto\\\/cloneboy-kit-cloner-de-penis-com-vibracao-preto\\\/#primaryimage\"},\"thumbnailUrl\":\"https:\\\/\\\/erki24nd3ub.exactdn.com\\\/wp-content\\\/uploads\\\/dream\\\/img\\\/img_134919_f5b36168de0a8268f1cbf0eef0c85e04_1.jpg?strip=all\",\"datePublished\":\"2025-10-01T02:15:09+00:00\",\"dateModified\":\"2026-04-17T16:07:22+00:00\",\"breadcrumb\":{\"@id\":\"https:\\\/\\\/lovme.pt\\\/index.php\\\/produto\\\/cloneboy-kit-cloner-de-penis-com-vibracao-preto\\\/#breadcrumb\"},\"inLanguage\":\"pt-PT\",\"potentialAction\":[{\"@type\":\"ReadAction\",\"target\":[\"https:\\\/\\\/lovme.pt\\\/index.php\\\/produto\\\/cloneboy-kit-cloner-de-penis-com-vibracao-preto\\\/\"]}]},{\"@type\":\"ImageObject\",\"inLanguage\":\"pt-PT\",\"@id\":\"https:\\\/\\\/lovme.pt\\\/index.php\\\/produto\\\/cloneboy-kit-cloner-de-penis-com-vibracao-preto\\\/#primaryimage\",\"url\":\"https:\\\/\\\/erki24nd3ub.exactdn.com\\\/wp-content\\\/uploads\\\/dream\\\/img\\\/img_134919_f5b36168de0a8268f1cbf0eef0c85e04_1.jpg?strip=all\",\"contentUrl\":\"https:\\\/\\\/erki24nd3ub.exactdn.com\\\/wp-content\\\/uploads\\\/dream\\\/img\\\/img_134919_f5b36168de0a8268f1cbf0eef0c85e04_1.jpg?strip=all\",\"width\":800,\"height\":800},{\"@type\":\"BreadcrumbList\",\"@id\":\"https:\\\/\\\/lovme.pt\\\/index.php\\\/produto\\\/cloneboy-kit-cloner-de-penis-com-vibracao-preto\\\/#breadcrumb\",\"itemListElement\":[{\"@type\":\"ListItem\",\"position\":1,\"name\":\"In\u00edcio\",\"item\":\"https:\\\/\\\/lovme.pt\\\/\"},{\"@type\":\"ListItem\",\"position\":2,\"name\":\"Loja\",\"item\":\"https:\\\/\\\/lovme.pt\\\/index.php\\\/loja\\\/\"},{\"@type\":\"ListItem\",\"position\":3,\"name\":\"CLONEBOY &#8211; KIT CLONER DE P\u00c9NIS COM VIBRA\u00c7\u00c3O PRETO\"}]},{\"@type\":\"WebSite\",\"@id\":\"https:\\\/\\\/lovme.pt\\\/#website\",\"url\":\"https:\\\/\\\/lovme.pt\\\/\",\"name\":\"Lovme Loja Er\u00f3tica N\u00ba1 em Portugal\",\"description\":\"A melhor loja er\u00f3tica de Portugal.\",\"alternateName\":\"Loja Er\u00f3tica Lovme\",\"potentialAction\":[{\"@type\":\"SearchAction\",\"target\":{\"@type\":\"EntryPoint\",\"urlTemplate\":\"https:\\\/\\\/lovme.pt\\\/?s={search_term_string}\"},\"query-input\":{\"@type\":\"PropertyValueSpecification\",\"valueRequired\":true,\"valueName\":\"search_term_string\"}}],\"inLanguage\":\"pt-PT\"}]}<\/script>\n<!-- \/ Yoast SEO plugin. -->","yoast_head_json":{"title":"CLONEBOY - KIT CLONER DE P\u00c9NIS COM VIBRA\u00c7\u00c3O PRETO - Lovme","robots":{"index":"index","follow":"follow","max-snippet":"max-snippet:-1","max-image-preview":"max-image-preview:large","max-video-preview":"max-video-preview:-1"},"canonical":"https:\/\/lovme.pt\/index.php\/produto\/cloneboy-kit-cloner-de-penis-com-vibracao-preto\/","og_locale":"pt_PT","og_type":"article","og_title":"CLONEBOY - KIT CLONER DE P\u00c9NIS COM VIBRA\u00c7\u00c3O PRETO - Lovme","og_description":"CLONEBOY - KIT CLONER DE P\u00caNIS COM VIBRA\u00c7\u00c3O PRETO","og_url":"https:\/\/lovme.pt\/index.php\/produto\/cloneboy-kit-cloner-de-penis-com-vibracao-preto\/","og_site_name":"Lovme","article_modified_time":"2026-04-17T16:07:22+00:00","og_image":[{"width":800,"height":800,"url":"https:\/\/erki24nd3ub.exactdn.com\/wp-content\/uploads\/dream\/img\/img_134919_f5b36168de0a8268f1cbf0eef0c85e04_1.jpg?strip=all","type":"image\/jpeg"}],"twitter_card":"summary_large_image","twitter_misc":{"Tempo estimado de leitura":"1 minuto"},"schema":{"@context":"https:\/\/schema.org","@graph":[{"@type":"WebPage","@id":"https:\/\/lovme.pt\/index.php\/produto\/cloneboy-kit-cloner-de-penis-com-vibracao-preto\/","url":"https:\/\/lovme.pt\/index.php\/produto\/cloneboy-kit-cloner-de-penis-com-vibracao-preto\/","name":"CLONEBOY - KIT CLONER DE P\u00c9NIS COM VIBRA\u00c7\u00c3O PRETO - Lovme","isPartOf":{"@id":"https:\/\/lovme.pt\/#website"},"primaryImageOfPage":{"@id":"https:\/\/lovme.pt\/index.php\/produto\/cloneboy-kit-cloner-de-penis-com-vibracao-preto\/#primaryimage"},"image":{"@id":"https:\/\/lovme.pt\/index.php\/produto\/cloneboy-kit-cloner-de-penis-com-vibracao-preto\/#primaryimage"},"thumbnailUrl":"https:\/\/erki24nd3ub.exactdn.com\/wp-content\/uploads\/dream\/img\/img_134919_f5b36168de0a8268f1cbf0eef0c85e04_1.jpg?strip=all","datePublished":"2025-10-01T02:15:09+00:00","dateModified":"2026-04-17T16:07:22+00:00","breadcrumb":{"@id":"https:\/\/lovme.pt\/index.php\/produto\/cloneboy-kit-cloner-de-penis-com-vibracao-preto\/#breadcrumb"},"inLanguage":"pt-PT","potentialAction":[{"@type":"ReadAction","target":["https:\/\/lovme.pt\/index.php\/produto\/cloneboy-kit-cloner-de-penis-com-vibracao-preto\/"]}]},{"@type":"ImageObject","inLanguage":"pt-PT","@id":"https:\/\/lovme.pt\/index.php\/produto\/cloneboy-kit-cloner-de-penis-com-vibracao-preto\/#primaryimage","url":"https:\/\/erki24nd3ub.exactdn.com\/wp-content\/uploads\/dream\/img\/img_134919_f5b36168de0a8268f1cbf0eef0c85e04_1.jpg?strip=all","contentUrl":"https:\/\/erki24nd3ub.exactdn.com\/wp-content\/uploads\/dream\/img\/img_134919_f5b36168de0a8268f1cbf0eef0c85e04_1.jpg?strip=all","width":800,"height":800},{"@type":"BreadcrumbList","@id":"https:\/\/lovme.pt\/index.php\/produto\/cloneboy-kit-cloner-de-penis-com-vibracao-preto\/#breadcrumb","itemListElement":[{"@type":"ListItem","position":1,"name":"In\u00edcio","item":"https:\/\/lovme.pt\/"},{"@type":"ListItem","position":2,"name":"Loja","item":"https:\/\/lovme.pt\/index.php\/loja\/"},{"@type":"ListItem","position":3,"name":"CLONEBOY &#8211; KIT CLONER DE P\u00c9NIS COM VIBRA\u00c7\u00c3O PRETO"}]},{"@type":"WebSite","@id":"https:\/\/lovme.pt\/#website","url":"https:\/\/lovme.pt\/","name":"Lovme Loja Er\u00f3tica N\u00ba1 em Portugal","description":"A melhor loja er\u00f3tica de Portugal.","alternateName":"Loja Er\u00f3tica Lovme","potentialAction":[{"@type":"SearchAction","target":{"@type":"EntryPoint","urlTemplate":"https:\/\/lovme.pt\/?s={search_term_string}"},"query-input":{"@type":"PropertyValueSpecification","valueRequired":true,"valueName":"search_term_string"}}],"inLanguage":"pt-PT"}]}},"_links":{"self":[{"href":"https:\/\/lovme.pt\/index.php\/wp-json\/wp\/v2\/product\/23640","targetHints":{"allow":["GET"]}}],"collection":[{"href":"https:\/\/lovme.pt\/index.php\/wp-json\/wp\/v2\/product"}],"about":[{"href":"https:\/\/lovme.pt\/index.php\/wp-json\/wp\/v2\/types\/product"}],"wp:featuredmedia":[{"embeddable":true,"href":"https:\/\/lovme.pt\/index.php\/wp-json\/wp\/v2\/media\/95727"}],"wp:attachment":[{"href":"https:\/\/lovme.pt\/index.php\/wp-json\/wp\/v2\/media?parent=23640"}],"wp:term":[{"taxonomy":"product_brand","embeddable":true,"href":"https:\/\/lovme.pt\/index.php\/wp-json\/wp\/v2\/product_brand?post=23640"},{"taxonomy":"product_cat","embeddable":true,"href":"https:\/\/lovme.pt\/index.php\/wp-json\/wp\/v2\/product_cat?post=23640"},{"taxonomy":"product_tag","embeddable":true,"href":"https:\/\/lovme.pt\/index.php\/wp-json\/wp\/v2\/product_tag?post=23640"}],"curies":[{"name":"wp","href":"https:\/\/api.w.org\/{rel}","templated":true}]}}