{"id":23587,"date":"2025-10-01T02:15:03","date_gmt":"2025-10-01T02:15:03","guid":{"rendered":"https:\/\/lovme.pt\/?post_type=product&#038;p=23587"},"modified":"2026-04-14T10:08:11","modified_gmt":"2026-04-14T10:08:11","slug":"cloneboy-dildo-e-alca-de-arnes","status":"publish","type":"product","link":"https:\/\/lovme.pt\/index.php\/produto\/cloneboy-dildo-e-alca-de-arnes\/","title":{"rendered":"CLONEBOY &#8211; DILDO E AL\u00c7A DE ARN\u00caS"},"content":{"rendered":"<p>Cloneboy arn&ecirc;s vibrador | Divers&atilde;o para todos<\/p>\n<p>Ap&oacute;s o sucesso da primeira s&eacute;rie, a equipe Cloneboy desenvolveu uma s&eacute;rie Cloneboy completamente nova. A simplicidade do kit permite que voc&ecirc; crie seu pr&oacute;prio Clone em algumas etapas f&aacute;ceis, sempre com resultados perfeitos. Ao contr&aacute;rio de outros kits de clones, Cloneboy sempre oferece uma segunda chance de fazer um segundo molde se o primeiro falhar, um anel peniano que garante a manuten&ccedil;&atilde;o de uma ere&ccedil;&atilde;o durante o processo de moldagem, &eacute; muito mais f&aacute;cil de usar com 3 minutos a mais de tempo de configura&ccedil;&atilde;o do molde e tem uma manga de estimula&ccedil;&atilde;o adicional que pode ser usada para criar seu pr&oacute;prio p&ecirc;nis. O kit &eacute; adequado para p&ecirc;nis de todos os tamanhos. At&eacute; dobre-os.<\/p>\n<p>O Arn&ecirc;s Cloneboy cont&eacute;m todos os elementos necess&aacute;rios para fazer um vibrador pessoal com o seu p&ecirc;nis. O Cloneboy Harness tem tr&ecirc;s aplica&ccedil;&otilde;es emocionantes para enriquecer suas experi&ecirc;ncias sexuais. Esses aplicativos s&atilde;o; uma al&ccedil;a (com extremidade rosqueada) montada em seu vibrador, uma ventosa para colocar seu vibrador em qualquer objeto poss&iacute;vel e uma confort&aacute;vel al&ccedil;a na qual seu vibrador &eacute; colocado para enriquecer suas experi&ecirc;ncias sexuais.<\/p>\n<p>O Cloneboy n&atilde;o cont&eacute;m gesso que possa irritar a pele e utiliza um material de moldagem clinicamente testado feito de algas naturais.<\/p>\n","protected":false},"excerpt":{"rendered":"<p>CLONEBOY &#8211; DILDO E AL\u00c7A DE ARN\u00caS<\/p>\n","protected":false},"featured_media":95718,"template":"","meta":{"_acf_changed":false},"product_brand":[],"product_cat":[17,56,60],"product_tag":[],"class_list":{"0":"post-23587","1":"product","2":"type-product","3":"status-publish","4":"has-post-thumbnail","6":"product_cat-brinquedos-de-bem-estar-sexual","7":"product_cat-dildos-e-arneses","8":"product_cat-para-eles","9":"yith_product_brand-cloneboy","11":"first","12":"instock","13":"taxable","14":"shipping-taxable","15":"purchasable","16":"product-type-simple"},"acf":[],"yoast_head":"<!-- This site is optimized with the Yoast SEO plugin v27.4 - https:\/\/yoast.com\/product\/yoast-seo-wordpress\/ -->\n<title>CLONEBOY - DILDO E AL\u00c7A DE ARN\u00caS - Lovme<\/title>\n<meta name=\"robots\" content=\"index, follow, max-snippet:-1, max-image-preview:large, max-video-preview:-1\" \/>\n<link rel=\"canonical\" href=\"https:\/\/lovme.pt\/index.php\/produto\/cloneboy-dildo-e-alca-de-arnes\/\" \/>\n<meta property=\"og:locale\" content=\"pt_PT\" \/>\n<meta property=\"og:type\" content=\"article\" \/>\n<meta property=\"og:title\" content=\"CLONEBOY - DILDO E AL\u00c7A DE ARN\u00caS - Lovme\" \/>\n<meta property=\"og:description\" content=\"CLONEBOY - DILDO E AL\u00c7A DE ARN\u00caS\" \/>\n<meta property=\"og:url\" content=\"https:\/\/lovme.pt\/index.php\/produto\/cloneboy-dildo-e-alca-de-arnes\/\" \/>\n<meta property=\"og:site_name\" content=\"Lovme\" \/>\n<meta property=\"article:modified_time\" content=\"2026-04-14T10:08:11+00:00\" \/>\n<meta property=\"og:image\" content=\"https:\/\/erki24nd3ub.exactdn.com\/wp-content\/uploads\/dream\/img\/img_134927_8b50de593e2d1091a1ae235649eddf93_1.jpg?strip=all\" \/>\n\t<meta property=\"og:image:width\" content=\"800\" \/>\n\t<meta property=\"og:image:height\" content=\"800\" \/>\n\t<meta property=\"og:image:type\" content=\"image\/jpeg\" \/>\n<meta name=\"twitter:card\" content=\"summary_large_image\" \/>\n<meta name=\"twitter:label1\" content=\"Tempo estimado de leitura\" \/>\n\t<meta name=\"twitter:data1\" content=\"1 minuto\" \/>\n<script type=\"application\/ld+json\" class=\"yoast-schema-graph\">{\"@context\":\"https:\\\/\\\/schema.org\",\"@graph\":[{\"@type\":\"WebPage\",\"@id\":\"https:\\\/\\\/lovme.pt\\\/index.php\\\/produto\\\/cloneboy-dildo-e-alca-de-arnes\\\/\",\"url\":\"https:\\\/\\\/lovme.pt\\\/index.php\\\/produto\\\/cloneboy-dildo-e-alca-de-arnes\\\/\",\"name\":\"CLONEBOY - DILDO E AL\u00c7A DE ARN\u00caS - Lovme\",\"isPartOf\":{\"@id\":\"https:\\\/\\\/lovme.pt\\\/#website\"},\"primaryImageOfPage\":{\"@id\":\"https:\\\/\\\/lovme.pt\\\/index.php\\\/produto\\\/cloneboy-dildo-e-alca-de-arnes\\\/#primaryimage\"},\"image\":{\"@id\":\"https:\\\/\\\/lovme.pt\\\/index.php\\\/produto\\\/cloneboy-dildo-e-alca-de-arnes\\\/#primaryimage\"},\"thumbnailUrl\":\"https:\\\/\\\/erki24nd3ub.exactdn.com\\\/wp-content\\\/uploads\\\/dream\\\/img\\\/img_134927_8b50de593e2d1091a1ae235649eddf93_1.jpg?strip=all\",\"datePublished\":\"2025-10-01T02:15:03+00:00\",\"dateModified\":\"2026-04-14T10:08:11+00:00\",\"breadcrumb\":{\"@id\":\"https:\\\/\\\/lovme.pt\\\/index.php\\\/produto\\\/cloneboy-dildo-e-alca-de-arnes\\\/#breadcrumb\"},\"inLanguage\":\"pt-PT\",\"potentialAction\":[{\"@type\":\"ReadAction\",\"target\":[\"https:\\\/\\\/lovme.pt\\\/index.php\\\/produto\\\/cloneboy-dildo-e-alca-de-arnes\\\/\"]}]},{\"@type\":\"ImageObject\",\"inLanguage\":\"pt-PT\",\"@id\":\"https:\\\/\\\/lovme.pt\\\/index.php\\\/produto\\\/cloneboy-dildo-e-alca-de-arnes\\\/#primaryimage\",\"url\":\"https:\\\/\\\/erki24nd3ub.exactdn.com\\\/wp-content\\\/uploads\\\/dream\\\/img\\\/img_134927_8b50de593e2d1091a1ae235649eddf93_1.jpg?strip=all\",\"contentUrl\":\"https:\\\/\\\/erki24nd3ub.exactdn.com\\\/wp-content\\\/uploads\\\/dream\\\/img\\\/img_134927_8b50de593e2d1091a1ae235649eddf93_1.jpg?strip=all\",\"width\":800,\"height\":800},{\"@type\":\"BreadcrumbList\",\"@id\":\"https:\\\/\\\/lovme.pt\\\/index.php\\\/produto\\\/cloneboy-dildo-e-alca-de-arnes\\\/#breadcrumb\",\"itemListElement\":[{\"@type\":\"ListItem\",\"position\":1,\"name\":\"In\u00edcio\",\"item\":\"https:\\\/\\\/lovme.pt\\\/\"},{\"@type\":\"ListItem\",\"position\":2,\"name\":\"Loja\",\"item\":\"https:\\\/\\\/lovme.pt\\\/index.php\\\/loja\\\/\"},{\"@type\":\"ListItem\",\"position\":3,\"name\":\"CLONEBOY &#8211; DILDO E AL\u00c7A DE ARN\u00caS\"}]},{\"@type\":\"WebSite\",\"@id\":\"https:\\\/\\\/lovme.pt\\\/#website\",\"url\":\"https:\\\/\\\/lovme.pt\\\/\",\"name\":\"Lovme Loja Er\u00f3tica N\u00ba1 em Portugal\",\"description\":\"A melhor loja er\u00f3tica de Portugal.\",\"alternateName\":\"Loja Er\u00f3tica Lovme\",\"potentialAction\":[{\"@type\":\"SearchAction\",\"target\":{\"@type\":\"EntryPoint\",\"urlTemplate\":\"https:\\\/\\\/lovme.pt\\\/?s={search_term_string}\"},\"query-input\":{\"@type\":\"PropertyValueSpecification\",\"valueRequired\":true,\"valueName\":\"search_term_string\"}}],\"inLanguage\":\"pt-PT\"}]}<\/script>\n<!-- \/ Yoast SEO plugin. -->","yoast_head_json":{"title":"CLONEBOY - DILDO E AL\u00c7A DE ARN\u00caS - Lovme","robots":{"index":"index","follow":"follow","max-snippet":"max-snippet:-1","max-image-preview":"max-image-preview:large","max-video-preview":"max-video-preview:-1"},"canonical":"https:\/\/lovme.pt\/index.php\/produto\/cloneboy-dildo-e-alca-de-arnes\/","og_locale":"pt_PT","og_type":"article","og_title":"CLONEBOY - DILDO E AL\u00c7A DE ARN\u00caS - Lovme","og_description":"CLONEBOY - DILDO E AL\u00c7A DE ARN\u00caS","og_url":"https:\/\/lovme.pt\/index.php\/produto\/cloneboy-dildo-e-alca-de-arnes\/","og_site_name":"Lovme","article_modified_time":"2026-04-14T10:08:11+00:00","og_image":[{"width":800,"height":800,"url":"https:\/\/erki24nd3ub.exactdn.com\/wp-content\/uploads\/dream\/img\/img_134927_8b50de593e2d1091a1ae235649eddf93_1.jpg?strip=all","type":"image\/jpeg"}],"twitter_card":"summary_large_image","twitter_misc":{"Tempo estimado de leitura":"1 minuto"},"schema":{"@context":"https:\/\/schema.org","@graph":[{"@type":"WebPage","@id":"https:\/\/lovme.pt\/index.php\/produto\/cloneboy-dildo-e-alca-de-arnes\/","url":"https:\/\/lovme.pt\/index.php\/produto\/cloneboy-dildo-e-alca-de-arnes\/","name":"CLONEBOY - DILDO E AL\u00c7A DE ARN\u00caS - Lovme","isPartOf":{"@id":"https:\/\/lovme.pt\/#website"},"primaryImageOfPage":{"@id":"https:\/\/lovme.pt\/index.php\/produto\/cloneboy-dildo-e-alca-de-arnes\/#primaryimage"},"image":{"@id":"https:\/\/lovme.pt\/index.php\/produto\/cloneboy-dildo-e-alca-de-arnes\/#primaryimage"},"thumbnailUrl":"https:\/\/erki24nd3ub.exactdn.com\/wp-content\/uploads\/dream\/img\/img_134927_8b50de593e2d1091a1ae235649eddf93_1.jpg?strip=all","datePublished":"2025-10-01T02:15:03+00:00","dateModified":"2026-04-14T10:08:11+00:00","breadcrumb":{"@id":"https:\/\/lovme.pt\/index.php\/produto\/cloneboy-dildo-e-alca-de-arnes\/#breadcrumb"},"inLanguage":"pt-PT","potentialAction":[{"@type":"ReadAction","target":["https:\/\/lovme.pt\/index.php\/produto\/cloneboy-dildo-e-alca-de-arnes\/"]}]},{"@type":"ImageObject","inLanguage":"pt-PT","@id":"https:\/\/lovme.pt\/index.php\/produto\/cloneboy-dildo-e-alca-de-arnes\/#primaryimage","url":"https:\/\/erki24nd3ub.exactdn.com\/wp-content\/uploads\/dream\/img\/img_134927_8b50de593e2d1091a1ae235649eddf93_1.jpg?strip=all","contentUrl":"https:\/\/erki24nd3ub.exactdn.com\/wp-content\/uploads\/dream\/img\/img_134927_8b50de593e2d1091a1ae235649eddf93_1.jpg?strip=all","width":800,"height":800},{"@type":"BreadcrumbList","@id":"https:\/\/lovme.pt\/index.php\/produto\/cloneboy-dildo-e-alca-de-arnes\/#breadcrumb","itemListElement":[{"@type":"ListItem","position":1,"name":"In\u00edcio","item":"https:\/\/lovme.pt\/"},{"@type":"ListItem","position":2,"name":"Loja","item":"https:\/\/lovme.pt\/index.php\/loja\/"},{"@type":"ListItem","position":3,"name":"CLONEBOY &#8211; DILDO E AL\u00c7A DE ARN\u00caS"}]},{"@type":"WebSite","@id":"https:\/\/lovme.pt\/#website","url":"https:\/\/lovme.pt\/","name":"Lovme Loja Er\u00f3tica N\u00ba1 em Portugal","description":"A melhor loja er\u00f3tica de Portugal.","alternateName":"Loja Er\u00f3tica Lovme","potentialAction":[{"@type":"SearchAction","target":{"@type":"EntryPoint","urlTemplate":"https:\/\/lovme.pt\/?s={search_term_string}"},"query-input":{"@type":"PropertyValueSpecification","valueRequired":true,"valueName":"search_term_string"}}],"inLanguage":"pt-PT"}]}},"_links":{"self":[{"href":"https:\/\/lovme.pt\/index.php\/wp-json\/wp\/v2\/product\/23587","targetHints":{"allow":["GET"]}}],"collection":[{"href":"https:\/\/lovme.pt\/index.php\/wp-json\/wp\/v2\/product"}],"about":[{"href":"https:\/\/lovme.pt\/index.php\/wp-json\/wp\/v2\/types\/product"}],"wp:featuredmedia":[{"embeddable":true,"href":"https:\/\/lovme.pt\/index.php\/wp-json\/wp\/v2\/media\/95718"}],"wp:attachment":[{"href":"https:\/\/lovme.pt\/index.php\/wp-json\/wp\/v2\/media?parent=23587"}],"wp:term":[{"taxonomy":"product_brand","embeddable":true,"href":"https:\/\/lovme.pt\/index.php\/wp-json\/wp\/v2\/product_brand?post=23587"},{"taxonomy":"product_cat","embeddable":true,"href":"https:\/\/lovme.pt\/index.php\/wp-json\/wp\/v2\/product_cat?post=23587"},{"taxonomy":"product_tag","embeddable":true,"href":"https:\/\/lovme.pt\/index.php\/wp-json\/wp\/v2\/product_tag?post=23587"}],"curies":[{"name":"wp","href":"https:\/\/api.w.org\/{rel}","templated":true}]}}