{"id":23484,"date":"2025-10-01T00:09:38","date_gmt":"2025-10-01T00:09:38","guid":{"rendered":"https:\/\/lovme.pt\/?post_type=product&#038;p=23484"},"modified":"2026-02-19T20:23:20","modified_gmt":"2026-02-19T20:23:20","slug":"leg-avenue-fantasias-vestido-de-enfermeira-cabea-3-peas-conjunto-tamanho-s-m","status":"publish","type":"product","link":"https:\/\/lovme.pt\/index.php\/produto\/leg-avenue-fantasias-vestido-de-enfermeira-cabea-3-peas-conjunto-tamanho-s-m\/","title":{"rendered":"LEG AVENUE &#8211; COSTUMES &#8211; DISFRAZ JEFA ENFERMERIA 3 PIEZAS TALLA L\/XL"},"content":{"rendered":"<p>Fantasia sensual de enfermeira-chefe composta por um conjunto de tr\u00eas pe\u00e7as que ir\u00e1 curar todos os males. Sinta o poder de uma sedu\u00e7\u00e3o elegante com sua marca de lingerie favorita: Leg Avenue<\/p>\n<p> Caracter\u00edsticas:<\/p>\n<ul>\n<li> Fantasia de enfermeira-chefe<\/li>\n<li> Composto por vestido, estetosc\u00f3pio e tiara<\/li>\n<li> Meias n\u00e3o est\u00e3o inclu\u00eddas<\/li>\n<li> Tamanho: P\/M<\/li>\n<\/ul>\n<p> Aumente a sua feminilidade obtendo uma pe\u00e7a exclusiva de sedu\u00e7\u00e3o, sensualidade e eleg\u00e2ncia. <\/p>\n<p style=\"text-align: center;\"><img decoding=\"async\" alt=\"\" src=\"https:\/\/interno.dreamlove.es\/UserFiles\/images\/TABLA%20TALLAS.jpg\" style=\"width: 662px; height: 847px;\" \/><\/p><\/p>\n","protected":false},"excerpt":{"rendered":"<p>LEG AVENUE &#8211; FANTASIAS &#8211; VESTIDO DE ENFERMEIRA CABEA 3 PEAS CONJUNTO TAMANHO S\/M<\/p>\n","protected":false},"featured_media":84977,"template":"","meta":{"_acf_changed":false},"product_brand":[],"product_cat":[69,47,66,15],"product_tag":[],"class_list":{"0":"post-23484","1":"product","2":"type-product","3":"status-publish","4":"has-post-thumbnail","6":"product_cat-jogos-eroticos","7":"product_cat-lingerie","8":"product_cat-lingerie-feminina","9":"product_cat-loja","10":"yith_product_brand-leg-avenue","11":"yith_product_brand-leg-avenueleg-avenue-costumes","13":"first","14":"instock","15":"taxable","16":"shipping-taxable","17":"purchasable","18":"product-type-variable","19":"has-default-attributes"},"acf":[],"yoast_head":"<!-- This site is optimized with the Yoast SEO plugin v27.3 - https:\/\/yoast.com\/product\/yoast-seo-wordpress\/ -->\n<title>LEG AVENUE - COSTUMES - DISFRAZ JEFA ENFERMERIA 3 PIEZAS TALLA L\/XL - Lovme<\/title>\n<meta name=\"robots\" content=\"index, follow, max-snippet:-1, max-image-preview:large, max-video-preview:-1\" \/>\n<link rel=\"canonical\" href=\"https:\/\/lovme.pt\/index.php\/produto\/leg-avenue-fantasias-vestido-de-enfermeira-cabea-3-peas-conjunto-tamanho-s-m\/\" \/>\n<meta property=\"og:locale\" content=\"pt_PT\" \/>\n<meta property=\"og:type\" content=\"article\" \/>\n<meta property=\"og:title\" content=\"LEG AVENUE - COSTUMES - DISFRAZ JEFA ENFERMERIA 3 PIEZAS TALLA L\/XL - Lovme\" \/>\n<meta property=\"og:description\" content=\"LEG AVENUE - FANTASIAS - VESTIDO DE ENFERMEIRA CABEA 3 PEAS CONJUNTO TAMANHO S\/M\" \/>\n<meta property=\"og:url\" content=\"https:\/\/lovme.pt\/index.php\/produto\/leg-avenue-fantasias-vestido-de-enfermeira-cabea-3-peas-conjunto-tamanho-s-m\/\" \/>\n<meta property=\"og:site_name\" content=\"Lovme\" \/>\n<meta property=\"article:modified_time\" content=\"2026-02-19T20:23:20+00:00\" \/>\n<meta property=\"og:image\" content=\"https:\/\/erki24nd3ub.exactdn.com\/wp-content\/uploads\/dream\/img\/img_63611_878427f2cdb1c47671e84229d9736e39_1.jpg?strip=all\" \/>\n\t<meta property=\"og:image:width\" content=\"800\" \/>\n\t<meta property=\"og:image:height\" content=\"800\" \/>\n\t<meta property=\"og:image:type\" content=\"image\/jpeg\" \/>\n<meta name=\"twitter:card\" content=\"summary_large_image\" \/>\n<script type=\"application\/ld+json\" class=\"yoast-schema-graph\">{\"@context\":\"https:\\\/\\\/schema.org\",\"@graph\":[{\"@type\":\"WebPage\",\"@id\":\"https:\\\/\\\/lovme.pt\\\/index.php\\\/produto\\\/leg-avenue-fantasias-vestido-de-enfermeira-cabea-3-peas-conjunto-tamanho-s-m\\\/\",\"url\":\"https:\\\/\\\/lovme.pt\\\/index.php\\\/produto\\\/leg-avenue-fantasias-vestido-de-enfermeira-cabea-3-peas-conjunto-tamanho-s-m\\\/\",\"name\":\"LEG AVENUE - COSTUMES - DISFRAZ JEFA ENFERMERIA 3 PIEZAS TALLA L\\\/XL - Lovme\",\"isPartOf\":{\"@id\":\"https:\\\/\\\/lovme.pt\\\/#website\"},\"primaryImageOfPage\":{\"@id\":\"https:\\\/\\\/lovme.pt\\\/index.php\\\/produto\\\/leg-avenue-fantasias-vestido-de-enfermeira-cabea-3-peas-conjunto-tamanho-s-m\\\/#primaryimage\"},\"image\":{\"@id\":\"https:\\\/\\\/lovme.pt\\\/index.php\\\/produto\\\/leg-avenue-fantasias-vestido-de-enfermeira-cabea-3-peas-conjunto-tamanho-s-m\\\/#primaryimage\"},\"thumbnailUrl\":\"https:\\\/\\\/erki24nd3ub.exactdn.com\\\/wp-content\\\/uploads\\\/dream\\\/img\\\/img_63611_878427f2cdb1c47671e84229d9736e39_1.jpg?strip=all\",\"datePublished\":\"2025-10-01T00:09:38+00:00\",\"dateModified\":\"2026-02-19T20:23:20+00:00\",\"breadcrumb\":{\"@id\":\"https:\\\/\\\/lovme.pt\\\/index.php\\\/produto\\\/leg-avenue-fantasias-vestido-de-enfermeira-cabea-3-peas-conjunto-tamanho-s-m\\\/#breadcrumb\"},\"inLanguage\":\"pt-PT\",\"potentialAction\":[{\"@type\":\"ReadAction\",\"target\":[\"https:\\\/\\\/lovme.pt\\\/index.php\\\/produto\\\/leg-avenue-fantasias-vestido-de-enfermeira-cabea-3-peas-conjunto-tamanho-s-m\\\/\"]}]},{\"@type\":\"ImageObject\",\"inLanguage\":\"pt-PT\",\"@id\":\"https:\\\/\\\/lovme.pt\\\/index.php\\\/produto\\\/leg-avenue-fantasias-vestido-de-enfermeira-cabea-3-peas-conjunto-tamanho-s-m\\\/#primaryimage\",\"url\":\"https:\\\/\\\/erki24nd3ub.exactdn.com\\\/wp-content\\\/uploads\\\/dream\\\/img\\\/img_63611_878427f2cdb1c47671e84229d9736e39_1.jpg?strip=all\",\"contentUrl\":\"https:\\\/\\\/erki24nd3ub.exactdn.com\\\/wp-content\\\/uploads\\\/dream\\\/img\\\/img_63611_878427f2cdb1c47671e84229d9736e39_1.jpg?strip=all\",\"width\":800,\"height\":800},{\"@type\":\"BreadcrumbList\",\"@id\":\"https:\\\/\\\/lovme.pt\\\/index.php\\\/produto\\\/leg-avenue-fantasias-vestido-de-enfermeira-cabea-3-peas-conjunto-tamanho-s-m\\\/#breadcrumb\",\"itemListElement\":[{\"@type\":\"ListItem\",\"position\":1,\"name\":\"In\u00edcio\",\"item\":\"https:\\\/\\\/lovme.pt\\\/\"},{\"@type\":\"ListItem\",\"position\":2,\"name\":\"Loja\",\"item\":\"https:\\\/\\\/lovme.pt\\\/index.php\\\/loja\\\/\"},{\"@type\":\"ListItem\",\"position\":3,\"name\":\"LEG AVENUE &#8211; COSTUMES &#8211; DISFRAZ JEFA ENFERMERIA 3 PIEZAS TALLA L\\\/XL\"}]},{\"@type\":\"WebSite\",\"@id\":\"https:\\\/\\\/lovme.pt\\\/#website\",\"url\":\"https:\\\/\\\/lovme.pt\\\/\",\"name\":\"Lovme Loja Er\u00f3tica N\u00ba1 em Portugal\",\"description\":\"A melhor loja er\u00f3tica de Portugal.\",\"alternateName\":\"Loja Er\u00f3tica Lovme\",\"potentialAction\":[{\"@type\":\"SearchAction\",\"target\":{\"@type\":\"EntryPoint\",\"urlTemplate\":\"https:\\\/\\\/lovme.pt\\\/?s={search_term_string}\"},\"query-input\":{\"@type\":\"PropertyValueSpecification\",\"valueRequired\":true,\"valueName\":\"search_term_string\"}}],\"inLanguage\":\"pt-PT\"}]}<\/script>\n<!-- \/ Yoast SEO plugin. -->","yoast_head_json":{"title":"LEG AVENUE - COSTUMES - DISFRAZ JEFA ENFERMERIA 3 PIEZAS TALLA L\/XL - Lovme","robots":{"index":"index","follow":"follow","max-snippet":"max-snippet:-1","max-image-preview":"max-image-preview:large","max-video-preview":"max-video-preview:-1"},"canonical":"https:\/\/lovme.pt\/index.php\/produto\/leg-avenue-fantasias-vestido-de-enfermeira-cabea-3-peas-conjunto-tamanho-s-m\/","og_locale":"pt_PT","og_type":"article","og_title":"LEG AVENUE - COSTUMES - DISFRAZ JEFA ENFERMERIA 3 PIEZAS TALLA L\/XL - Lovme","og_description":"LEG AVENUE - FANTASIAS - VESTIDO DE ENFERMEIRA CABEA 3 PEAS CONJUNTO TAMANHO S\/M","og_url":"https:\/\/lovme.pt\/index.php\/produto\/leg-avenue-fantasias-vestido-de-enfermeira-cabea-3-peas-conjunto-tamanho-s-m\/","og_site_name":"Lovme","article_modified_time":"2026-02-19T20:23:20+00:00","og_image":[{"width":800,"height":800,"url":"https:\/\/erki24nd3ub.exactdn.com\/wp-content\/uploads\/dream\/img\/img_63611_878427f2cdb1c47671e84229d9736e39_1.jpg?strip=all","type":"image\/jpeg"}],"twitter_card":"summary_large_image","schema":{"@context":"https:\/\/schema.org","@graph":[{"@type":"WebPage","@id":"https:\/\/lovme.pt\/index.php\/produto\/leg-avenue-fantasias-vestido-de-enfermeira-cabea-3-peas-conjunto-tamanho-s-m\/","url":"https:\/\/lovme.pt\/index.php\/produto\/leg-avenue-fantasias-vestido-de-enfermeira-cabea-3-peas-conjunto-tamanho-s-m\/","name":"LEG AVENUE - COSTUMES - DISFRAZ JEFA ENFERMERIA 3 PIEZAS TALLA L\/XL - Lovme","isPartOf":{"@id":"https:\/\/lovme.pt\/#website"},"primaryImageOfPage":{"@id":"https:\/\/lovme.pt\/index.php\/produto\/leg-avenue-fantasias-vestido-de-enfermeira-cabea-3-peas-conjunto-tamanho-s-m\/#primaryimage"},"image":{"@id":"https:\/\/lovme.pt\/index.php\/produto\/leg-avenue-fantasias-vestido-de-enfermeira-cabea-3-peas-conjunto-tamanho-s-m\/#primaryimage"},"thumbnailUrl":"https:\/\/erki24nd3ub.exactdn.com\/wp-content\/uploads\/dream\/img\/img_63611_878427f2cdb1c47671e84229d9736e39_1.jpg?strip=all","datePublished":"2025-10-01T00:09:38+00:00","dateModified":"2026-02-19T20:23:20+00:00","breadcrumb":{"@id":"https:\/\/lovme.pt\/index.php\/produto\/leg-avenue-fantasias-vestido-de-enfermeira-cabea-3-peas-conjunto-tamanho-s-m\/#breadcrumb"},"inLanguage":"pt-PT","potentialAction":[{"@type":"ReadAction","target":["https:\/\/lovme.pt\/index.php\/produto\/leg-avenue-fantasias-vestido-de-enfermeira-cabea-3-peas-conjunto-tamanho-s-m\/"]}]},{"@type":"ImageObject","inLanguage":"pt-PT","@id":"https:\/\/lovme.pt\/index.php\/produto\/leg-avenue-fantasias-vestido-de-enfermeira-cabea-3-peas-conjunto-tamanho-s-m\/#primaryimage","url":"https:\/\/erki24nd3ub.exactdn.com\/wp-content\/uploads\/dream\/img\/img_63611_878427f2cdb1c47671e84229d9736e39_1.jpg?strip=all","contentUrl":"https:\/\/erki24nd3ub.exactdn.com\/wp-content\/uploads\/dream\/img\/img_63611_878427f2cdb1c47671e84229d9736e39_1.jpg?strip=all","width":800,"height":800},{"@type":"BreadcrumbList","@id":"https:\/\/lovme.pt\/index.php\/produto\/leg-avenue-fantasias-vestido-de-enfermeira-cabea-3-peas-conjunto-tamanho-s-m\/#breadcrumb","itemListElement":[{"@type":"ListItem","position":1,"name":"In\u00edcio","item":"https:\/\/lovme.pt\/"},{"@type":"ListItem","position":2,"name":"Loja","item":"https:\/\/lovme.pt\/index.php\/loja\/"},{"@type":"ListItem","position":3,"name":"LEG AVENUE &#8211; COSTUMES &#8211; DISFRAZ JEFA ENFERMERIA 3 PIEZAS TALLA L\/XL"}]},{"@type":"WebSite","@id":"https:\/\/lovme.pt\/#website","url":"https:\/\/lovme.pt\/","name":"Lovme Loja Er\u00f3tica N\u00ba1 em Portugal","description":"A melhor loja er\u00f3tica de Portugal.","alternateName":"Loja Er\u00f3tica Lovme","potentialAction":[{"@type":"SearchAction","target":{"@type":"EntryPoint","urlTemplate":"https:\/\/lovme.pt\/?s={search_term_string}"},"query-input":{"@type":"PropertyValueSpecification","valueRequired":true,"valueName":"search_term_string"}}],"inLanguage":"pt-PT"}]}},"_links":{"self":[{"href":"https:\/\/lovme.pt\/index.php\/wp-json\/wp\/v2\/product\/23484","targetHints":{"allow":["GET"]}}],"collection":[{"href":"https:\/\/lovme.pt\/index.php\/wp-json\/wp\/v2\/product"}],"about":[{"href":"https:\/\/lovme.pt\/index.php\/wp-json\/wp\/v2\/types\/product"}],"wp:featuredmedia":[{"embeddable":true,"href":"https:\/\/lovme.pt\/index.php\/wp-json\/wp\/v2\/media\/84977"}],"wp:attachment":[{"href":"https:\/\/lovme.pt\/index.php\/wp-json\/wp\/v2\/media?parent=23484"}],"wp:term":[{"taxonomy":"product_brand","embeddable":true,"href":"https:\/\/lovme.pt\/index.php\/wp-json\/wp\/v2\/product_brand?post=23484"},{"taxonomy":"product_cat","embeddable":true,"href":"https:\/\/lovme.pt\/index.php\/wp-json\/wp\/v2\/product_cat?post=23484"},{"taxonomy":"product_tag","embeddable":true,"href":"https:\/\/lovme.pt\/index.php\/wp-json\/wp\/v2\/product_tag?post=23484"}],"curies":[{"name":"wp","href":"https:\/\/api.w.org\/{rel}","templated":true}]}}