{"id":23286,"date":"2025-09-30T20:22:48","date_gmt":"2025-09-30T20:22:48","guid":{"rendered":"https:\/\/lovme.pt\/?post_type=product&#038;p=23286"},"modified":"2026-04-14T16:07:08","modified_gmt":"2026-04-14T16:07:08","slug":"pdx-elite-suck-n-pump-stroker-masturbador-vibrador-bomba-de-ondas-estimulante","status":"publish","type":"product","link":"https:\/\/lovme.pt\/index.php\/produto\/pdx-elite-suck-n-pump-stroker-masturbador-vibrador-bomba-de-ondas-estimulante\/","title":{"rendered":"PDX ELITE &#8211; SUCK N PUMP STROKER MASTURBADOR VIBRANTE BOMBA DE SUC\u00c7\u00c3O"},"content":{"rendered":"<p>Experimente dois modos de aprimoramento da ere\u00e7\u00e3o com esta bomba. O PDX Elite Suck-N-Pump Stroker possui uma bomba de n\u00edvel m\u00e9dico para aumentar sua ere\u00e7\u00e3o e tamb\u00e9m pode ser usado como masturbador \u2014 escolha a sua op\u00e7\u00e3o preferida. Personalize o seu prazer, tudo em um.<\/p>\n<p> Como uma bomba de ere\u00e7\u00e3o, voc\u00ea s\u00f3 precisa coloc\u00e1-la na posi\u00e7\u00e3o e apertar o inflador m\u00e9dico, voc\u00ea ver\u00e1 como ela fortalece sua ere\u00e7\u00e3o, aumentando tanto a espessura quanto o comprimento do membro de forma r\u00e1pida e eficaz.<\/p>\n<p> Como masturbador, basta coloc\u00e1-lo no modo masturba\u00e7\u00e3o e pressionar a bomba de n\u00edvel m\u00e9dico para realizar a fun\u00e7\u00e3o de suc\u00e7\u00e3o. Voc\u00ea pode adicionar ainda mais prazer ativando o modo multivibra\u00e7\u00e3o para adicionar vibra\u00e7\u00f5es potentes.<\/p>\n<p> Sua capa macia de TPR veda firmemente, criando uma sensa\u00e7\u00e3o de suc\u00e7\u00e3o incr\u00edvel e proporcionando resultados incr\u00edveis. A superf\u00edcie transparente foi projetada para uma pegada firme e tem um tamanho que permite que voc\u00ea veja o crescimento do seu membro o tempo todo. Voc\u00ea pode liberar a press\u00e3o rapidamente com seu sistema de libera\u00e7\u00e3o r\u00e1pida. Tamb\u00e9m \u00e9 \u00e0 prova d&#039;\u00e1gua, permitindo que voc\u00ea o use no banho ou no chuveiro.<\/p>\n<p> Aproveite a sensa\u00e7\u00e3o do sexo oral e de ere\u00e7\u00f5es fortes e poderosas.<\/p>\n<ul>\n<li> Multivibra\u00e7\u00e3o<\/li>\n<li> Vibra\u00e7\u00f5es poderosas<\/li>\n<li> Bot\u00e3o de libera\u00e7\u00e3o r\u00e1pida de press\u00e3o<\/li>\n<li> Medi\u00e7\u00f5es de superf\u00edcie para monitoramento do crescimento<\/li>\n<li> Fun\u00e7\u00e3o de v\u00e1cuo que garante sensa\u00e7\u00f5es de suc\u00e7\u00e3o incr\u00edveis<\/li>\n<li> Limpe ap\u00f3s o uso com limpador de brinquedos e \u00e1gua morna.<\/li>\n<\/ul>\n","protected":false},"excerpt":{"rendered":"<p>PDX ELITE &#8211; SUCK N PUMP STROKER MASTURBADOR VIBRANTE BOMBA DE SUC\u00c7\u00c3O<\/p>\n","protected":false},"featured_media":67980,"template":"","meta":{"_acf_changed":false},"product_brand":[],"product_cat":[17,60],"product_tag":[],"class_list":{"0":"post-23286","1":"product","2":"type-product","3":"status-publish","4":"has-post-thumbnail","6":"product_cat-brinquedos-de-bem-estar-sexual","7":"product_cat-para-eles","8":"yith_product_brand-pipedreamspdx-elite","10":"first","11":"instock","12":"taxable","13":"shipping-taxable","14":"purchasable","15":"product-type-simple"},"acf":[],"yoast_head":"<!-- This site is optimized with the Yoast SEO plugin v27.4 - https:\/\/yoast.com\/product\/yoast-seo-wordpress\/ -->\n<title>PDX ELITE - SUCK N PUMP STROKER MASTURBADOR VIBRANTE BOMBA DE SUC\u00c7\u00c3O - Lovme<\/title>\n<meta name=\"robots\" content=\"index, follow, max-snippet:-1, max-image-preview:large, max-video-preview:-1\" \/>\n<link rel=\"canonical\" href=\"https:\/\/lovme.pt\/index.php\/produto\/pdx-elite-suck-n-pump-stroker-masturbador-vibrador-bomba-de-ondas-estimulante\/\" \/>\n<meta property=\"og:locale\" content=\"pt_PT\" \/>\n<meta property=\"og:type\" content=\"article\" \/>\n<meta property=\"og:title\" content=\"PDX ELITE - SUCK N PUMP STROKER MASTURBADOR VIBRANTE BOMBA DE SUC\u00c7\u00c3O - Lovme\" \/>\n<meta property=\"og:description\" content=\"PDX ELITE - SUCK N PUMP STROKER MASTURBADOR VIBRANTE BOMBA DE SUC\u00c7\u00c3O\" \/>\n<meta property=\"og:url\" content=\"https:\/\/lovme.pt\/index.php\/produto\/pdx-elite-suck-n-pump-stroker-masturbador-vibrador-bomba-de-ondas-estimulante\/\" \/>\n<meta property=\"og:site_name\" content=\"Lovme\" \/>\n<meta property=\"article:modified_time\" content=\"2026-04-14T16:07:08+00:00\" \/>\n<meta property=\"og:image\" content=\"https:\/\/erki24nd3ub.exactdn.com\/wp-content\/uploads\/dream\/img\/img_63081_54c699b404cf193cdd2e13b0465093c4_1.jpg?strip=all\" \/>\n\t<meta property=\"og:image:width\" content=\"800\" \/>\n\t<meta property=\"og:image:height\" content=\"800\" \/>\n\t<meta property=\"og:image:type\" content=\"image\/jpeg\" \/>\n<meta name=\"twitter:card\" content=\"summary_large_image\" \/>\n<meta name=\"twitter:label1\" content=\"Tempo estimado de leitura\" \/>\n\t<meta name=\"twitter:data1\" content=\"1 minuto\" \/>\n<script type=\"application\/ld+json\" class=\"yoast-schema-graph\">{\"@context\":\"https:\\\/\\\/schema.org\",\"@graph\":[{\"@type\":\"WebPage\",\"@id\":\"https:\\\/\\\/lovme.pt\\\/index.php\\\/produto\\\/pdx-elite-suck-n-pump-stroker-masturbador-vibrador-bomba-de-ondas-estimulante\\\/\",\"url\":\"https:\\\/\\\/lovme.pt\\\/index.php\\\/produto\\\/pdx-elite-suck-n-pump-stroker-masturbador-vibrador-bomba-de-ondas-estimulante\\\/\",\"name\":\"PDX ELITE - SUCK N PUMP STROKER MASTURBADOR VIBRANTE BOMBA DE SUC\u00c7\u00c3O - Lovme\",\"isPartOf\":{\"@id\":\"https:\\\/\\\/lovme.pt\\\/#website\"},\"primaryImageOfPage\":{\"@id\":\"https:\\\/\\\/lovme.pt\\\/index.php\\\/produto\\\/pdx-elite-suck-n-pump-stroker-masturbador-vibrador-bomba-de-ondas-estimulante\\\/#primaryimage\"},\"image\":{\"@id\":\"https:\\\/\\\/lovme.pt\\\/index.php\\\/produto\\\/pdx-elite-suck-n-pump-stroker-masturbador-vibrador-bomba-de-ondas-estimulante\\\/#primaryimage\"},\"thumbnailUrl\":\"https:\\\/\\\/erki24nd3ub.exactdn.com\\\/wp-content\\\/uploads\\\/dream\\\/img\\\/img_63081_54c699b404cf193cdd2e13b0465093c4_1.jpg?strip=all\",\"datePublished\":\"2025-09-30T20:22:48+00:00\",\"dateModified\":\"2026-04-14T16:07:08+00:00\",\"breadcrumb\":{\"@id\":\"https:\\\/\\\/lovme.pt\\\/index.php\\\/produto\\\/pdx-elite-suck-n-pump-stroker-masturbador-vibrador-bomba-de-ondas-estimulante\\\/#breadcrumb\"},\"inLanguage\":\"pt-PT\",\"potentialAction\":[{\"@type\":\"ReadAction\",\"target\":[\"https:\\\/\\\/lovme.pt\\\/index.php\\\/produto\\\/pdx-elite-suck-n-pump-stroker-masturbador-vibrador-bomba-de-ondas-estimulante\\\/\"]}]},{\"@type\":\"ImageObject\",\"inLanguage\":\"pt-PT\",\"@id\":\"https:\\\/\\\/lovme.pt\\\/index.php\\\/produto\\\/pdx-elite-suck-n-pump-stroker-masturbador-vibrador-bomba-de-ondas-estimulante\\\/#primaryimage\",\"url\":\"https:\\\/\\\/erki24nd3ub.exactdn.com\\\/wp-content\\\/uploads\\\/dream\\\/img\\\/img_63081_54c699b404cf193cdd2e13b0465093c4_1.jpg?strip=all\",\"contentUrl\":\"https:\\\/\\\/erki24nd3ub.exactdn.com\\\/wp-content\\\/uploads\\\/dream\\\/img\\\/img_63081_54c699b404cf193cdd2e13b0465093c4_1.jpg?strip=all\",\"width\":800,\"height\":800},{\"@type\":\"BreadcrumbList\",\"@id\":\"https:\\\/\\\/lovme.pt\\\/index.php\\\/produto\\\/pdx-elite-suck-n-pump-stroker-masturbador-vibrador-bomba-de-ondas-estimulante\\\/#breadcrumb\",\"itemListElement\":[{\"@type\":\"ListItem\",\"position\":1,\"name\":\"In\u00edcio\",\"item\":\"https:\\\/\\\/lovme.pt\\\/\"},{\"@type\":\"ListItem\",\"position\":2,\"name\":\"Loja\",\"item\":\"https:\\\/\\\/lovme.pt\\\/index.php\\\/loja\\\/\"},{\"@type\":\"ListItem\",\"position\":3,\"name\":\"PDX ELITE &#8211; SUCK N PUMP STROKER MASTURBADOR VIBRANTE BOMBA DE SUC\u00c7\u00c3O\"}]},{\"@type\":\"WebSite\",\"@id\":\"https:\\\/\\\/lovme.pt\\\/#website\",\"url\":\"https:\\\/\\\/lovme.pt\\\/\",\"name\":\"Lovme Loja Er\u00f3tica N\u00ba1 em Portugal\",\"description\":\"A melhor loja er\u00f3tica de Portugal.\",\"alternateName\":\"Loja Er\u00f3tica Lovme\",\"potentialAction\":[{\"@type\":\"SearchAction\",\"target\":{\"@type\":\"EntryPoint\",\"urlTemplate\":\"https:\\\/\\\/lovme.pt\\\/?s={search_term_string}\"},\"query-input\":{\"@type\":\"PropertyValueSpecification\",\"valueRequired\":true,\"valueName\":\"search_term_string\"}}],\"inLanguage\":\"pt-PT\"}]}<\/script>\n<!-- \/ Yoast SEO plugin. -->","yoast_head_json":{"title":"PDX ELITE - SUCK N PUMP STROKER MASTURBADOR VIBRANTE BOMBA DE SUC\u00c7\u00c3O - Lovme","robots":{"index":"index","follow":"follow","max-snippet":"max-snippet:-1","max-image-preview":"max-image-preview:large","max-video-preview":"max-video-preview:-1"},"canonical":"https:\/\/lovme.pt\/index.php\/produto\/pdx-elite-suck-n-pump-stroker-masturbador-vibrador-bomba-de-ondas-estimulante\/","og_locale":"pt_PT","og_type":"article","og_title":"PDX ELITE - SUCK N PUMP STROKER MASTURBADOR VIBRANTE BOMBA DE SUC\u00c7\u00c3O - Lovme","og_description":"PDX ELITE - SUCK N PUMP STROKER MASTURBADOR VIBRANTE BOMBA DE SUC\u00c7\u00c3O","og_url":"https:\/\/lovme.pt\/index.php\/produto\/pdx-elite-suck-n-pump-stroker-masturbador-vibrador-bomba-de-ondas-estimulante\/","og_site_name":"Lovme","article_modified_time":"2026-04-14T16:07:08+00:00","og_image":[{"width":800,"height":800,"url":"https:\/\/erki24nd3ub.exactdn.com\/wp-content\/uploads\/dream\/img\/img_63081_54c699b404cf193cdd2e13b0465093c4_1.jpg?strip=all","type":"image\/jpeg"}],"twitter_card":"summary_large_image","twitter_misc":{"Tempo estimado de leitura":"1 minuto"},"schema":{"@context":"https:\/\/schema.org","@graph":[{"@type":"WebPage","@id":"https:\/\/lovme.pt\/index.php\/produto\/pdx-elite-suck-n-pump-stroker-masturbador-vibrador-bomba-de-ondas-estimulante\/","url":"https:\/\/lovme.pt\/index.php\/produto\/pdx-elite-suck-n-pump-stroker-masturbador-vibrador-bomba-de-ondas-estimulante\/","name":"PDX ELITE - SUCK N PUMP STROKER MASTURBADOR VIBRANTE BOMBA DE SUC\u00c7\u00c3O - Lovme","isPartOf":{"@id":"https:\/\/lovme.pt\/#website"},"primaryImageOfPage":{"@id":"https:\/\/lovme.pt\/index.php\/produto\/pdx-elite-suck-n-pump-stroker-masturbador-vibrador-bomba-de-ondas-estimulante\/#primaryimage"},"image":{"@id":"https:\/\/lovme.pt\/index.php\/produto\/pdx-elite-suck-n-pump-stroker-masturbador-vibrador-bomba-de-ondas-estimulante\/#primaryimage"},"thumbnailUrl":"https:\/\/erki24nd3ub.exactdn.com\/wp-content\/uploads\/dream\/img\/img_63081_54c699b404cf193cdd2e13b0465093c4_1.jpg?strip=all","datePublished":"2025-09-30T20:22:48+00:00","dateModified":"2026-04-14T16:07:08+00:00","breadcrumb":{"@id":"https:\/\/lovme.pt\/index.php\/produto\/pdx-elite-suck-n-pump-stroker-masturbador-vibrador-bomba-de-ondas-estimulante\/#breadcrumb"},"inLanguage":"pt-PT","potentialAction":[{"@type":"ReadAction","target":["https:\/\/lovme.pt\/index.php\/produto\/pdx-elite-suck-n-pump-stroker-masturbador-vibrador-bomba-de-ondas-estimulante\/"]}]},{"@type":"ImageObject","inLanguage":"pt-PT","@id":"https:\/\/lovme.pt\/index.php\/produto\/pdx-elite-suck-n-pump-stroker-masturbador-vibrador-bomba-de-ondas-estimulante\/#primaryimage","url":"https:\/\/erki24nd3ub.exactdn.com\/wp-content\/uploads\/dream\/img\/img_63081_54c699b404cf193cdd2e13b0465093c4_1.jpg?strip=all","contentUrl":"https:\/\/erki24nd3ub.exactdn.com\/wp-content\/uploads\/dream\/img\/img_63081_54c699b404cf193cdd2e13b0465093c4_1.jpg?strip=all","width":800,"height":800},{"@type":"BreadcrumbList","@id":"https:\/\/lovme.pt\/index.php\/produto\/pdx-elite-suck-n-pump-stroker-masturbador-vibrador-bomba-de-ondas-estimulante\/#breadcrumb","itemListElement":[{"@type":"ListItem","position":1,"name":"In\u00edcio","item":"https:\/\/lovme.pt\/"},{"@type":"ListItem","position":2,"name":"Loja","item":"https:\/\/lovme.pt\/index.php\/loja\/"},{"@type":"ListItem","position":3,"name":"PDX ELITE &#8211; SUCK N PUMP STROKER MASTURBADOR VIBRANTE BOMBA DE SUC\u00c7\u00c3O"}]},{"@type":"WebSite","@id":"https:\/\/lovme.pt\/#website","url":"https:\/\/lovme.pt\/","name":"Lovme Loja Er\u00f3tica N\u00ba1 em Portugal","description":"A melhor loja er\u00f3tica de Portugal.","alternateName":"Loja Er\u00f3tica Lovme","potentialAction":[{"@type":"SearchAction","target":{"@type":"EntryPoint","urlTemplate":"https:\/\/lovme.pt\/?s={search_term_string}"},"query-input":{"@type":"PropertyValueSpecification","valueRequired":true,"valueName":"search_term_string"}}],"inLanguage":"pt-PT"}]}},"_links":{"self":[{"href":"https:\/\/lovme.pt\/index.php\/wp-json\/wp\/v2\/product\/23286","targetHints":{"allow":["GET"]}}],"collection":[{"href":"https:\/\/lovme.pt\/index.php\/wp-json\/wp\/v2\/product"}],"about":[{"href":"https:\/\/lovme.pt\/index.php\/wp-json\/wp\/v2\/types\/product"}],"wp:featuredmedia":[{"embeddable":true,"href":"https:\/\/lovme.pt\/index.php\/wp-json\/wp\/v2\/media\/67980"}],"wp:attachment":[{"href":"https:\/\/lovme.pt\/index.php\/wp-json\/wp\/v2\/media?parent=23286"}],"wp:term":[{"taxonomy":"product_brand","embeddable":true,"href":"https:\/\/lovme.pt\/index.php\/wp-json\/wp\/v2\/product_brand?post=23286"},{"taxonomy":"product_cat","embeddable":true,"href":"https:\/\/lovme.pt\/index.php\/wp-json\/wp\/v2\/product_cat?post=23286"},{"taxonomy":"product_tag","embeddable":true,"href":"https:\/\/lovme.pt\/index.php\/wp-json\/wp\/v2\/product_tag?post=23286"}],"curies":[{"name":"wp","href":"https:\/\/api.w.org\/{rel}","templated":true}]}}