{"id":21468,"date":"2025-10-01T02:06:48","date_gmt":"2025-10-01T02:06:48","guid":{"rendered":"https:\/\/lovme.pt\/?post_type=product&#038;p=21468"},"modified":"2026-04-15T07:00:55","modified_gmt":"2026-04-15T07:00:55","slug":"uniq-preservativos-sem-latex-com-tiras-3-unidades","status":"publish","type":"product","link":"https:\/\/lovme.pt\/index.php\/produto\/uniq-preservativos-sem-latex-com-tiras-3-unidades\/","title":{"rendered":"UNIQ &#8211; PRESERVATIVOS SEM L\u00c1TEX COM TIRAS 3 UNIDADES"},"content":{"rendered":"<p>O Uniq Pull se destaca de outros tipos de preservativos por possuir um sistema exclusivo com tiras. Basta colocar o preservativo na ponta do p\u00eanis ereto e puxar as tiras para baixo para cobertura total. Uma maneira super f\u00e1cil e r\u00e1pida de fazer sexo seguro!<\/p>\n<p> Preservativos hipoalerg\u00eanicos, extramacios e ultrarresistentes, sem l\u00e1tex, aderem \u00e0 pele do usu\u00e1rio e n\u00e3o escorregam durante o sexo. Assim, desfrute de um deslizamento intenso, sensacional e seguro, mesmo no escuro, pois com o Uniq Pull, colocar um preservativo leva apenas alguns segundos.<\/p>\n<p> Os preservativos transparentes e inodoros v\u00eam em uma embalagem do tamanho de um cart\u00e3o de cr\u00e9dito, que cabe perfeitamente na carteira ou no bolso. B\u00f4nus extra: voc\u00ea encontrar\u00e1 3 lubrificantes adicionais na embalagem. N\u00e3o se preocupe, os preservativos Uniq Pull s\u00e3o adequados para qualquer outro tipo de lubrificante.<\/p>\n<ul>\n<li> Caracter\u00edsticas especiais: Com tiras de puxar<\/li>\n<li> Tamanho: Regular<\/li>\n<li> Formato: Reto<\/li>\n<li> Textura: Suave<\/li>\n<li> Cor: Transparente<\/li>\n<li> Sabor: Sem sabor<\/li>\n<li> Material: AT-10 sem l\u00e1tex<\/li>\n<li> Espessura: 20 m\u00edcrons<\/li>\n<li> Largura na base: 55 mm +- 2 mm<\/li>\n<li> Comprimento: 160 mm<\/li>\n<li> N\u00e3o inclui sach\u00eas de lubrificante extra<\/li>\n<\/ul>\n<p> A Uniq \u00e9 uma empresa sediada na Col\u00f4mbia que oferece uma ampla gama de produtos exclusivos, seguros e prazerosos, feitos tanto para homens quanto para mulheres.<\/p>\n","protected":false},"excerpt":{"rendered":"<p>UNIQ &#8211; PRESERVATIVOS SEM L\u00c1TEX COM TIRAS 3 UNIDADES<\/p>\n","protected":false},"featured_media":94925,"template":"","meta":{"_acf_changed":false},"product_brand":[],"product_cat":[73],"product_tag":[],"class_list":{"0":"post-21468","1":"product","2":"type-product","3":"status-publish","4":"has-post-thumbnail","6":"product_cat-preservativos","7":"yith_product_brand-uniq","9":"first","10":"instock","11":"taxable","12":"shipping-taxable","13":"purchasable","14":"product-type-simple"},"acf":[],"yoast_head":"<!-- This site is optimized with the Yoast SEO plugin v27.4 - https:\/\/yoast.com\/product\/yoast-seo-wordpress\/ -->\n<title>UNIQ - PRESERVATIVOS SEM L\u00c1TEX COM TIRAS 3 UNIDADES - Lovme<\/title>\n<meta name=\"robots\" content=\"index, follow, max-snippet:-1, max-image-preview:large, max-video-preview:-1\" \/>\n<link rel=\"canonical\" href=\"https:\/\/lovme.pt\/index.php\/produto\/uniq-preservativos-sem-latex-com-tiras-3-unidades\/\" \/>\n<meta property=\"og:locale\" content=\"pt_PT\" \/>\n<meta property=\"og:type\" content=\"article\" \/>\n<meta property=\"og:title\" content=\"UNIQ - PRESERVATIVOS SEM L\u00c1TEX COM TIRAS 3 UNIDADES - Lovme\" \/>\n<meta property=\"og:description\" content=\"UNIQ - PRESERVATIVOS SEM L\u00c1TEX COM TIRAS 3 UNIDADES\" \/>\n<meta property=\"og:url\" content=\"https:\/\/lovme.pt\/index.php\/produto\/uniq-preservativos-sem-latex-com-tiras-3-unidades\/\" \/>\n<meta property=\"og:site_name\" content=\"Lovme\" \/>\n<meta property=\"article:modified_time\" content=\"2026-04-15T07:00:55+00:00\" \/>\n<meta property=\"og:image\" content=\"https:\/\/erki24nd3ub.exactdn.com\/wp-content\/uploads\/dream\/img\/img_202091_95d46c3a054a3ae6f83a63c675e73c3e_1.jpg?strip=all\" \/>\n\t<meta property=\"og:image:width\" content=\"900\" \/>\n\t<meta property=\"og:image:height\" content=\"900\" \/>\n\t<meta property=\"og:image:type\" content=\"image\/jpeg\" \/>\n<meta name=\"twitter:card\" content=\"summary_large_image\" \/>\n<meta name=\"twitter:label1\" content=\"Tempo estimado de leitura\" \/>\n\t<meta name=\"twitter:data1\" content=\"1 minuto\" \/>\n<script type=\"application\/ld+json\" class=\"yoast-schema-graph\">{\"@context\":\"https:\\\/\\\/schema.org\",\"@graph\":[{\"@type\":\"WebPage\",\"@id\":\"https:\\\/\\\/lovme.pt\\\/index.php\\\/produto\\\/uniq-preservativos-sem-latex-com-tiras-3-unidades\\\/\",\"url\":\"https:\\\/\\\/lovme.pt\\\/index.php\\\/produto\\\/uniq-preservativos-sem-latex-com-tiras-3-unidades\\\/\",\"name\":\"UNIQ - PRESERVATIVOS SEM L\u00c1TEX COM TIRAS 3 UNIDADES - Lovme\",\"isPartOf\":{\"@id\":\"https:\\\/\\\/lovme.pt\\\/#website\"},\"primaryImageOfPage\":{\"@id\":\"https:\\\/\\\/lovme.pt\\\/index.php\\\/produto\\\/uniq-preservativos-sem-latex-com-tiras-3-unidades\\\/#primaryimage\"},\"image\":{\"@id\":\"https:\\\/\\\/lovme.pt\\\/index.php\\\/produto\\\/uniq-preservativos-sem-latex-com-tiras-3-unidades\\\/#primaryimage\"},\"thumbnailUrl\":\"https:\\\/\\\/erki24nd3ub.exactdn.com\\\/wp-content\\\/uploads\\\/dream\\\/img\\\/img_202091_95d46c3a054a3ae6f83a63c675e73c3e_1.jpg?strip=all\",\"datePublished\":\"2025-10-01T02:06:48+00:00\",\"dateModified\":\"2026-04-15T07:00:55+00:00\",\"breadcrumb\":{\"@id\":\"https:\\\/\\\/lovme.pt\\\/index.php\\\/produto\\\/uniq-preservativos-sem-latex-com-tiras-3-unidades\\\/#breadcrumb\"},\"inLanguage\":\"pt-PT\",\"potentialAction\":[{\"@type\":\"ReadAction\",\"target\":[\"https:\\\/\\\/lovme.pt\\\/index.php\\\/produto\\\/uniq-preservativos-sem-latex-com-tiras-3-unidades\\\/\"]}]},{\"@type\":\"ImageObject\",\"inLanguage\":\"pt-PT\",\"@id\":\"https:\\\/\\\/lovme.pt\\\/index.php\\\/produto\\\/uniq-preservativos-sem-latex-com-tiras-3-unidades\\\/#primaryimage\",\"url\":\"https:\\\/\\\/erki24nd3ub.exactdn.com\\\/wp-content\\\/uploads\\\/dream\\\/img\\\/img_202091_95d46c3a054a3ae6f83a63c675e73c3e_1.jpg?strip=all\",\"contentUrl\":\"https:\\\/\\\/erki24nd3ub.exactdn.com\\\/wp-content\\\/uploads\\\/dream\\\/img\\\/img_202091_95d46c3a054a3ae6f83a63c675e73c3e_1.jpg?strip=all\",\"width\":900,\"height\":900},{\"@type\":\"BreadcrumbList\",\"@id\":\"https:\\\/\\\/lovme.pt\\\/index.php\\\/produto\\\/uniq-preservativos-sem-latex-com-tiras-3-unidades\\\/#breadcrumb\",\"itemListElement\":[{\"@type\":\"ListItem\",\"position\":1,\"name\":\"In\u00edcio\",\"item\":\"https:\\\/\\\/lovme.pt\\\/\"},{\"@type\":\"ListItem\",\"position\":2,\"name\":\"Loja\",\"item\":\"https:\\\/\\\/lovme.pt\\\/index.php\\\/loja\\\/\"},{\"@type\":\"ListItem\",\"position\":3,\"name\":\"UNIQ &#8211; PRESERVATIVOS SEM L\u00c1TEX COM TIRAS 3 UNIDADES\"}]},{\"@type\":\"WebSite\",\"@id\":\"https:\\\/\\\/lovme.pt\\\/#website\",\"url\":\"https:\\\/\\\/lovme.pt\\\/\",\"name\":\"Lovme Loja Er\u00f3tica N\u00ba1 em Portugal\",\"description\":\"A melhor loja er\u00f3tica de Portugal.\",\"alternateName\":\"Loja Er\u00f3tica Lovme\",\"potentialAction\":[{\"@type\":\"SearchAction\",\"target\":{\"@type\":\"EntryPoint\",\"urlTemplate\":\"https:\\\/\\\/lovme.pt\\\/?s={search_term_string}\"},\"query-input\":{\"@type\":\"PropertyValueSpecification\",\"valueRequired\":true,\"valueName\":\"search_term_string\"}}],\"inLanguage\":\"pt-PT\"}]}<\/script>\n<!-- \/ Yoast SEO plugin. -->","yoast_head_json":{"title":"UNIQ - PRESERVATIVOS SEM L\u00c1TEX COM TIRAS 3 UNIDADES - Lovme","robots":{"index":"index","follow":"follow","max-snippet":"max-snippet:-1","max-image-preview":"max-image-preview:large","max-video-preview":"max-video-preview:-1"},"canonical":"https:\/\/lovme.pt\/index.php\/produto\/uniq-preservativos-sem-latex-com-tiras-3-unidades\/","og_locale":"pt_PT","og_type":"article","og_title":"UNIQ - PRESERVATIVOS SEM L\u00c1TEX COM TIRAS 3 UNIDADES - Lovme","og_description":"UNIQ - PRESERVATIVOS SEM L\u00c1TEX COM TIRAS 3 UNIDADES","og_url":"https:\/\/lovme.pt\/index.php\/produto\/uniq-preservativos-sem-latex-com-tiras-3-unidades\/","og_site_name":"Lovme","article_modified_time":"2026-04-15T07:00:55+00:00","og_image":[{"width":900,"height":900,"url":"https:\/\/erki24nd3ub.exactdn.com\/wp-content\/uploads\/dream\/img\/img_202091_95d46c3a054a3ae6f83a63c675e73c3e_1.jpg?strip=all","type":"image\/jpeg"}],"twitter_card":"summary_large_image","twitter_misc":{"Tempo estimado de leitura":"1 minuto"},"schema":{"@context":"https:\/\/schema.org","@graph":[{"@type":"WebPage","@id":"https:\/\/lovme.pt\/index.php\/produto\/uniq-preservativos-sem-latex-com-tiras-3-unidades\/","url":"https:\/\/lovme.pt\/index.php\/produto\/uniq-preservativos-sem-latex-com-tiras-3-unidades\/","name":"UNIQ - PRESERVATIVOS SEM L\u00c1TEX COM TIRAS 3 UNIDADES - Lovme","isPartOf":{"@id":"https:\/\/lovme.pt\/#website"},"primaryImageOfPage":{"@id":"https:\/\/lovme.pt\/index.php\/produto\/uniq-preservativos-sem-latex-com-tiras-3-unidades\/#primaryimage"},"image":{"@id":"https:\/\/lovme.pt\/index.php\/produto\/uniq-preservativos-sem-latex-com-tiras-3-unidades\/#primaryimage"},"thumbnailUrl":"https:\/\/erki24nd3ub.exactdn.com\/wp-content\/uploads\/dream\/img\/img_202091_95d46c3a054a3ae6f83a63c675e73c3e_1.jpg?strip=all","datePublished":"2025-10-01T02:06:48+00:00","dateModified":"2026-04-15T07:00:55+00:00","breadcrumb":{"@id":"https:\/\/lovme.pt\/index.php\/produto\/uniq-preservativos-sem-latex-com-tiras-3-unidades\/#breadcrumb"},"inLanguage":"pt-PT","potentialAction":[{"@type":"ReadAction","target":["https:\/\/lovme.pt\/index.php\/produto\/uniq-preservativos-sem-latex-com-tiras-3-unidades\/"]}]},{"@type":"ImageObject","inLanguage":"pt-PT","@id":"https:\/\/lovme.pt\/index.php\/produto\/uniq-preservativos-sem-latex-com-tiras-3-unidades\/#primaryimage","url":"https:\/\/erki24nd3ub.exactdn.com\/wp-content\/uploads\/dream\/img\/img_202091_95d46c3a054a3ae6f83a63c675e73c3e_1.jpg?strip=all","contentUrl":"https:\/\/erki24nd3ub.exactdn.com\/wp-content\/uploads\/dream\/img\/img_202091_95d46c3a054a3ae6f83a63c675e73c3e_1.jpg?strip=all","width":900,"height":900},{"@type":"BreadcrumbList","@id":"https:\/\/lovme.pt\/index.php\/produto\/uniq-preservativos-sem-latex-com-tiras-3-unidades\/#breadcrumb","itemListElement":[{"@type":"ListItem","position":1,"name":"In\u00edcio","item":"https:\/\/lovme.pt\/"},{"@type":"ListItem","position":2,"name":"Loja","item":"https:\/\/lovme.pt\/index.php\/loja\/"},{"@type":"ListItem","position":3,"name":"UNIQ &#8211; PRESERVATIVOS SEM L\u00c1TEX COM TIRAS 3 UNIDADES"}]},{"@type":"WebSite","@id":"https:\/\/lovme.pt\/#website","url":"https:\/\/lovme.pt\/","name":"Lovme Loja Er\u00f3tica N\u00ba1 em Portugal","description":"A melhor loja er\u00f3tica de Portugal.","alternateName":"Loja Er\u00f3tica Lovme","potentialAction":[{"@type":"SearchAction","target":{"@type":"EntryPoint","urlTemplate":"https:\/\/lovme.pt\/?s={search_term_string}"},"query-input":{"@type":"PropertyValueSpecification","valueRequired":true,"valueName":"search_term_string"}}],"inLanguage":"pt-PT"}]}},"_links":{"self":[{"href":"https:\/\/lovme.pt\/index.php\/wp-json\/wp\/v2\/product\/21468","targetHints":{"allow":["GET"]}}],"collection":[{"href":"https:\/\/lovme.pt\/index.php\/wp-json\/wp\/v2\/product"}],"about":[{"href":"https:\/\/lovme.pt\/index.php\/wp-json\/wp\/v2\/types\/product"}],"wp:featuredmedia":[{"embeddable":true,"href":"https:\/\/lovme.pt\/index.php\/wp-json\/wp\/v2\/media\/94925"}],"wp:attachment":[{"href":"https:\/\/lovme.pt\/index.php\/wp-json\/wp\/v2\/media?parent=21468"}],"wp:term":[{"taxonomy":"product_brand","embeddable":true,"href":"https:\/\/lovme.pt\/index.php\/wp-json\/wp\/v2\/product_brand?post=21468"},{"taxonomy":"product_cat","embeddable":true,"href":"https:\/\/lovme.pt\/index.php\/wp-json\/wp\/v2\/product_cat?post=21468"},{"taxonomy":"product_tag","embeddable":true,"href":"https:\/\/lovme.pt\/index.php\/wp-json\/wp\/v2\/product_tag?post=21468"}],"curies":[{"name":"wp","href":"https:\/\/api.w.org\/{rel}","templated":true}]}}