{"id":21167,"date":"2025-09-30T20:28:42","date_gmt":"2025-09-30T20:28:42","guid":{"rendered":"https:\/\/lovme.pt\/?post_type=product&#038;p=21167"},"modified":"2026-04-14T09:59:23","modified_gmt":"2026-04-14T09:59:23","slug":"je-joue-massager-vibrante-roxo","status":"publish","type":"product","link":"https:\/\/lovme.pt\/index.php\/produto\/je-joue-massager-vibrante-roxo\/","title":{"rendered":"JE JOUE &#8211; VIBRADOR CLIT\u00d3RICO MIMI ROXO"},"content":{"rendered":"<p>Pequeno, sensual e incrivelmente poderoso: MiMi \u00e9 o brinquedo perfeito para estimula\u00e7\u00e3o clitoriana, seja para uma primeira vez ou para uma experi\u00eancia vibrat\u00f3ria completa. Uma joia compacta que oferece uma variedade de velocidades e padr\u00f5es de vibra\u00e7\u00e3o, de sutis a intensos, MiMi \u00e9 um tesouro vers\u00e1til para o quarto, para desfrutar com um parceiro ou para uso individual.<\/p>\n<p> Como aproveitar<\/p>\n<p> Com cinco n\u00edveis e padr\u00f5es de vibra\u00e7\u00e3o, de suave a intenso, o Mimi \u00e9 verdadeiramente vers\u00e1til: experimente uma configura\u00e7\u00e3o sutil para provocar e acariciar, ou vibra\u00e7\u00f5es mais intensas se voc\u00ea gosta de uma sensa\u00e7\u00e3o poderosa. O Mimi proporciona uma sensa\u00e7\u00e3o incr\u00edvel no clit\u00f3ris e em qualquer outra \u00e1rea que lhe d\u00ea prazer \u2013 e ao dele \u2013 desde os seus mamilos at\u00e9 o per\u00edneo e qualquer lugar entre eles. Macio e suave, o Mimi desliza sobre a pele, tornando-o perfeito para uma massagem corporal completa e diferente. Para um toque mais delicado, voc\u00ea tamb\u00e9m pode tentar transferir suavemente as vibra\u00e7\u00f5es do Mimi atrav\u00e9s das pontas dos dedos, segurando-o na m\u00e3o e acariciando a pele com os dedos. N\u00e3o se esque\u00e7a do lubrificante! A Je Joue recomenda o uso de lubrificante \u00e0 base de \u00e1gua com todos os nossos brinquedos, para uma experi\u00eancia perfeitamente suave.<\/p>\n<p> Caracter\u00edsticas:<\/p>\n<ul>\n<li> Revestido com silicone macio, suave e 100% seguro para o corpo, aprovado pelo FDA.<\/li>\n<li> 100% \u00e0 prova d&#039;\u00e1gua<\/li>\n<li> Totalmente recarreg\u00e1vel atrav\u00e9s do exclusivo clipe magn\u00e9tico.<\/li>\n<li> Pode ser ajustado de um grave suave a um final forte e intenso.<\/li>\n<li> Apresenta cinco padr\u00f5es de vibra\u00e7\u00e3o.<\/li>\n<li> vibra\u00e7\u00f5es silenciosas<\/li>\n<li> 2 horas de carga = 2 horas de prazer<\/li>\n<li> Cor: Roxo<\/li>\n<li> Medidas:\n<ul>\n<li> Altura: 82 mm<\/li>\n<li> Largura: 50 mm<\/li>\n<li> Comprimento 29 mm<\/li>\n<li> Peso total: 63,6 g <\/li>\n<\/ul>\n<\/li>\n<\/ul>\n<p style=\"text-align: center\">\n","protected":false},"excerpt":{"rendered":"<p>JE JOUE &#8211; VIBRADOR CLIT\u00d3RICO MIMI ROXO<\/p>\n","protected":false},"featured_media":109074,"template":"","meta":{"_acf_changed":false},"product_brand":[],"product_cat":[17,61,76],"product_tag":[],"class_list":{"0":"post-21167","1":"product","2":"type-product","3":"status-publish","4":"has-post-thumbnail","6":"product_cat-brinquedos-de-bem-estar-sexual","7":"product_cat-para-elas","8":"product_cat-vibradores","9":"yith_product_brand-je-joue","11":"first","12":"instock","13":"taxable","14":"shipping-taxable","15":"purchasable","16":"product-type-simple"},"acf":[],"yoast_head":"<!-- This site is optimized with the Yoast SEO plugin v27.4 - https:\/\/yoast.com\/product\/yoast-seo-wordpress\/ -->\n<title>JE JOUE - VIBRADOR CLIT\u00d3RICO MIMI ROXO - Lovme<\/title>\n<meta name=\"robots\" content=\"index, follow, max-snippet:-1, max-image-preview:large, max-video-preview:-1\" \/>\n<link rel=\"canonical\" href=\"https:\/\/lovme.pt\/index.php\/produto\/je-joue-massager-vibrante-roxo\/\" \/>\n<meta property=\"og:locale\" content=\"pt_PT\" \/>\n<meta property=\"og:type\" content=\"article\" \/>\n<meta property=\"og:title\" content=\"JE JOUE - VIBRADOR CLIT\u00d3RICO MIMI ROXO - Lovme\" \/>\n<meta property=\"og:description\" content=\"JE JOUE - VIBRADOR CLIT\u00d3RICO MIMI ROXO\" \/>\n<meta property=\"og:url\" content=\"https:\/\/lovme.pt\/index.php\/produto\/je-joue-massager-vibrante-roxo\/\" \/>\n<meta property=\"og:site_name\" content=\"Lovme\" \/>\n<meta property=\"article:modified_time\" content=\"2026-04-14T09:59:23+00:00\" \/>\n<meta property=\"og:image\" content=\"https:\/\/erki24nd3ub.exactdn.com\/wp-content\/uploads\/2026\/02\/img_218370_579370e4fd55e507042f560a0181d7ec_1.jpg?strip=all\" \/>\n\t<meta property=\"og:image:width\" content=\"900\" \/>\n\t<meta property=\"og:image:height\" content=\"900\" \/>\n\t<meta property=\"og:image:type\" content=\"image\/jpeg\" \/>\n<meta name=\"twitter:card\" content=\"summary_large_image\" \/>\n<meta name=\"twitter:label1\" content=\"Tempo estimado de leitura\" \/>\n\t<meta name=\"twitter:data1\" content=\"1 minuto\" \/>\n<script type=\"application\/ld+json\" class=\"yoast-schema-graph\">{\"@context\":\"https:\\\/\\\/schema.org\",\"@graph\":[{\"@type\":\"WebPage\",\"@id\":\"https:\\\/\\\/lovme.pt\\\/index.php\\\/produto\\\/je-joue-massager-vibrante-roxo\\\/\",\"url\":\"https:\\\/\\\/lovme.pt\\\/index.php\\\/produto\\\/je-joue-massager-vibrante-roxo\\\/\",\"name\":\"JE JOUE - VIBRADOR CLIT\u00d3RICO MIMI ROXO - Lovme\",\"isPartOf\":{\"@id\":\"https:\\\/\\\/lovme.pt\\\/#website\"},\"primaryImageOfPage\":{\"@id\":\"https:\\\/\\\/lovme.pt\\\/index.php\\\/produto\\\/je-joue-massager-vibrante-roxo\\\/#primaryimage\"},\"image\":{\"@id\":\"https:\\\/\\\/lovme.pt\\\/index.php\\\/produto\\\/je-joue-massager-vibrante-roxo\\\/#primaryimage\"},\"thumbnailUrl\":\"https:\\\/\\\/erki24nd3ub.exactdn.com\\\/wp-content\\\/uploads\\\/2026\\\/02\\\/img_218370_579370e4fd55e507042f560a0181d7ec_1.jpg?strip=all\",\"datePublished\":\"2025-09-30T20:28:42+00:00\",\"dateModified\":\"2026-04-14T09:59:23+00:00\",\"breadcrumb\":{\"@id\":\"https:\\\/\\\/lovme.pt\\\/index.php\\\/produto\\\/je-joue-massager-vibrante-roxo\\\/#breadcrumb\"},\"inLanguage\":\"pt-PT\",\"potentialAction\":[{\"@type\":\"ReadAction\",\"target\":[\"https:\\\/\\\/lovme.pt\\\/index.php\\\/produto\\\/je-joue-massager-vibrante-roxo\\\/\"]}]},{\"@type\":\"ImageObject\",\"inLanguage\":\"pt-PT\",\"@id\":\"https:\\\/\\\/lovme.pt\\\/index.php\\\/produto\\\/je-joue-massager-vibrante-roxo\\\/#primaryimage\",\"url\":\"https:\\\/\\\/erki24nd3ub.exactdn.com\\\/wp-content\\\/uploads\\\/2026\\\/02\\\/img_218370_579370e4fd55e507042f560a0181d7ec_1.jpg?strip=all\",\"contentUrl\":\"https:\\\/\\\/erki24nd3ub.exactdn.com\\\/wp-content\\\/uploads\\\/2026\\\/02\\\/img_218370_579370e4fd55e507042f560a0181d7ec_1.jpg?strip=all\",\"width\":900,\"height\":900},{\"@type\":\"BreadcrumbList\",\"@id\":\"https:\\\/\\\/lovme.pt\\\/index.php\\\/produto\\\/je-joue-massager-vibrante-roxo\\\/#breadcrumb\",\"itemListElement\":[{\"@type\":\"ListItem\",\"position\":1,\"name\":\"In\u00edcio\",\"item\":\"https:\\\/\\\/lovme.pt\\\/\"},{\"@type\":\"ListItem\",\"position\":2,\"name\":\"Loja\",\"item\":\"https:\\\/\\\/lovme.pt\\\/index.php\\\/loja\\\/\"},{\"@type\":\"ListItem\",\"position\":3,\"name\":\"JE JOUE &#8211; VIBRADOR CLIT\u00d3RICO MIMI ROXO\"}]},{\"@type\":\"WebSite\",\"@id\":\"https:\\\/\\\/lovme.pt\\\/#website\",\"url\":\"https:\\\/\\\/lovme.pt\\\/\",\"name\":\"Lovme Loja Er\u00f3tica N\u00ba1 em Portugal\",\"description\":\"A melhor loja er\u00f3tica de Portugal.\",\"alternateName\":\"Loja Er\u00f3tica Lovme\",\"potentialAction\":[{\"@type\":\"SearchAction\",\"target\":{\"@type\":\"EntryPoint\",\"urlTemplate\":\"https:\\\/\\\/lovme.pt\\\/?s={search_term_string}\"},\"query-input\":{\"@type\":\"PropertyValueSpecification\",\"valueRequired\":true,\"valueName\":\"search_term_string\"}}],\"inLanguage\":\"pt-PT\"}]}<\/script>\n<!-- \/ Yoast SEO plugin. -->","yoast_head_json":{"title":"JE JOUE - VIBRADOR CLIT\u00d3RICO MIMI ROXO - Lovme","robots":{"index":"index","follow":"follow","max-snippet":"max-snippet:-1","max-image-preview":"max-image-preview:large","max-video-preview":"max-video-preview:-1"},"canonical":"https:\/\/lovme.pt\/index.php\/produto\/je-joue-massager-vibrante-roxo\/","og_locale":"pt_PT","og_type":"article","og_title":"JE JOUE - VIBRADOR CLIT\u00d3RICO MIMI ROXO - Lovme","og_description":"JE JOUE - VIBRADOR CLIT\u00d3RICO MIMI ROXO","og_url":"https:\/\/lovme.pt\/index.php\/produto\/je-joue-massager-vibrante-roxo\/","og_site_name":"Lovme","article_modified_time":"2026-04-14T09:59:23+00:00","og_image":[{"width":900,"height":900,"url":"https:\/\/erki24nd3ub.exactdn.com\/wp-content\/uploads\/2026\/02\/img_218370_579370e4fd55e507042f560a0181d7ec_1.jpg?strip=all","type":"image\/jpeg"}],"twitter_card":"summary_large_image","twitter_misc":{"Tempo estimado de leitura":"1 minuto"},"schema":{"@context":"https:\/\/schema.org","@graph":[{"@type":"WebPage","@id":"https:\/\/lovme.pt\/index.php\/produto\/je-joue-massager-vibrante-roxo\/","url":"https:\/\/lovme.pt\/index.php\/produto\/je-joue-massager-vibrante-roxo\/","name":"JE JOUE - VIBRADOR CLIT\u00d3RICO MIMI ROXO - Lovme","isPartOf":{"@id":"https:\/\/lovme.pt\/#website"},"primaryImageOfPage":{"@id":"https:\/\/lovme.pt\/index.php\/produto\/je-joue-massager-vibrante-roxo\/#primaryimage"},"image":{"@id":"https:\/\/lovme.pt\/index.php\/produto\/je-joue-massager-vibrante-roxo\/#primaryimage"},"thumbnailUrl":"https:\/\/erki24nd3ub.exactdn.com\/wp-content\/uploads\/2026\/02\/img_218370_579370e4fd55e507042f560a0181d7ec_1.jpg?strip=all","datePublished":"2025-09-30T20:28:42+00:00","dateModified":"2026-04-14T09:59:23+00:00","breadcrumb":{"@id":"https:\/\/lovme.pt\/index.php\/produto\/je-joue-massager-vibrante-roxo\/#breadcrumb"},"inLanguage":"pt-PT","potentialAction":[{"@type":"ReadAction","target":["https:\/\/lovme.pt\/index.php\/produto\/je-joue-massager-vibrante-roxo\/"]}]},{"@type":"ImageObject","inLanguage":"pt-PT","@id":"https:\/\/lovme.pt\/index.php\/produto\/je-joue-massager-vibrante-roxo\/#primaryimage","url":"https:\/\/erki24nd3ub.exactdn.com\/wp-content\/uploads\/2026\/02\/img_218370_579370e4fd55e507042f560a0181d7ec_1.jpg?strip=all","contentUrl":"https:\/\/erki24nd3ub.exactdn.com\/wp-content\/uploads\/2026\/02\/img_218370_579370e4fd55e507042f560a0181d7ec_1.jpg?strip=all","width":900,"height":900},{"@type":"BreadcrumbList","@id":"https:\/\/lovme.pt\/index.php\/produto\/je-joue-massager-vibrante-roxo\/#breadcrumb","itemListElement":[{"@type":"ListItem","position":1,"name":"In\u00edcio","item":"https:\/\/lovme.pt\/"},{"@type":"ListItem","position":2,"name":"Loja","item":"https:\/\/lovme.pt\/index.php\/loja\/"},{"@type":"ListItem","position":3,"name":"JE JOUE &#8211; VIBRADOR CLIT\u00d3RICO MIMI ROXO"}]},{"@type":"WebSite","@id":"https:\/\/lovme.pt\/#website","url":"https:\/\/lovme.pt\/","name":"Lovme Loja Er\u00f3tica N\u00ba1 em Portugal","description":"A melhor loja er\u00f3tica de Portugal.","alternateName":"Loja Er\u00f3tica Lovme","potentialAction":[{"@type":"SearchAction","target":{"@type":"EntryPoint","urlTemplate":"https:\/\/lovme.pt\/?s={search_term_string}"},"query-input":{"@type":"PropertyValueSpecification","valueRequired":true,"valueName":"search_term_string"}}],"inLanguage":"pt-PT"}]}},"_links":{"self":[{"href":"https:\/\/lovme.pt\/index.php\/wp-json\/wp\/v2\/product\/21167","targetHints":{"allow":["GET"]}}],"collection":[{"href":"https:\/\/lovme.pt\/index.php\/wp-json\/wp\/v2\/product"}],"about":[{"href":"https:\/\/lovme.pt\/index.php\/wp-json\/wp\/v2\/types\/product"}],"wp:featuredmedia":[{"embeddable":true,"href":"https:\/\/lovme.pt\/index.php\/wp-json\/wp\/v2\/media\/109074"}],"wp:attachment":[{"href":"https:\/\/lovme.pt\/index.php\/wp-json\/wp\/v2\/media?parent=21167"}],"wp:term":[{"taxonomy":"product_brand","embeddable":true,"href":"https:\/\/lovme.pt\/index.php\/wp-json\/wp\/v2\/product_brand?post=21167"},{"taxonomy":"product_cat","embeddable":true,"href":"https:\/\/lovme.pt\/index.php\/wp-json\/wp\/v2\/product_cat?post=21167"},{"taxonomy":"product_tag","embeddable":true,"href":"https:\/\/lovme.pt\/index.php\/wp-json\/wp\/v2\/product_tag?post=21167"}],"curies":[{"name":"wp","href":"https:\/\/api.w.org\/{rel}","templated":true}]}}