{"id":20691,"date":"2025-10-01T03:10:43","date_gmt":"2025-10-01T03:10:43","guid":{"rendered":"https:\/\/lovme.pt\/?post_type=product&p=20691"},"modified":"2026-02-19T20:22:32","modified_gmt":"2026-02-19T20:22:32","slug":"waterfeel-lubrificante-natural-150-ml-pack-50-unidades","status":"publish","type":"product","link":"https:\/\/lovme.pt\/index.php\/produto\/waterfeel-lubrificante-natural-150-ml-pack-50-unidades\/","title":{"rendered":"WATERFEEL &#8211; LUBRIFICANTE NATURAL 150 ML PACK 50 UNIDADES"},"content":{"rendered":"<p>Desenvolvemos um lubrificante \u00e0 base de \u00e1gua, macio e sedoso, inodoro, transparente e natural, que respeita a sua pele.<\/p>\n<p>Com <span style=\"color: rgb(0, 0, 0);\">os lubrificantes Waterfeel\u00ae voc\u00ea ter\u00e1 uma experi\u00eancia de qualidade.<\/span><\/p>\n<ul>\n<li>Forma de uso: Aplique a quantidade de lubrificante desejada nas partes desejadas do corpo e repita quantas vezes quiser.<\/li>\n<\/ul>\n<p><span style=\"color: rgb(0, 0, 0);\">Os lubrificantes Waterfeel\u00ae s\u00e3o compat\u00edveis com preservativos de l\u00e1tex.<\/span><\/p>\n<ul>\n<li><span style=\"color: rgb(0, 0, 0);\">Perfeito para lubrifica\u00e7\u00e3o e massagens<\/span><\/li>\n<li><span style=\"color: rgb(0, 0, 0);\">Adequado para sexo oral<\/span><\/li>\n<li>Ideal para uso com brinquedos sexuais<\/li>\n<\/ul>\n<p>Recipiente de 175ml.<\/p>\n<p>Lubrificante \u00e0 base de \u00e1gua. Adequado para massagens corporais, rela\u00e7\u00f5es sexuais e para uso com preservativos de l\u00e1tex.<br \/>Conselhos de utiliza\u00e7\u00e3o: aplique a quantidade de lubrificante que desejar nas partes do corpo que desejar e repita as vezes que desejar. Antes de usar o lubrificante regularmente; aplique uma pequena quantidade no antebra\u00e7o. Se ocorrer uma rea\u00e7\u00e3o al\u00e9rgica, interrompa o uso. Mantenha fora do alcance de crian\u00e7as. Armazenar em local fresco e escuro. Consumir de prefer\u00eancia antes de usar\/N\u00famero do lote: consulte a embalagem.<\/p>\n<p>DE<br \/>Gleitmittel auf Wasserbasis. Geeinet f\u00fcr K\u00f6rpermassagen, Geschlechtsverkehr und f\u00fcr Verwendung mit Latex Kondomen.<br \/>Gebrauchsanweisung: Schmieren Sie so viel Gleitmittel auf die gew\u00fcnschten K\u00f6rperteile wie Sie wollen und wiederholen Sie so oft Sie wollen.<br \/>Test Ehe Sie das Gleitmittel regelm\u00e4\u00dfig benutzen, testen Sie es erst, indem Sie ein wenig davon<br \/>an der Innenseite Ihres Unterarms einmassieren. Evite a ocorr\u00eancia de rea\u00e7\u00f5es al\u00e9rgicas. Au\u00dferhalb der Reichweite von Kindern aufbewahren.<br \/>K\u00fchl und dunkel aufbewahren.<br \/>Mindestens haltbar bis Ende\/ Chargennummer: siehe Verpackung.<\/p>\n<p>Fran\u00e7a<br \/>Lubrificante \u00e0 base de \u00e1gua. Adaptei massagens auxiliares. Pode ser utilizado com conservantes de l\u00e1tex.<br \/>Modo de usar: Aumente a quantidade de lubrificante desejada na festa do corpo escolhida. Uso ilimitado. Antes de utilizar o produto, teste uma pequena quantidade de lubrificante na parte interna do seu equipamento. Evite o uso do aparecimento de uma rea\u00e7\u00e3o al\u00e9rgica.<br \/>Tenha horas de port\u00e9e des enfants. Mantenha-o seco e frio, abra a luz. \u00c0 consommer avant fin\/ N\u00famero do lote: ver embalagem.<\/p>\n<p>ITEM<br \/>Lubrificante \u00e0 base de \u00e1gua. \u00c9 particularmente indicado para massagear todo o corpo e sess\u00f5es de rapporto. \u00c9 indicado para uso com profilattici em treli\u00e7a.<br \/>Instru\u00e7\u00f5es de uso: aplique lubrificante no ch\u00e3o abaixo do corpo desejado e execute a aplica\u00e7\u00e3o uma volta de cada vez. Antes de usar o lubrificante no corpo, aplique uma pequena quantidade de lubrificante. Em caso de rea\u00e7\u00f5es al\u00e9rgicas interromper a aplica\u00e7\u00e3o. Voc\u00ea saiu da porta do beb\u00ea. Mantenha fresco e seco at\u00e9 brilhar. Consumarsi preferencialmente entre multa\/ N\u00famero da loteria: veja embalagem<\/p>\n<p>Holanda<br \/>Glijmiddel em base de \u00e1gua. Geschikt para lichaamssages, geslachtsverkeer e para uso com preservativos de l\u00e1tex.<br \/>Uso de \u00e1gua: coloque um pouco de glijmiddel quando eu estiver murchando nos mais lichaamsdelen e herhaal que voc\u00ea vai murchar. Teste o voorafgaand aan regelmatig geruik door het aanbrengen van an beetje glijmiddel no binnenkant van de onderarm. Pare o uso com rea\u00e7\u00e3o al\u00e9rgica.<br \/>Buiten het bereik van kinderen bewaren. Koel em donker, cuidado.<br \/>Dez minutos para cada um \/ n\u00famero de lote: zie verpakking.<\/p>\n<p>Ingredientes: Aqua, Hidroxietilcelulose, \u00c1cido C\u00edtrico, Glicerina, Sorbato de Pot\u00e1ssio, Benzoato de S\u00f3dio<\/p>\n<p>150ml<\/p>\n<p>PACOTE 50 UNIDADES<\/p>\n","protected":false},"excerpt":{"rendered":"<p>EMBALAGEM DISPON\u00cdVEL EM: \/es\/en\/de\/fr\/po\/it\/pt\/el\/ru\/<\/p>\n","protected":false},"featured_media":101958,"template":"","meta":{"_acf_changed":false},"product_brand":[],"product_cat":[49,65,53],"product_tag":[],"class_list":{"0":"post-20691","1":"product","2":"type-product","3":"status-publish","4":"has-post-thumbnail","6":"product_cat-cosmeticos","7":"product_cat-kits","8":"product_cat-lubrificantes-intimos","9":"yith_product_brand-waterfeel","11":"first","12":"instock","13":"taxable","14":"shipping-taxable","15":"purchasable","16":"product-type-simple"},"acf":[],"yoast_head":"<!-- This site is optimized with the Yoast SEO plugin v27.4 - https:\/\/yoast.com\/product\/yoast-seo-wordpress\/ -->\n<title>WATERFEEL - LUBRIFICANTE NATURAL 150 ML PACK 50 UNIDADES - Lovme<\/title>\n<meta name=\"robots\" content=\"index, follow, max-snippet:-1, max-image-preview:large, max-video-preview:-1\" \/>\n<link rel=\"canonical\" href=\"https:\/\/lovme.pt\/index.php\/produto\/waterfeel-lubrificante-natural-150-ml-pack-50-unidades\/\" \/>\n<meta property=\"og:locale\" content=\"pt_PT\" \/>\n<meta property=\"og:type\" content=\"article\" \/>\n<meta property=\"og:title\" content=\"WATERFEEL - LUBRIFICANTE NATURAL 150 ML PACK 50 UNIDADES - Lovme\" \/>\n<meta property=\"og:description\" content=\"EMBALAGEM DISPON\u00cdVEL EM: \/es\/en\/de\/fr\/po\/it\/pt\/el\/ru\/\" \/>\n<meta property=\"og:url\" content=\"https:\/\/lovme.pt\/index.php\/produto\/waterfeel-lubrificante-natural-150-ml-pack-50-unidades\/\" \/>\n<meta property=\"og:site_name\" content=\"Lovme\" \/>\n<meta property=\"article:modified_time\" content=\"2026-02-19T20:22:32+00:00\" \/>\n<meta property=\"og:image\" content=\"https:\/\/erki24nd3ub.exactdn.com\/wp-content\/uploads\/dream\/img\/img_162241_278b763f941608b2fba62ce314da983b_1.jpg?strip=all\" \/>\n\t<meta property=\"og:image:width\" content=\"800\" \/>\n\t<meta property=\"og:image:height\" content=\"800\" \/>\n\t<meta property=\"og:image:type\" content=\"image\/jpeg\" \/>\n<meta name=\"twitter:card\" content=\"summary_large_image\" \/>\n<meta name=\"twitter:label1\" content=\"Tempo estimado de leitura\" \/>\n\t<meta name=\"twitter:data1\" content=\"3 minutos\" \/>\n<script type=\"application\/ld+json\" class=\"yoast-schema-graph\">{\"@context\":\"https:\\\/\\\/schema.org\",\"@graph\":[{\"@type\":\"WebPage\",\"@id\":\"https:\\\/\\\/lovme.pt\\\/index.php\\\/produto\\\/waterfeel-lubrificante-natural-150-ml-pack-50-unidades\\\/\",\"url\":\"https:\\\/\\\/lovme.pt\\\/index.php\\\/produto\\\/waterfeel-lubrificante-natural-150-ml-pack-50-unidades\\\/\",\"name\":\"WATERFEEL - LUBRIFICANTE NATURAL 150 ML PACK 50 UNIDADES - Lovme\",\"isPartOf\":{\"@id\":\"https:\\\/\\\/lovme.pt\\\/#website\"},\"primaryImageOfPage\":{\"@id\":\"https:\\\/\\\/lovme.pt\\\/index.php\\\/produto\\\/waterfeel-lubrificante-natural-150-ml-pack-50-unidades\\\/#primaryimage\"},\"image\":{\"@id\":\"https:\\\/\\\/lovme.pt\\\/index.php\\\/produto\\\/waterfeel-lubrificante-natural-150-ml-pack-50-unidades\\\/#primaryimage\"},\"thumbnailUrl\":\"https:\\\/\\\/erki24nd3ub.exactdn.com\\\/wp-content\\\/uploads\\\/dream\\\/img\\\/img_162241_278b763f941608b2fba62ce314da983b_1.jpg?strip=all\",\"datePublished\":\"2025-10-01T03:10:43+00:00\",\"dateModified\":\"2026-02-19T20:22:32+00:00\",\"breadcrumb\":{\"@id\":\"https:\\\/\\\/lovme.pt\\\/index.php\\\/produto\\\/waterfeel-lubrificante-natural-150-ml-pack-50-unidades\\\/#breadcrumb\"},\"inLanguage\":\"pt-PT\",\"potentialAction\":[{\"@type\":\"ReadAction\",\"target\":[\"https:\\\/\\\/lovme.pt\\\/index.php\\\/produto\\\/waterfeel-lubrificante-natural-150-ml-pack-50-unidades\\\/\"]}]},{\"@type\":\"ImageObject\",\"inLanguage\":\"pt-PT\",\"@id\":\"https:\\\/\\\/lovme.pt\\\/index.php\\\/produto\\\/waterfeel-lubrificante-natural-150-ml-pack-50-unidades\\\/#primaryimage\",\"url\":\"https:\\\/\\\/erki24nd3ub.exactdn.com\\\/wp-content\\\/uploads\\\/dream\\\/img\\\/img_162241_278b763f941608b2fba62ce314da983b_1.jpg?strip=all\",\"contentUrl\":\"https:\\\/\\\/erki24nd3ub.exactdn.com\\\/wp-content\\\/uploads\\\/dream\\\/img\\\/img_162241_278b763f941608b2fba62ce314da983b_1.jpg?strip=all\",\"width\":800,\"height\":800},{\"@type\":\"BreadcrumbList\",\"@id\":\"https:\\\/\\\/lovme.pt\\\/index.php\\\/produto\\\/waterfeel-lubrificante-natural-150-ml-pack-50-unidades\\\/#breadcrumb\",\"itemListElement\":[{\"@type\":\"ListItem\",\"position\":1,\"name\":\"In\u00edcio\",\"item\":\"https:\\\/\\\/lovme.pt\\\/\"},{\"@type\":\"ListItem\",\"position\":2,\"name\":\"Loja\",\"item\":\"https:\\\/\\\/lovme.pt\\\/index.php\\\/loja\\\/\"},{\"@type\":\"ListItem\",\"position\":3,\"name\":\"WATERFEEL &#8211; LUBRIFICANTE NATURAL 150 ML PACK 50 UNIDADES\"}]},{\"@type\":\"WebSite\",\"@id\":\"https:\\\/\\\/lovme.pt\\\/#website\",\"url\":\"https:\\\/\\\/lovme.pt\\\/\",\"name\":\"Lovme Loja Er\u00f3tica N\u00ba1 em Portugal\",\"description\":\"A melhor loja er\u00f3tica de Portugal.\",\"alternateName\":\"Loja Er\u00f3tica Lovme\",\"potentialAction\":[{\"@type\":\"SearchAction\",\"target\":{\"@type\":\"EntryPoint\",\"urlTemplate\":\"https:\\\/\\\/lovme.pt\\\/?s={search_term_string}\"},\"query-input\":{\"@type\":\"PropertyValueSpecification\",\"valueRequired\":true,\"valueName\":\"search_term_string\"}}],\"inLanguage\":\"pt-PT\"}]}<\/script>\n<!-- \/ Yoast SEO plugin. -->","yoast_head_json":{"title":"WATERFEEL - LUBRIFICANTE NATURAL 150 ML PACK 50 UNIDADES - Lovme","robots":{"index":"index","follow":"follow","max-snippet":"max-snippet:-1","max-image-preview":"max-image-preview:large","max-video-preview":"max-video-preview:-1"},"canonical":"https:\/\/lovme.pt\/index.php\/produto\/waterfeel-lubrificante-natural-150-ml-pack-50-unidades\/","og_locale":"pt_PT","og_type":"article","og_title":"WATERFEEL - LUBRIFICANTE NATURAL 150 ML PACK 50 UNIDADES - Lovme","og_description":"EMBALAGEM DISPON\u00cdVEL EM: \/es\/en\/de\/fr\/po\/it\/pt\/el\/ru\/","og_url":"https:\/\/lovme.pt\/index.php\/produto\/waterfeel-lubrificante-natural-150-ml-pack-50-unidades\/","og_site_name":"Lovme","article_modified_time":"2026-02-19T20:22:32+00:00","og_image":[{"width":800,"height":800,"url":"https:\/\/erki24nd3ub.exactdn.com\/wp-content\/uploads\/dream\/img\/img_162241_278b763f941608b2fba62ce314da983b_1.jpg?strip=all","type":"image\/jpeg"}],"twitter_card":"summary_large_image","twitter_misc":{"Tempo estimado de leitura":"3 minutos"},"schema":{"@context":"https:\/\/schema.org","@graph":[{"@type":"WebPage","@id":"https:\/\/lovme.pt\/index.php\/produto\/waterfeel-lubrificante-natural-150-ml-pack-50-unidades\/","url":"https:\/\/lovme.pt\/index.php\/produto\/waterfeel-lubrificante-natural-150-ml-pack-50-unidades\/","name":"WATERFEEL - LUBRIFICANTE NATURAL 150 ML PACK 50 UNIDADES - Lovme","isPartOf":{"@id":"https:\/\/lovme.pt\/#website"},"primaryImageOfPage":{"@id":"https:\/\/lovme.pt\/index.php\/produto\/waterfeel-lubrificante-natural-150-ml-pack-50-unidades\/#primaryimage"},"image":{"@id":"https:\/\/lovme.pt\/index.php\/produto\/waterfeel-lubrificante-natural-150-ml-pack-50-unidades\/#primaryimage"},"thumbnailUrl":"https:\/\/erki24nd3ub.exactdn.com\/wp-content\/uploads\/dream\/img\/img_162241_278b763f941608b2fba62ce314da983b_1.jpg?strip=all","datePublished":"2025-10-01T03:10:43+00:00","dateModified":"2026-02-19T20:22:32+00:00","breadcrumb":{"@id":"https:\/\/lovme.pt\/index.php\/produto\/waterfeel-lubrificante-natural-150-ml-pack-50-unidades\/#breadcrumb"},"inLanguage":"pt-PT","potentialAction":[{"@type":"ReadAction","target":["https:\/\/lovme.pt\/index.php\/produto\/waterfeel-lubrificante-natural-150-ml-pack-50-unidades\/"]}]},{"@type":"ImageObject","inLanguage":"pt-PT","@id":"https:\/\/lovme.pt\/index.php\/produto\/waterfeel-lubrificante-natural-150-ml-pack-50-unidades\/#primaryimage","url":"https:\/\/erki24nd3ub.exactdn.com\/wp-content\/uploads\/dream\/img\/img_162241_278b763f941608b2fba62ce314da983b_1.jpg?strip=all","contentUrl":"https:\/\/erki24nd3ub.exactdn.com\/wp-content\/uploads\/dream\/img\/img_162241_278b763f941608b2fba62ce314da983b_1.jpg?strip=all","width":800,"height":800},{"@type":"BreadcrumbList","@id":"https:\/\/lovme.pt\/index.php\/produto\/waterfeel-lubrificante-natural-150-ml-pack-50-unidades\/#breadcrumb","itemListElement":[{"@type":"ListItem","position":1,"name":"In\u00edcio","item":"https:\/\/lovme.pt\/"},{"@type":"ListItem","position":2,"name":"Loja","item":"https:\/\/lovme.pt\/index.php\/loja\/"},{"@type":"ListItem","position":3,"name":"WATERFEEL &#8211; LUBRIFICANTE NATURAL 150 ML PACK 50 UNIDADES"}]},{"@type":"WebSite","@id":"https:\/\/lovme.pt\/#website","url":"https:\/\/lovme.pt\/","name":"Lovme Loja Er\u00f3tica N\u00ba1 em Portugal","description":"A melhor loja er\u00f3tica de Portugal.","alternateName":"Loja Er\u00f3tica Lovme","potentialAction":[{"@type":"SearchAction","target":{"@type":"EntryPoint","urlTemplate":"https:\/\/lovme.pt\/?s={search_term_string}"},"query-input":{"@type":"PropertyValueSpecification","valueRequired":true,"valueName":"search_term_string"}}],"inLanguage":"pt-PT"}]}},"_links":{"self":[{"href":"https:\/\/lovme.pt\/index.php\/wp-json\/wp\/v2\/product\/20691","targetHints":{"allow":["GET"]}}],"collection":[{"href":"https:\/\/lovme.pt\/index.php\/wp-json\/wp\/v2\/product"}],"about":[{"href":"https:\/\/lovme.pt\/index.php\/wp-json\/wp\/v2\/types\/product"}],"wp:featuredmedia":[{"embeddable":true,"href":"https:\/\/lovme.pt\/index.php\/wp-json\/wp\/v2\/media\/101958"}],"wp:attachment":[{"href":"https:\/\/lovme.pt\/index.php\/wp-json\/wp\/v2\/media?parent=20691"}],"wp:term":[{"taxonomy":"product_brand","embeddable":true,"href":"https:\/\/lovme.pt\/index.php\/wp-json\/wp\/v2\/product_brand?post=20691"},{"taxonomy":"product_cat","embeddable":true,"href":"https:\/\/lovme.pt\/index.php\/wp-json\/wp\/v2\/product_cat?post=20691"},{"taxonomy":"product_tag","embeddable":true,"href":"https:\/\/lovme.pt\/index.php\/wp-json\/wp\/v2\/product_tag?post=20691"}],"curies":[{"name":"wp","href":"https:\/\/api.w.org\/{rel}","templated":true}]}}