{"id":20678,"date":"2025-10-01T03:10:36","date_gmt":"2025-10-01T03:10:36","guid":{"rendered":"https:\/\/lovme.pt\/?post_type=product&p=20678"},"modified":"2026-02-19T20:22:32","modified_gmt":"2026-02-19T20:22:32","slug":"waterfeel-lubrificante-efeito-frio-150-ml-pack-25-unidades","status":"publish","type":"product","link":"https:\/\/lovme.pt\/index.php\/produto\/waterfeel-lubrificante-efeito-frio-150-ml-pack-25-unidades\/","title":{"rendered":"WATERFEEL &#8211; LUBRIFICANTE EFEITO FRIO 150 ML PACK 25 UNIDADES"},"content":{"rendered":"<p>Descubra a intensidade e o efeito frio do Waterfeel, uma sensa\u00e7\u00e3o de formigueiro convertida num agrad\u00e1vel efeito frio para a sua pele.<\/p>\n<ul>\n<li>Aplicar a quantidade de creme nos genitais e massagear.<\/li>\n<\/ul>\n<p>Com os lubrificantes <span style=\"color: rgb(0, 0, 0);\">Waterfeel\u00ae<\/span> obter\u00e1 qualidade adequada para uso vaginal e anal, e perfeita para o uso de brinquedos sexuais.<\/p>\n<p>Sem odor, totalmente transparente e com densidade perfeita. Com apenas uma pequena dose voc\u00ea sentir\u00e1 a sensa\u00e7\u00e3o de prazer.<\/p>\n<p><span style=\"color: rgb(0, 0, 0);\">Os lubrificantes Waterfeel\u00ae s\u00e3o compat\u00edveis com preservativos de l\u00e1tex.<\/span><\/p>\n<ul>\n<li><span style=\"color: rgb(0, 0, 0);\">Perfeito para lubrifica\u00e7\u00e3o e massagens<\/span><\/li>\n<li><span style=\"color: rgb(0, 0, 0);\">Adequado para sexo oral<\/span><\/li>\n<li>Ideal para uso com brinquedos sexuais<\/li>\n<\/ul>\n<p>Recipiente de 150ml.<\/p>\n<p>NL Lubricant Cooling  Um creme vers\u00e1til e eficaz para um produto de cor sensual.<br \/>Tratamento de uso: Coloque o creme nos \u00f3rg\u00e3os genitais e massageie as feridas. Teste para obter um uso regelmatig para obter um creme de beterraba no recipiente do onderarm. Pare o uso com rea\u00e7\u00e3o al\u00e9rgica. Uitsluitend para uso uitwendig. Buiten het bereik van kinderen bewaren. Koel em donker, cuidado. Dez minutos para cada um \/ n\u00famero de lote: zie verpakking.<\/p>\n<p>PT Lubricant Cooling &#8211; Um creme nutritivo e refrescante para uma sensa\u00e7\u00e3o sensual e de formigueiro.<br \/>Conselhos de utiliza\u00e7\u00e3o: Aplicar o creme nos genitais e massajar suavemente. Antes de usar o creme regularmente; aplique uma pequena quantidade no antebra\u00e7o. Se ocorrer uma rea\u00e7\u00e3o al\u00e9rgica, interrompa o uso. Somente para uso externo. Mantenha fora do alcance de crian\u00e7as. Armazenar em local fresco e escuro. Consumir de prefer\u00eancia antes do uso\/N\u00famero do lote: consulte a embalagem.<\/p>\n<p>DE Resfriamento de Lubrificante  Um creme perfeito e fresco para um resfriamento perfeito.<br \/>Gebrauchsanweisung: Coloque o creme em seus \u00f3rg\u00e3os genitais e massie-o. Teste se o Creme e se o regelm\u00e4\u00dfig benutzen, indem sie ein wenig davon auf die Innenseite Ihres Unterarms einmassieren. Evite a ocorr\u00eancia de rea\u00e7\u00f5es al\u00e9rgicas. Au\u00dferhalb der Reichweite von Kindern aufbewahren. Kuhl e Dunkel Lagern. Mindestens haltbar bis Ende\/Chargennummer: siehe Verpackung.<\/p>\n<p>FR Lubricant Cooling &#8211; Um creme refrescante e refrescante, agradavelmente sensual.<br \/>Modo de usar: Aplicar a quantidade de creme nos \u00f3rg\u00e3os genitais e massagear. Antes de usar este produto, teste uma quantidade de creme no interior do seu suti\u00e3. Evite o uso do aparecimento de uma rea\u00e7\u00e3o al\u00e9rgica. Despeje o uso externo apenas. Tenha horas de port\u00e9e des enfants. Conservar num local fresco, \u00e0 abertura da luz. \u00c0 consommer avant fin\/N\u00famero do lote: ver embalagem.<\/p>\n<p>IT Lubricant Cooling &#8211; Um creme nutritivo e refrescante com efeito sensual e excitante.<br \/>Forma de uso: Aplicar uma quantidade de creme e massagear os \u00f3rg\u00e3os genitais. Antes de us\u00e1-lo regularmente, teste o creme aplicando um pouco de \u00e1gua. Em caso de rea\u00e7\u00f5es al\u00e9rgicas interromper a aplica\u00e7\u00e3o. Somente para uso externo. Voc\u00ea saiu da porta do beb\u00ea. Mantenha fresco e seco at\u00e9 brilhar. Consumarsi preferencialmente entro fine\/Numero di lotto: veja confezione.<\/p>\n<p>PT Lubricant Cooling &#8211; Um creme hidratante e refrescante que oferece uma sensa\u00e7\u00e3o refrescante.<br \/>Forma de uso: Aplicar uma pequena quantidade de creme nos \u00f3rg\u00e3os genitais e massagear. Antes de usar este creme regularmente, aplique uma pequena quantidade no antebra\u00e7o. Se ocorrer uma rea\u00e7\u00e3o al\u00e9rgica, interrompa o uso. Somente para uso externo. Mantenha fora do alcance de crian\u00e7as. Mantenha os n\u00fameros locais frescos e escuros. Consumir de prefer\u00eancia antes\/N\u00famero do lote: ver embalagem.<\/p>\n<p>Ingredientes: Aqua, Dimeticona, Glicerina, Lauril Carbamato de Inulina, Argilla, Mentol, Hidroxietilcelulose, Benzoato de S\u00f3dio, Goma Gelana, 2-bromo-2-nitropropano-1-3-diol, Parfum, Mentil PCA, Palmitato de Sacarose, \u00c1cido L\u00e1tico<\/p>\n<p>PACOTE 25 UNIDADES<\/p>\n","protected":false},"excerpt":{"rendered":"<p>EMBALAGEM DISPON\u00cdVEL EM: \/es\/en\/de\/fr\/po\/it\/pt\/el\/ru\/<\/p>\n","protected":false},"featured_media":101952,"template":"","meta":{"_acf_changed":false},"product_brand":[],"product_cat":[49,65,53],"product_tag":[],"class_list":{"0":"post-20678","1":"product","2":"type-product","3":"status-publish","4":"has-post-thumbnail","6":"product_cat-cosmeticos","7":"product_cat-kits","8":"product_cat-lubrificantes-intimos","9":"yith_product_brand-waterfeel","11":"first","12":"instock","13":"taxable","14":"shipping-taxable","15":"purchasable","16":"product-type-simple"},"acf":[],"yoast_head":"<!-- This site is optimized with the Yoast SEO plugin v27.4 - https:\/\/yoast.com\/product\/yoast-seo-wordpress\/ -->\n<title>WATERFEEL - LUBRIFICANTE EFEITO FRIO 150 ML PACK 25 UNIDADES - Lovme<\/title>\n<meta name=\"robots\" content=\"index, follow, max-snippet:-1, max-image-preview:large, max-video-preview:-1\" \/>\n<link rel=\"canonical\" href=\"https:\/\/lovme.pt\/index.php\/produto\/waterfeel-lubrificante-efeito-frio-150-ml-pack-25-unidades\/\" \/>\n<meta property=\"og:locale\" content=\"pt_PT\" \/>\n<meta property=\"og:type\" content=\"article\" \/>\n<meta property=\"og:title\" content=\"WATERFEEL - LUBRIFICANTE EFEITO FRIO 150 ML PACK 25 UNIDADES - Lovme\" \/>\n<meta property=\"og:description\" content=\"EMBALAGEM DISPON\u00cdVEL EM: \/es\/en\/de\/fr\/po\/it\/pt\/el\/ru\/\" \/>\n<meta property=\"og:url\" content=\"https:\/\/lovme.pt\/index.php\/produto\/waterfeel-lubrificante-efeito-frio-150-ml-pack-25-unidades\/\" \/>\n<meta property=\"og:site_name\" content=\"Lovme\" \/>\n<meta property=\"article:modified_time\" content=\"2026-02-19T20:22:32+00:00\" \/>\n<meta property=\"og:image\" content=\"https:\/\/erki24nd3ub.exactdn.com\/wp-content\/uploads\/dream\/img\/img_162232_c144c843061121b073bf75415a031a22_1.jpg?strip=all\" \/>\n\t<meta property=\"og:image:width\" content=\"800\" \/>\n\t<meta property=\"og:image:height\" content=\"800\" \/>\n\t<meta property=\"og:image:type\" content=\"image\/jpeg\" \/>\n<meta name=\"twitter:card\" content=\"summary_large_image\" \/>\n<meta name=\"twitter:label1\" content=\"Tempo estimado de leitura\" \/>\n\t<meta name=\"twitter:data1\" content=\"3 minutos\" \/>\n<script type=\"application\/ld+json\" class=\"yoast-schema-graph\">{\"@context\":\"https:\\\/\\\/schema.org\",\"@graph\":[{\"@type\":\"WebPage\",\"@id\":\"https:\\\/\\\/lovme.pt\\\/index.php\\\/produto\\\/waterfeel-lubrificante-efeito-frio-150-ml-pack-25-unidades\\\/\",\"url\":\"https:\\\/\\\/lovme.pt\\\/index.php\\\/produto\\\/waterfeel-lubrificante-efeito-frio-150-ml-pack-25-unidades\\\/\",\"name\":\"WATERFEEL - LUBRIFICANTE EFEITO FRIO 150 ML PACK 25 UNIDADES - Lovme\",\"isPartOf\":{\"@id\":\"https:\\\/\\\/lovme.pt\\\/#website\"},\"primaryImageOfPage\":{\"@id\":\"https:\\\/\\\/lovme.pt\\\/index.php\\\/produto\\\/waterfeel-lubrificante-efeito-frio-150-ml-pack-25-unidades\\\/#primaryimage\"},\"image\":{\"@id\":\"https:\\\/\\\/lovme.pt\\\/index.php\\\/produto\\\/waterfeel-lubrificante-efeito-frio-150-ml-pack-25-unidades\\\/#primaryimage\"},\"thumbnailUrl\":\"https:\\\/\\\/erki24nd3ub.exactdn.com\\\/wp-content\\\/uploads\\\/dream\\\/img\\\/img_162232_c144c843061121b073bf75415a031a22_1.jpg?strip=all\",\"datePublished\":\"2025-10-01T03:10:36+00:00\",\"dateModified\":\"2026-02-19T20:22:32+00:00\",\"breadcrumb\":{\"@id\":\"https:\\\/\\\/lovme.pt\\\/index.php\\\/produto\\\/waterfeel-lubrificante-efeito-frio-150-ml-pack-25-unidades\\\/#breadcrumb\"},\"inLanguage\":\"pt-PT\",\"potentialAction\":[{\"@type\":\"ReadAction\",\"target\":[\"https:\\\/\\\/lovme.pt\\\/index.php\\\/produto\\\/waterfeel-lubrificante-efeito-frio-150-ml-pack-25-unidades\\\/\"]}]},{\"@type\":\"ImageObject\",\"inLanguage\":\"pt-PT\",\"@id\":\"https:\\\/\\\/lovme.pt\\\/index.php\\\/produto\\\/waterfeel-lubrificante-efeito-frio-150-ml-pack-25-unidades\\\/#primaryimage\",\"url\":\"https:\\\/\\\/erki24nd3ub.exactdn.com\\\/wp-content\\\/uploads\\\/dream\\\/img\\\/img_162232_c144c843061121b073bf75415a031a22_1.jpg?strip=all\",\"contentUrl\":\"https:\\\/\\\/erki24nd3ub.exactdn.com\\\/wp-content\\\/uploads\\\/dream\\\/img\\\/img_162232_c144c843061121b073bf75415a031a22_1.jpg?strip=all\",\"width\":800,\"height\":800},{\"@type\":\"BreadcrumbList\",\"@id\":\"https:\\\/\\\/lovme.pt\\\/index.php\\\/produto\\\/waterfeel-lubrificante-efeito-frio-150-ml-pack-25-unidades\\\/#breadcrumb\",\"itemListElement\":[{\"@type\":\"ListItem\",\"position\":1,\"name\":\"In\u00edcio\",\"item\":\"https:\\\/\\\/lovme.pt\\\/\"},{\"@type\":\"ListItem\",\"position\":2,\"name\":\"Loja\",\"item\":\"https:\\\/\\\/lovme.pt\\\/index.php\\\/loja\\\/\"},{\"@type\":\"ListItem\",\"position\":3,\"name\":\"WATERFEEL &#8211; LUBRIFICANTE EFEITO FRIO 150 ML PACK 25 UNIDADES\"}]},{\"@type\":\"WebSite\",\"@id\":\"https:\\\/\\\/lovme.pt\\\/#website\",\"url\":\"https:\\\/\\\/lovme.pt\\\/\",\"name\":\"Lovme Loja Er\u00f3tica N\u00ba1 em Portugal\",\"description\":\"A melhor loja er\u00f3tica de Portugal.\",\"alternateName\":\"Loja Er\u00f3tica Lovme\",\"potentialAction\":[{\"@type\":\"SearchAction\",\"target\":{\"@type\":\"EntryPoint\",\"urlTemplate\":\"https:\\\/\\\/lovme.pt\\\/?s={search_term_string}\"},\"query-input\":{\"@type\":\"PropertyValueSpecification\",\"valueRequired\":true,\"valueName\":\"search_term_string\"}}],\"inLanguage\":\"pt-PT\"}]}<\/script>\n<!-- \/ Yoast SEO plugin. -->","yoast_head_json":{"title":"WATERFEEL - LUBRIFICANTE EFEITO FRIO 150 ML PACK 25 UNIDADES - Lovme","robots":{"index":"index","follow":"follow","max-snippet":"max-snippet:-1","max-image-preview":"max-image-preview:large","max-video-preview":"max-video-preview:-1"},"canonical":"https:\/\/lovme.pt\/index.php\/produto\/waterfeel-lubrificante-efeito-frio-150-ml-pack-25-unidades\/","og_locale":"pt_PT","og_type":"article","og_title":"WATERFEEL - LUBRIFICANTE EFEITO FRIO 150 ML PACK 25 UNIDADES - Lovme","og_description":"EMBALAGEM DISPON\u00cdVEL EM: \/es\/en\/de\/fr\/po\/it\/pt\/el\/ru\/","og_url":"https:\/\/lovme.pt\/index.php\/produto\/waterfeel-lubrificante-efeito-frio-150-ml-pack-25-unidades\/","og_site_name":"Lovme","article_modified_time":"2026-02-19T20:22:32+00:00","og_image":[{"width":800,"height":800,"url":"https:\/\/erki24nd3ub.exactdn.com\/wp-content\/uploads\/dream\/img\/img_162232_c144c843061121b073bf75415a031a22_1.jpg?strip=all","type":"image\/jpeg"}],"twitter_card":"summary_large_image","twitter_misc":{"Tempo estimado de leitura":"3 minutos"},"schema":{"@context":"https:\/\/schema.org","@graph":[{"@type":"WebPage","@id":"https:\/\/lovme.pt\/index.php\/produto\/waterfeel-lubrificante-efeito-frio-150-ml-pack-25-unidades\/","url":"https:\/\/lovme.pt\/index.php\/produto\/waterfeel-lubrificante-efeito-frio-150-ml-pack-25-unidades\/","name":"WATERFEEL - LUBRIFICANTE EFEITO FRIO 150 ML PACK 25 UNIDADES - Lovme","isPartOf":{"@id":"https:\/\/lovme.pt\/#website"},"primaryImageOfPage":{"@id":"https:\/\/lovme.pt\/index.php\/produto\/waterfeel-lubrificante-efeito-frio-150-ml-pack-25-unidades\/#primaryimage"},"image":{"@id":"https:\/\/lovme.pt\/index.php\/produto\/waterfeel-lubrificante-efeito-frio-150-ml-pack-25-unidades\/#primaryimage"},"thumbnailUrl":"https:\/\/erki24nd3ub.exactdn.com\/wp-content\/uploads\/dream\/img\/img_162232_c144c843061121b073bf75415a031a22_1.jpg?strip=all","datePublished":"2025-10-01T03:10:36+00:00","dateModified":"2026-02-19T20:22:32+00:00","breadcrumb":{"@id":"https:\/\/lovme.pt\/index.php\/produto\/waterfeel-lubrificante-efeito-frio-150-ml-pack-25-unidades\/#breadcrumb"},"inLanguage":"pt-PT","potentialAction":[{"@type":"ReadAction","target":["https:\/\/lovme.pt\/index.php\/produto\/waterfeel-lubrificante-efeito-frio-150-ml-pack-25-unidades\/"]}]},{"@type":"ImageObject","inLanguage":"pt-PT","@id":"https:\/\/lovme.pt\/index.php\/produto\/waterfeel-lubrificante-efeito-frio-150-ml-pack-25-unidades\/#primaryimage","url":"https:\/\/erki24nd3ub.exactdn.com\/wp-content\/uploads\/dream\/img\/img_162232_c144c843061121b073bf75415a031a22_1.jpg?strip=all","contentUrl":"https:\/\/erki24nd3ub.exactdn.com\/wp-content\/uploads\/dream\/img\/img_162232_c144c843061121b073bf75415a031a22_1.jpg?strip=all","width":800,"height":800},{"@type":"BreadcrumbList","@id":"https:\/\/lovme.pt\/index.php\/produto\/waterfeel-lubrificante-efeito-frio-150-ml-pack-25-unidades\/#breadcrumb","itemListElement":[{"@type":"ListItem","position":1,"name":"In\u00edcio","item":"https:\/\/lovme.pt\/"},{"@type":"ListItem","position":2,"name":"Loja","item":"https:\/\/lovme.pt\/index.php\/loja\/"},{"@type":"ListItem","position":3,"name":"WATERFEEL &#8211; LUBRIFICANTE EFEITO FRIO 150 ML PACK 25 UNIDADES"}]},{"@type":"WebSite","@id":"https:\/\/lovme.pt\/#website","url":"https:\/\/lovme.pt\/","name":"Lovme Loja Er\u00f3tica N\u00ba1 em Portugal","description":"A melhor loja er\u00f3tica de Portugal.","alternateName":"Loja Er\u00f3tica Lovme","potentialAction":[{"@type":"SearchAction","target":{"@type":"EntryPoint","urlTemplate":"https:\/\/lovme.pt\/?s={search_term_string}"},"query-input":{"@type":"PropertyValueSpecification","valueRequired":true,"valueName":"search_term_string"}}],"inLanguage":"pt-PT"}]}},"_links":{"self":[{"href":"https:\/\/lovme.pt\/index.php\/wp-json\/wp\/v2\/product\/20678","targetHints":{"allow":["GET"]}}],"collection":[{"href":"https:\/\/lovme.pt\/index.php\/wp-json\/wp\/v2\/product"}],"about":[{"href":"https:\/\/lovme.pt\/index.php\/wp-json\/wp\/v2\/types\/product"}],"wp:featuredmedia":[{"embeddable":true,"href":"https:\/\/lovme.pt\/index.php\/wp-json\/wp\/v2\/media\/101952"}],"wp:attachment":[{"href":"https:\/\/lovme.pt\/index.php\/wp-json\/wp\/v2\/media?parent=20678"}],"wp:term":[{"taxonomy":"product_brand","embeddable":true,"href":"https:\/\/lovme.pt\/index.php\/wp-json\/wp\/v2\/product_brand?post=20678"},{"taxonomy":"product_cat","embeddable":true,"href":"https:\/\/lovme.pt\/index.php\/wp-json\/wp\/v2\/product_cat?post=20678"},{"taxonomy":"product_tag","embeddable":true,"href":"https:\/\/lovme.pt\/index.php\/wp-json\/wp\/v2\/product_tag?post=20678"}],"curies":[{"name":"wp","href":"https:\/\/api.w.org\/{rel}","templated":true}]}}