{"id":20592,"date":"2025-09-30T20:27:48","date_gmt":"2025-09-30T20:27:48","guid":{"rendered":"https:\/\/lovme.pt\/?post_type=product&#038;p=20592"},"modified":"2026-04-15T18:57:57","modified_gmt":"2026-04-15T18:57:57","slug":"moressa-dustin-ondas-estimulantes-do-clitoris-e-vibracao-poderosa-silicone-premium-recarregavel","status":"publish","type":"product","link":"https:\/\/lovme.pt\/index.php\/produto\/moressa-dustin-ondas-estimulantes-do-clitoris-e-vibracao-poderosa-silicone-premium-recarregavel\/","title":{"rendered":"MORESSA &#8211; DUSTIN SUC\u00c7\u00c3O CLIT\u00d3RICA E VIBRA\u00c7\u00c3O PODEROSA SILICONE PREMIUM RECARREG\u00c1VEL"},"content":{"rendered":"<div>\n<p>Um vibrador elegante, perfeito para estimula\u00e7\u00e3o dupla. Desfrute de orgasmos incr\u00edveis gra\u00e7as \u00e0 estimula\u00e7\u00e3o do ponto A, localizado pr\u00f3ximo ao colo do \u00fatero.<\/p>\n<p> Dois motores independentes com sistema de suc\u00e7\u00e3o clitoriana, vibra\u00e7\u00f5es potentes e silenciosas garantem os orgasmos mais emocionantes. Este objeto de prazer reescreve a hist\u00f3ria dos coelhos vibrat\u00f3rios, com vibra\u00e7\u00e3o e suc\u00e7\u00e3o simult\u00e2neas.<\/p>\n<p> O tamanho importa? Depende do que voc\u00ea procura, mas se voc\u00ea busca mais prazer e excita\u00e7\u00e3o, encontrar\u00e1 na robustez e pot\u00eancia do Dustin.<\/p>\n<p> Da ponta \u00e0 base, ele se adapta naturalmente \u00e0 temperatura do seu corpo.<\/p>\n<ul>\n<li> Massagem interna e externa para estimula\u00e7\u00e3o completa<\/li>\n<li> Alto desempenho; 12 modos de vibra\u00e7\u00e3o e 12 fun\u00e7\u00f5es de suc\u00e7\u00e3o do clit\u00f3ris<\/li>\n<li> Totalmente recarreg\u00e1vel; Mais pot\u00eancia<\/li>\n<li> Feito com 100% silicone medicinal: respeite seu corpo<\/li>\n<li> Livre de ftalatos<\/li>\n<li> Material seguro para o corpo<\/li>\n<li> Cabo ergon\u00f4mico<\/li>\n<li> Recarreg\u00e1vel via USB (cabo inclu\u00eddo)<\/li>\n<li> \u00c0 prova de respingos<\/li>\n<li> Controle retroiluminado com luzes LED<\/li>\n<li> Medidas totais: 205 x 36 mm<\/li>\n<li> Peso: 177 gramas<\/li>\n<\/ul>\n<p> <strong>Opera\u00e7\u00e3o\/Uso<\/strong><br \/> Para ligar o vibrador, pressione o bot\u00e3o<img decoding=\"async\" src=\"https:\/\/erki24nd3ub.exactdn.com\/UserFiles\/images\/ENCENDIDO.png?strip=all&w=1920\" style=\"width: 20px;height: 20px\" \/> bot\u00e3o liga\/desliga por cerca de 2 segundos e uma luz vermelha acender\u00e1. Em seguida, pressione o bot\u00e3o<img decoding=\"async\" src=\"https:\/\/erki24nd3ub.exactdn.com\/UserFiles\/images\/VIBRCION.png?strip=all&w=1920\" style=\"width: 23px;height: 24px\" \/> para ativar a vibra\u00e7\u00e3o. Em seguida, pressione o mesmo bot\u00e3o<img decoding=\"async\" src=\"https:\/\/erki24nd3ub.exactdn.com\/UserFiles\/images\/VIBRCION.png?strip=all&w=1920\" style=\"width: 23px;height: 24px\" \/> Para modificar os 12 modos de vibra\u00e7\u00e3o e intensidade, pressione o bot\u00e3o.<img decoding=\"async\" src=\"https:\/\/erki24nd3ub.exactdn.com\/UserFiles\/images\/5%285%29.png?strip=all&w=1920\" style=\"width: 24px;height: 24px\" \/> para ativar a suc\u00e7\u00e3o do clit\u00f3ris e depois pressionar o mesmo bot\u00e3o<img decoding=\"async\" src=\"https:\/\/erki24nd3ub.exactdn.com\/UserFiles\/images\/5%285%29.png?strip=all&w=1920\" style=\"width: 24px;height: 24px\" \/> para modificar as 12 fun\u00e7\u00f5es de vibra\u00e7\u00e3o.<\/p>\n<div>\n<div> <strong>Carregar<\/strong><\/div>\n<div> O vibrador \u00e9 recarreg\u00e1vel e permite um manuseio pr\u00e1tico sem cabos inc\u00f4modos. Antes de us\u00e1-lo pela primeira vez, voc\u00ea deve carreg\u00e1-lo completamente. Use o cabo de carregamento USB inclu\u00eddo para isso.<\/div>\n<div> Insira o plugue do cabo USB<img decoding=\"async\" src=\"https:\/\/erki24nd3ub.exactdn.com\/UserFiles\/images\/CARGA.png?strip=all&w=1920\" style=\"width: 26px;height: 31px\" \/> na porta de carregamento. Conecte-o \u00e0 tomada el\u00e9trica usando um conector ou ao seu computador via USB.<\/div>\n<div><\/div>\n<div> <strong>Aviso<\/strong> : O primeiro processo de carregamento pode levar at\u00e9 oito horas.<\/div>\n<div><\/div>\n<div> <strong>Elimina\u00e7\u00e3o<\/strong><\/div>\n<div> O descarte de equipamentos eletr\u00f4nicos deve ser realizado de acordo com os regulamentos para res\u00edduos perigosos em vigor na Uni\u00e3o Europeia e em outros pa\u00edses europeus, ou de acordo com as regulamenta\u00e7\u00f5es locais. Respeite os regulamentos de descarte de res\u00edduos.<\/div>\n<div> Espec\u00edfico para seu pa\u00eds e, em caso de d\u00favida, pergunte ao seu revendedor sobre as op\u00e7\u00f5es de descarte.<\/div>\n<div><\/div>\n<div> <strong>Contente<\/strong><\/div>\n<div><\/div>\n<div> Abrir uma caixa de produtos MORESSA \u00e9 uma experi\u00eancia \u00fanica. A satisfa\u00e7\u00e3o \u00e9 o nosso objetivo, por isso cuidamos de cada detalhe.<\/div>\n<ul>\n<li> DUSTIN<\/li>\n<li> Carregador<\/li>\n<li> Manual do Usu\u00e1rio<\/li>\n<\/ul>\n<p> Moressa \u00e9 a marca refer\u00eancia em design, qualidade e tecnologia. Desenvolvemos um produto inovador e selecionamos cuidadosamente cada processo de fabrica\u00e7\u00e3o para alcan\u00e7ar os melhores resultados. Moressa \u00e9 um s\u00edmbolo de energia, for\u00e7a e confiabilidade. Comprar um brinquedo sexual Moressa significa sentir-se em sintonia com os tempos. Cada brinquedo Moressa transportar\u00e1 voc\u00ea para diferentes sensa\u00e7\u00f5es. Um resultado incompar\u00e1vel gra\u00e7as ao silicone premium confort\u00e1vel e ao design ergon\u00f4mico.<\/p>\n<\/div>\n<\/div>\n<p style=\"text-align: center\">\n","protected":false},"excerpt":{"rendered":"<p>MORESSA &#8211; DUSTIN SUC\u00c7\u00c3O CLIT\u00d3RICA E VIBRA\u00c7\u00c3O PODEROSA SILICONE PREMIUM RECARREG\u00c1VEL<\/p>\n","protected":false},"featured_media":68921,"template":"","meta":{"_acf_changed":false},"product_brand":[],"product_cat":[17,61,76],"product_tag":[],"class_list":{"0":"post-20592","1":"product","2":"type-product","3":"status-publish","4":"has-post-thumbnail","6":"product_cat-brinquedos-de-bem-estar-sexual","7":"product_cat-para-elas","8":"product_cat-vibradores","9":"yith_product_brand-moressa","11":"first","12":"instock","13":"taxable","14":"shipping-taxable","15":"purchasable","16":"product-type-simple"},"acf":[],"yoast_head":"<!-- This site is optimized with the Yoast SEO plugin v27.4 - https:\/\/yoast.com\/product\/yoast-seo-wordpress\/ -->\n<title>MORESSA - DUSTIN SUC\u00c7\u00c3O CLIT\u00d3RICA E VIBRA\u00c7\u00c3O PODEROSA SILICONE PREMIUM RECARREG\u00c1VEL - Lovme<\/title>\n<meta name=\"robots\" content=\"index, follow, max-snippet:-1, max-image-preview:large, max-video-preview:-1\" \/>\n<link rel=\"canonical\" href=\"https:\/\/lovme.pt\/index.php\/produto\/moressa-dustin-ondas-estimulantes-do-clitoris-e-vibracao-poderosa-silicone-premium-recarregavel\/\" \/>\n<meta property=\"og:locale\" content=\"pt_PT\" \/>\n<meta property=\"og:type\" content=\"article\" \/>\n<meta property=\"og:title\" content=\"MORESSA - DUSTIN SUC\u00c7\u00c3O CLIT\u00d3RICA E VIBRA\u00c7\u00c3O PODEROSA SILICONE PREMIUM RECARREG\u00c1VEL - Lovme\" \/>\n<meta property=\"og:description\" content=\"MORESSA - DUSTIN SUC\u00c7\u00c3O CLIT\u00d3RICA E VIBRA\u00c7\u00c3O PODEROSA SILICONE PREMIUM RECARREG\u00c1VEL\" \/>\n<meta property=\"og:url\" content=\"https:\/\/lovme.pt\/index.php\/produto\/moressa-dustin-ondas-estimulantes-do-clitoris-e-vibracao-poderosa-silicone-premium-recarregavel\/\" \/>\n<meta property=\"og:site_name\" content=\"Lovme\" \/>\n<meta property=\"article:modified_time\" content=\"2026-04-15T18:57:57+00:00\" \/>\n<meta property=\"og:image\" content=\"https:\/\/erki24nd3ub.exactdn.com\/wp-content\/uploads\/dream\/img\/img_212980_455509d06918ba2bcd4b537054614f40_1.png?strip=all\" \/>\n\t<meta property=\"og:image:width\" content=\"900\" \/>\n\t<meta property=\"og:image:height\" content=\"900\" \/>\n\t<meta property=\"og:image:type\" content=\"image\/png\" \/>\n<meta name=\"twitter:card\" content=\"summary_large_image\" \/>\n<meta name=\"twitter:label1\" content=\"Tempo estimado de leitura\" \/>\n\t<meta name=\"twitter:data1\" content=\"2 minutos\" \/>\n<script type=\"application\/ld+json\" class=\"yoast-schema-graph\">{\"@context\":\"https:\\\/\\\/schema.org\",\"@graph\":[{\"@type\":\"WebPage\",\"@id\":\"https:\\\/\\\/lovme.pt\\\/index.php\\\/produto\\\/moressa-dustin-ondas-estimulantes-do-clitoris-e-vibracao-poderosa-silicone-premium-recarregavel\\\/\",\"url\":\"https:\\\/\\\/lovme.pt\\\/index.php\\\/produto\\\/moressa-dustin-ondas-estimulantes-do-clitoris-e-vibracao-poderosa-silicone-premium-recarregavel\\\/\",\"name\":\"MORESSA - DUSTIN SUC\u00c7\u00c3O CLIT\u00d3RICA E VIBRA\u00c7\u00c3O PODEROSA SILICONE PREMIUM RECARREG\u00c1VEL - Lovme\",\"isPartOf\":{\"@id\":\"https:\\\/\\\/lovme.pt\\\/#website\"},\"primaryImageOfPage\":{\"@id\":\"https:\\\/\\\/lovme.pt\\\/index.php\\\/produto\\\/moressa-dustin-ondas-estimulantes-do-clitoris-e-vibracao-poderosa-silicone-premium-recarregavel\\\/#primaryimage\"},\"image\":{\"@id\":\"https:\\\/\\\/lovme.pt\\\/index.php\\\/produto\\\/moressa-dustin-ondas-estimulantes-do-clitoris-e-vibracao-poderosa-silicone-premium-recarregavel\\\/#primaryimage\"},\"thumbnailUrl\":\"https:\\\/\\\/erki24nd3ub.exactdn.com\\\/wp-content\\\/uploads\\\/dream\\\/img\\\/img_212980_455509d06918ba2bcd4b537054614f40_1.png?strip=all\",\"datePublished\":\"2025-09-30T20:27:48+00:00\",\"dateModified\":\"2026-04-15T18:57:57+00:00\",\"breadcrumb\":{\"@id\":\"https:\\\/\\\/lovme.pt\\\/index.php\\\/produto\\\/moressa-dustin-ondas-estimulantes-do-clitoris-e-vibracao-poderosa-silicone-premium-recarregavel\\\/#breadcrumb\"},\"inLanguage\":\"pt-PT\",\"potentialAction\":[{\"@type\":\"ReadAction\",\"target\":[\"https:\\\/\\\/lovme.pt\\\/index.php\\\/produto\\\/moressa-dustin-ondas-estimulantes-do-clitoris-e-vibracao-poderosa-silicone-premium-recarregavel\\\/\"]}]},{\"@type\":\"ImageObject\",\"inLanguage\":\"pt-PT\",\"@id\":\"https:\\\/\\\/lovme.pt\\\/index.php\\\/produto\\\/moressa-dustin-ondas-estimulantes-do-clitoris-e-vibracao-poderosa-silicone-premium-recarregavel\\\/#primaryimage\",\"url\":\"https:\\\/\\\/erki24nd3ub.exactdn.com\\\/wp-content\\\/uploads\\\/dream\\\/img\\\/img_212980_455509d06918ba2bcd4b537054614f40_1.png?strip=all\",\"contentUrl\":\"https:\\\/\\\/erki24nd3ub.exactdn.com\\\/wp-content\\\/uploads\\\/dream\\\/img\\\/img_212980_455509d06918ba2bcd4b537054614f40_1.png?strip=all\",\"width\":900,\"height\":900},{\"@type\":\"BreadcrumbList\",\"@id\":\"https:\\\/\\\/lovme.pt\\\/index.php\\\/produto\\\/moressa-dustin-ondas-estimulantes-do-clitoris-e-vibracao-poderosa-silicone-premium-recarregavel\\\/#breadcrumb\",\"itemListElement\":[{\"@type\":\"ListItem\",\"position\":1,\"name\":\"In\u00edcio\",\"item\":\"https:\\\/\\\/lovme.pt\\\/\"},{\"@type\":\"ListItem\",\"position\":2,\"name\":\"Loja\",\"item\":\"https:\\\/\\\/lovme.pt\\\/index.php\\\/loja\\\/\"},{\"@type\":\"ListItem\",\"position\":3,\"name\":\"MORESSA &#8211; DUSTIN SUC\u00c7\u00c3O CLIT\u00d3RICA E VIBRA\u00c7\u00c3O PODEROSA SILICONE PREMIUM RECARREG\u00c1VEL\"}]},{\"@type\":\"WebSite\",\"@id\":\"https:\\\/\\\/lovme.pt\\\/#website\",\"url\":\"https:\\\/\\\/lovme.pt\\\/\",\"name\":\"Lovme Loja Er\u00f3tica N\u00ba1 em Portugal\",\"description\":\"A melhor loja er\u00f3tica de Portugal.\",\"alternateName\":\"Loja Er\u00f3tica Lovme\",\"potentialAction\":[{\"@type\":\"SearchAction\",\"target\":{\"@type\":\"EntryPoint\",\"urlTemplate\":\"https:\\\/\\\/lovme.pt\\\/?s={search_term_string}\"},\"query-input\":{\"@type\":\"PropertyValueSpecification\",\"valueRequired\":true,\"valueName\":\"search_term_string\"}}],\"inLanguage\":\"pt-PT\"}]}<\/script>\n<!-- \/ Yoast SEO plugin. -->","yoast_head_json":{"title":"MORESSA - DUSTIN SUC\u00c7\u00c3O CLIT\u00d3RICA E VIBRA\u00c7\u00c3O PODEROSA SILICONE PREMIUM RECARREG\u00c1VEL - Lovme","robots":{"index":"index","follow":"follow","max-snippet":"max-snippet:-1","max-image-preview":"max-image-preview:large","max-video-preview":"max-video-preview:-1"},"canonical":"https:\/\/lovme.pt\/index.php\/produto\/moressa-dustin-ondas-estimulantes-do-clitoris-e-vibracao-poderosa-silicone-premium-recarregavel\/","og_locale":"pt_PT","og_type":"article","og_title":"MORESSA - DUSTIN SUC\u00c7\u00c3O CLIT\u00d3RICA E VIBRA\u00c7\u00c3O PODEROSA SILICONE PREMIUM RECARREG\u00c1VEL - Lovme","og_description":"MORESSA - DUSTIN SUC\u00c7\u00c3O CLIT\u00d3RICA E VIBRA\u00c7\u00c3O PODEROSA SILICONE PREMIUM RECARREG\u00c1VEL","og_url":"https:\/\/lovme.pt\/index.php\/produto\/moressa-dustin-ondas-estimulantes-do-clitoris-e-vibracao-poderosa-silicone-premium-recarregavel\/","og_site_name":"Lovme","article_modified_time":"2026-04-15T18:57:57+00:00","og_image":[{"width":900,"height":900,"url":"https:\/\/erki24nd3ub.exactdn.com\/wp-content\/uploads\/dream\/img\/img_212980_455509d06918ba2bcd4b537054614f40_1.png?strip=all","type":"image\/png"}],"twitter_card":"summary_large_image","twitter_misc":{"Tempo estimado de leitura":"2 minutos"},"schema":{"@context":"https:\/\/schema.org","@graph":[{"@type":"WebPage","@id":"https:\/\/lovme.pt\/index.php\/produto\/moressa-dustin-ondas-estimulantes-do-clitoris-e-vibracao-poderosa-silicone-premium-recarregavel\/","url":"https:\/\/lovme.pt\/index.php\/produto\/moressa-dustin-ondas-estimulantes-do-clitoris-e-vibracao-poderosa-silicone-premium-recarregavel\/","name":"MORESSA - DUSTIN SUC\u00c7\u00c3O CLIT\u00d3RICA E VIBRA\u00c7\u00c3O PODEROSA SILICONE PREMIUM RECARREG\u00c1VEL - Lovme","isPartOf":{"@id":"https:\/\/lovme.pt\/#website"},"primaryImageOfPage":{"@id":"https:\/\/lovme.pt\/index.php\/produto\/moressa-dustin-ondas-estimulantes-do-clitoris-e-vibracao-poderosa-silicone-premium-recarregavel\/#primaryimage"},"image":{"@id":"https:\/\/lovme.pt\/index.php\/produto\/moressa-dustin-ondas-estimulantes-do-clitoris-e-vibracao-poderosa-silicone-premium-recarregavel\/#primaryimage"},"thumbnailUrl":"https:\/\/erki24nd3ub.exactdn.com\/wp-content\/uploads\/dream\/img\/img_212980_455509d06918ba2bcd4b537054614f40_1.png?strip=all","datePublished":"2025-09-30T20:27:48+00:00","dateModified":"2026-04-15T18:57:57+00:00","breadcrumb":{"@id":"https:\/\/lovme.pt\/index.php\/produto\/moressa-dustin-ondas-estimulantes-do-clitoris-e-vibracao-poderosa-silicone-premium-recarregavel\/#breadcrumb"},"inLanguage":"pt-PT","potentialAction":[{"@type":"ReadAction","target":["https:\/\/lovme.pt\/index.php\/produto\/moressa-dustin-ondas-estimulantes-do-clitoris-e-vibracao-poderosa-silicone-premium-recarregavel\/"]}]},{"@type":"ImageObject","inLanguage":"pt-PT","@id":"https:\/\/lovme.pt\/index.php\/produto\/moressa-dustin-ondas-estimulantes-do-clitoris-e-vibracao-poderosa-silicone-premium-recarregavel\/#primaryimage","url":"https:\/\/erki24nd3ub.exactdn.com\/wp-content\/uploads\/dream\/img\/img_212980_455509d06918ba2bcd4b537054614f40_1.png?strip=all","contentUrl":"https:\/\/erki24nd3ub.exactdn.com\/wp-content\/uploads\/dream\/img\/img_212980_455509d06918ba2bcd4b537054614f40_1.png?strip=all","width":900,"height":900},{"@type":"BreadcrumbList","@id":"https:\/\/lovme.pt\/index.php\/produto\/moressa-dustin-ondas-estimulantes-do-clitoris-e-vibracao-poderosa-silicone-premium-recarregavel\/#breadcrumb","itemListElement":[{"@type":"ListItem","position":1,"name":"In\u00edcio","item":"https:\/\/lovme.pt\/"},{"@type":"ListItem","position":2,"name":"Loja","item":"https:\/\/lovme.pt\/index.php\/loja\/"},{"@type":"ListItem","position":3,"name":"MORESSA &#8211; DUSTIN SUC\u00c7\u00c3O CLIT\u00d3RICA E VIBRA\u00c7\u00c3O PODEROSA SILICONE PREMIUM RECARREG\u00c1VEL"}]},{"@type":"WebSite","@id":"https:\/\/lovme.pt\/#website","url":"https:\/\/lovme.pt\/","name":"Lovme Loja Er\u00f3tica N\u00ba1 em Portugal","description":"A melhor loja er\u00f3tica de Portugal.","alternateName":"Loja Er\u00f3tica Lovme","potentialAction":[{"@type":"SearchAction","target":{"@type":"EntryPoint","urlTemplate":"https:\/\/lovme.pt\/?s={search_term_string}"},"query-input":{"@type":"PropertyValueSpecification","valueRequired":true,"valueName":"search_term_string"}}],"inLanguage":"pt-PT"}]}},"_links":{"self":[{"href":"https:\/\/lovme.pt\/index.php\/wp-json\/wp\/v2\/product\/20592","targetHints":{"allow":["GET"]}}],"collection":[{"href":"https:\/\/lovme.pt\/index.php\/wp-json\/wp\/v2\/product"}],"about":[{"href":"https:\/\/lovme.pt\/index.php\/wp-json\/wp\/v2\/types\/product"}],"wp:featuredmedia":[{"embeddable":true,"href":"https:\/\/lovme.pt\/index.php\/wp-json\/wp\/v2\/media\/68921"}],"wp:attachment":[{"href":"https:\/\/lovme.pt\/index.php\/wp-json\/wp\/v2\/media?parent=20592"}],"wp:term":[{"taxonomy":"product_brand","embeddable":true,"href":"https:\/\/lovme.pt\/index.php\/wp-json\/wp\/v2\/product_brand?post=20592"},{"taxonomy":"product_cat","embeddable":true,"href":"https:\/\/lovme.pt\/index.php\/wp-json\/wp\/v2\/product_cat?post=20592"},{"taxonomy":"product_tag","embeddable":true,"href":"https:\/\/lovme.pt\/index.php\/wp-json\/wp\/v2\/product_tag?post=20592"}],"curies":[{"name":"wp","href":"https:\/\/api.w.org\/{rel}","templated":true}]}}