{"id":20326,"date":"2025-10-01T02:54:03","date_gmt":"2025-10-01T02:54:03","guid":{"rendered":"https:\/\/lovme.pt\/?post_type=product&p=20326"},"modified":"2026-02-19T20:21:57","modified_gmt":"2026-02-19T20:21:57","slug":"nina-kiki-copo-menstrual-roxo-tamanho-s-6-1-grtis","status":"publish","type":"product","link":"https:\/\/lovme.pt\/index.php\/produto\/nina-kiki-copo-menstrual-roxo-tamanho-s-6-1-grtis\/","title":{"rendered":"NINA KIK\u00cd &#8211; COPO MENSTRUAL ROXO TAMANHO S 6 + 1 GRTIS"},"content":{"rendered":"<p>NINA CUP \u00e9 o seu copo menstrual. Inovadora, confort\u00e1vel e amiga do ambiente, NINA \u00e9 a solu\u00e7\u00e3o ideal para a sua higiene \u00edntima. Fabricado em Sillicon 100% de qualidade m\u00e9dica, sua toler\u00e2ncia \u00e9 \u00f3tima, permitindo uso prolongado de at\u00e9 12 horas.<\/p>\n<p> NINA CUP tamb\u00e9m conhecido como Copo vaginal ou Copo de silicone, \u00e9 um substituto ecol\u00f3gico dos m\u00e9todos atuais de higiene feminina, como tamp\u00f5es e absorventes. <img decoding=\"async\" alt=\"\" src=\"https:\/\/interno.dreamlove.es\/UserFiles\/images\/4%283%29.png\" style=\"text-align: center; width: 305px; height: 500px; float: right;\" \/><\/p>\n<p> O mecanismo do copo menstrual \u00e9 simples. \u00c9 um copo de silicone ou l\u00e1tex que \u00e9 inserido na vagina durante a menstrua\u00e7\u00e3o. Ao contr\u00e1rio dos tamp\u00f5es e compressas, o copo menstrual n\u00e3o absorve o fluxo, retendo-o no seu interior para que o possamos retirar sempre que necessitarmos.<\/p>\n<p> Como usar o NINACUP?<\/p>\n<ul>\n<li> Ferva 3 minutos para esterilizar.<\/li>\n<li> Relaxe se for sua primeira vez.<\/li>\n<li> Limpe suas m\u00e3os<\/li>\n<li> Esteja em uma posi\u00e7\u00e3o confort\u00e1vel.<\/li>\n<li> Pressione o copo.<\/li>\n<li> Dobre-o em forma de U<\/li>\n<li> Separe os l\u00e1bios com a outra m\u00e3o e insira o copo como na foto.<\/li>\n<\/ul>\n<p> Como remover?<\/p>\n<ul>\n<li> Limpe suas m\u00e3os.<\/li>\n<li> Esteja em uma posi\u00e7\u00e3o confort\u00e1vel.<\/li>\n<li> Insira dois dedos e puxe pela al\u00e7a, removendo-a lentamente.<\/li>\n<li> Limpe o copo com \u00e1gua e sab\u00e3o com ph neutro (sem perfume)<\/li>\n<li> Pronto para usar novamente.<\/li>\n<\/ul>\n<p> NINA CUP s\u00e3o reutilizados, portanto s\u00e3o ecol\u00f3gicos e voc\u00ea economizar\u00e1 dinheiro porque n\u00e3o precisar\u00e1 comprar absorventes internos toda vez que estiver menstruada<\/p>\n<p> Tamanho L<br \/> Medidas:<\/p>\n<ul>\n<li> Di\u00e2metro: 40ml<\/li>\n<li> Capacidade 15ml<\/li>\n<\/ul>\n<p> Pacote 6 + 1 GR\u00c1TIS<\/p>\n","protected":false},"excerpt":{"rendered":"<p>NINA KIK\u00cd &#8211; COPO MENSTRUAL ROXO TAMANHO S 6 + 1 GRTIS<\/p>\n","protected":false},"featured_media":99956,"template":"","meta":{"_acf_changed":false},"product_brand":[],"product_cat":[49,55,15,74],"product_tag":[],"class_list":{"0":"post-20326","1":"product","2":"type-product","3":"status-publish","4":"has-post-thumbnail","6":"product_cat-cosmeticos","7":"product_cat-cuidado-de-brinquedos","8":"product_cat-loja","9":"product_cat-saude-menstrual","10":"yith_product_brand-nina-kiki","12":"first","13":"instock","14":"taxable","15":"shipping-taxable","16":"purchasable","17":"product-type-simple"},"acf":[],"yoast_head":"<!-- This site is optimized with the Yoast SEO plugin v27.4 - https:\/\/yoast.com\/product\/yoast-seo-wordpress\/ -->\n<title>NINA KIK\u00cd - COPO MENSTRUAL ROXO TAMANHO S 6 + 1 GRTIS - Lovme<\/title>\n<meta name=\"robots\" content=\"index, follow, max-snippet:-1, max-image-preview:large, max-video-preview:-1\" \/>\n<link rel=\"canonical\" href=\"https:\/\/lovme.pt\/index.php\/produto\/nina-kiki-copo-menstrual-roxo-tamanho-s-6-1-grtis\/\" \/>\n<meta property=\"og:locale\" content=\"pt_PT\" \/>\n<meta property=\"og:type\" content=\"article\" \/>\n<meta property=\"og:title\" content=\"NINA KIK\u00cd - COPO MENSTRUAL ROXO TAMANHO S 6 + 1 GRTIS - Lovme\" \/>\n<meta property=\"og:description\" content=\"NINA KIK\u00cd - COPO MENSTRUAL ROXO TAMANHO S 6 + 1 GRTIS\" \/>\n<meta property=\"og:url\" content=\"https:\/\/lovme.pt\/index.php\/produto\/nina-kiki-copo-menstrual-roxo-tamanho-s-6-1-grtis\/\" \/>\n<meta property=\"og:site_name\" content=\"Lovme\" \/>\n<meta property=\"article:modified_time\" content=\"2026-02-19T20:21:57+00:00\" \/>\n<meta property=\"og:image\" content=\"https:\/\/erki24nd3ub.exactdn.com\/wp-content\/uploads\/dream\/img\/img_53388_398236844339418e9c72bfd28bbdfc30_1.jpg?strip=all\" \/>\n\t<meta property=\"og:image:width\" content=\"790\" \/>\n\t<meta property=\"og:image:height\" content=\"789\" \/>\n\t<meta property=\"og:image:type\" content=\"image\/jpeg\" \/>\n<meta name=\"twitter:card\" content=\"summary_large_image\" \/>\n<meta name=\"twitter:label1\" content=\"Tempo estimado de leitura\" \/>\n\t<meta name=\"twitter:data1\" content=\"1 minuto\" \/>\n<script type=\"application\/ld+json\" class=\"yoast-schema-graph\">{\"@context\":\"https:\\\/\\\/schema.org\",\"@graph\":[{\"@type\":\"WebPage\",\"@id\":\"https:\\\/\\\/lovme.pt\\\/index.php\\\/produto\\\/nina-kiki-copo-menstrual-roxo-tamanho-s-6-1-grtis\\\/\",\"url\":\"https:\\\/\\\/lovme.pt\\\/index.php\\\/produto\\\/nina-kiki-copo-menstrual-roxo-tamanho-s-6-1-grtis\\\/\",\"name\":\"NINA KIK\u00cd - COPO MENSTRUAL ROXO TAMANHO S 6 + 1 GRTIS - Lovme\",\"isPartOf\":{\"@id\":\"https:\\\/\\\/lovme.pt\\\/#website\"},\"primaryImageOfPage\":{\"@id\":\"https:\\\/\\\/lovme.pt\\\/index.php\\\/produto\\\/nina-kiki-copo-menstrual-roxo-tamanho-s-6-1-grtis\\\/#primaryimage\"},\"image\":{\"@id\":\"https:\\\/\\\/lovme.pt\\\/index.php\\\/produto\\\/nina-kiki-copo-menstrual-roxo-tamanho-s-6-1-grtis\\\/#primaryimage\"},\"thumbnailUrl\":\"https:\\\/\\\/erki24nd3ub.exactdn.com\\\/wp-content\\\/uploads\\\/dream\\\/img\\\/img_53388_398236844339418e9c72bfd28bbdfc30_1.jpg?strip=all\",\"datePublished\":\"2025-10-01T02:54:03+00:00\",\"dateModified\":\"2026-02-19T20:21:57+00:00\",\"breadcrumb\":{\"@id\":\"https:\\\/\\\/lovme.pt\\\/index.php\\\/produto\\\/nina-kiki-copo-menstrual-roxo-tamanho-s-6-1-grtis\\\/#breadcrumb\"},\"inLanguage\":\"pt-PT\",\"potentialAction\":[{\"@type\":\"ReadAction\",\"target\":[\"https:\\\/\\\/lovme.pt\\\/index.php\\\/produto\\\/nina-kiki-copo-menstrual-roxo-tamanho-s-6-1-grtis\\\/\"]}]},{\"@type\":\"ImageObject\",\"inLanguage\":\"pt-PT\",\"@id\":\"https:\\\/\\\/lovme.pt\\\/index.php\\\/produto\\\/nina-kiki-copo-menstrual-roxo-tamanho-s-6-1-grtis\\\/#primaryimage\",\"url\":\"https:\\\/\\\/erki24nd3ub.exactdn.com\\\/wp-content\\\/uploads\\\/dream\\\/img\\\/img_53388_398236844339418e9c72bfd28bbdfc30_1.jpg?strip=all\",\"contentUrl\":\"https:\\\/\\\/erki24nd3ub.exactdn.com\\\/wp-content\\\/uploads\\\/dream\\\/img\\\/img_53388_398236844339418e9c72bfd28bbdfc30_1.jpg?strip=all\",\"width\":790,\"height\":789},{\"@type\":\"BreadcrumbList\",\"@id\":\"https:\\\/\\\/lovme.pt\\\/index.php\\\/produto\\\/nina-kiki-copo-menstrual-roxo-tamanho-s-6-1-grtis\\\/#breadcrumb\",\"itemListElement\":[{\"@type\":\"ListItem\",\"position\":1,\"name\":\"In\u00edcio\",\"item\":\"https:\\\/\\\/lovme.pt\\\/\"},{\"@type\":\"ListItem\",\"position\":2,\"name\":\"Loja\",\"item\":\"https:\\\/\\\/lovme.pt\\\/index.php\\\/loja\\\/\"},{\"@type\":\"ListItem\",\"position\":3,\"name\":\"NINA KIK\u00cd &#8211; COPO MENSTRUAL ROXO TAMANHO S 6 + 1 GRTIS\"}]},{\"@type\":\"WebSite\",\"@id\":\"https:\\\/\\\/lovme.pt\\\/#website\",\"url\":\"https:\\\/\\\/lovme.pt\\\/\",\"name\":\"Lovme Loja Er\u00f3tica N\u00ba1 em Portugal\",\"description\":\"A melhor loja er\u00f3tica de Portugal.\",\"alternateName\":\"Loja Er\u00f3tica Lovme\",\"potentialAction\":[{\"@type\":\"SearchAction\",\"target\":{\"@type\":\"EntryPoint\",\"urlTemplate\":\"https:\\\/\\\/lovme.pt\\\/?s={search_term_string}\"},\"query-input\":{\"@type\":\"PropertyValueSpecification\",\"valueRequired\":true,\"valueName\":\"search_term_string\"}}],\"inLanguage\":\"pt-PT\"}]}<\/script>\n<!-- \/ Yoast SEO plugin. -->","yoast_head_json":{"title":"NINA KIK\u00cd - COPO MENSTRUAL ROXO TAMANHO S 6 + 1 GRTIS - Lovme","robots":{"index":"index","follow":"follow","max-snippet":"max-snippet:-1","max-image-preview":"max-image-preview:large","max-video-preview":"max-video-preview:-1"},"canonical":"https:\/\/lovme.pt\/index.php\/produto\/nina-kiki-copo-menstrual-roxo-tamanho-s-6-1-grtis\/","og_locale":"pt_PT","og_type":"article","og_title":"NINA KIK\u00cd - COPO MENSTRUAL ROXO TAMANHO S 6 + 1 GRTIS - Lovme","og_description":"NINA KIK\u00cd - COPO MENSTRUAL ROXO TAMANHO S 6 + 1 GRTIS","og_url":"https:\/\/lovme.pt\/index.php\/produto\/nina-kiki-copo-menstrual-roxo-tamanho-s-6-1-grtis\/","og_site_name":"Lovme","article_modified_time":"2026-02-19T20:21:57+00:00","og_image":[{"width":790,"height":789,"url":"https:\/\/erki24nd3ub.exactdn.com\/wp-content\/uploads\/dream\/img\/img_53388_398236844339418e9c72bfd28bbdfc30_1.jpg?strip=all","type":"image\/jpeg"}],"twitter_card":"summary_large_image","twitter_misc":{"Tempo estimado de leitura":"1 minuto"},"schema":{"@context":"https:\/\/schema.org","@graph":[{"@type":"WebPage","@id":"https:\/\/lovme.pt\/index.php\/produto\/nina-kiki-copo-menstrual-roxo-tamanho-s-6-1-grtis\/","url":"https:\/\/lovme.pt\/index.php\/produto\/nina-kiki-copo-menstrual-roxo-tamanho-s-6-1-grtis\/","name":"NINA KIK\u00cd - COPO MENSTRUAL ROXO TAMANHO S 6 + 1 GRTIS - Lovme","isPartOf":{"@id":"https:\/\/lovme.pt\/#website"},"primaryImageOfPage":{"@id":"https:\/\/lovme.pt\/index.php\/produto\/nina-kiki-copo-menstrual-roxo-tamanho-s-6-1-grtis\/#primaryimage"},"image":{"@id":"https:\/\/lovme.pt\/index.php\/produto\/nina-kiki-copo-menstrual-roxo-tamanho-s-6-1-grtis\/#primaryimage"},"thumbnailUrl":"https:\/\/erki24nd3ub.exactdn.com\/wp-content\/uploads\/dream\/img\/img_53388_398236844339418e9c72bfd28bbdfc30_1.jpg?strip=all","datePublished":"2025-10-01T02:54:03+00:00","dateModified":"2026-02-19T20:21:57+00:00","breadcrumb":{"@id":"https:\/\/lovme.pt\/index.php\/produto\/nina-kiki-copo-menstrual-roxo-tamanho-s-6-1-grtis\/#breadcrumb"},"inLanguage":"pt-PT","potentialAction":[{"@type":"ReadAction","target":["https:\/\/lovme.pt\/index.php\/produto\/nina-kiki-copo-menstrual-roxo-tamanho-s-6-1-grtis\/"]}]},{"@type":"ImageObject","inLanguage":"pt-PT","@id":"https:\/\/lovme.pt\/index.php\/produto\/nina-kiki-copo-menstrual-roxo-tamanho-s-6-1-grtis\/#primaryimage","url":"https:\/\/erki24nd3ub.exactdn.com\/wp-content\/uploads\/dream\/img\/img_53388_398236844339418e9c72bfd28bbdfc30_1.jpg?strip=all","contentUrl":"https:\/\/erki24nd3ub.exactdn.com\/wp-content\/uploads\/dream\/img\/img_53388_398236844339418e9c72bfd28bbdfc30_1.jpg?strip=all","width":790,"height":789},{"@type":"BreadcrumbList","@id":"https:\/\/lovme.pt\/index.php\/produto\/nina-kiki-copo-menstrual-roxo-tamanho-s-6-1-grtis\/#breadcrumb","itemListElement":[{"@type":"ListItem","position":1,"name":"In\u00edcio","item":"https:\/\/lovme.pt\/"},{"@type":"ListItem","position":2,"name":"Loja","item":"https:\/\/lovme.pt\/index.php\/loja\/"},{"@type":"ListItem","position":3,"name":"NINA KIK\u00cd &#8211; COPO MENSTRUAL ROXO TAMANHO S 6 + 1 GRTIS"}]},{"@type":"WebSite","@id":"https:\/\/lovme.pt\/#website","url":"https:\/\/lovme.pt\/","name":"Lovme Loja Er\u00f3tica N\u00ba1 em Portugal","description":"A melhor loja er\u00f3tica de Portugal.","alternateName":"Loja Er\u00f3tica Lovme","potentialAction":[{"@type":"SearchAction","target":{"@type":"EntryPoint","urlTemplate":"https:\/\/lovme.pt\/?s={search_term_string}"},"query-input":{"@type":"PropertyValueSpecification","valueRequired":true,"valueName":"search_term_string"}}],"inLanguage":"pt-PT"}]}},"_links":{"self":[{"href":"https:\/\/lovme.pt\/index.php\/wp-json\/wp\/v2\/product\/20326","targetHints":{"allow":["GET"]}}],"collection":[{"href":"https:\/\/lovme.pt\/index.php\/wp-json\/wp\/v2\/product"}],"about":[{"href":"https:\/\/lovme.pt\/index.php\/wp-json\/wp\/v2\/types\/product"}],"wp:featuredmedia":[{"embeddable":true,"href":"https:\/\/lovme.pt\/index.php\/wp-json\/wp\/v2\/media\/99956"}],"wp:attachment":[{"href":"https:\/\/lovme.pt\/index.php\/wp-json\/wp\/v2\/media?parent=20326"}],"wp:term":[{"taxonomy":"product_brand","embeddable":true,"href":"https:\/\/lovme.pt\/index.php\/wp-json\/wp\/v2\/product_brand?post=20326"},{"taxonomy":"product_cat","embeddable":true,"href":"https:\/\/lovme.pt\/index.php\/wp-json\/wp\/v2\/product_cat?post=20326"},{"taxonomy":"product_tag","embeddable":true,"href":"https:\/\/lovme.pt\/index.php\/wp-json\/wp\/v2\/product_tag?post=20326"}],"curies":[{"name":"wp","href":"https:\/\/api.w.org\/{rel}","templated":true}]}}