{"id":20300,"date":"2025-09-30T09:40:09","date_gmt":"2025-09-30T09:40:09","guid":{"rendered":"https:\/\/lovme.pt\/?post_type=product&#038;p=20300"},"modified":"2026-02-19T20:01:20","modified_gmt":"2026-02-19T20:01:20","slug":"king-cock-vibrador-realistico-rigido-23-cm-natural","status":"publish","type":"product","link":"https:\/\/lovme.pt\/index.php\/produto\/king-cock-vibrador-realistico-rigido-23-cm-natural\/","title":{"rendered":"KING COCK &#8211; VIBRADOR REAL\u00cdSTICO R\u00cdGIDO 23 CM &#8211; NATURAL"},"content":{"rendered":"<p>Se voc\u00ea est\u00e1 procurando um vibrador realista que esteja sempre pronto para a a\u00e7\u00e3o, o vibrador King Cock Stiffy \u00e9 a escolha perfeita para desfrutar de um prazer incompar\u00e1vel ao m\u00e1ximo.<\/p>\n<p>Este vibrador \u00e9 feito na Am\u00e9rica. Com v\u00e1rias velocidades, selecione a que preferir e deixe-se levar por suas batidas incr\u00edveis. Tamb\u00e9m \u00e9 seguro para o corpo e livre de ftalatos. \u00c9 ainda melhor que o original! Experimente no chuveiro ou no spa e transforme a hora do banho em um momento de prazer.<\/p>\n<p>Submers\u00edvel<\/p>\n<ul>\n<li>Sem ftalatos<\/li>\n<li>Multivelocidade<\/li>\n<li>Di\u00e2metro: 6,4 cm<\/li>\n<li>Cor: Natural<\/li>\n<li>Pilhas: 2C (N\u00e3o inclusas. Encontre na se\u00e7\u00e3o de pilhas).<\/li>\n<\/ul>\n<p>\u00a0<\/p>\n<p style=\"text-align: center;\"><sup><iframe loading=\"lazy\" allowfullscreen=\"\" frameborder=\"0\" height=\"400\" mozallowfullscreen=\"\" src=\"https:\/\/player.vimeo.com\/video\/199738020\" webkitallowfullscreen=\"\" width=\"700\"><\/iframe><\/sup><\/p>\n","protected":false},"excerpt":{"rendered":"<p>KING COCK &#8211; 23 CM VIBRANTE R\u00cdGIDO &#8211; CARNE<\/p>\n","protected":false},"featured_media":55553,"template":"","meta":{"_acf_changed":false},"product_brand":[],"product_cat":[17,56,76],"product_tag":[],"class_list":{"0":"post-20300","1":"product","2":"type-product","3":"status-publish","4":"has-post-thumbnail","6":"product_cat-brinquedos-de-bem-estar-sexual","7":"product_cat-dildos-e-arneses","8":"product_cat-vibradores","9":"yith_product_brand-pipedreamsking-cock","10":"yith_product_brand-pipedreams","12":"first","13":"instock","14":"taxable","15":"shipping-taxable","16":"purchasable","17":"product-type-simple"},"acf":[],"yoast_head":"<!-- This site is optimized with the Yoast SEO plugin v27.4 - https:\/\/yoast.com\/product\/yoast-seo-wordpress\/ -->\n<title>KING COCK - VIBRADOR REAL\u00cdSTICO R\u00cdGIDO 23 CM - NATURAL - Lovme<\/title>\n<meta name=\"robots\" content=\"index, follow, max-snippet:-1, max-image-preview:large, max-video-preview:-1\" \/>\n<link rel=\"canonical\" href=\"https:\/\/lovme.pt\/index.php\/produto\/king-cock-vibrador-realistico-rigido-23-cm-natural\/\" \/>\n<meta property=\"og:locale\" content=\"pt_PT\" \/>\n<meta property=\"og:type\" content=\"article\" \/>\n<meta property=\"og:title\" content=\"KING COCK - VIBRADOR REAL\u00cdSTICO R\u00cdGIDO 23 CM - NATURAL - Lovme\" \/>\n<meta property=\"og:description\" content=\"KING COCK - 23 CM VIBRANTE R\u00cdGIDO - CARNE\" \/>\n<meta property=\"og:url\" content=\"https:\/\/lovme.pt\/index.php\/produto\/king-cock-vibrador-realistico-rigido-23-cm-natural\/\" \/>\n<meta property=\"og:site_name\" content=\"Lovme\" \/>\n<meta property=\"article:modified_time\" content=\"2026-02-19T20:01:20+00:00\" \/>\n<meta property=\"og:image\" content=\"https:\/\/erki24nd3ub.exactdn.com\/wp-content\/uploads\/dream\/img\/img_52728_cb9aeb923c3759a0d6297838be65a543_1.jpg?strip=all\" \/>\n\t<meta property=\"og:image:width\" content=\"800\" \/>\n\t<meta property=\"og:image:height\" content=\"800\" \/>\n\t<meta property=\"og:image:type\" content=\"image\/jpeg\" \/>\n<meta name=\"twitter:card\" content=\"summary_large_image\" \/>\n<meta name=\"twitter:label1\" content=\"Tempo estimado de leitura\" \/>\n\t<meta name=\"twitter:data1\" content=\"1 minuto\" \/>\n<script type=\"application\/ld+json\" class=\"yoast-schema-graph\">{\"@context\":\"https:\\\/\\\/schema.org\",\"@graph\":[{\"@type\":\"WebPage\",\"@id\":\"https:\\\/\\\/lovme.pt\\\/index.php\\\/produto\\\/king-cock-vibrador-realistico-rigido-23-cm-natural\\\/\",\"url\":\"https:\\\/\\\/lovme.pt\\\/index.php\\\/produto\\\/king-cock-vibrador-realistico-rigido-23-cm-natural\\\/\",\"name\":\"KING COCK - VIBRADOR REAL\u00cdSTICO R\u00cdGIDO 23 CM - NATURAL - Lovme\",\"isPartOf\":{\"@id\":\"https:\\\/\\\/lovme.pt\\\/#website\"},\"primaryImageOfPage\":{\"@id\":\"https:\\\/\\\/lovme.pt\\\/index.php\\\/produto\\\/king-cock-vibrador-realistico-rigido-23-cm-natural\\\/#primaryimage\"},\"image\":{\"@id\":\"https:\\\/\\\/lovme.pt\\\/index.php\\\/produto\\\/king-cock-vibrador-realistico-rigido-23-cm-natural\\\/#primaryimage\"},\"thumbnailUrl\":\"https:\\\/\\\/erki24nd3ub.exactdn.com\\\/wp-content\\\/uploads\\\/dream\\\/img\\\/img_52728_cb9aeb923c3759a0d6297838be65a543_1.jpg?strip=all\",\"datePublished\":\"2025-09-30T09:40:09+00:00\",\"dateModified\":\"2026-02-19T20:01:20+00:00\",\"breadcrumb\":{\"@id\":\"https:\\\/\\\/lovme.pt\\\/index.php\\\/produto\\\/king-cock-vibrador-realistico-rigido-23-cm-natural\\\/#breadcrumb\"},\"inLanguage\":\"pt-PT\",\"potentialAction\":[{\"@type\":\"ReadAction\",\"target\":[\"https:\\\/\\\/lovme.pt\\\/index.php\\\/produto\\\/king-cock-vibrador-realistico-rigido-23-cm-natural\\\/\"]}]},{\"@type\":\"ImageObject\",\"inLanguage\":\"pt-PT\",\"@id\":\"https:\\\/\\\/lovme.pt\\\/index.php\\\/produto\\\/king-cock-vibrador-realistico-rigido-23-cm-natural\\\/#primaryimage\",\"url\":\"https:\\\/\\\/erki24nd3ub.exactdn.com\\\/wp-content\\\/uploads\\\/dream\\\/img\\\/img_52728_cb9aeb923c3759a0d6297838be65a543_1.jpg?strip=all\",\"contentUrl\":\"https:\\\/\\\/erki24nd3ub.exactdn.com\\\/wp-content\\\/uploads\\\/dream\\\/img\\\/img_52728_cb9aeb923c3759a0d6297838be65a543_1.jpg?strip=all\",\"width\":800,\"height\":800},{\"@type\":\"BreadcrumbList\",\"@id\":\"https:\\\/\\\/lovme.pt\\\/index.php\\\/produto\\\/king-cock-vibrador-realistico-rigido-23-cm-natural\\\/#breadcrumb\",\"itemListElement\":[{\"@type\":\"ListItem\",\"position\":1,\"name\":\"In\u00edcio\",\"item\":\"https:\\\/\\\/lovme.pt\\\/\"},{\"@type\":\"ListItem\",\"position\":2,\"name\":\"Loja\",\"item\":\"https:\\\/\\\/lovme.pt\\\/index.php\\\/loja\\\/\"},{\"@type\":\"ListItem\",\"position\":3,\"name\":\"KING COCK &#8211; VIBRADOR REAL\u00cdSTICO R\u00cdGIDO 23 CM &#8211; NATURAL\"}]},{\"@type\":\"WebSite\",\"@id\":\"https:\\\/\\\/lovme.pt\\\/#website\",\"url\":\"https:\\\/\\\/lovme.pt\\\/\",\"name\":\"Lovme Loja Er\u00f3tica N\u00ba1 em Portugal\",\"description\":\"A melhor loja er\u00f3tica de Portugal.\",\"alternateName\":\"Loja Er\u00f3tica Lovme\",\"potentialAction\":[{\"@type\":\"SearchAction\",\"target\":{\"@type\":\"EntryPoint\",\"urlTemplate\":\"https:\\\/\\\/lovme.pt\\\/?s={search_term_string}\"},\"query-input\":{\"@type\":\"PropertyValueSpecification\",\"valueRequired\":true,\"valueName\":\"search_term_string\"}}],\"inLanguage\":\"pt-PT\"}]}<\/script>\n<!-- \/ Yoast SEO plugin. -->","yoast_head_json":{"title":"KING COCK - VIBRADOR REAL\u00cdSTICO R\u00cdGIDO 23 CM - NATURAL - Lovme","robots":{"index":"index","follow":"follow","max-snippet":"max-snippet:-1","max-image-preview":"max-image-preview:large","max-video-preview":"max-video-preview:-1"},"canonical":"https:\/\/lovme.pt\/index.php\/produto\/king-cock-vibrador-realistico-rigido-23-cm-natural\/","og_locale":"pt_PT","og_type":"article","og_title":"KING COCK - VIBRADOR REAL\u00cdSTICO R\u00cdGIDO 23 CM - NATURAL - Lovme","og_description":"KING COCK - 23 CM VIBRANTE R\u00cdGIDO - CARNE","og_url":"https:\/\/lovme.pt\/index.php\/produto\/king-cock-vibrador-realistico-rigido-23-cm-natural\/","og_site_name":"Lovme","article_modified_time":"2026-02-19T20:01:20+00:00","og_image":[{"width":800,"height":800,"url":"https:\/\/erki24nd3ub.exactdn.com\/wp-content\/uploads\/dream\/img\/img_52728_cb9aeb923c3759a0d6297838be65a543_1.jpg?strip=all","type":"image\/jpeg"}],"twitter_card":"summary_large_image","twitter_misc":{"Tempo estimado de leitura":"1 minuto"},"schema":{"@context":"https:\/\/schema.org","@graph":[{"@type":"WebPage","@id":"https:\/\/lovme.pt\/index.php\/produto\/king-cock-vibrador-realistico-rigido-23-cm-natural\/","url":"https:\/\/lovme.pt\/index.php\/produto\/king-cock-vibrador-realistico-rigido-23-cm-natural\/","name":"KING COCK - VIBRADOR REAL\u00cdSTICO R\u00cdGIDO 23 CM - NATURAL - Lovme","isPartOf":{"@id":"https:\/\/lovme.pt\/#website"},"primaryImageOfPage":{"@id":"https:\/\/lovme.pt\/index.php\/produto\/king-cock-vibrador-realistico-rigido-23-cm-natural\/#primaryimage"},"image":{"@id":"https:\/\/lovme.pt\/index.php\/produto\/king-cock-vibrador-realistico-rigido-23-cm-natural\/#primaryimage"},"thumbnailUrl":"https:\/\/erki24nd3ub.exactdn.com\/wp-content\/uploads\/dream\/img\/img_52728_cb9aeb923c3759a0d6297838be65a543_1.jpg?strip=all","datePublished":"2025-09-30T09:40:09+00:00","dateModified":"2026-02-19T20:01:20+00:00","breadcrumb":{"@id":"https:\/\/lovme.pt\/index.php\/produto\/king-cock-vibrador-realistico-rigido-23-cm-natural\/#breadcrumb"},"inLanguage":"pt-PT","potentialAction":[{"@type":"ReadAction","target":["https:\/\/lovme.pt\/index.php\/produto\/king-cock-vibrador-realistico-rigido-23-cm-natural\/"]}]},{"@type":"ImageObject","inLanguage":"pt-PT","@id":"https:\/\/lovme.pt\/index.php\/produto\/king-cock-vibrador-realistico-rigido-23-cm-natural\/#primaryimage","url":"https:\/\/erki24nd3ub.exactdn.com\/wp-content\/uploads\/dream\/img\/img_52728_cb9aeb923c3759a0d6297838be65a543_1.jpg?strip=all","contentUrl":"https:\/\/erki24nd3ub.exactdn.com\/wp-content\/uploads\/dream\/img\/img_52728_cb9aeb923c3759a0d6297838be65a543_1.jpg?strip=all","width":800,"height":800},{"@type":"BreadcrumbList","@id":"https:\/\/lovme.pt\/index.php\/produto\/king-cock-vibrador-realistico-rigido-23-cm-natural\/#breadcrumb","itemListElement":[{"@type":"ListItem","position":1,"name":"In\u00edcio","item":"https:\/\/lovme.pt\/"},{"@type":"ListItem","position":2,"name":"Loja","item":"https:\/\/lovme.pt\/index.php\/loja\/"},{"@type":"ListItem","position":3,"name":"KING COCK &#8211; VIBRADOR REAL\u00cdSTICO R\u00cdGIDO 23 CM &#8211; NATURAL"}]},{"@type":"WebSite","@id":"https:\/\/lovme.pt\/#website","url":"https:\/\/lovme.pt\/","name":"Lovme Loja Er\u00f3tica N\u00ba1 em Portugal","description":"A melhor loja er\u00f3tica de Portugal.","alternateName":"Loja Er\u00f3tica Lovme","potentialAction":[{"@type":"SearchAction","target":{"@type":"EntryPoint","urlTemplate":"https:\/\/lovme.pt\/?s={search_term_string}"},"query-input":{"@type":"PropertyValueSpecification","valueRequired":true,"valueName":"search_term_string"}}],"inLanguage":"pt-PT"}]}},"_links":{"self":[{"href":"https:\/\/lovme.pt\/index.php\/wp-json\/wp\/v2\/product\/20300","targetHints":{"allow":["GET"]}}],"collection":[{"href":"https:\/\/lovme.pt\/index.php\/wp-json\/wp\/v2\/product"}],"about":[{"href":"https:\/\/lovme.pt\/index.php\/wp-json\/wp\/v2\/types\/product"}],"wp:featuredmedia":[{"embeddable":true,"href":"https:\/\/lovme.pt\/index.php\/wp-json\/wp\/v2\/media\/55553"}],"wp:attachment":[{"href":"https:\/\/lovme.pt\/index.php\/wp-json\/wp\/v2\/media?parent=20300"}],"wp:term":[{"taxonomy":"product_brand","embeddable":true,"href":"https:\/\/lovme.pt\/index.php\/wp-json\/wp\/v2\/product_brand?post=20300"},{"taxonomy":"product_cat","embeddable":true,"href":"https:\/\/lovme.pt\/index.php\/wp-json\/wp\/v2\/product_cat?post=20300"},{"taxonomy":"product_tag","embeddable":true,"href":"https:\/\/lovme.pt\/index.php\/wp-json\/wp\/v2\/product_tag?post=20300"}],"curies":[{"name":"wp","href":"https:\/\/api.w.org\/{rel}","templated":true}]}}