{"id":17945,"date":"2025-09-30T20:20:52","date_gmt":"2025-09-30T20:20:52","guid":{"rendered":"https:\/\/lovme.pt\/?post_type=product&#038;p=17945"},"modified":"2026-04-14T12:54:25","modified_gmt":"2026-04-14T12:54:25","slug":"baile-sistema-de-aumento-do-penis-com-vibracao","status":"publish","type":"product","link":"https:\/\/lovme.pt\/index.php\/produto\/baile-sistema-de-aumento-do-penis-com-vibracao\/","title":{"rendered":"BAILE &#8211; SISTEMA DE AUMENTO DO P\u00caNIS COM VIBRA\u00c7\u00c3O"},"content":{"rendered":"<p>A bomba de medi&ccedil;&atilde;o autom&aacute;tica lhe dar&aacute; o tamanho e a confian&ccedil;a que voc&ecirc; sempre sonhou, sem quaisquer efeitos colaterais prejudiciais. A cada aperto do dedo, sua haste do prazer ficar&aacute; maior, mais espessa e inchar&aacute; com for&ccedil;a.<\/p>\n<p>Depois de penetrar na abertura de PVC suave e flex&iacute;vel, voc&ecirc; descobrir&aacute; rapidamente ere&ccedil;&otilde;es latejantes e duras como uma rocha que s&atilde;o &oacute;timas e duram e duram &#8211; sem perdas de desempenho no meio do caminho!<\/p>\n<p>O tubo de v&aacute;cuo transparente permite que voc&ecirc; observe o crescimento do seu p&ecirc;nis e voc&ecirc; pode aliviar a press&atilde;o instantaneamente descobrindo a v&aacute;lvula de libera&ccedil;&atilde;o de ar no cilindro da bomba. Para prolongar a ejacula&ccedil;&atilde;o, deslize o anel de aprimoramento inclu&iacute;do sobre seu eixo at&eacute; que esteja bem ajustado.<\/p>\n<p>O aperto forte prolongar&aacute; a gozada, ajudar&aacute; a manter sua ere&ccedil;&atilde;o e prolongar&aacute; a divers&atilde;o. Quando terminar, basta desconectar o cilindro da mangueira de v&aacute;cuo e restaur&aacute;-lo<\/p>\n<ul>\n<li>M&aacute;quina de bomba de ar<\/li>\n<li>Baterias: 3xAA<\/li>\n<li>Aperto de dedo<\/li>\n<li>Sistema de libera&ccedil;&atilde;o r&aacute;pida de ar<\/li>\n<li>Bala poderosa incorporada<\/li>\n<li>Controle remoto<\/li>\n<li>Cabe&ccedil;a com desenho de vagina.<\/li>\n<\/ul>\n","protected":false},"excerpt":{"rendered":"<p>BAILE &#8211; SISTEMA DE AUMENTO DO P\u00caNIS COM VIBRA\u00c7\u00c3O<\/p>\n","protected":false},"featured_media":67678,"template":"","meta":{"_acf_changed":false},"product_brand":[],"product_cat":[17,60],"product_tag":[],"class_list":{"0":"post-17945","1":"product","2":"type-product","3":"status-publish","4":"has-post-thumbnail","6":"product_cat-brinquedos-de-bem-estar-sexual","7":"product_cat-para-eles","8":"yith_product_brand-bailebaile-for-him","10":"first","11":"instock","12":"taxable","13":"shipping-taxable","14":"purchasable","15":"product-type-simple"},"acf":[],"yoast_head":"<!-- This site is optimized with the Yoast SEO plugin v27.4 - https:\/\/yoast.com\/product\/yoast-seo-wordpress\/ -->\n<title>BAILE - SISTEMA DE AUMENTO DO P\u00caNIS COM VIBRA\u00c7\u00c3O - Lovme<\/title>\n<meta name=\"robots\" content=\"index, follow, max-snippet:-1, max-image-preview:large, max-video-preview:-1\" \/>\n<link rel=\"canonical\" href=\"https:\/\/lovme.pt\/index.php\/produto\/baile-sistema-de-aumento-do-penis-com-vibracao\/\" \/>\n<meta property=\"og:locale\" content=\"pt_PT\" \/>\n<meta property=\"og:type\" content=\"article\" \/>\n<meta property=\"og:title\" content=\"BAILE - SISTEMA DE AUMENTO DO P\u00caNIS COM VIBRA\u00c7\u00c3O - Lovme\" \/>\n<meta property=\"og:description\" content=\"BAILE - SISTEMA DE AUMENTO DO P\u00caNIS COM VIBRA\u00c7\u00c3O\" \/>\n<meta property=\"og:url\" content=\"https:\/\/lovme.pt\/index.php\/produto\/baile-sistema-de-aumento-do-penis-com-vibracao\/\" \/>\n<meta property=\"og:site_name\" content=\"Lovme\" \/>\n<meta property=\"article:modified_time\" content=\"2026-04-14T12:54:25+00:00\" \/>\n<meta property=\"og:image\" content=\"https:\/\/erki24nd3ub.exactdn.com\/wp-content\/uploads\/dream\/img\/img_49991_8ab516dea40d9c012e0f81e8a887a84e_1.jpg?strip=all\" \/>\n\t<meta property=\"og:image:width\" content=\"800\" \/>\n\t<meta property=\"og:image:height\" content=\"800\" \/>\n\t<meta property=\"og:image:type\" content=\"image\/jpeg\" \/>\n<meta name=\"twitter:card\" content=\"summary_large_image\" \/>\n<meta name=\"twitter:label1\" content=\"Tempo estimado de leitura\" \/>\n\t<meta name=\"twitter:data1\" content=\"1 minuto\" \/>\n<script type=\"application\/ld+json\" class=\"yoast-schema-graph\">{\"@context\":\"https:\\\/\\\/schema.org\",\"@graph\":[{\"@type\":\"WebPage\",\"@id\":\"https:\\\/\\\/lovme.pt\\\/index.php\\\/produto\\\/baile-sistema-de-aumento-do-penis-com-vibracao\\\/\",\"url\":\"https:\\\/\\\/lovme.pt\\\/index.php\\\/produto\\\/baile-sistema-de-aumento-do-penis-com-vibracao\\\/\",\"name\":\"BAILE - SISTEMA DE AUMENTO DO P\u00caNIS COM VIBRA\u00c7\u00c3O - Lovme\",\"isPartOf\":{\"@id\":\"https:\\\/\\\/lovme.pt\\\/#website\"},\"primaryImageOfPage\":{\"@id\":\"https:\\\/\\\/lovme.pt\\\/index.php\\\/produto\\\/baile-sistema-de-aumento-do-penis-com-vibracao\\\/#primaryimage\"},\"image\":{\"@id\":\"https:\\\/\\\/lovme.pt\\\/index.php\\\/produto\\\/baile-sistema-de-aumento-do-penis-com-vibracao\\\/#primaryimage\"},\"thumbnailUrl\":\"https:\\\/\\\/erki24nd3ub.exactdn.com\\\/wp-content\\\/uploads\\\/dream\\\/img\\\/img_49991_8ab516dea40d9c012e0f81e8a887a84e_1.jpg?strip=all\",\"datePublished\":\"2025-09-30T20:20:52+00:00\",\"dateModified\":\"2026-04-14T12:54:25+00:00\",\"breadcrumb\":{\"@id\":\"https:\\\/\\\/lovme.pt\\\/index.php\\\/produto\\\/baile-sistema-de-aumento-do-penis-com-vibracao\\\/#breadcrumb\"},\"inLanguage\":\"pt-PT\",\"potentialAction\":[{\"@type\":\"ReadAction\",\"target\":[\"https:\\\/\\\/lovme.pt\\\/index.php\\\/produto\\\/baile-sistema-de-aumento-do-penis-com-vibracao\\\/\"]}]},{\"@type\":\"ImageObject\",\"inLanguage\":\"pt-PT\",\"@id\":\"https:\\\/\\\/lovme.pt\\\/index.php\\\/produto\\\/baile-sistema-de-aumento-do-penis-com-vibracao\\\/#primaryimage\",\"url\":\"https:\\\/\\\/erki24nd3ub.exactdn.com\\\/wp-content\\\/uploads\\\/dream\\\/img\\\/img_49991_8ab516dea40d9c012e0f81e8a887a84e_1.jpg?strip=all\",\"contentUrl\":\"https:\\\/\\\/erki24nd3ub.exactdn.com\\\/wp-content\\\/uploads\\\/dream\\\/img\\\/img_49991_8ab516dea40d9c012e0f81e8a887a84e_1.jpg?strip=all\",\"width\":800,\"height\":800},{\"@type\":\"BreadcrumbList\",\"@id\":\"https:\\\/\\\/lovme.pt\\\/index.php\\\/produto\\\/baile-sistema-de-aumento-do-penis-com-vibracao\\\/#breadcrumb\",\"itemListElement\":[{\"@type\":\"ListItem\",\"position\":1,\"name\":\"In\u00edcio\",\"item\":\"https:\\\/\\\/lovme.pt\\\/\"},{\"@type\":\"ListItem\",\"position\":2,\"name\":\"Loja\",\"item\":\"https:\\\/\\\/lovme.pt\\\/index.php\\\/loja\\\/\"},{\"@type\":\"ListItem\",\"position\":3,\"name\":\"BAILE &#8211; SISTEMA DE AUMENTO DO P\u00caNIS COM VIBRA\u00c7\u00c3O\"}]},{\"@type\":\"WebSite\",\"@id\":\"https:\\\/\\\/lovme.pt\\\/#website\",\"url\":\"https:\\\/\\\/lovme.pt\\\/\",\"name\":\"Lovme Loja Er\u00f3tica N\u00ba1 em Portugal\",\"description\":\"A melhor loja er\u00f3tica de Portugal.\",\"alternateName\":\"Loja Er\u00f3tica Lovme\",\"potentialAction\":[{\"@type\":\"SearchAction\",\"target\":{\"@type\":\"EntryPoint\",\"urlTemplate\":\"https:\\\/\\\/lovme.pt\\\/?s={search_term_string}\"},\"query-input\":{\"@type\":\"PropertyValueSpecification\",\"valueRequired\":true,\"valueName\":\"search_term_string\"}}],\"inLanguage\":\"pt-PT\"}]}<\/script>\n<!-- \/ Yoast SEO plugin. -->","yoast_head_json":{"title":"BAILE - SISTEMA DE AUMENTO DO P\u00caNIS COM VIBRA\u00c7\u00c3O - Lovme","robots":{"index":"index","follow":"follow","max-snippet":"max-snippet:-1","max-image-preview":"max-image-preview:large","max-video-preview":"max-video-preview:-1"},"canonical":"https:\/\/lovme.pt\/index.php\/produto\/baile-sistema-de-aumento-do-penis-com-vibracao\/","og_locale":"pt_PT","og_type":"article","og_title":"BAILE - SISTEMA DE AUMENTO DO P\u00caNIS COM VIBRA\u00c7\u00c3O - Lovme","og_description":"BAILE - SISTEMA DE AUMENTO DO P\u00caNIS COM VIBRA\u00c7\u00c3O","og_url":"https:\/\/lovme.pt\/index.php\/produto\/baile-sistema-de-aumento-do-penis-com-vibracao\/","og_site_name":"Lovme","article_modified_time":"2026-04-14T12:54:25+00:00","og_image":[{"width":800,"height":800,"url":"https:\/\/erki24nd3ub.exactdn.com\/wp-content\/uploads\/dream\/img\/img_49991_8ab516dea40d9c012e0f81e8a887a84e_1.jpg?strip=all","type":"image\/jpeg"}],"twitter_card":"summary_large_image","twitter_misc":{"Tempo estimado de leitura":"1 minuto"},"schema":{"@context":"https:\/\/schema.org","@graph":[{"@type":"WebPage","@id":"https:\/\/lovme.pt\/index.php\/produto\/baile-sistema-de-aumento-do-penis-com-vibracao\/","url":"https:\/\/lovme.pt\/index.php\/produto\/baile-sistema-de-aumento-do-penis-com-vibracao\/","name":"BAILE - SISTEMA DE AUMENTO DO P\u00caNIS COM VIBRA\u00c7\u00c3O - Lovme","isPartOf":{"@id":"https:\/\/lovme.pt\/#website"},"primaryImageOfPage":{"@id":"https:\/\/lovme.pt\/index.php\/produto\/baile-sistema-de-aumento-do-penis-com-vibracao\/#primaryimage"},"image":{"@id":"https:\/\/lovme.pt\/index.php\/produto\/baile-sistema-de-aumento-do-penis-com-vibracao\/#primaryimage"},"thumbnailUrl":"https:\/\/erki24nd3ub.exactdn.com\/wp-content\/uploads\/dream\/img\/img_49991_8ab516dea40d9c012e0f81e8a887a84e_1.jpg?strip=all","datePublished":"2025-09-30T20:20:52+00:00","dateModified":"2026-04-14T12:54:25+00:00","breadcrumb":{"@id":"https:\/\/lovme.pt\/index.php\/produto\/baile-sistema-de-aumento-do-penis-com-vibracao\/#breadcrumb"},"inLanguage":"pt-PT","potentialAction":[{"@type":"ReadAction","target":["https:\/\/lovme.pt\/index.php\/produto\/baile-sistema-de-aumento-do-penis-com-vibracao\/"]}]},{"@type":"ImageObject","inLanguage":"pt-PT","@id":"https:\/\/lovme.pt\/index.php\/produto\/baile-sistema-de-aumento-do-penis-com-vibracao\/#primaryimage","url":"https:\/\/erki24nd3ub.exactdn.com\/wp-content\/uploads\/dream\/img\/img_49991_8ab516dea40d9c012e0f81e8a887a84e_1.jpg?strip=all","contentUrl":"https:\/\/erki24nd3ub.exactdn.com\/wp-content\/uploads\/dream\/img\/img_49991_8ab516dea40d9c012e0f81e8a887a84e_1.jpg?strip=all","width":800,"height":800},{"@type":"BreadcrumbList","@id":"https:\/\/lovme.pt\/index.php\/produto\/baile-sistema-de-aumento-do-penis-com-vibracao\/#breadcrumb","itemListElement":[{"@type":"ListItem","position":1,"name":"In\u00edcio","item":"https:\/\/lovme.pt\/"},{"@type":"ListItem","position":2,"name":"Loja","item":"https:\/\/lovme.pt\/index.php\/loja\/"},{"@type":"ListItem","position":3,"name":"BAILE &#8211; SISTEMA DE AUMENTO DO P\u00caNIS COM VIBRA\u00c7\u00c3O"}]},{"@type":"WebSite","@id":"https:\/\/lovme.pt\/#website","url":"https:\/\/lovme.pt\/","name":"Lovme Loja Er\u00f3tica N\u00ba1 em Portugal","description":"A melhor loja er\u00f3tica de Portugal.","alternateName":"Loja Er\u00f3tica Lovme","potentialAction":[{"@type":"SearchAction","target":{"@type":"EntryPoint","urlTemplate":"https:\/\/lovme.pt\/?s={search_term_string}"},"query-input":{"@type":"PropertyValueSpecification","valueRequired":true,"valueName":"search_term_string"}}],"inLanguage":"pt-PT"}]}},"_links":{"self":[{"href":"https:\/\/lovme.pt\/index.php\/wp-json\/wp\/v2\/product\/17945","targetHints":{"allow":["GET"]}}],"collection":[{"href":"https:\/\/lovme.pt\/index.php\/wp-json\/wp\/v2\/product"}],"about":[{"href":"https:\/\/lovme.pt\/index.php\/wp-json\/wp\/v2\/types\/product"}],"wp:featuredmedia":[{"embeddable":true,"href":"https:\/\/lovme.pt\/index.php\/wp-json\/wp\/v2\/media\/67678"}],"wp:attachment":[{"href":"https:\/\/lovme.pt\/index.php\/wp-json\/wp\/v2\/media?parent=17945"}],"wp:term":[{"taxonomy":"product_brand","embeddable":true,"href":"https:\/\/lovme.pt\/index.php\/wp-json\/wp\/v2\/product_brand?post=17945"},{"taxonomy":"product_cat","embeddable":true,"href":"https:\/\/lovme.pt\/index.php\/wp-json\/wp\/v2\/product_cat?post=17945"},{"taxonomy":"product_tag","embeddable":true,"href":"https:\/\/lovme.pt\/index.php\/wp-json\/wp\/v2\/product_tag?post=17945"}],"curies":[{"name":"wp","href":"https:\/\/api.w.org\/{rel}","templated":true}]}}