{"id":17693,"date":"2025-09-30T22:20:39","date_gmt":"2025-09-30T22:20:39","guid":{"rendered":"https:\/\/lovme.pt\/?post_type=product&#038;p=17693"},"modified":"2026-04-16T12:54:01","modified_gmt":"2026-04-16T12:54:01","slug":"shunga-creme-sensivel-a-dragao-para-casais","status":"publish","type":"product","link":"https:\/\/lovme.pt\/index.php\/produto\/shunga-creme-sensivel-a-dragao-para-casais\/","title":{"rendered":"SHUNGA &#8211; CREME SENS\u00cdVEL A DRAG\u00c3O PARA CASAIS"},"content":{"rendered":"<ul>\n<li>100% Feito com extratos de ervas e ingredientes naturais<\/li>\n<li>Compat&iacute;vel com l&aacute;tex<\/li>\n<li>Texturizado<\/li>\n<li>Agrad&aacute;vel com ou sem parceiro.<\/li>\n<li>30 a 45 minutos de efeito Hot &amp; Cold, sensa&ccedil;&atilde;o para &oacute;timo desempenho.<\/li>\n<\/ul>\n<p>Muitas pessoas procuram a sensa&ccedil;&atilde;o do efeito Quente e Frio para desfrutar de fazer amor. Portanto, Shuga oferece uma sensa&ccedil;&atilde;o suave nesta nova vers&atilde;o do Dragon. &Eacute; um pouco menos intenso para sexo divertido.<\/p>\n<p>O creme &eacute; aplicado com uma massagem suave no p&ecirc;nis 30 segundos antes da a&ccedil;&atilde;o, pode ser usado durante a masturba&ccedil;&atilde;o ou sexo com parceiro. Esfregue suavemente a sua zona genital com a do seu parceiro e sentir&aacute; prazer em ambos ao mesmo tempo! Como todo mundo, a sensa&ccedil;&atilde;o vai variar dependendo da pessoa e da sua sensibilidade.<\/p>\n<p>Aten&ccedil;&atilde;o: A primeira sensa&ccedil;&atilde;o ao contato pode ser um efeito de calor intenso que se alterna com a sensa&ccedil;&atilde;o de frio diminuindo suavemente em segundos de contato com a pele.<\/p>\n<ul>\n<li>N&atilde;o &eacute; recomendado o uso em mulheres gr&aacute;vidas ou pessoas com Herpes nas &aacute;reas genitais.<\/li>\n<\/ul>\n<p>Recipiente de 60ml<\/p>\n<p>Ingredientes (INCI): &Aacute;gua\/Eau (Aqua), Glicerina USP\/Glicerina USP, Propilenoglicol, &Oacute;leo de C&aacute;rtamo\/Huile de carthame (&Oacute;leo de Semente de Carthamus Tinctorius), Triglicerina Capr&iacute;lica\/Capric, Poliisobuteno Hidrogenado e Etileno\/Propileno\/Estireno, Copol&iacute;mero, (E) Butileno\/Etileno\/Estireno, Copol&iacute;mero, Sabor\/Saveur (Aroma), &Oacute;leo de Am&ecirc;ndoa Doce\/Huile d&#039;amande douce (&Oacute;leo de Am&ecirc;ndoa (Prunus Dulcis)), &Oacute;leo de Semente de Uva\/Huile de p&eacute;pin de raisin (Uva (Vitis Vinefera ) &Oacute;leo de Semente), &Oacute;leo de Gergelim\/Huile de gergelim (&Oacute;leo de Semente de Gergelim (Sesamum Indicium)), &Oacute;leo de Abacate\/Huile d&#039;avocat (&Oacute;leo de Persea Gratissima (Abacate)), Arginina, Lactato de Mentil, &Aacute;cido C&iacute;trico\/&Aacute;cido c&iacute;trico, Poliquaterium-7, poligliceril-6 octastearato, hidroxitetil celulose, poligliceril-10 mono\/dioleato, acrilatos\/pol&iacute;mero cruzado de acrilato de alquila C10-30, sucralose, carb&ocirc;mero, &eacute;ter but&iacute;lico de vanilil, mistura propriet&aacute;ria de extrato de \/ M&eacute;lange exclusif de (raiz de Lepidium meyenii, Epimedium Erva Grandiflorum C, Tribulus Terrestris, Semente de Paullinia Cupana (Guaran&aacute;), Ptychopetalum olacoides), Vitamina \/ Vitamina E (Tocoferol), Capsicum, &Aacute;lcool Benz&iacute;lico, Hidroxitolueno Butilado (BHT).<\/p>\n<p style=\"text-align: center\">\n","protected":false},"excerpt":{"rendered":"<p>EMBALAGEM DISPON\u00cdVEL EM: \/es\/en\/fr\/de\/<\/p>\n","protected":false},"featured_media":76993,"template":"","meta":{"_acf_changed":false},"product_brand":[],"product_cat":[49,52],"product_tag":[],"class_list":{"0":"post-17693","1":"product","2":"type-product","3":"status-publish","4":"has-post-thumbnail","6":"product_cat-cosmeticos","7":"product_cat-estimulantes","8":"yith_product_brand-shungashunga-aphrodisiacs","10":"first","11":"instock","12":"taxable","13":"shipping-taxable","14":"purchasable","15":"product-type-simple"},"acf":[],"yoast_head":"<!-- This site is optimized with the Yoast SEO plugin v27.4 - https:\/\/yoast.com\/product\/yoast-seo-wordpress\/ -->\n<title>SHUNGA - CREME SENS\u00cdVEL A DRAG\u00c3O PARA CASAIS - Lovme<\/title>\n<meta name=\"robots\" content=\"index, follow, max-snippet:-1, max-image-preview:large, max-video-preview:-1\" \/>\n<link rel=\"canonical\" href=\"https:\/\/lovme.pt\/index.php\/produto\/shunga-creme-sensivel-a-dragao-para-casais\/\" \/>\n<meta property=\"og:locale\" content=\"pt_PT\" \/>\n<meta property=\"og:type\" content=\"article\" \/>\n<meta property=\"og:title\" content=\"SHUNGA - CREME SENS\u00cdVEL A DRAG\u00c3O PARA CASAIS - Lovme\" \/>\n<meta property=\"og:description\" content=\"EMBALAGEM DISPON\u00cdVEL EM: \/es\/en\/fr\/de\/\" \/>\n<meta property=\"og:url\" content=\"https:\/\/lovme.pt\/index.php\/produto\/shunga-creme-sensivel-a-dragao-para-casais\/\" \/>\n<meta property=\"og:site_name\" content=\"Lovme\" \/>\n<meta property=\"article:modified_time\" content=\"2026-04-16T12:54:01+00:00\" \/>\n<meta property=\"og:image\" content=\"https:\/\/erki24nd3ub.exactdn.com\/wp-content\/uploads\/dream\/img\/img_48999_493f79cda7175b8baae970f25df78fe8_1.jpg?strip=all\" \/>\n\t<meta property=\"og:image:width\" content=\"790\" \/>\n\t<meta property=\"og:image:height\" content=\"789\" \/>\n\t<meta property=\"og:image:type\" content=\"image\/jpeg\" \/>\n<meta name=\"twitter:card\" content=\"summary_large_image\" \/>\n<meta name=\"twitter:label1\" content=\"Tempo estimado de leitura\" \/>\n\t<meta name=\"twitter:data1\" content=\"2 minutos\" \/>\n<script type=\"application\/ld+json\" class=\"yoast-schema-graph\">{\"@context\":\"https:\\\/\\\/schema.org\",\"@graph\":[{\"@type\":\"WebPage\",\"@id\":\"https:\\\/\\\/lovme.pt\\\/index.php\\\/produto\\\/shunga-creme-sensivel-a-dragao-para-casais\\\/\",\"url\":\"https:\\\/\\\/lovme.pt\\\/index.php\\\/produto\\\/shunga-creme-sensivel-a-dragao-para-casais\\\/\",\"name\":\"SHUNGA - CREME SENS\u00cdVEL A DRAG\u00c3O PARA CASAIS - Lovme\",\"isPartOf\":{\"@id\":\"https:\\\/\\\/lovme.pt\\\/#website\"},\"primaryImageOfPage\":{\"@id\":\"https:\\\/\\\/lovme.pt\\\/index.php\\\/produto\\\/shunga-creme-sensivel-a-dragao-para-casais\\\/#primaryimage\"},\"image\":{\"@id\":\"https:\\\/\\\/lovme.pt\\\/index.php\\\/produto\\\/shunga-creme-sensivel-a-dragao-para-casais\\\/#primaryimage\"},\"thumbnailUrl\":\"https:\\\/\\\/erki24nd3ub.exactdn.com\\\/wp-content\\\/uploads\\\/dream\\\/img\\\/img_48999_493f79cda7175b8baae970f25df78fe8_1.jpg?strip=all\",\"datePublished\":\"2025-09-30T22:20:39+00:00\",\"dateModified\":\"2026-04-16T12:54:01+00:00\",\"breadcrumb\":{\"@id\":\"https:\\\/\\\/lovme.pt\\\/index.php\\\/produto\\\/shunga-creme-sensivel-a-dragao-para-casais\\\/#breadcrumb\"},\"inLanguage\":\"pt-PT\",\"potentialAction\":[{\"@type\":\"ReadAction\",\"target\":[\"https:\\\/\\\/lovme.pt\\\/index.php\\\/produto\\\/shunga-creme-sensivel-a-dragao-para-casais\\\/\"]}]},{\"@type\":\"ImageObject\",\"inLanguage\":\"pt-PT\",\"@id\":\"https:\\\/\\\/lovme.pt\\\/index.php\\\/produto\\\/shunga-creme-sensivel-a-dragao-para-casais\\\/#primaryimage\",\"url\":\"https:\\\/\\\/erki24nd3ub.exactdn.com\\\/wp-content\\\/uploads\\\/dream\\\/img\\\/img_48999_493f79cda7175b8baae970f25df78fe8_1.jpg?strip=all\",\"contentUrl\":\"https:\\\/\\\/erki24nd3ub.exactdn.com\\\/wp-content\\\/uploads\\\/dream\\\/img\\\/img_48999_493f79cda7175b8baae970f25df78fe8_1.jpg?strip=all\",\"width\":790,\"height\":789},{\"@type\":\"BreadcrumbList\",\"@id\":\"https:\\\/\\\/lovme.pt\\\/index.php\\\/produto\\\/shunga-creme-sensivel-a-dragao-para-casais\\\/#breadcrumb\",\"itemListElement\":[{\"@type\":\"ListItem\",\"position\":1,\"name\":\"In\u00edcio\",\"item\":\"https:\\\/\\\/lovme.pt\\\/\"},{\"@type\":\"ListItem\",\"position\":2,\"name\":\"Loja\",\"item\":\"https:\\\/\\\/lovme.pt\\\/index.php\\\/loja\\\/\"},{\"@type\":\"ListItem\",\"position\":3,\"name\":\"SHUNGA &#8211; CREME SENS\u00cdVEL A DRAG\u00c3O PARA CASAIS\"}]},{\"@type\":\"WebSite\",\"@id\":\"https:\\\/\\\/lovme.pt\\\/#website\",\"url\":\"https:\\\/\\\/lovme.pt\\\/\",\"name\":\"Lovme Loja Er\u00f3tica N\u00ba1 em Portugal\",\"description\":\"A melhor loja er\u00f3tica de Portugal.\",\"alternateName\":\"Loja Er\u00f3tica Lovme\",\"potentialAction\":[{\"@type\":\"SearchAction\",\"target\":{\"@type\":\"EntryPoint\",\"urlTemplate\":\"https:\\\/\\\/lovme.pt\\\/?s={search_term_string}\"},\"query-input\":{\"@type\":\"PropertyValueSpecification\",\"valueRequired\":true,\"valueName\":\"search_term_string\"}}],\"inLanguage\":\"pt-PT\"}]}<\/script>\n<!-- \/ Yoast SEO plugin. -->","yoast_head_json":{"title":"SHUNGA - CREME SENS\u00cdVEL A DRAG\u00c3O PARA CASAIS - Lovme","robots":{"index":"index","follow":"follow","max-snippet":"max-snippet:-1","max-image-preview":"max-image-preview:large","max-video-preview":"max-video-preview:-1"},"canonical":"https:\/\/lovme.pt\/index.php\/produto\/shunga-creme-sensivel-a-dragao-para-casais\/","og_locale":"pt_PT","og_type":"article","og_title":"SHUNGA - CREME SENS\u00cdVEL A DRAG\u00c3O PARA CASAIS - Lovme","og_description":"EMBALAGEM DISPON\u00cdVEL EM: \/es\/en\/fr\/de\/","og_url":"https:\/\/lovme.pt\/index.php\/produto\/shunga-creme-sensivel-a-dragao-para-casais\/","og_site_name":"Lovme","article_modified_time":"2026-04-16T12:54:01+00:00","og_image":[{"width":790,"height":789,"url":"https:\/\/erki24nd3ub.exactdn.com\/wp-content\/uploads\/dream\/img\/img_48999_493f79cda7175b8baae970f25df78fe8_1.jpg?strip=all","type":"image\/jpeg"}],"twitter_card":"summary_large_image","twitter_misc":{"Tempo estimado de leitura":"2 minutos"},"schema":{"@context":"https:\/\/schema.org","@graph":[{"@type":"WebPage","@id":"https:\/\/lovme.pt\/index.php\/produto\/shunga-creme-sensivel-a-dragao-para-casais\/","url":"https:\/\/lovme.pt\/index.php\/produto\/shunga-creme-sensivel-a-dragao-para-casais\/","name":"SHUNGA - CREME SENS\u00cdVEL A DRAG\u00c3O PARA CASAIS - Lovme","isPartOf":{"@id":"https:\/\/lovme.pt\/#website"},"primaryImageOfPage":{"@id":"https:\/\/lovme.pt\/index.php\/produto\/shunga-creme-sensivel-a-dragao-para-casais\/#primaryimage"},"image":{"@id":"https:\/\/lovme.pt\/index.php\/produto\/shunga-creme-sensivel-a-dragao-para-casais\/#primaryimage"},"thumbnailUrl":"https:\/\/erki24nd3ub.exactdn.com\/wp-content\/uploads\/dream\/img\/img_48999_493f79cda7175b8baae970f25df78fe8_1.jpg?strip=all","datePublished":"2025-09-30T22:20:39+00:00","dateModified":"2026-04-16T12:54:01+00:00","breadcrumb":{"@id":"https:\/\/lovme.pt\/index.php\/produto\/shunga-creme-sensivel-a-dragao-para-casais\/#breadcrumb"},"inLanguage":"pt-PT","potentialAction":[{"@type":"ReadAction","target":["https:\/\/lovme.pt\/index.php\/produto\/shunga-creme-sensivel-a-dragao-para-casais\/"]}]},{"@type":"ImageObject","inLanguage":"pt-PT","@id":"https:\/\/lovme.pt\/index.php\/produto\/shunga-creme-sensivel-a-dragao-para-casais\/#primaryimage","url":"https:\/\/erki24nd3ub.exactdn.com\/wp-content\/uploads\/dream\/img\/img_48999_493f79cda7175b8baae970f25df78fe8_1.jpg?strip=all","contentUrl":"https:\/\/erki24nd3ub.exactdn.com\/wp-content\/uploads\/dream\/img\/img_48999_493f79cda7175b8baae970f25df78fe8_1.jpg?strip=all","width":790,"height":789},{"@type":"BreadcrumbList","@id":"https:\/\/lovme.pt\/index.php\/produto\/shunga-creme-sensivel-a-dragao-para-casais\/#breadcrumb","itemListElement":[{"@type":"ListItem","position":1,"name":"In\u00edcio","item":"https:\/\/lovme.pt\/"},{"@type":"ListItem","position":2,"name":"Loja","item":"https:\/\/lovme.pt\/index.php\/loja\/"},{"@type":"ListItem","position":3,"name":"SHUNGA &#8211; CREME SENS\u00cdVEL A DRAG\u00c3O PARA CASAIS"}]},{"@type":"WebSite","@id":"https:\/\/lovme.pt\/#website","url":"https:\/\/lovme.pt\/","name":"Lovme Loja Er\u00f3tica N\u00ba1 em Portugal","description":"A melhor loja er\u00f3tica de Portugal.","alternateName":"Loja Er\u00f3tica Lovme","potentialAction":[{"@type":"SearchAction","target":{"@type":"EntryPoint","urlTemplate":"https:\/\/lovme.pt\/?s={search_term_string}"},"query-input":{"@type":"PropertyValueSpecification","valueRequired":true,"valueName":"search_term_string"}}],"inLanguage":"pt-PT"}]}},"_links":{"self":[{"href":"https:\/\/lovme.pt\/index.php\/wp-json\/wp\/v2\/product\/17693","targetHints":{"allow":["GET"]}}],"collection":[{"href":"https:\/\/lovme.pt\/index.php\/wp-json\/wp\/v2\/product"}],"about":[{"href":"https:\/\/lovme.pt\/index.php\/wp-json\/wp\/v2\/types\/product"}],"wp:featuredmedia":[{"embeddable":true,"href":"https:\/\/lovme.pt\/index.php\/wp-json\/wp\/v2\/media\/76993"}],"wp:attachment":[{"href":"https:\/\/lovme.pt\/index.php\/wp-json\/wp\/v2\/media?parent=17693"}],"wp:term":[{"taxonomy":"product_brand","embeddable":true,"href":"https:\/\/lovme.pt\/index.php\/wp-json\/wp\/v2\/product_brand?post=17693"},{"taxonomy":"product_cat","embeddable":true,"href":"https:\/\/lovme.pt\/index.php\/wp-json\/wp\/v2\/product_cat?post=17693"},{"taxonomy":"product_tag","embeddable":true,"href":"https:\/\/lovme.pt\/index.php\/wp-json\/wp\/v2\/product_tag?post=17693"}],"curies":[{"name":"wp","href":"https:\/\/api.w.org\/{rel}","templated":true}]}}