{"id":17399,"date":"2025-09-30T09:53:15","date_gmt":"2025-09-30T09:53:15","guid":{"rendered":"https:\/\/lovme.pt\/?post_type=product&#038;p=17399"},"modified":"2026-04-14T09:52:44","modified_gmt":"2026-04-14T09:52:44","slug":"500-cosmetics-eletroestimulacao-u-tonica-tonificacao-e-reafirmacao-muscular","status":"publish","type":"product","link":"https:\/\/lovme.pt\/index.php\/produto\/500-cosmetics-eletroestimulacao-u-tonica-tonificacao-e-reafirmacao-muscular\/","title":{"rendered":"500 COSMETICS &#8211; ELETROESTIMULA\u00c7\u00c3O U T\u00d4NICA TONIFICA\u00c7\u00c3O E REAFIRMA\u00c7\u00c3O MUSCULAR"},"content":{"rendered":"<p>U-Tonic &eacute; um aparelho de massagem que funciona por meio de impulsos el&eacute;tricos de baixa frequ&ecirc;ncia em um sistema microcomputador. Ajuda n&atilde;o s&oacute; a acalmar dores musculares, mas a tonificar o corpo como se fossem exerc&iacute;cios abdominais, peitorais ou n&aacute;degas. Consegue firmar a pele de forma confort&aacute;vel, moderna, eficaz e sem sair de casa.<\/p>\n<p>U-Tonic &eacute; indicado para:<\/p>\n<ul>\n<li>Pele firme e fl&aacute;cida<\/li>\n<li>Tonifique os m&uacute;sculos<\/li>\n<li>Relaxe as contraturas<\/li>\n<\/ul>\n<p>O toner U-Tonic inclui:<\/p>\n<ul>\n<li>Dispositivo de eletroestimula&ccedil;&atilde;o<\/li>\n<li>4 unidades vibrat&oacute;rias (2 delas sobressalentes)<\/li>\n<li>Manual de instru&ccedil;&otilde;es em v&aacute;rios idiomas.<\/li>\n<\/ul>\n<p>Como funciona:<\/p>\n<p>U-Tonic &eacute; um aparelho de eletroestimula&ccedil;&atilde;o elaborado de acordo com os mais modernos padr&otilde;es tecnol&oacute;gicos com um avan&ccedil;ado sistema micro-informatizado, equipado com tela LCD e 4 unidades vibrat&oacute;rias ligadas por 2 cabos para tonificar e firmar a musculatura, obtendo resultados inigual&aacute;veis. Possui 5 modos de massagem e 16 n&iacute;veis de intensidade com os quais conseguir&aacute; um aspecto atraente e saud&aacute;vel com o uso de 15 minutos por dia. Voc&ecirc; pode esquecer seus exerc&iacute;cios abdominais ou peitorais e obter for&ccedil;a e firmeza naturalmente sem sair de casa.<\/p>\n","protected":false},"excerpt":{"rendered":"<p>500 COSMETICS &#8211; ELETROESTIMULA\u00c7\u00c3O U T\u00d4NICA PARA TONIFICA\u00c7\u00c3O E REAFIRMA\u00c7\u00c3O MUSCULAR<\/p>\n","protected":false},"featured_media":58894,"template":"","meta":{"_acf_changed":false},"product_brand":[],"product_cat":[75],"product_tag":[],"class_list":{"0":"post-17399","1":"product","2":"type-product","3":"status-publish","4":"has-post-thumbnail","6":"product_cat-saude-pelvica","7":"yith_product_brand-500cosmetics","9":"first","10":"instock","11":"taxable","12":"shipping-taxable","13":"purchasable","14":"product-type-simple"},"acf":[],"yoast_head":"<!-- This site is optimized with the Yoast SEO plugin v27.3 - https:\/\/yoast.com\/product\/yoast-seo-wordpress\/ -->\n<title>500 COSMETICS - ELETROESTIMULA\u00c7\u00c3O U T\u00d4NICA TONIFICA\u00c7\u00c3O E REAFIRMA\u00c7\u00c3O MUSCULAR - Lovme<\/title>\n<meta name=\"robots\" content=\"index, follow, max-snippet:-1, max-image-preview:large, max-video-preview:-1\" \/>\n<link rel=\"canonical\" href=\"https:\/\/lovme.pt\/index.php\/produto\/500-cosmetics-eletroestimulacao-u-tonica-tonificacao-e-reafirmacao-muscular\/\" \/>\n<meta property=\"og:locale\" content=\"pt_PT\" \/>\n<meta property=\"og:type\" content=\"article\" \/>\n<meta property=\"og:title\" content=\"500 COSMETICS - ELETROESTIMULA\u00c7\u00c3O U T\u00d4NICA TONIFICA\u00c7\u00c3O E REAFIRMA\u00c7\u00c3O MUSCULAR - Lovme\" \/>\n<meta property=\"og:description\" content=\"500 COSMETICS - ELETROESTIMULA\u00c7\u00c3O U T\u00d4NICA PARA TONIFICA\u00c7\u00c3O E REAFIRMA\u00c7\u00c3O MUSCULAR\" \/>\n<meta property=\"og:url\" content=\"https:\/\/lovme.pt\/index.php\/produto\/500-cosmetics-eletroestimulacao-u-tonica-tonificacao-e-reafirmacao-muscular\/\" \/>\n<meta property=\"og:site_name\" content=\"Lovme\" \/>\n<meta property=\"article:modified_time\" content=\"2026-04-14T09:52:44+00:00\" \/>\n<meta property=\"og:image\" content=\"https:\/\/erki24nd3ub.exactdn.com\/wp-content\/uploads\/dream\/img\/img_124324_07ec46c917f56c3f75503bec1c93c712_1.jpg?strip=all\" \/>\n\t<meta property=\"og:image:width\" content=\"800\" \/>\n\t<meta property=\"og:image:height\" content=\"800\" \/>\n\t<meta property=\"og:image:type\" content=\"image\/jpeg\" \/>\n<meta name=\"twitter:card\" content=\"summary_large_image\" \/>\n<meta name=\"twitter:label1\" content=\"Tempo estimado de leitura\" \/>\n\t<meta name=\"twitter:data1\" content=\"1 minuto\" \/>\n<script type=\"application\/ld+json\" class=\"yoast-schema-graph\">{\"@context\":\"https:\\\/\\\/schema.org\",\"@graph\":[{\"@type\":\"WebPage\",\"@id\":\"https:\\\/\\\/lovme.pt\\\/index.php\\\/produto\\\/500-cosmetics-eletroestimulacao-u-tonica-tonificacao-e-reafirmacao-muscular\\\/\",\"url\":\"https:\\\/\\\/lovme.pt\\\/index.php\\\/produto\\\/500-cosmetics-eletroestimulacao-u-tonica-tonificacao-e-reafirmacao-muscular\\\/\",\"name\":\"500 COSMETICS - ELETROESTIMULA\u00c7\u00c3O U T\u00d4NICA TONIFICA\u00c7\u00c3O E REAFIRMA\u00c7\u00c3O MUSCULAR - Lovme\",\"isPartOf\":{\"@id\":\"https:\\\/\\\/lovme.pt\\\/#website\"},\"primaryImageOfPage\":{\"@id\":\"https:\\\/\\\/lovme.pt\\\/index.php\\\/produto\\\/500-cosmetics-eletroestimulacao-u-tonica-tonificacao-e-reafirmacao-muscular\\\/#primaryimage\"},\"image\":{\"@id\":\"https:\\\/\\\/lovme.pt\\\/index.php\\\/produto\\\/500-cosmetics-eletroestimulacao-u-tonica-tonificacao-e-reafirmacao-muscular\\\/#primaryimage\"},\"thumbnailUrl\":\"https:\\\/\\\/erki24nd3ub.exactdn.com\\\/wp-content\\\/uploads\\\/dream\\\/img\\\/img_124324_07ec46c917f56c3f75503bec1c93c712_1.jpg?strip=all\",\"datePublished\":\"2025-09-30T09:53:15+00:00\",\"dateModified\":\"2026-04-14T09:52:44+00:00\",\"breadcrumb\":{\"@id\":\"https:\\\/\\\/lovme.pt\\\/index.php\\\/produto\\\/500-cosmetics-eletroestimulacao-u-tonica-tonificacao-e-reafirmacao-muscular\\\/#breadcrumb\"},\"inLanguage\":\"pt-PT\",\"potentialAction\":[{\"@type\":\"ReadAction\",\"target\":[\"https:\\\/\\\/lovme.pt\\\/index.php\\\/produto\\\/500-cosmetics-eletroestimulacao-u-tonica-tonificacao-e-reafirmacao-muscular\\\/\"]}]},{\"@type\":\"ImageObject\",\"inLanguage\":\"pt-PT\",\"@id\":\"https:\\\/\\\/lovme.pt\\\/index.php\\\/produto\\\/500-cosmetics-eletroestimulacao-u-tonica-tonificacao-e-reafirmacao-muscular\\\/#primaryimage\",\"url\":\"https:\\\/\\\/erki24nd3ub.exactdn.com\\\/wp-content\\\/uploads\\\/dream\\\/img\\\/img_124324_07ec46c917f56c3f75503bec1c93c712_1.jpg?strip=all\",\"contentUrl\":\"https:\\\/\\\/erki24nd3ub.exactdn.com\\\/wp-content\\\/uploads\\\/dream\\\/img\\\/img_124324_07ec46c917f56c3f75503bec1c93c712_1.jpg?strip=all\",\"width\":800,\"height\":800},{\"@type\":\"BreadcrumbList\",\"@id\":\"https:\\\/\\\/lovme.pt\\\/index.php\\\/produto\\\/500-cosmetics-eletroestimulacao-u-tonica-tonificacao-e-reafirmacao-muscular\\\/#breadcrumb\",\"itemListElement\":[{\"@type\":\"ListItem\",\"position\":1,\"name\":\"In\u00edcio\",\"item\":\"https:\\\/\\\/lovme.pt\\\/\"},{\"@type\":\"ListItem\",\"position\":2,\"name\":\"Loja\",\"item\":\"https:\\\/\\\/lovme.pt\\\/index.php\\\/loja\\\/\"},{\"@type\":\"ListItem\",\"position\":3,\"name\":\"500 COSMETICS &#8211; ELETROESTIMULA\u00c7\u00c3O U T\u00d4NICA TONIFICA\u00c7\u00c3O E REAFIRMA\u00c7\u00c3O MUSCULAR\"}]},{\"@type\":\"WebSite\",\"@id\":\"https:\\\/\\\/lovme.pt\\\/#website\",\"url\":\"https:\\\/\\\/lovme.pt\\\/\",\"name\":\"Lovme Loja Er\u00f3tica N\u00ba1 em Portugal\",\"description\":\"A melhor loja er\u00f3tica de Portugal.\",\"alternateName\":\"Loja Er\u00f3tica Lovme\",\"potentialAction\":[{\"@type\":\"SearchAction\",\"target\":{\"@type\":\"EntryPoint\",\"urlTemplate\":\"https:\\\/\\\/lovme.pt\\\/?s={search_term_string}\"},\"query-input\":{\"@type\":\"PropertyValueSpecification\",\"valueRequired\":true,\"valueName\":\"search_term_string\"}}],\"inLanguage\":\"pt-PT\"}]}<\/script>\n<!-- \/ Yoast SEO plugin. -->","yoast_head_json":{"title":"500 COSMETICS - ELETROESTIMULA\u00c7\u00c3O U T\u00d4NICA TONIFICA\u00c7\u00c3O E REAFIRMA\u00c7\u00c3O MUSCULAR - Lovme","robots":{"index":"index","follow":"follow","max-snippet":"max-snippet:-1","max-image-preview":"max-image-preview:large","max-video-preview":"max-video-preview:-1"},"canonical":"https:\/\/lovme.pt\/index.php\/produto\/500-cosmetics-eletroestimulacao-u-tonica-tonificacao-e-reafirmacao-muscular\/","og_locale":"pt_PT","og_type":"article","og_title":"500 COSMETICS - ELETROESTIMULA\u00c7\u00c3O U T\u00d4NICA TONIFICA\u00c7\u00c3O E REAFIRMA\u00c7\u00c3O MUSCULAR - Lovme","og_description":"500 COSMETICS - ELETROESTIMULA\u00c7\u00c3O U T\u00d4NICA PARA TONIFICA\u00c7\u00c3O E REAFIRMA\u00c7\u00c3O MUSCULAR","og_url":"https:\/\/lovme.pt\/index.php\/produto\/500-cosmetics-eletroestimulacao-u-tonica-tonificacao-e-reafirmacao-muscular\/","og_site_name":"Lovme","article_modified_time":"2026-04-14T09:52:44+00:00","og_image":[{"width":800,"height":800,"url":"https:\/\/erki24nd3ub.exactdn.com\/wp-content\/uploads\/dream\/img\/img_124324_07ec46c917f56c3f75503bec1c93c712_1.jpg?strip=all","type":"image\/jpeg"}],"twitter_card":"summary_large_image","twitter_misc":{"Tempo estimado de leitura":"1 minuto"},"schema":{"@context":"https:\/\/schema.org","@graph":[{"@type":"WebPage","@id":"https:\/\/lovme.pt\/index.php\/produto\/500-cosmetics-eletroestimulacao-u-tonica-tonificacao-e-reafirmacao-muscular\/","url":"https:\/\/lovme.pt\/index.php\/produto\/500-cosmetics-eletroestimulacao-u-tonica-tonificacao-e-reafirmacao-muscular\/","name":"500 COSMETICS - ELETROESTIMULA\u00c7\u00c3O U T\u00d4NICA TONIFICA\u00c7\u00c3O E REAFIRMA\u00c7\u00c3O MUSCULAR - Lovme","isPartOf":{"@id":"https:\/\/lovme.pt\/#website"},"primaryImageOfPage":{"@id":"https:\/\/lovme.pt\/index.php\/produto\/500-cosmetics-eletroestimulacao-u-tonica-tonificacao-e-reafirmacao-muscular\/#primaryimage"},"image":{"@id":"https:\/\/lovme.pt\/index.php\/produto\/500-cosmetics-eletroestimulacao-u-tonica-tonificacao-e-reafirmacao-muscular\/#primaryimage"},"thumbnailUrl":"https:\/\/erki24nd3ub.exactdn.com\/wp-content\/uploads\/dream\/img\/img_124324_07ec46c917f56c3f75503bec1c93c712_1.jpg?strip=all","datePublished":"2025-09-30T09:53:15+00:00","dateModified":"2026-04-14T09:52:44+00:00","breadcrumb":{"@id":"https:\/\/lovme.pt\/index.php\/produto\/500-cosmetics-eletroestimulacao-u-tonica-tonificacao-e-reafirmacao-muscular\/#breadcrumb"},"inLanguage":"pt-PT","potentialAction":[{"@type":"ReadAction","target":["https:\/\/lovme.pt\/index.php\/produto\/500-cosmetics-eletroestimulacao-u-tonica-tonificacao-e-reafirmacao-muscular\/"]}]},{"@type":"ImageObject","inLanguage":"pt-PT","@id":"https:\/\/lovme.pt\/index.php\/produto\/500-cosmetics-eletroestimulacao-u-tonica-tonificacao-e-reafirmacao-muscular\/#primaryimage","url":"https:\/\/erki24nd3ub.exactdn.com\/wp-content\/uploads\/dream\/img\/img_124324_07ec46c917f56c3f75503bec1c93c712_1.jpg?strip=all","contentUrl":"https:\/\/erki24nd3ub.exactdn.com\/wp-content\/uploads\/dream\/img\/img_124324_07ec46c917f56c3f75503bec1c93c712_1.jpg?strip=all","width":800,"height":800},{"@type":"BreadcrumbList","@id":"https:\/\/lovme.pt\/index.php\/produto\/500-cosmetics-eletroestimulacao-u-tonica-tonificacao-e-reafirmacao-muscular\/#breadcrumb","itemListElement":[{"@type":"ListItem","position":1,"name":"In\u00edcio","item":"https:\/\/lovme.pt\/"},{"@type":"ListItem","position":2,"name":"Loja","item":"https:\/\/lovme.pt\/index.php\/loja\/"},{"@type":"ListItem","position":3,"name":"500 COSMETICS &#8211; ELETROESTIMULA\u00c7\u00c3O U T\u00d4NICA TONIFICA\u00c7\u00c3O E REAFIRMA\u00c7\u00c3O MUSCULAR"}]},{"@type":"WebSite","@id":"https:\/\/lovme.pt\/#website","url":"https:\/\/lovme.pt\/","name":"Lovme Loja Er\u00f3tica N\u00ba1 em Portugal","description":"A melhor loja er\u00f3tica de Portugal.","alternateName":"Loja Er\u00f3tica Lovme","potentialAction":[{"@type":"SearchAction","target":{"@type":"EntryPoint","urlTemplate":"https:\/\/lovme.pt\/?s={search_term_string}"},"query-input":{"@type":"PropertyValueSpecification","valueRequired":true,"valueName":"search_term_string"}}],"inLanguage":"pt-PT"}]}},"_links":{"self":[{"href":"https:\/\/lovme.pt\/index.php\/wp-json\/wp\/v2\/product\/17399","targetHints":{"allow":["GET"]}}],"collection":[{"href":"https:\/\/lovme.pt\/index.php\/wp-json\/wp\/v2\/product"}],"about":[{"href":"https:\/\/lovme.pt\/index.php\/wp-json\/wp\/v2\/types\/product"}],"wp:featuredmedia":[{"embeddable":true,"href":"https:\/\/lovme.pt\/index.php\/wp-json\/wp\/v2\/media\/58894"}],"wp:attachment":[{"href":"https:\/\/lovme.pt\/index.php\/wp-json\/wp\/v2\/media?parent=17399"}],"wp:term":[{"taxonomy":"product_brand","embeddable":true,"href":"https:\/\/lovme.pt\/index.php\/wp-json\/wp\/v2\/product_brand?post=17399"},{"taxonomy":"product_cat","embeddable":true,"href":"https:\/\/lovme.pt\/index.php\/wp-json\/wp\/v2\/product_cat?post=17399"},{"taxonomy":"product_tag","embeddable":true,"href":"https:\/\/lovme.pt\/index.php\/wp-json\/wp\/v2\/product_tag?post=17399"}],"curies":[{"name":"wp","href":"https:\/\/api.w.org\/{rel}","templated":true}]}}