{"id":17329,"date":"2025-09-30T22:23:29","date_gmt":"2025-09-30T22:23:29","guid":{"rendered":"https:\/\/lovme.pt\/?post_type=product&#038;p=17329"},"modified":"2026-04-17T12:51:37","modified_gmt":"2026-04-17T12:51:37","slug":"500-cosmetics-procurves-mais-pilulas-naturais-de-reforco-da-mama","status":"publish","type":"product","link":"https:\/\/lovme.pt\/index.php\/produto\/500-cosmetics-procurves-mais-pilulas-naturais-de-reforco-da-mama\/","title":{"rendered":"500 COSMETICS &#8211; PROCURVES MAIS P\u00cdLULAS NATURAIS DE REFOR\u00c7O DA MAMA"},"content":{"rendered":"<p>Procurves Plus &eacute; um suplemento natural para aumentar os seios. A f&oacute;rmula inovadora e &uacute;nica cont&eacute;m Pueraria Lobata, um novo ingrediente revolucion&aacute;rio que ajuda a aumentar a microcircula&ccedil;&atilde;o e o fluxo sangu&iacute;neo nos seios.<\/p>\n<ul>\n<li>NOVO FORMATO: C&aacute;psulas transparentes, torna-se o complemento alimentar perfeito, livre de corantes artificiais, conservantes e ado&ccedil;antes. 100% vegano, sem gelatina.<\/li>\n<\/ul>\n<p>Benef&iacute;cios:<\/p>\n<ul>\n<li>Aumentar o tamanho dos seios de forma progressiva e natural<\/li>\n<li>Ajuda a estimular a circula&ccedil;&atilde;o sangu&iacute;nea na &aacute;rea<\/li>\n<li>Possibilita o desenvolvimento do tecido mam&aacute;rio<\/li>\n<\/ul>\n<p>Al&eacute;m do que, al&eacute;m do mais:<\/p>\n<ul>\n<li>CONTRIBUIR Firmeza e volume<\/li>\n<li>PARA lindo decote<\/li>\n<li>Melhora a gl&acirc;ndula mam&aacute;ria<\/li>\n<li>Indica&ccedil;&atilde;o: Para aumento natural da mama.<\/li>\n<li>Modo de uso: 2 comprimidos por dia (manh&atilde; ou noite).<\/li>\n<li>Formato: Caixa com 60 comprimidos.<\/li>\n<\/ul>\n<p>Mostre o seu decote!<\/p>\n<p>&nbsp;<\/p>\n","protected":false},"excerpt":{"rendered":"<p>500 COSMETICS &#8211; PROCURVES MAIS P\u00cdLULAS NATURAIS DE REFOR\u00c7O DA MAMA<\/p>\n","protected":false},"featured_media":77393,"template":"","meta":{"_acf_changed":false},"product_brand":[],"product_cat":[49,52,70],"product_tag":[],"class_list":{"0":"post-17329","1":"product","2":"type-product","3":"status-publish","4":"has-post-thumbnail","6":"product_cat-cosmeticos","7":"product_cat-estimulantes","8":"product_cat-saude","9":"yith_product_brand-500cosmetics","11":"first","12":"instock","13":"taxable","14":"shipping-taxable","15":"purchasable","16":"product-type-simple"},"acf":[],"yoast_head":"<!-- This site is optimized with the Yoast SEO plugin v27.4 - https:\/\/yoast.com\/product\/yoast-seo-wordpress\/ -->\n<title>500 COSMETICS - PROCURVES MAIS P\u00cdLULAS NATURAIS DE REFOR\u00c7O DA MAMA - Lovme<\/title>\n<meta name=\"robots\" content=\"index, follow, max-snippet:-1, max-image-preview:large, max-video-preview:-1\" \/>\n<link rel=\"canonical\" href=\"https:\/\/lovme.pt\/index.php\/produto\/500-cosmetics-procurves-mais-pilulas-naturais-de-reforco-da-mama\/\" \/>\n<meta property=\"og:locale\" content=\"pt_PT\" \/>\n<meta property=\"og:type\" content=\"article\" \/>\n<meta property=\"og:title\" content=\"500 COSMETICS - PROCURVES MAIS P\u00cdLULAS NATURAIS DE REFOR\u00c7O DA MAMA - Lovme\" \/>\n<meta property=\"og:description\" content=\"500 COSMETICS - PROCURVES MAIS P\u00cdLULAS NATURAIS DE REFOR\u00c7O DA MAMA\" \/>\n<meta property=\"og:url\" content=\"https:\/\/lovme.pt\/index.php\/produto\/500-cosmetics-procurves-mais-pilulas-naturais-de-reforco-da-mama\/\" \/>\n<meta property=\"og:site_name\" content=\"Lovme\" \/>\n<meta property=\"article:modified_time\" content=\"2026-04-17T12:51:37+00:00\" \/>\n<meta property=\"og:image\" content=\"https:\/\/erki24nd3ub.exactdn.com\/wp-content\/uploads\/dream\/img\/img_122381_6b3ea8dc571f88894bcb9f3daffb228d_1.jpg?strip=all\" \/>\n\t<meta property=\"og:image:width\" content=\"800\" \/>\n\t<meta property=\"og:image:height\" content=\"800\" \/>\n\t<meta property=\"og:image:type\" content=\"image\/jpeg\" \/>\n<meta name=\"twitter:card\" content=\"summary_large_image\" \/>\n<meta name=\"twitter:label1\" content=\"Tempo estimado de leitura\" \/>\n\t<meta name=\"twitter:data1\" content=\"1 minuto\" \/>\n<script type=\"application\/ld+json\" class=\"yoast-schema-graph\">{\"@context\":\"https:\\\/\\\/schema.org\",\"@graph\":[{\"@type\":\"WebPage\",\"@id\":\"https:\\\/\\\/lovme.pt\\\/index.php\\\/produto\\\/500-cosmetics-procurves-mais-pilulas-naturais-de-reforco-da-mama\\\/\",\"url\":\"https:\\\/\\\/lovme.pt\\\/index.php\\\/produto\\\/500-cosmetics-procurves-mais-pilulas-naturais-de-reforco-da-mama\\\/\",\"name\":\"500 COSMETICS - PROCURVES MAIS P\u00cdLULAS NATURAIS DE REFOR\u00c7O DA MAMA - Lovme\",\"isPartOf\":{\"@id\":\"https:\\\/\\\/lovme.pt\\\/#website\"},\"primaryImageOfPage\":{\"@id\":\"https:\\\/\\\/lovme.pt\\\/index.php\\\/produto\\\/500-cosmetics-procurves-mais-pilulas-naturais-de-reforco-da-mama\\\/#primaryimage\"},\"image\":{\"@id\":\"https:\\\/\\\/lovme.pt\\\/index.php\\\/produto\\\/500-cosmetics-procurves-mais-pilulas-naturais-de-reforco-da-mama\\\/#primaryimage\"},\"thumbnailUrl\":\"https:\\\/\\\/erki24nd3ub.exactdn.com\\\/wp-content\\\/uploads\\\/dream\\\/img\\\/img_122381_6b3ea8dc571f88894bcb9f3daffb228d_1.jpg?strip=all\",\"datePublished\":\"2025-09-30T22:23:29+00:00\",\"dateModified\":\"2026-04-17T12:51:37+00:00\",\"breadcrumb\":{\"@id\":\"https:\\\/\\\/lovme.pt\\\/index.php\\\/produto\\\/500-cosmetics-procurves-mais-pilulas-naturais-de-reforco-da-mama\\\/#breadcrumb\"},\"inLanguage\":\"pt-PT\",\"potentialAction\":[{\"@type\":\"ReadAction\",\"target\":[\"https:\\\/\\\/lovme.pt\\\/index.php\\\/produto\\\/500-cosmetics-procurves-mais-pilulas-naturais-de-reforco-da-mama\\\/\"]}]},{\"@type\":\"ImageObject\",\"inLanguage\":\"pt-PT\",\"@id\":\"https:\\\/\\\/lovme.pt\\\/index.php\\\/produto\\\/500-cosmetics-procurves-mais-pilulas-naturais-de-reforco-da-mama\\\/#primaryimage\",\"url\":\"https:\\\/\\\/erki24nd3ub.exactdn.com\\\/wp-content\\\/uploads\\\/dream\\\/img\\\/img_122381_6b3ea8dc571f88894bcb9f3daffb228d_1.jpg?strip=all\",\"contentUrl\":\"https:\\\/\\\/erki24nd3ub.exactdn.com\\\/wp-content\\\/uploads\\\/dream\\\/img\\\/img_122381_6b3ea8dc571f88894bcb9f3daffb228d_1.jpg?strip=all\",\"width\":800,\"height\":800},{\"@type\":\"BreadcrumbList\",\"@id\":\"https:\\\/\\\/lovme.pt\\\/index.php\\\/produto\\\/500-cosmetics-procurves-mais-pilulas-naturais-de-reforco-da-mama\\\/#breadcrumb\",\"itemListElement\":[{\"@type\":\"ListItem\",\"position\":1,\"name\":\"In\u00edcio\",\"item\":\"https:\\\/\\\/lovme.pt\\\/\"},{\"@type\":\"ListItem\",\"position\":2,\"name\":\"Loja\",\"item\":\"https:\\\/\\\/lovme.pt\\\/index.php\\\/loja\\\/\"},{\"@type\":\"ListItem\",\"position\":3,\"name\":\"500 COSMETICS &#8211; PROCURVES MAIS P\u00cdLULAS NATURAIS DE REFOR\u00c7O DA MAMA\"}]},{\"@type\":\"WebSite\",\"@id\":\"https:\\\/\\\/lovme.pt\\\/#website\",\"url\":\"https:\\\/\\\/lovme.pt\\\/\",\"name\":\"Lovme Loja Er\u00f3tica N\u00ba1 em Portugal\",\"description\":\"A melhor loja er\u00f3tica de Portugal.\",\"alternateName\":\"Loja Er\u00f3tica Lovme\",\"potentialAction\":[{\"@type\":\"SearchAction\",\"target\":{\"@type\":\"EntryPoint\",\"urlTemplate\":\"https:\\\/\\\/lovme.pt\\\/?s={search_term_string}\"},\"query-input\":{\"@type\":\"PropertyValueSpecification\",\"valueRequired\":true,\"valueName\":\"search_term_string\"}}],\"inLanguage\":\"pt-PT\"}]}<\/script>\n<!-- \/ Yoast SEO plugin. -->","yoast_head_json":{"title":"500 COSMETICS - PROCURVES MAIS P\u00cdLULAS NATURAIS DE REFOR\u00c7O DA MAMA - Lovme","robots":{"index":"index","follow":"follow","max-snippet":"max-snippet:-1","max-image-preview":"max-image-preview:large","max-video-preview":"max-video-preview:-1"},"canonical":"https:\/\/lovme.pt\/index.php\/produto\/500-cosmetics-procurves-mais-pilulas-naturais-de-reforco-da-mama\/","og_locale":"pt_PT","og_type":"article","og_title":"500 COSMETICS - PROCURVES MAIS P\u00cdLULAS NATURAIS DE REFOR\u00c7O DA MAMA - Lovme","og_description":"500 COSMETICS - PROCURVES MAIS P\u00cdLULAS NATURAIS DE REFOR\u00c7O DA MAMA","og_url":"https:\/\/lovme.pt\/index.php\/produto\/500-cosmetics-procurves-mais-pilulas-naturais-de-reforco-da-mama\/","og_site_name":"Lovme","article_modified_time":"2026-04-17T12:51:37+00:00","og_image":[{"width":800,"height":800,"url":"https:\/\/erki24nd3ub.exactdn.com\/wp-content\/uploads\/dream\/img\/img_122381_6b3ea8dc571f88894bcb9f3daffb228d_1.jpg?strip=all","type":"image\/jpeg"}],"twitter_card":"summary_large_image","twitter_misc":{"Tempo estimado de leitura":"1 minuto"},"schema":{"@context":"https:\/\/schema.org","@graph":[{"@type":"WebPage","@id":"https:\/\/lovme.pt\/index.php\/produto\/500-cosmetics-procurves-mais-pilulas-naturais-de-reforco-da-mama\/","url":"https:\/\/lovme.pt\/index.php\/produto\/500-cosmetics-procurves-mais-pilulas-naturais-de-reforco-da-mama\/","name":"500 COSMETICS - PROCURVES MAIS P\u00cdLULAS NATURAIS DE REFOR\u00c7O DA MAMA - Lovme","isPartOf":{"@id":"https:\/\/lovme.pt\/#website"},"primaryImageOfPage":{"@id":"https:\/\/lovme.pt\/index.php\/produto\/500-cosmetics-procurves-mais-pilulas-naturais-de-reforco-da-mama\/#primaryimage"},"image":{"@id":"https:\/\/lovme.pt\/index.php\/produto\/500-cosmetics-procurves-mais-pilulas-naturais-de-reforco-da-mama\/#primaryimage"},"thumbnailUrl":"https:\/\/erki24nd3ub.exactdn.com\/wp-content\/uploads\/dream\/img\/img_122381_6b3ea8dc571f88894bcb9f3daffb228d_1.jpg?strip=all","datePublished":"2025-09-30T22:23:29+00:00","dateModified":"2026-04-17T12:51:37+00:00","breadcrumb":{"@id":"https:\/\/lovme.pt\/index.php\/produto\/500-cosmetics-procurves-mais-pilulas-naturais-de-reforco-da-mama\/#breadcrumb"},"inLanguage":"pt-PT","potentialAction":[{"@type":"ReadAction","target":["https:\/\/lovme.pt\/index.php\/produto\/500-cosmetics-procurves-mais-pilulas-naturais-de-reforco-da-mama\/"]}]},{"@type":"ImageObject","inLanguage":"pt-PT","@id":"https:\/\/lovme.pt\/index.php\/produto\/500-cosmetics-procurves-mais-pilulas-naturais-de-reforco-da-mama\/#primaryimage","url":"https:\/\/erki24nd3ub.exactdn.com\/wp-content\/uploads\/dream\/img\/img_122381_6b3ea8dc571f88894bcb9f3daffb228d_1.jpg?strip=all","contentUrl":"https:\/\/erki24nd3ub.exactdn.com\/wp-content\/uploads\/dream\/img\/img_122381_6b3ea8dc571f88894bcb9f3daffb228d_1.jpg?strip=all","width":800,"height":800},{"@type":"BreadcrumbList","@id":"https:\/\/lovme.pt\/index.php\/produto\/500-cosmetics-procurves-mais-pilulas-naturais-de-reforco-da-mama\/#breadcrumb","itemListElement":[{"@type":"ListItem","position":1,"name":"In\u00edcio","item":"https:\/\/lovme.pt\/"},{"@type":"ListItem","position":2,"name":"Loja","item":"https:\/\/lovme.pt\/index.php\/loja\/"},{"@type":"ListItem","position":3,"name":"500 COSMETICS &#8211; PROCURVES MAIS P\u00cdLULAS NATURAIS DE REFOR\u00c7O DA MAMA"}]},{"@type":"WebSite","@id":"https:\/\/lovme.pt\/#website","url":"https:\/\/lovme.pt\/","name":"Lovme Loja Er\u00f3tica N\u00ba1 em Portugal","description":"A melhor loja er\u00f3tica de Portugal.","alternateName":"Loja Er\u00f3tica Lovme","potentialAction":[{"@type":"SearchAction","target":{"@type":"EntryPoint","urlTemplate":"https:\/\/lovme.pt\/?s={search_term_string}"},"query-input":{"@type":"PropertyValueSpecification","valueRequired":true,"valueName":"search_term_string"}}],"inLanguage":"pt-PT"}]}},"_links":{"self":[{"href":"https:\/\/lovme.pt\/index.php\/wp-json\/wp\/v2\/product\/17329","targetHints":{"allow":["GET"]}}],"collection":[{"href":"https:\/\/lovme.pt\/index.php\/wp-json\/wp\/v2\/product"}],"about":[{"href":"https:\/\/lovme.pt\/index.php\/wp-json\/wp\/v2\/types\/product"}],"wp:featuredmedia":[{"embeddable":true,"href":"https:\/\/lovme.pt\/index.php\/wp-json\/wp\/v2\/media\/77393"}],"wp:attachment":[{"href":"https:\/\/lovme.pt\/index.php\/wp-json\/wp\/v2\/media?parent=17329"}],"wp:term":[{"taxonomy":"product_brand","embeddable":true,"href":"https:\/\/lovme.pt\/index.php\/wp-json\/wp\/v2\/product_brand?post=17329"},{"taxonomy":"product_cat","embeddable":true,"href":"https:\/\/lovme.pt\/index.php\/wp-json\/wp\/v2\/product_cat?post=17329"},{"taxonomy":"product_tag","embeddable":true,"href":"https:\/\/lovme.pt\/index.php\/wp-json\/wp\/v2\/product_tag?post=17329"}],"curies":[{"name":"wp","href":"https:\/\/api.w.org\/{rel}","templated":true}]}}