{"id":169,"date":"2025-09-30T09:37:00","date_gmt":"2025-09-30T09:37:00","guid":{"rendered":"https:\/\/lovme.pt\/?post_type=product&#038;p=169"},"modified":"2026-04-17T15:20:40","modified_gmt":"2026-04-17T15:20:40","slug":"baile-dildo-duplo-em-geleia-flexivel-lils","status":"publish","type":"product","link":"https:\/\/lovme.pt\/index.php\/produto\/baile-dildo-duplo-em-geleia-flexivel-lils\/","title":{"rendered":"BAILE &#8211; DILDO DUPLO EM GEL\u00c9IA FLEX\u00cdVEL LILS"},"content":{"rendered":"<p>&Eacute; um p&ecirc;nis com duas cabe&ccedil;as feitas de gelatina muito flex&iacute;vel.<\/p>\n<ul>\n<li>Simula perfeitamente os atributos masculinos dando-lhes um toque suave.<\/li>\n<li>Pode ser usado em qualquer extremidade, dependendo das diferentes necessidades. Ideal para penetra&ccedil;&otilde;es vaginais e anais ao mesmo tempo.<\/li>\n<li>Se voc&ecirc; j&aacute; sonhou em saber como &eacute; ser penetrado por seus dois orif&iacute;cios amorosos, este &eacute; o brinquedo perfeito para realizar suas fantasias.<\/li>\n<\/ul>\n<p>Dupla Penetra&ccedil;&atilde;o, Dupla Sensa&ccedil;&atilde;o!!<\/p>\n<p>Medidas; 290 mm de comprimento x 35 mm de largura.<\/p>\n<p>A Nmc Toys inova a cada dia no mundo dos Brinquedos Er&oacute;ticos!<\/p>\n","protected":false},"excerpt":{"rendered":"<p>BAILE &#8211; DILDO DUPLO EM GEL\u00c9IA FLEX\u00cdVEL LILS<\/p>\n","protected":false},"featured_media":54735,"template":"","meta":{"_acf_changed":false},"product_brand":[],"product_cat":[56,63],"product_tag":[],"class_list":{"0":"post-169","1":"product","2":"type-product","3":"status-publish","4":"has-post-thumbnail","6":"product_cat-dildos-e-arneses","7":"product_cat-sexo-anal","8":"yith_product_brand-bailebaile-anal","10":"first","11":"instock","12":"taxable","13":"shipping-taxable","14":"purchasable","15":"product-type-simple"},"acf":[],"yoast_head":"<!-- This site is optimized with the Yoast SEO plugin v27.4 - https:\/\/yoast.com\/product\/yoast-seo-wordpress\/ -->\n<title>BAILE - DILDO DUPLO EM GEL\u00c9IA FLEX\u00cdVEL LILS - Lovme<\/title>\n<meta name=\"robots\" content=\"index, follow, max-snippet:-1, max-image-preview:large, max-video-preview:-1\" \/>\n<link rel=\"canonical\" href=\"https:\/\/lovme.pt\/index.php\/produto\/baile-dildo-duplo-em-geleia-flexivel-lils\/\" \/>\n<meta property=\"og:locale\" content=\"pt_PT\" \/>\n<meta property=\"og:type\" content=\"article\" \/>\n<meta property=\"og:title\" content=\"BAILE - DILDO DUPLO EM GEL\u00c9IA FLEX\u00cdVEL LILS - Lovme\" \/>\n<meta property=\"og:description\" content=\"BAILE - DILDO DUPLO EM GEL\u00c9IA FLEX\u00cdVEL LILS\" \/>\n<meta property=\"og:url\" content=\"https:\/\/lovme.pt\/index.php\/produto\/baile-dildo-duplo-em-geleia-flexivel-lils\/\" \/>\n<meta property=\"og:site_name\" content=\"Lovme\" \/>\n<meta property=\"article:modified_time\" content=\"2026-04-17T15:20:40+00:00\" \/>\n<meta property=\"og:image\" content=\"https:\/\/erki24nd3ub.exactdn.com\/wp-content\/uploads\/dream\/img\/img_31652_99d2faeddd638218dcdbb637d748c51e_1.jpg?strip=all\" \/>\n\t<meta property=\"og:image:width\" content=\"569\" \/>\n\t<meta property=\"og:image:height\" content=\"569\" \/>\n\t<meta property=\"og:image:type\" content=\"image\/jpeg\" \/>\n<meta name=\"twitter:card\" content=\"summary_large_image\" \/>\n<meta name=\"twitter:label1\" content=\"Tempo estimado de leitura\" \/>\n\t<meta name=\"twitter:data1\" content=\"1 minuto\" \/>\n<script type=\"application\/ld+json\" class=\"yoast-schema-graph\">{\"@context\":\"https:\\\/\\\/schema.org\",\"@graph\":[{\"@type\":\"WebPage\",\"@id\":\"https:\\\/\\\/lovme.pt\\\/index.php\\\/produto\\\/baile-dildo-duplo-em-geleia-flexivel-lils\\\/\",\"url\":\"https:\\\/\\\/lovme.pt\\\/index.php\\\/produto\\\/baile-dildo-duplo-em-geleia-flexivel-lils\\\/\",\"name\":\"BAILE - DILDO DUPLO EM GEL\u00c9IA FLEX\u00cdVEL LILS - Lovme\",\"isPartOf\":{\"@id\":\"https:\\\/\\\/lovme.pt\\\/#website\"},\"primaryImageOfPage\":{\"@id\":\"https:\\\/\\\/lovme.pt\\\/index.php\\\/produto\\\/baile-dildo-duplo-em-geleia-flexivel-lils\\\/#primaryimage\"},\"image\":{\"@id\":\"https:\\\/\\\/lovme.pt\\\/index.php\\\/produto\\\/baile-dildo-duplo-em-geleia-flexivel-lils\\\/#primaryimage\"},\"thumbnailUrl\":\"https:\\\/\\\/erki24nd3ub.exactdn.com\\\/wp-content\\\/uploads\\\/dream\\\/img\\\/img_31652_99d2faeddd638218dcdbb637d748c51e_1.jpg?strip=all\",\"datePublished\":\"2025-09-30T09:37:00+00:00\",\"dateModified\":\"2026-04-17T15:20:40+00:00\",\"breadcrumb\":{\"@id\":\"https:\\\/\\\/lovme.pt\\\/index.php\\\/produto\\\/baile-dildo-duplo-em-geleia-flexivel-lils\\\/#breadcrumb\"},\"inLanguage\":\"pt-PT\",\"potentialAction\":[{\"@type\":\"ReadAction\",\"target\":[\"https:\\\/\\\/lovme.pt\\\/index.php\\\/produto\\\/baile-dildo-duplo-em-geleia-flexivel-lils\\\/\"]}]},{\"@type\":\"ImageObject\",\"inLanguage\":\"pt-PT\",\"@id\":\"https:\\\/\\\/lovme.pt\\\/index.php\\\/produto\\\/baile-dildo-duplo-em-geleia-flexivel-lils\\\/#primaryimage\",\"url\":\"https:\\\/\\\/erki24nd3ub.exactdn.com\\\/wp-content\\\/uploads\\\/dream\\\/img\\\/img_31652_99d2faeddd638218dcdbb637d748c51e_1.jpg?strip=all\",\"contentUrl\":\"https:\\\/\\\/erki24nd3ub.exactdn.com\\\/wp-content\\\/uploads\\\/dream\\\/img\\\/img_31652_99d2faeddd638218dcdbb637d748c51e_1.jpg?strip=all\",\"width\":569,\"height\":569},{\"@type\":\"BreadcrumbList\",\"@id\":\"https:\\\/\\\/lovme.pt\\\/index.php\\\/produto\\\/baile-dildo-duplo-em-geleia-flexivel-lils\\\/#breadcrumb\",\"itemListElement\":[{\"@type\":\"ListItem\",\"position\":1,\"name\":\"In\u00edcio\",\"item\":\"https:\\\/\\\/lovme.pt\\\/\"},{\"@type\":\"ListItem\",\"position\":2,\"name\":\"Loja\",\"item\":\"https:\\\/\\\/lovme.pt\\\/index.php\\\/loja\\\/\"},{\"@type\":\"ListItem\",\"position\":3,\"name\":\"BAILE &#8211; DILDO DUPLO EM GEL\u00c9IA FLEX\u00cdVEL LILS\"}]},{\"@type\":\"WebSite\",\"@id\":\"https:\\\/\\\/lovme.pt\\\/#website\",\"url\":\"https:\\\/\\\/lovme.pt\\\/\",\"name\":\"Lovme Loja Er\u00f3tica N\u00ba1 em Portugal\",\"description\":\"A melhor loja er\u00f3tica de Portugal.\",\"alternateName\":\"Loja Er\u00f3tica Lovme\",\"potentialAction\":[{\"@type\":\"SearchAction\",\"target\":{\"@type\":\"EntryPoint\",\"urlTemplate\":\"https:\\\/\\\/lovme.pt\\\/?s={search_term_string}\"},\"query-input\":{\"@type\":\"PropertyValueSpecification\",\"valueRequired\":true,\"valueName\":\"search_term_string\"}}],\"inLanguage\":\"pt-PT\"}]}<\/script>\n<!-- \/ Yoast SEO plugin. -->","yoast_head_json":{"title":"BAILE - DILDO DUPLO EM GEL\u00c9IA FLEX\u00cdVEL LILS - Lovme","robots":{"index":"index","follow":"follow","max-snippet":"max-snippet:-1","max-image-preview":"max-image-preview:large","max-video-preview":"max-video-preview:-1"},"canonical":"https:\/\/lovme.pt\/index.php\/produto\/baile-dildo-duplo-em-geleia-flexivel-lils\/","og_locale":"pt_PT","og_type":"article","og_title":"BAILE - DILDO DUPLO EM GEL\u00c9IA FLEX\u00cdVEL LILS - Lovme","og_description":"BAILE - DILDO DUPLO EM GEL\u00c9IA FLEX\u00cdVEL LILS","og_url":"https:\/\/lovme.pt\/index.php\/produto\/baile-dildo-duplo-em-geleia-flexivel-lils\/","og_site_name":"Lovme","article_modified_time":"2026-04-17T15:20:40+00:00","og_image":[{"width":569,"height":569,"url":"https:\/\/erki24nd3ub.exactdn.com\/wp-content\/uploads\/dream\/img\/img_31652_99d2faeddd638218dcdbb637d748c51e_1.jpg?strip=all","type":"image\/jpeg"}],"twitter_card":"summary_large_image","twitter_misc":{"Tempo estimado de leitura":"1 minuto"},"schema":{"@context":"https:\/\/schema.org","@graph":[{"@type":"WebPage","@id":"https:\/\/lovme.pt\/index.php\/produto\/baile-dildo-duplo-em-geleia-flexivel-lils\/","url":"https:\/\/lovme.pt\/index.php\/produto\/baile-dildo-duplo-em-geleia-flexivel-lils\/","name":"BAILE - DILDO DUPLO EM GEL\u00c9IA FLEX\u00cdVEL LILS - Lovme","isPartOf":{"@id":"https:\/\/lovme.pt\/#website"},"primaryImageOfPage":{"@id":"https:\/\/lovme.pt\/index.php\/produto\/baile-dildo-duplo-em-geleia-flexivel-lils\/#primaryimage"},"image":{"@id":"https:\/\/lovme.pt\/index.php\/produto\/baile-dildo-duplo-em-geleia-flexivel-lils\/#primaryimage"},"thumbnailUrl":"https:\/\/erki24nd3ub.exactdn.com\/wp-content\/uploads\/dream\/img\/img_31652_99d2faeddd638218dcdbb637d748c51e_1.jpg?strip=all","datePublished":"2025-09-30T09:37:00+00:00","dateModified":"2026-04-17T15:20:40+00:00","breadcrumb":{"@id":"https:\/\/lovme.pt\/index.php\/produto\/baile-dildo-duplo-em-geleia-flexivel-lils\/#breadcrumb"},"inLanguage":"pt-PT","potentialAction":[{"@type":"ReadAction","target":["https:\/\/lovme.pt\/index.php\/produto\/baile-dildo-duplo-em-geleia-flexivel-lils\/"]}]},{"@type":"ImageObject","inLanguage":"pt-PT","@id":"https:\/\/lovme.pt\/index.php\/produto\/baile-dildo-duplo-em-geleia-flexivel-lils\/#primaryimage","url":"https:\/\/erki24nd3ub.exactdn.com\/wp-content\/uploads\/dream\/img\/img_31652_99d2faeddd638218dcdbb637d748c51e_1.jpg?strip=all","contentUrl":"https:\/\/erki24nd3ub.exactdn.com\/wp-content\/uploads\/dream\/img\/img_31652_99d2faeddd638218dcdbb637d748c51e_1.jpg?strip=all","width":569,"height":569},{"@type":"BreadcrumbList","@id":"https:\/\/lovme.pt\/index.php\/produto\/baile-dildo-duplo-em-geleia-flexivel-lils\/#breadcrumb","itemListElement":[{"@type":"ListItem","position":1,"name":"In\u00edcio","item":"https:\/\/lovme.pt\/"},{"@type":"ListItem","position":2,"name":"Loja","item":"https:\/\/lovme.pt\/index.php\/loja\/"},{"@type":"ListItem","position":3,"name":"BAILE &#8211; DILDO DUPLO EM GEL\u00c9IA FLEX\u00cdVEL LILS"}]},{"@type":"WebSite","@id":"https:\/\/lovme.pt\/#website","url":"https:\/\/lovme.pt\/","name":"Lovme Loja Er\u00f3tica N\u00ba1 em Portugal","description":"A melhor loja er\u00f3tica de Portugal.","alternateName":"Loja Er\u00f3tica Lovme","potentialAction":[{"@type":"SearchAction","target":{"@type":"EntryPoint","urlTemplate":"https:\/\/lovme.pt\/?s={search_term_string}"},"query-input":{"@type":"PropertyValueSpecification","valueRequired":true,"valueName":"search_term_string"}}],"inLanguage":"pt-PT"}]}},"_links":{"self":[{"href":"https:\/\/lovme.pt\/index.php\/wp-json\/wp\/v2\/product\/169","targetHints":{"allow":["GET"]}}],"collection":[{"href":"https:\/\/lovme.pt\/index.php\/wp-json\/wp\/v2\/product"}],"about":[{"href":"https:\/\/lovme.pt\/index.php\/wp-json\/wp\/v2\/types\/product"}],"wp:featuredmedia":[{"embeddable":true,"href":"https:\/\/lovme.pt\/index.php\/wp-json\/wp\/v2\/media\/54735"}],"wp:attachment":[{"href":"https:\/\/lovme.pt\/index.php\/wp-json\/wp\/v2\/media?parent=169"}],"wp:term":[{"taxonomy":"product_brand","embeddable":true,"href":"https:\/\/lovme.pt\/index.php\/wp-json\/wp\/v2\/product_brand?post=169"},{"taxonomy":"product_cat","embeddable":true,"href":"https:\/\/lovme.pt\/index.php\/wp-json\/wp\/v2\/product_cat?post=169"},{"taxonomy":"product_tag","embeddable":true,"href":"https:\/\/lovme.pt\/index.php\/wp-json\/wp\/v2\/product_tag?post=169"}],"curies":[{"name":"wp","href":"https:\/\/api.w.org\/{rel}","templated":true}]}}