{"id":15868,"date":"2025-09-30T09:44:49","date_gmt":"2025-09-30T09:44:49","guid":{"rendered":"https:\/\/lovme.pt\/?post_type=product&#038;p=15868"},"modified":"2026-04-14T12:49:33","modified_gmt":"2026-04-14T12:49:33","slug":"eros-art-oleo-de-massagem-tantrica-natural-e-baunilha-afrodisiaca-100-ml","status":"publish","type":"product","link":"https:\/\/lovme.pt\/index.php\/produto\/eros-art-oleo-de-massagem-tantrica-natural-e-baunilha-afrodisiaca-100-ml\/","title":{"rendered":"EROS-ART &#8211; \u00d3LEO DE MASSAGEM T\u00c2NTRICA NATURAL E BAUNILHA AFRODIS\u00cdACA 100 ML"},"content":{"rendered":"<p>O <strong>&oacute;leo t&acirc;ntrico com aroma de baunilha<\/strong> &eacute; uma combina&ccedil;&atilde;o de &oacute;leos vegetais: Glicina soja, &oacute;leo de Prunus amygdalus dulcis e &oacute;leo de semente de Prunus persica enriquecido com Muira Puama e Epimedium.<\/p>\n<p>\nA massagem t&acirc;ntrica busca a conex&atilde;o entre corpo, mente e esp&iacute;rito. A massagem t&acirc;ntrica aumenta a sensibilidade das zonas er&oacute;genas de todo o corpo, permitindo experimentar prazeres em n&iacute;veis mais profundos e sutis.<br \/>\nCom a massagem t&acirc;ntrica o relaxamento e o bem-estar conseguem despertar e libertar bloqueios sexuais, promovendo uma atitude positiva que melhora o funcionamento da energia sexual. Isto aumenta a libido e a sensibilidade das zonas er&oacute;genas, intensificando novas sensa&ccedil;&otilde;es de prazer e conseguindo assim orgasmos mais intensos, profundos e prolongados.<\/p>\n<p>\nRecipiente de 100 ml.<\/p>\n<p>\n<u><strong>Breve hist&oacute;rico dos componentes:<\/strong><\/u><\/p>\n<ul>\n<li><u>&Oacute;leo de semente de Prunus persica:<\/u> O p&ecirc;ssego, Prunus persica, vem de uma &aacute;rvore que foi originalmente cultivada na China e na &Aacute;sia. O &oacute;leo de p&ecirc;ssego penetra facilmente na epiderme, proporcionando hidrata&ccedil;&atilde;o profunda e um efeito suavizante vis&iacute;vel, gra&ccedil;as &agrave; vitamina E que cont&eacute;m. Tamb&eacute;m proporciona propriedades suavizantes, flex&iacute;veis e regeneradoras que impedem os efeitos do envelhecimento precoce.<\/li>\n<li><u>&Oacute;leo de Prunus amygdalus dulcis:<\/u> Conhecido como &oacute;leo de am&ecirc;ndoa doce, possui propriedades hidratantes. &Eacute; rico em &aacute;cidos graxos essenciais, vitamina E, vitamina A e minerais, nutre e revitaliza a pele.<\/li>\n<li><u>&Oacute;leo de soja glicina:<\/u> &Eacute; um ingrediente que oferece benef&iacute;cios &agrave; pele, mantendo-a &uacute;mida e macia. Cont&eacute;m vitamina E (tocofer&oacute;is) e outros antioxidantes, que protegem a pele dos danos causados pelos radicais livres e combatem o envelhecimento precoce, reduzindo o aparecimento de rugas e linhas finas.<\/li>\n<li><u>Muira Puama:<\/u> (Ptychopetalum olacoides) Arbusto que cresce na Amaz&ocirc;nia brasileira. Existem duas variedades, a P. Olacoides, que cont&eacute;m alto teor de lupeol, e a Brasileira, considerada de alto poder afrodis&iacute;aco. Os efeitos desta planta incluem aumento da libido, sensa&ccedil;&otilde;es agrad&aacute;veis na pele e propriedades tonificantes.<\/li>\n<li><u>Epimedium Grandiflorum<\/u> : Esta planta cresce na &Aacute;sia e tem sido tradicionalmente usada para aumentar o n&iacute;vel de desejo e fornecer componentes afrodis&iacute;acos naturais.<\/li>\n<li><u>Aroma de baunilha<\/u> : &eacute; macio, quente e reconfortante, que estimula os sentidos e cria um ambiente aconchegante e sensual. Esse ambiente pode ajudar a despertar a paix&atilde;o e a conex&atilde;o emocional entre os casais.<\/li>\n<\/ul>\n","protected":false},"excerpt":{"rendered":"<p>EROS-ART &#8211; \u00d3LEO DE MASSAGEM T\u00c2NTRICA NATURAL E BAUNILHA AFRODIS\u00cdACA 100 ML<\/p>\n","protected":false},"featured_media":56481,"template":"","meta":{"_acf_changed":false},"product_brand":[],"product_cat":[49,51],"product_tag":[],"class_list":{"0":"post-15868","1":"product","2":"type-product","3":"status-publish","4":"has-post-thumbnail","6":"product_cat-cosmeticos","7":"product_cat-oleos-de-massagem","8":"yith_product_brand-eros-art","10":"first","11":"instock","12":"taxable","13":"shipping-taxable","14":"purchasable","15":"product-type-simple"},"acf":[],"yoast_head":"<!-- This site is optimized with the Yoast SEO plugin v27.4 - https:\/\/yoast.com\/product\/yoast-seo-wordpress\/ -->\n<title>EROS-ART - \u00d3LEO DE MASSAGEM T\u00c2NTRICA NATURAL E BAUNILHA AFRODIS\u00cdACA 100 ML - Lovme<\/title>\n<meta name=\"robots\" content=\"index, follow, max-snippet:-1, max-image-preview:large, max-video-preview:-1\" \/>\n<link rel=\"canonical\" href=\"https:\/\/lovme.pt\/index.php\/produto\/eros-art-oleo-de-massagem-tantrica-natural-e-baunilha-afrodisiaca-100-ml\/\" \/>\n<meta property=\"og:locale\" content=\"pt_PT\" \/>\n<meta property=\"og:type\" content=\"article\" \/>\n<meta property=\"og:title\" content=\"EROS-ART - \u00d3LEO DE MASSAGEM T\u00c2NTRICA NATURAL E BAUNILHA AFRODIS\u00cdACA 100 ML - Lovme\" \/>\n<meta property=\"og:description\" content=\"EROS-ART - \u00d3LEO DE MASSAGEM T\u00c2NTRICA NATURAL E BAUNILHA AFRODIS\u00cdACA 100 ML\" \/>\n<meta property=\"og:url\" content=\"https:\/\/lovme.pt\/index.php\/produto\/eros-art-oleo-de-massagem-tantrica-natural-e-baunilha-afrodisiaca-100-ml\/\" \/>\n<meta property=\"og:site_name\" content=\"Lovme\" \/>\n<meta property=\"article:modified_time\" content=\"2026-04-14T12:49:33+00:00\" \/>\n<meta property=\"og:image\" content=\"https:\/\/erki24nd3ub.exactdn.com\/wp-content\/uploads\/dream\/img\/img_180849_5ea417ef346337ade4bbd8200898a727_1.jpg?strip=all\" \/>\n\t<meta property=\"og:image:width\" content=\"800\" \/>\n\t<meta property=\"og:image:height\" content=\"800\" \/>\n\t<meta property=\"og:image:type\" content=\"image\/jpeg\" \/>\n<meta name=\"twitter:card\" content=\"summary_large_image\" \/>\n<meta name=\"twitter:label1\" content=\"Tempo estimado de leitura\" \/>\n\t<meta name=\"twitter:data1\" content=\"2 minutos\" \/>\n<script type=\"application\/ld+json\" class=\"yoast-schema-graph\">{\"@context\":\"https:\\\/\\\/schema.org\",\"@graph\":[{\"@type\":\"WebPage\",\"@id\":\"https:\\\/\\\/lovme.pt\\\/index.php\\\/produto\\\/eros-art-oleo-de-massagem-tantrica-natural-e-baunilha-afrodisiaca-100-ml\\\/\",\"url\":\"https:\\\/\\\/lovme.pt\\\/index.php\\\/produto\\\/eros-art-oleo-de-massagem-tantrica-natural-e-baunilha-afrodisiaca-100-ml\\\/\",\"name\":\"EROS-ART - \u00d3LEO DE MASSAGEM T\u00c2NTRICA NATURAL E BAUNILHA AFRODIS\u00cdACA 100 ML - Lovme\",\"isPartOf\":{\"@id\":\"https:\\\/\\\/lovme.pt\\\/#website\"},\"primaryImageOfPage\":{\"@id\":\"https:\\\/\\\/lovme.pt\\\/index.php\\\/produto\\\/eros-art-oleo-de-massagem-tantrica-natural-e-baunilha-afrodisiaca-100-ml\\\/#primaryimage\"},\"image\":{\"@id\":\"https:\\\/\\\/lovme.pt\\\/index.php\\\/produto\\\/eros-art-oleo-de-massagem-tantrica-natural-e-baunilha-afrodisiaca-100-ml\\\/#primaryimage\"},\"thumbnailUrl\":\"https:\\\/\\\/erki24nd3ub.exactdn.com\\\/wp-content\\\/uploads\\\/dream\\\/img\\\/img_180849_5ea417ef346337ade4bbd8200898a727_1.jpg?strip=all\",\"datePublished\":\"2025-09-30T09:44:49+00:00\",\"dateModified\":\"2026-04-14T12:49:33+00:00\",\"breadcrumb\":{\"@id\":\"https:\\\/\\\/lovme.pt\\\/index.php\\\/produto\\\/eros-art-oleo-de-massagem-tantrica-natural-e-baunilha-afrodisiaca-100-ml\\\/#breadcrumb\"},\"inLanguage\":\"pt-PT\",\"potentialAction\":[{\"@type\":\"ReadAction\",\"target\":[\"https:\\\/\\\/lovme.pt\\\/index.php\\\/produto\\\/eros-art-oleo-de-massagem-tantrica-natural-e-baunilha-afrodisiaca-100-ml\\\/\"]}]},{\"@type\":\"ImageObject\",\"inLanguage\":\"pt-PT\",\"@id\":\"https:\\\/\\\/lovme.pt\\\/index.php\\\/produto\\\/eros-art-oleo-de-massagem-tantrica-natural-e-baunilha-afrodisiaca-100-ml\\\/#primaryimage\",\"url\":\"https:\\\/\\\/erki24nd3ub.exactdn.com\\\/wp-content\\\/uploads\\\/dream\\\/img\\\/img_180849_5ea417ef346337ade4bbd8200898a727_1.jpg?strip=all\",\"contentUrl\":\"https:\\\/\\\/erki24nd3ub.exactdn.com\\\/wp-content\\\/uploads\\\/dream\\\/img\\\/img_180849_5ea417ef346337ade4bbd8200898a727_1.jpg?strip=all\",\"width\":800,\"height\":800},{\"@type\":\"BreadcrumbList\",\"@id\":\"https:\\\/\\\/lovme.pt\\\/index.php\\\/produto\\\/eros-art-oleo-de-massagem-tantrica-natural-e-baunilha-afrodisiaca-100-ml\\\/#breadcrumb\",\"itemListElement\":[{\"@type\":\"ListItem\",\"position\":1,\"name\":\"In\u00edcio\",\"item\":\"https:\\\/\\\/lovme.pt\\\/\"},{\"@type\":\"ListItem\",\"position\":2,\"name\":\"Loja\",\"item\":\"https:\\\/\\\/lovme.pt\\\/index.php\\\/loja\\\/\"},{\"@type\":\"ListItem\",\"position\":3,\"name\":\"EROS-ART &#8211; \u00d3LEO DE MASSAGEM T\u00c2NTRICA NATURAL E BAUNILHA AFRODIS\u00cdACA 100 ML\"}]},{\"@type\":\"WebSite\",\"@id\":\"https:\\\/\\\/lovme.pt\\\/#website\",\"url\":\"https:\\\/\\\/lovme.pt\\\/\",\"name\":\"Lovme Loja Er\u00f3tica N\u00ba1 em Portugal\",\"description\":\"A melhor loja er\u00f3tica de Portugal.\",\"alternateName\":\"Loja Er\u00f3tica Lovme\",\"potentialAction\":[{\"@type\":\"SearchAction\",\"target\":{\"@type\":\"EntryPoint\",\"urlTemplate\":\"https:\\\/\\\/lovme.pt\\\/?s={search_term_string}\"},\"query-input\":{\"@type\":\"PropertyValueSpecification\",\"valueRequired\":true,\"valueName\":\"search_term_string\"}}],\"inLanguage\":\"pt-PT\"}]}<\/script>\n<!-- \/ Yoast SEO plugin. -->","yoast_head_json":{"title":"EROS-ART - \u00d3LEO DE MASSAGEM T\u00c2NTRICA NATURAL E BAUNILHA AFRODIS\u00cdACA 100 ML - Lovme","robots":{"index":"index","follow":"follow","max-snippet":"max-snippet:-1","max-image-preview":"max-image-preview:large","max-video-preview":"max-video-preview:-1"},"canonical":"https:\/\/lovme.pt\/index.php\/produto\/eros-art-oleo-de-massagem-tantrica-natural-e-baunilha-afrodisiaca-100-ml\/","og_locale":"pt_PT","og_type":"article","og_title":"EROS-ART - \u00d3LEO DE MASSAGEM T\u00c2NTRICA NATURAL E BAUNILHA AFRODIS\u00cdACA 100 ML - Lovme","og_description":"EROS-ART - \u00d3LEO DE MASSAGEM T\u00c2NTRICA NATURAL E BAUNILHA AFRODIS\u00cdACA 100 ML","og_url":"https:\/\/lovme.pt\/index.php\/produto\/eros-art-oleo-de-massagem-tantrica-natural-e-baunilha-afrodisiaca-100-ml\/","og_site_name":"Lovme","article_modified_time":"2026-04-14T12:49:33+00:00","og_image":[{"width":800,"height":800,"url":"https:\/\/erki24nd3ub.exactdn.com\/wp-content\/uploads\/dream\/img\/img_180849_5ea417ef346337ade4bbd8200898a727_1.jpg?strip=all","type":"image\/jpeg"}],"twitter_card":"summary_large_image","twitter_misc":{"Tempo estimado de leitura":"2 minutos"},"schema":{"@context":"https:\/\/schema.org","@graph":[{"@type":"WebPage","@id":"https:\/\/lovme.pt\/index.php\/produto\/eros-art-oleo-de-massagem-tantrica-natural-e-baunilha-afrodisiaca-100-ml\/","url":"https:\/\/lovme.pt\/index.php\/produto\/eros-art-oleo-de-massagem-tantrica-natural-e-baunilha-afrodisiaca-100-ml\/","name":"EROS-ART - \u00d3LEO DE MASSAGEM T\u00c2NTRICA NATURAL E BAUNILHA AFRODIS\u00cdACA 100 ML - Lovme","isPartOf":{"@id":"https:\/\/lovme.pt\/#website"},"primaryImageOfPage":{"@id":"https:\/\/lovme.pt\/index.php\/produto\/eros-art-oleo-de-massagem-tantrica-natural-e-baunilha-afrodisiaca-100-ml\/#primaryimage"},"image":{"@id":"https:\/\/lovme.pt\/index.php\/produto\/eros-art-oleo-de-massagem-tantrica-natural-e-baunilha-afrodisiaca-100-ml\/#primaryimage"},"thumbnailUrl":"https:\/\/erki24nd3ub.exactdn.com\/wp-content\/uploads\/dream\/img\/img_180849_5ea417ef346337ade4bbd8200898a727_1.jpg?strip=all","datePublished":"2025-09-30T09:44:49+00:00","dateModified":"2026-04-14T12:49:33+00:00","breadcrumb":{"@id":"https:\/\/lovme.pt\/index.php\/produto\/eros-art-oleo-de-massagem-tantrica-natural-e-baunilha-afrodisiaca-100-ml\/#breadcrumb"},"inLanguage":"pt-PT","potentialAction":[{"@type":"ReadAction","target":["https:\/\/lovme.pt\/index.php\/produto\/eros-art-oleo-de-massagem-tantrica-natural-e-baunilha-afrodisiaca-100-ml\/"]}]},{"@type":"ImageObject","inLanguage":"pt-PT","@id":"https:\/\/lovme.pt\/index.php\/produto\/eros-art-oleo-de-massagem-tantrica-natural-e-baunilha-afrodisiaca-100-ml\/#primaryimage","url":"https:\/\/erki24nd3ub.exactdn.com\/wp-content\/uploads\/dream\/img\/img_180849_5ea417ef346337ade4bbd8200898a727_1.jpg?strip=all","contentUrl":"https:\/\/erki24nd3ub.exactdn.com\/wp-content\/uploads\/dream\/img\/img_180849_5ea417ef346337ade4bbd8200898a727_1.jpg?strip=all","width":800,"height":800},{"@type":"BreadcrumbList","@id":"https:\/\/lovme.pt\/index.php\/produto\/eros-art-oleo-de-massagem-tantrica-natural-e-baunilha-afrodisiaca-100-ml\/#breadcrumb","itemListElement":[{"@type":"ListItem","position":1,"name":"In\u00edcio","item":"https:\/\/lovme.pt\/"},{"@type":"ListItem","position":2,"name":"Loja","item":"https:\/\/lovme.pt\/index.php\/loja\/"},{"@type":"ListItem","position":3,"name":"EROS-ART &#8211; \u00d3LEO DE MASSAGEM T\u00c2NTRICA NATURAL E BAUNILHA AFRODIS\u00cdACA 100 ML"}]},{"@type":"WebSite","@id":"https:\/\/lovme.pt\/#website","url":"https:\/\/lovme.pt\/","name":"Lovme Loja Er\u00f3tica N\u00ba1 em Portugal","description":"A melhor loja er\u00f3tica de Portugal.","alternateName":"Loja Er\u00f3tica Lovme","potentialAction":[{"@type":"SearchAction","target":{"@type":"EntryPoint","urlTemplate":"https:\/\/lovme.pt\/?s={search_term_string}"},"query-input":{"@type":"PropertyValueSpecification","valueRequired":true,"valueName":"search_term_string"}}],"inLanguage":"pt-PT"}]}},"_links":{"self":[{"href":"https:\/\/lovme.pt\/index.php\/wp-json\/wp\/v2\/product\/15868","targetHints":{"allow":["GET"]}}],"collection":[{"href":"https:\/\/lovme.pt\/index.php\/wp-json\/wp\/v2\/product"}],"about":[{"href":"https:\/\/lovme.pt\/index.php\/wp-json\/wp\/v2\/types\/product"}],"wp:featuredmedia":[{"embeddable":true,"href":"https:\/\/lovme.pt\/index.php\/wp-json\/wp\/v2\/media\/56481"}],"wp:attachment":[{"href":"https:\/\/lovme.pt\/index.php\/wp-json\/wp\/v2\/media?parent=15868"}],"wp:term":[{"taxonomy":"product_brand","embeddable":true,"href":"https:\/\/lovme.pt\/index.php\/wp-json\/wp\/v2\/product_brand?post=15868"},{"taxonomy":"product_cat","embeddable":true,"href":"https:\/\/lovme.pt\/index.php\/wp-json\/wp\/v2\/product_cat?post=15868"},{"taxonomy":"product_tag","embeddable":true,"href":"https:\/\/lovme.pt\/index.php\/wp-json\/wp\/v2\/product_tag?post=15868"}],"curies":[{"name":"wp","href":"https:\/\/api.w.org\/{rel}","templated":true}]}}