{"id":14922,"date":"2025-09-30T22:25:37","date_gmt":"2025-09-30T22:25:37","guid":{"rendered":"https:\/\/lovme.pt\/?post_type=product&#038;p=14922"},"modified":"2026-04-14T09:47:33","modified_gmt":"2026-04-14T09:47:33","slug":"confortex-folhas-higienicas-descartaveis-sacola-individual-preservativo-de-morango","status":"publish","type":"product","link":"https:\/\/lovme.pt\/index.php\/produto\/confortex-folhas-higienicas-descartaveis-sacola-individual-preservativo-de-morango\/","title":{"rendered":"CONFORTEX &#8211; FOLHAS HIGI\u00caNICAS DESCART\u00c1VEIS, SACOLA INDIVIDUAL + PRESERVATIVO DE MORANGO"},"content":{"rendered":"<p>Evite lavar roupas desnecess&aacute;rias com len&ccedil;&oacute;is descart&aacute;veis adequados para seu uso. Len&ccedil;&oacute;is higi&ecirc;nicos descart&aacute;veis ajudam na prote&ccedil;&atilde;o contra infec&ccedil;&otilde;es por fungos e bact&eacute;rias que geralmente vivem nos tecidos.<\/p>\n<p>A medida de uma folha descart&aacute;vel &eacute; fornecida com a folha esticada. A altura do colch&atilde;o deve ser considerada.<\/p>\n<ul>\n<li>Tamanho: 150 cm x 200 cm<\/li>\n<\/ul>\n<p>Todo o processo de fabrica&ccedil;&atilde;o &eacute; realizado em sala com ambiente controlado.<\/p>\n<p>Inclui 1 CONDOM&Iacute;NIO <strong>CONFORTEX com<\/strong> sabor morango<\/p>\n<p>Os preservativos <strong>CONFORTEX<\/strong> s&atilde;o dispositivos m&eacute;dicos que atendem aos requisitos da Diretiva do Conselho 93\/42 \/ EEC sobre dispositivos m&eacute;dicos sob supervis&atilde;o do organismo notificado SGS (CE0120) e s&atilde;o testados em conformidade com EN ISO 4074 que especifica os requisitos aplic&aacute;veis aos preservativos de borracha de uso &uacute;nico bem como suas caracter&iacute;sticas e m&eacute;todos de teste.<\/p>\n","protected":false},"excerpt":{"rendered":"<p>CONFORTEX &#8211; FOLHAS HIGI\u00caNICAS DESCART\u00c1VEIS, SACOLA INDIVIDUAL + PRESERVATIVO DE MORANGO<\/p>\n","protected":false},"featured_media":77666,"template":"","meta":{"_acf_changed":false},"product_brand":[],"product_cat":[15],"product_tag":[],"class_list":{"0":"post-14922","1":"product","2":"type-product","3":"status-publish","4":"has-post-thumbnail","6":"product_cat-loja","7":"yith_product_brand-confortex","9":"first","10":"instock","11":"taxable","12":"shipping-taxable","13":"purchasable","14":"product-type-simple"},"acf":[],"yoast_head":"<!-- This site is optimized with the Yoast SEO plugin v27.3 - https:\/\/yoast.com\/product\/yoast-seo-wordpress\/ -->\n<title>CONFORTEX - FOLHAS HIGI\u00caNICAS DESCART\u00c1VEIS, SACOLA INDIVIDUAL + PRESERVATIVO DE MORANGO - Lovme<\/title>\n<meta name=\"robots\" content=\"index, follow, max-snippet:-1, max-image-preview:large, max-video-preview:-1\" \/>\n<link rel=\"canonical\" href=\"https:\/\/lovme.pt\/index.php\/produto\/confortex-folhas-higienicas-descartaveis-sacola-individual-preservativo-de-morango\/\" \/>\n<meta property=\"og:locale\" content=\"pt_PT\" \/>\n<meta property=\"og:type\" content=\"article\" \/>\n<meta property=\"og:title\" content=\"CONFORTEX - FOLHAS HIGI\u00caNICAS DESCART\u00c1VEIS, SACOLA INDIVIDUAL + PRESERVATIVO DE MORANGO - Lovme\" \/>\n<meta property=\"og:description\" content=\"CONFORTEX - FOLHAS HIGI\u00caNICAS DESCART\u00c1VEIS, SACOLA INDIVIDUAL + PRESERVATIVO DE MORANGO\" \/>\n<meta property=\"og:url\" content=\"https:\/\/lovme.pt\/index.php\/produto\/confortex-folhas-higienicas-descartaveis-sacola-individual-preservativo-de-morango\/\" \/>\n<meta property=\"og:site_name\" content=\"Lovme\" \/>\n<meta property=\"article:modified_time\" content=\"2026-04-14T09:47:33+00:00\" \/>\n<meta property=\"og:image\" content=\"https:\/\/erki24nd3ub.exactdn.com\/wp-content\/uploads\/dream\/img\/img_40700_2c615485a9c213bdc72b5817092ed3fb_1.jpg?strip=all\" \/>\n\t<meta property=\"og:image:width\" content=\"659\" \/>\n\t<meta property=\"og:image:height\" content=\"659\" \/>\n\t<meta property=\"og:image:type\" content=\"image\/jpeg\" \/>\n<meta name=\"twitter:card\" content=\"summary_large_image\" \/>\n<meta name=\"twitter:label1\" content=\"Tempo estimado de leitura\" \/>\n\t<meta name=\"twitter:data1\" content=\"1 minuto\" \/>\n<script type=\"application\/ld+json\" class=\"yoast-schema-graph\">{\"@context\":\"https:\\\/\\\/schema.org\",\"@graph\":[{\"@type\":\"WebPage\",\"@id\":\"https:\\\/\\\/lovme.pt\\\/index.php\\\/produto\\\/confortex-folhas-higienicas-descartaveis-sacola-individual-preservativo-de-morango\\\/\",\"url\":\"https:\\\/\\\/lovme.pt\\\/index.php\\\/produto\\\/confortex-folhas-higienicas-descartaveis-sacola-individual-preservativo-de-morango\\\/\",\"name\":\"CONFORTEX - FOLHAS HIGI\u00caNICAS DESCART\u00c1VEIS, SACOLA INDIVIDUAL + PRESERVATIVO DE MORANGO - Lovme\",\"isPartOf\":{\"@id\":\"https:\\\/\\\/lovme.pt\\\/#website\"},\"primaryImageOfPage\":{\"@id\":\"https:\\\/\\\/lovme.pt\\\/index.php\\\/produto\\\/confortex-folhas-higienicas-descartaveis-sacola-individual-preservativo-de-morango\\\/#primaryimage\"},\"image\":{\"@id\":\"https:\\\/\\\/lovme.pt\\\/index.php\\\/produto\\\/confortex-folhas-higienicas-descartaveis-sacola-individual-preservativo-de-morango\\\/#primaryimage\"},\"thumbnailUrl\":\"https:\\\/\\\/erki24nd3ub.exactdn.com\\\/wp-content\\\/uploads\\\/dream\\\/img\\\/img_40700_2c615485a9c213bdc72b5817092ed3fb_1.jpg?strip=all\",\"datePublished\":\"2025-09-30T22:25:37+00:00\",\"dateModified\":\"2026-04-14T09:47:33+00:00\",\"breadcrumb\":{\"@id\":\"https:\\\/\\\/lovme.pt\\\/index.php\\\/produto\\\/confortex-folhas-higienicas-descartaveis-sacola-individual-preservativo-de-morango\\\/#breadcrumb\"},\"inLanguage\":\"pt-PT\",\"potentialAction\":[{\"@type\":\"ReadAction\",\"target\":[\"https:\\\/\\\/lovme.pt\\\/index.php\\\/produto\\\/confortex-folhas-higienicas-descartaveis-sacola-individual-preservativo-de-morango\\\/\"]}]},{\"@type\":\"ImageObject\",\"inLanguage\":\"pt-PT\",\"@id\":\"https:\\\/\\\/lovme.pt\\\/index.php\\\/produto\\\/confortex-folhas-higienicas-descartaveis-sacola-individual-preservativo-de-morango\\\/#primaryimage\",\"url\":\"https:\\\/\\\/erki24nd3ub.exactdn.com\\\/wp-content\\\/uploads\\\/dream\\\/img\\\/img_40700_2c615485a9c213bdc72b5817092ed3fb_1.jpg?strip=all\",\"contentUrl\":\"https:\\\/\\\/erki24nd3ub.exactdn.com\\\/wp-content\\\/uploads\\\/dream\\\/img\\\/img_40700_2c615485a9c213bdc72b5817092ed3fb_1.jpg?strip=all\",\"width\":659,\"height\":659},{\"@type\":\"BreadcrumbList\",\"@id\":\"https:\\\/\\\/lovme.pt\\\/index.php\\\/produto\\\/confortex-folhas-higienicas-descartaveis-sacola-individual-preservativo-de-morango\\\/#breadcrumb\",\"itemListElement\":[{\"@type\":\"ListItem\",\"position\":1,\"name\":\"In\u00edcio\",\"item\":\"https:\\\/\\\/lovme.pt\\\/\"},{\"@type\":\"ListItem\",\"position\":2,\"name\":\"Loja\",\"item\":\"https:\\\/\\\/lovme.pt\\\/index.php\\\/loja\\\/\"},{\"@type\":\"ListItem\",\"position\":3,\"name\":\"CONFORTEX &#8211; FOLHAS HIGI\u00caNICAS DESCART\u00c1VEIS, SACOLA INDIVIDUAL + PRESERVATIVO DE MORANGO\"}]},{\"@type\":\"WebSite\",\"@id\":\"https:\\\/\\\/lovme.pt\\\/#website\",\"url\":\"https:\\\/\\\/lovme.pt\\\/\",\"name\":\"Lovme Loja Er\u00f3tica N\u00ba1 em Portugal\",\"description\":\"A melhor loja er\u00f3tica de Portugal.\",\"alternateName\":\"Loja Er\u00f3tica Lovme\",\"potentialAction\":[{\"@type\":\"SearchAction\",\"target\":{\"@type\":\"EntryPoint\",\"urlTemplate\":\"https:\\\/\\\/lovme.pt\\\/?s={search_term_string}\"},\"query-input\":{\"@type\":\"PropertyValueSpecification\",\"valueRequired\":true,\"valueName\":\"search_term_string\"}}],\"inLanguage\":\"pt-PT\"}]}<\/script>\n<!-- \/ Yoast SEO plugin. -->","yoast_head_json":{"title":"CONFORTEX - FOLHAS HIGI\u00caNICAS DESCART\u00c1VEIS, SACOLA INDIVIDUAL + PRESERVATIVO DE MORANGO - Lovme","robots":{"index":"index","follow":"follow","max-snippet":"max-snippet:-1","max-image-preview":"max-image-preview:large","max-video-preview":"max-video-preview:-1"},"canonical":"https:\/\/lovme.pt\/index.php\/produto\/confortex-folhas-higienicas-descartaveis-sacola-individual-preservativo-de-morango\/","og_locale":"pt_PT","og_type":"article","og_title":"CONFORTEX - FOLHAS HIGI\u00caNICAS DESCART\u00c1VEIS, SACOLA INDIVIDUAL + PRESERVATIVO DE MORANGO - Lovme","og_description":"CONFORTEX - FOLHAS HIGI\u00caNICAS DESCART\u00c1VEIS, SACOLA INDIVIDUAL + PRESERVATIVO DE MORANGO","og_url":"https:\/\/lovme.pt\/index.php\/produto\/confortex-folhas-higienicas-descartaveis-sacola-individual-preservativo-de-morango\/","og_site_name":"Lovme","article_modified_time":"2026-04-14T09:47:33+00:00","og_image":[{"width":659,"height":659,"url":"https:\/\/erki24nd3ub.exactdn.com\/wp-content\/uploads\/dream\/img\/img_40700_2c615485a9c213bdc72b5817092ed3fb_1.jpg?strip=all","type":"image\/jpeg"}],"twitter_card":"summary_large_image","twitter_misc":{"Tempo estimado de leitura":"1 minuto"},"schema":{"@context":"https:\/\/schema.org","@graph":[{"@type":"WebPage","@id":"https:\/\/lovme.pt\/index.php\/produto\/confortex-folhas-higienicas-descartaveis-sacola-individual-preservativo-de-morango\/","url":"https:\/\/lovme.pt\/index.php\/produto\/confortex-folhas-higienicas-descartaveis-sacola-individual-preservativo-de-morango\/","name":"CONFORTEX - FOLHAS HIGI\u00caNICAS DESCART\u00c1VEIS, SACOLA INDIVIDUAL + PRESERVATIVO DE MORANGO - Lovme","isPartOf":{"@id":"https:\/\/lovme.pt\/#website"},"primaryImageOfPage":{"@id":"https:\/\/lovme.pt\/index.php\/produto\/confortex-folhas-higienicas-descartaveis-sacola-individual-preservativo-de-morango\/#primaryimage"},"image":{"@id":"https:\/\/lovme.pt\/index.php\/produto\/confortex-folhas-higienicas-descartaveis-sacola-individual-preservativo-de-morango\/#primaryimage"},"thumbnailUrl":"https:\/\/erki24nd3ub.exactdn.com\/wp-content\/uploads\/dream\/img\/img_40700_2c615485a9c213bdc72b5817092ed3fb_1.jpg?strip=all","datePublished":"2025-09-30T22:25:37+00:00","dateModified":"2026-04-14T09:47:33+00:00","breadcrumb":{"@id":"https:\/\/lovme.pt\/index.php\/produto\/confortex-folhas-higienicas-descartaveis-sacola-individual-preservativo-de-morango\/#breadcrumb"},"inLanguage":"pt-PT","potentialAction":[{"@type":"ReadAction","target":["https:\/\/lovme.pt\/index.php\/produto\/confortex-folhas-higienicas-descartaveis-sacola-individual-preservativo-de-morango\/"]}]},{"@type":"ImageObject","inLanguage":"pt-PT","@id":"https:\/\/lovme.pt\/index.php\/produto\/confortex-folhas-higienicas-descartaveis-sacola-individual-preservativo-de-morango\/#primaryimage","url":"https:\/\/erki24nd3ub.exactdn.com\/wp-content\/uploads\/dream\/img\/img_40700_2c615485a9c213bdc72b5817092ed3fb_1.jpg?strip=all","contentUrl":"https:\/\/erki24nd3ub.exactdn.com\/wp-content\/uploads\/dream\/img\/img_40700_2c615485a9c213bdc72b5817092ed3fb_1.jpg?strip=all","width":659,"height":659},{"@type":"BreadcrumbList","@id":"https:\/\/lovme.pt\/index.php\/produto\/confortex-folhas-higienicas-descartaveis-sacola-individual-preservativo-de-morango\/#breadcrumb","itemListElement":[{"@type":"ListItem","position":1,"name":"In\u00edcio","item":"https:\/\/lovme.pt\/"},{"@type":"ListItem","position":2,"name":"Loja","item":"https:\/\/lovme.pt\/index.php\/loja\/"},{"@type":"ListItem","position":3,"name":"CONFORTEX &#8211; FOLHAS HIGI\u00caNICAS DESCART\u00c1VEIS, SACOLA INDIVIDUAL + PRESERVATIVO DE MORANGO"}]},{"@type":"WebSite","@id":"https:\/\/lovme.pt\/#website","url":"https:\/\/lovme.pt\/","name":"Lovme Loja Er\u00f3tica N\u00ba1 em Portugal","description":"A melhor loja er\u00f3tica de Portugal.","alternateName":"Loja Er\u00f3tica Lovme","potentialAction":[{"@type":"SearchAction","target":{"@type":"EntryPoint","urlTemplate":"https:\/\/lovme.pt\/?s={search_term_string}"},"query-input":{"@type":"PropertyValueSpecification","valueRequired":true,"valueName":"search_term_string"}}],"inLanguage":"pt-PT"}]}},"_links":{"self":[{"href":"https:\/\/lovme.pt\/index.php\/wp-json\/wp\/v2\/product\/14922","targetHints":{"allow":["GET"]}}],"collection":[{"href":"https:\/\/lovme.pt\/index.php\/wp-json\/wp\/v2\/product"}],"about":[{"href":"https:\/\/lovme.pt\/index.php\/wp-json\/wp\/v2\/types\/product"}],"wp:featuredmedia":[{"embeddable":true,"href":"https:\/\/lovme.pt\/index.php\/wp-json\/wp\/v2\/media\/77666"}],"wp:attachment":[{"href":"https:\/\/lovme.pt\/index.php\/wp-json\/wp\/v2\/media?parent=14922"}],"wp:term":[{"taxonomy":"product_brand","embeddable":true,"href":"https:\/\/lovme.pt\/index.php\/wp-json\/wp\/v2\/product_brand?post=14922"},{"taxonomy":"product_cat","embeddable":true,"href":"https:\/\/lovme.pt\/index.php\/wp-json\/wp\/v2\/product_cat?post=14922"},{"taxonomy":"product_tag","embeddable":true,"href":"https:\/\/lovme.pt\/index.php\/wp-json\/wp\/v2\/product_tag?post=14922"}],"curies":[{"name":"wp","href":"https:\/\/api.w.org\/{rel}","templated":true}]}}