{"id":14712,"date":"2025-10-01T02:06:26","date_gmt":"2025-10-01T02:06:26","guid":{"rendered":"https:\/\/lovme.pt\/?post_type=product&#038;p=14712"},"modified":"2026-04-21T12:48:16","modified_gmt":"2026-04-21T12:48:16","slug":"durex-preservativos-ultra-finos-invisiveis-12-unidades","status":"publish","type":"product","link":"https:\/\/lovme.pt\/index.php\/produto\/durex-preservativos-ultra-finos-invisiveis-12-unidades\/","title":{"rendered":"DUREX &#8211; PRESERVATIVOS ULTRA FINOS INVIS\u00cdVEIS 12 UNIDADES"},"content":{"rendered":"<p>Os preservativos Durex Invisible s\u00e3o projetados para serem ultrafinos e, assim, maximizar a sensibilidade, ao mesmo tempo em que garantem um alto n\u00edvel de seguran\u00e7a e prote\u00e7\u00e3o, em um tamanho regular.<\/p>\n<ul>\n<li> PER\u00cdMETRO: Regular (largura nominal: 54 mm)<\/li>\n<li> FORMATO: Reto, liso e com dep\u00f3sito<\/li>\n<li> LUBRIFICA\u00c7\u00c3O: Silicone<\/li>\n<li> ESPESSURA: Ultra Fina<\/li>\n<li> L\u00c1TEX: Preservativos transparentes de l\u00e1tex de borracha natural<\/li>\n<\/ul>\n<p> <u><strong>CONTRAINDICA\u00c7\u00d5ES<\/strong><\/u><br \/> Este preservativo \u00e9 feito de l\u00e1tex de borracha natural, o que pode causar rea\u00e7\u00f5es al\u00e9rgicas, incluindo choque anafil\u00e1tico, se o usu\u00e1rio for al\u00e9rgico ao l\u00e1tex.<\/p>\n<p> <strong>PRECAU\u00c7\u00d5ES \/ PARE DE USAR:<\/strong> Se sentir desconforto ou irrita\u00e7\u00e3o ao usar o preservativo, use-o apenas uma vez. A reutiliza\u00e7\u00e3o pode aumentar o risco de rompimento e infec\u00e7\u00e3o. Os preservativos podem apresentar risco de asfixia. Mantenha fora do alcance de crian\u00e7as. Se voc\u00ea usar o preservativo pela primeira vez para sexo oral, dever\u00e1 usar um novo para qualquer outro tipo de pr\u00e1tica sexual posteriormente. Use apenas lubrificantes recomendados para uso com preservativos. Preservativos \u00e0 base de \u00f3leo (vaselina, \u00f3leo de beb\u00ea e alguns pess\u00e1rios) ou outros medicamentos t\u00f3picos aplicados no p\u00eanis ou na vagina podem danificar os preservativos. Para sexo anal, use lubrificante adicional na parte externa do preservativo (n\u00e3o use Durex Frescor ou Lovers Connect).<\/p>\n","protected":false},"excerpt":{"rendered":"<p>DUREX &#8211; PRESERVATIVOS ULTRA FINOS INVIS\u00cdVEIS 12 UNIDADES<\/p>\n","protected":false},"featured_media":94890,"template":"","meta":{"_acf_changed":false},"product_brand":[],"product_cat":[73],"product_tag":[],"class_list":{"0":"post-14712","1":"product","2":"type-product","3":"status-publish","4":"has-post-thumbnail","6":"product_cat-preservativos","7":"yith_product_brand-durexdurex-condoms","9":"first","10":"instock","11":"taxable","12":"shipping-taxable","13":"purchasable","14":"product-type-simple"},"acf":[],"yoast_head":"<!-- This site is optimized with the Yoast SEO plugin v27.4 - https:\/\/yoast.com\/product\/yoast-seo-wordpress\/ -->\n<title>DUREX - PRESERVATIVOS ULTRA FINOS INVIS\u00cdVEIS 12 UNIDADES - Lovme<\/title>\n<meta name=\"robots\" content=\"index, follow, max-snippet:-1, max-image-preview:large, max-video-preview:-1\" \/>\n<link rel=\"canonical\" href=\"https:\/\/lovme.pt\/index.php\/produto\/durex-preservativos-ultra-finos-invisiveis-12-unidades\/\" \/>\n<meta property=\"og:locale\" content=\"pt_PT\" \/>\n<meta property=\"og:type\" content=\"article\" \/>\n<meta property=\"og:title\" content=\"DUREX - PRESERVATIVOS ULTRA FINOS INVIS\u00cdVEIS 12 UNIDADES - Lovme\" \/>\n<meta property=\"og:description\" content=\"DUREX - PRESERVATIVOS ULTRA FINOS INVIS\u00cdVEIS 12 UNIDADES\" \/>\n<meta property=\"og:url\" content=\"https:\/\/lovme.pt\/index.php\/produto\/durex-preservativos-ultra-finos-invisiveis-12-unidades\/\" \/>\n<meta property=\"og:site_name\" content=\"Lovme\" \/>\n<meta property=\"article:modified_time\" content=\"2026-04-21T12:48:16+00:00\" \/>\n<meta property=\"og:image\" content=\"https:\/\/erki24nd3ub.exactdn.com\/wp-content\/uploads\/dream\/img\/img_214629_ba32f37554095e4de93b93ea15f6aa52_1.jpg?strip=all\" \/>\n\t<meta property=\"og:image:width\" content=\"900\" \/>\n\t<meta property=\"og:image:height\" content=\"900\" \/>\n\t<meta property=\"og:image:type\" content=\"image\/jpeg\" \/>\n<meta name=\"twitter:card\" content=\"summary_large_image\" \/>\n<meta name=\"twitter:label1\" content=\"Tempo estimado de leitura\" \/>\n\t<meta name=\"twitter:data1\" content=\"1 minuto\" \/>\n<script type=\"application\/ld+json\" class=\"yoast-schema-graph\">{\"@context\":\"https:\\\/\\\/schema.org\",\"@graph\":[{\"@type\":\"WebPage\",\"@id\":\"https:\\\/\\\/lovme.pt\\\/index.php\\\/produto\\\/durex-preservativos-ultra-finos-invisiveis-12-unidades\\\/\",\"url\":\"https:\\\/\\\/lovme.pt\\\/index.php\\\/produto\\\/durex-preservativos-ultra-finos-invisiveis-12-unidades\\\/\",\"name\":\"DUREX - PRESERVATIVOS ULTRA FINOS INVIS\u00cdVEIS 12 UNIDADES - Lovme\",\"isPartOf\":{\"@id\":\"https:\\\/\\\/lovme.pt\\\/#website\"},\"primaryImageOfPage\":{\"@id\":\"https:\\\/\\\/lovme.pt\\\/index.php\\\/produto\\\/durex-preservativos-ultra-finos-invisiveis-12-unidades\\\/#primaryimage\"},\"image\":{\"@id\":\"https:\\\/\\\/lovme.pt\\\/index.php\\\/produto\\\/durex-preservativos-ultra-finos-invisiveis-12-unidades\\\/#primaryimage\"},\"thumbnailUrl\":\"https:\\\/\\\/erki24nd3ub.exactdn.com\\\/wp-content\\\/uploads\\\/dream\\\/img\\\/img_214629_ba32f37554095e4de93b93ea15f6aa52_1.jpg?strip=all\",\"datePublished\":\"2025-10-01T02:06:26+00:00\",\"dateModified\":\"2026-04-21T12:48:16+00:00\",\"breadcrumb\":{\"@id\":\"https:\\\/\\\/lovme.pt\\\/index.php\\\/produto\\\/durex-preservativos-ultra-finos-invisiveis-12-unidades\\\/#breadcrumb\"},\"inLanguage\":\"pt-PT\",\"potentialAction\":[{\"@type\":\"ReadAction\",\"target\":[\"https:\\\/\\\/lovme.pt\\\/index.php\\\/produto\\\/durex-preservativos-ultra-finos-invisiveis-12-unidades\\\/\"]}]},{\"@type\":\"ImageObject\",\"inLanguage\":\"pt-PT\",\"@id\":\"https:\\\/\\\/lovme.pt\\\/index.php\\\/produto\\\/durex-preservativos-ultra-finos-invisiveis-12-unidades\\\/#primaryimage\",\"url\":\"https:\\\/\\\/erki24nd3ub.exactdn.com\\\/wp-content\\\/uploads\\\/dream\\\/img\\\/img_214629_ba32f37554095e4de93b93ea15f6aa52_1.jpg?strip=all\",\"contentUrl\":\"https:\\\/\\\/erki24nd3ub.exactdn.com\\\/wp-content\\\/uploads\\\/dream\\\/img\\\/img_214629_ba32f37554095e4de93b93ea15f6aa52_1.jpg?strip=all\",\"width\":900,\"height\":900},{\"@type\":\"BreadcrumbList\",\"@id\":\"https:\\\/\\\/lovme.pt\\\/index.php\\\/produto\\\/durex-preservativos-ultra-finos-invisiveis-12-unidades\\\/#breadcrumb\",\"itemListElement\":[{\"@type\":\"ListItem\",\"position\":1,\"name\":\"In\u00edcio\",\"item\":\"https:\\\/\\\/lovme.pt\\\/\"},{\"@type\":\"ListItem\",\"position\":2,\"name\":\"Loja\",\"item\":\"https:\\\/\\\/lovme.pt\\\/index.php\\\/loja\\\/\"},{\"@type\":\"ListItem\",\"position\":3,\"name\":\"DUREX &#8211; PRESERVATIVOS ULTRA FINOS INVIS\u00cdVEIS 12 UNIDADES\"}]},{\"@type\":\"WebSite\",\"@id\":\"https:\\\/\\\/lovme.pt\\\/#website\",\"url\":\"https:\\\/\\\/lovme.pt\\\/\",\"name\":\"Lovme Loja Er\u00f3tica N\u00ba1 em Portugal\",\"description\":\"A melhor loja er\u00f3tica de Portugal.\",\"alternateName\":\"Loja Er\u00f3tica Lovme\",\"potentialAction\":[{\"@type\":\"SearchAction\",\"target\":{\"@type\":\"EntryPoint\",\"urlTemplate\":\"https:\\\/\\\/lovme.pt\\\/?s={search_term_string}\"},\"query-input\":{\"@type\":\"PropertyValueSpecification\",\"valueRequired\":true,\"valueName\":\"search_term_string\"}}],\"inLanguage\":\"pt-PT\"}]}<\/script>\n<!-- \/ Yoast SEO plugin. -->","yoast_head_json":{"title":"DUREX - PRESERVATIVOS ULTRA FINOS INVIS\u00cdVEIS 12 UNIDADES - Lovme","robots":{"index":"index","follow":"follow","max-snippet":"max-snippet:-1","max-image-preview":"max-image-preview:large","max-video-preview":"max-video-preview:-1"},"canonical":"https:\/\/lovme.pt\/index.php\/produto\/durex-preservativos-ultra-finos-invisiveis-12-unidades\/","og_locale":"pt_PT","og_type":"article","og_title":"DUREX - PRESERVATIVOS ULTRA FINOS INVIS\u00cdVEIS 12 UNIDADES - Lovme","og_description":"DUREX - PRESERVATIVOS ULTRA FINOS INVIS\u00cdVEIS 12 UNIDADES","og_url":"https:\/\/lovme.pt\/index.php\/produto\/durex-preservativos-ultra-finos-invisiveis-12-unidades\/","og_site_name":"Lovme","article_modified_time":"2026-04-21T12:48:16+00:00","og_image":[{"width":900,"height":900,"url":"https:\/\/erki24nd3ub.exactdn.com\/wp-content\/uploads\/dream\/img\/img_214629_ba32f37554095e4de93b93ea15f6aa52_1.jpg?strip=all","type":"image\/jpeg"}],"twitter_card":"summary_large_image","twitter_misc":{"Tempo estimado de leitura":"1 minuto"},"schema":{"@context":"https:\/\/schema.org","@graph":[{"@type":"WebPage","@id":"https:\/\/lovme.pt\/index.php\/produto\/durex-preservativos-ultra-finos-invisiveis-12-unidades\/","url":"https:\/\/lovme.pt\/index.php\/produto\/durex-preservativos-ultra-finos-invisiveis-12-unidades\/","name":"DUREX - PRESERVATIVOS ULTRA FINOS INVIS\u00cdVEIS 12 UNIDADES - Lovme","isPartOf":{"@id":"https:\/\/lovme.pt\/#website"},"primaryImageOfPage":{"@id":"https:\/\/lovme.pt\/index.php\/produto\/durex-preservativos-ultra-finos-invisiveis-12-unidades\/#primaryimage"},"image":{"@id":"https:\/\/lovme.pt\/index.php\/produto\/durex-preservativos-ultra-finos-invisiveis-12-unidades\/#primaryimage"},"thumbnailUrl":"https:\/\/erki24nd3ub.exactdn.com\/wp-content\/uploads\/dream\/img\/img_214629_ba32f37554095e4de93b93ea15f6aa52_1.jpg?strip=all","datePublished":"2025-10-01T02:06:26+00:00","dateModified":"2026-04-21T12:48:16+00:00","breadcrumb":{"@id":"https:\/\/lovme.pt\/index.php\/produto\/durex-preservativos-ultra-finos-invisiveis-12-unidades\/#breadcrumb"},"inLanguage":"pt-PT","potentialAction":[{"@type":"ReadAction","target":["https:\/\/lovme.pt\/index.php\/produto\/durex-preservativos-ultra-finos-invisiveis-12-unidades\/"]}]},{"@type":"ImageObject","inLanguage":"pt-PT","@id":"https:\/\/lovme.pt\/index.php\/produto\/durex-preservativos-ultra-finos-invisiveis-12-unidades\/#primaryimage","url":"https:\/\/erki24nd3ub.exactdn.com\/wp-content\/uploads\/dream\/img\/img_214629_ba32f37554095e4de93b93ea15f6aa52_1.jpg?strip=all","contentUrl":"https:\/\/erki24nd3ub.exactdn.com\/wp-content\/uploads\/dream\/img\/img_214629_ba32f37554095e4de93b93ea15f6aa52_1.jpg?strip=all","width":900,"height":900},{"@type":"BreadcrumbList","@id":"https:\/\/lovme.pt\/index.php\/produto\/durex-preservativos-ultra-finos-invisiveis-12-unidades\/#breadcrumb","itemListElement":[{"@type":"ListItem","position":1,"name":"In\u00edcio","item":"https:\/\/lovme.pt\/"},{"@type":"ListItem","position":2,"name":"Loja","item":"https:\/\/lovme.pt\/index.php\/loja\/"},{"@type":"ListItem","position":3,"name":"DUREX &#8211; PRESERVATIVOS ULTRA FINOS INVIS\u00cdVEIS 12 UNIDADES"}]},{"@type":"WebSite","@id":"https:\/\/lovme.pt\/#website","url":"https:\/\/lovme.pt\/","name":"Lovme Loja Er\u00f3tica N\u00ba1 em Portugal","description":"A melhor loja er\u00f3tica de Portugal.","alternateName":"Loja Er\u00f3tica Lovme","potentialAction":[{"@type":"SearchAction","target":{"@type":"EntryPoint","urlTemplate":"https:\/\/lovme.pt\/?s={search_term_string}"},"query-input":{"@type":"PropertyValueSpecification","valueRequired":true,"valueName":"search_term_string"}}],"inLanguage":"pt-PT"}]}},"_links":{"self":[{"href":"https:\/\/lovme.pt\/index.php\/wp-json\/wp\/v2\/product\/14712","targetHints":{"allow":["GET"]}}],"collection":[{"href":"https:\/\/lovme.pt\/index.php\/wp-json\/wp\/v2\/product"}],"about":[{"href":"https:\/\/lovme.pt\/index.php\/wp-json\/wp\/v2\/types\/product"}],"wp:featuredmedia":[{"embeddable":true,"href":"https:\/\/lovme.pt\/index.php\/wp-json\/wp\/v2\/media\/94890"}],"wp:attachment":[{"href":"https:\/\/lovme.pt\/index.php\/wp-json\/wp\/v2\/media?parent=14712"}],"wp:term":[{"taxonomy":"product_brand","embeddable":true,"href":"https:\/\/lovme.pt\/index.php\/wp-json\/wp\/v2\/product_brand?post=14712"},{"taxonomy":"product_cat","embeddable":true,"href":"https:\/\/lovme.pt\/index.php\/wp-json\/wp\/v2\/product_cat?post=14712"},{"taxonomy":"product_tag","embeddable":true,"href":"https:\/\/lovme.pt\/index.php\/wp-json\/wp\/v2\/product_tag?post=14712"}],"curies":[{"name":"wp","href":"https:\/\/api.w.org\/{rel}","templated":true}]}}