{"id":13776,"date":"2025-10-01T00:08:12","date_gmt":"2025-10-01T00:08:12","guid":{"rendered":"https:\/\/lovme.pt\/?post_type=product&#038;p=13776"},"modified":"2026-04-14T09:46:00","modified_gmt":"2026-04-14T09:46:00","slug":"bijoux-magnifica-joia-de-corrente-de-metal-para-cintura-de-ouro","status":"publish","type":"product","link":"https:\/\/lovme.pt\/index.php\/produto\/bijoux-magnifica-joia-de-corrente-de-metal-para-cintura-de-ouro\/","title":{"rendered":"BIJOUX &#8211; MAGN\u00cdFICA J\u00d3IA DE CORRENTE DE METAL PARA CINTURA DE OURO"},"content":{"rendered":"<p>Pequenas correntes douradas que despertam a imagina&ccedil;&atilde;o de quem usa e de quem v&ecirc;.<\/p>\n<p> Um acess&oacute;rio que d&aacute; um toque sensual ao seu look, revela fantasias secretas e desperta desejo. A sedu&ccedil;&atilde;o est&aacute; presente em cada pequeno detalhe!<\/p>\n<p> A sensualidade sai &agrave; tona! O acess&oacute;rio perfeito para adicionar um toque sensual ao seu look.<\/p>\n<ul>\n<li> 100% ajust&aacute;vel! As correntes dos ombros e das costas s&atilde;o ajust&aacute;veis.<\/li>\n<li> Use-o com o seu traje de noite, lingerie ou simplesmente com a sua pele.<\/li>\n<li> Fa&ccedil;a um respingo! Use-o com lingerie sexy e protetores de mamilo.<\/li>\n<li> Design exclusivo da Bijoux Indiscrets.<\/li>\n<li> Jogue sem medo! N&atilde;o cont&ecirc;m n&iacute;quel, portanto n&atilde;o causar&atilde;o rea&ccedil;&otilde;es al&eacute;rgicas.<\/li>\n<\/ul>\n<p> Mais usos. &Eacute; perfeito como um acess&oacute;rio de cabelo e um suti&atilde; com corrente dourada.<\/p>\n<p> Design inspirado nas sensuais dan&ccedil;arinas dos cabar&eacute;s nova-iorquinos, onde a sedu&ccedil;&atilde;o est&aacute; presente em cada detalhe.<\/p>\n<p> A apar&ecirc;ncia de nossas joias engana; transforme-os nos instrumentos que voc&ecirc; precisa para come&ccedil;ar a praticar soft bondage.<\/p>\n","protected":false},"excerpt":{"rendered":"<p>BIJOUX &#8211; MAGN\u00cdFICA J\u00d3IA DE CORRENTE DE METAL PARA CINTURA DE OURO<\/p>\n","protected":false},"featured_media":84780,"template":"","meta":{"_acf_changed":false},"product_brand":[],"product_cat":[48,50,56,47,66],"product_tag":[],"class_list":{"0":"post-13776","1":"product","2":"type-product","3":"status-publish","4":"has-post-thumbnail","6":"product_cat-bdsm","7":"product_cat-complementos-e-acessorios","8":"product_cat-dildos-e-arneses","9":"product_cat-lingerie","10":"product_cat-lingerie-feminina","11":"yith_product_brand-bijoux-indiscretsbijoux-magnifique","13":"first","14":"instock","15":"taxable","16":"shipping-taxable","17":"purchasable","18":"product-type-simple"},"acf":[],"yoast_head":"<!-- This site is optimized with the Yoast SEO plugin v27.4 - https:\/\/yoast.com\/product\/yoast-seo-wordpress\/ -->\n<title>BIJOUX - MAGN\u00cdFICA J\u00d3IA DE CORRENTE DE METAL PARA CINTURA DE OURO - Lovme<\/title>\n<meta name=\"robots\" content=\"index, follow, max-snippet:-1, max-image-preview:large, max-video-preview:-1\" \/>\n<link rel=\"canonical\" href=\"https:\/\/lovme.pt\/index.php\/produto\/bijoux-magnifica-joia-de-corrente-de-metal-para-cintura-de-ouro\/\" \/>\n<meta property=\"og:locale\" content=\"pt_PT\" \/>\n<meta property=\"og:type\" content=\"article\" \/>\n<meta property=\"og:title\" content=\"BIJOUX - MAGN\u00cdFICA J\u00d3IA DE CORRENTE DE METAL PARA CINTURA DE OURO - Lovme\" \/>\n<meta property=\"og:description\" content=\"BIJOUX - MAGN\u00cdFICA J\u00d3IA DE CORRENTE DE METAL PARA CINTURA DE OURO\" \/>\n<meta property=\"og:url\" content=\"https:\/\/lovme.pt\/index.php\/produto\/bijoux-magnifica-joia-de-corrente-de-metal-para-cintura-de-ouro\/\" \/>\n<meta property=\"og:site_name\" content=\"Lovme\" \/>\n<meta property=\"article:modified_time\" content=\"2026-04-14T09:46:00+00:00\" \/>\n<meta property=\"og:image\" content=\"https:\/\/erki24nd3ub.exactdn.com\/wp-content\/uploads\/dream\/img\/img_36705_35ee0131874bbb5b4e85090259868a1c_1.jpg?strip=all\" \/>\n\t<meta property=\"og:image:width\" content=\"900\" \/>\n\t<meta property=\"og:image:height\" content=\"900\" \/>\n\t<meta property=\"og:image:type\" content=\"image\/jpeg\" \/>\n<meta name=\"twitter:card\" content=\"summary_large_image\" \/>\n<meta name=\"twitter:label1\" content=\"Tempo estimado de leitura\" \/>\n\t<meta name=\"twitter:data1\" content=\"1 minuto\" \/>\n<script type=\"application\/ld+json\" class=\"yoast-schema-graph\">{\"@context\":\"https:\\\/\\\/schema.org\",\"@graph\":[{\"@type\":\"WebPage\",\"@id\":\"https:\\\/\\\/lovme.pt\\\/index.php\\\/produto\\\/bijoux-magnifica-joia-de-corrente-de-metal-para-cintura-de-ouro\\\/\",\"url\":\"https:\\\/\\\/lovme.pt\\\/index.php\\\/produto\\\/bijoux-magnifica-joia-de-corrente-de-metal-para-cintura-de-ouro\\\/\",\"name\":\"BIJOUX - MAGN\u00cdFICA J\u00d3IA DE CORRENTE DE METAL PARA CINTURA DE OURO - Lovme\",\"isPartOf\":{\"@id\":\"https:\\\/\\\/lovme.pt\\\/#website\"},\"primaryImageOfPage\":{\"@id\":\"https:\\\/\\\/lovme.pt\\\/index.php\\\/produto\\\/bijoux-magnifica-joia-de-corrente-de-metal-para-cintura-de-ouro\\\/#primaryimage\"},\"image\":{\"@id\":\"https:\\\/\\\/lovme.pt\\\/index.php\\\/produto\\\/bijoux-magnifica-joia-de-corrente-de-metal-para-cintura-de-ouro\\\/#primaryimage\"},\"thumbnailUrl\":\"https:\\\/\\\/erki24nd3ub.exactdn.com\\\/wp-content\\\/uploads\\\/dream\\\/img\\\/img_36705_35ee0131874bbb5b4e85090259868a1c_1.jpg?strip=all\",\"datePublished\":\"2025-10-01T00:08:12+00:00\",\"dateModified\":\"2026-04-14T09:46:00+00:00\",\"breadcrumb\":{\"@id\":\"https:\\\/\\\/lovme.pt\\\/index.php\\\/produto\\\/bijoux-magnifica-joia-de-corrente-de-metal-para-cintura-de-ouro\\\/#breadcrumb\"},\"inLanguage\":\"pt-PT\",\"potentialAction\":[{\"@type\":\"ReadAction\",\"target\":[\"https:\\\/\\\/lovme.pt\\\/index.php\\\/produto\\\/bijoux-magnifica-joia-de-corrente-de-metal-para-cintura-de-ouro\\\/\"]}]},{\"@type\":\"ImageObject\",\"inLanguage\":\"pt-PT\",\"@id\":\"https:\\\/\\\/lovme.pt\\\/index.php\\\/produto\\\/bijoux-magnifica-joia-de-corrente-de-metal-para-cintura-de-ouro\\\/#primaryimage\",\"url\":\"https:\\\/\\\/erki24nd3ub.exactdn.com\\\/wp-content\\\/uploads\\\/dream\\\/img\\\/img_36705_35ee0131874bbb5b4e85090259868a1c_1.jpg?strip=all\",\"contentUrl\":\"https:\\\/\\\/erki24nd3ub.exactdn.com\\\/wp-content\\\/uploads\\\/dream\\\/img\\\/img_36705_35ee0131874bbb5b4e85090259868a1c_1.jpg?strip=all\",\"width\":900,\"height\":900},{\"@type\":\"BreadcrumbList\",\"@id\":\"https:\\\/\\\/lovme.pt\\\/index.php\\\/produto\\\/bijoux-magnifica-joia-de-corrente-de-metal-para-cintura-de-ouro\\\/#breadcrumb\",\"itemListElement\":[{\"@type\":\"ListItem\",\"position\":1,\"name\":\"In\u00edcio\",\"item\":\"https:\\\/\\\/lovme.pt\\\/\"},{\"@type\":\"ListItem\",\"position\":2,\"name\":\"Loja\",\"item\":\"https:\\\/\\\/lovme.pt\\\/index.php\\\/loja\\\/\"},{\"@type\":\"ListItem\",\"position\":3,\"name\":\"BIJOUX &#8211; MAGN\u00cdFICA J\u00d3IA DE CORRENTE DE METAL PARA CINTURA DE OURO\"}]},{\"@type\":\"WebSite\",\"@id\":\"https:\\\/\\\/lovme.pt\\\/#website\",\"url\":\"https:\\\/\\\/lovme.pt\\\/\",\"name\":\"Lovme Loja Er\u00f3tica N\u00ba1 em Portugal\",\"description\":\"A melhor loja er\u00f3tica de Portugal.\",\"alternateName\":\"Loja Er\u00f3tica Lovme\",\"potentialAction\":[{\"@type\":\"SearchAction\",\"target\":{\"@type\":\"EntryPoint\",\"urlTemplate\":\"https:\\\/\\\/lovme.pt\\\/?s={search_term_string}\"},\"query-input\":{\"@type\":\"PropertyValueSpecification\",\"valueRequired\":true,\"valueName\":\"search_term_string\"}}],\"inLanguage\":\"pt-PT\"}]}<\/script>\n<!-- \/ Yoast SEO plugin. -->","yoast_head_json":{"title":"BIJOUX - MAGN\u00cdFICA J\u00d3IA DE CORRENTE DE METAL PARA CINTURA DE OURO - Lovme","robots":{"index":"index","follow":"follow","max-snippet":"max-snippet:-1","max-image-preview":"max-image-preview:large","max-video-preview":"max-video-preview:-1"},"canonical":"https:\/\/lovme.pt\/index.php\/produto\/bijoux-magnifica-joia-de-corrente-de-metal-para-cintura-de-ouro\/","og_locale":"pt_PT","og_type":"article","og_title":"BIJOUX - MAGN\u00cdFICA J\u00d3IA DE CORRENTE DE METAL PARA CINTURA DE OURO - Lovme","og_description":"BIJOUX - MAGN\u00cdFICA J\u00d3IA DE CORRENTE DE METAL PARA CINTURA DE OURO","og_url":"https:\/\/lovme.pt\/index.php\/produto\/bijoux-magnifica-joia-de-corrente-de-metal-para-cintura-de-ouro\/","og_site_name":"Lovme","article_modified_time":"2026-04-14T09:46:00+00:00","og_image":[{"width":900,"height":900,"url":"https:\/\/erki24nd3ub.exactdn.com\/wp-content\/uploads\/dream\/img\/img_36705_35ee0131874bbb5b4e85090259868a1c_1.jpg?strip=all","type":"image\/jpeg"}],"twitter_card":"summary_large_image","twitter_misc":{"Tempo estimado de leitura":"1 minuto"},"schema":{"@context":"https:\/\/schema.org","@graph":[{"@type":"WebPage","@id":"https:\/\/lovme.pt\/index.php\/produto\/bijoux-magnifica-joia-de-corrente-de-metal-para-cintura-de-ouro\/","url":"https:\/\/lovme.pt\/index.php\/produto\/bijoux-magnifica-joia-de-corrente-de-metal-para-cintura-de-ouro\/","name":"BIJOUX - MAGN\u00cdFICA J\u00d3IA DE CORRENTE DE METAL PARA CINTURA DE OURO - Lovme","isPartOf":{"@id":"https:\/\/lovme.pt\/#website"},"primaryImageOfPage":{"@id":"https:\/\/lovme.pt\/index.php\/produto\/bijoux-magnifica-joia-de-corrente-de-metal-para-cintura-de-ouro\/#primaryimage"},"image":{"@id":"https:\/\/lovme.pt\/index.php\/produto\/bijoux-magnifica-joia-de-corrente-de-metal-para-cintura-de-ouro\/#primaryimage"},"thumbnailUrl":"https:\/\/erki24nd3ub.exactdn.com\/wp-content\/uploads\/dream\/img\/img_36705_35ee0131874bbb5b4e85090259868a1c_1.jpg?strip=all","datePublished":"2025-10-01T00:08:12+00:00","dateModified":"2026-04-14T09:46:00+00:00","breadcrumb":{"@id":"https:\/\/lovme.pt\/index.php\/produto\/bijoux-magnifica-joia-de-corrente-de-metal-para-cintura-de-ouro\/#breadcrumb"},"inLanguage":"pt-PT","potentialAction":[{"@type":"ReadAction","target":["https:\/\/lovme.pt\/index.php\/produto\/bijoux-magnifica-joia-de-corrente-de-metal-para-cintura-de-ouro\/"]}]},{"@type":"ImageObject","inLanguage":"pt-PT","@id":"https:\/\/lovme.pt\/index.php\/produto\/bijoux-magnifica-joia-de-corrente-de-metal-para-cintura-de-ouro\/#primaryimage","url":"https:\/\/erki24nd3ub.exactdn.com\/wp-content\/uploads\/dream\/img\/img_36705_35ee0131874bbb5b4e85090259868a1c_1.jpg?strip=all","contentUrl":"https:\/\/erki24nd3ub.exactdn.com\/wp-content\/uploads\/dream\/img\/img_36705_35ee0131874bbb5b4e85090259868a1c_1.jpg?strip=all","width":900,"height":900},{"@type":"BreadcrumbList","@id":"https:\/\/lovme.pt\/index.php\/produto\/bijoux-magnifica-joia-de-corrente-de-metal-para-cintura-de-ouro\/#breadcrumb","itemListElement":[{"@type":"ListItem","position":1,"name":"In\u00edcio","item":"https:\/\/lovme.pt\/"},{"@type":"ListItem","position":2,"name":"Loja","item":"https:\/\/lovme.pt\/index.php\/loja\/"},{"@type":"ListItem","position":3,"name":"BIJOUX &#8211; MAGN\u00cdFICA J\u00d3IA DE CORRENTE DE METAL PARA CINTURA DE OURO"}]},{"@type":"WebSite","@id":"https:\/\/lovme.pt\/#website","url":"https:\/\/lovme.pt\/","name":"Lovme Loja Er\u00f3tica N\u00ba1 em Portugal","description":"A melhor loja er\u00f3tica de Portugal.","alternateName":"Loja Er\u00f3tica Lovme","potentialAction":[{"@type":"SearchAction","target":{"@type":"EntryPoint","urlTemplate":"https:\/\/lovme.pt\/?s={search_term_string}"},"query-input":{"@type":"PropertyValueSpecification","valueRequired":true,"valueName":"search_term_string"}}],"inLanguage":"pt-PT"}]}},"_links":{"self":[{"href":"https:\/\/lovme.pt\/index.php\/wp-json\/wp\/v2\/product\/13776","targetHints":{"allow":["GET"]}}],"collection":[{"href":"https:\/\/lovme.pt\/index.php\/wp-json\/wp\/v2\/product"}],"about":[{"href":"https:\/\/lovme.pt\/index.php\/wp-json\/wp\/v2\/types\/product"}],"wp:featuredmedia":[{"embeddable":true,"href":"https:\/\/lovme.pt\/index.php\/wp-json\/wp\/v2\/media\/84780"}],"wp:attachment":[{"href":"https:\/\/lovme.pt\/index.php\/wp-json\/wp\/v2\/media?parent=13776"}],"wp:term":[{"taxonomy":"product_brand","embeddable":true,"href":"https:\/\/lovme.pt\/index.php\/wp-json\/wp\/v2\/product_brand?post=13776"},{"taxonomy":"product_cat","embeddable":true,"href":"https:\/\/lovme.pt\/index.php\/wp-json\/wp\/v2\/product_cat?post=13776"},{"taxonomy":"product_tag","embeddable":true,"href":"https:\/\/lovme.pt\/index.php\/wp-json\/wp\/v2\/product_tag?post=13776"}],"curies":[{"name":"wp","href":"https:\/\/api.w.org\/{rel}","templated":true}]}}