{"id":13393,"date":"2025-09-30T22:58:23","date_gmt":"2025-09-30T22:58:23","guid":{"rendered":"https:\/\/lovme.pt\/?post_type=product&#038;p=13393"},"modified":"2026-04-14T12:46:30","modified_gmt":"2026-04-14T12:46:30","slug":"fetish-fantasy-series-conjunto-de-ondas-estimulantes-de-6-pecas","status":"publish","type":"product","link":"https:\/\/lovme.pt\/index.php\/produto\/fetish-fantasy-series-conjunto-de-ondas-estimulantes-de-6-pecas\/","title":{"rendered":"FETISH FANTASY SERIES &#8211; CONJUNTO DE SUC\u00c7\u00c3O DE 6 PE\u00c7AS"},"content":{"rendered":"<p>Adicione a sensa\u00e7\u00e3o de suc\u00e7\u00e3o \u00e0 sua pr\u00e1tica fetichista com este conjunto de 6 pe\u00e7as para iniciantes. Baseado em terapia chinesa cientificamente estudada, este moderno conjunto de suc\u00e7\u00e3o foi criado para uma estimula\u00e7\u00e3o potente, proporcionando sensa\u00e7\u00f5es incr\u00edveis. A suc\u00e7\u00e3o aumenta o fluxo sangu\u00edneo na \u00e1rea, facilitando a sensibilidade e criando uma sensa\u00e7\u00e3o \u00fanica que voc\u00ea nunca experimentou antes.<\/p>\n<p> As ventosas podem ser usadas em qualquer parte do corpo, mas a sensa\u00e7\u00e3o verdadeiramente estimulante \u00e9 alcan\u00e7ada nos mamilos ou em qualquer zona er\u00f3gena! Cada ventosa \u00e9 projetada para facilitar o uso com um bot\u00e3o.<\/p>\n<ul>\n<li> Usar lubrificante tornar\u00e1 a \u00e1rea mais f\u00e1cil de usar.<\/li>\n<\/ul>\n<p> Cada ventosa possui um mecanismo de a\u00e7\u00e3o potente. Basta pegar o adaptador com o tubo e coloc\u00e1-lo na ventosa, pressionando at\u00e9 atingir o ponto ideal. Quando terminar, remova-o.<\/p>\n<p> O conjunto inclui;<\/p>\n<ul>\n<li> 2 ventosas de 5,7 cm<\/li>\n<li> 2 ventosas de 5 cm<\/li>\n<li> 2 ventosas de 4 cm<\/li>\n<li> Adaptador de suc\u00e7\u00e3o<\/li>\n<\/ul>\n<p> O conjunto tamb\u00e9m foi projetado para jogos BDSM.<\/p>\n<p> Ap\u00f3s terminar a suc\u00e7\u00e3o, ficar\u00e1 uma leve vermelhid\u00e3o que desaparecer\u00e1 em quest\u00e3o de minutos. <\/p>\n<p style=\"text-align: center\">\n","protected":false},"excerpt":{"rendered":"<p>FETISH FANTASY SERIES &#8211; CONJUNTO DE SUC\u00c7\u00c3O DE 6 PE\u00c7AS<\/p>\n","protected":false},"featured_media":82573,"template":"","meta":{"_acf_changed":false},"product_brand":[],"product_cat":[48,17,65,61],"product_tag":[],"class_list":{"0":"post-13393","1":"product","2":"type-product","3":"status-publish","4":"has-post-thumbnail","6":"product_cat-bdsm","7":"product_cat-brinquedos-de-bem-estar-sexual","8":"product_cat-kits","9":"product_cat-para-elas","10":"yith_product_brand-pipedreamsfetish-fantasy-series","12":"first","13":"instock","14":"taxable","15":"shipping-taxable","16":"purchasable","17":"product-type-simple"},"acf":[],"yoast_head":"<!-- This site is optimized with the Yoast SEO plugin v27.3 - https:\/\/yoast.com\/product\/yoast-seo-wordpress\/ -->\n<title>FETISH FANTASY SERIES - CONJUNTO DE SUC\u00c7\u00c3O DE 6 PE\u00c7AS - Lovme<\/title>\n<meta name=\"robots\" content=\"index, follow, max-snippet:-1, max-image-preview:large, max-video-preview:-1\" \/>\n<link rel=\"canonical\" href=\"https:\/\/lovme.pt\/index.php\/produto\/fetish-fantasy-series-conjunto-de-ondas-estimulantes-de-6-pecas\/\" \/>\n<meta property=\"og:locale\" content=\"pt_PT\" \/>\n<meta property=\"og:type\" content=\"article\" \/>\n<meta property=\"og:title\" content=\"FETISH FANTASY SERIES - CONJUNTO DE SUC\u00c7\u00c3O DE 6 PE\u00c7AS - Lovme\" \/>\n<meta property=\"og:description\" content=\"FETISH FANTASY SERIES - CONJUNTO DE SUC\u00c7\u00c3O DE 6 PE\u00c7AS\" \/>\n<meta property=\"og:url\" content=\"https:\/\/lovme.pt\/index.php\/produto\/fetish-fantasy-series-conjunto-de-ondas-estimulantes-de-6-pecas\/\" \/>\n<meta property=\"og:site_name\" content=\"Lovme\" \/>\n<meta property=\"article:modified_time\" content=\"2026-04-14T12:46:30+00:00\" \/>\n<meta property=\"og:image\" content=\"https:\/\/erki24nd3ub.exactdn.com\/wp-content\/uploads\/dream\/img\/img_35857_6c3c63dd450a6885f5ba5ab214138f47_1.jpg?strip=all\" \/>\n\t<meta property=\"og:image:width\" content=\"900\" \/>\n\t<meta property=\"og:image:height\" content=\"900\" \/>\n\t<meta property=\"og:image:type\" content=\"image\/jpeg\" \/>\n<meta name=\"twitter:card\" content=\"summary_large_image\" \/>\n<meta name=\"twitter:label1\" content=\"Tempo estimado de leitura\" \/>\n\t<meta name=\"twitter:data1\" content=\"1 minuto\" \/>\n<script type=\"application\/ld+json\" class=\"yoast-schema-graph\">{\"@context\":\"https:\\\/\\\/schema.org\",\"@graph\":[{\"@type\":\"WebPage\",\"@id\":\"https:\\\/\\\/lovme.pt\\\/index.php\\\/produto\\\/fetish-fantasy-series-conjunto-de-ondas-estimulantes-de-6-pecas\\\/\",\"url\":\"https:\\\/\\\/lovme.pt\\\/index.php\\\/produto\\\/fetish-fantasy-series-conjunto-de-ondas-estimulantes-de-6-pecas\\\/\",\"name\":\"FETISH FANTASY SERIES - CONJUNTO DE SUC\u00c7\u00c3O DE 6 PE\u00c7AS - Lovme\",\"isPartOf\":{\"@id\":\"https:\\\/\\\/lovme.pt\\\/#website\"},\"primaryImageOfPage\":{\"@id\":\"https:\\\/\\\/lovme.pt\\\/index.php\\\/produto\\\/fetish-fantasy-series-conjunto-de-ondas-estimulantes-de-6-pecas\\\/#primaryimage\"},\"image\":{\"@id\":\"https:\\\/\\\/lovme.pt\\\/index.php\\\/produto\\\/fetish-fantasy-series-conjunto-de-ondas-estimulantes-de-6-pecas\\\/#primaryimage\"},\"thumbnailUrl\":\"https:\\\/\\\/erki24nd3ub.exactdn.com\\\/wp-content\\\/uploads\\\/dream\\\/img\\\/img_35857_6c3c63dd450a6885f5ba5ab214138f47_1.jpg?strip=all\",\"datePublished\":\"2025-09-30T22:58:23+00:00\",\"dateModified\":\"2026-04-14T12:46:30+00:00\",\"breadcrumb\":{\"@id\":\"https:\\\/\\\/lovme.pt\\\/index.php\\\/produto\\\/fetish-fantasy-series-conjunto-de-ondas-estimulantes-de-6-pecas\\\/#breadcrumb\"},\"inLanguage\":\"pt-PT\",\"potentialAction\":[{\"@type\":\"ReadAction\",\"target\":[\"https:\\\/\\\/lovme.pt\\\/index.php\\\/produto\\\/fetish-fantasy-series-conjunto-de-ondas-estimulantes-de-6-pecas\\\/\"]}]},{\"@type\":\"ImageObject\",\"inLanguage\":\"pt-PT\",\"@id\":\"https:\\\/\\\/lovme.pt\\\/index.php\\\/produto\\\/fetish-fantasy-series-conjunto-de-ondas-estimulantes-de-6-pecas\\\/#primaryimage\",\"url\":\"https:\\\/\\\/erki24nd3ub.exactdn.com\\\/wp-content\\\/uploads\\\/dream\\\/img\\\/img_35857_6c3c63dd450a6885f5ba5ab214138f47_1.jpg?strip=all\",\"contentUrl\":\"https:\\\/\\\/erki24nd3ub.exactdn.com\\\/wp-content\\\/uploads\\\/dream\\\/img\\\/img_35857_6c3c63dd450a6885f5ba5ab214138f47_1.jpg?strip=all\",\"width\":900,\"height\":900},{\"@type\":\"BreadcrumbList\",\"@id\":\"https:\\\/\\\/lovme.pt\\\/index.php\\\/produto\\\/fetish-fantasy-series-conjunto-de-ondas-estimulantes-de-6-pecas\\\/#breadcrumb\",\"itemListElement\":[{\"@type\":\"ListItem\",\"position\":1,\"name\":\"In\u00edcio\",\"item\":\"https:\\\/\\\/lovme.pt\\\/\"},{\"@type\":\"ListItem\",\"position\":2,\"name\":\"Loja\",\"item\":\"https:\\\/\\\/lovme.pt\\\/index.php\\\/loja\\\/\"},{\"@type\":\"ListItem\",\"position\":3,\"name\":\"FETISH FANTASY SERIES &#8211; CONJUNTO DE SUC\u00c7\u00c3O DE 6 PE\u00c7AS\"}]},{\"@type\":\"WebSite\",\"@id\":\"https:\\\/\\\/lovme.pt\\\/#website\",\"url\":\"https:\\\/\\\/lovme.pt\\\/\",\"name\":\"Lovme Loja Er\u00f3tica N\u00ba1 em Portugal\",\"description\":\"A melhor loja er\u00f3tica de Portugal.\",\"alternateName\":\"Loja Er\u00f3tica Lovme\",\"potentialAction\":[{\"@type\":\"SearchAction\",\"target\":{\"@type\":\"EntryPoint\",\"urlTemplate\":\"https:\\\/\\\/lovme.pt\\\/?s={search_term_string}\"},\"query-input\":{\"@type\":\"PropertyValueSpecification\",\"valueRequired\":true,\"valueName\":\"search_term_string\"}}],\"inLanguage\":\"pt-PT\"}]}<\/script>\n<!-- \/ Yoast SEO plugin. -->","yoast_head_json":{"title":"FETISH FANTASY SERIES - CONJUNTO DE SUC\u00c7\u00c3O DE 6 PE\u00c7AS - Lovme","robots":{"index":"index","follow":"follow","max-snippet":"max-snippet:-1","max-image-preview":"max-image-preview:large","max-video-preview":"max-video-preview:-1"},"canonical":"https:\/\/lovme.pt\/index.php\/produto\/fetish-fantasy-series-conjunto-de-ondas-estimulantes-de-6-pecas\/","og_locale":"pt_PT","og_type":"article","og_title":"FETISH FANTASY SERIES - CONJUNTO DE SUC\u00c7\u00c3O DE 6 PE\u00c7AS - Lovme","og_description":"FETISH FANTASY SERIES - CONJUNTO DE SUC\u00c7\u00c3O DE 6 PE\u00c7AS","og_url":"https:\/\/lovme.pt\/index.php\/produto\/fetish-fantasy-series-conjunto-de-ondas-estimulantes-de-6-pecas\/","og_site_name":"Lovme","article_modified_time":"2026-04-14T12:46:30+00:00","og_image":[{"width":900,"height":900,"url":"https:\/\/erki24nd3ub.exactdn.com\/wp-content\/uploads\/dream\/img\/img_35857_6c3c63dd450a6885f5ba5ab214138f47_1.jpg?strip=all","type":"image\/jpeg"}],"twitter_card":"summary_large_image","twitter_misc":{"Tempo estimado de leitura":"1 minuto"},"schema":{"@context":"https:\/\/schema.org","@graph":[{"@type":"WebPage","@id":"https:\/\/lovme.pt\/index.php\/produto\/fetish-fantasy-series-conjunto-de-ondas-estimulantes-de-6-pecas\/","url":"https:\/\/lovme.pt\/index.php\/produto\/fetish-fantasy-series-conjunto-de-ondas-estimulantes-de-6-pecas\/","name":"FETISH FANTASY SERIES - CONJUNTO DE SUC\u00c7\u00c3O DE 6 PE\u00c7AS - Lovme","isPartOf":{"@id":"https:\/\/lovme.pt\/#website"},"primaryImageOfPage":{"@id":"https:\/\/lovme.pt\/index.php\/produto\/fetish-fantasy-series-conjunto-de-ondas-estimulantes-de-6-pecas\/#primaryimage"},"image":{"@id":"https:\/\/lovme.pt\/index.php\/produto\/fetish-fantasy-series-conjunto-de-ondas-estimulantes-de-6-pecas\/#primaryimage"},"thumbnailUrl":"https:\/\/erki24nd3ub.exactdn.com\/wp-content\/uploads\/dream\/img\/img_35857_6c3c63dd450a6885f5ba5ab214138f47_1.jpg?strip=all","datePublished":"2025-09-30T22:58:23+00:00","dateModified":"2026-04-14T12:46:30+00:00","breadcrumb":{"@id":"https:\/\/lovme.pt\/index.php\/produto\/fetish-fantasy-series-conjunto-de-ondas-estimulantes-de-6-pecas\/#breadcrumb"},"inLanguage":"pt-PT","potentialAction":[{"@type":"ReadAction","target":["https:\/\/lovme.pt\/index.php\/produto\/fetish-fantasy-series-conjunto-de-ondas-estimulantes-de-6-pecas\/"]}]},{"@type":"ImageObject","inLanguage":"pt-PT","@id":"https:\/\/lovme.pt\/index.php\/produto\/fetish-fantasy-series-conjunto-de-ondas-estimulantes-de-6-pecas\/#primaryimage","url":"https:\/\/erki24nd3ub.exactdn.com\/wp-content\/uploads\/dream\/img\/img_35857_6c3c63dd450a6885f5ba5ab214138f47_1.jpg?strip=all","contentUrl":"https:\/\/erki24nd3ub.exactdn.com\/wp-content\/uploads\/dream\/img\/img_35857_6c3c63dd450a6885f5ba5ab214138f47_1.jpg?strip=all","width":900,"height":900},{"@type":"BreadcrumbList","@id":"https:\/\/lovme.pt\/index.php\/produto\/fetish-fantasy-series-conjunto-de-ondas-estimulantes-de-6-pecas\/#breadcrumb","itemListElement":[{"@type":"ListItem","position":1,"name":"In\u00edcio","item":"https:\/\/lovme.pt\/"},{"@type":"ListItem","position":2,"name":"Loja","item":"https:\/\/lovme.pt\/index.php\/loja\/"},{"@type":"ListItem","position":3,"name":"FETISH FANTASY SERIES &#8211; CONJUNTO DE SUC\u00c7\u00c3O DE 6 PE\u00c7AS"}]},{"@type":"WebSite","@id":"https:\/\/lovme.pt\/#website","url":"https:\/\/lovme.pt\/","name":"Lovme Loja Er\u00f3tica N\u00ba1 em Portugal","description":"A melhor loja er\u00f3tica de Portugal.","alternateName":"Loja Er\u00f3tica Lovme","potentialAction":[{"@type":"SearchAction","target":{"@type":"EntryPoint","urlTemplate":"https:\/\/lovme.pt\/?s={search_term_string}"},"query-input":{"@type":"PropertyValueSpecification","valueRequired":true,"valueName":"search_term_string"}}],"inLanguage":"pt-PT"}]}},"_links":{"self":[{"href":"https:\/\/lovme.pt\/index.php\/wp-json\/wp\/v2\/product\/13393","targetHints":{"allow":["GET"]}}],"collection":[{"href":"https:\/\/lovme.pt\/index.php\/wp-json\/wp\/v2\/product"}],"about":[{"href":"https:\/\/lovme.pt\/index.php\/wp-json\/wp\/v2\/types\/product"}],"wp:featuredmedia":[{"embeddable":true,"href":"https:\/\/lovme.pt\/index.php\/wp-json\/wp\/v2\/media\/82573"}],"wp:attachment":[{"href":"https:\/\/lovme.pt\/index.php\/wp-json\/wp\/v2\/media?parent=13393"}],"wp:term":[{"taxonomy":"product_brand","embeddable":true,"href":"https:\/\/lovme.pt\/index.php\/wp-json\/wp\/v2\/product_brand?post=13393"},{"taxonomy":"product_cat","embeddable":true,"href":"https:\/\/lovme.pt\/index.php\/wp-json\/wp\/v2\/product_cat?post=13393"},{"taxonomy":"product_tag","embeddable":true,"href":"https:\/\/lovme.pt\/index.php\/wp-json\/wp\/v2\/product_tag?post=13393"}],"curies":[{"name":"wp","href":"https:\/\/api.w.org\/{rel}","templated":true}]}}