{"id":13367,"date":"2025-09-30T09:36:40","date_gmt":"2025-09-30T09:36:40","guid":{"rendered":"https:\/\/lovme.pt\/?post_type=product&p=13367"},"modified":"2026-02-19T20:01:10","modified_gmt":"2026-02-19T20:01:10","slug":"king-cock-harness-com-penis-marrom-realista-203-cm","status":"publish","type":"product","link":"https:\/\/lovme.pt\/index.php\/produto\/king-cock-harness-com-penis-marrom-realista-203-cm\/","title":{"rendered":"KING COCK &#8211; HARNESS COM P\u00caNIS MARROM REALISTA 20,3 CM"},"content":{"rendered":"<p style=\"line-height: 20.8px;\">Ao procurar um arn\u00eas confort\u00e1vel para uma experi\u00eancia realista, voc\u00ea deve selecionar cada detalhe para tornar a experi\u00eancia ideal! Cada detalhe, cada costura, cada fecho \u00e9 cuidadosamente escolhido, projetado e criado para a melhor experi\u00eancia que voc\u00ea j\u00e1 imaginou. A base com ventosa permite um suporte perfeito para penetra\u00e7\u00e3o suave ou forte, e cada vibrador inclu\u00eddo no arn\u00eas pode ser usado separadamente. Feito em Pipedreams Use todo King Cock<\/p>\n<p style=\"line-height: 20.8px;\">O arn\u00eas de vinil dur\u00e1vel mant\u00e9m tudo no lugar, mesmo com o sexo mais forte, o interior \u00e9 confort\u00e1vel e as tiras s\u00e3o totalmente ajust\u00e1veis ao corpo, cabendo perfeitamente nos tamanhos P a GG. As fivelas de metal na jun\u00e7\u00e3o das tiras garantem que elas n\u00e3o se soltem durante o sexo vigoroso, enquanto as tiras de velcro mant\u00eam os an\u00e9is segurando o vibrador reto e seguro.<br \/>A melhor experi\u00eancia com a mais alta qualidade!<\/p>\n<ul style=\"line-height: 20.8px;\">\n<li>Medidas do dildo \/ 20,3 x 4,6 cm<\/li>\n<\/ul>\n<p style=\"line-height: 20.8px;\">Ap\u00f3s o uso, limpe com o limpador de brinquedos Pipedreams e \u00e1gua morna. Ele permanecer\u00e1 em perfeitas condi\u00e7\u00f5es para uma nova experi\u00eancia!<\/p>\n<p style=\"line-height: 20.8px; text-align: center;\">\u00a0<\/p>\n<p style=\"text-align: center;\"><iframe loading=\"lazy\" allowfullscreen=\"\" frameborder=\"0\" height=\"400\" mozallowfullscreen=\"\" src=\"https:\/\/player.vimeo.com\/video\/146038939\" webkitallowfullscreen=\"\" width=\"700\"><\/iframe><\/p>\n","protected":false},"excerpt":{"rendered":"<p>KING COCK &#8211; HARNESS COM P\u00caNIS MARROM REALISTA 20,3 CM<\/p>\n","protected":false},"featured_media":54612,"template":"","meta":{"_acf_changed":false},"product_brand":[],"product_cat":[17,56],"product_tag":[],"class_list":{"0":"post-13367","1":"product","2":"type-product","3":"status-publish","4":"has-post-thumbnail","6":"product_cat-brinquedos-de-bem-estar-sexual","7":"product_cat-dildos-e-arneses","8":"yith_product_brand-pipedreamsking-cock","9":"yith_product_brand-pipedreams","11":"first","12":"instock","13":"taxable","14":"shipping-taxable","15":"purchasable","16":"product-type-simple"},"acf":[],"yoast_head":"<!-- This site is optimized with the Yoast SEO plugin v27.4 - https:\/\/yoast.com\/product\/yoast-seo-wordpress\/ -->\n<title>KING COCK - HARNESS COM P\u00caNIS MARROM REALISTA 20,3 CM - Lovme<\/title>\n<meta name=\"robots\" content=\"index, follow, max-snippet:-1, max-image-preview:large, max-video-preview:-1\" \/>\n<link rel=\"canonical\" href=\"https:\/\/lovme.pt\/index.php\/produto\/king-cock-harness-com-penis-marrom-realista-203-cm\/\" \/>\n<meta property=\"og:locale\" content=\"pt_PT\" \/>\n<meta property=\"og:type\" content=\"article\" \/>\n<meta property=\"og:title\" content=\"KING COCK - HARNESS COM P\u00caNIS MARROM REALISTA 20,3 CM - Lovme\" \/>\n<meta property=\"og:description\" content=\"KING COCK - HARNESS COM P\u00caNIS MARROM REALISTA 20,3 CM\" \/>\n<meta property=\"og:url\" content=\"https:\/\/lovme.pt\/index.php\/produto\/king-cock-harness-com-penis-marrom-realista-203-cm\/\" \/>\n<meta property=\"og:site_name\" content=\"Lovme\" \/>\n<meta property=\"article:modified_time\" content=\"2026-02-19T20:01:10+00:00\" \/>\n<meta property=\"og:image\" content=\"https:\/\/erki24nd3ub.exactdn.com\/wp-content\/uploads\/dream\/img\/img_35746_34ebbf65245666d62a32669ee6764d6f_1.jpg?strip=all\" \/>\n\t<meta property=\"og:image:width\" content=\"749\" \/>\n\t<meta property=\"og:image:height\" content=\"750\" \/>\n\t<meta property=\"og:image:type\" content=\"image\/jpeg\" \/>\n<meta name=\"twitter:card\" content=\"summary_large_image\" \/>\n<meta name=\"twitter:label1\" content=\"Tempo estimado de leitura\" \/>\n\t<meta name=\"twitter:data1\" content=\"1 minuto\" \/>\n<script type=\"application\/ld+json\" class=\"yoast-schema-graph\">{\"@context\":\"https:\\\/\\\/schema.org\",\"@graph\":[{\"@type\":\"WebPage\",\"@id\":\"https:\\\/\\\/lovme.pt\\\/index.php\\\/produto\\\/king-cock-harness-com-penis-marrom-realista-203-cm\\\/\",\"url\":\"https:\\\/\\\/lovme.pt\\\/index.php\\\/produto\\\/king-cock-harness-com-penis-marrom-realista-203-cm\\\/\",\"name\":\"KING COCK - HARNESS COM P\u00caNIS MARROM REALISTA 20,3 CM - Lovme\",\"isPartOf\":{\"@id\":\"https:\\\/\\\/lovme.pt\\\/#website\"},\"primaryImageOfPage\":{\"@id\":\"https:\\\/\\\/lovme.pt\\\/index.php\\\/produto\\\/king-cock-harness-com-penis-marrom-realista-203-cm\\\/#primaryimage\"},\"image\":{\"@id\":\"https:\\\/\\\/lovme.pt\\\/index.php\\\/produto\\\/king-cock-harness-com-penis-marrom-realista-203-cm\\\/#primaryimage\"},\"thumbnailUrl\":\"https:\\\/\\\/erki24nd3ub.exactdn.com\\\/wp-content\\\/uploads\\\/dream\\\/img\\\/img_35746_34ebbf65245666d62a32669ee6764d6f_1.jpg?strip=all\",\"datePublished\":\"2025-09-30T09:36:40+00:00\",\"dateModified\":\"2026-02-19T20:01:10+00:00\",\"breadcrumb\":{\"@id\":\"https:\\\/\\\/lovme.pt\\\/index.php\\\/produto\\\/king-cock-harness-com-penis-marrom-realista-203-cm\\\/#breadcrumb\"},\"inLanguage\":\"pt-PT\",\"potentialAction\":[{\"@type\":\"ReadAction\",\"target\":[\"https:\\\/\\\/lovme.pt\\\/index.php\\\/produto\\\/king-cock-harness-com-penis-marrom-realista-203-cm\\\/\"]}]},{\"@type\":\"ImageObject\",\"inLanguage\":\"pt-PT\",\"@id\":\"https:\\\/\\\/lovme.pt\\\/index.php\\\/produto\\\/king-cock-harness-com-penis-marrom-realista-203-cm\\\/#primaryimage\",\"url\":\"https:\\\/\\\/erki24nd3ub.exactdn.com\\\/wp-content\\\/uploads\\\/dream\\\/img\\\/img_35746_34ebbf65245666d62a32669ee6764d6f_1.jpg?strip=all\",\"contentUrl\":\"https:\\\/\\\/erki24nd3ub.exactdn.com\\\/wp-content\\\/uploads\\\/dream\\\/img\\\/img_35746_34ebbf65245666d62a32669ee6764d6f_1.jpg?strip=all\",\"width\":749,\"height\":750},{\"@type\":\"BreadcrumbList\",\"@id\":\"https:\\\/\\\/lovme.pt\\\/index.php\\\/produto\\\/king-cock-harness-com-penis-marrom-realista-203-cm\\\/#breadcrumb\",\"itemListElement\":[{\"@type\":\"ListItem\",\"position\":1,\"name\":\"In\u00edcio\",\"item\":\"https:\\\/\\\/lovme.pt\\\/\"},{\"@type\":\"ListItem\",\"position\":2,\"name\":\"Loja\",\"item\":\"https:\\\/\\\/lovme.pt\\\/index.php\\\/loja\\\/\"},{\"@type\":\"ListItem\",\"position\":3,\"name\":\"KING COCK &#8211; HARNESS COM P\u00caNIS MARROM REALISTA 20,3 CM\"}]},{\"@type\":\"WebSite\",\"@id\":\"https:\\\/\\\/lovme.pt\\\/#website\",\"url\":\"https:\\\/\\\/lovme.pt\\\/\",\"name\":\"Lovme Loja Er\u00f3tica N\u00ba1 em Portugal\",\"description\":\"A melhor loja er\u00f3tica de Portugal.\",\"alternateName\":\"Loja Er\u00f3tica Lovme\",\"potentialAction\":[{\"@type\":\"SearchAction\",\"target\":{\"@type\":\"EntryPoint\",\"urlTemplate\":\"https:\\\/\\\/lovme.pt\\\/?s={search_term_string}\"},\"query-input\":{\"@type\":\"PropertyValueSpecification\",\"valueRequired\":true,\"valueName\":\"search_term_string\"}}],\"inLanguage\":\"pt-PT\"}]}<\/script>\n<!-- \/ Yoast SEO plugin. -->","yoast_head_json":{"title":"KING COCK - HARNESS COM P\u00caNIS MARROM REALISTA 20,3 CM - Lovme","robots":{"index":"index","follow":"follow","max-snippet":"max-snippet:-1","max-image-preview":"max-image-preview:large","max-video-preview":"max-video-preview:-1"},"canonical":"https:\/\/lovme.pt\/index.php\/produto\/king-cock-harness-com-penis-marrom-realista-203-cm\/","og_locale":"pt_PT","og_type":"article","og_title":"KING COCK - HARNESS COM P\u00caNIS MARROM REALISTA 20,3 CM - Lovme","og_description":"KING COCK - HARNESS COM P\u00caNIS MARROM REALISTA 20,3 CM","og_url":"https:\/\/lovme.pt\/index.php\/produto\/king-cock-harness-com-penis-marrom-realista-203-cm\/","og_site_name":"Lovme","article_modified_time":"2026-02-19T20:01:10+00:00","og_image":[{"width":749,"height":750,"url":"https:\/\/erki24nd3ub.exactdn.com\/wp-content\/uploads\/dream\/img\/img_35746_34ebbf65245666d62a32669ee6764d6f_1.jpg?strip=all","type":"image\/jpeg"}],"twitter_card":"summary_large_image","twitter_misc":{"Tempo estimado de leitura":"1 minuto"},"schema":{"@context":"https:\/\/schema.org","@graph":[{"@type":"WebPage","@id":"https:\/\/lovme.pt\/index.php\/produto\/king-cock-harness-com-penis-marrom-realista-203-cm\/","url":"https:\/\/lovme.pt\/index.php\/produto\/king-cock-harness-com-penis-marrom-realista-203-cm\/","name":"KING COCK - HARNESS COM P\u00caNIS MARROM REALISTA 20,3 CM - Lovme","isPartOf":{"@id":"https:\/\/lovme.pt\/#website"},"primaryImageOfPage":{"@id":"https:\/\/lovme.pt\/index.php\/produto\/king-cock-harness-com-penis-marrom-realista-203-cm\/#primaryimage"},"image":{"@id":"https:\/\/lovme.pt\/index.php\/produto\/king-cock-harness-com-penis-marrom-realista-203-cm\/#primaryimage"},"thumbnailUrl":"https:\/\/erki24nd3ub.exactdn.com\/wp-content\/uploads\/dream\/img\/img_35746_34ebbf65245666d62a32669ee6764d6f_1.jpg?strip=all","datePublished":"2025-09-30T09:36:40+00:00","dateModified":"2026-02-19T20:01:10+00:00","breadcrumb":{"@id":"https:\/\/lovme.pt\/index.php\/produto\/king-cock-harness-com-penis-marrom-realista-203-cm\/#breadcrumb"},"inLanguage":"pt-PT","potentialAction":[{"@type":"ReadAction","target":["https:\/\/lovme.pt\/index.php\/produto\/king-cock-harness-com-penis-marrom-realista-203-cm\/"]}]},{"@type":"ImageObject","inLanguage":"pt-PT","@id":"https:\/\/lovme.pt\/index.php\/produto\/king-cock-harness-com-penis-marrom-realista-203-cm\/#primaryimage","url":"https:\/\/erki24nd3ub.exactdn.com\/wp-content\/uploads\/dream\/img\/img_35746_34ebbf65245666d62a32669ee6764d6f_1.jpg?strip=all","contentUrl":"https:\/\/erki24nd3ub.exactdn.com\/wp-content\/uploads\/dream\/img\/img_35746_34ebbf65245666d62a32669ee6764d6f_1.jpg?strip=all","width":749,"height":750},{"@type":"BreadcrumbList","@id":"https:\/\/lovme.pt\/index.php\/produto\/king-cock-harness-com-penis-marrom-realista-203-cm\/#breadcrumb","itemListElement":[{"@type":"ListItem","position":1,"name":"In\u00edcio","item":"https:\/\/lovme.pt\/"},{"@type":"ListItem","position":2,"name":"Loja","item":"https:\/\/lovme.pt\/index.php\/loja\/"},{"@type":"ListItem","position":3,"name":"KING COCK &#8211; HARNESS COM P\u00caNIS MARROM REALISTA 20,3 CM"}]},{"@type":"WebSite","@id":"https:\/\/lovme.pt\/#website","url":"https:\/\/lovme.pt\/","name":"Lovme Loja Er\u00f3tica N\u00ba1 em Portugal","description":"A melhor loja er\u00f3tica de Portugal.","alternateName":"Loja Er\u00f3tica Lovme","potentialAction":[{"@type":"SearchAction","target":{"@type":"EntryPoint","urlTemplate":"https:\/\/lovme.pt\/?s={search_term_string}"},"query-input":{"@type":"PropertyValueSpecification","valueRequired":true,"valueName":"search_term_string"}}],"inLanguage":"pt-PT"}]}},"_links":{"self":[{"href":"https:\/\/lovme.pt\/index.php\/wp-json\/wp\/v2\/product\/13367","targetHints":{"allow":["GET"]}}],"collection":[{"href":"https:\/\/lovme.pt\/index.php\/wp-json\/wp\/v2\/product"}],"about":[{"href":"https:\/\/lovme.pt\/index.php\/wp-json\/wp\/v2\/types\/product"}],"wp:featuredmedia":[{"embeddable":true,"href":"https:\/\/lovme.pt\/index.php\/wp-json\/wp\/v2\/media\/54612"}],"wp:attachment":[{"href":"https:\/\/lovme.pt\/index.php\/wp-json\/wp\/v2\/media?parent=13367"}],"wp:term":[{"taxonomy":"product_brand","embeddable":true,"href":"https:\/\/lovme.pt\/index.php\/wp-json\/wp\/v2\/product_brand?post=13367"},{"taxonomy":"product_cat","embeddable":true,"href":"https:\/\/lovme.pt\/index.php\/wp-json\/wp\/v2\/product_cat?post=13367"},{"taxonomy":"product_tag","embeddable":true,"href":"https:\/\/lovme.pt\/index.php\/wp-json\/wp\/v2\/product_tag?post=13367"}],"curies":[{"name":"wp","href":"https:\/\/api.w.org\/{rel}","templated":true}]}}