{"id":12960,"date":"2025-10-01T00:07:59","date_gmt":"2025-10-01T00:07:59","guid":{"rendered":"https:\/\/lovme.pt\/?post_type=product&#038;p=12960"},"modified":"2026-04-14T09:45:07","modified_gmt":"2026-04-14T09:45:07","slug":"leather-body-corpo-exposto-mulher","status":"publish","type":"product","link":"https:\/\/lovme.pt\/index.php\/produto\/leather-body-corpo-exposto-mulher\/","title":{"rendered":"LEATHER BODY &#8211; CORPO EXPOSTO MULHER"},"content":{"rendered":"<p>BDSM \u00e9 um termo criado para englobar um conjunto de pr\u00e1ticas e fantasias er\u00f3ticas. \u00c9 uma sigla formada com as iniciais das seguintes palavras: Bondage, Discipline; Domination, Submission e Sadism Masochism. Abrange, portanto, uma s\u00e9rie de pr\u00e1ticas sexuais e hobbies relacionados entre si e vinculados ao que se denomina sexualidades n\u00e3o convencionais ou alternativas.<\/p>\n<p> Pratique BDSM com este arn\u00eas de couro para mulheres, completamente conectado de cima a baixo e 100% ajust\u00e1vel.<\/p>\n<ul>\n<li> Adequado para tamanhos de S a XL.<\/li>\n<\/ul>\n<p> Fa\u00e7a da sua experi\u00eancia BDSM a melhor!<\/p><\/p>\n","protected":false},"excerpt":{"rendered":"<p>LEATHER BODY &#8211; CORPO EXPOSTO MULHER<\/p>\n","protected":false},"featured_media":84757,"template":"","meta":{"_acf_changed":false},"product_brand":[],"product_cat":[48,50,47,66],"product_tag":[],"class_list":{"0":"post-12960","1":"product","2":"type-product","3":"status-publish","4":"has-post-thumbnail","6":"product_cat-bdsm","7":"product_cat-complementos-e-acessorios","8":"product_cat-lingerie","9":"product_cat-lingerie-feminina","10":"yith_product_brand-leather-body","12":"first","13":"instock","14":"taxable","15":"shipping-taxable","16":"purchasable","17":"product-type-simple"},"acf":[],"yoast_head":"<!-- This site is optimized with the Yoast SEO plugin v27.4 - https:\/\/yoast.com\/product\/yoast-seo-wordpress\/ -->\n<title>LEATHER BODY - CORPO EXPOSTO MULHER - Lovme<\/title>\n<meta name=\"robots\" content=\"index, follow, max-snippet:-1, max-image-preview:large, max-video-preview:-1\" \/>\n<link rel=\"canonical\" href=\"https:\/\/lovme.pt\/index.php\/produto\/leather-body-corpo-exposto-mulher\/\" \/>\n<meta property=\"og:locale\" content=\"pt_PT\" \/>\n<meta property=\"og:type\" content=\"article\" \/>\n<meta property=\"og:title\" content=\"LEATHER BODY - CORPO EXPOSTO MULHER - Lovme\" \/>\n<meta property=\"og:description\" content=\"LEATHER BODY - CORPO EXPOSTO MULHER\" \/>\n<meta property=\"og:url\" content=\"https:\/\/lovme.pt\/index.php\/produto\/leather-body-corpo-exposto-mulher\/\" \/>\n<meta property=\"og:site_name\" content=\"Lovme\" \/>\n<meta property=\"article:modified_time\" content=\"2026-04-14T09:45:07+00:00\" \/>\n<meta property=\"og:image\" content=\"https:\/\/erki24nd3ub.exactdn.com\/wp-content\/uploads\/dream\/img\/img_90299_37ba0c9ed92f3c795aba50f73db86828_1.png?strip=all\" \/>\n\t<meta property=\"og:image:width\" content=\"702\" \/>\n\t<meta property=\"og:image:height\" content=\"702\" \/>\n\t<meta property=\"og:image:type\" content=\"image\/png\" \/>\n<meta name=\"twitter:card\" content=\"summary_large_image\" \/>\n<script type=\"application\/ld+json\" class=\"yoast-schema-graph\">{\"@context\":\"https:\\\/\\\/schema.org\",\"@graph\":[{\"@type\":\"WebPage\",\"@id\":\"https:\\\/\\\/lovme.pt\\\/index.php\\\/produto\\\/leather-body-corpo-exposto-mulher\\\/\",\"url\":\"https:\\\/\\\/lovme.pt\\\/index.php\\\/produto\\\/leather-body-corpo-exposto-mulher\\\/\",\"name\":\"LEATHER BODY - CORPO EXPOSTO MULHER - Lovme\",\"isPartOf\":{\"@id\":\"https:\\\/\\\/lovme.pt\\\/#website\"},\"primaryImageOfPage\":{\"@id\":\"https:\\\/\\\/lovme.pt\\\/index.php\\\/produto\\\/leather-body-corpo-exposto-mulher\\\/#primaryimage\"},\"image\":{\"@id\":\"https:\\\/\\\/lovme.pt\\\/index.php\\\/produto\\\/leather-body-corpo-exposto-mulher\\\/#primaryimage\"},\"thumbnailUrl\":\"https:\\\/\\\/erki24nd3ub.exactdn.com\\\/wp-content\\\/uploads\\\/dream\\\/img\\\/img_90299_37ba0c9ed92f3c795aba50f73db86828_1.png?strip=all\",\"datePublished\":\"2025-10-01T00:07:59+00:00\",\"dateModified\":\"2026-04-14T09:45:07+00:00\",\"breadcrumb\":{\"@id\":\"https:\\\/\\\/lovme.pt\\\/index.php\\\/produto\\\/leather-body-corpo-exposto-mulher\\\/#breadcrumb\"},\"inLanguage\":\"pt-PT\",\"potentialAction\":[{\"@type\":\"ReadAction\",\"target\":[\"https:\\\/\\\/lovme.pt\\\/index.php\\\/produto\\\/leather-body-corpo-exposto-mulher\\\/\"]}]},{\"@type\":\"ImageObject\",\"inLanguage\":\"pt-PT\",\"@id\":\"https:\\\/\\\/lovme.pt\\\/index.php\\\/produto\\\/leather-body-corpo-exposto-mulher\\\/#primaryimage\",\"url\":\"https:\\\/\\\/erki24nd3ub.exactdn.com\\\/wp-content\\\/uploads\\\/dream\\\/img\\\/img_90299_37ba0c9ed92f3c795aba50f73db86828_1.png?strip=all\",\"contentUrl\":\"https:\\\/\\\/erki24nd3ub.exactdn.com\\\/wp-content\\\/uploads\\\/dream\\\/img\\\/img_90299_37ba0c9ed92f3c795aba50f73db86828_1.png?strip=all\",\"width\":702,\"height\":702},{\"@type\":\"BreadcrumbList\",\"@id\":\"https:\\\/\\\/lovme.pt\\\/index.php\\\/produto\\\/leather-body-corpo-exposto-mulher\\\/#breadcrumb\",\"itemListElement\":[{\"@type\":\"ListItem\",\"position\":1,\"name\":\"In\u00edcio\",\"item\":\"https:\\\/\\\/lovme.pt\\\/\"},{\"@type\":\"ListItem\",\"position\":2,\"name\":\"Loja\",\"item\":\"https:\\\/\\\/lovme.pt\\\/index.php\\\/loja\\\/\"},{\"@type\":\"ListItem\",\"position\":3,\"name\":\"LEATHER BODY &#8211; CORPO EXPOSTO MULHER\"}]},{\"@type\":\"WebSite\",\"@id\":\"https:\\\/\\\/lovme.pt\\\/#website\",\"url\":\"https:\\\/\\\/lovme.pt\\\/\",\"name\":\"Lovme Loja Er\u00f3tica N\u00ba1 em Portugal\",\"description\":\"A melhor loja er\u00f3tica de Portugal.\",\"alternateName\":\"Loja Er\u00f3tica Lovme\",\"potentialAction\":[{\"@type\":\"SearchAction\",\"target\":{\"@type\":\"EntryPoint\",\"urlTemplate\":\"https:\\\/\\\/lovme.pt\\\/?s={search_term_string}\"},\"query-input\":{\"@type\":\"PropertyValueSpecification\",\"valueRequired\":true,\"valueName\":\"search_term_string\"}}],\"inLanguage\":\"pt-PT\"}]}<\/script>\n<!-- \/ Yoast SEO plugin. -->","yoast_head_json":{"title":"LEATHER BODY - CORPO EXPOSTO MULHER - Lovme","robots":{"index":"index","follow":"follow","max-snippet":"max-snippet:-1","max-image-preview":"max-image-preview:large","max-video-preview":"max-video-preview:-1"},"canonical":"https:\/\/lovme.pt\/index.php\/produto\/leather-body-corpo-exposto-mulher\/","og_locale":"pt_PT","og_type":"article","og_title":"LEATHER BODY - CORPO EXPOSTO MULHER - Lovme","og_description":"LEATHER BODY - CORPO EXPOSTO MULHER","og_url":"https:\/\/lovme.pt\/index.php\/produto\/leather-body-corpo-exposto-mulher\/","og_site_name":"Lovme","article_modified_time":"2026-04-14T09:45:07+00:00","og_image":[{"width":702,"height":702,"url":"https:\/\/erki24nd3ub.exactdn.com\/wp-content\/uploads\/dream\/img\/img_90299_37ba0c9ed92f3c795aba50f73db86828_1.png?strip=all","type":"image\/png"}],"twitter_card":"summary_large_image","schema":{"@context":"https:\/\/schema.org","@graph":[{"@type":"WebPage","@id":"https:\/\/lovme.pt\/index.php\/produto\/leather-body-corpo-exposto-mulher\/","url":"https:\/\/lovme.pt\/index.php\/produto\/leather-body-corpo-exposto-mulher\/","name":"LEATHER BODY - CORPO EXPOSTO MULHER - Lovme","isPartOf":{"@id":"https:\/\/lovme.pt\/#website"},"primaryImageOfPage":{"@id":"https:\/\/lovme.pt\/index.php\/produto\/leather-body-corpo-exposto-mulher\/#primaryimage"},"image":{"@id":"https:\/\/lovme.pt\/index.php\/produto\/leather-body-corpo-exposto-mulher\/#primaryimage"},"thumbnailUrl":"https:\/\/erki24nd3ub.exactdn.com\/wp-content\/uploads\/dream\/img\/img_90299_37ba0c9ed92f3c795aba50f73db86828_1.png?strip=all","datePublished":"2025-10-01T00:07:59+00:00","dateModified":"2026-04-14T09:45:07+00:00","breadcrumb":{"@id":"https:\/\/lovme.pt\/index.php\/produto\/leather-body-corpo-exposto-mulher\/#breadcrumb"},"inLanguage":"pt-PT","potentialAction":[{"@type":"ReadAction","target":["https:\/\/lovme.pt\/index.php\/produto\/leather-body-corpo-exposto-mulher\/"]}]},{"@type":"ImageObject","inLanguage":"pt-PT","@id":"https:\/\/lovme.pt\/index.php\/produto\/leather-body-corpo-exposto-mulher\/#primaryimage","url":"https:\/\/erki24nd3ub.exactdn.com\/wp-content\/uploads\/dream\/img\/img_90299_37ba0c9ed92f3c795aba50f73db86828_1.png?strip=all","contentUrl":"https:\/\/erki24nd3ub.exactdn.com\/wp-content\/uploads\/dream\/img\/img_90299_37ba0c9ed92f3c795aba50f73db86828_1.png?strip=all","width":702,"height":702},{"@type":"BreadcrumbList","@id":"https:\/\/lovme.pt\/index.php\/produto\/leather-body-corpo-exposto-mulher\/#breadcrumb","itemListElement":[{"@type":"ListItem","position":1,"name":"In\u00edcio","item":"https:\/\/lovme.pt\/"},{"@type":"ListItem","position":2,"name":"Loja","item":"https:\/\/lovme.pt\/index.php\/loja\/"},{"@type":"ListItem","position":3,"name":"LEATHER BODY &#8211; CORPO EXPOSTO MULHER"}]},{"@type":"WebSite","@id":"https:\/\/lovme.pt\/#website","url":"https:\/\/lovme.pt\/","name":"Lovme Loja Er\u00f3tica N\u00ba1 em Portugal","description":"A melhor loja er\u00f3tica de Portugal.","alternateName":"Loja Er\u00f3tica Lovme","potentialAction":[{"@type":"SearchAction","target":{"@type":"EntryPoint","urlTemplate":"https:\/\/lovme.pt\/?s={search_term_string}"},"query-input":{"@type":"PropertyValueSpecification","valueRequired":true,"valueName":"search_term_string"}}],"inLanguage":"pt-PT"}]}},"_links":{"self":[{"href":"https:\/\/lovme.pt\/index.php\/wp-json\/wp\/v2\/product\/12960","targetHints":{"allow":["GET"]}}],"collection":[{"href":"https:\/\/lovme.pt\/index.php\/wp-json\/wp\/v2\/product"}],"about":[{"href":"https:\/\/lovme.pt\/index.php\/wp-json\/wp\/v2\/types\/product"}],"wp:featuredmedia":[{"embeddable":true,"href":"https:\/\/lovme.pt\/index.php\/wp-json\/wp\/v2\/media\/84757"}],"wp:attachment":[{"href":"https:\/\/lovme.pt\/index.php\/wp-json\/wp\/v2\/media?parent=12960"}],"wp:term":[{"taxonomy":"product_brand","embeddable":true,"href":"https:\/\/lovme.pt\/index.php\/wp-json\/wp\/v2\/product_brand?post=12960"},{"taxonomy":"product_cat","embeddable":true,"href":"https:\/\/lovme.pt\/index.php\/wp-json\/wp\/v2\/product_cat?post=12960"},{"taxonomy":"product_tag","embeddable":true,"href":"https:\/\/lovme.pt\/index.php\/wp-json\/wp\/v2\/product_tag?post=12960"}],"curies":[{"name":"wp","href":"https:\/\/api.w.org\/{rel}","templated":true}]}}