{"id":12879,"date":"2025-09-30T23:06:03","date_gmt":"2025-09-30T23:06:03","guid":{"rendered":"https:\/\/lovme.pt\/?post_type=product&#038;p=12879"},"modified":"2026-04-14T09:43:56","modified_gmt":"2026-04-14T09:43:56","slug":"metal-hard-anel-de-ao-com-plug-anal-45-x-50mm","status":"publish","type":"product","link":"https:\/\/lovme.pt\/index.php\/produto\/metal-hard-anel-de-ao-com-plug-anal-45-x-50mm\/","title":{"rendered":"METAL HARD &#8211; ANEL DE AO COM PLUG ANAL 45 X 50MM"},"content":{"rendered":"<p style=\"line-height: 18.9091px\">Este anel peniano \u00e9 para BDSM, mas pode ser usado por qualquer pessoa que queira prazer extra durante o sexo.<\/p>\n<p style=\"line-height: 18.9091px\"> \u00c9 constitu\u00eddo por um anel de a\u00e7o cir\u00fargico do qual emerge uma barra com uma bola na extremidade. O tamp\u00e3o deve ser colocado no \u00e2nus. Use um pouco de lubrificante para inseri-lo.<\/p>\n<p style=\"line-height: 18.9091px\"> Manter\u00e1 a sua fun\u00e7\u00e3o de anel peniano para o seu p\u00e9nis e test\u00edculos mas tamb\u00e9m, a cada movimento, sentir\u00e1 um prazer incr\u00edvel no \u00e2nus.<\/p>\n<ul style=\"line-height: 18.9091px\">\n<li> Prazer extremo!<\/li>\n<li> Tanto o plugue quanto o anel peniano s\u00e3o feitos de a\u00e7o cir\u00fargico e s\u00e3o hipoalerg\u00eanicos.<\/li>\n<li> Primeiro coloque o p\u00eanis e os test\u00edculos atrav\u00e9s do anel e depois deslize a bola<\/li>\n<\/ul>\n<p style=\"line-height: 18.9091px\"> Este anel peniano com plug anal foi ergonomicamente projetado.<\/p>\n<p style=\"line-height: 18.9091px\"> O anel peniano de a\u00e7o manter\u00e1 sua ere\u00e7\u00e3o mais forte, enquanto o gancho com bola anal lhe dar\u00e1 estimula\u00e7\u00e3o extra.<\/p>\n<p style=\"line-height: 18.9091px\"> Medidas \/ Anel 45 mm di\u00e2metro + Plug Anal 50 mm Comprimento<\/p>\n","protected":false},"excerpt":{"rendered":"<p>METAL HARD &#8211; ANEL DE AO COM PLUG ANAL 45 X 50MM<\/p>\n","protected":false},"featured_media":83420,"template":"","meta":{"_acf_changed":false},"product_brand":[],"product_cat":[48,17,56,62,63],"product_tag":[],"class_list":{"0":"post-12879","1":"product","2":"type-product","3":"status-publish","4":"has-post-thumbnail","6":"product_cat-bdsm","7":"product_cat-brinquedos-de-bem-estar-sexual","8":"product_cat-dildos-e-arneses","9":"product_cat-plugues-e-correntes-anais","10":"product_cat-sexo-anal","11":"yith_product_brand-metal-hard","13":"first","14":"instock","15":"taxable","16":"shipping-taxable","17":"purchasable","18":"product-type-simple"},"acf":[],"yoast_head":"<!-- This site is optimized with the Yoast SEO plugin v27.4 - https:\/\/yoast.com\/product\/yoast-seo-wordpress\/ -->\n<title>METAL HARD - ANEL DE AO COM PLUG ANAL 45 X 50MM - Lovme<\/title>\n<meta name=\"robots\" content=\"index, follow, max-snippet:-1, max-image-preview:large, max-video-preview:-1\" \/>\n<link rel=\"canonical\" href=\"https:\/\/lovme.pt\/index.php\/produto\/metal-hard-anel-de-ao-com-plug-anal-45-x-50mm\/\" \/>\n<meta property=\"og:locale\" content=\"pt_PT\" \/>\n<meta property=\"og:type\" content=\"article\" \/>\n<meta property=\"og:title\" content=\"METAL HARD - ANEL DE AO COM PLUG ANAL 45 X 50MM - Lovme\" \/>\n<meta property=\"og:description\" content=\"METAL HARD - ANEL DE AO COM PLUG ANAL 45 X 50MM\" \/>\n<meta property=\"og:url\" content=\"https:\/\/lovme.pt\/index.php\/produto\/metal-hard-anel-de-ao-com-plug-anal-45-x-50mm\/\" \/>\n<meta property=\"og:site_name\" content=\"Lovme\" \/>\n<meta property=\"article:modified_time\" content=\"2026-04-14T09:43:56+00:00\" \/>\n<meta property=\"og:image\" content=\"https:\/\/erki24nd3ub.exactdn.com\/wp-content\/uploads\/dream\/img\/img_90241_38adcaebc0cd9c7c2b2d3fa7111b8ab0_1.png?strip=all\" \/>\n\t<meta property=\"og:image:width\" content=\"725\" \/>\n\t<meta property=\"og:image:height\" content=\"725\" \/>\n\t<meta property=\"og:image:type\" content=\"image\/png\" \/>\n<meta name=\"twitter:card\" content=\"summary_large_image\" \/>\n<meta name=\"twitter:label1\" content=\"Tempo estimado de leitura\" \/>\n\t<meta name=\"twitter:data1\" content=\"1 minuto\" \/>\n<script type=\"application\/ld+json\" class=\"yoast-schema-graph\">{\"@context\":\"https:\\\/\\\/schema.org\",\"@graph\":[{\"@type\":\"WebPage\",\"@id\":\"https:\\\/\\\/lovme.pt\\\/index.php\\\/produto\\\/metal-hard-anel-de-ao-com-plug-anal-45-x-50mm\\\/\",\"url\":\"https:\\\/\\\/lovme.pt\\\/index.php\\\/produto\\\/metal-hard-anel-de-ao-com-plug-anal-45-x-50mm\\\/\",\"name\":\"METAL HARD - ANEL DE AO COM PLUG ANAL 45 X 50MM - Lovme\",\"isPartOf\":{\"@id\":\"https:\\\/\\\/lovme.pt\\\/#website\"},\"primaryImageOfPage\":{\"@id\":\"https:\\\/\\\/lovme.pt\\\/index.php\\\/produto\\\/metal-hard-anel-de-ao-com-plug-anal-45-x-50mm\\\/#primaryimage\"},\"image\":{\"@id\":\"https:\\\/\\\/lovme.pt\\\/index.php\\\/produto\\\/metal-hard-anel-de-ao-com-plug-anal-45-x-50mm\\\/#primaryimage\"},\"thumbnailUrl\":\"https:\\\/\\\/erki24nd3ub.exactdn.com\\\/wp-content\\\/uploads\\\/dream\\\/img\\\/img_90241_38adcaebc0cd9c7c2b2d3fa7111b8ab0_1.png?strip=all\",\"datePublished\":\"2025-09-30T23:06:03+00:00\",\"dateModified\":\"2026-04-14T09:43:56+00:00\",\"breadcrumb\":{\"@id\":\"https:\\\/\\\/lovme.pt\\\/index.php\\\/produto\\\/metal-hard-anel-de-ao-com-plug-anal-45-x-50mm\\\/#breadcrumb\"},\"inLanguage\":\"pt-PT\",\"potentialAction\":[{\"@type\":\"ReadAction\",\"target\":[\"https:\\\/\\\/lovme.pt\\\/index.php\\\/produto\\\/metal-hard-anel-de-ao-com-plug-anal-45-x-50mm\\\/\"]}]},{\"@type\":\"ImageObject\",\"inLanguage\":\"pt-PT\",\"@id\":\"https:\\\/\\\/lovme.pt\\\/index.php\\\/produto\\\/metal-hard-anel-de-ao-com-plug-anal-45-x-50mm\\\/#primaryimage\",\"url\":\"https:\\\/\\\/erki24nd3ub.exactdn.com\\\/wp-content\\\/uploads\\\/dream\\\/img\\\/img_90241_38adcaebc0cd9c7c2b2d3fa7111b8ab0_1.png?strip=all\",\"contentUrl\":\"https:\\\/\\\/erki24nd3ub.exactdn.com\\\/wp-content\\\/uploads\\\/dream\\\/img\\\/img_90241_38adcaebc0cd9c7c2b2d3fa7111b8ab0_1.png?strip=all\",\"width\":725,\"height\":725},{\"@type\":\"BreadcrumbList\",\"@id\":\"https:\\\/\\\/lovme.pt\\\/index.php\\\/produto\\\/metal-hard-anel-de-ao-com-plug-anal-45-x-50mm\\\/#breadcrumb\",\"itemListElement\":[{\"@type\":\"ListItem\",\"position\":1,\"name\":\"In\u00edcio\",\"item\":\"https:\\\/\\\/lovme.pt\\\/\"},{\"@type\":\"ListItem\",\"position\":2,\"name\":\"Loja\",\"item\":\"https:\\\/\\\/lovme.pt\\\/index.php\\\/loja\\\/\"},{\"@type\":\"ListItem\",\"position\":3,\"name\":\"METAL HARD &#8211; ANEL DE AO COM PLUG ANAL 45 X 50MM\"}]},{\"@type\":\"WebSite\",\"@id\":\"https:\\\/\\\/lovme.pt\\\/#website\",\"url\":\"https:\\\/\\\/lovme.pt\\\/\",\"name\":\"Lovme Loja Er\u00f3tica N\u00ba1 em Portugal\",\"description\":\"A melhor loja er\u00f3tica de Portugal.\",\"alternateName\":\"Loja Er\u00f3tica Lovme\",\"potentialAction\":[{\"@type\":\"SearchAction\",\"target\":{\"@type\":\"EntryPoint\",\"urlTemplate\":\"https:\\\/\\\/lovme.pt\\\/?s={search_term_string}\"},\"query-input\":{\"@type\":\"PropertyValueSpecification\",\"valueRequired\":true,\"valueName\":\"search_term_string\"}}],\"inLanguage\":\"pt-PT\"}]}<\/script>\n<!-- \/ Yoast SEO plugin. -->","yoast_head_json":{"title":"METAL HARD - ANEL DE AO COM PLUG ANAL 45 X 50MM - Lovme","robots":{"index":"index","follow":"follow","max-snippet":"max-snippet:-1","max-image-preview":"max-image-preview:large","max-video-preview":"max-video-preview:-1"},"canonical":"https:\/\/lovme.pt\/index.php\/produto\/metal-hard-anel-de-ao-com-plug-anal-45-x-50mm\/","og_locale":"pt_PT","og_type":"article","og_title":"METAL HARD - ANEL DE AO COM PLUG ANAL 45 X 50MM - Lovme","og_description":"METAL HARD - ANEL DE AO COM PLUG ANAL 45 X 50MM","og_url":"https:\/\/lovme.pt\/index.php\/produto\/metal-hard-anel-de-ao-com-plug-anal-45-x-50mm\/","og_site_name":"Lovme","article_modified_time":"2026-04-14T09:43:56+00:00","og_image":[{"width":725,"height":725,"url":"https:\/\/erki24nd3ub.exactdn.com\/wp-content\/uploads\/dream\/img\/img_90241_38adcaebc0cd9c7c2b2d3fa7111b8ab0_1.png?strip=all","type":"image\/png"}],"twitter_card":"summary_large_image","twitter_misc":{"Tempo estimado de leitura":"1 minuto"},"schema":{"@context":"https:\/\/schema.org","@graph":[{"@type":"WebPage","@id":"https:\/\/lovme.pt\/index.php\/produto\/metal-hard-anel-de-ao-com-plug-anal-45-x-50mm\/","url":"https:\/\/lovme.pt\/index.php\/produto\/metal-hard-anel-de-ao-com-plug-anal-45-x-50mm\/","name":"METAL HARD - ANEL DE AO COM PLUG ANAL 45 X 50MM - Lovme","isPartOf":{"@id":"https:\/\/lovme.pt\/#website"},"primaryImageOfPage":{"@id":"https:\/\/lovme.pt\/index.php\/produto\/metal-hard-anel-de-ao-com-plug-anal-45-x-50mm\/#primaryimage"},"image":{"@id":"https:\/\/lovme.pt\/index.php\/produto\/metal-hard-anel-de-ao-com-plug-anal-45-x-50mm\/#primaryimage"},"thumbnailUrl":"https:\/\/erki24nd3ub.exactdn.com\/wp-content\/uploads\/dream\/img\/img_90241_38adcaebc0cd9c7c2b2d3fa7111b8ab0_1.png?strip=all","datePublished":"2025-09-30T23:06:03+00:00","dateModified":"2026-04-14T09:43:56+00:00","breadcrumb":{"@id":"https:\/\/lovme.pt\/index.php\/produto\/metal-hard-anel-de-ao-com-plug-anal-45-x-50mm\/#breadcrumb"},"inLanguage":"pt-PT","potentialAction":[{"@type":"ReadAction","target":["https:\/\/lovme.pt\/index.php\/produto\/metal-hard-anel-de-ao-com-plug-anal-45-x-50mm\/"]}]},{"@type":"ImageObject","inLanguage":"pt-PT","@id":"https:\/\/lovme.pt\/index.php\/produto\/metal-hard-anel-de-ao-com-plug-anal-45-x-50mm\/#primaryimage","url":"https:\/\/erki24nd3ub.exactdn.com\/wp-content\/uploads\/dream\/img\/img_90241_38adcaebc0cd9c7c2b2d3fa7111b8ab0_1.png?strip=all","contentUrl":"https:\/\/erki24nd3ub.exactdn.com\/wp-content\/uploads\/dream\/img\/img_90241_38adcaebc0cd9c7c2b2d3fa7111b8ab0_1.png?strip=all","width":725,"height":725},{"@type":"BreadcrumbList","@id":"https:\/\/lovme.pt\/index.php\/produto\/metal-hard-anel-de-ao-com-plug-anal-45-x-50mm\/#breadcrumb","itemListElement":[{"@type":"ListItem","position":1,"name":"In\u00edcio","item":"https:\/\/lovme.pt\/"},{"@type":"ListItem","position":2,"name":"Loja","item":"https:\/\/lovme.pt\/index.php\/loja\/"},{"@type":"ListItem","position":3,"name":"METAL HARD &#8211; ANEL DE AO COM PLUG ANAL 45 X 50MM"}]},{"@type":"WebSite","@id":"https:\/\/lovme.pt\/#website","url":"https:\/\/lovme.pt\/","name":"Lovme Loja Er\u00f3tica N\u00ba1 em Portugal","description":"A melhor loja er\u00f3tica de Portugal.","alternateName":"Loja Er\u00f3tica Lovme","potentialAction":[{"@type":"SearchAction","target":{"@type":"EntryPoint","urlTemplate":"https:\/\/lovme.pt\/?s={search_term_string}"},"query-input":{"@type":"PropertyValueSpecification","valueRequired":true,"valueName":"search_term_string"}}],"inLanguage":"pt-PT"}]}},"_links":{"self":[{"href":"https:\/\/lovme.pt\/index.php\/wp-json\/wp\/v2\/product\/12879","targetHints":{"allow":["GET"]}}],"collection":[{"href":"https:\/\/lovme.pt\/index.php\/wp-json\/wp\/v2\/product"}],"about":[{"href":"https:\/\/lovme.pt\/index.php\/wp-json\/wp\/v2\/types\/product"}],"wp:featuredmedia":[{"embeddable":true,"href":"https:\/\/lovme.pt\/index.php\/wp-json\/wp\/v2\/media\/83420"}],"wp:attachment":[{"href":"https:\/\/lovme.pt\/index.php\/wp-json\/wp\/v2\/media?parent=12879"}],"wp:term":[{"taxonomy":"product_brand","embeddable":true,"href":"https:\/\/lovme.pt\/index.php\/wp-json\/wp\/v2\/product_brand?post=12879"},{"taxonomy":"product_cat","embeddable":true,"href":"https:\/\/lovme.pt\/index.php\/wp-json\/wp\/v2\/product_cat?post=12879"},{"taxonomy":"product_tag","embeddable":true,"href":"https:\/\/lovme.pt\/index.php\/wp-json\/wp\/v2\/product_tag?post=12879"}],"curies":[{"name":"wp","href":"https:\/\/api.w.org\/{rel}","templated":true}]}}