{"id":12877,"date":"2025-10-01T03:16:34","date_gmt":"2025-10-01T03:16:34","guid":{"rendered":"https:\/\/lovme.pt\/?post_type=product&p=12877"},"modified":"2026-02-19T20:22:46","modified_gmt":"2026-02-19T20:22:46","slug":"unilatex-pacote-de-conservantes-unilatex-vermelho-morango-25-x-144-unidades","status":"publish","type":"product","link":"https:\/\/lovme.pt\/index.php\/produto\/unilatex-pacote-de-conservantes-unilatex-vermelho-morango-25-x-144-unidades\/","title":{"rendered":"UNILATEX &#8211; PACOTE DE CONSERVANTES UNILATEX VERMELHO \/ MORANGO 25 X 144 UNIDADES"},"content":{"rendered":"<p>Os preservativos Unilatex s\u00e3o sin\u00f4nimo de controle de qualidade, possuem o certificado ISO 4074 que garante controles rigorosos. O Red Unilatex \u00e9 um conservante de morango com sabor vermelho, resistente<\/p>\n<p>Suas principais caracter\u00edsticas s\u00e3o;<\/p>\n<ul>\n<li>Preservativo vermelho com sabor de morango<\/li>\n<li>Medidas: 54 mm x 185 mm<\/li>\n<li>Resistente<\/li>\n<li>Cont\u00eainer 144 unidades.<\/li>\n<li><strong>Pacote de 25 unidades (25&#215;144 unidades)<\/strong><\/li>\n<\/ul>\n<p>Usar um preservativo de qualidade \u00e9 garantir um bom relacionamento \u00edntimo.<\/p>\n","protected":false},"excerpt":{"rendered":"<p>UNILATEX &#8211; PACOTE DE CONSERVANTES UNILATEX VERMELHO \/ MORANGO 25 X 144 UNIDADES<\/p>\n","protected":false},"featured_media":102430,"template":"","meta":{"_acf_changed":false},"product_brand":[],"product_cat":[73],"product_tag":[],"class_list":{"0":"post-12877","1":"product","2":"type-product","3":"status-publish","4":"has-post-thumbnail","6":"product_cat-preservativos","7":"yith_product_brand-unilatex","9":"first","10":"instock","11":"taxable","12":"shipping-taxable","13":"purchasable","14":"product-type-simple"},"acf":[],"yoast_head":"<!-- This site is optimized with the Yoast SEO plugin v27.4 - https:\/\/yoast.com\/product\/yoast-seo-wordpress\/ -->\n<title>UNILATEX - PACOTE DE CONSERVANTES UNILATEX VERMELHO \/ MORANGO 25 X 144 UNIDADES - Lovme<\/title>\n<meta name=\"robots\" content=\"index, follow, max-snippet:-1, max-image-preview:large, max-video-preview:-1\" \/>\n<link rel=\"canonical\" href=\"https:\/\/lovme.pt\/index.php\/produto\/unilatex-pacote-de-conservantes-unilatex-vermelho-morango-25-x-144-unidades\/\" \/>\n<meta property=\"og:locale\" content=\"pt_PT\" \/>\n<meta property=\"og:type\" content=\"article\" \/>\n<meta property=\"og:title\" content=\"UNILATEX - PACOTE DE CONSERVANTES UNILATEX VERMELHO \/ MORANGO 25 X 144 UNIDADES - Lovme\" \/>\n<meta property=\"og:description\" content=\"UNILATEX - PACOTE DE CONSERVANTES UNILATEX VERMELHO \/ MORANGO 25 X 144 UNIDADES\" \/>\n<meta property=\"og:url\" content=\"https:\/\/lovme.pt\/index.php\/produto\/unilatex-pacote-de-conservantes-unilatex-vermelho-morango-25-x-144-unidades\/\" \/>\n<meta property=\"og:site_name\" content=\"Lovme\" \/>\n<meta property=\"article:modified_time\" content=\"2026-02-19T20:22:46+00:00\" \/>\n<meta property=\"og:image\" content=\"https:\/\/erki24nd3ub.exactdn.com\/wp-content\/uploads\/dream\/img\/img_131979_87d02ab9bfd416418f9a4e6c2ce921cb_1.jpg?strip=all\" \/>\n\t<meta property=\"og:image:width\" content=\"799\" \/>\n\t<meta property=\"og:image:height\" content=\"762\" \/>\n\t<meta property=\"og:image:type\" content=\"image\/jpeg\" \/>\n<meta name=\"twitter:card\" content=\"summary_large_image\" \/>\n<script type=\"application\/ld+json\" class=\"yoast-schema-graph\">{\"@context\":\"https:\\\/\\\/schema.org\",\"@graph\":[{\"@type\":\"WebPage\",\"@id\":\"https:\\\/\\\/lovme.pt\\\/index.php\\\/produto\\\/unilatex-pacote-de-conservantes-unilatex-vermelho-morango-25-x-144-unidades\\\/\",\"url\":\"https:\\\/\\\/lovme.pt\\\/index.php\\\/produto\\\/unilatex-pacote-de-conservantes-unilatex-vermelho-morango-25-x-144-unidades\\\/\",\"name\":\"UNILATEX - PACOTE DE CONSERVANTES UNILATEX VERMELHO \\\/ MORANGO 25 X 144 UNIDADES - Lovme\",\"isPartOf\":{\"@id\":\"https:\\\/\\\/lovme.pt\\\/#website\"},\"primaryImageOfPage\":{\"@id\":\"https:\\\/\\\/lovme.pt\\\/index.php\\\/produto\\\/unilatex-pacote-de-conservantes-unilatex-vermelho-morango-25-x-144-unidades\\\/#primaryimage\"},\"image\":{\"@id\":\"https:\\\/\\\/lovme.pt\\\/index.php\\\/produto\\\/unilatex-pacote-de-conservantes-unilatex-vermelho-morango-25-x-144-unidades\\\/#primaryimage\"},\"thumbnailUrl\":\"https:\\\/\\\/erki24nd3ub.exactdn.com\\\/wp-content\\\/uploads\\\/dream\\\/img\\\/img_131979_87d02ab9bfd416418f9a4e6c2ce921cb_1.jpg?strip=all\",\"datePublished\":\"2025-10-01T03:16:34+00:00\",\"dateModified\":\"2026-02-19T20:22:46+00:00\",\"breadcrumb\":{\"@id\":\"https:\\\/\\\/lovme.pt\\\/index.php\\\/produto\\\/unilatex-pacote-de-conservantes-unilatex-vermelho-morango-25-x-144-unidades\\\/#breadcrumb\"},\"inLanguage\":\"pt-PT\",\"potentialAction\":[{\"@type\":\"ReadAction\",\"target\":[\"https:\\\/\\\/lovme.pt\\\/index.php\\\/produto\\\/unilatex-pacote-de-conservantes-unilatex-vermelho-morango-25-x-144-unidades\\\/\"]}]},{\"@type\":\"ImageObject\",\"inLanguage\":\"pt-PT\",\"@id\":\"https:\\\/\\\/lovme.pt\\\/index.php\\\/produto\\\/unilatex-pacote-de-conservantes-unilatex-vermelho-morango-25-x-144-unidades\\\/#primaryimage\",\"url\":\"https:\\\/\\\/erki24nd3ub.exactdn.com\\\/wp-content\\\/uploads\\\/dream\\\/img\\\/img_131979_87d02ab9bfd416418f9a4e6c2ce921cb_1.jpg?strip=all\",\"contentUrl\":\"https:\\\/\\\/erki24nd3ub.exactdn.com\\\/wp-content\\\/uploads\\\/dream\\\/img\\\/img_131979_87d02ab9bfd416418f9a4e6c2ce921cb_1.jpg?strip=all\",\"width\":799,\"height\":762},{\"@type\":\"BreadcrumbList\",\"@id\":\"https:\\\/\\\/lovme.pt\\\/index.php\\\/produto\\\/unilatex-pacote-de-conservantes-unilatex-vermelho-morango-25-x-144-unidades\\\/#breadcrumb\",\"itemListElement\":[{\"@type\":\"ListItem\",\"position\":1,\"name\":\"In\u00edcio\",\"item\":\"https:\\\/\\\/lovme.pt\\\/\"},{\"@type\":\"ListItem\",\"position\":2,\"name\":\"Loja\",\"item\":\"https:\\\/\\\/lovme.pt\\\/index.php\\\/loja\\\/\"},{\"@type\":\"ListItem\",\"position\":3,\"name\":\"UNILATEX &#8211; PACOTE DE CONSERVANTES UNILATEX VERMELHO \\\/ MORANGO 25 X 144 UNIDADES\"}]},{\"@type\":\"WebSite\",\"@id\":\"https:\\\/\\\/lovme.pt\\\/#website\",\"url\":\"https:\\\/\\\/lovme.pt\\\/\",\"name\":\"Lovme Loja Er\u00f3tica N\u00ba1 em Portugal\",\"description\":\"A melhor loja er\u00f3tica de Portugal.\",\"alternateName\":\"Loja Er\u00f3tica Lovme\",\"potentialAction\":[{\"@type\":\"SearchAction\",\"target\":{\"@type\":\"EntryPoint\",\"urlTemplate\":\"https:\\\/\\\/lovme.pt\\\/?s={search_term_string}\"},\"query-input\":{\"@type\":\"PropertyValueSpecification\",\"valueRequired\":true,\"valueName\":\"search_term_string\"}}],\"inLanguage\":\"pt-PT\"}]}<\/script>\n<!-- \/ Yoast SEO plugin. -->","yoast_head_json":{"title":"UNILATEX - PACOTE DE CONSERVANTES UNILATEX VERMELHO \/ MORANGO 25 X 144 UNIDADES - Lovme","robots":{"index":"index","follow":"follow","max-snippet":"max-snippet:-1","max-image-preview":"max-image-preview:large","max-video-preview":"max-video-preview:-1"},"canonical":"https:\/\/lovme.pt\/index.php\/produto\/unilatex-pacote-de-conservantes-unilatex-vermelho-morango-25-x-144-unidades\/","og_locale":"pt_PT","og_type":"article","og_title":"UNILATEX - PACOTE DE CONSERVANTES UNILATEX VERMELHO \/ MORANGO 25 X 144 UNIDADES - Lovme","og_description":"UNILATEX - PACOTE DE CONSERVANTES UNILATEX VERMELHO \/ MORANGO 25 X 144 UNIDADES","og_url":"https:\/\/lovme.pt\/index.php\/produto\/unilatex-pacote-de-conservantes-unilatex-vermelho-morango-25-x-144-unidades\/","og_site_name":"Lovme","article_modified_time":"2026-02-19T20:22:46+00:00","og_image":[{"width":799,"height":762,"url":"https:\/\/erki24nd3ub.exactdn.com\/wp-content\/uploads\/dream\/img\/img_131979_87d02ab9bfd416418f9a4e6c2ce921cb_1.jpg?strip=all","type":"image\/jpeg"}],"twitter_card":"summary_large_image","schema":{"@context":"https:\/\/schema.org","@graph":[{"@type":"WebPage","@id":"https:\/\/lovme.pt\/index.php\/produto\/unilatex-pacote-de-conservantes-unilatex-vermelho-morango-25-x-144-unidades\/","url":"https:\/\/lovme.pt\/index.php\/produto\/unilatex-pacote-de-conservantes-unilatex-vermelho-morango-25-x-144-unidades\/","name":"UNILATEX - PACOTE DE CONSERVANTES UNILATEX VERMELHO \/ MORANGO 25 X 144 UNIDADES - Lovme","isPartOf":{"@id":"https:\/\/lovme.pt\/#website"},"primaryImageOfPage":{"@id":"https:\/\/lovme.pt\/index.php\/produto\/unilatex-pacote-de-conservantes-unilatex-vermelho-morango-25-x-144-unidades\/#primaryimage"},"image":{"@id":"https:\/\/lovme.pt\/index.php\/produto\/unilatex-pacote-de-conservantes-unilatex-vermelho-morango-25-x-144-unidades\/#primaryimage"},"thumbnailUrl":"https:\/\/erki24nd3ub.exactdn.com\/wp-content\/uploads\/dream\/img\/img_131979_87d02ab9bfd416418f9a4e6c2ce921cb_1.jpg?strip=all","datePublished":"2025-10-01T03:16:34+00:00","dateModified":"2026-02-19T20:22:46+00:00","breadcrumb":{"@id":"https:\/\/lovme.pt\/index.php\/produto\/unilatex-pacote-de-conservantes-unilatex-vermelho-morango-25-x-144-unidades\/#breadcrumb"},"inLanguage":"pt-PT","potentialAction":[{"@type":"ReadAction","target":["https:\/\/lovme.pt\/index.php\/produto\/unilatex-pacote-de-conservantes-unilatex-vermelho-morango-25-x-144-unidades\/"]}]},{"@type":"ImageObject","inLanguage":"pt-PT","@id":"https:\/\/lovme.pt\/index.php\/produto\/unilatex-pacote-de-conservantes-unilatex-vermelho-morango-25-x-144-unidades\/#primaryimage","url":"https:\/\/erki24nd3ub.exactdn.com\/wp-content\/uploads\/dream\/img\/img_131979_87d02ab9bfd416418f9a4e6c2ce921cb_1.jpg?strip=all","contentUrl":"https:\/\/erki24nd3ub.exactdn.com\/wp-content\/uploads\/dream\/img\/img_131979_87d02ab9bfd416418f9a4e6c2ce921cb_1.jpg?strip=all","width":799,"height":762},{"@type":"BreadcrumbList","@id":"https:\/\/lovme.pt\/index.php\/produto\/unilatex-pacote-de-conservantes-unilatex-vermelho-morango-25-x-144-unidades\/#breadcrumb","itemListElement":[{"@type":"ListItem","position":1,"name":"In\u00edcio","item":"https:\/\/lovme.pt\/"},{"@type":"ListItem","position":2,"name":"Loja","item":"https:\/\/lovme.pt\/index.php\/loja\/"},{"@type":"ListItem","position":3,"name":"UNILATEX &#8211; PACOTE DE CONSERVANTES UNILATEX VERMELHO \/ MORANGO 25 X 144 UNIDADES"}]},{"@type":"WebSite","@id":"https:\/\/lovme.pt\/#website","url":"https:\/\/lovme.pt\/","name":"Lovme Loja Er\u00f3tica N\u00ba1 em Portugal","description":"A melhor loja er\u00f3tica de Portugal.","alternateName":"Loja Er\u00f3tica Lovme","potentialAction":[{"@type":"SearchAction","target":{"@type":"EntryPoint","urlTemplate":"https:\/\/lovme.pt\/?s={search_term_string}"},"query-input":{"@type":"PropertyValueSpecification","valueRequired":true,"valueName":"search_term_string"}}],"inLanguage":"pt-PT"}]}},"_links":{"self":[{"href":"https:\/\/lovme.pt\/index.php\/wp-json\/wp\/v2\/product\/12877","targetHints":{"allow":["GET"]}}],"collection":[{"href":"https:\/\/lovme.pt\/index.php\/wp-json\/wp\/v2\/product"}],"about":[{"href":"https:\/\/lovme.pt\/index.php\/wp-json\/wp\/v2\/types\/product"}],"wp:featuredmedia":[{"embeddable":true,"href":"https:\/\/lovme.pt\/index.php\/wp-json\/wp\/v2\/media\/102430"}],"wp:attachment":[{"href":"https:\/\/lovme.pt\/index.php\/wp-json\/wp\/v2\/media?parent=12877"}],"wp:term":[{"taxonomy":"product_brand","embeddable":true,"href":"https:\/\/lovme.pt\/index.php\/wp-json\/wp\/v2\/product_brand?post=12877"},{"taxonomy":"product_cat","embeddable":true,"href":"https:\/\/lovme.pt\/index.php\/wp-json\/wp\/v2\/product_cat?post=12877"},{"taxonomy":"product_tag","embeddable":true,"href":"https:\/\/lovme.pt\/index.php\/wp-json\/wp\/v2\/product_tag?post=12877"}],"curies":[{"name":"wp","href":"https:\/\/api.w.org\/{rel}","templated":true}]}}