{"id":120720,"date":"2026-05-08T06:03:02","date_gmt":"2026-05-08T06:03:02","guid":{"rendered":"https:\/\/lovme.pt\/index.php\/produto\/skins-lubrificante-a-base-de-agua-com-sabor-de-melancia-dose-unica-de-5-ml\/"},"modified":"2026-05-09T02:09:04","modified_gmt":"2026-05-09T02:09:04","slug":"skins-lubrificante-a-base-de-agua-com-sabor-de-melancia-dose-unica-de-5-ml","status":"publish","type":"product","link":"https:\/\/lovme.pt\/index.php\/produto\/skins-lubrificante-a-base-de-agua-com-sabor-de-melancia-dose-unica-de-5-ml\/","title":{"rendered":"SKINS &#8211; LUBRIFICANTE \u00c0 BASE DE \u00c1GUA COM SABOR DE MELANCIA &#8211; DOSE \u00daNICA DE 5 ML"},"content":{"rendered":"<p>Desperte seu apetite sexual e satisfa&ccedil;a seus desejos com os lubrificantes Skins, deliciosamente divertidos e com um toque de sabor. Eles s&atilde;o t&atilde;o gostosos que valem a pena experimentar! Mate sua sede de desejo com o sabor refrescante da melancia. Deixe seu amor florescer com essas sementes de paix&atilde;o. Aproveite um peda&ccedil;o da vida e mergulhe em um delicioso romance de ver&atilde;o. Desfrute de uma vida sexual saud&aacute;vel e satisfa&ccedil;a seus desejos com a perfei&ccedil;&atilde;o dessas frutas do amor &mdash; um complemento saud&aacute;vel para suas cinco por&ccedil;&otilde;es di&aacute;rias!<\/p>\n<p>S&oacute; resta uma pergunta&hellip; Quanta fome voc&ecirc; tem?! (ou) Como voc&ecirc; prefere? Um o&aacute;sis de prazeres refrescantes, os lubrificantes &agrave; base de &aacute;gua Skins Fruity t&ecirc;m um sabor aut&ecirc;ntico de fruta e n&atilde;o deixam gosto residual, ao contr&aacute;rio de outros lubrificantes aromatizados. Repletos de sabor frutado, eles v&ecirc;m em tr&ecirc;s deliciosos sabores: Morango Sensual, Manga e Maracuj&aacute; Suculentos e Melancia Refrescante.<\/p>\n<p><u><strong>CARACTER&Iacute;STICAS<\/strong><\/u> :<\/p>\n<ul>\n<li>&Agrave; base de &aacute;gua<\/li>\n<li>Claro<\/li>\n<li>Sabores totalmente naturais<\/li>\n<li>Sem a&ccedil;&uacute;car<\/li>\n<li>Compat&iacute;vel com preservativo<\/li>\n<li>Ingredientes: &Aacute;gua, glicerina, benzoato de s&oacute;dio, hidroxietilcelulose, &aacute;cido c&iacute;trico, aroma natural.<\/li>\n<\/ul>\n<p>Os lubrificantes Skins Fruity s&atilde;o &agrave; base de &aacute;gua e t&ecirc;m um toque especial. Ideais para sexo oral, tornam as preliminares divertidas e deliciosas. Certifique-se de que o lubrificante escolhido n&atilde;o contenha a&ccedil;&uacute;car, pois este pode causar candid&iacute;ase vaginal. Os lubrificantes Skins Fruity est&atilde;o dispon&iacute;veis em tr&ecirc;s sabores: Manga e Maracuj&aacute;, Morango e Melancia. Os lubrificantes &agrave; base de &aacute;gua n&atilde;o mancham, s&atilde;o seguros para uso com l&aacute;tex e todos os m&eacute;todos contraceptivos de barreira e raramente causam irrita&ccedil;&atilde;o. Embora possam secar durante a atividade sexual prolongada, podem ser facilmente reidratados com um pouco de &aacute;gua ou saliva. Devido &agrave; sua versatilidade e efic&aacute;cia, s&atilde;o a op&ccedil;&atilde;o mais recomendada por casais experientes.<\/p>\n","protected":false},"excerpt":{"rendered":"<p>SKINS &#8211; LUBRIFICANTE \u00c0 BASE DE \u00c1GUA COM SABOR DE MELANCIA &#8211; DOSE \u00daNICA DE 5 ML<\/p>\n","protected":false},"featured_media":120721,"template":"","meta":{"_acf_changed":false},"product_brand":[],"product_cat":[49,53],"product_tag":[],"class_list":{"0":"post-120720","1":"product","2":"type-product","3":"status-publish","4":"has-post-thumbnail","6":"product_cat-cosmeticos","7":"product_cat-lubrificantes-intimos","8":"yith_product_brand-skins","10":"first","11":"instock","12":"taxable","13":"shipping-taxable","14":"purchasable","15":"product-type-simple"},"acf":[],"yoast_head":"<!-- This site is optimized with the Yoast SEO plugin v27.4 - https:\/\/yoast.com\/product\/yoast-seo-wordpress\/ -->\n<title>SKINS - LUBRIFICANTE \u00c0 BASE DE \u00c1GUA COM SABOR DE MELANCIA - DOSE \u00daNICA DE 5 ML - Lovme<\/title>\n<meta name=\"robots\" content=\"index, follow, max-snippet:-1, max-image-preview:large, max-video-preview:-1\" \/>\n<link rel=\"canonical\" href=\"https:\/\/lovme.pt\/index.php\/produto\/skins-lubrificante-a-base-de-agua-com-sabor-de-melancia-dose-unica-de-5-ml\/\" \/>\n<meta property=\"og:locale\" content=\"pt_PT\" \/>\n<meta property=\"og:type\" content=\"article\" \/>\n<meta property=\"og:title\" content=\"SKINS - LUBRIFICANTE \u00c0 BASE DE \u00c1GUA COM SABOR DE MELANCIA - DOSE \u00daNICA DE 5 ML - Lovme\" \/>\n<meta property=\"og:description\" content=\"SKINS - LUBRIFICANTE \u00c0 BASE DE \u00c1GUA COM SABOR DE MELANCIA - DOSE \u00daNICA DE 5 ML\" \/>\n<meta property=\"og:url\" content=\"https:\/\/lovme.pt\/index.php\/produto\/skins-lubrificante-a-base-de-agua-com-sabor-de-melancia-dose-unica-de-5-ml\/\" \/>\n<meta property=\"og:site_name\" content=\"Lovme\" \/>\n<meta property=\"article:modified_time\" content=\"2026-05-09T02:09:04+00:00\" \/>\n<meta name=\"twitter:card\" content=\"summary_large_image\" \/>\n<meta name=\"twitter:label1\" content=\"Tempo estimado de leitura\" \/>\n\t<meta name=\"twitter:data1\" content=\"2 minutos\" \/>\n<script type=\"application\/ld+json\" class=\"yoast-schema-graph\">{\"@context\":\"https:\\\/\\\/schema.org\",\"@graph\":[{\"@type\":\"WebPage\",\"@id\":\"https:\\\/\\\/lovme.pt\\\/index.php\\\/produto\\\/skins-lubrificante-a-base-de-agua-com-sabor-de-melancia-dose-unica-de-5-ml\\\/\",\"url\":\"https:\\\/\\\/lovme.pt\\\/index.php\\\/produto\\\/skins-lubrificante-a-base-de-agua-com-sabor-de-melancia-dose-unica-de-5-ml\\\/\",\"name\":\"SKINS - LUBRIFICANTE \u00c0 BASE DE \u00c1GUA COM SABOR DE MELANCIA - DOSE \u00daNICA DE 5 ML - Lovme\",\"isPartOf\":{\"@id\":\"https:\\\/\\\/lovme.pt\\\/#website\"},\"primaryImageOfPage\":{\"@id\":\"https:\\\/\\\/lovme.pt\\\/index.php\\\/produto\\\/skins-lubrificante-a-base-de-agua-com-sabor-de-melancia-dose-unica-de-5-ml\\\/#primaryimage\"},\"image\":{\"@id\":\"https:\\\/\\\/lovme.pt\\\/index.php\\\/produto\\\/skins-lubrificante-a-base-de-agua-com-sabor-de-melancia-dose-unica-de-5-ml\\\/#primaryimage\"},\"thumbnailUrl\":\"https:\\\/\\\/erki24nd3ub.exactdn.com\\\/wp-content\\\/uploads\\\/2026\\\/05\\\/img_217182_b107ec5969a54455d89144201aa53460_1.jpg?strip=all\",\"datePublished\":\"2026-05-08T06:03:02+00:00\",\"dateModified\":\"2026-05-09T02:09:04+00:00\",\"breadcrumb\":{\"@id\":\"https:\\\/\\\/lovme.pt\\\/index.php\\\/produto\\\/skins-lubrificante-a-base-de-agua-com-sabor-de-melancia-dose-unica-de-5-ml\\\/#breadcrumb\"},\"inLanguage\":\"pt-PT\",\"potentialAction\":[{\"@type\":\"ReadAction\",\"target\":[\"https:\\\/\\\/lovme.pt\\\/index.php\\\/produto\\\/skins-lubrificante-a-base-de-agua-com-sabor-de-melancia-dose-unica-de-5-ml\\\/\"]}]},{\"@type\":\"ImageObject\",\"inLanguage\":\"pt-PT\",\"@id\":\"https:\\\/\\\/lovme.pt\\\/index.php\\\/produto\\\/skins-lubrificante-a-base-de-agua-com-sabor-de-melancia-dose-unica-de-5-ml\\\/#primaryimage\",\"url\":\"https:\\\/\\\/erki24nd3ub.exactdn.com\\\/wp-content\\\/uploads\\\/2026\\\/05\\\/img_217182_b107ec5969a54455d89144201aa53460_1.jpg?strip=all\",\"contentUrl\":\"https:\\\/\\\/erki24nd3ub.exactdn.com\\\/wp-content\\\/uploads\\\/2026\\\/05\\\/img_217182_b107ec5969a54455d89144201aa53460_1.jpg?strip=all\",\"width\":900,\"height\":900},{\"@type\":\"BreadcrumbList\",\"@id\":\"https:\\\/\\\/lovme.pt\\\/index.php\\\/produto\\\/skins-lubrificante-a-base-de-agua-com-sabor-de-melancia-dose-unica-de-5-ml\\\/#breadcrumb\",\"itemListElement\":[{\"@type\":\"ListItem\",\"position\":1,\"name\":\"In\u00edcio\",\"item\":\"https:\\\/\\\/lovme.pt\\\/\"},{\"@type\":\"ListItem\",\"position\":2,\"name\":\"Loja\",\"item\":\"https:\\\/\\\/lovme.pt\\\/index.php\\\/loja\\\/\"},{\"@type\":\"ListItem\",\"position\":3,\"name\":\"SKINS &#8211; LUBRIFICANTE \u00c0 BASE DE \u00c1GUA COM SABOR DE MELANCIA &#8211; DOSE \u00daNICA DE 5 ML\"}]},{\"@type\":\"WebSite\",\"@id\":\"https:\\\/\\\/lovme.pt\\\/#website\",\"url\":\"https:\\\/\\\/lovme.pt\\\/\",\"name\":\"Lovme Loja Er\u00f3tica N\u00ba1 em Portugal\",\"description\":\"A melhor loja er\u00f3tica de Portugal.\",\"alternateName\":\"Loja Er\u00f3tica Lovme\",\"potentialAction\":[{\"@type\":\"SearchAction\",\"target\":{\"@type\":\"EntryPoint\",\"urlTemplate\":\"https:\\\/\\\/lovme.pt\\\/?s={search_term_string}\"},\"query-input\":{\"@type\":\"PropertyValueSpecification\",\"valueRequired\":true,\"valueName\":\"search_term_string\"}}],\"inLanguage\":\"pt-PT\"}]}<\/script>\n<!-- \/ Yoast SEO plugin. -->","yoast_head_json":{"title":"SKINS - LUBRIFICANTE \u00c0 BASE DE \u00c1GUA COM SABOR DE MELANCIA - DOSE \u00daNICA DE 5 ML - Lovme","robots":{"index":"index","follow":"follow","max-snippet":"max-snippet:-1","max-image-preview":"max-image-preview:large","max-video-preview":"max-video-preview:-1"},"canonical":"https:\/\/lovme.pt\/index.php\/produto\/skins-lubrificante-a-base-de-agua-com-sabor-de-melancia-dose-unica-de-5-ml\/","og_locale":"pt_PT","og_type":"article","og_title":"SKINS - LUBRIFICANTE \u00c0 BASE DE \u00c1GUA COM SABOR DE MELANCIA - DOSE \u00daNICA DE 5 ML - Lovme","og_description":"SKINS - LUBRIFICANTE \u00c0 BASE DE \u00c1GUA COM SABOR DE MELANCIA - DOSE \u00daNICA DE 5 ML","og_url":"https:\/\/lovme.pt\/index.php\/produto\/skins-lubrificante-a-base-de-agua-com-sabor-de-melancia-dose-unica-de-5-ml\/","og_site_name":"Lovme","article_modified_time":"2026-05-09T02:09:04+00:00","twitter_card":"summary_large_image","twitter_misc":{"Tempo estimado de leitura":"2 minutos"},"schema":{"@context":"https:\/\/schema.org","@graph":[{"@type":"WebPage","@id":"https:\/\/lovme.pt\/index.php\/produto\/skins-lubrificante-a-base-de-agua-com-sabor-de-melancia-dose-unica-de-5-ml\/","url":"https:\/\/lovme.pt\/index.php\/produto\/skins-lubrificante-a-base-de-agua-com-sabor-de-melancia-dose-unica-de-5-ml\/","name":"SKINS - LUBRIFICANTE \u00c0 BASE DE \u00c1GUA COM SABOR DE MELANCIA - DOSE \u00daNICA DE 5 ML - Lovme","isPartOf":{"@id":"https:\/\/lovme.pt\/#website"},"primaryImageOfPage":{"@id":"https:\/\/lovme.pt\/index.php\/produto\/skins-lubrificante-a-base-de-agua-com-sabor-de-melancia-dose-unica-de-5-ml\/#primaryimage"},"image":{"@id":"https:\/\/lovme.pt\/index.php\/produto\/skins-lubrificante-a-base-de-agua-com-sabor-de-melancia-dose-unica-de-5-ml\/#primaryimage"},"thumbnailUrl":"https:\/\/erki24nd3ub.exactdn.com\/wp-content\/uploads\/2026\/05\/img_217182_b107ec5969a54455d89144201aa53460_1.jpg?strip=all","datePublished":"2026-05-08T06:03:02+00:00","dateModified":"2026-05-09T02:09:04+00:00","breadcrumb":{"@id":"https:\/\/lovme.pt\/index.php\/produto\/skins-lubrificante-a-base-de-agua-com-sabor-de-melancia-dose-unica-de-5-ml\/#breadcrumb"},"inLanguage":"pt-PT","potentialAction":[{"@type":"ReadAction","target":["https:\/\/lovme.pt\/index.php\/produto\/skins-lubrificante-a-base-de-agua-com-sabor-de-melancia-dose-unica-de-5-ml\/"]}]},{"@type":"ImageObject","inLanguage":"pt-PT","@id":"https:\/\/lovme.pt\/index.php\/produto\/skins-lubrificante-a-base-de-agua-com-sabor-de-melancia-dose-unica-de-5-ml\/#primaryimage","url":"https:\/\/erki24nd3ub.exactdn.com\/wp-content\/uploads\/2026\/05\/img_217182_b107ec5969a54455d89144201aa53460_1.jpg?strip=all","contentUrl":"https:\/\/erki24nd3ub.exactdn.com\/wp-content\/uploads\/2026\/05\/img_217182_b107ec5969a54455d89144201aa53460_1.jpg?strip=all","width":900,"height":900},{"@type":"BreadcrumbList","@id":"https:\/\/lovme.pt\/index.php\/produto\/skins-lubrificante-a-base-de-agua-com-sabor-de-melancia-dose-unica-de-5-ml\/#breadcrumb","itemListElement":[{"@type":"ListItem","position":1,"name":"In\u00edcio","item":"https:\/\/lovme.pt\/"},{"@type":"ListItem","position":2,"name":"Loja","item":"https:\/\/lovme.pt\/index.php\/loja\/"},{"@type":"ListItem","position":3,"name":"SKINS &#8211; LUBRIFICANTE \u00c0 BASE DE \u00c1GUA COM SABOR DE MELANCIA &#8211; DOSE \u00daNICA DE 5 ML"}]},{"@type":"WebSite","@id":"https:\/\/lovme.pt\/#website","url":"https:\/\/lovme.pt\/","name":"Lovme Loja Er\u00f3tica N\u00ba1 em Portugal","description":"A melhor loja er\u00f3tica de Portugal.","alternateName":"Loja Er\u00f3tica Lovme","potentialAction":[{"@type":"SearchAction","target":{"@type":"EntryPoint","urlTemplate":"https:\/\/lovme.pt\/?s={search_term_string}"},"query-input":{"@type":"PropertyValueSpecification","valueRequired":true,"valueName":"search_term_string"}}],"inLanguage":"pt-PT"}]}},"_links":{"self":[{"href":"https:\/\/lovme.pt\/index.php\/wp-json\/wp\/v2\/product\/120720","targetHints":{"allow":["GET"]}}],"collection":[{"href":"https:\/\/lovme.pt\/index.php\/wp-json\/wp\/v2\/product"}],"about":[{"href":"https:\/\/lovme.pt\/index.php\/wp-json\/wp\/v2\/types\/product"}],"wp:featuredmedia":[{"embeddable":true,"href":"https:\/\/lovme.pt\/index.php\/wp-json\/wp\/v2\/media\/120721"}],"wp:attachment":[{"href":"https:\/\/lovme.pt\/index.php\/wp-json\/wp\/v2\/media?parent=120720"}],"wp:term":[{"taxonomy":"product_brand","embeddable":true,"href":"https:\/\/lovme.pt\/index.php\/wp-json\/wp\/v2\/product_brand?post=120720"},{"taxonomy":"product_cat","embeddable":true,"href":"https:\/\/lovme.pt\/index.php\/wp-json\/wp\/v2\/product_cat?post=120720"},{"taxonomy":"product_tag","embeddable":true,"href":"https:\/\/lovme.pt\/index.php\/wp-json\/wp\/v2\/product_tag?post=120720"}],"curies":[{"name":"wp","href":"https:\/\/api.w.org\/{rel}","templated":true}]}}