{"id":120711,"date":"2026-05-08T06:02:13","date_gmt":"2026-05-08T06:02:13","guid":{"rendered":"https:\/\/lovme.pt\/index.php\/produto\/skins-excite-lubrificante-a-base-de-agua-dose-unica-5-ml\/"},"modified":"2026-05-09T02:08:52","modified_gmt":"2026-05-09T02:08:52","slug":"skins-excite-lubrificante-a-base-de-agua-dose-unica-5-ml","status":"publish","type":"product","link":"https:\/\/lovme.pt\/index.php\/produto\/skins-excite-lubrificante-a-base-de-agua-dose-unica-5-ml\/","title":{"rendered":"SKINS &#8211; EXCITE LUBRIFICANTE \u00c0 BASE DE \u00c1GUA DOSE \u00daNICA 5 ML"},"content":{"rendered":"<p>O Skins Excite oferece toda a divers\u00e3o e os benef\u00edcios do lubrificante Skins Aqua, mas com um toque extra de prazer. Com L-arginina, aumenta o fluxo sangu\u00edneo na \u00e1rea de aplica\u00e7\u00e3o. Isso intensifica a sensa\u00e7\u00e3o nas mulheres e proporciona uma ere\u00e7\u00e3o mais firme nos homens. Repleto de ingredientes naturais que far\u00e3o suas zonas er\u00f3genas vibrarem. Pegamos a f\u00f3rmula do Skins Aqua e adicionamos as propriedades afrodis\u00edacas do trevo-vermelho e do ginkgo biloba. O resultado: um lubrificante com uma irresist\u00edvel sensa\u00e7\u00e3o de formigamento que aumenta a excita\u00e7\u00e3o e leva voc\u00ea a novas alturas. Paix\u00e3o e prazer em perfeita harmonia!<\/p>\n<p> <u><strong>CARACTER\u00cdSTICAS<\/strong><\/u> :<\/p>\n<ul>\n<li> \u00c0 base de \u00e1gua<\/li>\n<li> Cristalino<\/li>\n<li> Compat\u00edvel com preservativo<\/li>\n<li> Sensa\u00e7\u00e3o de formigamento<\/li>\n<li> <strong>Ingredientes<\/strong> : \u00c1gua, propilenoglicol, glicerina, goma de celulose, extrato de Ginkgo biloba, extrato de Trifolium pratense (trevo vermelho), polissorbato 20, EDTA, carb\u00f4mero, PEG-90M, tetrahidroxipropiletilenodiamina, metilparabeno, mentol, sorbato de pot\u00e1ssio, benzoato de s\u00f3dio.<\/li>\n<\/ul>\n<p> Os lubrificantes \u00e0 base de \u00e1gua n\u00e3o mancham, s\u00e3o seguros para uso com l\u00e1tex e todos os m\u00e9todos contraceptivos de barreira e raramente causam irrita\u00e7\u00e3o. Embora possam secar durante a atividade sexual prolongada, podem ser facilmente reidratados com um pouco de \u00e1gua ou saliva. Devido \u00e0 sua versatilidade e efic\u00e1cia, s\u00e3o a op\u00e7\u00e3o mais recomendada por casais experientes. Nova tecnologia ReAquav8: todos os lubrificantes \u00e0 base de \u00e1gua Skins reativam com apenas algumas gotas de \u00e1gua. Isso permite que voc\u00ea desfrute de uma sensa\u00e7\u00e3o natural e uma intimidade suave e sedosa por mais tempo. Tamb\u00e9m dispon\u00edvel em uma embalagem pr\u00e1tica e discreta de 5 ml para aqueles momentos espont\u00e2neos de paix\u00e3o e para se divertir onde quer que voc\u00ea v\u00e1.<\/p>\n","protected":false},"excerpt":{"rendered":"<p>SKINS &#8211; EXCITE LUBRIFICANTE \u00c0 BASE DE \u00c1GUA DOSE \u00daNICA 5 ML<\/p>\n","protected":false},"featured_media":120713,"template":"","meta":{"_acf_changed":false},"product_brand":[],"product_cat":[49,53],"product_tag":[],"class_list":{"0":"post-120711","1":"product","2":"type-product","3":"status-publish","4":"has-post-thumbnail","6":"product_cat-cosmeticos","7":"product_cat-lubrificantes-intimos","8":"yith_product_brand-skins","10":"first","11":"instock","12":"taxable","13":"shipping-taxable","14":"purchasable","15":"product-type-simple"},"acf":[],"yoast_head":"<!-- This site is optimized with the Yoast SEO plugin v27.4 - https:\/\/yoast.com\/product\/yoast-seo-wordpress\/ -->\n<title>SKINS - EXCITE LUBRIFICANTE \u00c0 BASE DE \u00c1GUA DOSE \u00daNICA 5 ML - Lovme<\/title>\n<meta name=\"robots\" content=\"index, follow, max-snippet:-1, max-image-preview:large, max-video-preview:-1\" \/>\n<link rel=\"canonical\" href=\"https:\/\/lovme.pt\/index.php\/produto\/skins-excite-lubrificante-a-base-de-agua-dose-unica-5-ml\/\" \/>\n<meta property=\"og:locale\" content=\"pt_PT\" \/>\n<meta property=\"og:type\" content=\"article\" \/>\n<meta property=\"og:title\" content=\"SKINS - EXCITE LUBRIFICANTE \u00c0 BASE DE \u00c1GUA DOSE \u00daNICA 5 ML - Lovme\" \/>\n<meta property=\"og:description\" content=\"SKINS - EXCITE LUBRIFICANTE \u00c0 BASE DE \u00c1GUA DOSE \u00daNICA 5 ML\" \/>\n<meta property=\"og:url\" content=\"https:\/\/lovme.pt\/index.php\/produto\/skins-excite-lubrificante-a-base-de-agua-dose-unica-5-ml\/\" \/>\n<meta property=\"og:site_name\" content=\"Lovme\" \/>\n<meta property=\"article:modified_time\" content=\"2026-05-09T02:08:52+00:00\" \/>\n<meta name=\"twitter:card\" content=\"summary_large_image\" \/>\n<meta name=\"twitter:label1\" content=\"Tempo estimado de leitura\" \/>\n\t<meta name=\"twitter:data1\" content=\"1 minuto\" \/>\n<script type=\"application\/ld+json\" class=\"yoast-schema-graph\">{\"@context\":\"https:\\\/\\\/schema.org\",\"@graph\":[{\"@type\":\"WebPage\",\"@id\":\"https:\\\/\\\/lovme.pt\\\/index.php\\\/produto\\\/skins-excite-lubrificante-a-base-de-agua-dose-unica-5-ml\\\/\",\"url\":\"https:\\\/\\\/lovme.pt\\\/index.php\\\/produto\\\/skins-excite-lubrificante-a-base-de-agua-dose-unica-5-ml\\\/\",\"name\":\"SKINS - EXCITE LUBRIFICANTE \u00c0 BASE DE \u00c1GUA DOSE \u00daNICA 5 ML - Lovme\",\"isPartOf\":{\"@id\":\"https:\\\/\\\/lovme.pt\\\/#website\"},\"primaryImageOfPage\":{\"@id\":\"https:\\\/\\\/lovme.pt\\\/index.php\\\/produto\\\/skins-excite-lubrificante-a-base-de-agua-dose-unica-5-ml\\\/#primaryimage\"},\"image\":{\"@id\":\"https:\\\/\\\/lovme.pt\\\/index.php\\\/produto\\\/skins-excite-lubrificante-a-base-de-agua-dose-unica-5-ml\\\/#primaryimage\"},\"thumbnailUrl\":\"https:\\\/\\\/erki24nd3ub.exactdn.com\\\/wp-content\\\/uploads\\\/2026\\\/05\\\/img_217174_50e65308f24c933d4c046cba8d63f4a1_1.jpg?strip=all\",\"datePublished\":\"2026-05-08T06:02:13+00:00\",\"dateModified\":\"2026-05-09T02:08:52+00:00\",\"breadcrumb\":{\"@id\":\"https:\\\/\\\/lovme.pt\\\/index.php\\\/produto\\\/skins-excite-lubrificante-a-base-de-agua-dose-unica-5-ml\\\/#breadcrumb\"},\"inLanguage\":\"pt-PT\",\"potentialAction\":[{\"@type\":\"ReadAction\",\"target\":[\"https:\\\/\\\/lovme.pt\\\/index.php\\\/produto\\\/skins-excite-lubrificante-a-base-de-agua-dose-unica-5-ml\\\/\"]}]},{\"@type\":\"ImageObject\",\"inLanguage\":\"pt-PT\",\"@id\":\"https:\\\/\\\/lovme.pt\\\/index.php\\\/produto\\\/skins-excite-lubrificante-a-base-de-agua-dose-unica-5-ml\\\/#primaryimage\",\"url\":\"https:\\\/\\\/erki24nd3ub.exactdn.com\\\/wp-content\\\/uploads\\\/2026\\\/05\\\/img_217174_50e65308f24c933d4c046cba8d63f4a1_1.jpg?strip=all\",\"contentUrl\":\"https:\\\/\\\/erki24nd3ub.exactdn.com\\\/wp-content\\\/uploads\\\/2026\\\/05\\\/img_217174_50e65308f24c933d4c046cba8d63f4a1_1.jpg?strip=all\",\"width\":900,\"height\":900},{\"@type\":\"BreadcrumbList\",\"@id\":\"https:\\\/\\\/lovme.pt\\\/index.php\\\/produto\\\/skins-excite-lubrificante-a-base-de-agua-dose-unica-5-ml\\\/#breadcrumb\",\"itemListElement\":[{\"@type\":\"ListItem\",\"position\":1,\"name\":\"In\u00edcio\",\"item\":\"https:\\\/\\\/lovme.pt\\\/\"},{\"@type\":\"ListItem\",\"position\":2,\"name\":\"Loja\",\"item\":\"https:\\\/\\\/lovme.pt\\\/index.php\\\/loja\\\/\"},{\"@type\":\"ListItem\",\"position\":3,\"name\":\"SKINS &#8211; EXCITE LUBRIFICANTE \u00c0 BASE DE \u00c1GUA DOSE \u00daNICA 5 ML\"}]},{\"@type\":\"WebSite\",\"@id\":\"https:\\\/\\\/lovme.pt\\\/#website\",\"url\":\"https:\\\/\\\/lovme.pt\\\/\",\"name\":\"Lovme Loja Er\u00f3tica N\u00ba1 em Portugal\",\"description\":\"A melhor loja er\u00f3tica de Portugal.\",\"alternateName\":\"Loja Er\u00f3tica Lovme\",\"potentialAction\":[{\"@type\":\"SearchAction\",\"target\":{\"@type\":\"EntryPoint\",\"urlTemplate\":\"https:\\\/\\\/lovme.pt\\\/?s={search_term_string}\"},\"query-input\":{\"@type\":\"PropertyValueSpecification\",\"valueRequired\":true,\"valueName\":\"search_term_string\"}}],\"inLanguage\":\"pt-PT\"}]}<\/script>\n<!-- \/ Yoast SEO plugin. -->","yoast_head_json":{"title":"SKINS - EXCITE LUBRIFICANTE \u00c0 BASE DE \u00c1GUA DOSE \u00daNICA 5 ML - Lovme","robots":{"index":"index","follow":"follow","max-snippet":"max-snippet:-1","max-image-preview":"max-image-preview:large","max-video-preview":"max-video-preview:-1"},"canonical":"https:\/\/lovme.pt\/index.php\/produto\/skins-excite-lubrificante-a-base-de-agua-dose-unica-5-ml\/","og_locale":"pt_PT","og_type":"article","og_title":"SKINS - EXCITE LUBRIFICANTE \u00c0 BASE DE \u00c1GUA DOSE \u00daNICA 5 ML - Lovme","og_description":"SKINS - EXCITE LUBRIFICANTE \u00c0 BASE DE \u00c1GUA DOSE \u00daNICA 5 ML","og_url":"https:\/\/lovme.pt\/index.php\/produto\/skins-excite-lubrificante-a-base-de-agua-dose-unica-5-ml\/","og_site_name":"Lovme","article_modified_time":"2026-05-09T02:08:52+00:00","twitter_card":"summary_large_image","twitter_misc":{"Tempo estimado de leitura":"1 minuto"},"schema":{"@context":"https:\/\/schema.org","@graph":[{"@type":"WebPage","@id":"https:\/\/lovme.pt\/index.php\/produto\/skins-excite-lubrificante-a-base-de-agua-dose-unica-5-ml\/","url":"https:\/\/lovme.pt\/index.php\/produto\/skins-excite-lubrificante-a-base-de-agua-dose-unica-5-ml\/","name":"SKINS - EXCITE LUBRIFICANTE \u00c0 BASE DE \u00c1GUA DOSE \u00daNICA 5 ML - Lovme","isPartOf":{"@id":"https:\/\/lovme.pt\/#website"},"primaryImageOfPage":{"@id":"https:\/\/lovme.pt\/index.php\/produto\/skins-excite-lubrificante-a-base-de-agua-dose-unica-5-ml\/#primaryimage"},"image":{"@id":"https:\/\/lovme.pt\/index.php\/produto\/skins-excite-lubrificante-a-base-de-agua-dose-unica-5-ml\/#primaryimage"},"thumbnailUrl":"https:\/\/erki24nd3ub.exactdn.com\/wp-content\/uploads\/2026\/05\/img_217174_50e65308f24c933d4c046cba8d63f4a1_1.jpg?strip=all","datePublished":"2026-05-08T06:02:13+00:00","dateModified":"2026-05-09T02:08:52+00:00","breadcrumb":{"@id":"https:\/\/lovme.pt\/index.php\/produto\/skins-excite-lubrificante-a-base-de-agua-dose-unica-5-ml\/#breadcrumb"},"inLanguage":"pt-PT","potentialAction":[{"@type":"ReadAction","target":["https:\/\/lovme.pt\/index.php\/produto\/skins-excite-lubrificante-a-base-de-agua-dose-unica-5-ml\/"]}]},{"@type":"ImageObject","inLanguage":"pt-PT","@id":"https:\/\/lovme.pt\/index.php\/produto\/skins-excite-lubrificante-a-base-de-agua-dose-unica-5-ml\/#primaryimage","url":"https:\/\/erki24nd3ub.exactdn.com\/wp-content\/uploads\/2026\/05\/img_217174_50e65308f24c933d4c046cba8d63f4a1_1.jpg?strip=all","contentUrl":"https:\/\/erki24nd3ub.exactdn.com\/wp-content\/uploads\/2026\/05\/img_217174_50e65308f24c933d4c046cba8d63f4a1_1.jpg?strip=all","width":900,"height":900},{"@type":"BreadcrumbList","@id":"https:\/\/lovme.pt\/index.php\/produto\/skins-excite-lubrificante-a-base-de-agua-dose-unica-5-ml\/#breadcrumb","itemListElement":[{"@type":"ListItem","position":1,"name":"In\u00edcio","item":"https:\/\/lovme.pt\/"},{"@type":"ListItem","position":2,"name":"Loja","item":"https:\/\/lovme.pt\/index.php\/loja\/"},{"@type":"ListItem","position":3,"name":"SKINS &#8211; EXCITE LUBRIFICANTE \u00c0 BASE DE \u00c1GUA DOSE \u00daNICA 5 ML"}]},{"@type":"WebSite","@id":"https:\/\/lovme.pt\/#website","url":"https:\/\/lovme.pt\/","name":"Lovme Loja Er\u00f3tica N\u00ba1 em Portugal","description":"A melhor loja er\u00f3tica de Portugal.","alternateName":"Loja Er\u00f3tica Lovme","potentialAction":[{"@type":"SearchAction","target":{"@type":"EntryPoint","urlTemplate":"https:\/\/lovme.pt\/?s={search_term_string}"},"query-input":{"@type":"PropertyValueSpecification","valueRequired":true,"valueName":"search_term_string"}}],"inLanguage":"pt-PT"}]}},"_links":{"self":[{"href":"https:\/\/lovme.pt\/index.php\/wp-json\/wp\/v2\/product\/120711","targetHints":{"allow":["GET"]}}],"collection":[{"href":"https:\/\/lovme.pt\/index.php\/wp-json\/wp\/v2\/product"}],"about":[{"href":"https:\/\/lovme.pt\/index.php\/wp-json\/wp\/v2\/types\/product"}],"wp:featuredmedia":[{"embeddable":true,"href":"https:\/\/lovme.pt\/index.php\/wp-json\/wp\/v2\/media\/120713"}],"wp:attachment":[{"href":"https:\/\/lovme.pt\/index.php\/wp-json\/wp\/v2\/media?parent=120711"}],"wp:term":[{"taxonomy":"product_brand","embeddable":true,"href":"https:\/\/lovme.pt\/index.php\/wp-json\/wp\/v2\/product_brand?post=120711"},{"taxonomy":"product_cat","embeddable":true,"href":"https:\/\/lovme.pt\/index.php\/wp-json\/wp\/v2\/product_cat?post=120711"},{"taxonomy":"product_tag","embeddable":true,"href":"https:\/\/lovme.pt\/index.php\/wp-json\/wp\/v2\/product_tag?post=120711"}],"curies":[{"name":"wp","href":"https:\/\/api.w.org\/{rel}","templated":true}]}}