{"id":120667,"date":"2026-05-08T05:55:56","date_gmt":"2026-05-08T05:55:56","guid":{"rendered":"https:\/\/lovme.pt\/index.php\/produto\/intimichic-kibi-urinol-portatil-descartavel\/"},"modified":"2026-05-09T02:07:12","modified_gmt":"2026-05-09T02:07:12","slug":"intimichic-kibi-urinol-portatil-descartavel","status":"publish","type":"product","link":"https:\/\/lovme.pt\/index.php\/produto\/intimichic-kibi-urinol-portatil-descartavel\/","title":{"rendered":"INTIMICHIC &#8211; KIBI URINOL PORT\u00c1TIL DESCART\u00c1VEL"},"content":{"rendered":"<p>Pr&aacute;tico, higi&ecirc;nico e projetado para conforto em qualquer situa&ccedil;&atilde;o, o urinol port&aacute;til descart&aacute;vel Kibi da Intimichic &eacute; a solu&ccedil;&atilde;o ideal para quem busca liberdade e seguran&ccedil;a fora de casa. Compacto e f&aacute;cil de usar, este dispositivo permite urinar de forma confort&aacute;vel e discreta a qualquer momento, sem a necessidade de banheiros p&uacute;blicos ou espa&ccedil;os designados. Feito de TPE de alta qualidade, um material seguro para o corpo, livre de ftalatos e totalmente flex&iacute;vel, o Kibi se adapta perfeitamente &agrave; anatomia para garantir um uso confort&aacute;vel e sem vazamentos. Sua estrutura macia e ergon&ocirc;mica proporciona um encaixe natural e evita desconforto, mesmo em situa&ccedil;&otilde;es de emerg&ecirc;ncia ou durante per&iacute;odos prolongados de uso.<\/p>\n<p>&nbsp;<\/p>\n<p>O urinol <strong>Kibi<\/strong> &eacute; port&aacute;til e compacto, podendo ser facilmente transportado em uma bolsa, mochila ou mala. Al&eacute;m disso, por ser descart&aacute;vel, oferece m&aacute;xima higiene: basta usar uma vez e descartar com seguran&ccedil;a. Ideal para viagens, excurs&otilde;es, eventos ao ar livre, camping, gravidez, pessoas com mobilidade reduzida ou qualquer situa&ccedil;&atilde;o em que o acesso a um banheiro seja limitado, o Kibi combina praticidade e higiene em um &uacute;nico produto.<\/p>\n<p><u><strong>CARACTER&Iacute;STICAS<\/strong><\/u> :<\/p>\n<ul>\n<li>Urinol port&aacute;til e compacto<\/li>\n<li>Feito de TPE flex&iacute;vel e seguro para o corpo.<\/li>\n<li>Livre de ftalatos<\/li>\n<li>Descart&aacute;vel e higi&ecirc;nico<\/li>\n<li>Design ergon&ocirc;mico e adapt&aacute;vel<\/li>\n<li>Ideal para usar em viagens, eventos ou em emerg&ecirc;ncias.<\/li>\n<li>Dimens&otilde;es: Comprimento 136 mm \/ Largura 106 mm<\/li>\n<\/ul>\n<p><strong>Kibi, da Intimichic,<\/strong> oferece uma solu&ccedil;&atilde;o pr&aacute;tica, higi&ecirc;nica e confort&aacute;vel para situa&ccedil;&otilde;es em que conforto e discri&ccedil;&atilde;o s&atilde;o essenciais. Um acess&oacute;rio funcional e seguro, projetado para o dia a dia moderno.<\/p>\n<p>&#039;<\/p>\n","protected":false},"excerpt":{"rendered":"<p>INTIMICHIC &#8211; KIBI URINOL PORT\u00c1TIL DESCART\u00c1VEL<\/p>\n","protected":false},"featured_media":0,"template":"","meta":{"_acf_changed":false},"product_brand":[],"product_cat":[49,74],"product_tag":[],"class_list":{"0":"post-120667","1":"product","2":"type-product","3":"status-publish","5":"product_cat-cosmeticos","6":"product_cat-saude-menstrual","7":"yith_product_brand-intimichic","9":"first","10":"instock","11":"taxable","12":"shipping-taxable","13":"purchasable","14":"product-type-simple"},"acf":[],"yoast_head":"<!-- This site is optimized with the Yoast SEO plugin v27.4 - https:\/\/yoast.com\/product\/yoast-seo-wordpress\/ -->\n<title>INTIMICHIC - KIBI URINOL PORT\u00c1TIL DESCART\u00c1VEL - Lovme<\/title>\n<meta name=\"robots\" content=\"index, follow, max-snippet:-1, max-image-preview:large, max-video-preview:-1\" \/>\n<link rel=\"canonical\" href=\"https:\/\/lovme.pt\/index.php\/produto\/intimichic-kibi-urinol-portatil-descartavel\/\" \/>\n<meta property=\"og:locale\" content=\"pt_PT\" \/>\n<meta property=\"og:type\" content=\"article\" \/>\n<meta property=\"og:title\" content=\"INTIMICHIC - KIBI URINOL PORT\u00c1TIL DESCART\u00c1VEL - Lovme\" \/>\n<meta property=\"og:description\" content=\"INTIMICHIC - KIBI URINOL PORT\u00c1TIL DESCART\u00c1VEL\" \/>\n<meta property=\"og:url\" content=\"https:\/\/lovme.pt\/index.php\/produto\/intimichic-kibi-urinol-portatil-descartavel\/\" \/>\n<meta property=\"og:site_name\" content=\"Lovme\" \/>\n<meta property=\"article:modified_time\" content=\"2026-05-09T02:07:12+00:00\" \/>\n<meta name=\"twitter:card\" content=\"summary_large_image\" \/>\n<meta name=\"twitter:label1\" content=\"Tempo estimado de leitura\" \/>\n\t<meta name=\"twitter:data1\" content=\"2 minutos\" \/>\n<script type=\"application\/ld+json\" class=\"yoast-schema-graph\">{\"@context\":\"https:\\\/\\\/schema.org\",\"@graph\":[{\"@type\":\"WebPage\",\"@id\":\"https:\\\/\\\/lovme.pt\\\/index.php\\\/produto\\\/intimichic-kibi-urinol-portatil-descartavel\\\/\",\"url\":\"https:\\\/\\\/lovme.pt\\\/index.php\\\/produto\\\/intimichic-kibi-urinol-portatil-descartavel\\\/\",\"name\":\"INTIMICHIC - KIBI URINOL PORT\u00c1TIL DESCART\u00c1VEL - Lovme\",\"isPartOf\":{\"@id\":\"https:\\\/\\\/lovme.pt\\\/#website\"},\"datePublished\":\"2026-05-08T05:55:56+00:00\",\"dateModified\":\"2026-05-09T02:07:12+00:00\",\"breadcrumb\":{\"@id\":\"https:\\\/\\\/lovme.pt\\\/index.php\\\/produto\\\/intimichic-kibi-urinol-portatil-descartavel\\\/#breadcrumb\"},\"inLanguage\":\"pt-PT\",\"potentialAction\":[{\"@type\":\"ReadAction\",\"target\":[\"https:\\\/\\\/lovme.pt\\\/index.php\\\/produto\\\/intimichic-kibi-urinol-portatil-descartavel\\\/\"]}]},{\"@type\":\"BreadcrumbList\",\"@id\":\"https:\\\/\\\/lovme.pt\\\/index.php\\\/produto\\\/intimichic-kibi-urinol-portatil-descartavel\\\/#breadcrumb\",\"itemListElement\":[{\"@type\":\"ListItem\",\"position\":1,\"name\":\"In\u00edcio\",\"item\":\"https:\\\/\\\/lovme.pt\\\/\"},{\"@type\":\"ListItem\",\"position\":2,\"name\":\"Loja\",\"item\":\"https:\\\/\\\/lovme.pt\\\/index.php\\\/loja\\\/\"},{\"@type\":\"ListItem\",\"position\":3,\"name\":\"INTIMICHIC &#8211; KIBI URINOL PORT\u00c1TIL DESCART\u00c1VEL\"}]},{\"@type\":\"WebSite\",\"@id\":\"https:\\\/\\\/lovme.pt\\\/#website\",\"url\":\"https:\\\/\\\/lovme.pt\\\/\",\"name\":\"Lovme Loja Er\u00f3tica N\u00ba1 em Portugal\",\"description\":\"A melhor loja er\u00f3tica de Portugal.\",\"alternateName\":\"Loja Er\u00f3tica Lovme\",\"potentialAction\":[{\"@type\":\"SearchAction\",\"target\":{\"@type\":\"EntryPoint\",\"urlTemplate\":\"https:\\\/\\\/lovme.pt\\\/?s={search_term_string}\"},\"query-input\":{\"@type\":\"PropertyValueSpecification\",\"valueRequired\":true,\"valueName\":\"search_term_string\"}}],\"inLanguage\":\"pt-PT\"}]}<\/script>\n<!-- \/ Yoast SEO plugin. -->","yoast_head_json":{"title":"INTIMICHIC - KIBI URINOL PORT\u00c1TIL DESCART\u00c1VEL - Lovme","robots":{"index":"index","follow":"follow","max-snippet":"max-snippet:-1","max-image-preview":"max-image-preview:large","max-video-preview":"max-video-preview:-1"},"canonical":"https:\/\/lovme.pt\/index.php\/produto\/intimichic-kibi-urinol-portatil-descartavel\/","og_locale":"pt_PT","og_type":"article","og_title":"INTIMICHIC - KIBI URINOL PORT\u00c1TIL DESCART\u00c1VEL - Lovme","og_description":"INTIMICHIC - KIBI URINOL PORT\u00c1TIL DESCART\u00c1VEL","og_url":"https:\/\/lovme.pt\/index.php\/produto\/intimichic-kibi-urinol-portatil-descartavel\/","og_site_name":"Lovme","article_modified_time":"2026-05-09T02:07:12+00:00","twitter_card":"summary_large_image","twitter_misc":{"Tempo estimado de leitura":"2 minutos"},"schema":{"@context":"https:\/\/schema.org","@graph":[{"@type":"WebPage","@id":"https:\/\/lovme.pt\/index.php\/produto\/intimichic-kibi-urinol-portatil-descartavel\/","url":"https:\/\/lovme.pt\/index.php\/produto\/intimichic-kibi-urinol-portatil-descartavel\/","name":"INTIMICHIC - KIBI URINOL PORT\u00c1TIL DESCART\u00c1VEL - Lovme","isPartOf":{"@id":"https:\/\/lovme.pt\/#website"},"datePublished":"2026-05-08T05:55:56+00:00","dateModified":"2026-05-09T02:07:12+00:00","breadcrumb":{"@id":"https:\/\/lovme.pt\/index.php\/produto\/intimichic-kibi-urinol-portatil-descartavel\/#breadcrumb"},"inLanguage":"pt-PT","potentialAction":[{"@type":"ReadAction","target":["https:\/\/lovme.pt\/index.php\/produto\/intimichic-kibi-urinol-portatil-descartavel\/"]}]},{"@type":"BreadcrumbList","@id":"https:\/\/lovme.pt\/index.php\/produto\/intimichic-kibi-urinol-portatil-descartavel\/#breadcrumb","itemListElement":[{"@type":"ListItem","position":1,"name":"In\u00edcio","item":"https:\/\/lovme.pt\/"},{"@type":"ListItem","position":2,"name":"Loja","item":"https:\/\/lovme.pt\/index.php\/loja\/"},{"@type":"ListItem","position":3,"name":"INTIMICHIC &#8211; KIBI URINOL PORT\u00c1TIL DESCART\u00c1VEL"}]},{"@type":"WebSite","@id":"https:\/\/lovme.pt\/#website","url":"https:\/\/lovme.pt\/","name":"Lovme Loja Er\u00f3tica N\u00ba1 em Portugal","description":"A melhor loja er\u00f3tica de Portugal.","alternateName":"Loja Er\u00f3tica Lovme","potentialAction":[{"@type":"SearchAction","target":{"@type":"EntryPoint","urlTemplate":"https:\/\/lovme.pt\/?s={search_term_string}"},"query-input":{"@type":"PropertyValueSpecification","valueRequired":true,"valueName":"search_term_string"}}],"inLanguage":"pt-PT"}]}},"_links":{"self":[{"href":"https:\/\/lovme.pt\/index.php\/wp-json\/wp\/v2\/product\/120667","targetHints":{"allow":["GET"]}}],"collection":[{"href":"https:\/\/lovme.pt\/index.php\/wp-json\/wp\/v2\/product"}],"about":[{"href":"https:\/\/lovme.pt\/index.php\/wp-json\/wp\/v2\/types\/product"}],"wp:attachment":[{"href":"https:\/\/lovme.pt\/index.php\/wp-json\/wp\/v2\/media?parent=120667"}],"wp:term":[{"taxonomy":"product_brand","embeddable":true,"href":"https:\/\/lovme.pt\/index.php\/wp-json\/wp\/v2\/product_brand?post=120667"},{"taxonomy":"product_cat","embeddable":true,"href":"https:\/\/lovme.pt\/index.php\/wp-json\/wp\/v2\/product_cat?post=120667"},{"taxonomy":"product_tag","embeddable":true,"href":"https:\/\/lovme.pt\/index.php\/wp-json\/wp\/v2\/product_tag?post=120667"}],"curies":[{"name":"wp","href":"https:\/\/api.w.org\/{rel}","templated":true}]}}