{"id":10864,"date":"2025-09-30T22:11:23","date_gmt":"2025-09-30T22:11:23","guid":{"rendered":"https:\/\/lovme.pt\/?post_type=product&#038;p=10864"},"modified":"2026-04-16T21:38:08","modified_gmt":"2026-04-16T21:38:08","slug":"andropeyronie-correcao-da-curvatura-do-penis","status":"publish","type":"product","link":"https:\/\/lovme.pt\/index.php\/produto\/andropeyronie-correcao-da-curvatura-do-penis\/","title":{"rendered":"ANDROPEYRONIE &#8211; CORRE\u00c7\u00c3O DA CURVATURA DO P\u00caNIS"},"content":{"rendered":"<p>Andropeyronie &eacute; um dispositivo prescrito por um m&eacute;dico para a corre&ccedil;&atilde;o da curvatura peniana. &Eacute; eficaz no caso de doen&ccedil;a de Peyronie, curvaturas cong&ecirc;nitas, curvaturas adquiridas, etc.).<\/p>\n<ul>\n<li>Para Andropeyronie e Andropeyronie (Surgery Edition), seu p&ecirc;nis deve medir pelo menos 8 cm quando ereto.<\/li>\n<li>Voc&ecirc; deve ter entre 18 e 65 anos de idade.<\/li>\n<li>As molas s&atilde;o de a&ccedil;o inoxid&aacute;vel e os eixos de alum&iacute;nio cir&uacute;rgico.<\/li>\n<\/ul>\n<p>Os dispositivos para aumentar o p&ecirc;nis devem ser usados com o p&ecirc;nis em estado fl&aacute;cido. Dependendo do modelo, podem ser utilizados entre 4 e 9 horas por dia, fazendo uma pausa quando necess&aacute;rio.<\/p>\n<p>Cada modelo aplica o princ&iacute;pio da tra&ccedil;&atilde;o, mas de forma diferente.<\/p>\n<p>Ao utilizar Andropeyronie, o paciente pode controlar a dire&ccedil;&atilde;o da tra&ccedil;&atilde;o para aplicar maior for&ccedil;a de tra&ccedil;&atilde;o em um dos lados do p&ecirc;nis, corrigindo assim a curvatura do p&ecirc;nis. No caso do Andropeyronie (Surgery Edition), uma for&ccedil;a de tra&ccedil;&atilde;o unidirecional mais moderada &eacute; suficiente para evitar o encurtamento peniano.<\/p>\n<p>O Andropenis Mini deve ser utilizado como extensor peniano, com uma ligeira adapta&ccedil;&atilde;o ao suporte superior.<\/p>\n<p style=\"font-size: 12.8000001907349px;line-height: 16.6399993896484px\">Inclui;<\/p>\n<ul style=\"font-size: 12.8000001907349px;line-height: 16.6399993896484px\">\n<li>Assist&ecirc;ncia m&eacute;dica durante o tratamento<\/li>\n<li>Androeixos&reg;: Alum&iacute;nio<\/li>\n<li>Androsilicone&reg;: 2 unidades<\/li>\n<li>Banda Androcomfort&reg;: 2 unidades<\/li>\n<li>Androtop&reg; para Androsilicone&reg;: 2 unidades<\/li>\n<li>aceitar aceitar aceitar<br \/>\n\tAndrotop&reg; para Androcomfort&reg; Band: 2 unidades<\/li>\n<li>Androring&reg;: 2 unidades<\/li>\n<li>CD de instru&ccedil;&otilde;es em 27 idiomas (para uso no computador)<\/li>\n<li>Livro de instru&ccedil;&otilde;es em 8 idiomas<\/li>\n<li>Guia r&aacute;pido<\/li>\n<li>E-book gratuito &quot;100 dicas sobre sexo&quot;<\/li>\n<\/ul>\n<p>N&atilde;o &eacute; necess&aacute;rio conviver com os problemas decorrentes da doen&ccedil;a de Peyronie. Andromedical oferece um dispositivo para aumentar o p&ecirc;nis.<\/p>\n<p>Nosso dispositivo &eacute; f&aacute;cil de usar. O produto para aumentar o p&ecirc;nis pode ser usado de 4 a 9 horas diariamente. Cada produto foi projetado para usar o princ&iacute;pio da tra&ccedil;&atilde;o, mas de maneiras diferentes. Este dispositivo foi projetado para tratar a curvatura da doen&ccedil;a de Peyronie.<\/p>\n<p>Controlar a dire&ccedil;&atilde;o da tra&ccedil;&atilde;o para aplicar uma for&ccedil;a mais forte na lateral da curvatura ajuda o p&ecirc;nis a se endireitar. A Peyronie n&atilde;o &eacute; uma doen&ccedil;a que amea&ccedil;a a vida, por&eacute;m ela influencia a sua vida sexual e por isso a corre&ccedil;&atilde;o &eacute; muito importante. Aqueles que n&atilde;o forem tratados amea&ccedil;am a sa&uacute;de do seu p&ecirc;nis e o futuro da sua vida sexual.<\/p>\n<p>Um dispositivo de aumento peniano real e comprovado est&aacute; aqui, trazido a voc&ecirc; pelos especialistas da Andromedical<\/p>\n<p style=\"font-size: 12.8000001907349px;line-height: 16.6399993896484px\">&Eacute; o momento! Comece o tratamento e voc&ecirc; ver&aacute; resultados para sempre!<\/p>\n<p style=\"font-size: 14px;line-height: 20px;margin: 20px 0px;font-family: Arial\">&nbsp;<\/p>\n<p style=\"text-align: center\">\n","protected":false},"excerpt":{"rendered":"<p>EMBALAGEM DISPON\u00cdVEL EM: \/es\/en\/fr\/de\/nl\/dk\/it\/se\/ru\/jp\/ar\/<\/p>\n","protected":false},"featured_media":74853,"template":"","meta":{"_acf_changed":false},"product_brand":[],"product_cat":[17,60],"product_tag":[],"class_list":{"0":"post-10864","1":"product","2":"type-product","3":"status-publish","4":"has-post-thumbnail","6":"product_cat-brinquedos-de-bem-estar-sexual","7":"product_cat-para-eles","8":"yith_product_brand-andro-medical","10":"first","11":"instock","12":"taxable","13":"shipping-taxable","14":"purchasable","15":"product-type-simple"},"acf":[],"yoast_head":"<!-- This site is optimized with the Yoast SEO plugin v27.4 - https:\/\/yoast.com\/product\/yoast-seo-wordpress\/ -->\n<title>ANDROPEYRONIE - CORRE\u00c7\u00c3O DA CURVATURA DO P\u00caNIS - Lovme<\/title>\n<meta name=\"robots\" content=\"index, follow, max-snippet:-1, max-image-preview:large, max-video-preview:-1\" \/>\n<link rel=\"canonical\" href=\"https:\/\/lovme.pt\/index.php\/produto\/andropeyronie-correcao-da-curvatura-do-penis\/\" \/>\n<meta property=\"og:locale\" content=\"pt_PT\" \/>\n<meta property=\"og:type\" content=\"article\" \/>\n<meta property=\"og:title\" content=\"ANDROPEYRONIE - CORRE\u00c7\u00c3O DA CURVATURA DO P\u00caNIS - Lovme\" \/>\n<meta property=\"og:description\" content=\"EMBALAGEM DISPON\u00cdVEL EM: \/es\/en\/fr\/de\/nl\/dk\/it\/se\/ru\/jp\/ar\/\" \/>\n<meta property=\"og:url\" content=\"https:\/\/lovme.pt\/index.php\/produto\/andropeyronie-correcao-da-curvatura-do-penis\/\" \/>\n<meta property=\"og:site_name\" content=\"Lovme\" \/>\n<meta property=\"article:modified_time\" content=\"2026-04-16T21:38:08+00:00\" \/>\n<meta property=\"og:image\" content=\"https:\/\/erki24nd3ub.exactdn.com\/wp-content\/uploads\/dream\/img\/img_82861_cb212000939bffade4f215b8ae228486_1.jpg?strip=all\" \/>\n\t<meta property=\"og:image:width\" content=\"900\" \/>\n\t<meta property=\"og:image:height\" content=\"900\" \/>\n\t<meta property=\"og:image:type\" content=\"image\/jpeg\" \/>\n<meta name=\"twitter:card\" content=\"summary_large_image\" \/>\n<meta name=\"twitter:label1\" content=\"Tempo estimado de leitura\" \/>\n\t<meta name=\"twitter:data1\" content=\"3 minutos\" \/>\n<script type=\"application\/ld+json\" class=\"yoast-schema-graph\">{\"@context\":\"https:\\\/\\\/schema.org\",\"@graph\":[{\"@type\":\"WebPage\",\"@id\":\"https:\\\/\\\/lovme.pt\\\/index.php\\\/produto\\\/andropeyronie-correcao-da-curvatura-do-penis\\\/\",\"url\":\"https:\\\/\\\/lovme.pt\\\/index.php\\\/produto\\\/andropeyronie-correcao-da-curvatura-do-penis\\\/\",\"name\":\"ANDROPEYRONIE - CORRE\u00c7\u00c3O DA CURVATURA DO P\u00caNIS - Lovme\",\"isPartOf\":{\"@id\":\"https:\\\/\\\/lovme.pt\\\/#website\"},\"primaryImageOfPage\":{\"@id\":\"https:\\\/\\\/lovme.pt\\\/index.php\\\/produto\\\/andropeyronie-correcao-da-curvatura-do-penis\\\/#primaryimage\"},\"image\":{\"@id\":\"https:\\\/\\\/lovme.pt\\\/index.php\\\/produto\\\/andropeyronie-correcao-da-curvatura-do-penis\\\/#primaryimage\"},\"thumbnailUrl\":\"https:\\\/\\\/erki24nd3ub.exactdn.com\\\/wp-content\\\/uploads\\\/dream\\\/img\\\/img_82861_cb212000939bffade4f215b8ae228486_1.jpg?strip=all\",\"datePublished\":\"2025-09-30T22:11:23+00:00\",\"dateModified\":\"2026-04-16T21:38:08+00:00\",\"breadcrumb\":{\"@id\":\"https:\\\/\\\/lovme.pt\\\/index.php\\\/produto\\\/andropeyronie-correcao-da-curvatura-do-penis\\\/#breadcrumb\"},\"inLanguage\":\"pt-PT\",\"potentialAction\":[{\"@type\":\"ReadAction\",\"target\":[\"https:\\\/\\\/lovme.pt\\\/index.php\\\/produto\\\/andropeyronie-correcao-da-curvatura-do-penis\\\/\"]}]},{\"@type\":\"ImageObject\",\"inLanguage\":\"pt-PT\",\"@id\":\"https:\\\/\\\/lovme.pt\\\/index.php\\\/produto\\\/andropeyronie-correcao-da-curvatura-do-penis\\\/#primaryimage\",\"url\":\"https:\\\/\\\/erki24nd3ub.exactdn.com\\\/wp-content\\\/uploads\\\/dream\\\/img\\\/img_82861_cb212000939bffade4f215b8ae228486_1.jpg?strip=all\",\"contentUrl\":\"https:\\\/\\\/erki24nd3ub.exactdn.com\\\/wp-content\\\/uploads\\\/dream\\\/img\\\/img_82861_cb212000939bffade4f215b8ae228486_1.jpg?strip=all\",\"width\":900,\"height\":900},{\"@type\":\"BreadcrumbList\",\"@id\":\"https:\\\/\\\/lovme.pt\\\/index.php\\\/produto\\\/andropeyronie-correcao-da-curvatura-do-penis\\\/#breadcrumb\",\"itemListElement\":[{\"@type\":\"ListItem\",\"position\":1,\"name\":\"In\u00edcio\",\"item\":\"https:\\\/\\\/lovme.pt\\\/\"},{\"@type\":\"ListItem\",\"position\":2,\"name\":\"Loja\",\"item\":\"https:\\\/\\\/lovme.pt\\\/index.php\\\/loja\\\/\"},{\"@type\":\"ListItem\",\"position\":3,\"name\":\"ANDROPEYRONIE &#8211; CORRE\u00c7\u00c3O DA CURVATURA DO P\u00caNIS\"}]},{\"@type\":\"WebSite\",\"@id\":\"https:\\\/\\\/lovme.pt\\\/#website\",\"url\":\"https:\\\/\\\/lovme.pt\\\/\",\"name\":\"Lovme Loja Er\u00f3tica N\u00ba1 em Portugal\",\"description\":\"A melhor loja er\u00f3tica de Portugal.\",\"alternateName\":\"Loja Er\u00f3tica Lovme\",\"potentialAction\":[{\"@type\":\"SearchAction\",\"target\":{\"@type\":\"EntryPoint\",\"urlTemplate\":\"https:\\\/\\\/lovme.pt\\\/?s={search_term_string}\"},\"query-input\":{\"@type\":\"PropertyValueSpecification\",\"valueRequired\":true,\"valueName\":\"search_term_string\"}}],\"inLanguage\":\"pt-PT\"}]}<\/script>\n<!-- \/ Yoast SEO plugin. -->","yoast_head_json":{"title":"ANDROPEYRONIE - CORRE\u00c7\u00c3O DA CURVATURA DO P\u00caNIS - Lovme","robots":{"index":"index","follow":"follow","max-snippet":"max-snippet:-1","max-image-preview":"max-image-preview:large","max-video-preview":"max-video-preview:-1"},"canonical":"https:\/\/lovme.pt\/index.php\/produto\/andropeyronie-correcao-da-curvatura-do-penis\/","og_locale":"pt_PT","og_type":"article","og_title":"ANDROPEYRONIE - CORRE\u00c7\u00c3O DA CURVATURA DO P\u00caNIS - Lovme","og_description":"EMBALAGEM DISPON\u00cdVEL EM: \/es\/en\/fr\/de\/nl\/dk\/it\/se\/ru\/jp\/ar\/","og_url":"https:\/\/lovme.pt\/index.php\/produto\/andropeyronie-correcao-da-curvatura-do-penis\/","og_site_name":"Lovme","article_modified_time":"2026-04-16T21:38:08+00:00","og_image":[{"width":900,"height":900,"url":"https:\/\/erki24nd3ub.exactdn.com\/wp-content\/uploads\/dream\/img\/img_82861_cb212000939bffade4f215b8ae228486_1.jpg?strip=all","type":"image\/jpeg"}],"twitter_card":"summary_large_image","twitter_misc":{"Tempo estimado de leitura":"3 minutos"},"schema":{"@context":"https:\/\/schema.org","@graph":[{"@type":"WebPage","@id":"https:\/\/lovme.pt\/index.php\/produto\/andropeyronie-correcao-da-curvatura-do-penis\/","url":"https:\/\/lovme.pt\/index.php\/produto\/andropeyronie-correcao-da-curvatura-do-penis\/","name":"ANDROPEYRONIE - CORRE\u00c7\u00c3O DA CURVATURA DO P\u00caNIS - Lovme","isPartOf":{"@id":"https:\/\/lovme.pt\/#website"},"primaryImageOfPage":{"@id":"https:\/\/lovme.pt\/index.php\/produto\/andropeyronie-correcao-da-curvatura-do-penis\/#primaryimage"},"image":{"@id":"https:\/\/lovme.pt\/index.php\/produto\/andropeyronie-correcao-da-curvatura-do-penis\/#primaryimage"},"thumbnailUrl":"https:\/\/erki24nd3ub.exactdn.com\/wp-content\/uploads\/dream\/img\/img_82861_cb212000939bffade4f215b8ae228486_1.jpg?strip=all","datePublished":"2025-09-30T22:11:23+00:00","dateModified":"2026-04-16T21:38:08+00:00","breadcrumb":{"@id":"https:\/\/lovme.pt\/index.php\/produto\/andropeyronie-correcao-da-curvatura-do-penis\/#breadcrumb"},"inLanguage":"pt-PT","potentialAction":[{"@type":"ReadAction","target":["https:\/\/lovme.pt\/index.php\/produto\/andropeyronie-correcao-da-curvatura-do-penis\/"]}]},{"@type":"ImageObject","inLanguage":"pt-PT","@id":"https:\/\/lovme.pt\/index.php\/produto\/andropeyronie-correcao-da-curvatura-do-penis\/#primaryimage","url":"https:\/\/erki24nd3ub.exactdn.com\/wp-content\/uploads\/dream\/img\/img_82861_cb212000939bffade4f215b8ae228486_1.jpg?strip=all","contentUrl":"https:\/\/erki24nd3ub.exactdn.com\/wp-content\/uploads\/dream\/img\/img_82861_cb212000939bffade4f215b8ae228486_1.jpg?strip=all","width":900,"height":900},{"@type":"BreadcrumbList","@id":"https:\/\/lovme.pt\/index.php\/produto\/andropeyronie-correcao-da-curvatura-do-penis\/#breadcrumb","itemListElement":[{"@type":"ListItem","position":1,"name":"In\u00edcio","item":"https:\/\/lovme.pt\/"},{"@type":"ListItem","position":2,"name":"Loja","item":"https:\/\/lovme.pt\/index.php\/loja\/"},{"@type":"ListItem","position":3,"name":"ANDROPEYRONIE &#8211; CORRE\u00c7\u00c3O DA CURVATURA DO P\u00caNIS"}]},{"@type":"WebSite","@id":"https:\/\/lovme.pt\/#website","url":"https:\/\/lovme.pt\/","name":"Lovme Loja Er\u00f3tica N\u00ba1 em Portugal","description":"A melhor loja er\u00f3tica de Portugal.","alternateName":"Loja Er\u00f3tica Lovme","potentialAction":[{"@type":"SearchAction","target":{"@type":"EntryPoint","urlTemplate":"https:\/\/lovme.pt\/?s={search_term_string}"},"query-input":{"@type":"PropertyValueSpecification","valueRequired":true,"valueName":"search_term_string"}}],"inLanguage":"pt-PT"}]}},"_links":{"self":[{"href":"https:\/\/lovme.pt\/index.php\/wp-json\/wp\/v2\/product\/10864","targetHints":{"allow":["GET"]}}],"collection":[{"href":"https:\/\/lovme.pt\/index.php\/wp-json\/wp\/v2\/product"}],"about":[{"href":"https:\/\/lovme.pt\/index.php\/wp-json\/wp\/v2\/types\/product"}],"wp:featuredmedia":[{"embeddable":true,"href":"https:\/\/lovme.pt\/index.php\/wp-json\/wp\/v2\/media\/74853"}],"wp:attachment":[{"href":"https:\/\/lovme.pt\/index.php\/wp-json\/wp\/v2\/media?parent=10864"}],"wp:term":[{"taxonomy":"product_brand","embeddable":true,"href":"https:\/\/lovme.pt\/index.php\/wp-json\/wp\/v2\/product_brand?post=10864"},{"taxonomy":"product_cat","embeddable":true,"href":"https:\/\/lovme.pt\/index.php\/wp-json\/wp\/v2\/product_cat?post=10864"},{"taxonomy":"product_tag","embeddable":true,"href":"https:\/\/lovme.pt\/index.php\/wp-json\/wp\/v2\/product_tag?post=10864"}],"curies":[{"name":"wp","href":"https:\/\/api.w.org\/{rel}","templated":true}]}}