{"id":107439,"date":"2026-02-19T20:20:36","date_gmt":"2026-02-19T20:20:36","guid":{"rendered":"https:\/\/lovme.pt\/?post_type=product&p=107439"},"modified":"2026-02-20T04:01:50","modified_gmt":"2026-02-20T04:01:50","slug":"hot-twilight-pheromone-natural-mulheres-50-ml","status":"publish","type":"product","link":"https:\/\/lovme.pt\/index.php\/produto\/hot-twilight-pheromone-natural-mulheres-50-ml\/","title":{"rendered":"HOT &#8211; TWILIGHT PHEROMONE NATURAL MULHERES 50 ML"},"content":{"rendered":"<div class=\"product-description\">\n<p>Experimente o poder sutil desta linha de sprays de ferom\u00f4nios naturais, desenvolvida especificamente para mulheres, para real\u00e7ar o charme pessoal de forma impercept\u00edvel, por\u00e9m altamente eficaz.<\/p>\n<p>Diferentemente dos perfumes tradicionais, este spray \u00e9 completamente neutro e inodoro. Isso o torna a escolha perfeita para quem prefere n\u00e3o adicionar fragr\u00e2ncia ou para quem deseja combinar ferom\u00f4nios com seu perfume favorito sem alterar seu perfil. A f\u00f3rmula utiliza ferom\u00f4nios como sinais bioqu\u00edmicos naturais para comunica\u00e7\u00e3o e atra\u00e7\u00e3o.<\/p>\n<p>Mergulhe no mundo dos atrativos biol\u00f3gicos e descubra uma nova dimens\u00e3o da sedu\u00e7\u00e3o. Com este spray da linha natural, voc\u00ea deixar\u00e1 uma impress\u00e3o duradoura e desfrutar\u00e1 de uma aura de desejo e sensualidade magn\u00e9tica.<\/p>\n<p><strong><u>CARACTER\u00cdSTICAS<\/u><\/strong><\/p>\n<ul>\n<li><strong>Sem fragr\u00e2ncia:<\/strong> Completamente inodoro, ideal para uso discreto ou para combinar com seu pr\u00f3prio perfume.<\/li>\n<li><strong>Feito sob medida para mulheres:<\/strong> Formulado para funcionar em harmonia com a qu\u00edmica do corpo feminino.<\/li>\n<li><strong>Com Ferom\u00f4nios:<\/strong> Integrado para potencializar o carisma natural e os sinais de atra\u00e7\u00e3o.<\/li>\n<li><strong>Aplica\u00e7\u00e3o discreta:<\/strong> Proporciona uma melhoria sutil que funciona sem ser notada.<\/li>\n<li><strong>Volume:<\/strong> 50ml \/ 1,7 fl.oz.<\/li>\n<\/ul>\n<p><strong><u>INGREDIENTES<\/u><\/strong><\/p>\n<p>\u00c1lcool desnaturado, \u00e1gua, ferom\u00f4nio.<\/p>\n<\/div>\n","protected":false},"excerpt":{"rendered":"<p>HOT &#8211; TWILIGHT PHEROMONE NATURAL MULHERES 50 ML<\/p>\n","protected":false},"featured_media":107440,"template":"","meta":{"_acf_changed":false},"product_brand":[],"product_cat":[49,88],"product_tag":[],"class_list":{"0":"post-107439","1":"product","2":"type-product","3":"status-publish","4":"has-post-thumbnail","6":"product_cat-cosmeticos","7":"product_cat-novidades","8":"yith_product_brand-hot","10":"first","11":"instock","12":"taxable","13":"shipping-taxable","14":"purchasable","15":"product-type-simple"},"acf":[],"yoast_head":"<!-- This site is optimized with the Yoast SEO plugin v27.3 - https:\/\/yoast.com\/product\/yoast-seo-wordpress\/ -->\n<title>HOT - TWILIGHT PHEROMONE NATURAL MULHERES 50 ML - Lovme<\/title>\n<meta name=\"robots\" content=\"index, follow, max-snippet:-1, max-image-preview:large, max-video-preview:-1\" \/>\n<link rel=\"canonical\" href=\"https:\/\/lovme.pt\/index.php\/produto\/hot-twilight-pheromone-natural-mulheres-50-ml\/\" \/>\n<meta property=\"og:locale\" content=\"pt_PT\" \/>\n<meta property=\"og:type\" content=\"article\" \/>\n<meta property=\"og:title\" content=\"HOT - TWILIGHT PHEROMONE NATURAL MULHERES 50 ML - Lovme\" \/>\n<meta property=\"og:description\" content=\"HOT - TWILIGHT PHEROMONE NATURAL MULHERES 50 ML\" \/>\n<meta property=\"og:url\" content=\"https:\/\/lovme.pt\/index.php\/produto\/hot-twilight-pheromone-natural-mulheres-50-ml\/\" \/>\n<meta property=\"og:site_name\" content=\"Lovme\" \/>\n<meta property=\"article:modified_time\" content=\"2026-02-20T04:01:50+00:00\" \/>\n<meta property=\"og:image\" content=\"https:\/\/erki24nd3ub.exactdn.com\/wp-content\/uploads\/dream\/img\/img_220846_b9b3bb0d61562f7071ca41103c156aa6_1.jpg?strip=all\" \/>\n\t<meta property=\"og:image:width\" content=\"900\" \/>\n\t<meta property=\"og:image:height\" content=\"900\" \/>\n\t<meta property=\"og:image:type\" content=\"image\/jpeg\" \/>\n<meta name=\"twitter:card\" content=\"summary_large_image\" \/>\n<meta name=\"twitter:label1\" content=\"Tempo estimado de leitura\" \/>\n\t<meta name=\"twitter:data1\" content=\"1 minuto\" \/>\n<script type=\"application\/ld+json\" class=\"yoast-schema-graph\">{\"@context\":\"https:\\\/\\\/schema.org\",\"@graph\":[{\"@type\":\"WebPage\",\"@id\":\"https:\\\/\\\/lovme.pt\\\/index.php\\\/produto\\\/hot-twilight-pheromone-natural-mulheres-50-ml\\\/\",\"url\":\"https:\\\/\\\/lovme.pt\\\/index.php\\\/produto\\\/hot-twilight-pheromone-natural-mulheres-50-ml\\\/\",\"name\":\"HOT - TWILIGHT PHEROMONE NATURAL MULHERES 50 ML - Lovme\",\"isPartOf\":{\"@id\":\"https:\\\/\\\/lovme.pt\\\/#website\"},\"primaryImageOfPage\":{\"@id\":\"https:\\\/\\\/lovme.pt\\\/index.php\\\/produto\\\/hot-twilight-pheromone-natural-mulheres-50-ml\\\/#primaryimage\"},\"image\":{\"@id\":\"https:\\\/\\\/lovme.pt\\\/index.php\\\/produto\\\/hot-twilight-pheromone-natural-mulheres-50-ml\\\/#primaryimage\"},\"thumbnailUrl\":\"https:\\\/\\\/erki24nd3ub.exactdn.com\\\/wp-content\\\/uploads\\\/dream\\\/img\\\/img_220846_b9b3bb0d61562f7071ca41103c156aa6_1.jpg?strip=all\",\"datePublished\":\"2026-02-19T20:20:36+00:00\",\"dateModified\":\"2026-02-20T04:01:50+00:00\",\"breadcrumb\":{\"@id\":\"https:\\\/\\\/lovme.pt\\\/index.php\\\/produto\\\/hot-twilight-pheromone-natural-mulheres-50-ml\\\/#breadcrumb\"},\"inLanguage\":\"pt-PT\",\"potentialAction\":[{\"@type\":\"ReadAction\",\"target\":[\"https:\\\/\\\/lovme.pt\\\/index.php\\\/produto\\\/hot-twilight-pheromone-natural-mulheres-50-ml\\\/\"]}]},{\"@type\":\"ImageObject\",\"inLanguage\":\"pt-PT\",\"@id\":\"https:\\\/\\\/lovme.pt\\\/index.php\\\/produto\\\/hot-twilight-pheromone-natural-mulheres-50-ml\\\/#primaryimage\",\"url\":\"https:\\\/\\\/erki24nd3ub.exactdn.com\\\/wp-content\\\/uploads\\\/dream\\\/img\\\/img_220846_b9b3bb0d61562f7071ca41103c156aa6_1.jpg?strip=all\",\"contentUrl\":\"https:\\\/\\\/erki24nd3ub.exactdn.com\\\/wp-content\\\/uploads\\\/dream\\\/img\\\/img_220846_b9b3bb0d61562f7071ca41103c156aa6_1.jpg?strip=all\",\"width\":900,\"height\":900},{\"@type\":\"BreadcrumbList\",\"@id\":\"https:\\\/\\\/lovme.pt\\\/index.php\\\/produto\\\/hot-twilight-pheromone-natural-mulheres-50-ml\\\/#breadcrumb\",\"itemListElement\":[{\"@type\":\"ListItem\",\"position\":1,\"name\":\"In\u00edcio\",\"item\":\"https:\\\/\\\/lovme.pt\\\/\"},{\"@type\":\"ListItem\",\"position\":2,\"name\":\"Loja\",\"item\":\"https:\\\/\\\/lovme.pt\\\/index.php\\\/loja\\\/\"},{\"@type\":\"ListItem\",\"position\":3,\"name\":\"HOT &#8211; TWILIGHT PHEROMONE NATURAL MULHERES 50 ML\"}]},{\"@type\":\"WebSite\",\"@id\":\"https:\\\/\\\/lovme.pt\\\/#website\",\"url\":\"https:\\\/\\\/lovme.pt\\\/\",\"name\":\"Lovme Loja Er\u00f3tica N\u00ba1 em Portugal\",\"description\":\"A melhor loja er\u00f3tica de Portugal.\",\"alternateName\":\"Loja Er\u00f3tica Lovme\",\"potentialAction\":[{\"@type\":\"SearchAction\",\"target\":{\"@type\":\"EntryPoint\",\"urlTemplate\":\"https:\\\/\\\/lovme.pt\\\/?s={search_term_string}\"},\"query-input\":{\"@type\":\"PropertyValueSpecification\",\"valueRequired\":true,\"valueName\":\"search_term_string\"}}],\"inLanguage\":\"pt-PT\"}]}<\/script>\n<!-- \/ Yoast SEO plugin. -->","yoast_head_json":{"title":"HOT - TWILIGHT PHEROMONE NATURAL MULHERES 50 ML - Lovme","robots":{"index":"index","follow":"follow","max-snippet":"max-snippet:-1","max-image-preview":"max-image-preview:large","max-video-preview":"max-video-preview:-1"},"canonical":"https:\/\/lovme.pt\/index.php\/produto\/hot-twilight-pheromone-natural-mulheres-50-ml\/","og_locale":"pt_PT","og_type":"article","og_title":"HOT - TWILIGHT PHEROMONE NATURAL MULHERES 50 ML - Lovme","og_description":"HOT - TWILIGHT PHEROMONE NATURAL MULHERES 50 ML","og_url":"https:\/\/lovme.pt\/index.php\/produto\/hot-twilight-pheromone-natural-mulheres-50-ml\/","og_site_name":"Lovme","article_modified_time":"2026-02-20T04:01:50+00:00","og_image":[{"width":900,"height":900,"url":"https:\/\/erki24nd3ub.exactdn.com\/wp-content\/uploads\/dream\/img\/img_220846_b9b3bb0d61562f7071ca41103c156aa6_1.jpg?strip=all","type":"image\/jpeg"}],"twitter_card":"summary_large_image","twitter_misc":{"Tempo estimado de leitura":"1 minuto"},"schema":{"@context":"https:\/\/schema.org","@graph":[{"@type":"WebPage","@id":"https:\/\/lovme.pt\/index.php\/produto\/hot-twilight-pheromone-natural-mulheres-50-ml\/","url":"https:\/\/lovme.pt\/index.php\/produto\/hot-twilight-pheromone-natural-mulheres-50-ml\/","name":"HOT - TWILIGHT PHEROMONE NATURAL MULHERES 50 ML - Lovme","isPartOf":{"@id":"https:\/\/lovme.pt\/#website"},"primaryImageOfPage":{"@id":"https:\/\/lovme.pt\/index.php\/produto\/hot-twilight-pheromone-natural-mulheres-50-ml\/#primaryimage"},"image":{"@id":"https:\/\/lovme.pt\/index.php\/produto\/hot-twilight-pheromone-natural-mulheres-50-ml\/#primaryimage"},"thumbnailUrl":"https:\/\/erki24nd3ub.exactdn.com\/wp-content\/uploads\/dream\/img\/img_220846_b9b3bb0d61562f7071ca41103c156aa6_1.jpg?strip=all","datePublished":"2026-02-19T20:20:36+00:00","dateModified":"2026-02-20T04:01:50+00:00","breadcrumb":{"@id":"https:\/\/lovme.pt\/index.php\/produto\/hot-twilight-pheromone-natural-mulheres-50-ml\/#breadcrumb"},"inLanguage":"pt-PT","potentialAction":[{"@type":"ReadAction","target":["https:\/\/lovme.pt\/index.php\/produto\/hot-twilight-pheromone-natural-mulheres-50-ml\/"]}]},{"@type":"ImageObject","inLanguage":"pt-PT","@id":"https:\/\/lovme.pt\/index.php\/produto\/hot-twilight-pheromone-natural-mulheres-50-ml\/#primaryimage","url":"https:\/\/erki24nd3ub.exactdn.com\/wp-content\/uploads\/dream\/img\/img_220846_b9b3bb0d61562f7071ca41103c156aa6_1.jpg?strip=all","contentUrl":"https:\/\/erki24nd3ub.exactdn.com\/wp-content\/uploads\/dream\/img\/img_220846_b9b3bb0d61562f7071ca41103c156aa6_1.jpg?strip=all","width":900,"height":900},{"@type":"BreadcrumbList","@id":"https:\/\/lovme.pt\/index.php\/produto\/hot-twilight-pheromone-natural-mulheres-50-ml\/#breadcrumb","itemListElement":[{"@type":"ListItem","position":1,"name":"In\u00edcio","item":"https:\/\/lovme.pt\/"},{"@type":"ListItem","position":2,"name":"Loja","item":"https:\/\/lovme.pt\/index.php\/loja\/"},{"@type":"ListItem","position":3,"name":"HOT &#8211; TWILIGHT PHEROMONE NATURAL MULHERES 50 ML"}]},{"@type":"WebSite","@id":"https:\/\/lovme.pt\/#website","url":"https:\/\/lovme.pt\/","name":"Lovme Loja Er\u00f3tica N\u00ba1 em Portugal","description":"A melhor loja er\u00f3tica de Portugal.","alternateName":"Loja Er\u00f3tica Lovme","potentialAction":[{"@type":"SearchAction","target":{"@type":"EntryPoint","urlTemplate":"https:\/\/lovme.pt\/?s={search_term_string}"},"query-input":{"@type":"PropertyValueSpecification","valueRequired":true,"valueName":"search_term_string"}}],"inLanguage":"pt-PT"}]}},"_links":{"self":[{"href":"https:\/\/lovme.pt\/index.php\/wp-json\/wp\/v2\/product\/107439","targetHints":{"allow":["GET"]}}],"collection":[{"href":"https:\/\/lovme.pt\/index.php\/wp-json\/wp\/v2\/product"}],"about":[{"href":"https:\/\/lovme.pt\/index.php\/wp-json\/wp\/v2\/types\/product"}],"wp:featuredmedia":[{"embeddable":true,"href":"https:\/\/lovme.pt\/index.php\/wp-json\/wp\/v2\/media\/107440"}],"wp:attachment":[{"href":"https:\/\/lovme.pt\/index.php\/wp-json\/wp\/v2\/media?parent=107439"}],"wp:term":[{"taxonomy":"product_brand","embeddable":true,"href":"https:\/\/lovme.pt\/index.php\/wp-json\/wp\/v2\/product_brand?post=107439"},{"taxonomy":"product_cat","embeddable":true,"href":"https:\/\/lovme.pt\/index.php\/wp-json\/wp\/v2\/product_cat?post=107439"},{"taxonomy":"product_tag","embeddable":true,"href":"https:\/\/lovme.pt\/index.php\/wp-json\/wp\/v2\/product_tag?post=107439"}],"curies":[{"name":"wp","href":"https:\/\/api.w.org\/{rel}","templated":true}]}}