{"id":107429,"date":"2026-02-19T20:20:17","date_gmt":"2026-02-19T20:20:17","guid":{"rendered":"https:\/\/lovme.pt\/?post_type=product&p=107429"},"modified":"2026-02-20T04:01:49","modified_gmt":"2026-02-20T04:01:49","slug":"hot-perfume-de-feromonios-dubai-edicao-limitada-masculino-30-ml","status":"publish","type":"product","link":"https:\/\/lovme.pt\/index.php\/produto\/hot-perfume-de-feromonios-dubai-edicao-limitada-masculino-30-ml\/","title":{"rendered":"HOT &#8211; PERFUME DE FEROM\u00d4NIOS DUBAI EDI\u00c7\u00c3O LIMITADA MASCULINO 30 ML"},"content":{"rendered":"<div class=\"product-description\">\n<p>Bem-vindo ao mundo luxuoso desta fragr\u00e2ncia de edi\u00e7\u00e3o limitada, criada para o homem exigente e elegante. Este perfume sensual e sedutor, com ferom\u00f4nios, n\u00e3o \u00e9 apenas uma fragr\u00e2ncia, mas uma viagem pelas ruas opulentas e modernas de uma metr\u00f3pole fascinante.<\/p>\n<p>\u00c9 uma composi\u00e7\u00e3o magistral que captura a ess\u00eancia da sofistica\u00e7\u00e3o. As notas de topo frescas e picantes de bergamota, pimenta rosa, g\u00e1lbano e lima despertam os sentidos com uma mistura revigorante de vivacidade. As notas de cora\u00e7\u00e3o de cardamomo, cravo, ang\u00e9lica e cedro proporcionam uma profundidade quente e picante que enfatiza a confian\u00e7a. Por fim, as notas de fundo de \u00e2mbar, alm\u00edscar, ol\u00edbano e madeira guaiac adicionam um toque defumado distinto, conferindo \u00e0 fragr\u00e2ncia uma intensidade profunda.<\/p>\n<p>Enriquecido com ferom\u00f4nios \u2014 atrativos naturais que intensificam a comunica\u00e7\u00e3o bioqu\u00edmica \u2014 este perfume fortalece a atra\u00e7\u00e3o sutil, por\u00e9m poderosa, entre as pessoas. Ele personifica a opul\u00eancia e o estilo de um homem que sabe o que quer, tornando-se o companheiro perfeito para eventos exclusivos e reuni\u00f5es de alto n\u00edvel.<\/p>\n<p><strong><u>CARACTER\u00cdSTICAS<\/u><\/strong><\/p>\n<ul>\n<li><strong>Edi\u00e7\u00e3o Limitada:<\/strong> Uma fragr\u00e2ncia exclusiva criada para evocar luxo e eleg\u00e2ncia moderna.<\/li>\n<li><strong>Enriquecido com ferom\u00f4nios:<\/strong> Formulado para real\u00e7ar o charme natural e o carisma magn\u00e9tico.<\/li>\n<li><strong>Perfil olfativo complexo:<\/strong> Uma mistura sofisticada de c\u00edtricos, especiarias e madeiras nobres.<\/li>\n<li><strong>Sofistica\u00e7\u00e3o Defumada:<\/strong> Notas de base de ol\u00edbano e madeira guaiac para um rastro poderoso e duradouro.<\/li>\n<li><strong>Volume:<\/strong> 30ml \/ 1,0 fl.oz.<\/li>\n<\/ul>\n<p><strong><u>INGREDIENTES<\/u><\/strong><\/p>\n<p>\u00c1lcool Denat, Parfum (Fragr\u00e2ncia), Aqua (\u00c1gua), Limoneno, Linalol, Citronelol, Cumarina, Eugenol, Citral, Geraniol, Cinamalde\u00eddo, Isoeugenol, Ferom\u00f4nio.<\/p>\n<\/div>\n","protected":false},"excerpt":{"rendered":"<p>HOT &#8211; PERFUME DE FEROM\u00d4NIOS DUBAI EDI\u00c7\u00c3O LIMITADA MASCULINO 30 ML<\/p>\n","protected":false},"featured_media":107430,"template":"","meta":{"_acf_changed":false},"product_brand":[],"product_cat":[49,88],"product_tag":[],"class_list":{"0":"post-107429","1":"product","2":"type-product","3":"status-publish","4":"has-post-thumbnail","6":"product_cat-cosmeticos","7":"product_cat-novidades","8":"yith_product_brand-hot","10":"first","11":"instock","12":"taxable","13":"shipping-taxable","14":"purchasable","15":"product-type-simple"},"acf":[],"yoast_head":"<!-- This site is optimized with the Yoast SEO plugin v27.4 - https:\/\/yoast.com\/product\/yoast-seo-wordpress\/ -->\n<title>HOT - PERFUME DE FEROM\u00d4NIOS DUBAI EDI\u00c7\u00c3O LIMITADA MASCULINO 30 ML - Lovme<\/title>\n<meta name=\"robots\" content=\"index, follow, max-snippet:-1, max-image-preview:large, max-video-preview:-1\" \/>\n<link rel=\"canonical\" href=\"https:\/\/lovme.pt\/index.php\/produto\/hot-perfume-de-feromonios-dubai-edicao-limitada-masculino-30-ml\/\" \/>\n<meta property=\"og:locale\" content=\"pt_PT\" \/>\n<meta property=\"og:type\" content=\"article\" \/>\n<meta property=\"og:title\" content=\"HOT - PERFUME DE FEROM\u00d4NIOS DUBAI EDI\u00c7\u00c3O LIMITADA MASCULINO 30 ML - Lovme\" \/>\n<meta property=\"og:description\" content=\"HOT - PERFUME DE FEROM\u00d4NIOS DUBAI EDI\u00c7\u00c3O LIMITADA MASCULINO 30 ML\" \/>\n<meta property=\"og:url\" content=\"https:\/\/lovme.pt\/index.php\/produto\/hot-perfume-de-feromonios-dubai-edicao-limitada-masculino-30-ml\/\" \/>\n<meta property=\"og:site_name\" content=\"Lovme\" \/>\n<meta property=\"article:modified_time\" content=\"2026-02-20T04:01:49+00:00\" \/>\n<meta property=\"og:image\" content=\"https:\/\/erki24nd3ub.exactdn.com\/wp-content\/uploads\/dream\/img\/img_220878_927c2bf2f6582aa7ef96bd0254f51569_1.jpg?strip=all\" \/>\n\t<meta property=\"og:image:width\" content=\"900\" \/>\n\t<meta property=\"og:image:height\" content=\"900\" \/>\n\t<meta property=\"og:image:type\" content=\"image\/jpeg\" \/>\n<meta name=\"twitter:card\" content=\"summary_large_image\" \/>\n<meta name=\"twitter:label1\" content=\"Tempo estimado de leitura\" \/>\n\t<meta name=\"twitter:data1\" content=\"1 minuto\" \/>\n<script type=\"application\/ld+json\" class=\"yoast-schema-graph\">{\"@context\":\"https:\\\/\\\/schema.org\",\"@graph\":[{\"@type\":\"WebPage\",\"@id\":\"https:\\\/\\\/lovme.pt\\\/index.php\\\/produto\\\/hot-perfume-de-feromonios-dubai-edicao-limitada-masculino-30-ml\\\/\",\"url\":\"https:\\\/\\\/lovme.pt\\\/index.php\\\/produto\\\/hot-perfume-de-feromonios-dubai-edicao-limitada-masculino-30-ml\\\/\",\"name\":\"HOT - PERFUME DE FEROM\u00d4NIOS DUBAI EDI\u00c7\u00c3O LIMITADA MASCULINO 30 ML - Lovme\",\"isPartOf\":{\"@id\":\"https:\\\/\\\/lovme.pt\\\/#website\"},\"primaryImageOfPage\":{\"@id\":\"https:\\\/\\\/lovme.pt\\\/index.php\\\/produto\\\/hot-perfume-de-feromonios-dubai-edicao-limitada-masculino-30-ml\\\/#primaryimage\"},\"image\":{\"@id\":\"https:\\\/\\\/lovme.pt\\\/index.php\\\/produto\\\/hot-perfume-de-feromonios-dubai-edicao-limitada-masculino-30-ml\\\/#primaryimage\"},\"thumbnailUrl\":\"https:\\\/\\\/erki24nd3ub.exactdn.com\\\/wp-content\\\/uploads\\\/dream\\\/img\\\/img_220878_927c2bf2f6582aa7ef96bd0254f51569_1.jpg?strip=all\",\"datePublished\":\"2026-02-19T20:20:17+00:00\",\"dateModified\":\"2026-02-20T04:01:49+00:00\",\"breadcrumb\":{\"@id\":\"https:\\\/\\\/lovme.pt\\\/index.php\\\/produto\\\/hot-perfume-de-feromonios-dubai-edicao-limitada-masculino-30-ml\\\/#breadcrumb\"},\"inLanguage\":\"pt-PT\",\"potentialAction\":[{\"@type\":\"ReadAction\",\"target\":[\"https:\\\/\\\/lovme.pt\\\/index.php\\\/produto\\\/hot-perfume-de-feromonios-dubai-edicao-limitada-masculino-30-ml\\\/\"]}]},{\"@type\":\"ImageObject\",\"inLanguage\":\"pt-PT\",\"@id\":\"https:\\\/\\\/lovme.pt\\\/index.php\\\/produto\\\/hot-perfume-de-feromonios-dubai-edicao-limitada-masculino-30-ml\\\/#primaryimage\",\"url\":\"https:\\\/\\\/erki24nd3ub.exactdn.com\\\/wp-content\\\/uploads\\\/dream\\\/img\\\/img_220878_927c2bf2f6582aa7ef96bd0254f51569_1.jpg?strip=all\",\"contentUrl\":\"https:\\\/\\\/erki24nd3ub.exactdn.com\\\/wp-content\\\/uploads\\\/dream\\\/img\\\/img_220878_927c2bf2f6582aa7ef96bd0254f51569_1.jpg?strip=all\",\"width\":900,\"height\":900},{\"@type\":\"BreadcrumbList\",\"@id\":\"https:\\\/\\\/lovme.pt\\\/index.php\\\/produto\\\/hot-perfume-de-feromonios-dubai-edicao-limitada-masculino-30-ml\\\/#breadcrumb\",\"itemListElement\":[{\"@type\":\"ListItem\",\"position\":1,\"name\":\"In\u00edcio\",\"item\":\"https:\\\/\\\/lovme.pt\\\/\"},{\"@type\":\"ListItem\",\"position\":2,\"name\":\"Loja\",\"item\":\"https:\\\/\\\/lovme.pt\\\/index.php\\\/loja\\\/\"},{\"@type\":\"ListItem\",\"position\":3,\"name\":\"HOT &#8211; PERFUME DE FEROM\u00d4NIOS DUBAI EDI\u00c7\u00c3O LIMITADA MASCULINO 30 ML\"}]},{\"@type\":\"WebSite\",\"@id\":\"https:\\\/\\\/lovme.pt\\\/#website\",\"url\":\"https:\\\/\\\/lovme.pt\\\/\",\"name\":\"Lovme Loja Er\u00f3tica N\u00ba1 em Portugal\",\"description\":\"A melhor loja er\u00f3tica de Portugal.\",\"alternateName\":\"Loja Er\u00f3tica Lovme\",\"potentialAction\":[{\"@type\":\"SearchAction\",\"target\":{\"@type\":\"EntryPoint\",\"urlTemplate\":\"https:\\\/\\\/lovme.pt\\\/?s={search_term_string}\"},\"query-input\":{\"@type\":\"PropertyValueSpecification\",\"valueRequired\":true,\"valueName\":\"search_term_string\"}}],\"inLanguage\":\"pt-PT\"}]}<\/script>\n<!-- \/ Yoast SEO plugin. -->","yoast_head_json":{"title":"HOT - PERFUME DE FEROM\u00d4NIOS DUBAI EDI\u00c7\u00c3O LIMITADA MASCULINO 30 ML - Lovme","robots":{"index":"index","follow":"follow","max-snippet":"max-snippet:-1","max-image-preview":"max-image-preview:large","max-video-preview":"max-video-preview:-1"},"canonical":"https:\/\/lovme.pt\/index.php\/produto\/hot-perfume-de-feromonios-dubai-edicao-limitada-masculino-30-ml\/","og_locale":"pt_PT","og_type":"article","og_title":"HOT - PERFUME DE FEROM\u00d4NIOS DUBAI EDI\u00c7\u00c3O LIMITADA MASCULINO 30 ML - Lovme","og_description":"HOT - PERFUME DE FEROM\u00d4NIOS DUBAI EDI\u00c7\u00c3O LIMITADA MASCULINO 30 ML","og_url":"https:\/\/lovme.pt\/index.php\/produto\/hot-perfume-de-feromonios-dubai-edicao-limitada-masculino-30-ml\/","og_site_name":"Lovme","article_modified_time":"2026-02-20T04:01:49+00:00","og_image":[{"width":900,"height":900,"url":"https:\/\/erki24nd3ub.exactdn.com\/wp-content\/uploads\/dream\/img\/img_220878_927c2bf2f6582aa7ef96bd0254f51569_1.jpg?strip=all","type":"image\/jpeg"}],"twitter_card":"summary_large_image","twitter_misc":{"Tempo estimado de leitura":"1 minuto"},"schema":{"@context":"https:\/\/schema.org","@graph":[{"@type":"WebPage","@id":"https:\/\/lovme.pt\/index.php\/produto\/hot-perfume-de-feromonios-dubai-edicao-limitada-masculino-30-ml\/","url":"https:\/\/lovme.pt\/index.php\/produto\/hot-perfume-de-feromonios-dubai-edicao-limitada-masculino-30-ml\/","name":"HOT - PERFUME DE FEROM\u00d4NIOS DUBAI EDI\u00c7\u00c3O LIMITADA MASCULINO 30 ML - Lovme","isPartOf":{"@id":"https:\/\/lovme.pt\/#website"},"primaryImageOfPage":{"@id":"https:\/\/lovme.pt\/index.php\/produto\/hot-perfume-de-feromonios-dubai-edicao-limitada-masculino-30-ml\/#primaryimage"},"image":{"@id":"https:\/\/lovme.pt\/index.php\/produto\/hot-perfume-de-feromonios-dubai-edicao-limitada-masculino-30-ml\/#primaryimage"},"thumbnailUrl":"https:\/\/erki24nd3ub.exactdn.com\/wp-content\/uploads\/dream\/img\/img_220878_927c2bf2f6582aa7ef96bd0254f51569_1.jpg?strip=all","datePublished":"2026-02-19T20:20:17+00:00","dateModified":"2026-02-20T04:01:49+00:00","breadcrumb":{"@id":"https:\/\/lovme.pt\/index.php\/produto\/hot-perfume-de-feromonios-dubai-edicao-limitada-masculino-30-ml\/#breadcrumb"},"inLanguage":"pt-PT","potentialAction":[{"@type":"ReadAction","target":["https:\/\/lovme.pt\/index.php\/produto\/hot-perfume-de-feromonios-dubai-edicao-limitada-masculino-30-ml\/"]}]},{"@type":"ImageObject","inLanguage":"pt-PT","@id":"https:\/\/lovme.pt\/index.php\/produto\/hot-perfume-de-feromonios-dubai-edicao-limitada-masculino-30-ml\/#primaryimage","url":"https:\/\/erki24nd3ub.exactdn.com\/wp-content\/uploads\/dream\/img\/img_220878_927c2bf2f6582aa7ef96bd0254f51569_1.jpg?strip=all","contentUrl":"https:\/\/erki24nd3ub.exactdn.com\/wp-content\/uploads\/dream\/img\/img_220878_927c2bf2f6582aa7ef96bd0254f51569_1.jpg?strip=all","width":900,"height":900},{"@type":"BreadcrumbList","@id":"https:\/\/lovme.pt\/index.php\/produto\/hot-perfume-de-feromonios-dubai-edicao-limitada-masculino-30-ml\/#breadcrumb","itemListElement":[{"@type":"ListItem","position":1,"name":"In\u00edcio","item":"https:\/\/lovme.pt\/"},{"@type":"ListItem","position":2,"name":"Loja","item":"https:\/\/lovme.pt\/index.php\/loja\/"},{"@type":"ListItem","position":3,"name":"HOT &#8211; PERFUME DE FEROM\u00d4NIOS DUBAI EDI\u00c7\u00c3O LIMITADA MASCULINO 30 ML"}]},{"@type":"WebSite","@id":"https:\/\/lovme.pt\/#website","url":"https:\/\/lovme.pt\/","name":"Lovme Loja Er\u00f3tica N\u00ba1 em Portugal","description":"A melhor loja er\u00f3tica de Portugal.","alternateName":"Loja Er\u00f3tica Lovme","potentialAction":[{"@type":"SearchAction","target":{"@type":"EntryPoint","urlTemplate":"https:\/\/lovme.pt\/?s={search_term_string}"},"query-input":{"@type":"PropertyValueSpecification","valueRequired":true,"valueName":"search_term_string"}}],"inLanguage":"pt-PT"}]}},"_links":{"self":[{"href":"https:\/\/lovme.pt\/index.php\/wp-json\/wp\/v2\/product\/107429","targetHints":{"allow":["GET"]}}],"collection":[{"href":"https:\/\/lovme.pt\/index.php\/wp-json\/wp\/v2\/product"}],"about":[{"href":"https:\/\/lovme.pt\/index.php\/wp-json\/wp\/v2\/types\/product"}],"wp:featuredmedia":[{"embeddable":true,"href":"https:\/\/lovme.pt\/index.php\/wp-json\/wp\/v2\/media\/107430"}],"wp:attachment":[{"href":"https:\/\/lovme.pt\/index.php\/wp-json\/wp\/v2\/media?parent=107429"}],"wp:term":[{"taxonomy":"product_brand","embeddable":true,"href":"https:\/\/lovme.pt\/index.php\/wp-json\/wp\/v2\/product_brand?post=107429"},{"taxonomy":"product_cat","embeddable":true,"href":"https:\/\/lovme.pt\/index.php\/wp-json\/wp\/v2\/product_cat?post=107429"},{"taxonomy":"product_tag","embeddable":true,"href":"https:\/\/lovme.pt\/index.php\/wp-json\/wp\/v2\/product_tag?post=107429"}],"curies":[{"name":"wp","href":"https:\/\/api.w.org\/{rel}","templated":true}]}}