{"id":107417,"date":"2026-02-19T20:20:00","date_gmt":"2026-02-19T20:20:00","guid":{"rendered":"https:\/\/lovme.pt\/?post_type=product&p=107417"},"modified":"2026-02-20T04:01:49","modified_gmt":"2026-02-20T04:01:49","slug":"hot-perfume-de-feromonios-miami-spicy-man-30-ml","status":"publish","type":"product","link":"https:\/\/lovme.pt\/index.php\/produto\/hot-perfume-de-feromonios-miami-spicy-man-30-ml\/","title":{"rendered":"HOT &#8211; PERFUME DE FEROM\u00d4NIOS MIAMI SPICY MAN 30 ML"},"content":{"rendered":"<div class=\"product-description\">\n<p>Bem-vindo ao mundo fascinante de uma fragr\u00e2ncia criada para o homem din\u00e2mico e aventureiro. Este perfume sensual e sedutor, \u00e0 base de ferom\u00f4nios, n\u00e3o \u00e9 apenas um aroma, mas uma viagem \u00e0 atmosfera vibrante e pulsante de uma metr\u00f3pole tropical.<\/p>\n<p>Esta composi\u00e7\u00e3o magistral captura a ess\u00eancia da aventura moderna. Notas de topo frescas de toranja e acordes marinhos despertam os sentidos com um toque revigorante de vitalidade. As notas de cora\u00e7\u00e3o de louro e jasmim proporcionam uma profundidade picante e elegante que aumenta a confian\u00e7a. Para finalizar, as notas de fundo de madeira guaiac, musgo de carvalho, patchouli e \u00e2mbar adicionam um toque masculino distinto, conferindo \u00e0 fragr\u00e2ncia uma intensidade quente e terrosa.<\/p>\n<p>Enriquecido com ferom\u00f4nios \u2014 atrativos naturais que intensificam a comunica\u00e7\u00e3o bioqu\u00edmica \u2014 este perfume fortalece a atra\u00e7\u00e3o sutil, por\u00e9m poderosa, entre as pessoas. Ele personifica a energia de um homem que aproveita a vida ao m\u00e1ximo, das praias vibrantes \u00e0 agitada vida noturna.<\/p>\n<p><strong><u>CARACTER\u00cdSTICAS<\/u><\/strong><\/p>\n<ul>\n<li><strong>Perfil olfativo din\u00e2mico:<\/strong> Uma mistura refrescante de notas marinhas e c\u00edtricas com um toque picante.<\/li>\n<li><strong>Enriquecido com ferom\u00f4nios:<\/strong> Formulado para aumentar o charme pessoal e o carisma magn\u00e9tico natural.<\/li>\n<li><strong>Masculinidade Moderna:<\/strong> Uma base amadeirada de guaiaco e \u00e2mbar que projeta uma intensidade calorosa.<\/li>\n<li><strong>Aura Aventureira:<\/strong> Projetada para o homem que busca energia e confian\u00e7a em todos os ambientes.<\/li>\n<li><strong>Volume:<\/strong> 30ml \/ 1,0 fl.oz.<\/li>\n<\/ul>\n<p><strong><u>INGREDIENTES<\/u><\/strong><\/p>\n<p>\u00c1lcool desnaturado, perfume (fragr\u00e2ncia), \u00e1gua, salicilato de benzila, limonenos, linalol, cumarina, citronel\u00f3is, geraniol, alfa-isometil ionona, citral, eugenol, cinamalde\u00eddo, \u00e1lcool benz\u00edlico, benzoato de benzila, isoeugenol, ferom\u00f4nio.<\/p>\n<\/div>\n","protected":false},"excerpt":{"rendered":"<p>HOT &#8211; PERFUME DE FEROM\u00d4NIOS MIAMI SPICY MAN 30 ML<\/p>\n","protected":false},"featured_media":107418,"template":"","meta":{"_acf_changed":false},"product_brand":[],"product_cat":[49,88],"product_tag":[],"class_list":{"0":"post-107417","1":"product","2":"type-product","3":"status-publish","4":"has-post-thumbnail","6":"product_cat-cosmeticos","7":"product_cat-novidades","8":"yith_product_brand-hot","10":"first","11":"instock","12":"taxable","13":"shipping-taxable","14":"purchasable","15":"product-type-simple"},"acf":[],"yoast_head":"<!-- This site is optimized with the Yoast SEO plugin v27.4 - https:\/\/yoast.com\/product\/yoast-seo-wordpress\/ -->\n<title>HOT - PERFUME DE FEROM\u00d4NIOS MIAMI SPICY MAN 30 ML - Lovme<\/title>\n<meta name=\"robots\" content=\"index, follow, max-snippet:-1, max-image-preview:large, max-video-preview:-1\" \/>\n<link rel=\"canonical\" href=\"https:\/\/lovme.pt\/index.php\/produto\/hot-perfume-de-feromonios-miami-spicy-man-30-ml\/\" \/>\n<meta property=\"og:locale\" content=\"pt_PT\" \/>\n<meta property=\"og:type\" content=\"article\" \/>\n<meta property=\"og:title\" content=\"HOT - PERFUME DE FEROM\u00d4NIOS MIAMI SPICY MAN 30 ML - Lovme\" \/>\n<meta property=\"og:description\" content=\"HOT - PERFUME DE FEROM\u00d4NIOS MIAMI SPICY MAN 30 ML\" \/>\n<meta property=\"og:url\" content=\"https:\/\/lovme.pt\/index.php\/produto\/hot-perfume-de-feromonios-miami-spicy-man-30-ml\/\" \/>\n<meta property=\"og:site_name\" content=\"Lovme\" \/>\n<meta property=\"article:modified_time\" content=\"2026-02-20T04:01:49+00:00\" \/>\n<meta property=\"og:image\" content=\"https:\/\/erki24nd3ub.exactdn.com\/wp-content\/uploads\/dream\/img\/img_220866_979894e53be9e0c2fea3a4cf681733aa_1.jpg?strip=all\" \/>\n\t<meta property=\"og:image:width\" content=\"900\" \/>\n\t<meta property=\"og:image:height\" content=\"900\" \/>\n\t<meta property=\"og:image:type\" content=\"image\/jpeg\" \/>\n<meta name=\"twitter:card\" content=\"summary_large_image\" \/>\n<meta name=\"twitter:label1\" content=\"Tempo estimado de leitura\" \/>\n\t<meta name=\"twitter:data1\" content=\"1 minuto\" \/>\n<script type=\"application\/ld+json\" class=\"yoast-schema-graph\">{\"@context\":\"https:\\\/\\\/schema.org\",\"@graph\":[{\"@type\":\"WebPage\",\"@id\":\"https:\\\/\\\/lovme.pt\\\/index.php\\\/produto\\\/hot-perfume-de-feromonios-miami-spicy-man-30-ml\\\/\",\"url\":\"https:\\\/\\\/lovme.pt\\\/index.php\\\/produto\\\/hot-perfume-de-feromonios-miami-spicy-man-30-ml\\\/\",\"name\":\"HOT - PERFUME DE FEROM\u00d4NIOS MIAMI SPICY MAN 30 ML - Lovme\",\"isPartOf\":{\"@id\":\"https:\\\/\\\/lovme.pt\\\/#website\"},\"primaryImageOfPage\":{\"@id\":\"https:\\\/\\\/lovme.pt\\\/index.php\\\/produto\\\/hot-perfume-de-feromonios-miami-spicy-man-30-ml\\\/#primaryimage\"},\"image\":{\"@id\":\"https:\\\/\\\/lovme.pt\\\/index.php\\\/produto\\\/hot-perfume-de-feromonios-miami-spicy-man-30-ml\\\/#primaryimage\"},\"thumbnailUrl\":\"https:\\\/\\\/erki24nd3ub.exactdn.com\\\/wp-content\\\/uploads\\\/dream\\\/img\\\/img_220866_979894e53be9e0c2fea3a4cf681733aa_1.jpg?strip=all\",\"datePublished\":\"2026-02-19T20:20:00+00:00\",\"dateModified\":\"2026-02-20T04:01:49+00:00\",\"breadcrumb\":{\"@id\":\"https:\\\/\\\/lovme.pt\\\/index.php\\\/produto\\\/hot-perfume-de-feromonios-miami-spicy-man-30-ml\\\/#breadcrumb\"},\"inLanguage\":\"pt-PT\",\"potentialAction\":[{\"@type\":\"ReadAction\",\"target\":[\"https:\\\/\\\/lovme.pt\\\/index.php\\\/produto\\\/hot-perfume-de-feromonios-miami-spicy-man-30-ml\\\/\"]}]},{\"@type\":\"ImageObject\",\"inLanguage\":\"pt-PT\",\"@id\":\"https:\\\/\\\/lovme.pt\\\/index.php\\\/produto\\\/hot-perfume-de-feromonios-miami-spicy-man-30-ml\\\/#primaryimage\",\"url\":\"https:\\\/\\\/erki24nd3ub.exactdn.com\\\/wp-content\\\/uploads\\\/dream\\\/img\\\/img_220866_979894e53be9e0c2fea3a4cf681733aa_1.jpg?strip=all\",\"contentUrl\":\"https:\\\/\\\/erki24nd3ub.exactdn.com\\\/wp-content\\\/uploads\\\/dream\\\/img\\\/img_220866_979894e53be9e0c2fea3a4cf681733aa_1.jpg?strip=all\",\"width\":900,\"height\":900},{\"@type\":\"BreadcrumbList\",\"@id\":\"https:\\\/\\\/lovme.pt\\\/index.php\\\/produto\\\/hot-perfume-de-feromonios-miami-spicy-man-30-ml\\\/#breadcrumb\",\"itemListElement\":[{\"@type\":\"ListItem\",\"position\":1,\"name\":\"In\u00edcio\",\"item\":\"https:\\\/\\\/lovme.pt\\\/\"},{\"@type\":\"ListItem\",\"position\":2,\"name\":\"Loja\",\"item\":\"https:\\\/\\\/lovme.pt\\\/index.php\\\/loja\\\/\"},{\"@type\":\"ListItem\",\"position\":3,\"name\":\"HOT &#8211; PERFUME DE FEROM\u00d4NIOS MIAMI SPICY MAN 30 ML\"}]},{\"@type\":\"WebSite\",\"@id\":\"https:\\\/\\\/lovme.pt\\\/#website\",\"url\":\"https:\\\/\\\/lovme.pt\\\/\",\"name\":\"Lovme Loja Er\u00f3tica N\u00ba1 em Portugal\",\"description\":\"A melhor loja er\u00f3tica de Portugal.\",\"alternateName\":\"Loja Er\u00f3tica Lovme\",\"potentialAction\":[{\"@type\":\"SearchAction\",\"target\":{\"@type\":\"EntryPoint\",\"urlTemplate\":\"https:\\\/\\\/lovme.pt\\\/?s={search_term_string}\"},\"query-input\":{\"@type\":\"PropertyValueSpecification\",\"valueRequired\":true,\"valueName\":\"search_term_string\"}}],\"inLanguage\":\"pt-PT\"}]}<\/script>\n<!-- \/ Yoast SEO plugin. -->","yoast_head_json":{"title":"HOT - PERFUME DE FEROM\u00d4NIOS MIAMI SPICY MAN 30 ML - Lovme","robots":{"index":"index","follow":"follow","max-snippet":"max-snippet:-1","max-image-preview":"max-image-preview:large","max-video-preview":"max-video-preview:-1"},"canonical":"https:\/\/lovme.pt\/index.php\/produto\/hot-perfume-de-feromonios-miami-spicy-man-30-ml\/","og_locale":"pt_PT","og_type":"article","og_title":"HOT - PERFUME DE FEROM\u00d4NIOS MIAMI SPICY MAN 30 ML - Lovme","og_description":"HOT - PERFUME DE FEROM\u00d4NIOS MIAMI SPICY MAN 30 ML","og_url":"https:\/\/lovme.pt\/index.php\/produto\/hot-perfume-de-feromonios-miami-spicy-man-30-ml\/","og_site_name":"Lovme","article_modified_time":"2026-02-20T04:01:49+00:00","og_image":[{"width":900,"height":900,"url":"https:\/\/erki24nd3ub.exactdn.com\/wp-content\/uploads\/dream\/img\/img_220866_979894e53be9e0c2fea3a4cf681733aa_1.jpg?strip=all","type":"image\/jpeg"}],"twitter_card":"summary_large_image","twitter_misc":{"Tempo estimado de leitura":"1 minuto"},"schema":{"@context":"https:\/\/schema.org","@graph":[{"@type":"WebPage","@id":"https:\/\/lovme.pt\/index.php\/produto\/hot-perfume-de-feromonios-miami-spicy-man-30-ml\/","url":"https:\/\/lovme.pt\/index.php\/produto\/hot-perfume-de-feromonios-miami-spicy-man-30-ml\/","name":"HOT - PERFUME DE FEROM\u00d4NIOS MIAMI SPICY MAN 30 ML - Lovme","isPartOf":{"@id":"https:\/\/lovme.pt\/#website"},"primaryImageOfPage":{"@id":"https:\/\/lovme.pt\/index.php\/produto\/hot-perfume-de-feromonios-miami-spicy-man-30-ml\/#primaryimage"},"image":{"@id":"https:\/\/lovme.pt\/index.php\/produto\/hot-perfume-de-feromonios-miami-spicy-man-30-ml\/#primaryimage"},"thumbnailUrl":"https:\/\/erki24nd3ub.exactdn.com\/wp-content\/uploads\/dream\/img\/img_220866_979894e53be9e0c2fea3a4cf681733aa_1.jpg?strip=all","datePublished":"2026-02-19T20:20:00+00:00","dateModified":"2026-02-20T04:01:49+00:00","breadcrumb":{"@id":"https:\/\/lovme.pt\/index.php\/produto\/hot-perfume-de-feromonios-miami-spicy-man-30-ml\/#breadcrumb"},"inLanguage":"pt-PT","potentialAction":[{"@type":"ReadAction","target":["https:\/\/lovme.pt\/index.php\/produto\/hot-perfume-de-feromonios-miami-spicy-man-30-ml\/"]}]},{"@type":"ImageObject","inLanguage":"pt-PT","@id":"https:\/\/lovme.pt\/index.php\/produto\/hot-perfume-de-feromonios-miami-spicy-man-30-ml\/#primaryimage","url":"https:\/\/erki24nd3ub.exactdn.com\/wp-content\/uploads\/dream\/img\/img_220866_979894e53be9e0c2fea3a4cf681733aa_1.jpg?strip=all","contentUrl":"https:\/\/erki24nd3ub.exactdn.com\/wp-content\/uploads\/dream\/img\/img_220866_979894e53be9e0c2fea3a4cf681733aa_1.jpg?strip=all","width":900,"height":900},{"@type":"BreadcrumbList","@id":"https:\/\/lovme.pt\/index.php\/produto\/hot-perfume-de-feromonios-miami-spicy-man-30-ml\/#breadcrumb","itemListElement":[{"@type":"ListItem","position":1,"name":"In\u00edcio","item":"https:\/\/lovme.pt\/"},{"@type":"ListItem","position":2,"name":"Loja","item":"https:\/\/lovme.pt\/index.php\/loja\/"},{"@type":"ListItem","position":3,"name":"HOT &#8211; PERFUME DE FEROM\u00d4NIOS MIAMI SPICY MAN 30 ML"}]},{"@type":"WebSite","@id":"https:\/\/lovme.pt\/#website","url":"https:\/\/lovme.pt\/","name":"Lovme Loja Er\u00f3tica N\u00ba1 em Portugal","description":"A melhor loja er\u00f3tica de Portugal.","alternateName":"Loja Er\u00f3tica Lovme","potentialAction":[{"@type":"SearchAction","target":{"@type":"EntryPoint","urlTemplate":"https:\/\/lovme.pt\/?s={search_term_string}"},"query-input":{"@type":"PropertyValueSpecification","valueRequired":true,"valueName":"search_term_string"}}],"inLanguage":"pt-PT"}]}},"_links":{"self":[{"href":"https:\/\/lovme.pt\/index.php\/wp-json\/wp\/v2\/product\/107417","targetHints":{"allow":["GET"]}}],"collection":[{"href":"https:\/\/lovme.pt\/index.php\/wp-json\/wp\/v2\/product"}],"about":[{"href":"https:\/\/lovme.pt\/index.php\/wp-json\/wp\/v2\/types\/product"}],"wp:featuredmedia":[{"embeddable":true,"href":"https:\/\/lovme.pt\/index.php\/wp-json\/wp\/v2\/media\/107418"}],"wp:attachment":[{"href":"https:\/\/lovme.pt\/index.php\/wp-json\/wp\/v2\/media?parent=107417"}],"wp:term":[{"taxonomy":"product_brand","embeddable":true,"href":"https:\/\/lovme.pt\/index.php\/wp-json\/wp\/v2\/product_brand?post=107417"},{"taxonomy":"product_cat","embeddable":true,"href":"https:\/\/lovme.pt\/index.php\/wp-json\/wp\/v2\/product_cat?post=107417"},{"taxonomy":"product_tag","embeddable":true,"href":"https:\/\/lovme.pt\/index.php\/wp-json\/wp\/v2\/product_tag?post=107417"}],"curies":[{"name":"wp","href":"https:\/\/api.w.org\/{rel}","templated":true}]}}