{"id":107411,"date":"2026-02-19T20:19:52","date_gmt":"2026-02-19T20:19:52","guid":{"rendered":"https:\/\/lovme.pt\/?post_type=product&p=107411"},"modified":"2026-02-20T04:01:49","modified_gmt":"2026-02-20T04:01:49","slug":"hot-perfume-de-feromonios-londres-homem-misterioso-30-ml","status":"publish","type":"product","link":"https:\/\/lovme.pt\/index.php\/produto\/hot-perfume-de-feromonios-londres-homem-misterioso-30-ml\/","title":{"rendered":"HOT &#8211; PERFUME DE FEROM\u00d4NIOS LONDRES HOMEM MISTERIOSO 30 ML"},"content":{"rendered":"<div class=\"product-description\">\n<p>Bem-vindo a um mundo fascinante, criado para o cavalheiro misterioso. Este perfume sensual e sedutor, \u00e0 base de ferom\u00f4nios, n\u00e3o \u00e9 apenas uma fragr\u00e2ncia, mas uma viagem por vielas metropolitanas envoltas em n\u00e9voa e mist\u00e9rio, capturando a ess\u00eancia da verdadeira sofistica\u00e7\u00e3o.<\/p>\n<p>A fragr\u00e2ncia \u00e9 uma composi\u00e7\u00e3o magistral: notas de topo frescas de bergamota, lim\u00e3o e laranja, combinadas com a delicadeza da fr\u00e9sia, despertam os sentidos. O cora\u00e7\u00e3o especiado, com coentro, noz-moscada, violeta e jacinto, cria uma experi\u00eancia olfativa complexa e multifacetada. Por fim, as notas de fundo de patchouli, musgo de carvalho, \u00e2mbar, alm\u00edscar e cedro conferem uma profundidade terrosa e um toque masculino inconfund\u00edvel.<\/p>\n<p>Enriquecido com ferom\u00f4nios, atrativos naturais que intensificam a comunica\u00e7\u00e3o bioqu\u00edmica, este perfume fortalece a atra\u00e7\u00e3o sutil, por\u00e9m poderosa, entre as pessoas. Ele personifica uma presen\u00e7a misteriosa e o charme incompar\u00e1vel de um verdadeiro cavalheiro.<\/p>\n<p><strong><u>CARACTER\u00cdSTICAS<\/u><\/strong><\/p>\n<ul>\n<li><strong>Perfil olfativo complexo:<\/strong> Uma mistura de frescor c\u00edtrico, notas de cora\u00e7\u00e3o picantes e uma base amadeirada masculina.<\/li>\n<li><strong>Enriquecido com ferom\u00f4nios:<\/strong> Formulado para real\u00e7ar o charme pessoal e o carisma natural.<\/li>\n<li><strong>Aura Sofisticada:<\/strong> Criada para evocar mist\u00e9rio e for\u00e7a atrav\u00e9s de notas olfativas cl\u00e1ssicas.<\/li>\n<li><strong>Experi\u00eancia revigorante:<\/strong> Ingredientes de alta qualidade que proporcionam uma profundidade terrosa e acolhedora.<\/li>\n<li><strong>Volume:<\/strong> 30ml \/ 1,0 fl.oz.<\/li>\n<\/ul>\n<p><strong><u>INGREDIENTES<\/u><\/strong><\/p>\n<p>\u00c1lcool Denat, Parfum (Fragr\u00e2ncia), Aqua (\u00c1gua), Linalol, Limoneno, Alfa-Isometil Ionona, Geraniol, Salicilato de Benzila, Citral, Eugenol, Citronelol, Ferom\u00f4nio.<\/p>\n<\/div>\n","protected":false},"excerpt":{"rendered":"<p>HOT &#8211; PERFUME DE FEROM\u00d4NIOS LONDRES HOMEM MISTERIOSO 30 ML<\/p>\n","protected":false},"featured_media":107412,"template":"","meta":{"_acf_changed":false},"product_brand":[],"product_cat":[49,88],"product_tag":[],"class_list":{"0":"post-107411","1":"product","2":"type-product","3":"status-publish","4":"has-post-thumbnail","6":"product_cat-cosmeticos","7":"product_cat-novidades","8":"yith_product_brand-hot","10":"first","11":"instock","12":"taxable","13":"shipping-taxable","14":"purchasable","15":"product-type-simple"},"acf":[],"yoast_head":"<!-- This site is optimized with the Yoast SEO plugin v27.3 - https:\/\/yoast.com\/product\/yoast-seo-wordpress\/ -->\n<title>HOT - PERFUME DE FEROM\u00d4NIOS LONDRES HOMEM MISTERIOSO 30 ML - Lovme<\/title>\n<meta name=\"robots\" content=\"index, follow, max-snippet:-1, max-image-preview:large, max-video-preview:-1\" \/>\n<link rel=\"canonical\" href=\"https:\/\/lovme.pt\/index.php\/produto\/hot-perfume-de-feromonios-londres-homem-misterioso-30-ml\/\" \/>\n<meta property=\"og:locale\" content=\"pt_PT\" \/>\n<meta property=\"og:type\" content=\"article\" \/>\n<meta property=\"og:title\" content=\"HOT - PERFUME DE FEROM\u00d4NIOS LONDRES HOMEM MISTERIOSO 30 ML - Lovme\" \/>\n<meta property=\"og:description\" content=\"HOT - PERFUME DE FEROM\u00d4NIOS LONDRES HOMEM MISTERIOSO 30 ML\" \/>\n<meta property=\"og:url\" content=\"https:\/\/lovme.pt\/index.php\/produto\/hot-perfume-de-feromonios-londres-homem-misterioso-30-ml\/\" \/>\n<meta property=\"og:site_name\" content=\"Lovme\" \/>\n<meta property=\"article:modified_time\" content=\"2026-02-20T04:01:49+00:00\" \/>\n<meta property=\"og:image\" content=\"https:\/\/erki24nd3ub.exactdn.com\/wp-content\/uploads\/dream\/img\/img_220862_779ba732fb6bc80333bf6e329608f6a5_1.jpg?strip=all\" \/>\n\t<meta property=\"og:image:width\" content=\"900\" \/>\n\t<meta property=\"og:image:height\" content=\"900\" \/>\n\t<meta property=\"og:image:type\" content=\"image\/jpeg\" \/>\n<meta name=\"twitter:card\" content=\"summary_large_image\" \/>\n<meta name=\"twitter:label1\" content=\"Tempo estimado de leitura\" \/>\n\t<meta name=\"twitter:data1\" content=\"1 minuto\" \/>\n<script type=\"application\/ld+json\" class=\"yoast-schema-graph\">{\"@context\":\"https:\\\/\\\/schema.org\",\"@graph\":[{\"@type\":\"WebPage\",\"@id\":\"https:\\\/\\\/lovme.pt\\\/index.php\\\/produto\\\/hot-perfume-de-feromonios-londres-homem-misterioso-30-ml\\\/\",\"url\":\"https:\\\/\\\/lovme.pt\\\/index.php\\\/produto\\\/hot-perfume-de-feromonios-londres-homem-misterioso-30-ml\\\/\",\"name\":\"HOT - PERFUME DE FEROM\u00d4NIOS LONDRES HOMEM MISTERIOSO 30 ML - Lovme\",\"isPartOf\":{\"@id\":\"https:\\\/\\\/lovme.pt\\\/#website\"},\"primaryImageOfPage\":{\"@id\":\"https:\\\/\\\/lovme.pt\\\/index.php\\\/produto\\\/hot-perfume-de-feromonios-londres-homem-misterioso-30-ml\\\/#primaryimage\"},\"image\":{\"@id\":\"https:\\\/\\\/lovme.pt\\\/index.php\\\/produto\\\/hot-perfume-de-feromonios-londres-homem-misterioso-30-ml\\\/#primaryimage\"},\"thumbnailUrl\":\"https:\\\/\\\/erki24nd3ub.exactdn.com\\\/wp-content\\\/uploads\\\/dream\\\/img\\\/img_220862_779ba732fb6bc80333bf6e329608f6a5_1.jpg?strip=all\",\"datePublished\":\"2026-02-19T20:19:52+00:00\",\"dateModified\":\"2026-02-20T04:01:49+00:00\",\"breadcrumb\":{\"@id\":\"https:\\\/\\\/lovme.pt\\\/index.php\\\/produto\\\/hot-perfume-de-feromonios-londres-homem-misterioso-30-ml\\\/#breadcrumb\"},\"inLanguage\":\"pt-PT\",\"potentialAction\":[{\"@type\":\"ReadAction\",\"target\":[\"https:\\\/\\\/lovme.pt\\\/index.php\\\/produto\\\/hot-perfume-de-feromonios-londres-homem-misterioso-30-ml\\\/\"]}]},{\"@type\":\"ImageObject\",\"inLanguage\":\"pt-PT\",\"@id\":\"https:\\\/\\\/lovme.pt\\\/index.php\\\/produto\\\/hot-perfume-de-feromonios-londres-homem-misterioso-30-ml\\\/#primaryimage\",\"url\":\"https:\\\/\\\/erki24nd3ub.exactdn.com\\\/wp-content\\\/uploads\\\/dream\\\/img\\\/img_220862_779ba732fb6bc80333bf6e329608f6a5_1.jpg?strip=all\",\"contentUrl\":\"https:\\\/\\\/erki24nd3ub.exactdn.com\\\/wp-content\\\/uploads\\\/dream\\\/img\\\/img_220862_779ba732fb6bc80333bf6e329608f6a5_1.jpg?strip=all\",\"width\":900,\"height\":900},{\"@type\":\"BreadcrumbList\",\"@id\":\"https:\\\/\\\/lovme.pt\\\/index.php\\\/produto\\\/hot-perfume-de-feromonios-londres-homem-misterioso-30-ml\\\/#breadcrumb\",\"itemListElement\":[{\"@type\":\"ListItem\",\"position\":1,\"name\":\"In\u00edcio\",\"item\":\"https:\\\/\\\/lovme.pt\\\/\"},{\"@type\":\"ListItem\",\"position\":2,\"name\":\"Loja\",\"item\":\"https:\\\/\\\/lovme.pt\\\/index.php\\\/loja\\\/\"},{\"@type\":\"ListItem\",\"position\":3,\"name\":\"HOT &#8211; PERFUME DE FEROM\u00d4NIOS LONDRES HOMEM MISTERIOSO 30 ML\"}]},{\"@type\":\"WebSite\",\"@id\":\"https:\\\/\\\/lovme.pt\\\/#website\",\"url\":\"https:\\\/\\\/lovme.pt\\\/\",\"name\":\"Lovme Loja Er\u00f3tica N\u00ba1 em Portugal\",\"description\":\"A melhor loja er\u00f3tica de Portugal.\",\"alternateName\":\"Loja Er\u00f3tica Lovme\",\"potentialAction\":[{\"@type\":\"SearchAction\",\"target\":{\"@type\":\"EntryPoint\",\"urlTemplate\":\"https:\\\/\\\/lovme.pt\\\/?s={search_term_string}\"},\"query-input\":{\"@type\":\"PropertyValueSpecification\",\"valueRequired\":true,\"valueName\":\"search_term_string\"}}],\"inLanguage\":\"pt-PT\"}]}<\/script>\n<!-- \/ Yoast SEO plugin. -->","yoast_head_json":{"title":"HOT - PERFUME DE FEROM\u00d4NIOS LONDRES HOMEM MISTERIOSO 30 ML - Lovme","robots":{"index":"index","follow":"follow","max-snippet":"max-snippet:-1","max-image-preview":"max-image-preview:large","max-video-preview":"max-video-preview:-1"},"canonical":"https:\/\/lovme.pt\/index.php\/produto\/hot-perfume-de-feromonios-londres-homem-misterioso-30-ml\/","og_locale":"pt_PT","og_type":"article","og_title":"HOT - PERFUME DE FEROM\u00d4NIOS LONDRES HOMEM MISTERIOSO 30 ML - Lovme","og_description":"HOT - PERFUME DE FEROM\u00d4NIOS LONDRES HOMEM MISTERIOSO 30 ML","og_url":"https:\/\/lovme.pt\/index.php\/produto\/hot-perfume-de-feromonios-londres-homem-misterioso-30-ml\/","og_site_name":"Lovme","article_modified_time":"2026-02-20T04:01:49+00:00","og_image":[{"width":900,"height":900,"url":"https:\/\/erki24nd3ub.exactdn.com\/wp-content\/uploads\/dream\/img\/img_220862_779ba732fb6bc80333bf6e329608f6a5_1.jpg?strip=all","type":"image\/jpeg"}],"twitter_card":"summary_large_image","twitter_misc":{"Tempo estimado de leitura":"1 minuto"},"schema":{"@context":"https:\/\/schema.org","@graph":[{"@type":"WebPage","@id":"https:\/\/lovme.pt\/index.php\/produto\/hot-perfume-de-feromonios-londres-homem-misterioso-30-ml\/","url":"https:\/\/lovme.pt\/index.php\/produto\/hot-perfume-de-feromonios-londres-homem-misterioso-30-ml\/","name":"HOT - PERFUME DE FEROM\u00d4NIOS LONDRES HOMEM MISTERIOSO 30 ML - Lovme","isPartOf":{"@id":"https:\/\/lovme.pt\/#website"},"primaryImageOfPage":{"@id":"https:\/\/lovme.pt\/index.php\/produto\/hot-perfume-de-feromonios-londres-homem-misterioso-30-ml\/#primaryimage"},"image":{"@id":"https:\/\/lovme.pt\/index.php\/produto\/hot-perfume-de-feromonios-londres-homem-misterioso-30-ml\/#primaryimage"},"thumbnailUrl":"https:\/\/erki24nd3ub.exactdn.com\/wp-content\/uploads\/dream\/img\/img_220862_779ba732fb6bc80333bf6e329608f6a5_1.jpg?strip=all","datePublished":"2026-02-19T20:19:52+00:00","dateModified":"2026-02-20T04:01:49+00:00","breadcrumb":{"@id":"https:\/\/lovme.pt\/index.php\/produto\/hot-perfume-de-feromonios-londres-homem-misterioso-30-ml\/#breadcrumb"},"inLanguage":"pt-PT","potentialAction":[{"@type":"ReadAction","target":["https:\/\/lovme.pt\/index.php\/produto\/hot-perfume-de-feromonios-londres-homem-misterioso-30-ml\/"]}]},{"@type":"ImageObject","inLanguage":"pt-PT","@id":"https:\/\/lovme.pt\/index.php\/produto\/hot-perfume-de-feromonios-londres-homem-misterioso-30-ml\/#primaryimage","url":"https:\/\/erki24nd3ub.exactdn.com\/wp-content\/uploads\/dream\/img\/img_220862_779ba732fb6bc80333bf6e329608f6a5_1.jpg?strip=all","contentUrl":"https:\/\/erki24nd3ub.exactdn.com\/wp-content\/uploads\/dream\/img\/img_220862_779ba732fb6bc80333bf6e329608f6a5_1.jpg?strip=all","width":900,"height":900},{"@type":"BreadcrumbList","@id":"https:\/\/lovme.pt\/index.php\/produto\/hot-perfume-de-feromonios-londres-homem-misterioso-30-ml\/#breadcrumb","itemListElement":[{"@type":"ListItem","position":1,"name":"In\u00edcio","item":"https:\/\/lovme.pt\/"},{"@type":"ListItem","position":2,"name":"Loja","item":"https:\/\/lovme.pt\/index.php\/loja\/"},{"@type":"ListItem","position":3,"name":"HOT &#8211; PERFUME DE FEROM\u00d4NIOS LONDRES HOMEM MISTERIOSO 30 ML"}]},{"@type":"WebSite","@id":"https:\/\/lovme.pt\/#website","url":"https:\/\/lovme.pt\/","name":"Lovme Loja Er\u00f3tica N\u00ba1 em Portugal","description":"A melhor loja er\u00f3tica de Portugal.","alternateName":"Loja Er\u00f3tica Lovme","potentialAction":[{"@type":"SearchAction","target":{"@type":"EntryPoint","urlTemplate":"https:\/\/lovme.pt\/?s={search_term_string}"},"query-input":{"@type":"PropertyValueSpecification","valueRequired":true,"valueName":"search_term_string"}}],"inLanguage":"pt-PT"}]}},"_links":{"self":[{"href":"https:\/\/lovme.pt\/index.php\/wp-json\/wp\/v2\/product\/107411","targetHints":{"allow":["GET"]}}],"collection":[{"href":"https:\/\/lovme.pt\/index.php\/wp-json\/wp\/v2\/product"}],"about":[{"href":"https:\/\/lovme.pt\/index.php\/wp-json\/wp\/v2\/types\/product"}],"wp:featuredmedia":[{"embeddable":true,"href":"https:\/\/lovme.pt\/index.php\/wp-json\/wp\/v2\/media\/107412"}],"wp:attachment":[{"href":"https:\/\/lovme.pt\/index.php\/wp-json\/wp\/v2\/media?parent=107411"}],"wp:term":[{"taxonomy":"product_brand","embeddable":true,"href":"https:\/\/lovme.pt\/index.php\/wp-json\/wp\/v2\/product_brand?post=107411"},{"taxonomy":"product_cat","embeddable":true,"href":"https:\/\/lovme.pt\/index.php\/wp-json\/wp\/v2\/product_cat?post=107411"},{"taxonomy":"product_tag","embeddable":true,"href":"https:\/\/lovme.pt\/index.php\/wp-json\/wp\/v2\/product_tag?post=107411"}],"curies":[{"name":"wp","href":"https:\/\/api.w.org\/{rel}","templated":true}]}}